{"id":34415,"date":"2025-06-25T15:19:50","date_gmt":"2025-06-25T15:19:50","guid":{"rendered":"https:\/\/sellaindustrie.com\/?post_type=product&#038;p=34415"},"modified":"2026-03-30T08:59:50","modified_gmt":"2026-03-30T08:59:50","slug":"parfum-voiture-le-flacon-parfume-homme-italian-boy-luxe-fragrance-fine-carree-%d8%b9%d8%b7%d8%b1-%d8%a7%d9%84%d8%b3%d9%8a%d8%a7%d8%b1%d8%a7%d8%aa-%d8%a7%d9%84%d8%b1%d8%ac%d8%a7%d9%84%d9%8a-%d8%a7","status":"publish","type":"product","link":"https:\/\/sella-industrie.com\/ar\/product\/parfum-voiture-le-flacon-parfume-homme-italian-boy-luxe-fragrance-fine-carree-%d8%b9%d8%b7%d8%b1-%d8%a7%d9%84%d8%b3%d9%8a%d8%a7%d8%b1%d8%a7%d8%aa-%d8%a7%d9%84%d8%b1%d8%ac%d8%a7%d9%84%d9%8a-%d8%a7\/","title":{"rendered":"Parfum voiture ITALIAN BOY"},"content":{"rendered":"<h2 style=\"text-align: center;\">Parfum voiture ITALIAN BOY \u0639\u0637\u0631 \u0627\u0644\u0633\u064a\u0627\u0631\u0627\u062a \u0625\u064a\u062a\u0644\u064a\u0646 \u0628\u0648\u064a<\/h2>\n<p data-start=\"506\" data-end=\"679\"><strong>Parfum voiture ITALIAN BOY,<\/strong> le flacon parfum\u00e9 homme, luxe fragrance fine carr\u00e9e inspir\u00e9 de K Dolce &amp; Gabbana. senteur \u00e9l\u00e9gante et intense pour un habitacle raffin\u00e9 et durablement parfum\u00e9. Son format carr\u00e9 luxe apporte une touche premium \u00e0 l\u2019habitacle tout en garantissant une diffusion longue dur\u00e9e. Cette <a href=\"https:\/\/sella-industrie.com\/ar\/product\/italian-boy-parfum-automobile-luxe-fragrance-ronde\/\">Luxe Fragrance<\/a> s\u2019inspire de la signature olfactive italienne : notes fra\u00eeches aromatiques, accord bois\u00e9, sensualit\u00e9 \u00e9l\u00e9gante, Sillage <a href=\"https:\/\/www.tiktok.com\/@v6.accessoires.au\" target=\"_blank\" rel=\"noopener\">moderne<\/a> et s\u00e9duisant. Ce parfum cr\u00e9e une atmosph\u00e8re sophistiqu\u00e9e et affirm\u00e9e.<\/p>\n<p style=\"text-align: right;\" data-start=\"506\" data-end=\"679\"><strong style=\"text-align: right;\">\u0639\u0637\u0631 \u0627\u0644\u0633\u064a\u0627\u0631\u0627\u062a \u0627\u0644\u0631\u062c\u0627\u0644\u064a \u0627\u0644\u0645\u0631\u0628\u0639 \u0627\u0644\u0631\u0642\u064a\u0642 \u0625\u064a\u0637\u0644\u064a\u0646 \u0628\u0648\u064a<\/strong><span style=\"text-align: right;\">\u060c \u0627\u0644\u0645\u0633\u062a\u0648\u062d\u0649 \u0645\u0646 \u0645\u0627\u0631\u0643\u0629 \u0627\u0644\u0639\u0637\u0631 \u0627\u0644\u0639\u0627\u0644\u0645\u064a \u0627\u0644\u0641\u0627\u062e\u0631 \u062f\u0648\u0644\u062a\u0634\u064a \u0622\u0646\u062f \u063a\u0627\u0628\u0627\u0646\u0627\u060c \u0639\u0637\u0631 \u0623\u0646\u064a\u0642 \u0648\u0642\u0648\u064a \u064a\u0645\u0646\u062d \u0645\u0642\u0635\u0648\u0631\u0629 \u0627\u0644\u0633\u064a\u0627\u0631\u0629 \u0631\u0627\u0626\u062d\u0629 \u0631\u0627\u0642\u064a\u0629 \u062a\u062f\u0648\u0645 \u0637\u0648\u064a\u0644\u0627\u064b<\/span><\/p>\n<p><iframe loading=\"lazy\" title=\"Le Flacon Parfume OKK\" width=\"500\" height=\"281\" src=\"https:\/\/www.youtube.com\/embed\/66l9O54TCyM?feature=oembed\" frameborder=\"0\" allow=\"accelerometer; autoplay; clipboard-write; encrypted-media; gyroscope; picture-in-picture; web-share\" referrerpolicy=\"strict-origin-when-cross-origin\" allowfullscreen><\/iframe><\/p>","protected":false},"excerpt":{"rendered":"<h1 style=\"text-align: center;\">\u0639\u0637\u0631 \u0627\u0644\u0633\u064a\u0627\u0631\u0627\u062a \u0625\u064a\u062a\u0644\u064a\u0646 \u0628\u0648\u064a<\/h1>\n<p><strong>Parfum voiture ITALIAN BOY,<\/strong> le flacon parfum\u00e9 homme, luxe fragrance fine carr\u00e9e inspir\u00e9 de K Dolce &amp; Gabbana. senteur \u00e9l\u00e9gante et intense pour un habitacle raffin\u00e9 et durablement parfum\u00e9.<\/p>","protected":false},"featured_media":37808,"comment_status":"open","ping_status":"closed","template":"","meta":[],"product_brand":[293,292],"product_cat":[923],"product_tag":[],"class_list":{"0":"post-34415","1":"product","2":"type-product","3":"status-publish","4":"has-post-thumbnail","6":"product_brand-sella","7":"product_brand-v6","8":"product_cat-fragrance-fine-carre","10":"first","11":"instock","12":"taxable","13":"shipping-taxable","14":"purchasable","15":"product-type-simple"},"yoast_head":"<!-- This site is optimized with the Yoast SEO plugin v27.4 - https:\/\/yoast.com\/product\/yoast-seo-wordpress\/ -->\n<title>Parfum voiture ITALIAN BOY - Boutique &quot;V6&quot;<\/title>\n<meta name=\"description\" content=\"Parfum voiture ITALIAN BOY, Fragrance Fine inspir\u00e9 de K Dolce &amp; GABBANA. Note masculine raffin\u00e9e, \u00e9l\u00e9gante et fra\u00eeche longue dur\u00e9e pour habitacle voiture.\" \/>\n<meta name=\"robots\" content=\"index, follow, max-snippet:-1, max-image-preview:large, max-video-preview:-1\" \/>\n<link rel=\"canonical\" href=\"https:\/\/sella-industrie.com\/ar\/product\/parfum-voiture-italian-boy-fragrance-fine-\u0639\u0637\u0631-\u0625\u064a\u062a\u0627\u0644\u064a\u0627\u0646-\u0628\u0648\u064a\/\" \/>\n<meta property=\"og:locale\" content=\"ar_AR\" \/>\n<meta property=\"og:type\" content=\"article\" \/>\n<meta property=\"og:title\" content=\"Parfum voiture ITALIAN BOY - Boutique &quot;V6&quot;\" \/>\n<meta property=\"og:description\" content=\"Parfum voiture ITALIAN BOY, Fragrance Fine inspir\u00e9 de K Dolce &amp; GABBANA. Note masculine raffin\u00e9e, \u00e9l\u00e9gante et fra\u00eeche longue dur\u00e9e pour habitacle voiture.\" \/>\n<meta property=\"og:url\" content=\"https:\/\/sella-industrie.com\/ar\/product\/parfum-voiture-italian-boy-fragrance-fine-\u0639\u0637\u0631-\u0625\u064a\u062a\u0627\u0644\u064a\u0627\u0646-\u0628\u0648\u064a\/\" \/>\n<meta property=\"og:site_name\" content=\"Boutique &quot;V6&quot;\" \/>\n<meta property=\"article:modified_time\" content=\"2026-03-30T08:59:50+00:00\" \/>\n<meta property=\"og:image\" content=\"https:\/\/sella-industrie.com\/wp-content\/uploads\/2026\/01\/ITALIAN-BOY-.webp\" \/>\n\t<meta property=\"og:image:width\" content=\"1000\" \/>\n\t<meta property=\"og:image:height\" content=\"1000\" \/>\n\t<meta property=\"og:image:type\" content=\"image\/webp\" \/>\n<meta name=\"twitter:card\" content=\"summary_large_image\" \/>\n<meta name=\"twitter:label1\" content=\"\u0627\u0644\u0633\u0639\u0631\" \/>\n\t<meta name=\"twitter:data1\" content=\"&#x62f;.&#x62c;&nbsp;300\" \/>\n\t<meta name=\"twitter:label2\" content=\"\u0627\u0644\u062a\u0648\u0641\u0631\" \/>\n\t<meta name=\"twitter:data2\" content=\"\u0645\u062a\u0648\u0641\u0631 \u0641\u064a \u0627\u0644\u0645\u062e\u0632\u0648\u0646\" \/>\n<script type=\"application\/ld+json\" class=\"yoast-schema-graph\">{\"@context\":\"https:\\\/\\\/schema.org\",\"@graph\":[{\"@type\":\"WebPage\",\"@id\":\"https:\\\/\\\/sella-industrie.com\\\/produit\\\/parfum-voiture-italian-boy-fragrance-fine-%d8%b9%d8%b7%d8%b1-%d8%a5%d9%8a%d8%aa%d8%a7%d9%84%d9%8a%d8%a7%d9%86-%d8%a8%d9%88%d9%8a\\\/\",\"url\":\"https:\\\/\\\/sella-industrie.com\\\/produit\\\/parfum-voiture-italian-boy-fragrance-fine-%d8%b9%d8%b7%d8%b1-%d8%a5%d9%8a%d8%aa%d8%a7%d9%84%d9%8a%d8%a7%d9%86-%d8%a8%d9%88%d9%8a\\\/\",\"name\":\"Parfum voiture ITALIAN BOY - Boutique &quot;V6&quot;\",\"isPartOf\":{\"@id\":\"https:\\\/\\\/sella-industrie.com\\\/#website\"},\"primaryImageOfPage\":{\"@id\":\"https:\\\/\\\/sella-industrie.com\\\/produit\\\/parfum-voiture-italian-boy-fragrance-fine-%d8%b9%d8%b7%d8%b1-%d8%a5%d9%8a%d8%aa%d8%a7%d9%84%d9%8a%d8%a7%d9%86-%d8%a8%d9%88%d9%8a\\\/#primaryimage\"},\"image\":{\"@id\":\"https:\\\/\\\/sella-industrie.com\\\/produit\\\/parfum-voiture-italian-boy-fragrance-fine-%d8%b9%d8%b7%d8%b1-%d8%a5%d9%8a%d8%aa%d8%a7%d9%84%d9%8a%d8%a7%d9%86-%d8%a8%d9%88%d9%8a\\\/#primaryimage\"},\"thumbnailUrl\":\"https:\\\/\\\/sella-industrie.com\\\/wp-content\\\/uploads\\\/2026\\\/01\\\/ITALIAN-BOY-.webp\",\"datePublished\":\"2025-06-25T15:19:50+00:00\",\"dateModified\":\"2026-03-30T08:59:50+00:00\",\"description\":\"Parfum voiture ITALIAN BOY, Fragrance Fine inspir\u00e9 de K Dolce & GABBANA. Note masculine raffin\u00e9e, \u00e9l\u00e9gante et fra\u00eeche longue dur\u00e9e pour habitacle voiture.\",\"breadcrumb\":{\"@id\":\"https:\\\/\\\/sella-industrie.com\\\/produit\\\/parfum-voiture-italian-boy-fragrance-fine-%d8%b9%d8%b7%d8%b1-%d8%a5%d9%8a%d8%aa%d8%a7%d9%84%d9%8a%d8%a7%d9%86-%d8%a8%d9%88%d9%8a\\\/#breadcrumb\"},\"inLanguage\":\"ar\",\"potentialAction\":[{\"@type\":\"ReadAction\",\"target\":[\"https:\\\/\\\/sella-industrie.com\\\/produit\\\/parfum-voiture-italian-boy-fragrance-fine-%d8%b9%d8%b7%d8%b1-%d8%a5%d9%8a%d8%aa%d8%a7%d9%84%d9%8a%d8%a7%d9%86-%d8%a8%d9%88%d9%8a\\\/\"]}]},{\"@type\":\"ImageObject\",\"inLanguage\":\"ar\",\"@id\":\"https:\\\/\\\/sella-industrie.com\\\/produit\\\/parfum-voiture-italian-boy-fragrance-fine-%d8%b9%d8%b7%d8%b1-%d8%a5%d9%8a%d8%aa%d8%a7%d9%84%d9%8a%d8%a7%d9%86-%d8%a8%d9%88%d9%8a\\\/#primaryimage\",\"url\":\"https:\\\/\\\/sella-industrie.com\\\/wp-content\\\/uploads\\\/2026\\\/01\\\/ITALIAN-BOY-.webp\",\"contentUrl\":\"https:\\\/\\\/sella-industrie.com\\\/wp-content\\\/uploads\\\/2026\\\/01\\\/ITALIAN-BOY-.webp\",\"width\":1000,\"height\":1000,\"caption\":\"Parfum voiture ITALIAN BOY\"},{\"@type\":\"BreadcrumbList\",\"@id\":\"https:\\\/\\\/sella-industrie.com\\\/produit\\\/parfum-voiture-italian-boy-fragrance-fine-%d8%b9%d8%b7%d8%b1-%d8%a5%d9%8a%d8%aa%d8%a7%d9%84%d9%8a%d8%a7%d9%86-%d8%a8%d9%88%d9%8a\\\/#breadcrumb\",\"itemListElement\":[{\"@type\":\"ListItem\",\"position\":1,\"name\":\"Accueil\",\"item\":\"https:\\\/\\\/sella-industrie.com\\\/fr_fr\\\/\"},{\"@type\":\"ListItem\",\"position\":2,\"name\":\"Shop\",\"item\":\"https:\\\/\\\/sella-industrie.com\\\/fr_fr\\\/shop\\\/\"},{\"@type\":\"ListItem\",\"position\":3,\"name\":\"FRAGRANCE FINE carr\u00e9\",\"item\":\"https:\\\/\\\/sella-industrie.com\\\/categorie-produit\\\/fragrance-fine-carre\\\/\"},{\"@type\":\"ListItem\",\"position\":4,\"name\":\"Parfum voiture ITALIAN BOY\"}]},{\"@type\":\"WebSite\",\"@id\":\"https:\\\/\\\/sella-industrie.com\\\/#website\",\"url\":\"https:\\\/\\\/sella-industrie.com\\\/\",\"name\":\"Boutique &quot;V6&quot;\",\"description\":\"We care for your car\",\"publisher\":{\"@id\":\"https:\\\/\\\/sella-industrie.com\\\/#organization\"},\"potentialAction\":[{\"@type\":\"SearchAction\",\"target\":{\"@type\":\"EntryPoint\",\"urlTemplate\":\"https:\\\/\\\/sella-industrie.com\\\/?s={search_term_string}\"},\"query-input\":{\"@type\":\"PropertyValueSpecification\",\"valueRequired\":true,\"valueName\":\"search_term_string\"}}],\"inLanguage\":\"ar\"},{\"@type\":\"Organization\",\"@id\":\"https:\\\/\\\/sella-industrie.com\\\/#organization\",\"name\":\"Boutique &quot;V6&quot;\",\"url\":\"https:\\\/\\\/sella-industrie.com\\\/\",\"logo\":{\"@type\":\"ImageObject\",\"inLanguage\":\"ar\",\"@id\":\"https:\\\/\\\/sella-industrie.com\\\/#\\\/schema\\\/logo\\\/image\\\/\",\"url\":\"\",\"contentUrl\":\"\",\"caption\":\"Boutique &quot;V6&quot;\"},\"image\":{\"@id\":\"https:\\\/\\\/sella-industrie.com\\\/#\\\/schema\\\/logo\\\/image\\\/\"}}]}<\/script>\n<meta property=\"product:price:amount\" content=\"300\" \/>\n<meta property=\"product:price:currency\" content=\"DZD\" \/>\n<meta property=\"og:availability\" content=\"instock\" \/>\n<meta property=\"product:availability\" content=\"instock\" \/>\n<meta property=\"product:condition\" content=\"new\" \/>\n<!-- \/ Yoast SEO plugin. -->","yoast_head_json":{"title":"Parfum voiture ITALIAN BOY - Boutique &quot;V6&quot;","description":"Parfum voiture ITALIAN BOY, Fragrance Fine inspir\u00e9 de K Dolce & GABBANA. Note masculine raffin\u00e9e, \u00e9l\u00e9gante et fra\u00eeche longue dur\u00e9e pour habitacle voiture.","robots":{"index":"index","follow":"follow","max-snippet":"max-snippet:-1","max-image-preview":"max-image-preview:large","max-video-preview":"max-video-preview:-1"},"canonical":"https:\/\/sella-industrie.com\/ar\/product\/parfum-voiture-italian-boy-fragrance-fine-\u0639\u0637\u0631-\u0625\u064a\u062a\u0627\u0644\u064a\u0627\u0646-\u0628\u0648\u064a\/","og_locale":"ar_AR","og_type":"article","og_title":"Parfum voiture ITALIAN BOY - Boutique &quot;V6&quot;","og_description":"Parfum voiture ITALIAN BOY, Fragrance Fine inspir\u00e9 de K Dolce & GABBANA. Note masculine raffin\u00e9e, \u00e9l\u00e9gante et fra\u00eeche longue dur\u00e9e pour habitacle voiture.","og_url":"https:\/\/sella-industrie.com\/ar\/product\/parfum-voiture-italian-boy-fragrance-fine-\u0639\u0637\u0631-\u0625\u064a\u062a\u0627\u0644\u064a\u0627\u0646-\u0628\u0648\u064a\/","og_site_name":"Boutique &quot;V6&quot;","article_modified_time":"2026-03-30T08:59:50+00:00","og_image":[{"width":1000,"height":1000,"url":"https:\/\/sella-industrie.com\/wp-content\/uploads\/2026\/01\/ITALIAN-BOY-.webp","type":"image\/webp"}],"twitter_card":"summary_large_image","twitter_misc":{"\u0627\u0644\u0633\u0639\u0631":"&#x62f;.&#x62c;&nbsp;300","\u0627\u0644\u062a\u0648\u0641\u0631":"\u0645\u062a\u0648\u0641\u0631 \u0641\u064a \u0627\u0644\u0645\u062e\u0632\u0648\u0646"},"schema":{"@context":"https:\/\/schema.org","@graph":[{"@type":"WebPage","@id":"https:\/\/sella-industrie.com\/produit\/parfum-voiture-italian-boy-fragrance-fine-%d8%b9%d8%b7%d8%b1-%d8%a5%d9%8a%d8%aa%d8%a7%d9%84%d9%8a%d8%a7%d9%86-%d8%a8%d9%88%d9%8a\/","url":"https:\/\/sella-industrie.com\/produit\/parfum-voiture-italian-boy-fragrance-fine-%d8%b9%d8%b7%d8%b1-%d8%a5%d9%8a%d8%aa%d8%a7%d9%84%d9%8a%d8%a7%d9%86-%d8%a8%d9%88%d9%8a\/","name":"Parfum voiture ITALIAN BOY - Boutique &quot;V6&quot;","isPartOf":{"@id":"https:\/\/sella-industrie.com\/#website"},"primaryImageOfPage":{"@id":"https:\/\/sella-industrie.com\/produit\/parfum-voiture-italian-boy-fragrance-fine-%d8%b9%d8%b7%d8%b1-%d8%a5%d9%8a%d8%aa%d8%a7%d9%84%d9%8a%d8%a7%d9%86-%d8%a8%d9%88%d9%8a\/#primaryimage"},"image":{"@id":"https:\/\/sella-industrie.com\/produit\/parfum-voiture-italian-boy-fragrance-fine-%d8%b9%d8%b7%d8%b1-%d8%a5%d9%8a%d8%aa%d8%a7%d9%84%d9%8a%d8%a7%d9%86-%d8%a8%d9%88%d9%8a\/#primaryimage"},"thumbnailUrl":"https:\/\/sella-industrie.com\/wp-content\/uploads\/2026\/01\/ITALIAN-BOY-.webp","datePublished":"2025-06-25T15:19:50+00:00","dateModified":"2026-03-30T08:59:50+00:00","description":"Parfum voiture ITALIAN BOY, Fragrance Fine inspir\u00e9 de K Dolce & GABBANA. Note masculine raffin\u00e9e, \u00e9l\u00e9gante et fra\u00eeche longue dur\u00e9e pour habitacle voiture.","breadcrumb":{"@id":"https:\/\/sella-industrie.com\/produit\/parfum-voiture-italian-boy-fragrance-fine-%d8%b9%d8%b7%d8%b1-%d8%a5%d9%8a%d8%aa%d8%a7%d9%84%d9%8a%d8%a7%d9%86-%d8%a8%d9%88%d9%8a\/#breadcrumb"},"inLanguage":"ar","potentialAction":[{"@type":"ReadAction","target":["https:\/\/sella-industrie.com\/produit\/parfum-voiture-italian-boy-fragrance-fine-%d8%b9%d8%b7%d8%b1-%d8%a5%d9%8a%d8%aa%d8%a7%d9%84%d9%8a%d8%a7%d9%86-%d8%a8%d9%88%d9%8a\/"]}]},{"@type":"ImageObject","inLanguage":"ar","@id":"https:\/\/sella-industrie.com\/produit\/parfum-voiture-italian-boy-fragrance-fine-%d8%b9%d8%b7%d8%b1-%d8%a5%d9%8a%d8%aa%d8%a7%d9%84%d9%8a%d8%a7%d9%86-%d8%a8%d9%88%d9%8a\/#primaryimage","url":"https:\/\/sella-industrie.com\/wp-content\/uploads\/2026\/01\/ITALIAN-BOY-.webp","contentUrl":"https:\/\/sella-industrie.com\/wp-content\/uploads\/2026\/01\/ITALIAN-BOY-.webp","width":1000,"height":1000,"caption":"Parfum voiture ITALIAN BOY"},{"@type":"BreadcrumbList","@id":"https:\/\/sella-industrie.com\/produit\/parfum-voiture-italian-boy-fragrance-fine-%d8%b9%d8%b7%d8%b1-%d8%a5%d9%8a%d8%aa%d8%a7%d9%84%d9%8a%d8%a7%d9%86-%d8%a8%d9%88%d9%8a\/#breadcrumb","itemListElement":[{"@type":"ListItem","position":1,"name":"Accueil","item":"https:\/\/sella-industrie.com\/fr_fr\/"},{"@type":"ListItem","position":2,"name":"Shop","item":"https:\/\/sella-industrie.com\/fr_fr\/shop\/"},{"@type":"ListItem","position":3,"name":"FRAGRANCE FINE carr\u00e9","item":"https:\/\/sella-industrie.com\/categorie-produit\/fragrance-fine-carre\/"},{"@type":"ListItem","position":4,"name":"Parfum voiture ITALIAN BOY"}]},{"@type":"WebSite","@id":"https:\/\/sella-industrie.com\/#website","url":"https:\/\/sella-industrie.com\/","name":"Boutique &quot;V6&quot;","description":"We care for your car","publisher":{"@id":"https:\/\/sella-industrie.com\/#organization"},"potentialAction":[{"@type":"SearchAction","target":{"@type":"EntryPoint","urlTemplate":"https:\/\/sella-industrie.com\/?s={search_term_string}"},"query-input":{"@type":"PropertyValueSpecification","valueRequired":true,"valueName":"search_term_string"}}],"inLanguage":"ar"},{"@type":"Organization","@id":"https:\/\/sella-industrie.com\/#organization","name":"Boutique &quot;V6&quot;","url":"https:\/\/sella-industrie.com\/","logo":{"@type":"ImageObject","inLanguage":"ar","@id":"https:\/\/sella-industrie.com\/#\/schema\/logo\/image\/","url":"","contentUrl":"","caption":"Boutique &quot;V6&quot;"},"image":{"@id":"https:\/\/sella-industrie.com\/#\/schema\/logo\/image\/"}}]},"product_price_amount":"300","product_price_currency":"DZD","og_availability":"instock","product_availability":"instock","product_condition":"new"},"_links":{"self":[{"href":"https:\/\/sella-industrie.com\/ar\/wp-json\/wp\/v2\/product\/34415","targetHints":{"allow":["GET"]}}],"collection":[{"href":"https:\/\/sella-industrie.com\/ar\/wp-json\/wp\/v2\/product"}],"about":[{"href":"https:\/\/sella-industrie.com\/ar\/wp-json\/wp\/v2\/types\/product"}],"replies":[{"embeddable":true,"href":"https:\/\/sella-industrie.com\/ar\/wp-json\/wp\/v2\/comments?post=34415"}],"wp:featuredmedia":[{"embeddable":true,"href":"https:\/\/sella-industrie.com\/ar\/wp-json\/wp\/v2\/media\/37808"}],"wp:attachment":[{"href":"https:\/\/sella-industrie.com\/ar\/wp-json\/wp\/v2\/media?parent=34415"}],"wp:term":[{"taxonomy":"product_brand","embeddable":true,"href":"https:\/\/sella-industrie.com\/ar\/wp-json\/wp\/v2\/product_brand?post=34415"},{"taxonomy":"product_cat","embeddable":true,"href":"https:\/\/sella-industrie.com\/ar\/wp-json\/wp\/v2\/product_cat?post=34415"},{"taxonomy":"product_tag","embeddable":true,"href":"https:\/\/sella-industrie.com\/ar\/wp-json\/wp\/v2\/product_tag?post=34415"}],"curies":[{"name":"wp","href":"https:\/\/api.w.org\/{rel}","templated":true}]}}