{"id":34406,"date":"2025-06-25T15:06:35","date_gmt":"2025-06-25T15:06:35","guid":{"rendered":"https:\/\/sellaindustrie.com\/?post_type=product&#038;p=34406"},"modified":"2026-03-30T09:05:08","modified_gmt":"2026-03-30T09:05:08","slug":"parfum-voiture-le-flacon-parfume-homme-aquamen-luxe-fragrance-carree-fine-%d8%b9%d8%b7%d8%b1-%d8%a7%d9%84%d8%b3%d9%8a%d8%a7%d8%b1%d8%a7%d8%aa-%d8%a7%d9%84%d8%b1%d8%ac%d8%a7%d9%84%d9%8a-%d8%a7%d9%84","status":"publish","type":"product","link":"https:\/\/sella-industrie.com\/ar\/product\/parfum-voiture-le-flacon-parfume-homme-aquamen-luxe-fragrance-carree-fine-%d8%b9%d8%b7%d8%b1-%d8%a7%d9%84%d8%b3%d9%8a%d8%a7%d8%b1%d8%a7%d8%aa-%d8%a7%d9%84%d8%b1%d8%ac%d8%a7%d9%84%d9%8a-%d8%a7%d9%84\/","title":{"rendered":"Parfum voiture AQUAMEN"},"content":{"rendered":"<h2 style=\"text-align: center;\">Parfum voiture AQUAMEN \u0639\u0637\u0631 \u0627\u0644\u0633\u064a\u0627\u0631\u0627\u062a \u0623\u0643\u0648\u0627\u0645\u064a\u0646<\/h2>\n<p style=\"text-align: left;\"><strong><span style=\"color: #666699;\">Parfum voiture AQUAMEN<\/span><\/strong>, le flacon parfum\u00e9 homme, luxe fragrance fine carr\u00e9e inspir\u00e9 de AQUA DI GIO ARMANI. Senteur \u00e9l\u00e9gante et vivifiante qui transforme chaque trajet en exp\u00e9rience <a href=\"https:\/\/sella-industrie.com\/ar\/product\/bergamote-fraiche-parfum-automobile-miniature-ronde\/\">sensorielle<\/a> raffin\u00e9e. Id\u00e9al pour ceux qui recherchent une atmosph\u00e8re chic, <a href=\"https:\/\/www.facebook.com\/V6accessoiresauto?mibextid=wwXIfr&amp;rdid=07l1PwXhFBuWBfmW&amp;share_url=https%3A%2F%2Fwww.facebook.com%2Fshare%2F169W2vbviz%2F%3Fmibextid%3DwwXIfr#\" target=\"_blank\" rel=\"noopener\">moderne<\/a> et longue dur\u00e9e \u00e0 l\u2019int\u00e9rieur de leur v\u00e9hicule.<\/p>\n<p style=\"text-align: right;\"><span style=\"color: #666699;\"><strong>\u0639\u0637\u0631 \u0627\u0644\u0633\u064a\u0627\u0631\u0627\u062a \u0627\u0644\u0631\u062c\u0627\u0644\u064a \u0627\u0644\u0645\u0631\u0628\u0639 \u0627\u0644\u0631\u0642\u064a\u0642 \u0623\u0643\u0648\u0627\u0645\u064a\u0646\u060c<\/strong> <\/span>\u0645\u0633\u062a\u0648\u062d\u0649 \u0645\u0646 \u0645\u0627\u0631\u0643\u0629 \u0627\u0644\u0639\u0637\u0631 \u0627\u0644\u0639\u0627\u0644\u0645\u064a \u0627\u0644\u0641\u0627\u062e\u0631 \u0623\u0643\u0648\u0627 \u062f\u064a \u062c\u064a\u0648 \u0623\u0631\u0645\u0627\u0646\u064a\u060c \u0631\u0627\u0626\u062d\u0629 \u0623\u0646\u064a\u0642\u0629 \u0648\u0645\u0646\u0639\u0634\u0629 \u062a\u062d\u0648\u0651\u0644 \u0643\u0644 \u0631\u062d\u0644\u0629 \u0625\u0644\u0649 \u062a\u062c\u0631\u0628\u0629 \u062d\u0633\u064a\u0629 \u0631\u0627\u0642\u064a\u0629. \u0645\u062b\u0627\u0644\u064a \u0644\u0645\u0646 \u064a\u0628\u062d\u062b\u0648\u0646 \u0639\u0646 \u0623\u062c\u0648\u0627\u0621 \u0623\u0646\u064a\u0642\u0629 \u0648\u0639\u0635\u0631\u064a\u0629 \u062a\u062f\u0648\u0645 \u0637\u0648\u064a\u0644\u0627\u064b \u062f\u0627\u062e\u0644 \u0633\u064a\u0627\u0631\u0627\u062a\u0647\u0645<\/p>\n<p><iframe loading=\"lazy\" title=\"Le Flacon Parfume OKK\" width=\"500\" height=\"281\" src=\"https:\/\/www.youtube.com\/embed\/66l9O54TCyM?feature=oembed\" frameborder=\"0\" allow=\"accelerometer; autoplay; clipboard-write; encrypted-media; gyroscope; picture-in-picture; web-share\" referrerpolicy=\"strict-origin-when-cross-origin\" allowfullscreen><\/iframe><\/p>","protected":false},"excerpt":{"rendered":"<h1 style=\"text-align: center;\">\u0639\u0637\u0631 \u0627\u0644\u0633\u064a\u0627\u0631\u0627\u062a \u0623\u0643\u0648\u0627\u0645\u064a\u0646<\/h1>\n<p><strong><span style=\"color: #666699;\">Parfum voiture AQUAMEN<\/span><\/strong>, le flacon parfum\u00e9 homme, luxe fragrance fine carr\u00e9e inspir\u00e9 de AQUA DI GIO ARMANI. Senteur \u00e9l\u00e9gante et vivifiante qui transforme chaque trajet en exp\u00e9rience <a href=\"https:\/\/sella-industrie.com\/ar\/product\/bergamote-fraiche-parfum-automobile-miniature-ronde\/\">sensorielle<\/a> raffin\u00e9e.<\/p>","protected":false},"featured_media":37807,"comment_status":"open","ping_status":"closed","template":"","meta":[],"product_brand":[293,292],"product_cat":[923],"product_tag":[],"class_list":{"0":"post-34406","1":"product","2":"type-product","3":"status-publish","4":"has-post-thumbnail","6":"product_brand-sella","7":"product_brand-v6","8":"product_cat-fragrance-fine-carre","10":"first","11":"instock","12":"taxable","13":"shipping-taxable","14":"purchasable","15":"product-type-simple"},"yoast_head":"<!-- This site is optimized with the Yoast SEO Premium plugin v27.1 (Yoast SEO v27.4) - https:\/\/yoast.com\/product\/yoast-seo-premium-wordpress\/ -->\n<title>Parfum voiture AQUAMEN - Boutique &quot;V6&quot;<\/title>\n<meta name=\"description\" content=\"Parfum voiture AQUAMEN, inspir\u00e9 de AQUA DI GIO ARMANI. Fragrance fine \u00e9l\u00e9gante. chaque trajet est une exp\u00e9rience sensorielle raffin\u00e9e.\" \/>\n<meta name=\"robots\" content=\"index, follow, max-snippet:-1, max-image-preview:large, max-video-preview:-1\" \/>\n<link rel=\"canonical\" href=\"https:\/\/sella-industrie.com\/ar\/product\/parfum-voiture-aquamen-fragrance-fine\/\" \/>\n<meta property=\"og:locale\" content=\"ar_AR\" \/>\n<meta property=\"og:type\" content=\"article\" \/>\n<meta property=\"og:title\" content=\"Parfum voiture AQUAMEN\" \/>\n<meta property=\"og:description\" content=\"Parfum voiture AQUAMEN, inspir\u00e9 de AQUA DI GIO ARMANI. Fragrance fine \u00e9l\u00e9gante. chaque trajet est une exp\u00e9rience sensorielle raffin\u00e9e.\" \/>\n<meta property=\"og:url\" content=\"https:\/\/sella-industrie.com\/ar\/product\/parfum-voiture-aquamen-fragrance-fine\/\" \/>\n<meta property=\"og:site_name\" content=\"Boutique &quot;V6&quot;\" \/>\n<meta property=\"article:modified_time\" content=\"2026-03-30T09:05:08+00:00\" \/>\n<meta property=\"og:image\" content=\"https:\/\/sella-industrie.com\/wp-content\/uploads\/2026\/01\/AQUAMEN.webp\" \/>\n\t<meta property=\"og:image:width\" content=\"1000\" \/>\n\t<meta property=\"og:image:height\" content=\"1000\" \/>\n\t<meta property=\"og:image:type\" content=\"image\/webp\" \/>\n<meta name=\"twitter:card\" content=\"summary_large_image\" \/>\n<meta name=\"twitter:label1\" content=\"\u0627\u0644\u0633\u0639\u0631\" \/>\n\t<meta name=\"twitter:data1\" content=\"&#x62f;.&#x62c;&nbsp;300\" \/>\n\t<meta name=\"twitter:label2\" content=\"\u0627\u0644\u062a\u0648\u0641\u0631\" \/>\n\t<meta name=\"twitter:data2\" content=\"\u0645\u062a\u0648\u0641\u0631 \u0641\u064a \u0627\u0644\u0645\u062e\u0632\u0648\u0646\" \/>\n<script type=\"application\/ld+json\" class=\"yoast-schema-graph\">{\"@context\":\"https:\\\/\\\/schema.org\",\"@graph\":[{\"@type\":\"WebPage\",\"@id\":\"https:\\\/\\\/sella-industrie.com\\\/produit\\\/parfum-voiture-aquamen-fragrance-fine\\\/\",\"url\":\"https:\\\/\\\/sella-industrie.com\\\/produit\\\/parfum-voiture-aquamen-fragrance-fine\\\/\",\"name\":\"Parfum voiture AQUAMEN - Boutique &quot;V6&quot;\",\"isPartOf\":{\"@id\":\"https:\\\/\\\/sella-industrie.com\\\/#website\"},\"primaryImageOfPage\":{\"@id\":\"https:\\\/\\\/sella-industrie.com\\\/produit\\\/parfum-voiture-aquamen-fragrance-fine\\\/#primaryimage\"},\"image\":{\"@id\":\"https:\\\/\\\/sella-industrie.com\\\/produit\\\/parfum-voiture-aquamen-fragrance-fine\\\/#primaryimage\"},\"thumbnailUrl\":\"https:\\\/\\\/sella-industrie.com\\\/wp-content\\\/uploads\\\/2026\\\/01\\\/AQUAMEN.webp\",\"datePublished\":\"2025-06-25T15:06:35+00:00\",\"dateModified\":\"2026-03-30T09:05:08+00:00\",\"description\":\"Parfum voiture AQUAMEN, inspir\u00e9 de AQUA DI GIO ARMANI. Fragrance fine \u00e9l\u00e9gante. chaque trajet est une exp\u00e9rience sensorielle raffin\u00e9e.\",\"breadcrumb\":{\"@id\":\"https:\\\/\\\/sella-industrie.com\\\/produit\\\/parfum-voiture-aquamen-fragrance-fine\\\/#breadcrumb\"},\"inLanguage\":\"ar\",\"potentialAction\":[{\"@type\":\"ReadAction\",\"target\":[\"https:\\\/\\\/sella-industrie.com\\\/produit\\\/parfum-voiture-aquamen-fragrance-fine\\\/\"]}]},{\"@type\":\"ImageObject\",\"inLanguage\":\"ar\",\"@id\":\"https:\\\/\\\/sella-industrie.com\\\/produit\\\/parfum-voiture-aquamen-fragrance-fine\\\/#primaryimage\",\"url\":\"https:\\\/\\\/sella-industrie.com\\\/wp-content\\\/uploads\\\/2026\\\/01\\\/AQUAMEN.webp\",\"contentUrl\":\"https:\\\/\\\/sella-industrie.com\\\/wp-content\\\/uploads\\\/2026\\\/01\\\/AQUAMEN.webp\",\"width\":1000,\"height\":1000,\"caption\":\"Parfum voiture AQUAMEN\"},{\"@type\":\"BreadcrumbList\",\"@id\":\"https:\\\/\\\/sella-industrie.com\\\/produit\\\/parfum-voiture-aquamen-fragrance-fine\\\/#breadcrumb\",\"itemListElement\":[{\"@type\":\"ListItem\",\"position\":1,\"name\":\"Accueil\",\"item\":\"https:\\\/\\\/sella-industrie.com\\\/fr_fr\\\/\"},{\"@type\":\"ListItem\",\"position\":2,\"name\":\"Shop\",\"item\":\"https:\\\/\\\/sella-industrie.com\\\/fr_fr\\\/shop\\\/\"},{\"@type\":\"ListItem\",\"position\":3,\"name\":\"FRAGRANCE FINE carr\u00e9\",\"item\":\"https:\\\/\\\/sella-industrie.com\\\/categorie-produit\\\/fragrance-fine-carre\\\/\"},{\"@type\":\"ListItem\",\"position\":4,\"name\":\"Parfum voiture AQUAMEN\"}]},{\"@type\":\"WebSite\",\"@id\":\"https:\\\/\\\/sella-industrie.com\\\/#website\",\"url\":\"https:\\\/\\\/sella-industrie.com\\\/\",\"name\":\"Boutique &quot;V6&quot;\",\"description\":\"We care for your car\",\"publisher\":{\"@id\":\"https:\\\/\\\/sella-industrie.com\\\/#organization\"},\"potentialAction\":[{\"@type\":\"SearchAction\",\"target\":{\"@type\":\"EntryPoint\",\"urlTemplate\":\"https:\\\/\\\/sella-industrie.com\\\/?s={search_term_string}\"},\"query-input\":{\"@type\":\"PropertyValueSpecification\",\"valueRequired\":true,\"valueName\":\"search_term_string\"}}],\"inLanguage\":\"ar\"},{\"@type\":\"Organization\",\"@id\":\"https:\\\/\\\/sella-industrie.com\\\/#organization\",\"name\":\"Boutique &quot;V6&quot;\",\"url\":\"https:\\\/\\\/sella-industrie.com\\\/\",\"logo\":{\"@type\":\"ImageObject\",\"inLanguage\":\"ar\",\"@id\":\"https:\\\/\\\/sella-industrie.com\\\/#\\\/schema\\\/logo\\\/image\\\/\",\"url\":\"\",\"contentUrl\":\"\",\"caption\":\"Boutique &quot;V6&quot;\"},\"image\":{\"@id\":\"https:\\\/\\\/sella-industrie.com\\\/#\\\/schema\\\/logo\\\/image\\\/\"}}]}<\/script>\n<meta property=\"product:price:amount\" content=\"300\" \/>\n<meta property=\"product:price:currency\" content=\"DZD\" \/>\n<meta property=\"og:availability\" content=\"instock\" \/>\n<meta property=\"product:availability\" content=\"instock\" \/>\n<meta property=\"product:condition\" content=\"new\" \/>\n<!-- \/ Yoast SEO Premium plugin. -->","yoast_head_json":{"title":"Parfum voiture AQUAMEN - Boutique &quot;V6&quot;","description":"Parfum voiture AQUAMEN, inspir\u00e9 de AQUA DI GIO ARMANI. Fragrance fine \u00e9l\u00e9gante. chaque trajet est une exp\u00e9rience sensorielle raffin\u00e9e.","robots":{"index":"index","follow":"follow","max-snippet":"max-snippet:-1","max-image-preview":"max-image-preview:large","max-video-preview":"max-video-preview:-1"},"canonical":"https:\/\/sella-industrie.com\/ar\/product\/parfum-voiture-aquamen-fragrance-fine\/","og_locale":"ar_AR","og_type":"article","og_title":"Parfum voiture AQUAMEN","og_description":"Parfum voiture AQUAMEN, inspir\u00e9 de AQUA DI GIO ARMANI. Fragrance fine \u00e9l\u00e9gante. chaque trajet est une exp\u00e9rience sensorielle raffin\u00e9e.","og_url":"https:\/\/sella-industrie.com\/ar\/product\/parfum-voiture-aquamen-fragrance-fine\/","og_site_name":"Boutique &quot;V6&quot;","article_modified_time":"2026-03-30T09:05:08+00:00","og_image":[{"width":1000,"height":1000,"url":"https:\/\/sella-industrie.com\/wp-content\/uploads\/2026\/01\/AQUAMEN.webp","type":"image\/webp"}],"twitter_card":"summary_large_image","twitter_misc":{"\u0627\u0644\u0633\u0639\u0631":"&#x62f;.&#x62c;&nbsp;300","\u0627\u0644\u062a\u0648\u0641\u0631":"\u0645\u062a\u0648\u0641\u0631 \u0641\u064a \u0627\u0644\u0645\u062e\u0632\u0648\u0646"},"schema":{"@context":"https:\/\/schema.org","@graph":[{"@type":"WebPage","@id":"https:\/\/sella-industrie.com\/produit\/parfum-voiture-aquamen-fragrance-fine\/","url":"https:\/\/sella-industrie.com\/produit\/parfum-voiture-aquamen-fragrance-fine\/","name":"Parfum voiture AQUAMEN - Boutique &quot;V6&quot;","isPartOf":{"@id":"https:\/\/sella-industrie.com\/#website"},"primaryImageOfPage":{"@id":"https:\/\/sella-industrie.com\/produit\/parfum-voiture-aquamen-fragrance-fine\/#primaryimage"},"image":{"@id":"https:\/\/sella-industrie.com\/produit\/parfum-voiture-aquamen-fragrance-fine\/#primaryimage"},"thumbnailUrl":"https:\/\/sella-industrie.com\/wp-content\/uploads\/2026\/01\/AQUAMEN.webp","datePublished":"2025-06-25T15:06:35+00:00","dateModified":"2026-03-30T09:05:08+00:00","description":"Parfum voiture AQUAMEN, inspir\u00e9 de AQUA DI GIO ARMANI. Fragrance fine \u00e9l\u00e9gante. chaque trajet est une exp\u00e9rience sensorielle raffin\u00e9e.","breadcrumb":{"@id":"https:\/\/sella-industrie.com\/produit\/parfum-voiture-aquamen-fragrance-fine\/#breadcrumb"},"inLanguage":"ar","potentialAction":[{"@type":"ReadAction","target":["https:\/\/sella-industrie.com\/produit\/parfum-voiture-aquamen-fragrance-fine\/"]}]},{"@type":"ImageObject","inLanguage":"ar","@id":"https:\/\/sella-industrie.com\/produit\/parfum-voiture-aquamen-fragrance-fine\/#primaryimage","url":"https:\/\/sella-industrie.com\/wp-content\/uploads\/2026\/01\/AQUAMEN.webp","contentUrl":"https:\/\/sella-industrie.com\/wp-content\/uploads\/2026\/01\/AQUAMEN.webp","width":1000,"height":1000,"caption":"Parfum voiture AQUAMEN"},{"@type":"BreadcrumbList","@id":"https:\/\/sella-industrie.com\/produit\/parfum-voiture-aquamen-fragrance-fine\/#breadcrumb","itemListElement":[{"@type":"ListItem","position":1,"name":"Accueil","item":"https:\/\/sella-industrie.com\/fr_fr\/"},{"@type":"ListItem","position":2,"name":"Shop","item":"https:\/\/sella-industrie.com\/fr_fr\/shop\/"},{"@type":"ListItem","position":3,"name":"FRAGRANCE FINE carr\u00e9","item":"https:\/\/sella-industrie.com\/categorie-produit\/fragrance-fine-carre\/"},{"@type":"ListItem","position":4,"name":"Parfum voiture AQUAMEN"}]},{"@type":"WebSite","@id":"https:\/\/sella-industrie.com\/#website","url":"https:\/\/sella-industrie.com\/","name":"Boutique &quot;V6&quot;","description":"We care for your car","publisher":{"@id":"https:\/\/sella-industrie.com\/#organization"},"potentialAction":[{"@type":"SearchAction","target":{"@type":"EntryPoint","urlTemplate":"https:\/\/sella-industrie.com\/?s={search_term_string}"},"query-input":{"@type":"PropertyValueSpecification","valueRequired":true,"valueName":"search_term_string"}}],"inLanguage":"ar"},{"@type":"Organization","@id":"https:\/\/sella-industrie.com\/#organization","name":"Boutique &quot;V6&quot;","url":"https:\/\/sella-industrie.com\/","logo":{"@type":"ImageObject","inLanguage":"ar","@id":"https:\/\/sella-industrie.com\/#\/schema\/logo\/image\/","url":"","contentUrl":"","caption":"Boutique &quot;V6&quot;"},"image":{"@id":"https:\/\/sella-industrie.com\/#\/schema\/logo\/image\/"}}]},"product_price_amount":"300","product_price_currency":"DZD","og_availability":"instock","product_availability":"instock","product_condition":"new"},"_links":{"self":[{"href":"https:\/\/sella-industrie.com\/ar\/wp-json\/wp\/v2\/product\/34406","targetHints":{"allow":["GET"]}}],"collection":[{"href":"https:\/\/sella-industrie.com\/ar\/wp-json\/wp\/v2\/product"}],"about":[{"href":"https:\/\/sella-industrie.com\/ar\/wp-json\/wp\/v2\/types\/product"}],"replies":[{"embeddable":true,"href":"https:\/\/sella-industrie.com\/ar\/wp-json\/wp\/v2\/comments?post=34406"}],"wp:featuredmedia":[{"embeddable":true,"href":"https:\/\/sella-industrie.com\/ar\/wp-json\/wp\/v2\/media\/37807"}],"wp:attachment":[{"href":"https:\/\/sella-industrie.com\/ar\/wp-json\/wp\/v2\/media?parent=34406"}],"wp:term":[{"taxonomy":"product_brand","embeddable":true,"href":"https:\/\/sella-industrie.com\/ar\/wp-json\/wp\/v2\/product_brand?post=34406"},{"taxonomy":"product_cat","embeddable":true,"href":"https:\/\/sella-industrie.com\/ar\/wp-json\/wp\/v2\/product_cat?post=34406"},{"taxonomy":"product_tag","embeddable":true,"href":"https:\/\/sella-industrie.com\/ar\/wp-json\/wp\/v2\/product_tag?post=34406"}],"curies":[{"name":"wp","href":"https:\/\/api.w.org\/{rel}","templated":true}]}}