{"id":34405,"date":"2025-06-25T15:04:00","date_gmt":"2025-06-25T15:04:00","guid":{"rendered":"https:\/\/sellaindustrie.com\/?post_type=product&#038;p=34405"},"modified":"2026-03-23T11:49:08","modified_gmt":"2026-03-23T11:49:08","slug":"parfum-voiture-new-miniature-carree-delphina-luxe-fragrance-interdit-givenchy-%d8%b9%d8%b7%d8%b1-%d8%a7%d9%84%d8%b3%d9%8a%d8%a7%d8%b1%d8%a7%d8%aa-%d8%a7%d9%84%d9%85%d8%b1%d8%a8%d8%b9-%d8%af%d9%84","status":"publish","type":"product","link":"https:\/\/sella-industrie.com\/ar\/product\/parfum-voiture-new-miniature-carree-delphina-luxe-fragrance-interdit-givenchy-%d8%b9%d8%b7%d8%b1-%d8%a7%d9%84%d8%b3%d9%8a%d8%a7%d8%b1%d8%a7%d8%aa-%d8%a7%d9%84%d9%85%d8%b1%d8%a8%d8%b9-%d8%af%d9%84\/","title":{"rendered":"Parfum voiture DELPHINA"},"content":{"rendered":"<h2 style=\"text-align: center;\"><strong>Parfum voiture DELPHINA <\/strong>\u0639\u0637\u0631 \u0627\u0644\u0633\u064a\u0627\u0631\u0627\u062a \u062f\u0644\u0641\u064a\u0646\u0627<\/h2>\n<p data-start=\"544\" data-end=\"728\"><strong>Parfum voiture DELPHINA<\/strong>, new miniature Carr\u00e9e, fragrance de luxe inspir\u00e9 de L\u2019Interdit Givenchy 2018. Senteur florale intense et \u00e9l\u00e9gante au sillage sophistiqu\u00e9. Ce parfum incarne un charme irr\u00e9sistible des fleurs. Pens\u00e9 pour transformer l\u2019habitacle en espace raffin\u00e9, et <a href=\"https:\/\/www.tiktok.com\/@v6.accessoires.au\" target=\"_blank\" rel=\"noopener\">diffuser<\/a> une signature parfum\u00e9e luxueuse et durable. Chaque diffusion lib\u00e8re une aura d\u00e9licate mais pr\u00e9sente, id\u00e9ale pour celles et ceux qui souhaitent une voiture parfum\u00e9e avec distinction. Il devient ainsi un <a href=\"https:\/\/sella-industrie.com\/ar\/product\/parfum-voiture-delphina-fragrance-fine-interdit-givenchy-%D8%B9%D8%B7%D8%B1-%D8%A7%D9%84%D8%B3%D9%8A%D8%A7%D8%B1%D8%A7%D8%AA-%D8%AF%D9%84%D9%81%D9%8A%D9%86%D8%A7\/\">v\u00e9ritable objet de style<\/a>, en harmonie avec les int\u00e9rieurs automobiles modernes.<\/p>\n<p style=\"text-align: right;\"><span style=\"color: #666699;\"><strong>\u0639\u0637\u0631 \u0627\u0644\u0633\u064a\u0627\u0631\u0627\u062a \u0627\u0644\u0645\u0631\u0628\u0639 \u062f\u0644\u0641\u064a\u0646\u0627\u060c<\/strong><\/span> \u0645\u0633\u062a\u0648\u062d\u0649 \u0645\u0646 \u0645\u0627\u0631\u0643\u0629 \u0627\u0644\u0639\u0637\u0631 \u0627\u0644\u0639\u0627\u0644\u0645\u064a \u0627\u0644\u0641\u0627\u062e\u0631 \u0644\u0627\u0646\u062a\u0627\u0631\u062f\u064a 2018 \u062c\u064a\u0641\u0646\u0634\u064a\u060c \u0639\u0637\u0631 \u0632\u0647\u0631\u064a \u0641\u0627\u062e\u0631 \u0648\u0623\u0646\u064a\u0642 \u0644\u0633\u064a\u0627\u0631\u062a\u0643\u060c \u0628\u0646\u0641\u062d\u0627\u062a\u0647 \u0627\u0644\u0631\u0627\u0642\u064a\u0629\u060c \u062d\u064a\u062b \u064a\u062c\u0633\u062f \u0633\u062d\u0631 \u0627\u0644\u0632\u0647\u0648\u0631 \u0627\u0644\u0622\u0633\u0631. \u0635\u064f\u0645\u0645 \u0644\u064a\u064f\u0636\u0641\u064a \u0639\u0644\u0649 \u0645\u0642\u0635\u0648\u0631\u0629 \u0633\u064a\u0627\u0631\u062a\u0643 \u0644\u0645\u0633\u0629 \u0645\u0646 \u0627\u0644\u0631\u0642\u064a\u060c \u0648\u064a\u0646\u0634\u0631 \u0639\u0628\u064a\u0631\u064b\u0627 \u0641\u0627\u062e\u0631\u064b\u0627 \u064a\u062f\u0648\u0645 \u0637\u0648\u064a\u0644\u064b\u0627. \u0643\u0644 \u0631\u0634\u0629 \u062a\u064f\u0637\u0644\u0642 \u0647\u0627\u0644\u0629 \u0631\u0642\u064a\u0642\u0629 \u0648\u0648\u0627\u0636\u062d\u0629\u060c \u0645\u062b\u0627\u0644\u064a\u0629 \u0644\u0645\u0646 \u064a\u0631\u063a\u0628\u0648\u0646 \u0628\u0633\u064a\u0627\u0631\u0629 \u0645\u0639\u0637\u0631\u0629 \u0628\u062a\u0645\u064a\u0632. \u0648\u0628\u0630\u0644\u0643\u060c \u064a\u0635\u0628\u062d \u0642\u0637\u0639\u0629 \u0641\u0646\u064a\u0629 \u062a\u064f\u0636\u0641\u064a \u0644\u0645\u0633\u0629 \u062c\u0645\u0627\u0644\u064a\u0629\u060c \u062a\u062a\u0646\u0627\u063a\u0645 \u062a\u0645\u0627\u0645\u064b\u0627 \u0645\u0639 \u0627\u0644\u062a\u0635\u0645\u064a\u0645\u0627\u062a \u0627\u0644\u062f\u0627\u062e\u0644\u064a\u0629 \u0627\u0644\u062d\u062f\u064a\u062b\u0629 \u0644\u0644\u0633\u064a\u0627\u0631\u0627\u062a<\/p>\n<p><iframe loading=\"lazy\" title=\"New Miniatures, Luxe fragrance\" width=\"500\" height=\"281\" src=\"https:\/\/www.youtube.com\/embed\/ZDY6gOl_07o?feature=oembed\" frameborder=\"0\" allow=\"accelerometer; autoplay; clipboard-write; encrypted-media; gyroscope; picture-in-picture; web-share\" referrerpolicy=\"strict-origin-when-cross-origin\" allowfullscreen><\/iframe><\/p>\n<p>&nbsp;<\/p>","protected":false},"excerpt":{"rendered":"<h1 style=\"text-align: center;\">\u0639\u0637\u0631 \u0627\u0644\u0633\u064a\u0627\u0631\u0627\u062a \u062f\u0644\u0641\u064a\u0646\u0627<\/h1>\n<p style=\"text-align: left;\"><strong>Parfum voiture DELPHINA<\/strong>, new miniature Carr\u00e9e, fragrance de luxe inspir\u00e9 de L\u2019Interdit Givenchy 2018. Senteur florale intense et \u00e9l\u00e9gante au sillage sophistiqu\u00e9. Ce parfum incarne un charme irr\u00e9sistible des fleurs.<\/p>","protected":false},"featured_media":37830,"comment_status":"open","ping_status":"closed","template":"","meta":[],"product_brand":[293,292],"product_cat":[925],"product_tag":[],"class_list":{"0":"post-34405","1":"product","2":"type-product","3":"status-publish","4":"has-post-thumbnail","6":"product_brand-sella","7":"product_brand-v6","8":"product_cat-fragrance-de-luxe-carree","10":"first","11":"instock","12":"taxable","13":"shipping-taxable","14":"purchasable","15":"product-type-simple"},"yoast_head":"<!-- This site is optimized with the Yoast SEO Premium plugin v27.1 (Yoast SEO v27.4) - https:\/\/yoast.com\/product\/yoast-seo-premium-wordpress\/ -->\n<title>Parfum voiture DELPHINA - Boutique &quot;V6&quot;<\/title>\n<meta name=\"description\" content=\"Parfum voiture DELPHINA, fragrance florale inspir\u00e9 de L\u2019Interdit Givenchy 2018. Senteur intense et \u00e9l\u00e9gante pour voiture au sillage sophistiqu\u00e9, pour durer.\" \/>\n<meta name=\"robots\" content=\"index, follow, max-snippet:-1, max-image-preview:large, max-video-preview:-1\" \/>\n<link rel=\"canonical\" href=\"https:\/\/sella-industrie.com\/ar\/product\/parfum-voiture-delphina-luxe-fragrance-interdit-givenchy-\u0639\u0637\u0631-\u0627\u0644\u0633\u064a\u0627\u0631\u0627\u062a-\u062f\u0644\u0641\u064a\u0646\u0627\/\" \/>\n<meta property=\"og:locale\" content=\"ar_AR\" \/>\n<meta property=\"og:type\" content=\"article\" \/>\n<meta property=\"og:title\" content=\"Parfum voiture DELPHINA\" \/>\n<meta property=\"og:description\" content=\"Parfum voiture DELPHINA, fragrance florale inspir\u00e9 de L\u2019Interdit Givenchy 2018. Senteur intense et \u00e9l\u00e9gante pour voiture au sillage sophistiqu\u00e9, pour durer.\" \/>\n<meta property=\"og:url\" content=\"https:\/\/sella-industrie.com\/ar\/product\/parfum-voiture-delphina-luxe-fragrance-interdit-givenchy-\u0639\u0637\u0631-\u0627\u0644\u0633\u064a\u0627\u0631\u0627\u062a-\u062f\u0644\u0641\u064a\u0646\u0627\/\" \/>\n<meta property=\"og:site_name\" content=\"Boutique &quot;V6&quot;\" \/>\n<meta property=\"article:modified_time\" content=\"2026-03-23T11:49:08+00:00\" \/>\n<meta property=\"og:image\" content=\"https:\/\/sella-industrie.com\/wp-content\/uploads\/2025\/06\/DELPHINA-C.webp\" \/>\n\t<meta property=\"og:image:width\" content=\"1000\" \/>\n\t<meta property=\"og:image:height\" content=\"1000\" \/>\n\t<meta property=\"og:image:type\" content=\"image\/webp\" \/>\n<meta name=\"twitter:card\" content=\"summary_large_image\" \/>\n<meta name=\"twitter:label1\" content=\"\u0627\u0644\u0633\u0639\u0631\" \/>\n\t<meta name=\"twitter:data1\" content=\"&#x62f;.&#x62c;&nbsp;500\" \/>\n\t<meta name=\"twitter:label2\" content=\"\u0627\u0644\u062a\u0648\u0641\u0631\" \/>\n\t<meta name=\"twitter:data2\" content=\"\u0645\u062a\u0648\u0641\u0631 \u0641\u064a \u0627\u0644\u0645\u062e\u0632\u0648\u0646\" \/>\n<script type=\"application\/ld+json\" class=\"yoast-schema-graph\">{\"@context\":\"https:\\\/\\\/schema.org\",\"@graph\":[{\"@type\":\"WebPage\",\"@id\":\"https:\\\/\\\/sella-industrie.com\\\/produit\\\/parfum-voiture-delphina-luxe-fragrance-interdit-givenchy-%d8%b9%d8%b7%d8%b1-%d8%a7%d9%84%d8%b3%d9%8a%d8%a7%d8%b1%d8%a7%d8%aa-%d8%af%d9%84%d9%81%d9%8a%d9%86%d8%a7\\\/\",\"url\":\"https:\\\/\\\/sella-industrie.com\\\/produit\\\/parfum-voiture-delphina-luxe-fragrance-interdit-givenchy-%d8%b9%d8%b7%d8%b1-%d8%a7%d9%84%d8%b3%d9%8a%d8%a7%d8%b1%d8%a7%d8%aa-%d8%af%d9%84%d9%81%d9%8a%d9%86%d8%a7\\\/\",\"name\":\"Parfum voiture DELPHINA - Boutique &quot;V6&quot;\",\"isPartOf\":{\"@id\":\"https:\\\/\\\/sella-industrie.com\\\/#website\"},\"primaryImageOfPage\":{\"@id\":\"https:\\\/\\\/sella-industrie.com\\\/produit\\\/parfum-voiture-delphina-luxe-fragrance-interdit-givenchy-%d8%b9%d8%b7%d8%b1-%d8%a7%d9%84%d8%b3%d9%8a%d8%a7%d8%b1%d8%a7%d8%aa-%d8%af%d9%84%d9%81%d9%8a%d9%86%d8%a7\\\/#primaryimage\"},\"image\":{\"@id\":\"https:\\\/\\\/sella-industrie.com\\\/produit\\\/parfum-voiture-delphina-luxe-fragrance-interdit-givenchy-%d8%b9%d8%b7%d8%b1-%d8%a7%d9%84%d8%b3%d9%8a%d8%a7%d8%b1%d8%a7%d8%aa-%d8%af%d9%84%d9%81%d9%8a%d9%86%d8%a7\\\/#primaryimage\"},\"thumbnailUrl\":\"https:\\\/\\\/sella-industrie.com\\\/wp-content\\\/uploads\\\/2025\\\/06\\\/DELPHINA-C.webp\",\"datePublished\":\"2025-06-25T15:04:00+00:00\",\"dateModified\":\"2026-03-23T11:49:08+00:00\",\"description\":\"Parfum voiture DELPHINA, fragrance florale inspir\u00e9 de L\u2019Interdit Givenchy 2018. Senteur intense et \u00e9l\u00e9gante pour voiture au sillage sophistiqu\u00e9, pour durer.\",\"breadcrumb\":{\"@id\":\"https:\\\/\\\/sella-industrie.com\\\/produit\\\/parfum-voiture-delphina-luxe-fragrance-interdit-givenchy-%d8%b9%d8%b7%d8%b1-%d8%a7%d9%84%d8%b3%d9%8a%d8%a7%d8%b1%d8%a7%d8%aa-%d8%af%d9%84%d9%81%d9%8a%d9%86%d8%a7\\\/#breadcrumb\"},\"inLanguage\":\"ar\",\"potentialAction\":[{\"@type\":\"ReadAction\",\"target\":[\"https:\\\/\\\/sella-industrie.com\\\/produit\\\/parfum-voiture-delphina-luxe-fragrance-interdit-givenchy-%d8%b9%d8%b7%d8%b1-%d8%a7%d9%84%d8%b3%d9%8a%d8%a7%d8%b1%d8%a7%d8%aa-%d8%af%d9%84%d9%81%d9%8a%d9%86%d8%a7\\\/\"]}]},{\"@type\":\"ImageObject\",\"inLanguage\":\"ar\",\"@id\":\"https:\\\/\\\/sella-industrie.com\\\/produit\\\/parfum-voiture-delphina-luxe-fragrance-interdit-givenchy-%d8%b9%d8%b7%d8%b1-%d8%a7%d9%84%d8%b3%d9%8a%d8%a7%d8%b1%d8%a7%d8%aa-%d8%af%d9%84%d9%81%d9%8a%d9%86%d8%a7\\\/#primaryimage\",\"url\":\"https:\\\/\\\/sella-industrie.com\\\/wp-content\\\/uploads\\\/2025\\\/06\\\/DELPHINA-C.webp\",\"contentUrl\":\"https:\\\/\\\/sella-industrie.com\\\/wp-content\\\/uploads\\\/2025\\\/06\\\/DELPHINA-C.webp\",\"width\":1000,\"height\":1000,\"caption\":\"Parfum voiture DELPHINA\"},{\"@type\":\"BreadcrumbList\",\"@id\":\"https:\\\/\\\/sella-industrie.com\\\/produit\\\/parfum-voiture-delphina-luxe-fragrance-interdit-givenchy-%d8%b9%d8%b7%d8%b1-%d8%a7%d9%84%d8%b3%d9%8a%d8%a7%d8%b1%d8%a7%d8%aa-%d8%af%d9%84%d9%81%d9%8a%d9%86%d8%a7\\\/#breadcrumb\",\"itemListElement\":[{\"@type\":\"ListItem\",\"position\":1,\"name\":\"Accueil\",\"item\":\"https:\\\/\\\/sella-industrie.com\\\/fr_fr\\\/\"},{\"@type\":\"ListItem\",\"position\":2,\"name\":\"Shop\",\"item\":\"https:\\\/\\\/sella-industrie.com\\\/fr_fr\\\/shop\\\/\"},{\"@type\":\"ListItem\",\"position\":3,\"name\":\"FRAGRANCE DE LUXE Carr\u00e9e\",\"item\":\"https:\\\/\\\/sella-industrie.com\\\/categorie-produit\\\/fragrance-de-luxe-carree\\\/\"},{\"@type\":\"ListItem\",\"position\":4,\"name\":\"Parfum voiture DELPHINA\"}]},{\"@type\":\"WebSite\",\"@id\":\"https:\\\/\\\/sella-industrie.com\\\/#website\",\"url\":\"https:\\\/\\\/sella-industrie.com\\\/\",\"name\":\"Boutique &quot;V6&quot;\",\"description\":\"We care for your car\",\"publisher\":{\"@id\":\"https:\\\/\\\/sella-industrie.com\\\/#organization\"},\"potentialAction\":[{\"@type\":\"SearchAction\",\"target\":{\"@type\":\"EntryPoint\",\"urlTemplate\":\"https:\\\/\\\/sella-industrie.com\\\/?s={search_term_string}\"},\"query-input\":{\"@type\":\"PropertyValueSpecification\",\"valueRequired\":true,\"valueName\":\"search_term_string\"}}],\"inLanguage\":\"ar\"},{\"@type\":\"Organization\",\"@id\":\"https:\\\/\\\/sella-industrie.com\\\/#organization\",\"name\":\"Boutique &quot;V6&quot;\",\"url\":\"https:\\\/\\\/sella-industrie.com\\\/\",\"logo\":{\"@type\":\"ImageObject\",\"inLanguage\":\"ar\",\"@id\":\"https:\\\/\\\/sella-industrie.com\\\/#\\\/schema\\\/logo\\\/image\\\/\",\"url\":\"\",\"contentUrl\":\"\",\"caption\":\"Boutique &quot;V6&quot;\"},\"image\":{\"@id\":\"https:\\\/\\\/sella-industrie.com\\\/#\\\/schema\\\/logo\\\/image\\\/\"}}]}<\/script>\n<meta property=\"product:price:amount\" content=\"500\" \/>\n<meta property=\"product:price:currency\" content=\"DZD\" \/>\n<meta property=\"og:availability\" content=\"instock\" \/>\n<meta property=\"product:availability\" content=\"instock\" \/>\n<meta property=\"product:condition\" content=\"new\" \/>\n<!-- \/ Yoast SEO Premium plugin. -->","yoast_head_json":{"title":"Parfum voiture DELPHINA - Boutique &quot;V6&quot;","description":"Parfum voiture DELPHINA, fragrance florale inspir\u00e9 de L\u2019Interdit Givenchy 2018. Senteur intense et \u00e9l\u00e9gante pour voiture au sillage sophistiqu\u00e9, pour durer.","robots":{"index":"index","follow":"follow","max-snippet":"max-snippet:-1","max-image-preview":"max-image-preview:large","max-video-preview":"max-video-preview:-1"},"canonical":"https:\/\/sella-industrie.com\/ar\/product\/parfum-voiture-delphina-luxe-fragrance-interdit-givenchy-\u0639\u0637\u0631-\u0627\u0644\u0633\u064a\u0627\u0631\u0627\u062a-\u062f\u0644\u0641\u064a\u0646\u0627\/","og_locale":"ar_AR","og_type":"article","og_title":"Parfum voiture DELPHINA","og_description":"Parfum voiture DELPHINA, fragrance florale inspir\u00e9 de L\u2019Interdit Givenchy 2018. Senteur intense et \u00e9l\u00e9gante pour voiture au sillage sophistiqu\u00e9, pour durer.","og_url":"https:\/\/sella-industrie.com\/ar\/product\/parfum-voiture-delphina-luxe-fragrance-interdit-givenchy-\u0639\u0637\u0631-\u0627\u0644\u0633\u064a\u0627\u0631\u0627\u062a-\u062f\u0644\u0641\u064a\u0646\u0627\/","og_site_name":"Boutique &quot;V6&quot;","article_modified_time":"2026-03-23T11:49:08+00:00","og_image":[{"width":1000,"height":1000,"url":"https:\/\/sella-industrie.com\/wp-content\/uploads\/2025\/06\/DELPHINA-C.webp","type":"image\/webp"}],"twitter_card":"summary_large_image","twitter_misc":{"\u0627\u0644\u0633\u0639\u0631":"&#x62f;.&#x62c;&nbsp;500","\u0627\u0644\u062a\u0648\u0641\u0631":"\u0645\u062a\u0648\u0641\u0631 \u0641\u064a \u0627\u0644\u0645\u062e\u0632\u0648\u0646"},"schema":{"@context":"https:\/\/schema.org","@graph":[{"@type":"WebPage","@id":"https:\/\/sella-industrie.com\/produit\/parfum-voiture-delphina-luxe-fragrance-interdit-givenchy-%d8%b9%d8%b7%d8%b1-%d8%a7%d9%84%d8%b3%d9%8a%d8%a7%d8%b1%d8%a7%d8%aa-%d8%af%d9%84%d9%81%d9%8a%d9%86%d8%a7\/","url":"https:\/\/sella-industrie.com\/produit\/parfum-voiture-delphina-luxe-fragrance-interdit-givenchy-%d8%b9%d8%b7%d8%b1-%d8%a7%d9%84%d8%b3%d9%8a%d8%a7%d8%b1%d8%a7%d8%aa-%d8%af%d9%84%d9%81%d9%8a%d9%86%d8%a7\/","name":"Parfum voiture DELPHINA - Boutique &quot;V6&quot;","isPartOf":{"@id":"https:\/\/sella-industrie.com\/#website"},"primaryImageOfPage":{"@id":"https:\/\/sella-industrie.com\/produit\/parfum-voiture-delphina-luxe-fragrance-interdit-givenchy-%d8%b9%d8%b7%d8%b1-%d8%a7%d9%84%d8%b3%d9%8a%d8%a7%d8%b1%d8%a7%d8%aa-%d8%af%d9%84%d9%81%d9%8a%d9%86%d8%a7\/#primaryimage"},"image":{"@id":"https:\/\/sella-industrie.com\/produit\/parfum-voiture-delphina-luxe-fragrance-interdit-givenchy-%d8%b9%d8%b7%d8%b1-%d8%a7%d9%84%d8%b3%d9%8a%d8%a7%d8%b1%d8%a7%d8%aa-%d8%af%d9%84%d9%81%d9%8a%d9%86%d8%a7\/#primaryimage"},"thumbnailUrl":"https:\/\/sella-industrie.com\/wp-content\/uploads\/2025\/06\/DELPHINA-C.webp","datePublished":"2025-06-25T15:04:00+00:00","dateModified":"2026-03-23T11:49:08+00:00","description":"Parfum voiture DELPHINA, fragrance florale inspir\u00e9 de L\u2019Interdit Givenchy 2018. Senteur intense et \u00e9l\u00e9gante pour voiture au sillage sophistiqu\u00e9, pour durer.","breadcrumb":{"@id":"https:\/\/sella-industrie.com\/produit\/parfum-voiture-delphina-luxe-fragrance-interdit-givenchy-%d8%b9%d8%b7%d8%b1-%d8%a7%d9%84%d8%b3%d9%8a%d8%a7%d8%b1%d8%a7%d8%aa-%d8%af%d9%84%d9%81%d9%8a%d9%86%d8%a7\/#breadcrumb"},"inLanguage":"ar","potentialAction":[{"@type":"ReadAction","target":["https:\/\/sella-industrie.com\/produit\/parfum-voiture-delphina-luxe-fragrance-interdit-givenchy-%d8%b9%d8%b7%d8%b1-%d8%a7%d9%84%d8%b3%d9%8a%d8%a7%d8%b1%d8%a7%d8%aa-%d8%af%d9%84%d9%81%d9%8a%d9%86%d8%a7\/"]}]},{"@type":"ImageObject","inLanguage":"ar","@id":"https:\/\/sella-industrie.com\/produit\/parfum-voiture-delphina-luxe-fragrance-interdit-givenchy-%d8%b9%d8%b7%d8%b1-%d8%a7%d9%84%d8%b3%d9%8a%d8%a7%d8%b1%d8%a7%d8%aa-%d8%af%d9%84%d9%81%d9%8a%d9%86%d8%a7\/#primaryimage","url":"https:\/\/sella-industrie.com\/wp-content\/uploads\/2025\/06\/DELPHINA-C.webp","contentUrl":"https:\/\/sella-industrie.com\/wp-content\/uploads\/2025\/06\/DELPHINA-C.webp","width":1000,"height":1000,"caption":"Parfum voiture DELPHINA"},{"@type":"BreadcrumbList","@id":"https:\/\/sella-industrie.com\/produit\/parfum-voiture-delphina-luxe-fragrance-interdit-givenchy-%d8%b9%d8%b7%d8%b1-%d8%a7%d9%84%d8%b3%d9%8a%d8%a7%d8%b1%d8%a7%d8%aa-%d8%af%d9%84%d9%81%d9%8a%d9%86%d8%a7\/#breadcrumb","itemListElement":[{"@type":"ListItem","position":1,"name":"Accueil","item":"https:\/\/sella-industrie.com\/fr_fr\/"},{"@type":"ListItem","position":2,"name":"Shop","item":"https:\/\/sella-industrie.com\/fr_fr\/shop\/"},{"@type":"ListItem","position":3,"name":"FRAGRANCE DE LUXE Carr\u00e9e","item":"https:\/\/sella-industrie.com\/categorie-produit\/fragrance-de-luxe-carree\/"},{"@type":"ListItem","position":4,"name":"Parfum voiture DELPHINA"}]},{"@type":"WebSite","@id":"https:\/\/sella-industrie.com\/#website","url":"https:\/\/sella-industrie.com\/","name":"Boutique &quot;V6&quot;","description":"We care for your car","publisher":{"@id":"https:\/\/sella-industrie.com\/#organization"},"potentialAction":[{"@type":"SearchAction","target":{"@type":"EntryPoint","urlTemplate":"https:\/\/sella-industrie.com\/?s={search_term_string}"},"query-input":{"@type":"PropertyValueSpecification","valueRequired":true,"valueName":"search_term_string"}}],"inLanguage":"ar"},{"@type":"Organization","@id":"https:\/\/sella-industrie.com\/#organization","name":"Boutique &quot;V6&quot;","url":"https:\/\/sella-industrie.com\/","logo":{"@type":"ImageObject","inLanguage":"ar","@id":"https:\/\/sella-industrie.com\/#\/schema\/logo\/image\/","url":"","contentUrl":"","caption":"Boutique &quot;V6&quot;"},"image":{"@id":"https:\/\/sella-industrie.com\/#\/schema\/logo\/image\/"}}]},"product_price_amount":"500","product_price_currency":"DZD","og_availability":"instock","product_availability":"instock","product_condition":"new"},"_links":{"self":[{"href":"https:\/\/sella-industrie.com\/ar\/wp-json\/wp\/v2\/product\/34405","targetHints":{"allow":["GET"]}}],"collection":[{"href":"https:\/\/sella-industrie.com\/ar\/wp-json\/wp\/v2\/product"}],"about":[{"href":"https:\/\/sella-industrie.com\/ar\/wp-json\/wp\/v2\/types\/product"}],"replies":[{"embeddable":true,"href":"https:\/\/sella-industrie.com\/ar\/wp-json\/wp\/v2\/comments?post=34405"}],"wp:featuredmedia":[{"embeddable":true,"href":"https:\/\/sella-industrie.com\/ar\/wp-json\/wp\/v2\/media\/37830"}],"wp:attachment":[{"href":"https:\/\/sella-industrie.com\/ar\/wp-json\/wp\/v2\/media?parent=34405"}],"wp:term":[{"taxonomy":"product_brand","embeddable":true,"href":"https:\/\/sella-industrie.com\/ar\/wp-json\/wp\/v2\/product_brand?post=34405"},{"taxonomy":"product_cat","embeddable":true,"href":"https:\/\/sella-industrie.com\/ar\/wp-json\/wp\/v2\/product_cat?post=34405"},{"taxonomy":"product_tag","embeddable":true,"href":"https:\/\/sella-industrie.com\/ar\/wp-json\/wp\/v2\/product_tag?post=34405"}],"curies":[{"name":"wp","href":"https:\/\/api.w.org\/{rel}","templated":true}]}}