{"id":34401,"date":"2025-06-25T14:55:03","date_gmt":"2025-06-25T14:55:03","guid":{"rendered":"https:\/\/sellaindustrie.com\/?post_type=product&#038;p=34401"},"modified":"2026-03-23T11:54:43","modified_gmt":"2026-03-23T11:54:43","slug":"parfum-voiture-new-miniature-carree-love-game-luxe-%d8%b9%d8%b7%d8%b1-%d8%a7%d9%84%d8%b3%d9%8a%d8%a7%d8%b1%d8%a7%d8%aa-%d8%a7%d9%84%d9%85%d8%b1%d8%a8%d8%b9-%d9%84%d9%88%d9%81-%d8%ba%d9%8a%d9%85","status":"publish","type":"product","link":"https:\/\/sella-industrie.com\/ar\/product\/parfum-voiture-new-miniature-carree-love-game-luxe-%d8%b9%d8%b7%d8%b1-%d8%a7%d9%84%d8%b3%d9%8a%d8%a7%d8%b1%d8%a7%d8%aa-%d8%a7%d9%84%d9%85%d8%b1%d8%a8%d8%b9-%d9%84%d9%88%d9%81-%d8%ba%d9%8a%d9%85\/","title":{"rendered":"Parfum voiture LOVE GAME"},"content":{"rendered":"<h2 style=\"text-align: center;\">Parfum voiture LOVE GAME \u0639\u0637\u0631 \u0627\u0644\u0633\u064a\u0627\u0631\u0627\u062a \u0644\u0648\u0641 \u063a\u064a\u0645<\/h2>\n<p style=\"text-align: left;\"><strong><span style=\"color: #666699;\">Parfum voiture <\/span><span style=\"color: #666699;\">LOVE GAME<\/span><\/strong>, new miniature Carr\u00e9e, fragrance de luxe inspir\u00e9 de LADY MILLION Paco Rabanne. Son sillage floral lumineux et sensuel cr\u00e9e une atmosph\u00e8re \u00e9l\u00e9gante, s\u00e9duisante et sophistiqu\u00e9e dans votre v\u00e9hicule. Ce parfum apporte \u00e9galement une <a href=\"https:\/\/sella-industrie.com\/ar\/product\/parfum-voiture-love-game-fragrance-fine-%d8%b9%d8%b7%d8%b1-%d8%a7%d9%84%d8%b3%d9%8a%d8%a7%d8%b1%d8%a7%d8%aa-%d9%84%d9%88%d9%81-%d8%ba%d8%a7%d9%8a%d9%85\/\">touche d\u00e9corative chic<\/a> \u00e0 votre int\u00e9rieur automobile. Il se distingue par une signature <a href=\"https:\/\/www.instagram.com\/v6_accessoires_auto?igsh=aXE2NjUwOG5xNnQz\" target=\"_blank\" rel=\"noopener\">olfactive glamour<\/a> : notes florales lumineuses, sensualit\u00e9 raffin\u00e9e, sillage s\u00e9duisant et moderne. Il cr\u00e9e une ambiance parfum\u00e9e luxueuse \u00e0 chaque trajet.<\/p>\n<p style=\"text-align: right;\"><strong>\u0639\u0637\u0631 \u0627\u0644\u0633\u064a\u0627\u0631\u0627\u062a \u0627\u0644\u0645\u0631\u0628\u0639 \u0644\u0648\u0641 \u063a\u064a\u0645<\/strong>\u060c \u0645\u0633\u062a\u0648\u062d\u0649 \u0645\u0646 \u0645\u0627\u0631\u0643\u0629 \u0627\u0644\u0639\u0637\u0631 \u0627\u0644\u0639\u0627\u0644\u0645\u064a \u0627\u0644\u0641\u0627\u062e\u0631 \u0644\u064a\u062f\u064a \u0645\u0644\u064a\u0648\u0646 \u0645\u0646 \u0628\u0627\u0643\u0648 \u0631\u0627\u0628\u0627\u0646\u060c \u0639\u0637\u0631 \u0633\u064a\u0627\u0631\u0629 \u0623\u0646\u064a\u0642\u060c \u064a\u062f\u0648\u0645 \u0637\u0648\u064a\u0644\u0627\u064b\u060c \u0628\u0631\u0627\u0626\u062d\u0629 \u0645\u0645\u064a\u0632\u0629 \u0631\u0627\u0642\u064a\u0629 \u0648\u062c\u0630\u0627\u0628\u0629<\/p>\n<p><iframe loading=\"lazy\" title=\"New Miniatures, Luxe fragrance\" width=\"500\" height=\"281\" src=\"https:\/\/www.youtube.com\/embed\/ZDY6gOl_07o?feature=oembed\" frameborder=\"0\" allow=\"accelerometer; autoplay; clipboard-write; encrypted-media; gyroscope; picture-in-picture; web-share\" referrerpolicy=\"strict-origin-when-cross-origin\" allowfullscreen><\/iframe><\/p>\n<p>&nbsp;<\/p>","protected":false},"excerpt":{"rendered":"<h1 style=\"text-align: center;\">\u0639\u0637\u0631 \u0627\u0644\u0633\u064a\u0627\u0631\u0627\u062a \u0644\u0648\u0641 \u063a\u064a\u0645<\/h1>\n<p style=\"text-align: left;\"><strong><span style=\"color: #666699;\">Parfum voiture <\/span><span style=\"color: #666699;\">LOVE GAME<\/span><\/strong>, new miniature Carr\u00e9e, fragrance de luxe inspir\u00e9 de LADY MILLION Paco Rabanne. Son sillage floral lumineux et sensuel cr\u00e9e une atmosph\u00e8re \u00e9l\u00e9gante, s\u00e9duisante et sophistiqu\u00e9e dans votre v\u00e9hicule.<\/p>","protected":false},"featured_media":37845,"comment_status":"open","ping_status":"closed","template":"","meta":[],"product_brand":[293,292],"product_cat":[925],"product_tag":[],"class_list":{"0":"post-34401","1":"product","2":"type-product","3":"status-publish","4":"has-post-thumbnail","6":"product_brand-sella","7":"product_brand-v6","8":"product_cat-fragrance-de-luxe-carree","10":"first","11":"instock","12":"taxable","13":"shipping-taxable","14":"purchasable","15":"product-type-simple"},"yoast_head":"<!-- This site is optimized with the Yoast SEO plugin v27.4 - https:\/\/yoast.com\/product\/yoast-seo-wordpress\/ -->\n<title>Parfum voiture LOVE GAME - Boutique &quot;V6&quot;<\/title>\n<meta name=\"description\" content=\"Parfum voiture LOVE GAME, luxe fragrance carr\u00e9e inspir\u00e9 de LADY MILLION Paco Rabanne. Parfum glamour, longue dur\u00e9e, pour un habitacle chic et raffin\u00e9.\" \/>\n<meta name=\"robots\" content=\"index, follow, max-snippet:-1, max-image-preview:large, max-video-preview:-1\" \/>\n<link rel=\"canonical\" href=\"https:\/\/sella-industrie.com\/ar\/product\/parfum-voiture-love-game-luxe-carre-\u0639\u0637\u0631-\u0627\u0644\u0633\u064a\u0627\u0631\u0627\u062a-\u0644\u0648\u0641-\u063a\u0627\u064a\u0645\/\" \/>\n<meta property=\"og:locale\" content=\"ar_AR\" \/>\n<meta property=\"og:type\" content=\"article\" \/>\n<meta property=\"og:title\" content=\"Parfum voiture LOVE GAME - Boutique &quot;V6&quot;\" \/>\n<meta property=\"og:description\" content=\"Parfum voiture LOVE GAME, luxe fragrance carr\u00e9e inspir\u00e9 de LADY MILLION Paco Rabanne. Parfum glamour, longue dur\u00e9e, pour un habitacle chic et raffin\u00e9.\" \/>\n<meta property=\"og:url\" content=\"https:\/\/sella-industrie.com\/ar\/product\/parfum-voiture-love-game-luxe-carre-\u0639\u0637\u0631-\u0627\u0644\u0633\u064a\u0627\u0631\u0627\u062a-\u0644\u0648\u0641-\u063a\u0627\u064a\u0645\/\" \/>\n<meta property=\"og:site_name\" content=\"Boutique &quot;V6&quot;\" \/>\n<meta property=\"article:modified_time\" content=\"2026-03-23T11:54:43+00:00\" \/>\n<meta property=\"og:image\" content=\"https:\/\/sella-industrie.com\/wp-content\/uploads\/2025\/06\/LOVE-GAME.webp\" \/>\n\t<meta property=\"og:image:width\" content=\"1000\" \/>\n\t<meta property=\"og:image:height\" content=\"1000\" \/>\n\t<meta property=\"og:image:type\" content=\"image\/webp\" \/>\n<meta name=\"twitter:card\" content=\"summary_large_image\" \/>\n<meta name=\"twitter:label1\" content=\"\u0627\u0644\u0633\u0639\u0631\" \/>\n\t<meta name=\"twitter:data1\" content=\"&#x62f;.&#x62c;&nbsp;500\" \/>\n\t<meta name=\"twitter:label2\" content=\"\u0627\u0644\u062a\u0648\u0641\u0631\" \/>\n\t<meta name=\"twitter:data2\" content=\"\u0645\u062a\u0648\u0641\u0631 \u0641\u064a \u0627\u0644\u0645\u062e\u0632\u0648\u0646\" \/>\n<script type=\"application\/ld+json\" class=\"yoast-schema-graph\">{\"@context\":\"https:\\\/\\\/schema.org\",\"@graph\":[{\"@type\":\"WebPage\",\"@id\":\"https:\\\/\\\/sella-industrie.com\\\/produit\\\/parfum-voiture-love-game-luxe-carre-%d8%b9%d8%b7%d8%b1-%d8%a7%d9%84%d8%b3%d9%8a%d8%a7%d8%b1%d8%a7%d8%aa-%d9%84%d9%88%d9%81-%d8%ba%d8%a7%d9%8a%d9%85\\\/\",\"url\":\"https:\\\/\\\/sella-industrie.com\\\/produit\\\/parfum-voiture-love-game-luxe-carre-%d8%b9%d8%b7%d8%b1-%d8%a7%d9%84%d8%b3%d9%8a%d8%a7%d8%b1%d8%a7%d8%aa-%d9%84%d9%88%d9%81-%d8%ba%d8%a7%d9%8a%d9%85\\\/\",\"name\":\"Parfum voiture LOVE GAME - Boutique &quot;V6&quot;\",\"isPartOf\":{\"@id\":\"https:\\\/\\\/sella-industrie.com\\\/#website\"},\"primaryImageOfPage\":{\"@id\":\"https:\\\/\\\/sella-industrie.com\\\/produit\\\/parfum-voiture-love-game-luxe-carre-%d8%b9%d8%b7%d8%b1-%d8%a7%d9%84%d8%b3%d9%8a%d8%a7%d8%b1%d8%a7%d8%aa-%d9%84%d9%88%d9%81-%d8%ba%d8%a7%d9%8a%d9%85\\\/#primaryimage\"},\"image\":{\"@id\":\"https:\\\/\\\/sella-industrie.com\\\/produit\\\/parfum-voiture-love-game-luxe-carre-%d8%b9%d8%b7%d8%b1-%d8%a7%d9%84%d8%b3%d9%8a%d8%a7%d8%b1%d8%a7%d8%aa-%d9%84%d9%88%d9%81-%d8%ba%d8%a7%d9%8a%d9%85\\\/#primaryimage\"},\"thumbnailUrl\":\"https:\\\/\\\/sella-industrie.com\\\/wp-content\\\/uploads\\\/2025\\\/06\\\/LOVE-GAME.webp\",\"datePublished\":\"2025-06-25T14:55:03+00:00\",\"dateModified\":\"2026-03-23T11:54:43+00:00\",\"description\":\"Parfum voiture LOVE GAME, luxe fragrance carr\u00e9e inspir\u00e9 de LADY MILLION Paco Rabanne. Parfum glamour, longue dur\u00e9e, pour un habitacle chic et raffin\u00e9.\",\"breadcrumb\":{\"@id\":\"https:\\\/\\\/sella-industrie.com\\\/produit\\\/parfum-voiture-love-game-luxe-carre-%d8%b9%d8%b7%d8%b1-%d8%a7%d9%84%d8%b3%d9%8a%d8%a7%d8%b1%d8%a7%d8%aa-%d9%84%d9%88%d9%81-%d8%ba%d8%a7%d9%8a%d9%85\\\/#breadcrumb\"},\"inLanguage\":\"ar\",\"potentialAction\":[{\"@type\":\"ReadAction\",\"target\":[\"https:\\\/\\\/sella-industrie.com\\\/produit\\\/parfum-voiture-love-game-luxe-carre-%d8%b9%d8%b7%d8%b1-%d8%a7%d9%84%d8%b3%d9%8a%d8%a7%d8%b1%d8%a7%d8%aa-%d9%84%d9%88%d9%81-%d8%ba%d8%a7%d9%8a%d9%85\\\/\"]}]},{\"@type\":\"ImageObject\",\"inLanguage\":\"ar\",\"@id\":\"https:\\\/\\\/sella-industrie.com\\\/produit\\\/parfum-voiture-love-game-luxe-carre-%d8%b9%d8%b7%d8%b1-%d8%a7%d9%84%d8%b3%d9%8a%d8%a7%d8%b1%d8%a7%d8%aa-%d9%84%d9%88%d9%81-%d8%ba%d8%a7%d9%8a%d9%85\\\/#primaryimage\",\"url\":\"https:\\\/\\\/sella-industrie.com\\\/wp-content\\\/uploads\\\/2025\\\/06\\\/LOVE-GAME.webp\",\"contentUrl\":\"https:\\\/\\\/sella-industrie.com\\\/wp-content\\\/uploads\\\/2025\\\/06\\\/LOVE-GAME.webp\",\"width\":1000,\"height\":1000,\"caption\":\"Parfum voiture LOVE GAME\"},{\"@type\":\"BreadcrumbList\",\"@id\":\"https:\\\/\\\/sella-industrie.com\\\/produit\\\/parfum-voiture-love-game-luxe-carre-%d8%b9%d8%b7%d8%b1-%d8%a7%d9%84%d8%b3%d9%8a%d8%a7%d8%b1%d8%a7%d8%aa-%d9%84%d9%88%d9%81-%d8%ba%d8%a7%d9%8a%d9%85\\\/#breadcrumb\",\"itemListElement\":[{\"@type\":\"ListItem\",\"position\":1,\"name\":\"Accueil\",\"item\":\"https:\\\/\\\/sella-industrie.com\\\/fr_fr\\\/\"},{\"@type\":\"ListItem\",\"position\":2,\"name\":\"Shop\",\"item\":\"https:\\\/\\\/sella-industrie.com\\\/fr_fr\\\/shop\\\/\"},{\"@type\":\"ListItem\",\"position\":3,\"name\":\"FRAGRANCE DE LUXE Carr\u00e9e\",\"item\":\"https:\\\/\\\/sella-industrie.com\\\/categorie-produit\\\/fragrance-de-luxe-carree\\\/\"},{\"@type\":\"ListItem\",\"position\":4,\"name\":\"Parfum voiture LOVE GAME\"}]},{\"@type\":\"WebSite\",\"@id\":\"https:\\\/\\\/sella-industrie.com\\\/#website\",\"url\":\"https:\\\/\\\/sella-industrie.com\\\/\",\"name\":\"Boutique &quot;V6&quot;\",\"description\":\"We care for your car\",\"publisher\":{\"@id\":\"https:\\\/\\\/sella-industrie.com\\\/#organization\"},\"potentialAction\":[{\"@type\":\"SearchAction\",\"target\":{\"@type\":\"EntryPoint\",\"urlTemplate\":\"https:\\\/\\\/sella-industrie.com\\\/?s={search_term_string}\"},\"query-input\":{\"@type\":\"PropertyValueSpecification\",\"valueRequired\":true,\"valueName\":\"search_term_string\"}}],\"inLanguage\":\"ar\"},{\"@type\":\"Organization\",\"@id\":\"https:\\\/\\\/sella-industrie.com\\\/#organization\",\"name\":\"Boutique &quot;V6&quot;\",\"url\":\"https:\\\/\\\/sella-industrie.com\\\/\",\"logo\":{\"@type\":\"ImageObject\",\"inLanguage\":\"ar\",\"@id\":\"https:\\\/\\\/sella-industrie.com\\\/#\\\/schema\\\/logo\\\/image\\\/\",\"url\":\"\",\"contentUrl\":\"\",\"caption\":\"Boutique &quot;V6&quot;\"},\"image\":{\"@id\":\"https:\\\/\\\/sella-industrie.com\\\/#\\\/schema\\\/logo\\\/image\\\/\"}}]}<\/script>\n<meta property=\"product:price:amount\" content=\"500\" \/>\n<meta property=\"product:price:currency\" content=\"DZD\" \/>\n<meta property=\"og:availability\" content=\"instock\" \/>\n<meta property=\"product:availability\" content=\"instock\" \/>\n<meta property=\"product:condition\" content=\"new\" \/>\n<!-- \/ Yoast SEO plugin. -->","yoast_head_json":{"title":"Parfum voiture LOVE GAME - Boutique &quot;V6&quot;","description":"Parfum voiture LOVE GAME, luxe fragrance carr\u00e9e inspir\u00e9 de LADY MILLION Paco Rabanne. Parfum glamour, longue dur\u00e9e, pour un habitacle chic et raffin\u00e9.","robots":{"index":"index","follow":"follow","max-snippet":"max-snippet:-1","max-image-preview":"max-image-preview:large","max-video-preview":"max-video-preview:-1"},"canonical":"https:\/\/sella-industrie.com\/ar\/product\/parfum-voiture-love-game-luxe-carre-\u0639\u0637\u0631-\u0627\u0644\u0633\u064a\u0627\u0631\u0627\u062a-\u0644\u0648\u0641-\u063a\u0627\u064a\u0645\/","og_locale":"ar_AR","og_type":"article","og_title":"Parfum voiture LOVE GAME - Boutique &quot;V6&quot;","og_description":"Parfum voiture LOVE GAME, luxe fragrance carr\u00e9e inspir\u00e9 de LADY MILLION Paco Rabanne. Parfum glamour, longue dur\u00e9e, pour un habitacle chic et raffin\u00e9.","og_url":"https:\/\/sella-industrie.com\/ar\/product\/parfum-voiture-love-game-luxe-carre-\u0639\u0637\u0631-\u0627\u0644\u0633\u064a\u0627\u0631\u0627\u062a-\u0644\u0648\u0641-\u063a\u0627\u064a\u0645\/","og_site_name":"Boutique &quot;V6&quot;","article_modified_time":"2026-03-23T11:54:43+00:00","og_image":[{"width":1000,"height":1000,"url":"https:\/\/sella-industrie.com\/wp-content\/uploads\/2025\/06\/LOVE-GAME.webp","type":"image\/webp"}],"twitter_card":"summary_large_image","twitter_misc":{"\u0627\u0644\u0633\u0639\u0631":"&#x62f;.&#x62c;&nbsp;500","\u0627\u0644\u062a\u0648\u0641\u0631":"\u0645\u062a\u0648\u0641\u0631 \u0641\u064a \u0627\u0644\u0645\u062e\u0632\u0648\u0646"},"schema":{"@context":"https:\/\/schema.org","@graph":[{"@type":"WebPage","@id":"https:\/\/sella-industrie.com\/produit\/parfum-voiture-love-game-luxe-carre-%d8%b9%d8%b7%d8%b1-%d8%a7%d9%84%d8%b3%d9%8a%d8%a7%d8%b1%d8%a7%d8%aa-%d9%84%d9%88%d9%81-%d8%ba%d8%a7%d9%8a%d9%85\/","url":"https:\/\/sella-industrie.com\/produit\/parfum-voiture-love-game-luxe-carre-%d8%b9%d8%b7%d8%b1-%d8%a7%d9%84%d8%b3%d9%8a%d8%a7%d8%b1%d8%a7%d8%aa-%d9%84%d9%88%d9%81-%d8%ba%d8%a7%d9%8a%d9%85\/","name":"Parfum voiture LOVE GAME - Boutique &quot;V6&quot;","isPartOf":{"@id":"https:\/\/sella-industrie.com\/#website"},"primaryImageOfPage":{"@id":"https:\/\/sella-industrie.com\/produit\/parfum-voiture-love-game-luxe-carre-%d8%b9%d8%b7%d8%b1-%d8%a7%d9%84%d8%b3%d9%8a%d8%a7%d8%b1%d8%a7%d8%aa-%d9%84%d9%88%d9%81-%d8%ba%d8%a7%d9%8a%d9%85\/#primaryimage"},"image":{"@id":"https:\/\/sella-industrie.com\/produit\/parfum-voiture-love-game-luxe-carre-%d8%b9%d8%b7%d8%b1-%d8%a7%d9%84%d8%b3%d9%8a%d8%a7%d8%b1%d8%a7%d8%aa-%d9%84%d9%88%d9%81-%d8%ba%d8%a7%d9%8a%d9%85\/#primaryimage"},"thumbnailUrl":"https:\/\/sella-industrie.com\/wp-content\/uploads\/2025\/06\/LOVE-GAME.webp","datePublished":"2025-06-25T14:55:03+00:00","dateModified":"2026-03-23T11:54:43+00:00","description":"Parfum voiture LOVE GAME, luxe fragrance carr\u00e9e inspir\u00e9 de LADY MILLION Paco Rabanne. Parfum glamour, longue dur\u00e9e, pour un habitacle chic et raffin\u00e9.","breadcrumb":{"@id":"https:\/\/sella-industrie.com\/produit\/parfum-voiture-love-game-luxe-carre-%d8%b9%d8%b7%d8%b1-%d8%a7%d9%84%d8%b3%d9%8a%d8%a7%d8%b1%d8%a7%d8%aa-%d9%84%d9%88%d9%81-%d8%ba%d8%a7%d9%8a%d9%85\/#breadcrumb"},"inLanguage":"ar","potentialAction":[{"@type":"ReadAction","target":["https:\/\/sella-industrie.com\/produit\/parfum-voiture-love-game-luxe-carre-%d8%b9%d8%b7%d8%b1-%d8%a7%d9%84%d8%b3%d9%8a%d8%a7%d8%b1%d8%a7%d8%aa-%d9%84%d9%88%d9%81-%d8%ba%d8%a7%d9%8a%d9%85\/"]}]},{"@type":"ImageObject","inLanguage":"ar","@id":"https:\/\/sella-industrie.com\/produit\/parfum-voiture-love-game-luxe-carre-%d8%b9%d8%b7%d8%b1-%d8%a7%d9%84%d8%b3%d9%8a%d8%a7%d8%b1%d8%a7%d8%aa-%d9%84%d9%88%d9%81-%d8%ba%d8%a7%d9%8a%d9%85\/#primaryimage","url":"https:\/\/sella-industrie.com\/wp-content\/uploads\/2025\/06\/LOVE-GAME.webp","contentUrl":"https:\/\/sella-industrie.com\/wp-content\/uploads\/2025\/06\/LOVE-GAME.webp","width":1000,"height":1000,"caption":"Parfum voiture LOVE GAME"},{"@type":"BreadcrumbList","@id":"https:\/\/sella-industrie.com\/produit\/parfum-voiture-love-game-luxe-carre-%d8%b9%d8%b7%d8%b1-%d8%a7%d9%84%d8%b3%d9%8a%d8%a7%d8%b1%d8%a7%d8%aa-%d9%84%d9%88%d9%81-%d8%ba%d8%a7%d9%8a%d9%85\/#breadcrumb","itemListElement":[{"@type":"ListItem","position":1,"name":"Accueil","item":"https:\/\/sella-industrie.com\/fr_fr\/"},{"@type":"ListItem","position":2,"name":"Shop","item":"https:\/\/sella-industrie.com\/fr_fr\/shop\/"},{"@type":"ListItem","position":3,"name":"FRAGRANCE DE LUXE Carr\u00e9e","item":"https:\/\/sella-industrie.com\/categorie-produit\/fragrance-de-luxe-carree\/"},{"@type":"ListItem","position":4,"name":"Parfum voiture LOVE GAME"}]},{"@type":"WebSite","@id":"https:\/\/sella-industrie.com\/#website","url":"https:\/\/sella-industrie.com\/","name":"Boutique &quot;V6&quot;","description":"We care for your car","publisher":{"@id":"https:\/\/sella-industrie.com\/#organization"},"potentialAction":[{"@type":"SearchAction","target":{"@type":"EntryPoint","urlTemplate":"https:\/\/sella-industrie.com\/?s={search_term_string}"},"query-input":{"@type":"PropertyValueSpecification","valueRequired":true,"valueName":"search_term_string"}}],"inLanguage":"ar"},{"@type":"Organization","@id":"https:\/\/sella-industrie.com\/#organization","name":"Boutique &quot;V6&quot;","url":"https:\/\/sella-industrie.com\/","logo":{"@type":"ImageObject","inLanguage":"ar","@id":"https:\/\/sella-industrie.com\/#\/schema\/logo\/image\/","url":"","contentUrl":"","caption":"Boutique &quot;V6&quot;"},"image":{"@id":"https:\/\/sella-industrie.com\/#\/schema\/logo\/image\/"}}]},"product_price_amount":"500","product_price_currency":"DZD","og_availability":"instock","product_availability":"instock","product_condition":"new"},"_links":{"self":[{"href":"https:\/\/sella-industrie.com\/ar\/wp-json\/wp\/v2\/product\/34401","targetHints":{"allow":["GET"]}}],"collection":[{"href":"https:\/\/sella-industrie.com\/ar\/wp-json\/wp\/v2\/product"}],"about":[{"href":"https:\/\/sella-industrie.com\/ar\/wp-json\/wp\/v2\/types\/product"}],"replies":[{"embeddable":true,"href":"https:\/\/sella-industrie.com\/ar\/wp-json\/wp\/v2\/comments?post=34401"}],"wp:featuredmedia":[{"embeddable":true,"href":"https:\/\/sella-industrie.com\/ar\/wp-json\/wp\/v2\/media\/37845"}],"wp:attachment":[{"href":"https:\/\/sella-industrie.com\/ar\/wp-json\/wp\/v2\/media?parent=34401"}],"wp:term":[{"taxonomy":"product_brand","embeddable":true,"href":"https:\/\/sella-industrie.com\/ar\/wp-json\/wp\/v2\/product_brand?post=34401"},{"taxonomy":"product_cat","embeddable":true,"href":"https:\/\/sella-industrie.com\/ar\/wp-json\/wp\/v2\/product_cat?post=34401"},{"taxonomy":"product_tag","embeddable":true,"href":"https:\/\/sella-industrie.com\/ar\/wp-json\/wp\/v2\/product_tag?post=34401"}],"curies":[{"name":"wp","href":"https:\/\/api.w.org\/{rel}","templated":true}]}}