{"id":34378,"date":"2025-06-25T13:13:08","date_gmt":"2025-06-25T13:13:08","guid":{"rendered":"https:\/\/sellaindustrie.com\/?post_type=product&#038;p=34378"},"modified":"2026-03-23T12:19:06","modified_gmt":"2026-03-23T12:19:06","slug":"parfum-voiture-new-miniature-ronde-sauvage-fragrance-luxe-%d8%b9%d8%b7%d8%b1-%d8%a7%d9%84%d8%b3%d9%8a%d8%a7%d8%b1%d8%a7%d8%aa-%d8%a7%d9%84%d8%af%d8%a7%d8%a6%d8%b1%d9%8a-%d8%b3%d9%88%d9%81%d8%ac","status":"publish","type":"product","link":"https:\/\/sella-industrie.com\/ar\/product\/parfum-voiture-new-miniature-ronde-sauvage-fragrance-luxe-%d8%b9%d8%b7%d8%b1-%d8%a7%d9%84%d8%b3%d9%8a%d8%a7%d8%b1%d8%a7%d8%aa-%d8%a7%d9%84%d8%af%d8%a7%d8%a6%d8%b1%d9%8a-%d8%b3%d9%88%d9%81%d8%ac\/","title":{"rendered":"Parfum voiture SAUVAGE"},"content":{"rendered":"<h2 style=\"text-align: center;\">Parfum voiture SAUVAGE \u0639\u0637\u0631 \u0627\u0644\u0633\u064a\u0627\u0631\u0627\u062a \u0633\u0648\u0641\u062c<\/h2>\n<p style=\"text-align: left;\"><span style=\"color: #666699;\"><strong>Parfum Automobile SAUVAGE<\/strong><\/span>, new miniature Ronde, fragrance de luxe inspir\u00e9e de SAUVAGE Dior. Senteur fra\u00eeche et bois\u00e9e avec diffusion longue dur\u00e9e pour un habitacle \u00e9l\u00e9gant. Son aspect rond offre plusieurs avantages : design \u00e9l\u00e9gant et moderne, accessoire d\u00e9coratif pour voiture, <a href=\"https:\/\/www.facebook.com\/V6accessoiresauto?mibextid=wwXIfr&amp;rdid=07l1PwXhFBuWBfmW&amp;share_url=https%3A%2F%2Fwww.facebook.com%2Fshare%2F169W2vbviz%2F%3Fmibextid%3DwwXIfr#\" target=\"_blank\" rel=\"noopener\">diffusion homog\u00e8ne du parfum<\/a>, format compact et esth\u00e9tique. Il s\u2019int\u00e8gre parfaitement \u00e0 tous les styles d\u2019habitacle. Sa technologie garantit : diffusion progressive, <a href=\"https:\/\/sella-industrie.com\/ar\/product\/parfum-voiture-sauvage-fragrance-luxe-%d8%b9%d8%b7%d8%b1-%d8%a7%d9%84%d8%b3%d9%8a%d8%a7%d8%b1%d8%a7%d8%aa-%d8%b3%d9%88%d9%81%d8%a7%d8%ac\/\">intensit\u00e9 \u00e9quilibr\u00e9e<\/a>, parfum constant, fra\u00eecheur durable pendant plusieurs semaines. Votre voiture reste agr\u00e9ablement parfum\u00e9e plus longtemps.<\/p>\n<p style=\"text-align: right;\"><strong>\u0639\u0637\u0631 \u0627\u0644\u0633\u064a\u0627\u0631\u0627\u062a \u0627\u0644\u062f\u0627\u0626\u0631\u064a \u0633\u0648\u0641\u062c<\/strong>\u060c \u0645\u0633\u062a\u0648\u062d\u0649 \u0645\u0646 \u0645\u0627\u0631\u0643\u0629 \u0627\u0644\u0639\u0637\u0631 \u0627\u0644\u0639\u0627\u0644\u0645\u064a \u0627\u0644\u0641\u0627\u062e\u0631 \u0633\u0648\u0641\u062c \u062f\u064a\u0648\u0631\u060c \u0631\u0627\u0626\u062d\u0629 \u062e\u0634\u0628\u064a\u0629 \u0645\u0646\u0639\u0634\u0629 \u062a\u062f\u0648\u0645 \u0637\u0648\u064a\u0644\u0627\u064b \u0644\u062a\u0636\u0641\u064a \u0644\u0645\u0633\u0629 \u0623\u0646\u064a\u0642\u0629 \u0639\u0644\u0649 \u0645\u0642\u0635\u0648\u0631\u0629 \u0633\u064a\u0627\u0631\u062a\u0643. \u064a\u062a\u0645\u064a\u0632 \u0628\u062a\u0635\u0645\u064a\u0645 \u062f\u0627\u0626\u0631\u064a \u0623\u0646\u064a\u0642 \u0648\u0639\u0635\u0631\u064a\u060c \u0648\u0625\u0643\u0633\u0633\u0648\u0627\u0631 \u0645\u0645\u064a\u0632\u060c \u0648\u062a\u0648\u0632\u064a\u0639 \u0645\u062a\u0633\u0627\u0648\u064d \u0644\u0644\u0639\u0637\u0631\u060c \u0648\u062d\u062c\u0645 \u0635\u063a\u064a\u0631 \u0648\u062c\u0630\u0627\u0628. \u064a\u0646\u062f\u0645\u062c \u0628\u0633\u0644\u0627\u0633\u0629 \u0645\u0639 \u0623\u064a \u0646\u0645\u0637 \u062f\u0627\u062e\u0644\u064a \u0644\u0644\u0633\u064a\u0627\u0631\u0629. \u062a\u0636\u0645\u0646 \u062a\u0642\u0646\u064a\u062a\u0647: \u0627\u0646\u062a\u0634\u0627\u0631\u064b\u0627 \u062a\u062f\u0631\u064a\u062c\u064a\u064b\u0627 \u0644\u0644\u0639\u0637\u0631\u060c \u0648\u0643\u062b\u0627\u0641\u0629 \u0645\u062a\u0648\u0627\u0632\u0646\u0629\u060c \u0648\u062b\u0628\u0627\u062a\u064b\u0627 \u0641\u064a \u0627\u0644\u0631\u0627\u0626\u062d\u0629\u060c \u0648\u0627\u0646\u062a\u0639\u0627\u0634\u064b\u0627 \u064a\u062f\u0648\u0645 \u0644\u0623\u0633\u0627\u0628\u064a\u0639. \u0633\u062a\u0628\u0642\u0649 \u0633\u064a\u0627\u0631\u062a\u0643 \u0645\u0639\u0637\u0631\u0629 \u0628\u0631\u0627\u0626\u062d\u0629 \u0632\u0643\u064a\u0629 \u0644\u0641\u062a\u0631\u0629 \u0623\u0637\u0648\u0644<\/p>\n<p><iframe loading=\"lazy\" title=\"New Miniatures, Luxe fragrance\" width=\"500\" height=\"281\" src=\"https:\/\/www.youtube.com\/embed\/ZDY6gOl_07o?feature=oembed\" frameborder=\"0\" allow=\"accelerometer; autoplay; clipboard-write; encrypted-media; gyroscope; picture-in-picture; web-share\" referrerpolicy=\"strict-origin-when-cross-origin\" allowfullscreen><\/iframe><\/p>","protected":false},"excerpt":{"rendered":"<h1 style=\"text-align: center;\">\u0639\u0637\u0631 \u0627\u0644\u0633\u064a\u0627\u0631\u0627\u062a \u0633\u0648\u0641\u062c<\/h1>\n<p style=\"text-align: left;\"><span style=\"color: #666699;\"><strong>Parfum Automobile SAUVAGE<\/strong><\/span>, new miniature Ronde, fragrance de luxe inspir\u00e9e de SAUVAGE Dior. Senteur fra\u00eeche et bois\u00e9e avec diffusion longue dur\u00e9e pour un habitacle \u00e9l\u00e9gant. Son aspect rond offre plusieurs avantages : design \u00e9l\u00e9gant et moderne, accessoire d\u00e9coratif pour voiture, diffusion homog\u00e8ne du parfum, format compact et esth\u00e9tique.<\/p>","protected":false},"featured_media":37903,"comment_status":"open","ping_status":"closed","template":"","meta":[],"product_brand":[293,292],"product_cat":[926],"product_tag":[],"class_list":{"0":"post-34378","1":"product","2":"type-product","3":"status-publish","4":"has-post-thumbnail","6":"product_brand-sella","7":"product_brand-v6","8":"product_cat-fragrance-de-luxe-ronde","10":"first","11":"instock","12":"taxable","13":"shipping-taxable","14":"purchasable","15":"product-type-simple"},"yoast_head":"<!-- This site is optimized with the Yoast SEO Premium plugin v27.1 (Yoast SEO v27.4) - https:\/\/yoast.com\/product\/yoast-seo-premium-wordpress\/ -->\n<title>Parfum voiture SAUVAGE - Boutique &quot;V6&quot;<\/title>\n<meta name=\"robots\" content=\"index, follow, max-snippet:-1, max-image-preview:large, max-video-preview:-1\" \/>\n<link rel=\"canonical\" href=\"https:\/\/sella-industrie.com\/ar\/product\/sauvage-parfum-automobile-luxe-fragrance-ronde\/\" \/>\n<meta property=\"og:locale\" content=\"ar_AR\" \/>\n<meta property=\"og:type\" content=\"article\" \/>\n<meta property=\"og:title\" content=\"Parfum voiture SAUVAGE\" \/>\n<meta property=\"og:description\" content=\"\u0639\u0637\u0631 \u0627\u0644\u0633\u064a\u0627\u0631\u0627\u062a \u0633\u0648\u0641\u062c Parfum Automobile SAUVAGE, new miniature Ronde, fragrance de luxe inspir\u00e9e de SAUVAGE Dior. Senteur fra\u00eeche et bois\u00e9e avec diffusion longue dur\u00e9e pour un habitacle \u00e9l\u00e9gant. Son aspect rond offre plusieurs avantages : design \u00e9l\u00e9gant et moderne, accessoire d\u00e9coratif pour voiture, diffusion homog\u00e8ne du parfum, format compact et esth\u00e9tique.\" \/>\n<meta property=\"og:url\" content=\"https:\/\/sella-industrie.com\/ar\/product\/sauvage-parfum-automobile-luxe-fragrance-ronde\/\" \/>\n<meta property=\"og:site_name\" content=\"Boutique &quot;V6&quot;\" \/>\n<meta property=\"article:modified_time\" content=\"2026-03-23T12:19:06+00:00\" \/>\n<meta property=\"og:image\" content=\"https:\/\/sella-industrie.com\/wp-content\/uploads\/2025\/05\/SAUVAGE-R.png\" \/>\n\t<meta property=\"og:image:width\" content=\"1000\" \/>\n\t<meta property=\"og:image:height\" content=\"1000\" \/>\n\t<meta property=\"og:image:type\" content=\"image\/png\" \/>\n<meta name=\"twitter:card\" content=\"summary_large_image\" \/>\n<meta name=\"twitter:label1\" content=\"\u0627\u0644\u0633\u0639\u0631\" \/>\n\t<meta name=\"twitter:data1\" content=\"&#x62f;.&#x62c;&nbsp;550\" \/>\n\t<meta name=\"twitter:label2\" content=\"\u0627\u0644\u062a\u0648\u0641\u0631\" \/>\n\t<meta name=\"twitter:data2\" content=\"\u0645\u062a\u0648\u0641\u0631 \u0641\u064a \u0627\u0644\u0645\u062e\u0632\u0648\u0646\" \/>\n<script type=\"application\/ld+json\" class=\"yoast-schema-graph\">{\"@context\":\"https:\\\/\\\/schema.org\",\"@graph\":[{\"@type\":\"WebPage\",\"@id\":\"https:\\\/\\\/sella-industrie.com\\\/produit\\\/sauvage-parfum-automobile-luxe-fragrance-ronde\\\/\",\"url\":\"https:\\\/\\\/sella-industrie.com\\\/produit\\\/sauvage-parfum-automobile-luxe-fragrance-ronde\\\/\",\"name\":\"Parfum voiture SAUVAGE - Boutique &quot;V6&quot;\",\"isPartOf\":{\"@id\":\"https:\\\/\\\/sella-industrie.com\\\/#website\"},\"primaryImageOfPage\":{\"@id\":\"https:\\\/\\\/sella-industrie.com\\\/produit\\\/sauvage-parfum-automobile-luxe-fragrance-ronde\\\/#primaryimage\"},\"image\":{\"@id\":\"https:\\\/\\\/sella-industrie.com\\\/produit\\\/sauvage-parfum-automobile-luxe-fragrance-ronde\\\/#primaryimage\"},\"thumbnailUrl\":\"https:\\\/\\\/sella-industrie.com\\\/wp-content\\\/uploads\\\/2025\\\/06\\\/SAUVAGE-R-.webp\",\"datePublished\":\"2025-06-25T13:13:08+00:00\",\"dateModified\":\"2026-03-23T12:19:06+00:00\",\"breadcrumb\":{\"@id\":\"https:\\\/\\\/sella-industrie.com\\\/produit\\\/sauvage-parfum-automobile-luxe-fragrance-ronde\\\/#breadcrumb\"},\"inLanguage\":\"ar\",\"potentialAction\":[{\"@type\":\"ReadAction\",\"target\":[\"https:\\\/\\\/sella-industrie.com\\\/produit\\\/sauvage-parfum-automobile-luxe-fragrance-ronde\\\/\"]}]},{\"@type\":\"ImageObject\",\"inLanguage\":\"ar\",\"@id\":\"https:\\\/\\\/sella-industrie.com\\\/produit\\\/sauvage-parfum-automobile-luxe-fragrance-ronde\\\/#primaryimage\",\"url\":\"https:\\\/\\\/sella-industrie.com\\\/wp-content\\\/uploads\\\/2025\\\/06\\\/SAUVAGE-R-.webp\",\"contentUrl\":\"https:\\\/\\\/sella-industrie.com\\\/wp-content\\\/uploads\\\/2025\\\/06\\\/SAUVAGE-R-.webp\",\"width\":1000,\"height\":1000,\"caption\":\"Parfum voiture SAUVAGE\"},{\"@type\":\"BreadcrumbList\",\"@id\":\"https:\\\/\\\/sella-industrie.com\\\/produit\\\/sauvage-parfum-automobile-luxe-fragrance-ronde\\\/#breadcrumb\",\"itemListElement\":[{\"@type\":\"ListItem\",\"position\":1,\"name\":\"Accueil\",\"item\":\"https:\\\/\\\/sella-industrie.com\\\/fr_fr\\\/\"},{\"@type\":\"ListItem\",\"position\":2,\"name\":\"Shop\",\"item\":\"https:\\\/\\\/sella-industrie.com\\\/fr_fr\\\/shop\\\/\"},{\"@type\":\"ListItem\",\"position\":3,\"name\":\"FRAGRANCE DE LUXE Ronde\",\"item\":\"https:\\\/\\\/sella-industrie.com\\\/categorie-produit\\\/fragrance-de-luxe-ronde\\\/\"},{\"@type\":\"ListItem\",\"position\":4,\"name\":\"Sauvage\"}]},{\"@type\":\"WebSite\",\"@id\":\"https:\\\/\\\/sella-industrie.com\\\/#website\",\"url\":\"https:\\\/\\\/sella-industrie.com\\\/\",\"name\":\"Boutique &quot;V6&quot;\",\"description\":\"We care for your car\",\"publisher\":{\"@id\":\"https:\\\/\\\/sella-industrie.com\\\/#organization\"},\"potentialAction\":[{\"@type\":\"SearchAction\",\"target\":{\"@type\":\"EntryPoint\",\"urlTemplate\":\"https:\\\/\\\/sella-industrie.com\\\/?s={search_term_string}\"},\"query-input\":{\"@type\":\"PropertyValueSpecification\",\"valueRequired\":true,\"valueName\":\"search_term_string\"}}],\"inLanguage\":\"ar\"},{\"@type\":\"Organization\",\"@id\":\"https:\\\/\\\/sella-industrie.com\\\/#organization\",\"name\":\"Boutique &quot;V6&quot;\",\"url\":\"https:\\\/\\\/sella-industrie.com\\\/\",\"logo\":{\"@type\":\"ImageObject\",\"inLanguage\":\"ar\",\"@id\":\"https:\\\/\\\/sella-industrie.com\\\/#\\\/schema\\\/logo\\\/image\\\/\",\"url\":\"\",\"contentUrl\":\"\",\"caption\":\"Boutique &quot;V6&quot;\"},\"image\":{\"@id\":\"https:\\\/\\\/sella-industrie.com\\\/#\\\/schema\\\/logo\\\/image\\\/\"}}]}<\/script>\n<meta property=\"product:price:amount\" content=\"550\" \/>\n<meta property=\"product:price:currency\" content=\"DZD\" \/>\n<meta property=\"og:availability\" content=\"instock\" \/>\n<meta property=\"product:availability\" content=\"instock\" \/>\n<meta property=\"product:condition\" content=\"new\" \/>\n<!-- \/ Yoast SEO Premium plugin. -->","yoast_head_json":{"title":"Parfum voiture SAUVAGE - Boutique &quot;V6&quot;","robots":{"index":"index","follow":"follow","max-snippet":"max-snippet:-1","max-image-preview":"max-image-preview:large","max-video-preview":"max-video-preview:-1"},"canonical":"https:\/\/sella-industrie.com\/ar\/product\/sauvage-parfum-automobile-luxe-fragrance-ronde\/","og_locale":"ar_AR","og_type":"article","og_title":"Parfum voiture SAUVAGE","og_description":"\u0639\u0637\u0631 \u0627\u0644\u0633\u064a\u0627\u0631\u0627\u062a \u0633\u0648\u0641\u062c Parfum Automobile SAUVAGE, new miniature Ronde, fragrance de luxe inspir\u00e9e de SAUVAGE Dior. Senteur fra\u00eeche et bois\u00e9e avec diffusion longue dur\u00e9e pour un habitacle \u00e9l\u00e9gant. Son aspect rond offre plusieurs avantages : design \u00e9l\u00e9gant et moderne, accessoire d\u00e9coratif pour voiture, diffusion homog\u00e8ne du parfum, format compact et esth\u00e9tique.","og_url":"https:\/\/sella-industrie.com\/ar\/product\/sauvage-parfum-automobile-luxe-fragrance-ronde\/","og_site_name":"Boutique &quot;V6&quot;","article_modified_time":"2026-03-23T12:19:06+00:00","og_image":[{"width":1000,"height":1000,"url":"https:\/\/sella-industrie.com\/wp-content\/uploads\/2025\/05\/SAUVAGE-R.png","type":"image\/png"}],"twitter_card":"summary_large_image","twitter_misc":{"\u0627\u0644\u0633\u0639\u0631":"&#x62f;.&#x62c;&nbsp;550","\u0627\u0644\u062a\u0648\u0641\u0631":"\u0645\u062a\u0648\u0641\u0631 \u0641\u064a \u0627\u0644\u0645\u062e\u0632\u0648\u0646"},"schema":{"@context":"https:\/\/schema.org","@graph":[{"@type":"WebPage","@id":"https:\/\/sella-industrie.com\/produit\/sauvage-parfum-automobile-luxe-fragrance-ronde\/","url":"https:\/\/sella-industrie.com\/produit\/sauvage-parfum-automobile-luxe-fragrance-ronde\/","name":"Parfum voiture SAUVAGE - Boutique &quot;V6&quot;","isPartOf":{"@id":"https:\/\/sella-industrie.com\/#website"},"primaryImageOfPage":{"@id":"https:\/\/sella-industrie.com\/produit\/sauvage-parfum-automobile-luxe-fragrance-ronde\/#primaryimage"},"image":{"@id":"https:\/\/sella-industrie.com\/produit\/sauvage-parfum-automobile-luxe-fragrance-ronde\/#primaryimage"},"thumbnailUrl":"https:\/\/sella-industrie.com\/wp-content\/uploads\/2025\/06\/SAUVAGE-R-.webp","datePublished":"2025-06-25T13:13:08+00:00","dateModified":"2026-03-23T12:19:06+00:00","breadcrumb":{"@id":"https:\/\/sella-industrie.com\/produit\/sauvage-parfum-automobile-luxe-fragrance-ronde\/#breadcrumb"},"inLanguage":"ar","potentialAction":[{"@type":"ReadAction","target":["https:\/\/sella-industrie.com\/produit\/sauvage-parfum-automobile-luxe-fragrance-ronde\/"]}]},{"@type":"ImageObject","inLanguage":"ar","@id":"https:\/\/sella-industrie.com\/produit\/sauvage-parfum-automobile-luxe-fragrance-ronde\/#primaryimage","url":"https:\/\/sella-industrie.com\/wp-content\/uploads\/2025\/06\/SAUVAGE-R-.webp","contentUrl":"https:\/\/sella-industrie.com\/wp-content\/uploads\/2025\/06\/SAUVAGE-R-.webp","width":1000,"height":1000,"caption":"Parfum voiture SAUVAGE"},{"@type":"BreadcrumbList","@id":"https:\/\/sella-industrie.com\/produit\/sauvage-parfum-automobile-luxe-fragrance-ronde\/#breadcrumb","itemListElement":[{"@type":"ListItem","position":1,"name":"Accueil","item":"https:\/\/sella-industrie.com\/fr_fr\/"},{"@type":"ListItem","position":2,"name":"Shop","item":"https:\/\/sella-industrie.com\/fr_fr\/shop\/"},{"@type":"ListItem","position":3,"name":"FRAGRANCE DE LUXE Ronde","item":"https:\/\/sella-industrie.com\/categorie-produit\/fragrance-de-luxe-ronde\/"},{"@type":"ListItem","position":4,"name":"Sauvage"}]},{"@type":"WebSite","@id":"https:\/\/sella-industrie.com\/#website","url":"https:\/\/sella-industrie.com\/","name":"Boutique &quot;V6&quot;","description":"We care for your car","publisher":{"@id":"https:\/\/sella-industrie.com\/#organization"},"potentialAction":[{"@type":"SearchAction","target":{"@type":"EntryPoint","urlTemplate":"https:\/\/sella-industrie.com\/?s={search_term_string}"},"query-input":{"@type":"PropertyValueSpecification","valueRequired":true,"valueName":"search_term_string"}}],"inLanguage":"ar"},{"@type":"Organization","@id":"https:\/\/sella-industrie.com\/#organization","name":"Boutique &quot;V6&quot;","url":"https:\/\/sella-industrie.com\/","logo":{"@type":"ImageObject","inLanguage":"ar","@id":"https:\/\/sella-industrie.com\/#\/schema\/logo\/image\/","url":"","contentUrl":"","caption":"Boutique &quot;V6&quot;"},"image":{"@id":"https:\/\/sella-industrie.com\/#\/schema\/logo\/image\/"}}]},"product_price_amount":"550","product_price_currency":"DZD","og_availability":"instock","product_availability":"instock","product_condition":"new"},"_links":{"self":[{"href":"https:\/\/sella-industrie.com\/ar\/wp-json\/wp\/v2\/product\/34378","targetHints":{"allow":["GET"]}}],"collection":[{"href":"https:\/\/sella-industrie.com\/ar\/wp-json\/wp\/v2\/product"}],"about":[{"href":"https:\/\/sella-industrie.com\/ar\/wp-json\/wp\/v2\/types\/product"}],"replies":[{"embeddable":true,"href":"https:\/\/sella-industrie.com\/ar\/wp-json\/wp\/v2\/comments?post=34378"}],"wp:featuredmedia":[{"embeddable":true,"href":"https:\/\/sella-industrie.com\/ar\/wp-json\/wp\/v2\/media\/37903"}],"wp:attachment":[{"href":"https:\/\/sella-industrie.com\/ar\/wp-json\/wp\/v2\/media?parent=34378"}],"wp:term":[{"taxonomy":"product_brand","embeddable":true,"href":"https:\/\/sella-industrie.com\/ar\/wp-json\/wp\/v2\/product_brand?post=34378"},{"taxonomy":"product_cat","embeddable":true,"href":"https:\/\/sella-industrie.com\/ar\/wp-json\/wp\/v2\/product_cat?post=34378"},{"taxonomy":"product_tag","embeddable":true,"href":"https:\/\/sella-industrie.com\/ar\/wp-json\/wp\/v2\/product_tag?post=34378"}],"curies":[{"name":"wp","href":"https:\/\/api.w.org\/{rel}","templated":true}]}}