{"id":34322,"date":"2025-06-25T09:56:40","date_gmt":"2025-06-25T09:56:40","guid":{"rendered":"https:\/\/sellaindustrie.com\/?post_type=product&#038;p=34322"},"modified":"2026-03-24T11:00:45","modified_gmt":"2026-03-24T11:00:45","slug":"parfum-voiture-sport-miniature-ronde-%d8%b9%d8%b7%d8%b1-%d8%a7%d9%84%d8%b3%d9%8a%d8%a7%d8%b1%d8%a7%d8%aa-%d8%b3%d8%a8%d9%88%d8%b1","status":"publish","type":"product","link":"https:\/\/sella-industrie.com\/ar\/product\/parfum-voiture-sport-miniature-ronde-%d8%b9%d8%b7%d8%b1-%d8%a7%d9%84%d8%b3%d9%8a%d8%a7%d8%b1%d8%a7%d8%aa-%d8%b3%d8%a8%d9%88%d8%b1\/","title":{"rendered":"Parfum voiture SPORT"},"content":{"rendered":"<h2 style=\"text-align: center;\">Parfum voiture SPORT \u0639\u0637\u0631 \u0627\u0644\u0633\u064a\u0627\u0631\u0627\u062a \u0633\u0628\u0648\u0631<\/h2>\n<p style=\"text-align: left;\"><strong>Parfum voiture SPORT<\/strong>, miniature ronde, gr\u00e2ce \u00e0 son format il s\u2019int\u00e8gre facilement dans toutes les voitures tout en apportant une touche design, \u00e9l\u00e9gance intemporelle et raffinement. D\u00e9sodorisant voiture longue dur\u00e9e pour une ambiance propre et agr\u00e9able. Subtil pour une ambiance propre et accueillante, id\u00e9ale pour rendre chaque trajet plus agr\u00e9able. Sensation intense et dynamique. Il apporte une <a href=\"https:\/\/sella-industrie.com\/ar\/product\/bergamote-fraiche-parfum-automobile-miniature-ronde-%d8%a8%d8%b1%d8%ba%d9%85%d9%88%d8%aa-%d9%85%d9%86%d8%b9%d8%b4\/\">sensation<\/a> de fra\u00eecheur et d\u2019\u00e9nergie dans l\u2019habitacle, tout en restant subtil et agr\u00e9able. Notes olfactives : notes <a href=\"https:\/\/www.instagram.com\/v6_accessoires_auto?igsh=aXE2NjUwOG5xNnQz\" target=\"_blank\" rel=\"noopener\">fra\u00eeches et modernes<\/a>, sensation dynamique et intense, ambiance propre et accueillante, parfum longue dur\u00e9e, \u00e9l\u00e9gant et subtil. Cette fragrance est parfaite pour ceux qui recherchent une ambiance sportive, \u00e9l\u00e9gante et agr\u00e9able dans leur voiture.<\/p>\n<p style=\"text-align: right;\"><strong>\u0639\u0637\u0631 \u0627\u0644\u0633\u064a\u0627\u0631\u0627\u062a \u0633\u0628\u0648\u0631<\/strong>\u060c \u0628\u062a\u0635\u0645\u064a\u0645 \u062f\u0627\u0626\u0631\u064a \u0635\u063a\u064a\u0631\u060c \u064a\u0633\u0647\u0644 \u062f\u0645\u062c\u0647 \u0641\u064a \u0623\u064a \u0633\u064a\u0627\u0631\u0629 \u0645\u0639 \u0625\u0636\u0627\u0641\u0629 \u0644\u0645\u0633\u0629 \u0645\u0646 \u0627\u0644\u062a\u0635\u0645\u064a\u0645 \u0648\u0627\u0644\u0623\u0646\u0627\u0642\u0629 \u0627\u0644\u062e\u0627\u0644\u062f\u0629 \u0648\u0627\u0644\u0631\u0642\u064a. \u0625\u062d\u0633\u0627\u0633 \u0642\u0648\u064a \u0648\u062d\u064a\u0648\u064a \u064a\u062f\u0648\u0645 \u0637\u0648\u064a\u0644\u0627\u064b \u0644\u064a\u0645\u0646\u062d\u0643 \u062c\u0648\u0627\u064b \u0646\u0638\u064a\u0641\u0627\u064b \u0648\u0645\u0646\u0639\u0634\u0627\u064b. \u0631\u0627\u0626\u062d\u0629 \u062e\u0641\u064a\u0641\u0629 \u062a\u0636\u0641\u064a \u062c\u0648\u0627\u064b \u0646\u0638\u064a\u0641\u0627\u064b \u0648\u062c\u0630\u0627\u0628\u0627\u064b\u060c \u0645\u062b\u0627\u0644\u064a\u0629 \u0644\u062c\u0639\u0644 \u0643\u0644 \u0631\u062d\u0644\u0629 \u0623\u0643\u062b\u0631 \u0645\u062a\u0639\u0629. \u0625\u062d\u0633\u0627\u0633 \u0642\u0648\u064a \u0648\u062f\u064a\u0646\u0627\u0645\u064a\u0643\u064a. \u064a\u0645\u0646\u062d \u0634\u0639\u0648\u0631\u0627\u064b \u0628\u0627\u0644\u0627\u0646\u062a\u0639\u0627\u0634 \u0648\u0627\u0644\u062d\u064a\u0648\u064a\u0629 \u062f\u0627\u062e\u0644 \u0627\u0644\u0633\u064a\u0627\u0631\u0629\u060c \u0645\u0639 \u0627\u0644\u062d\u0641\u0627\u0638 \u0639\u0644\u0649 \u0631\u0642\u0629 \u0648\u062c\u0627\u0630\u0628\u064a\u0629 \u0627\u0644\u0631\u0627\u0626\u062d\u0629. \u0645\u0643\u0648\u0646\u0627\u062a \u0627\u0644\u0639\u0637\u0631: \u0646\u0641\u062d\u0627\u062a \u0645\u0646\u0639\u0634\u0629 \u0648\u0639\u0635\u0631\u064a\u0629\u060c \u0625\u062d\u0633\u0627\u0633 \u0642\u0648\u064a \u0648\u062f\u064a\u0646\u0627\u0645\u064a\u0643\u064a\u060c \u062c\u0648 \u0646\u0638\u064a\u0641 \u0648\u062c\u0630\u0627\u0628\u060c \u0639\u0637\u0631 \u064a\u062f\u0648\u0645 \u0637\u0648\u064a\u0644\u0627\u064b\u060c \u0623\u0646\u064a\u0642 \u0648\u0631\u0642\u064a\u0642. \u0647\u0630\u0627 \u0627\u0644\u0639\u0637\u0631 \u0645\u062b\u0627\u0644\u064a \u0644\u0645\u0646 \u064a\u0628\u062d\u062b\u0648\u0646 \u0639\u0646 \u062c\u0648 \u0631\u064a\u0627\u0636\u064a \u0648\u0623\u0646\u064a\u0642 \u0648\u0645\u0631\u064a\u062d \u0641\u064a \u0633\u064a\u0627\u0631\u0627\u062a\u0647\u0645<\/p>\n<p><iframe loading=\"lazy\" title=\"\u0645\u0646\u064a\u0627\u062a\u0648\u0631 \u0631\u0648\u0646\u062f\" width=\"500\" height=\"281\" src=\"https:\/\/www.youtube.com\/embed\/upyDSPAHTho?feature=oembed\" frameborder=\"0\" allow=\"accelerometer; autoplay; clipboard-write; encrypted-media; gyroscope; picture-in-picture; web-share\" referrerpolicy=\"strict-origin-when-cross-origin\" allowfullscreen><\/iframe><\/p>","protected":false},"excerpt":{"rendered":"<h1 style=\"text-align: center;\">\u0639\u0637\u0631 \u0627\u0644\u0633\u064a\u0627\u0631\u0627\u062a \u0633\u0628\u0648\u0631<\/h1>\n<p style=\"text-align: left;\"><strong>Parfum voiture SPORT<\/strong>, miniature ronde, gr\u00e2ce \u00e0 son format il s\u2019int\u00e8gre facilement dans toutes les voitures tout en apportant une touche design, \u00e9l\u00e9gance intemporelle et raffinement. D\u00e9sodorisant voiture longue dur\u00e9e pour une ambiance propre et agr\u00e9able.<\/p>","protected":false},"featured_media":38024,"comment_status":"open","ping_status":"closed","template":"","meta":[],"product_brand":[293,292],"product_cat":[928],"product_tag":[],"class_list":{"0":"post-34322","1":"product","2":"type-product","3":"status-publish","4":"has-post-thumbnail","6":"product_brand-sella","7":"product_brand-v6","8":"product_cat-miniature-ronde","10":"first","11":"instock","12":"taxable","13":"shipping-taxable","14":"purchasable","15":"product-type-simple"},"yoast_head":"<!-- This site is optimized with the Yoast SEO Premium plugin v27.1 (Yoast SEO v27.4) - https:\/\/yoast.com\/product\/yoast-seo-premium-wordpress\/ -->\n<title>Parfum voiture SPORT - Boutique &quot;V6&quot;<\/title>\n<meta name=\"robots\" content=\"index, follow, max-snippet:-1, max-image-preview:large, max-video-preview:-1\" \/>\n<link rel=\"canonical\" href=\"https:\/\/sella-industrie.com\/ar\/product\/sport-parfum-automobile-miniature-ronde\/\" \/>\n<meta property=\"og:locale\" content=\"ar_AR\" \/>\n<meta property=\"og:type\" content=\"article\" \/>\n<meta property=\"og:title\" content=\"Parfum voiture SPORT\" \/>\n<meta property=\"og:description\" content=\"\u0639\u0637\u0631 \u0627\u0644\u0633\u064a\u0627\u0631\u0627\u062a \u0633\u0628\u0648\u0631 Parfum voiture SPORT, miniature ronde, gr\u00e2ce \u00e0 son format il s\u2019int\u00e8gre facilement dans toutes les voitures tout en apportant une touche design, \u00e9l\u00e9gance intemporelle et raffinement. D\u00e9sodorisant voiture longue dur\u00e9e pour une ambiance propre et agr\u00e9able.\" \/>\n<meta property=\"og:url\" content=\"https:\/\/sella-industrie.com\/ar\/product\/sport-parfum-automobile-miniature-ronde\/\" \/>\n<meta property=\"og:site_name\" content=\"Boutique &quot;V6&quot;\" \/>\n<meta property=\"article:publisher\" content=\"https:\/\/www.facebook.com\/V6accessoiresauto?mibextid=wwXIfr&amp;rdid=07l1PwXhFBuWBfmW&amp;share_url=httpswww.facebook.comshare169W2vbvizmibextidwwXIfr#\" \/>\n<meta property=\"article:modified_time\" content=\"2026-03-24T11:00:45+00:00\" \/>\n<meta property=\"og:image\" content=\"https:\/\/sella-industrie.com\/wp-content\/uploads\/2024\/06\/SPORT-2.png\" \/>\n\t<meta property=\"og:image:width\" content=\"1000\" \/>\n\t<meta property=\"og:image:height\" content=\"1000\" \/>\n\t<meta property=\"og:image:type\" content=\"image\/png\" \/>\n<meta name=\"twitter:card\" content=\"summary_large_image\" \/>\n<meta name=\"twitter:label1\" content=\"\u0627\u0644\u0633\u0639\u0631\" \/>\n\t<meta name=\"twitter:data1\" content=\"&#x62f;.&#x62c;&nbsp;550\" \/>\n\t<meta name=\"twitter:label2\" content=\"\u0627\u0644\u062a\u0648\u0641\u0631\" \/>\n\t<meta name=\"twitter:data2\" content=\"\u0645\u062a\u0648\u0641\u0631 \u0641\u064a \u0627\u0644\u0645\u062e\u0632\u0648\u0646\" \/>\n<script type=\"application\/ld+json\" class=\"yoast-schema-graph\">{\"@context\":\"https:\\\/\\\/schema.org\",\"@graph\":[{\"@type\":\"WebPage\",\"@id\":\"https:\\\/\\\/sella-industrie.com\\\/produit\\\/sport-parfum-automobile-miniature-ronde\\\/\",\"url\":\"https:\\\/\\\/sella-industrie.com\\\/produit\\\/sport-parfum-automobile-miniature-ronde\\\/\",\"name\":\"Parfum voiture SPORT - Boutique &quot;V6&quot;\",\"isPartOf\":{\"@id\":\"https:\\\/\\\/sella-industrie.com\\\/#website\"},\"primaryImageOfPage\":{\"@id\":\"https:\\\/\\\/sella-industrie.com\\\/produit\\\/sport-parfum-automobile-miniature-ronde\\\/#primaryimage\"},\"image\":{\"@id\":\"https:\\\/\\\/sella-industrie.com\\\/produit\\\/sport-parfum-automobile-miniature-ronde\\\/#primaryimage\"},\"thumbnailUrl\":\"https:\\\/\\\/sella-industrie.com\\\/wp-content\\\/uploads\\\/2025\\\/06\\\/SPORT-.webp\",\"datePublished\":\"2025-06-25T09:56:40+00:00\",\"dateModified\":\"2026-03-24T11:00:45+00:00\",\"breadcrumb\":{\"@id\":\"https:\\\/\\\/sella-industrie.com\\\/produit\\\/sport-parfum-automobile-miniature-ronde\\\/#breadcrumb\"},\"inLanguage\":\"ar\",\"potentialAction\":[{\"@type\":\"ReadAction\",\"target\":[\"https:\\\/\\\/sella-industrie.com\\\/produit\\\/sport-parfum-automobile-miniature-ronde\\\/\"]}]},{\"@type\":\"ImageObject\",\"inLanguage\":\"ar\",\"@id\":\"https:\\\/\\\/sella-industrie.com\\\/produit\\\/sport-parfum-automobile-miniature-ronde\\\/#primaryimage\",\"url\":\"https:\\\/\\\/sella-industrie.com\\\/wp-content\\\/uploads\\\/2025\\\/06\\\/SPORT-.webp\",\"contentUrl\":\"https:\\\/\\\/sella-industrie.com\\\/wp-content\\\/uploads\\\/2025\\\/06\\\/SPORT-.webp\",\"width\":1000,\"height\":1000,\"caption\":\"Parfum voiture SPORT\"},{\"@type\":\"BreadcrumbList\",\"@id\":\"https:\\\/\\\/sella-industrie.com\\\/produit\\\/sport-parfum-automobile-miniature-ronde\\\/#breadcrumb\",\"itemListElement\":[{\"@type\":\"ListItem\",\"position\":1,\"name\":\"Accueil\",\"item\":\"https:\\\/\\\/sella-industrie.com\\\/fr_fr\\\/\"},{\"@type\":\"ListItem\",\"position\":2,\"name\":\"Shop\",\"item\":\"https:\\\/\\\/sella-industrie.com\\\/fr_fr\\\/shop\\\/\"},{\"@type\":\"ListItem\",\"position\":3,\"name\":\"MINIATURE RONDE\",\"item\":\"https:\\\/\\\/sella-industrie.com\\\/categorie-produit\\\/miniature-ronde\\\/\"},{\"@type\":\"ListItem\",\"position\":4,\"name\":\"Sport\"}]},{\"@type\":\"WebSite\",\"@id\":\"https:\\\/\\\/sella-industrie.com\\\/#website\",\"url\":\"https:\\\/\\\/sella-industrie.com\\\/\",\"name\":\"Boutique \\\"V6\\\"\",\"description\":\"We care for your car\",\"publisher\":{\"@id\":\"https:\\\/\\\/sella-industrie.com\\\/#organization\"},\"potentialAction\":[{\"@type\":\"SearchAction\",\"target\":{\"@type\":\"EntryPoint\",\"urlTemplate\":\"https:\\\/\\\/sella-industrie.com\\\/?s={search_term_string}\"},\"query-input\":{\"@type\":\"PropertyValueSpecification\",\"valueRequired\":true,\"valueName\":\"search_term_string\"}}],\"inLanguage\":\"ar\"},{\"@type\":\"Organization\",\"@id\":\"https:\\\/\\\/sella-industrie.com\\\/#organization\",\"name\":\"Boutique \\\"V6\\\"\",\"url\":\"https:\\\/\\\/sella-industrie.com\\\/\",\"logo\":{\"@type\":\"ImageObject\",\"inLanguage\":\"ar\",\"@id\":\"https:\\\/\\\/sella-industrie.com\\\/#\\\/schema\\\/logo\\\/image\\\/\",\"url\":\"https:\\\/\\\/sella-industrie.com\\\/wp-content\\\/uploads\\\/2024\\\/05\\\/LOGO-V6-PNG-1.png\",\"contentUrl\":\"https:\\\/\\\/sella-industrie.com\\\/wp-content\\\/uploads\\\/2024\\\/05\\\/LOGO-V6-PNG-1.png\",\"width\":797,\"height\":517,\"caption\":\"Boutique \\\"V6\\\"\"},\"image\":{\"@id\":\"https:\\\/\\\/sella-industrie.com\\\/#\\\/schema\\\/logo\\\/image\\\/\"},\"sameAs\":[\"https:\\\/\\\/www.facebook.com\\\/V6accessoiresauto?mibextid=wwXIfr&rdid=07l1PwXhFBuWBfmW&share_url=httpswww.facebook.comshare169W2vbvizmibextidwwXIfr#\",\"https:\\\/\\\/www.tiktok.com\\\/@v6.accessoires.au\",\"https:\\\/\\\/www.instagram.com\\\/v6_accessoires_auto?igsh=aXE2NjUwOG5xNnQz\",\"https:\\\/\\\/www.youtube.com\\\/channel\\\/UCtkk-L1mBLEmRweenaR4s7w\"]}]}<\/script>\n<meta property=\"product:price:amount\" content=\"550\" \/>\n<meta property=\"product:price:currency\" content=\"DZD\" \/>\n<meta property=\"og:availability\" content=\"instock\" \/>\n<meta property=\"product:availability\" content=\"instock\" \/>\n<meta property=\"product:condition\" content=\"new\" \/>\n<!-- \/ Yoast SEO Premium plugin. -->","yoast_head_json":{"title":"Parfum voiture SPORT - Boutique &quot;V6&quot;","robots":{"index":"index","follow":"follow","max-snippet":"max-snippet:-1","max-image-preview":"max-image-preview:large","max-video-preview":"max-video-preview:-1"},"canonical":"https:\/\/sella-industrie.com\/ar\/product\/sport-parfum-automobile-miniature-ronde\/","og_locale":"ar_AR","og_type":"article","og_title":"Parfum voiture SPORT","og_description":"\u0639\u0637\u0631 \u0627\u0644\u0633\u064a\u0627\u0631\u0627\u062a \u0633\u0628\u0648\u0631 Parfum voiture SPORT, miniature ronde, gr\u00e2ce \u00e0 son format il s\u2019int\u00e8gre facilement dans toutes les voitures tout en apportant une touche design, \u00e9l\u00e9gance intemporelle et raffinement. D\u00e9sodorisant voiture longue dur\u00e9e pour une ambiance propre et agr\u00e9able.","og_url":"https:\/\/sella-industrie.com\/ar\/product\/sport-parfum-automobile-miniature-ronde\/","og_site_name":"Boutique &quot;V6&quot;","article_publisher":"https:\/\/www.facebook.com\/V6accessoiresauto?mibextid=wwXIfr&rdid=07l1PwXhFBuWBfmW&share_url=httpswww.facebook.comshare169W2vbvizmibextidwwXIfr#","article_modified_time":"2026-03-24T11:00:45+00:00","og_image":[{"width":1000,"height":1000,"url":"https:\/\/sella-industrie.com\/wp-content\/uploads\/2024\/06\/SPORT-2.png","type":"image\/png"}],"twitter_card":"summary_large_image","twitter_misc":{"\u0627\u0644\u0633\u0639\u0631":"&#x62f;.&#x62c;&nbsp;550","\u0627\u0644\u062a\u0648\u0641\u0631":"\u0645\u062a\u0648\u0641\u0631 \u0641\u064a \u0627\u0644\u0645\u062e\u0632\u0648\u0646"},"schema":{"@context":"https:\/\/schema.org","@graph":[{"@type":"WebPage","@id":"https:\/\/sella-industrie.com\/produit\/sport-parfum-automobile-miniature-ronde\/","url":"https:\/\/sella-industrie.com\/produit\/sport-parfum-automobile-miniature-ronde\/","name":"Parfum voiture SPORT - Boutique &quot;V6&quot;","isPartOf":{"@id":"https:\/\/sella-industrie.com\/#website"},"primaryImageOfPage":{"@id":"https:\/\/sella-industrie.com\/produit\/sport-parfum-automobile-miniature-ronde\/#primaryimage"},"image":{"@id":"https:\/\/sella-industrie.com\/produit\/sport-parfum-automobile-miniature-ronde\/#primaryimage"},"thumbnailUrl":"https:\/\/sella-industrie.com\/wp-content\/uploads\/2025\/06\/SPORT-.webp","datePublished":"2025-06-25T09:56:40+00:00","dateModified":"2026-03-24T11:00:45+00:00","breadcrumb":{"@id":"https:\/\/sella-industrie.com\/produit\/sport-parfum-automobile-miniature-ronde\/#breadcrumb"},"inLanguage":"ar","potentialAction":[{"@type":"ReadAction","target":["https:\/\/sella-industrie.com\/produit\/sport-parfum-automobile-miniature-ronde\/"]}]},{"@type":"ImageObject","inLanguage":"ar","@id":"https:\/\/sella-industrie.com\/produit\/sport-parfum-automobile-miniature-ronde\/#primaryimage","url":"https:\/\/sella-industrie.com\/wp-content\/uploads\/2025\/06\/SPORT-.webp","contentUrl":"https:\/\/sella-industrie.com\/wp-content\/uploads\/2025\/06\/SPORT-.webp","width":1000,"height":1000,"caption":"Parfum voiture SPORT"},{"@type":"BreadcrumbList","@id":"https:\/\/sella-industrie.com\/produit\/sport-parfum-automobile-miniature-ronde\/#breadcrumb","itemListElement":[{"@type":"ListItem","position":1,"name":"Accueil","item":"https:\/\/sella-industrie.com\/fr_fr\/"},{"@type":"ListItem","position":2,"name":"Shop","item":"https:\/\/sella-industrie.com\/fr_fr\/shop\/"},{"@type":"ListItem","position":3,"name":"MINIATURE RONDE","item":"https:\/\/sella-industrie.com\/categorie-produit\/miniature-ronde\/"},{"@type":"ListItem","position":4,"name":"Sport"}]},{"@type":"WebSite","@id":"https:\/\/sella-industrie.com\/#website","url":"https:\/\/sella-industrie.com\/","name":"Boutique \"V6\"","description":"We care for your car","publisher":{"@id":"https:\/\/sella-industrie.com\/#organization"},"potentialAction":[{"@type":"SearchAction","target":{"@type":"EntryPoint","urlTemplate":"https:\/\/sella-industrie.com\/?s={search_term_string}"},"query-input":{"@type":"PropertyValueSpecification","valueRequired":true,"valueName":"search_term_string"}}],"inLanguage":"ar"},{"@type":"Organization","@id":"https:\/\/sella-industrie.com\/#organization","name":"Boutique \"V6\"","url":"https:\/\/sella-industrie.com\/","logo":{"@type":"ImageObject","inLanguage":"ar","@id":"https:\/\/sella-industrie.com\/#\/schema\/logo\/image\/","url":"https:\/\/sella-industrie.com\/wp-content\/uploads\/2024\/05\/LOGO-V6-PNG-1.png","contentUrl":"https:\/\/sella-industrie.com\/wp-content\/uploads\/2024\/05\/LOGO-V6-PNG-1.png","width":797,"height":517,"caption":"Boutique \"V6\""},"image":{"@id":"https:\/\/sella-industrie.com\/#\/schema\/logo\/image\/"},"sameAs":["https:\/\/www.facebook.com\/V6accessoiresauto?mibextid=wwXIfr&rdid=07l1PwXhFBuWBfmW&share_url=httpswww.facebook.comshare169W2vbvizmibextidwwXIfr#","https:\/\/www.tiktok.com\/@v6.accessoires.au","https:\/\/www.instagram.com\/v6_accessoires_auto?igsh=aXE2NjUwOG5xNnQz","https:\/\/www.youtube.com\/channel\/UCtkk-L1mBLEmRweenaR4s7w"]}]},"product_price_amount":"550","product_price_currency":"DZD","og_availability":"instock","product_availability":"instock","product_condition":"new"},"_links":{"self":[{"href":"https:\/\/sella-industrie.com\/ar\/wp-json\/wp\/v2\/product\/34322","targetHints":{"allow":["GET"]}}],"collection":[{"href":"https:\/\/sella-industrie.com\/ar\/wp-json\/wp\/v2\/product"}],"about":[{"href":"https:\/\/sella-industrie.com\/ar\/wp-json\/wp\/v2\/types\/product"}],"replies":[{"embeddable":true,"href":"https:\/\/sella-industrie.com\/ar\/wp-json\/wp\/v2\/comments?post=34322"}],"wp:featuredmedia":[{"embeddable":true,"href":"https:\/\/sella-industrie.com\/ar\/wp-json\/wp\/v2\/media\/38024"}],"wp:attachment":[{"href":"https:\/\/sella-industrie.com\/ar\/wp-json\/wp\/v2\/media?parent=34322"}],"wp:term":[{"taxonomy":"product_brand","embeddable":true,"href":"https:\/\/sella-industrie.com\/ar\/wp-json\/wp\/v2\/product_brand?post=34322"},{"taxonomy":"product_cat","embeddable":true,"href":"https:\/\/sella-industrie.com\/ar\/wp-json\/wp\/v2\/product_cat?post=34322"},{"taxonomy":"product_tag","embeddable":true,"href":"https:\/\/sella-industrie.com\/ar\/wp-json\/wp\/v2\/product_tag?post=34322"}],"curies":[{"name":"wp","href":"https:\/\/api.w.org\/{rel}","templated":true}]}}