{"id":34247,"date":"2025-06-25T08:56:13","date_gmt":"2025-06-25T08:56:13","guid":{"rendered":"https:\/\/sellaindustrie.com\/?post_type=product&#038;p=34247"},"modified":"2026-03-24T09:12:42","modified_gmt":"2026-03-24T09:12:42","slug":"parfum-voiture-citron-miniature-carree-%d8%b9%d8%b7%d8%b1-%d8%a7%d9%84%d8%b3%d9%8a%d8%a7%d8%b1%d8%a7%d8%aa-%d9%84%d9%8a%d9%85%d9%88%d9%86","status":"publish","type":"product","link":"https:\/\/sella-industrie.com\/ar\/product\/parfum-voiture-citron-miniature-carree-%d8%b9%d8%b7%d8%b1-%d8%a7%d9%84%d8%b3%d9%8a%d8%a7%d8%b1%d8%a7%d8%aa-%d9%84%d9%8a%d9%85%d9%88%d9%86\/","title":{"rendered":"Parfum voiture CITRON"},"content":{"rendered":"<h2 style=\"text-align: center;\">Parfum voiture CITRON \u0639\u0637\u0631 \u0627\u0644\u0633\u064a\u0627\u0631\u0627\u062a \u0644\u064a\u0645\u0648\u0646<\/h2>\n<p style=\"text-align: left;\"><strong>Parfum voiture CITRON<\/strong>, miniature carr\u00e9e. Gr\u00e2ce \u00e0 son format il s\u2019int\u00e8gre facilement dans toutes les voitures tout en apportant une touche design et sportive. Profitez d\u2019une fra\u00eecheur intense, une <a href=\"https:\/\/sella-industrie.com\/ar\/product\/citron-parfum-automobile-miniature-ronde\/\">senteur vive<\/a>, \u00e9nergisante et longue dur\u00e9e qui \u00e9limine les mauvaises <a href=\"https:\/\/www.facebook.com\/V6accessoiresauto?mibextid=wwXIfr&amp;rdid=07l1PwXhFBuWBfmW&amp;share_url=https%3A%2F%2Fwww.facebook.com%2Fshare%2F169W2vbviz%2F%3Fmibextid%3DwwXIfr#\" target=\"_blank\" rel=\"noopener\">odeurs<\/a> et garde votre habitacle propre et agr\u00e9able chaque jour.<\/p>\n<p style=\"text-align: right;\"><strong>\u0639\u0637\u0631 \u0627\u0644\u0633\u064a\u0627\u0631\u0627\u062a \u0644\u064a\u0645\u0648\u0646<\/strong>\u060c \u0635\u063a\u064a\u0631 \u0627\u0644\u062d\u062c\u0645 \u0648\u0645\u0631\u0628\u0639 \u0627\u0644\u0634\u0643\u0644. \u0628\u0641\u0636\u0644 \u062d\u062c\u0645\u0647 \u0627\u0644\u0635\u063a\u064a\u0631\u060c \u064a\u0646\u0627\u0633\u0628 \u0623\u064a \u0633\u064a\u0627\u0631\u0629 \u0628\u0633\u0647\u0648\u0644\u0629\u060c \u0627\u0646\u062a\u0639\u0627\u0634 \u062d\u064a\u0648\u064a\u060c \u0637\u0627\u0642\u0629 \u0646\u0642\u064a\u0629 \u0648\u064a\u0636\u0641\u064a \u0644\u0645\u0633\u0629 \u0631\u064a\u0627\u0636\u064a\u0629 \u0623\u0646\u064a\u0642\u0629. \u0627\u0633\u062a\u0645\u062a\u0639 \u0628\u0627\u0646\u062a\u0639\u0627\u0634 \u0641\u0627\u0626\u0642\u060c \u0648\u0631\u0627\u0626\u062d\u0629 \u0646\u0627\u0628\u0636\u0629 \u0628\u0627\u0644\u062d\u064a\u0627\u0629 \u0648\u0645\u0646\u0639\u0634\u0629 \u062a\u062f\u0648\u0645 \u0637\u0648\u064a\u0644\u0627\u064b\u060c \u062a\u0642\u0636\u064a \u0639\u0644\u0649 \u0627\u0644\u0631\u0648\u0627\u0626\u062d \u0627\u0644\u0643\u0631\u064a\u0647\u0629 \u0648\u062a\u062d\u0627\u0641\u0638 \u0639\u0644\u0649 \u0646\u0638\u0627\u0641\u0629 \u0633\u064a\u0627\u0631\u062a\u0643 \u0648\u0631\u0627\u062d\u062a\u0647\u0627 \u0643\u0644 \u064a\u0648\u0645<\/p>\n<p><iframe loading=\"lazy\" title=\"\u0645\u0646\u064a\u0627\u062a\u0648\u0631 \u0645\u0631\u0628\u0639\u0629\" width=\"500\" height=\"281\" src=\"https:\/\/www.youtube.com\/embed\/fjr7DS7VmOM?feature=oembed\" frameborder=\"0\" allow=\"accelerometer; autoplay; clipboard-write; encrypted-media; gyroscope; picture-in-picture; web-share\" referrerpolicy=\"strict-origin-when-cross-origin\" allowfullscreen><\/iframe><\/p>","protected":false},"excerpt":{"rendered":"<h1 style=\"text-align: center;\">\u0639\u0637\u0631 \u0627\u0644\u0633\u064a\u0627\u0631\u0627\u062a \u0644\u064a\u0645\u0648\u0646<\/h1>\n<p style=\"text-align: left;\"><strong>Parfum voiture CITRON<\/strong>, miniature carr\u00e9e. Gr\u00e2ce \u00e0 son format il s\u2019int\u00e8gre facilement dans toutes les voitures tout en apportant une touche design et sportive. Profitez d\u2019une fra\u00eecheur intense, une <a href=\"https:\/\/sella-industrie.com\/ar\/product\/citron-parfum-automobile-miniature-ronde\/\">senteur vive<\/a>, \u00e9nergisante et longue dur\u00e9e qui \u00e9limine les mauvaises <a href=\"https:\/\/www.facebook.com\/V6accessoiresauto?mibextid=wwXIfr&amp;rdid=07l1PwXhFBuWBfmW&amp;share_url=https%3A%2F%2Fwww.facebook.com%2Fshare%2F169W2vbviz%2F%3Fmibextid%3DwwXIfr#\">odeurs<\/a> et garde votre habitacle propre et agr\u00e9able chaque jour.<\/p>","protected":false},"featured_media":38011,"comment_status":"open","ping_status":"closed","template":"","meta":[],"product_brand":[292,293],"product_cat":[927],"product_tag":[],"class_list":{"0":"post-34247","1":"product","2":"type-product","3":"status-publish","4":"has-post-thumbnail","6":"product_brand-v6","7":"product_brand-sella","8":"product_cat-miniatures-carrees","10":"first","11":"instock","12":"taxable","13":"shipping-taxable","14":"purchasable","15":"product-type-simple"},"yoast_head":"<!-- This site is optimized with the Yoast SEO Premium plugin v27.1 (Yoast SEO v27.4) - https:\/\/yoast.com\/product\/yoast-seo-premium-wordpress\/ -->\n<title>Parfum voiture CITRON - Boutique &quot;V6&quot;<\/title>\n<meta name=\"description\" content=\"Profitez d\u2019une fra\u00eecheur intense avec le Parfum voiture CITRON. Une senteur vive, \u00e9nergisante et longue dur\u00e9e qui garde votre habitacle propre et agr\u00e9able.\" \/>\n<meta name=\"robots\" content=\"index, follow, max-snippet:-1, max-image-preview:large, max-video-preview:-1\" \/>\n<link rel=\"canonical\" href=\"https:\/\/sella-industrie.com\/ar\/product\/parfum-voiture-citron-\u0639\u0637\u0631-\u0644\u064a\u0645\u0648\u0646-\u0627\u0644\u0633\u064a\u0627\u0631\u0627\u062a\/\" \/>\n<meta property=\"og:locale\" content=\"ar_AR\" \/>\n<meta property=\"og:type\" content=\"article\" \/>\n<meta property=\"og:title\" content=\"Parfum voiture CITRON\" \/>\n<meta property=\"og:description\" content=\"Profitez d\u2019une fra\u00eecheur intense avec le Parfum voiture CITRON. Une senteur vive, \u00e9nergisante et longue dur\u00e9e qui garde votre habitacle propre et agr\u00e9able.\" \/>\n<meta property=\"og:url\" content=\"https:\/\/sella-industrie.com\/ar\/product\/parfum-voiture-citron-\u0639\u0637\u0631-\u0644\u064a\u0645\u0648\u0646-\u0627\u0644\u0633\u064a\u0627\u0631\u0627\u062a\/\" \/>\n<meta property=\"og:site_name\" content=\"Boutique &quot;V6&quot;\" \/>\n<meta property=\"article:publisher\" content=\"https:\/\/www.facebook.com\/V6accessoiresauto?mibextid=wwXIfr&amp;rdid=07l1PwXhFBuWBfmW&amp;share_url=httpswww.facebook.comshare169W2vbvizmibextidwwXIfr#\" \/>\n<meta property=\"article:modified_time\" content=\"2026-03-24T09:12:42+00:00\" \/>\n<meta property=\"og:image\" content=\"https:\/\/sella-industrie.com\/wp-content\/uploads\/2024\/06\/CITRON-4.png\" \/>\n\t<meta property=\"og:image:width\" content=\"1000\" \/>\n\t<meta property=\"og:image:height\" content=\"1000\" \/>\n\t<meta property=\"og:image:type\" content=\"image\/png\" \/>\n<meta name=\"twitter:card\" content=\"summary_large_image\" \/>\n<meta name=\"twitter:label1\" content=\"\u0627\u0644\u0633\u0639\u0631\" \/>\n\t<meta name=\"twitter:data1\" content=\"&#x62f;.&#x62c;&nbsp;500\" \/>\n\t<meta name=\"twitter:label2\" content=\"\u0627\u0644\u062a\u0648\u0641\u0631\" \/>\n\t<meta name=\"twitter:data2\" content=\"\u0645\u062a\u0648\u0641\u0631 \u0641\u064a \u0627\u0644\u0645\u062e\u0632\u0648\u0646\" \/>\n<script type=\"application\/ld+json\" class=\"yoast-schema-graph\">{\"@context\":\"https:\\\/\\\/schema.org\",\"@graph\":[{\"@type\":\"WebPage\",\"@id\":\"https:\\\/\\\/sella-industrie.com\\\/produit\\\/parfum-voiture-citron-%d8%b9%d8%b7%d8%b1-%d9%84%d9%8a%d9%85%d9%88%d9%86-%d8%a7%d9%84%d8%b3%d9%8a%d8%a7%d8%b1%d8%a7%d8%aa\\\/\",\"url\":\"https:\\\/\\\/sella-industrie.com\\\/produit\\\/parfum-voiture-citron-%d8%b9%d8%b7%d8%b1-%d9%84%d9%8a%d9%85%d9%88%d9%86-%d8%a7%d9%84%d8%b3%d9%8a%d8%a7%d8%b1%d8%a7%d8%aa\\\/\",\"name\":\"Parfum voiture CITRON - Boutique &quot;V6&quot;\",\"isPartOf\":{\"@id\":\"https:\\\/\\\/sella-industrie.com\\\/#website\"},\"primaryImageOfPage\":{\"@id\":\"https:\\\/\\\/sella-industrie.com\\\/produit\\\/parfum-voiture-citron-%d8%b9%d8%b7%d8%b1-%d9%84%d9%8a%d9%85%d9%88%d9%86-%d8%a7%d9%84%d8%b3%d9%8a%d8%a7%d8%b1%d8%a7%d8%aa\\\/#primaryimage\"},\"image\":{\"@id\":\"https:\\\/\\\/sella-industrie.com\\\/produit\\\/parfum-voiture-citron-%d8%b9%d8%b7%d8%b1-%d9%84%d9%8a%d9%85%d9%88%d9%86-%d8%a7%d9%84%d8%b3%d9%8a%d8%a7%d8%b1%d8%a7%d8%aa\\\/#primaryimage\"},\"thumbnailUrl\":\"https:\\\/\\\/sella-industrie.com\\\/wp-content\\\/uploads\\\/2025\\\/06\\\/CITRON-1.webp\",\"datePublished\":\"2025-06-25T08:56:13+00:00\",\"dateModified\":\"2026-03-24T09:12:42+00:00\",\"description\":\"Profitez d\u2019une fra\u00eecheur intense avec le Parfum voiture CITRON. Une senteur vive, \u00e9nergisante et longue dur\u00e9e qui garde votre habitacle propre et agr\u00e9able.\",\"breadcrumb\":{\"@id\":\"https:\\\/\\\/sella-industrie.com\\\/produit\\\/parfum-voiture-citron-%d8%b9%d8%b7%d8%b1-%d9%84%d9%8a%d9%85%d9%88%d9%86-%d8%a7%d9%84%d8%b3%d9%8a%d8%a7%d8%b1%d8%a7%d8%aa\\\/#breadcrumb\"},\"inLanguage\":\"ar\",\"potentialAction\":[{\"@type\":\"ReadAction\",\"target\":[\"https:\\\/\\\/sella-industrie.com\\\/produit\\\/parfum-voiture-citron-%d8%b9%d8%b7%d8%b1-%d9%84%d9%8a%d9%85%d9%88%d9%86-%d8%a7%d9%84%d8%b3%d9%8a%d8%a7%d8%b1%d8%a7%d8%aa\\\/\"]}]},{\"@type\":\"ImageObject\",\"inLanguage\":\"ar\",\"@id\":\"https:\\\/\\\/sella-industrie.com\\\/produit\\\/parfum-voiture-citron-%d8%b9%d8%b7%d8%b1-%d9%84%d9%8a%d9%85%d9%88%d9%86-%d8%a7%d9%84%d8%b3%d9%8a%d8%a7%d8%b1%d8%a7%d8%aa\\\/#primaryimage\",\"url\":\"https:\\\/\\\/sella-industrie.com\\\/wp-content\\\/uploads\\\/2025\\\/06\\\/CITRON-1.webp\",\"contentUrl\":\"https:\\\/\\\/sella-industrie.com\\\/wp-content\\\/uploads\\\/2025\\\/06\\\/CITRON-1.webp\",\"width\":1000,\"height\":1000,\"caption\":\"Parfum voiture CITRON\"},{\"@type\":\"BreadcrumbList\",\"@id\":\"https:\\\/\\\/sella-industrie.com\\\/produit\\\/parfum-voiture-citron-%d8%b9%d8%b7%d8%b1-%d9%84%d9%8a%d9%85%d9%88%d9%86-%d8%a7%d9%84%d8%b3%d9%8a%d8%a7%d8%b1%d8%a7%d8%aa\\\/#breadcrumb\",\"itemListElement\":[{\"@type\":\"ListItem\",\"position\":1,\"name\":\"Accueil\",\"item\":\"https:\\\/\\\/sella-industrie.com\\\/fr_fr\\\/\"},{\"@type\":\"ListItem\",\"position\":2,\"name\":\"Shop\",\"item\":\"https:\\\/\\\/sella-industrie.com\\\/fr_fr\\\/shop\\\/\"},{\"@type\":\"ListItem\",\"position\":3,\"name\":\"Miniatures Carr\u00e9es\",\"item\":\"https:\\\/\\\/sella-industrie.com\\\/categorie-produit\\\/miniatures-carrees\\\/\"},{\"@type\":\"ListItem\",\"position\":4,\"name\":\"Parfum voiture CITRON\"}]},{\"@type\":\"WebSite\",\"@id\":\"https:\\\/\\\/sella-industrie.com\\\/#website\",\"url\":\"https:\\\/\\\/sella-industrie.com\\\/\",\"name\":\"Boutique \\\"V6\\\"\",\"description\":\"We care for your car\",\"publisher\":{\"@id\":\"https:\\\/\\\/sella-industrie.com\\\/#organization\"},\"potentialAction\":[{\"@type\":\"SearchAction\",\"target\":{\"@type\":\"EntryPoint\",\"urlTemplate\":\"https:\\\/\\\/sella-industrie.com\\\/?s={search_term_string}\"},\"query-input\":{\"@type\":\"PropertyValueSpecification\",\"valueRequired\":true,\"valueName\":\"search_term_string\"}}],\"inLanguage\":\"ar\"},{\"@type\":\"Organization\",\"@id\":\"https:\\\/\\\/sella-industrie.com\\\/#organization\",\"name\":\"Boutique \\\"V6\\\"\",\"url\":\"https:\\\/\\\/sella-industrie.com\\\/\",\"logo\":{\"@type\":\"ImageObject\",\"inLanguage\":\"ar\",\"@id\":\"https:\\\/\\\/sella-industrie.com\\\/#\\\/schema\\\/logo\\\/image\\\/\",\"url\":\"https:\\\/\\\/sella-industrie.com\\\/wp-content\\\/uploads\\\/2024\\\/05\\\/LOGO-V6-PNG-1.png\",\"contentUrl\":\"https:\\\/\\\/sella-industrie.com\\\/wp-content\\\/uploads\\\/2024\\\/05\\\/LOGO-V6-PNG-1.png\",\"width\":797,\"height\":517,\"caption\":\"Boutique \\\"V6\\\"\"},\"image\":{\"@id\":\"https:\\\/\\\/sella-industrie.com\\\/#\\\/schema\\\/logo\\\/image\\\/\"},\"sameAs\":[\"https:\\\/\\\/www.facebook.com\\\/V6accessoiresauto?mibextid=wwXIfr&rdid=07l1PwXhFBuWBfmW&share_url=httpswww.facebook.comshare169W2vbvizmibextidwwXIfr#\",\"https:\\\/\\\/www.tiktok.com\\\/@v6.accessoires.au\",\"https:\\\/\\\/www.instagram.com\\\/v6_accessoires_auto?igsh=aXE2NjUwOG5xNnQz\",\"https:\\\/\\\/www.youtube.com\\\/channel\\\/UCtkk-L1mBLEmRweenaR4s7w\"]}]}<\/script>\n<meta property=\"product:price:amount\" content=\"500\" \/>\n<meta property=\"product:price:currency\" content=\"DZD\" \/>\n<meta property=\"og:availability\" content=\"instock\" \/>\n<meta property=\"product:availability\" content=\"instock\" \/>\n<meta property=\"product:condition\" content=\"new\" \/>\n<!-- \/ Yoast SEO Premium plugin. -->","yoast_head_json":{"title":"Parfum voiture CITRON - Boutique &quot;V6&quot;","description":"Profitez d\u2019une fra\u00eecheur intense avec le Parfum voiture CITRON. Une senteur vive, \u00e9nergisante et longue dur\u00e9e qui garde votre habitacle propre et agr\u00e9able.","robots":{"index":"index","follow":"follow","max-snippet":"max-snippet:-1","max-image-preview":"max-image-preview:large","max-video-preview":"max-video-preview:-1"},"canonical":"https:\/\/sella-industrie.com\/ar\/product\/parfum-voiture-citron-\u0639\u0637\u0631-\u0644\u064a\u0645\u0648\u0646-\u0627\u0644\u0633\u064a\u0627\u0631\u0627\u062a\/","og_locale":"ar_AR","og_type":"article","og_title":"Parfum voiture CITRON","og_description":"Profitez d\u2019une fra\u00eecheur intense avec le Parfum voiture CITRON. Une senteur vive, \u00e9nergisante et longue dur\u00e9e qui garde votre habitacle propre et agr\u00e9able.","og_url":"https:\/\/sella-industrie.com\/ar\/product\/parfum-voiture-citron-\u0639\u0637\u0631-\u0644\u064a\u0645\u0648\u0646-\u0627\u0644\u0633\u064a\u0627\u0631\u0627\u062a\/","og_site_name":"Boutique &quot;V6&quot;","article_publisher":"https:\/\/www.facebook.com\/V6accessoiresauto?mibextid=wwXIfr&rdid=07l1PwXhFBuWBfmW&share_url=httpswww.facebook.comshare169W2vbvizmibextidwwXIfr#","article_modified_time":"2026-03-24T09:12:42+00:00","og_image":[{"width":1000,"height":1000,"url":"https:\/\/sella-industrie.com\/wp-content\/uploads\/2024\/06\/CITRON-4.png","type":"image\/png"}],"twitter_card":"summary_large_image","twitter_misc":{"\u0627\u0644\u0633\u0639\u0631":"&#x62f;.&#x62c;&nbsp;500","\u0627\u0644\u062a\u0648\u0641\u0631":"\u0645\u062a\u0648\u0641\u0631 \u0641\u064a \u0627\u0644\u0645\u062e\u0632\u0648\u0646"},"schema":{"@context":"https:\/\/schema.org","@graph":[{"@type":"WebPage","@id":"https:\/\/sella-industrie.com\/produit\/parfum-voiture-citron-%d8%b9%d8%b7%d8%b1-%d9%84%d9%8a%d9%85%d9%88%d9%86-%d8%a7%d9%84%d8%b3%d9%8a%d8%a7%d8%b1%d8%a7%d8%aa\/","url":"https:\/\/sella-industrie.com\/produit\/parfum-voiture-citron-%d8%b9%d8%b7%d8%b1-%d9%84%d9%8a%d9%85%d9%88%d9%86-%d8%a7%d9%84%d8%b3%d9%8a%d8%a7%d8%b1%d8%a7%d8%aa\/","name":"Parfum voiture CITRON - Boutique &quot;V6&quot;","isPartOf":{"@id":"https:\/\/sella-industrie.com\/#website"},"primaryImageOfPage":{"@id":"https:\/\/sella-industrie.com\/produit\/parfum-voiture-citron-%d8%b9%d8%b7%d8%b1-%d9%84%d9%8a%d9%85%d9%88%d9%86-%d8%a7%d9%84%d8%b3%d9%8a%d8%a7%d8%b1%d8%a7%d8%aa\/#primaryimage"},"image":{"@id":"https:\/\/sella-industrie.com\/produit\/parfum-voiture-citron-%d8%b9%d8%b7%d8%b1-%d9%84%d9%8a%d9%85%d9%88%d9%86-%d8%a7%d9%84%d8%b3%d9%8a%d8%a7%d8%b1%d8%a7%d8%aa\/#primaryimage"},"thumbnailUrl":"https:\/\/sella-industrie.com\/wp-content\/uploads\/2025\/06\/CITRON-1.webp","datePublished":"2025-06-25T08:56:13+00:00","dateModified":"2026-03-24T09:12:42+00:00","description":"Profitez d\u2019une fra\u00eecheur intense avec le Parfum voiture CITRON. Une senteur vive, \u00e9nergisante et longue dur\u00e9e qui garde votre habitacle propre et agr\u00e9able.","breadcrumb":{"@id":"https:\/\/sella-industrie.com\/produit\/parfum-voiture-citron-%d8%b9%d8%b7%d8%b1-%d9%84%d9%8a%d9%85%d9%88%d9%86-%d8%a7%d9%84%d8%b3%d9%8a%d8%a7%d8%b1%d8%a7%d8%aa\/#breadcrumb"},"inLanguage":"ar","potentialAction":[{"@type":"ReadAction","target":["https:\/\/sella-industrie.com\/produit\/parfum-voiture-citron-%d8%b9%d8%b7%d8%b1-%d9%84%d9%8a%d9%85%d9%88%d9%86-%d8%a7%d9%84%d8%b3%d9%8a%d8%a7%d8%b1%d8%a7%d8%aa\/"]}]},{"@type":"ImageObject","inLanguage":"ar","@id":"https:\/\/sella-industrie.com\/produit\/parfum-voiture-citron-%d8%b9%d8%b7%d8%b1-%d9%84%d9%8a%d9%85%d9%88%d9%86-%d8%a7%d9%84%d8%b3%d9%8a%d8%a7%d8%b1%d8%a7%d8%aa\/#primaryimage","url":"https:\/\/sella-industrie.com\/wp-content\/uploads\/2025\/06\/CITRON-1.webp","contentUrl":"https:\/\/sella-industrie.com\/wp-content\/uploads\/2025\/06\/CITRON-1.webp","width":1000,"height":1000,"caption":"Parfum voiture CITRON"},{"@type":"BreadcrumbList","@id":"https:\/\/sella-industrie.com\/produit\/parfum-voiture-citron-%d8%b9%d8%b7%d8%b1-%d9%84%d9%8a%d9%85%d9%88%d9%86-%d8%a7%d9%84%d8%b3%d9%8a%d8%a7%d8%b1%d8%a7%d8%aa\/#breadcrumb","itemListElement":[{"@type":"ListItem","position":1,"name":"Accueil","item":"https:\/\/sella-industrie.com\/fr_fr\/"},{"@type":"ListItem","position":2,"name":"Shop","item":"https:\/\/sella-industrie.com\/fr_fr\/shop\/"},{"@type":"ListItem","position":3,"name":"Miniatures Carr\u00e9es","item":"https:\/\/sella-industrie.com\/categorie-produit\/miniatures-carrees\/"},{"@type":"ListItem","position":4,"name":"Parfum voiture CITRON"}]},{"@type":"WebSite","@id":"https:\/\/sella-industrie.com\/#website","url":"https:\/\/sella-industrie.com\/","name":"Boutique \"V6\"","description":"We care for your car","publisher":{"@id":"https:\/\/sella-industrie.com\/#organization"},"potentialAction":[{"@type":"SearchAction","target":{"@type":"EntryPoint","urlTemplate":"https:\/\/sella-industrie.com\/?s={search_term_string}"},"query-input":{"@type":"PropertyValueSpecification","valueRequired":true,"valueName":"search_term_string"}}],"inLanguage":"ar"},{"@type":"Organization","@id":"https:\/\/sella-industrie.com\/#organization","name":"Boutique \"V6\"","url":"https:\/\/sella-industrie.com\/","logo":{"@type":"ImageObject","inLanguage":"ar","@id":"https:\/\/sella-industrie.com\/#\/schema\/logo\/image\/","url":"https:\/\/sella-industrie.com\/wp-content\/uploads\/2024\/05\/LOGO-V6-PNG-1.png","contentUrl":"https:\/\/sella-industrie.com\/wp-content\/uploads\/2024\/05\/LOGO-V6-PNG-1.png","width":797,"height":517,"caption":"Boutique \"V6\""},"image":{"@id":"https:\/\/sella-industrie.com\/#\/schema\/logo\/image\/"},"sameAs":["https:\/\/www.facebook.com\/V6accessoiresauto?mibextid=wwXIfr&rdid=07l1PwXhFBuWBfmW&share_url=httpswww.facebook.comshare169W2vbvizmibextidwwXIfr#","https:\/\/www.tiktok.com\/@v6.accessoires.au","https:\/\/www.instagram.com\/v6_accessoires_auto?igsh=aXE2NjUwOG5xNnQz","https:\/\/www.youtube.com\/channel\/UCtkk-L1mBLEmRweenaR4s7w"]}]},"product_price_amount":"500","product_price_currency":"DZD","og_availability":"instock","product_availability":"instock","product_condition":"new"},"_links":{"self":[{"href":"https:\/\/sella-industrie.com\/ar\/wp-json\/wp\/v2\/product\/34247","targetHints":{"allow":["GET"]}}],"collection":[{"href":"https:\/\/sella-industrie.com\/ar\/wp-json\/wp\/v2\/product"}],"about":[{"href":"https:\/\/sella-industrie.com\/ar\/wp-json\/wp\/v2\/types\/product"}],"replies":[{"embeddable":true,"href":"https:\/\/sella-industrie.com\/ar\/wp-json\/wp\/v2\/comments?post=34247"}],"wp:featuredmedia":[{"embeddable":true,"href":"https:\/\/sella-industrie.com\/ar\/wp-json\/wp\/v2\/media\/38011"}],"wp:attachment":[{"href":"https:\/\/sella-industrie.com\/ar\/wp-json\/wp\/v2\/media?parent=34247"}],"wp:term":[{"taxonomy":"product_brand","embeddable":true,"href":"https:\/\/sella-industrie.com\/ar\/wp-json\/wp\/v2\/product_brand?post=34247"},{"taxonomy":"product_cat","embeddable":true,"href":"https:\/\/sella-industrie.com\/ar\/wp-json\/wp\/v2\/product_cat?post=34247"},{"taxonomy":"product_tag","embeddable":true,"href":"https:\/\/sella-industrie.com\/ar\/wp-json\/wp\/v2\/product_tag?post=34247"}],"curies":[{"name":"wp","href":"https:\/\/api.w.org\/{rel}","templated":true}]}}