{"id":34229,"date":"2025-06-25T08:43:39","date_gmt":"2025-06-25T08:43:39","guid":{"rendered":"https:\/\/sellaindustrie.com\/?post_type=product&#038;p=34229"},"modified":"2026-03-24T09:04:06","modified_gmt":"2026-03-24T09:04:06","slug":"parfum-voiture-vanille-miniature-carree-%d8%b9%d8%b7%d8%b1-%d8%a7%d9%84%d8%b3%d9%8a%d8%a7%d8%b1%d8%a7%d8%aa-%d9%81%d8%a7%d9%86%d9%8a%d9%84%d8%a7","status":"publish","type":"product","link":"https:\/\/sella-industrie.com\/ar\/product\/parfum-voiture-vanille-miniature-carree-%d8%b9%d8%b7%d8%b1-%d8%a7%d9%84%d8%b3%d9%8a%d8%a7%d8%b1%d8%a7%d8%aa-%d9%81%d8%a7%d9%86%d9%8a%d9%84%d8%a7\/","title":{"rendered":"Parfum voiture VANILLE"},"content":{"rendered":"<h2 style=\"text-align: center;\">Parfum voiture VANILLE \u0639\u0637\u0631 \u0627\u0644\u0633\u064a\u0627\u0631\u0627\u062a \u0641\u0627\u0646\u064a\u0644\u0627<\/h2>\n<p style=\"text-align: left;\"><strong>Parfum voiture VANILLE<\/strong>, miniature carr\u00e9e. Gr\u00e2ce \u00e0 son format il s\u2019int\u00e8gre facilement dans toutes les voitures tout en apportant une touche design et sportive. Suavit\u00e9 classique et r\u00e9confortante. Il est parfait pour ceux qui aiment les <a href=\"https:\/\/sella-industrie.com\/ar\/product\/parfum-voiture-citron-%d8%b9%d8%b7%d8%b1-%d9%84%d9%8a%d9%85%d9%88%d9%86-%d8%a7%d9%84%d8%b3%d9%8a%d8%a7%d8%b1%d8%a7%d8%aa\/\">parfums gourmands<\/a>, subtils et \u00e9l\u00e9gants. Notes olfactives : notes vanill\u00e9es, notes douces et gourmandes, ambiance chaleureuse, sensation r\u00e9confortante, parfum agr\u00e9able et durable, atmosph\u00e8re douce et relaxante. Ce parfum cr\u00e9e<a href=\"https:\/\/www.facebook.com\/V6accessoiresauto?mibextid=wwXIfr&amp;rdid=07l1PwXhFBuWBfmW&amp;share_url=https%3A%2F%2Fwww.facebook.com%2Fshare%2F169W2vbviz%2F%3Fmibextid%3DwwXIfr#\" target=\"_blank\" rel=\"noopener\"> une ambiance cosy et agr\u00e9able<\/a> dans votre voiture.<\/p>\n<p style=\"text-align: right;\"><strong>\u0639\u0637\u0631 \u0627\u0644\u0633\u064a\u0627\u0631\u0627\u062a \u0641\u0627\u0646\u064a\u0644\u0627<\/strong>\u060c \u0645\u0631\u0628\u0639 \u0635\u063a\u064a\u0631. \u0628\u0641\u0636\u0644 \u062d\u062c\u0645\u0647\u060c \u064a\u0646\u0627\u0633\u0628 \u0623\u064a \u0633\u064a\u0627\u0631\u0629 \u0628\u0633\u0647\u0648\u0644\u0629 \u0648\u064a\u0636\u0641\u064a \u0644\u0645\u0633\u0629 \u0631\u064a\u0627\u0636\u064a\u0629 \u0623\u0646\u064a\u0642\u0629. \u0646\u0639\u0648\u0645\u0629 \u0643\u0644\u0627\u0633\u064a\u0643\u064a\u0629 \u0648\u0645\u0631\u064a\u062d\u0629 \u0648\u062d\u0644\u0627\u0648\u0629 \u0643\u0644\u0627\u0633\u064a\u0643\u064a\u0629 \u062a\u0628\u0639\u062b \u0639\u0644\u0649 \u0627\u0644\u0631\u0627\u062d\u0629. \u0645\u062b\u0627\u0644\u064a \u0644\u0645\u062d\u0628\u064a \u0627\u0644\u0639\u0637\u0648\u0631 \u0627\u0644\u0641\u0627\u062e\u0631\u0629 \u0648\u0627\u0644\u0631\u0642\u064a\u0642\u0629 \u0648\u0627\u0644\u0623\u0646\u064a\u0642\u0629. \u0645\u0643\u0648\u0646\u0627\u062a \u0627\u0644\u0639\u0637\u0631: \u0646\u0641\u062d\u0627\u062a \u0627\u0644\u0641\u0627\u0646\u064a\u0644\u064a\u0627\u060c \u0646\u0641\u062d\u0627\u062a \u062d\u0644\u0648\u0629 \u0648\u0641\u0627\u062e\u0631\u0629\u060c \u0623\u062c\u0648\u0627\u0621 \u062f\u0627\u0641\u0626\u0629\u060c \u0625\u062d\u0633\u0627\u0633 \u0628\u0627\u0644\u0631\u0627\u062d\u0629\u060c \u0639\u0637\u0631 \u0644\u0637\u064a\u0641 \u064a\u062f\u0648\u0645 \u0637\u0648\u064a\u0644\u0627\u064b\u060c \u062c\u0648 \u0646\u0627\u0639\u0645 \u0648\u0645\u0631\u064a\u062d. \u064a\u062e\u0644\u0642 \u0647\u0630\u0627 \u0627\u0644\u0639\u0637\u0631 \u062c\u0648\u0627\u064b \u0645\u0631\u064a\u062d\u0627\u064b \u0648\u0645\u0645\u062a\u0639\u0627\u064b \u0641\u064a \u0633\u064a\u0627\u0631\u062a\u0643<\/p>\n<p><iframe loading=\"lazy\" title=\"\u0645\u0646\u064a\u0627\u062a\u0648\u0631 \u0645\u0631\u0628\u0639\u0629\" width=\"500\" height=\"281\" src=\"https:\/\/www.youtube.com\/embed\/fjr7DS7VmOM?feature=oembed\" frameborder=\"0\" allow=\"accelerometer; autoplay; clipboard-write; encrypted-media; gyroscope; picture-in-picture; web-share\" referrerpolicy=\"strict-origin-when-cross-origin\" allowfullscreen><\/iframe><\/p>","protected":false},"excerpt":{"rendered":"<h1 style=\"text-align: center;\">\u0639\u0637\u0631 \u0627\u0644\u0633\u064a\u0627\u0631\u0627\u062a \u0641\u0627\u0646\u064a\u0644\u0627<\/h1>\n<p style=\"text-align: left;\"><strong>Parfum voiture VANILLE<\/strong>, miniature carr\u00e9e. Gr\u00e2ce \u00e0 son format il s\u2019int\u00e8gre facilement dans toutes les voitures tout en apportant une touche design et sportive. Suavit\u00e9 classique et r\u00e9confortante. Il est parfait pour ceux qui aiment les parfums gourmands, subtils et \u00e9l\u00e9gants.<\/p>","protected":false},"featured_media":38008,"comment_status":"open","ping_status":"closed","template":"","meta":[],"product_brand":[292,293],"product_cat":[927],"product_tag":[],"class_list":{"0":"post-34229","1":"product","2":"type-product","3":"status-publish","4":"has-post-thumbnail","6":"product_brand-v6","7":"product_brand-sella","8":"product_cat-miniatures-carrees","10":"first","11":"instock","12":"taxable","13":"shipping-taxable","14":"purchasable","15":"product-type-simple"},"yoast_head":"<!-- This site is optimized with the Yoast SEO Premium plugin v27.1 (Yoast SEO v27.4) - https:\/\/yoast.com\/product\/yoast-seo-premium-wordpress\/ -->\n<title>Parfum voiture VANILLE - Boutique &quot;V6&quot;<\/title>\n<meta name=\"robots\" content=\"index, follow, max-snippet:-1, max-image-preview:large, max-video-preview:-1\" \/>\n<link rel=\"canonical\" href=\"https:\/\/sella-industrie.com\/ar\/product\/vanille-parfum-automobile-miniature-carree\/\" \/>\n<meta property=\"og:locale\" content=\"ar_AR\" \/>\n<meta property=\"og:type\" content=\"article\" \/>\n<meta property=\"og:title\" content=\"Parfum voiture VANILLE\" \/>\n<meta property=\"og:description\" content=\"\u0639\u0637\u0631 \u0627\u0644\u0633\u064a\u0627\u0631\u0627\u062a \u0641\u0627\u0646\u064a\u0644\u0627 Parfum voiture VANILLE, miniature carr\u00e9e. Gr\u00e2ce \u00e0 son format il s\u2019int\u00e8gre facilement dans toutes les voitures tout en apportant une touche design et sportive. Suavit\u00e9 classique et r\u00e9confortante. Il est parfait pour ceux qui aiment les parfums gourmands, subtils et \u00e9l\u00e9gants.\" \/>\n<meta property=\"og:url\" content=\"https:\/\/sella-industrie.com\/ar\/product\/vanille-parfum-automobile-miniature-carree\/\" \/>\n<meta property=\"og:site_name\" content=\"Boutique &quot;V6&quot;\" \/>\n<meta property=\"article:modified_time\" content=\"2026-03-24T09:04:06+00:00\" \/>\n<meta property=\"og:image\" content=\"https:\/\/sella-industrie.com\/wp-content\/uploads\/2024\/06\/VANILLE-4.png\" \/>\n\t<meta property=\"og:image:width\" content=\"1000\" \/>\n\t<meta property=\"og:image:height\" content=\"1000\" \/>\n\t<meta property=\"og:image:type\" content=\"image\/png\" \/>\n<meta name=\"twitter:card\" content=\"summary_large_image\" \/>\n<meta name=\"twitter:label1\" content=\"\u0627\u0644\u0633\u0639\u0631\" \/>\n\t<meta name=\"twitter:data1\" content=\"&#x62f;.&#x62c;&nbsp;500\" \/>\n\t<meta name=\"twitter:label2\" content=\"\u0627\u0644\u062a\u0648\u0641\u0631\" \/>\n\t<meta name=\"twitter:data2\" content=\"\u0645\u062a\u0648\u0641\u0631 \u0641\u064a \u0627\u0644\u0645\u062e\u0632\u0648\u0646\" \/>\n<script type=\"application\/ld+json\" class=\"yoast-schema-graph\">{\"@context\":\"https:\\\/\\\/schema.org\",\"@graph\":[{\"@type\":\"WebPage\",\"@id\":\"https:\\\/\\\/sella-industrie.com\\\/produit\\\/vanille-parfum-automobile-miniature-carree\\\/\",\"url\":\"https:\\\/\\\/sella-industrie.com\\\/produit\\\/vanille-parfum-automobile-miniature-carree\\\/\",\"name\":\"Parfum voiture VANILLE - Boutique &quot;V6&quot;\",\"isPartOf\":{\"@id\":\"https:\\\/\\\/sella-industrie.com\\\/#website\"},\"primaryImageOfPage\":{\"@id\":\"https:\\\/\\\/sella-industrie.com\\\/produit\\\/vanille-parfum-automobile-miniature-carree\\\/#primaryimage\"},\"image\":{\"@id\":\"https:\\\/\\\/sella-industrie.com\\\/produit\\\/vanille-parfum-automobile-miniature-carree\\\/#primaryimage\"},\"thumbnailUrl\":\"https:\\\/\\\/sella-industrie.com\\\/wp-content\\\/uploads\\\/2025\\\/06\\\/VANILLE-1.webp\",\"datePublished\":\"2025-06-25T08:43:39+00:00\",\"dateModified\":\"2026-03-24T09:04:06+00:00\",\"breadcrumb\":{\"@id\":\"https:\\\/\\\/sella-industrie.com\\\/produit\\\/vanille-parfum-automobile-miniature-carree\\\/#breadcrumb\"},\"inLanguage\":\"ar\",\"potentialAction\":[{\"@type\":\"ReadAction\",\"target\":[\"https:\\\/\\\/sella-industrie.com\\\/produit\\\/vanille-parfum-automobile-miniature-carree\\\/\"]}]},{\"@type\":\"ImageObject\",\"inLanguage\":\"ar\",\"@id\":\"https:\\\/\\\/sella-industrie.com\\\/produit\\\/vanille-parfum-automobile-miniature-carree\\\/#primaryimage\",\"url\":\"https:\\\/\\\/sella-industrie.com\\\/wp-content\\\/uploads\\\/2025\\\/06\\\/VANILLE-1.webp\",\"contentUrl\":\"https:\\\/\\\/sella-industrie.com\\\/wp-content\\\/uploads\\\/2025\\\/06\\\/VANILLE-1.webp\",\"width\":1000,\"height\":1000,\"caption\":\"Parfum voiture VANILLE\"},{\"@type\":\"BreadcrumbList\",\"@id\":\"https:\\\/\\\/sella-industrie.com\\\/produit\\\/vanille-parfum-automobile-miniature-carree\\\/#breadcrumb\",\"itemListElement\":[{\"@type\":\"ListItem\",\"position\":1,\"name\":\"Accueil\",\"item\":\"https:\\\/\\\/sella-industrie.com\\\/fr_fr\\\/\"},{\"@type\":\"ListItem\",\"position\":2,\"name\":\"Shop\",\"item\":\"https:\\\/\\\/sella-industrie.com\\\/fr_fr\\\/shop\\\/\"},{\"@type\":\"ListItem\",\"position\":3,\"name\":\"Parfums Auto\",\"item\":\"https:\\\/\\\/sella-industrie.com\\\/categorie-produit\\\/parfums-auto\\\/\"},{\"@type\":\"ListItem\",\"position\":4,\"name\":\"Vanille\"}]},{\"@type\":\"WebSite\",\"@id\":\"https:\\\/\\\/sella-industrie.com\\\/#website\",\"url\":\"https:\\\/\\\/sella-industrie.com\\\/\",\"name\":\"Boutique &quot;V6&quot;\",\"description\":\"We care for your car\",\"publisher\":{\"@id\":\"https:\\\/\\\/sella-industrie.com\\\/#organization\"},\"potentialAction\":[{\"@type\":\"SearchAction\",\"target\":{\"@type\":\"EntryPoint\",\"urlTemplate\":\"https:\\\/\\\/sella-industrie.com\\\/?s={search_term_string}\"},\"query-input\":{\"@type\":\"PropertyValueSpecification\",\"valueRequired\":true,\"valueName\":\"search_term_string\"}}],\"inLanguage\":\"ar\"},{\"@type\":\"Organization\",\"@id\":\"https:\\\/\\\/sella-industrie.com\\\/#organization\",\"name\":\"Boutique &quot;V6&quot;\",\"url\":\"https:\\\/\\\/sella-industrie.com\\\/\",\"logo\":{\"@type\":\"ImageObject\",\"inLanguage\":\"ar\",\"@id\":\"https:\\\/\\\/sella-industrie.com\\\/#\\\/schema\\\/logo\\\/image\\\/\",\"url\":\"\",\"contentUrl\":\"\",\"caption\":\"Boutique &quot;V6&quot;\"},\"image\":{\"@id\":\"https:\\\/\\\/sella-industrie.com\\\/#\\\/schema\\\/logo\\\/image\\\/\"}}]}<\/script>\n<meta property=\"product:price:amount\" content=\"500\" \/>\n<meta property=\"product:price:currency\" content=\"DZD\" \/>\n<meta property=\"og:availability\" content=\"instock\" \/>\n<meta property=\"product:availability\" content=\"instock\" \/>\n<meta property=\"product:condition\" content=\"new\" \/>\n<!-- \/ Yoast SEO Premium plugin. -->","yoast_head_json":{"title":"Parfum voiture VANILLE - Boutique &quot;V6&quot;","robots":{"index":"index","follow":"follow","max-snippet":"max-snippet:-1","max-image-preview":"max-image-preview:large","max-video-preview":"max-video-preview:-1"},"canonical":"https:\/\/sella-industrie.com\/ar\/product\/vanille-parfum-automobile-miniature-carree\/","og_locale":"ar_AR","og_type":"article","og_title":"Parfum voiture VANILLE","og_description":"\u0639\u0637\u0631 \u0627\u0644\u0633\u064a\u0627\u0631\u0627\u062a \u0641\u0627\u0646\u064a\u0644\u0627 Parfum voiture VANILLE, miniature carr\u00e9e. Gr\u00e2ce \u00e0 son format il s\u2019int\u00e8gre facilement dans toutes les voitures tout en apportant une touche design et sportive. Suavit\u00e9 classique et r\u00e9confortante. Il est parfait pour ceux qui aiment les parfums gourmands, subtils et \u00e9l\u00e9gants.","og_url":"https:\/\/sella-industrie.com\/ar\/product\/vanille-parfum-automobile-miniature-carree\/","og_site_name":"Boutique &quot;V6&quot;","article_modified_time":"2026-03-24T09:04:06+00:00","og_image":[{"width":1000,"height":1000,"url":"https:\/\/sella-industrie.com\/wp-content\/uploads\/2024\/06\/VANILLE-4.png","type":"image\/png"}],"twitter_card":"summary_large_image","twitter_misc":{"\u0627\u0644\u0633\u0639\u0631":"&#x62f;.&#x62c;&nbsp;500","\u0627\u0644\u062a\u0648\u0641\u0631":"\u0645\u062a\u0648\u0641\u0631 \u0641\u064a \u0627\u0644\u0645\u062e\u0632\u0648\u0646"},"schema":{"@context":"https:\/\/schema.org","@graph":[{"@type":"WebPage","@id":"https:\/\/sella-industrie.com\/produit\/vanille-parfum-automobile-miniature-carree\/","url":"https:\/\/sella-industrie.com\/produit\/vanille-parfum-automobile-miniature-carree\/","name":"Parfum voiture VANILLE - Boutique &quot;V6&quot;","isPartOf":{"@id":"https:\/\/sella-industrie.com\/#website"},"primaryImageOfPage":{"@id":"https:\/\/sella-industrie.com\/produit\/vanille-parfum-automobile-miniature-carree\/#primaryimage"},"image":{"@id":"https:\/\/sella-industrie.com\/produit\/vanille-parfum-automobile-miniature-carree\/#primaryimage"},"thumbnailUrl":"https:\/\/sella-industrie.com\/wp-content\/uploads\/2025\/06\/VANILLE-1.webp","datePublished":"2025-06-25T08:43:39+00:00","dateModified":"2026-03-24T09:04:06+00:00","breadcrumb":{"@id":"https:\/\/sella-industrie.com\/produit\/vanille-parfum-automobile-miniature-carree\/#breadcrumb"},"inLanguage":"ar","potentialAction":[{"@type":"ReadAction","target":["https:\/\/sella-industrie.com\/produit\/vanille-parfum-automobile-miniature-carree\/"]}]},{"@type":"ImageObject","inLanguage":"ar","@id":"https:\/\/sella-industrie.com\/produit\/vanille-parfum-automobile-miniature-carree\/#primaryimage","url":"https:\/\/sella-industrie.com\/wp-content\/uploads\/2025\/06\/VANILLE-1.webp","contentUrl":"https:\/\/sella-industrie.com\/wp-content\/uploads\/2025\/06\/VANILLE-1.webp","width":1000,"height":1000,"caption":"Parfum voiture VANILLE"},{"@type":"BreadcrumbList","@id":"https:\/\/sella-industrie.com\/produit\/vanille-parfum-automobile-miniature-carree\/#breadcrumb","itemListElement":[{"@type":"ListItem","position":1,"name":"Accueil","item":"https:\/\/sella-industrie.com\/fr_fr\/"},{"@type":"ListItem","position":2,"name":"Shop","item":"https:\/\/sella-industrie.com\/fr_fr\/shop\/"},{"@type":"ListItem","position":3,"name":"Parfums Auto","item":"https:\/\/sella-industrie.com\/categorie-produit\/parfums-auto\/"},{"@type":"ListItem","position":4,"name":"Vanille"}]},{"@type":"WebSite","@id":"https:\/\/sella-industrie.com\/#website","url":"https:\/\/sella-industrie.com\/","name":"Boutique &quot;V6&quot;","description":"We care for your car","publisher":{"@id":"https:\/\/sella-industrie.com\/#organization"},"potentialAction":[{"@type":"SearchAction","target":{"@type":"EntryPoint","urlTemplate":"https:\/\/sella-industrie.com\/?s={search_term_string}"},"query-input":{"@type":"PropertyValueSpecification","valueRequired":true,"valueName":"search_term_string"}}],"inLanguage":"ar"},{"@type":"Organization","@id":"https:\/\/sella-industrie.com\/#organization","name":"Boutique &quot;V6&quot;","url":"https:\/\/sella-industrie.com\/","logo":{"@type":"ImageObject","inLanguage":"ar","@id":"https:\/\/sella-industrie.com\/#\/schema\/logo\/image\/","url":"","contentUrl":"","caption":"Boutique &quot;V6&quot;"},"image":{"@id":"https:\/\/sella-industrie.com\/#\/schema\/logo\/image\/"}}]},"product_price_amount":"500","product_price_currency":"DZD","og_availability":"instock","product_availability":"instock","product_condition":"new"},"_links":{"self":[{"href":"https:\/\/sella-industrie.com\/ar\/wp-json\/wp\/v2\/product\/34229","targetHints":{"allow":["GET"]}}],"collection":[{"href":"https:\/\/sella-industrie.com\/ar\/wp-json\/wp\/v2\/product"}],"about":[{"href":"https:\/\/sella-industrie.com\/ar\/wp-json\/wp\/v2\/types\/product"}],"replies":[{"embeddable":true,"href":"https:\/\/sella-industrie.com\/ar\/wp-json\/wp\/v2\/comments?post=34229"}],"wp:featuredmedia":[{"embeddable":true,"href":"https:\/\/sella-industrie.com\/ar\/wp-json\/wp\/v2\/media\/38008"}],"wp:attachment":[{"href":"https:\/\/sella-industrie.com\/ar\/wp-json\/wp\/v2\/media?parent=34229"}],"wp:term":[{"taxonomy":"product_brand","embeddable":true,"href":"https:\/\/sella-industrie.com\/ar\/wp-json\/wp\/v2\/product_brand?post=34229"},{"taxonomy":"product_cat","embeddable":true,"href":"https:\/\/sella-industrie.com\/ar\/wp-json\/wp\/v2\/product_cat?post=34229"},{"taxonomy":"product_tag","embeddable":true,"href":"https:\/\/sella-industrie.com\/ar\/wp-json\/wp\/v2\/product_tag?post=34229"}],"curies":[{"name":"wp","href":"https:\/\/api.w.org\/{rel}","templated":true}]}}