{"id":34202,"date":"2025-06-25T08:19:53","date_gmt":"2025-06-25T08:19:53","guid":{"rendered":"https:\/\/sellaindustrie.com\/?post_type=product&#038;p=34202"},"modified":"2026-03-24T09:47:04","modified_gmt":"2026-03-24T09:47:04","slug":"parfum-voiture-menthe-miniature-carree-%d8%b9%d8%b7%d8%b1-%d8%a7%d9%84%d8%b3%d9%8a%d8%a7%d8%b1%d8%a7%d8%aa-%d9%86%d8%b9%d9%86%d8%a7%d8%b9","status":"publish","type":"product","link":"https:\/\/sella-industrie.com\/ar\/product\/parfum-voiture-menthe-miniature-carree-%d8%b9%d8%b7%d8%b1-%d8%a7%d9%84%d8%b3%d9%8a%d8%a7%d8%b1%d8%a7%d8%aa-%d9%86%d8%b9%d9%86%d8%a7%d8%b9\/","title":{"rendered":"Parfum voiture MENTHE"},"content":{"rendered":"<h2 style=\"text-align: center;\">Parfum voiture MENTHE \u0639\u0637\u0631 \u0627\u0644\u0633\u064a\u0627\u0631\u0627\u062a \u0646\u0639\u0646\u0627\u0639<\/h2>\n<p style=\"text-align: left;\"><strong>Parfum voiture MENTHE<\/strong>, miniature carr\u00e9e. Gr\u00e2ce \u00e0 son format il s\u2019int\u00e8gre facilement dans toutes les voitures tout en apportant une touche design et sportive. Douceur Asiatique et chaleureuse. d\u00e9sodorisant voiture fra\u00eecheur menthol\u00e9e longue dur\u00e9e. Parfum automobile frais, propre et apaisant au design compact et moderne. Son parfum de menthe apporte une sensation de fra\u00eecheur intense et de propret\u00e9, id\u00e9ale pour rendre l\u2019int\u00e9rieur de votre voiture agr\u00e9able au quotidien. La menthe est connue pour son effet <a href=\"https:\/\/www.tiktok.com\/@v6.accessoires.au\" target=\"_blank\" rel=\"noopener\">rafra\u00eechissant et apaisant<\/a>. Notes olfactives : notes menthol\u00e9es fra\u00eeches, <a href=\"https:\/\/sella-industrie.com\/ar\/product\/moderne-parfum-automobile-miniature-carree\/\">senteur v\u00e9g\u00e9tale l\u00e9g\u00e8re<\/a>, ambiance propre, sensation rafra\u00eechissante, atmosph\u00e8re apaisante, parfum longue dur\u00e9e. Ce parfum est parfait pour les personnes qui aiment les parfums frais, propres et naturels.<\/p>\n<p style=\"text-align: right;\"><strong>\u0639\u0637\u0631 \u0627\u0644\u0633\u064a\u0627\u0631\u0627\u062a \u0646\u0639\u0646\u0627\u0639<\/strong>\u060c \u200b\u200b\u0645\u0631\u0628\u0639 \u0635\u063a\u064a\u0631 \u0627\u0644\u062d\u062c\u0645. \u0628\u0641\u0636\u0644 \u062d\u062c\u0645\u0647\u060c \u064a\u0646\u0627\u0633\u0628 \u0623\u064a \u0633\u064a\u0627\u0631\u0629 \u0628\u0633\u0647\u0648\u0644\u0629\u060c \u062d\u0644\u0627\u0648\u0629 \u0622\u0633\u064a\u0648\u064a\u0629 \u062f\u0627\u0641\u0626\u0629 \u0648\u064a\u0636\u0641\u064a \u0644\u0645\u0633\u0629 \u0631\u064a\u0627\u0636\u064a\u0629 \u0623\u0646\u064a\u0642\u0629. \u062d\u0644\u0627\u0648\u0629 \u062f\u0627\u0641\u0626\u0629 \u0645\u0633\u062a\u0648\u062d\u0627\u0629 \u0645\u0646 \u0627\u0644\u0637\u0627\u0628\u0639 \u0627\u0644\u0622\u0633\u064a\u0648\u064a. \u0645\u0639\u0637\u0631 \u062c\u0648 \u0644\u0644\u0633\u064a\u0627\u0631\u0629 \u0628\u0631\u0627\u0626\u062d\u0629 \u0627\u0644\u0646\u0639\u0646\u0627\u0639 \u0627\u0644\u0645\u0646\u0639\u0634\u0629 \u062a\u062f\u0648\u0645 \u0637\u0648\u064a\u0644\u0627\u064b. \u0645\u0639\u0637\u0631 \u062c\u0648 \u0644\u0644\u0633\u064a\u0627\u0631\u0629 \u0628\u0631\u0627\u0626\u062d\u0629 \u0645\u0646\u0639\u0634\u0629 \u0648\u0646\u0638\u064a\u0641\u0629 \u0648\u0645\u0647\u062f\u0626\u0629\u060c \u0628\u062a\u0635\u0645\u064a\u0645 \u0639\u0635\u0631\u064a \u0648\u0635\u063a\u064a\u0631 \u0627\u0644\u062d\u062c\u0645. \u062a\u0645\u0646\u062d\u0643 \u0631\u0627\u0626\u062d\u0629 \u0627\u0644\u0646\u0639\u0646\u0627\u0639 \u0634\u0639\u0648\u0631\u064b\u0627 \u0642\u0648\u064a\u064b\u0627 \u0628\u0627\u0644\u0627\u0646\u062a\u0639\u0627\u0634 \u0648\u0627\u0644\u0646\u0638\u0627\u0641\u0629\u060c \u0645\u0645\u0627 \u064a\u062c\u0639\u0644 \u0645\u0642\u0635\u0648\u0631\u0629 \u0633\u064a\u0627\u0631\u062a\u0643 \u0645\u0631\u064a\u062d\u0629 \u0643\u0644 \u064a\u0648\u0645. \u064a\u064f\u0639\u0631\u0641 \u0627\u0644\u0646\u0639\u0646\u0627\u0639 \u0628\u062a\u0623\u062b\u064a\u0631\u0647 \u0627\u0644\u0645\u0646\u0639\u0634 \u0648\u0627\u0644\u0645\u0647\u062f\u0626. \u0645\u0643\u0648\u0646\u0627\u062a \u0627\u0644\u0639\u0637\u0631: \u0646\u0641\u062d\u0627\u062a \u0646\u0639\u0646\u0627\u0639 \u0645\u0646\u0639\u0634\u0629\u060c \u0631\u0627\u0626\u062d\u0629 \u0639\u0634\u0628\u064a\u0629 \u062e\u0641\u064a\u0641\u0629\u060c \u0623\u062c\u0648\u0627\u0621 \u0646\u0638\u064a\u0641\u0629\u060c \u0625\u062d\u0633\u0627\u0633 \u0628\u0627\u0644\u0627\u0646\u062a\u0639\u0627\u0634\u060c \u062c\u0648 \u0645\u0647\u062f\u0626\u060c \u0639\u0637\u0631 \u064a\u062f\u0648\u0645 \u0637\u0648\u064a\u0644\u0627\u064b. \u0647\u0630\u0627 \u0627\u0644\u0645\u0639\u0637\u0631 \u0645\u062b\u0627\u0644\u064a \u0644\u0645\u062d\u0628\u064a \u0627\u0644\u0631\u0648\u0627\u0626\u062d \u0627\u0644\u0645\u0646\u0639\u0634\u0629 \u0648\u0627\u0644\u0646\u0638\u064a\u0641\u0629 \u0648\u0627\u0644\u0637\u0628\u064a\u0639\u064a\u0629<\/p>\n<p><iframe loading=\"lazy\" title=\"\u0645\u0646\u064a\u0627\u062a\u0648\u0631 \u0645\u0631\u0628\u0639\u0629\" width=\"500\" height=\"281\" src=\"https:\/\/www.youtube.com\/embed\/fjr7DS7VmOM?feature=oembed\" frameborder=\"0\" allow=\"accelerometer; autoplay; clipboard-write; encrypted-media; gyroscope; picture-in-picture; web-share\" referrerpolicy=\"strict-origin-when-cross-origin\" allowfullscreen><\/iframe><\/p>","protected":false},"excerpt":{"rendered":"<h1 style=\"text-align: center;\">\u0639\u0637\u0631 \u0627\u0644\u0633\u064a\u0627\u0631\u0627\u062a \u0646\u0639\u0646\u0627\u0639<\/h1>\n<p style=\"text-align: left;\"><strong>Parfum voiture MENTHE<\/strong>, miniature carr\u00e9e. Gr\u00e2ce \u00e0 son format il s\u2019int\u00e8gre facilement dans toutes les voitures tout en apportant une touche design et sportive. Douceur Asiatique et chaleureuse. d\u00e9sodorisant voiture fra\u00eecheur menthol\u00e9e longue dur\u00e9e. Parfum automobile frais, propre et apaisant au design compact et moderne.<\/p>","protected":false},"featured_media":38015,"comment_status":"open","ping_status":"closed","template":"","meta":[],"product_brand":[292,293],"product_cat":[927],"product_tag":[],"class_list":{"0":"post-34202","1":"product","2":"type-product","3":"status-publish","4":"has-post-thumbnail","6":"product_brand-v6","7":"product_brand-sella","8":"product_cat-miniatures-carrees","10":"first","11":"instock","12":"taxable","13":"shipping-taxable","14":"purchasable","15":"product-type-simple"},"yoast_head":"<!-- This site is optimized with the Yoast SEO Premium plugin v27.1 (Yoast SEO v27.4) - https:\/\/yoast.com\/product\/yoast-seo-premium-wordpress\/ -->\n<title>Parfum voiture MENTHE - Boutique &quot;V6&quot;<\/title>\n<meta name=\"robots\" content=\"index, follow, max-snippet:-1, max-image-preview:large, max-video-preview:-1\" \/>\n<link rel=\"canonical\" href=\"https:\/\/sella-industrie.com\/ar\/product\/menthe-parfum-automobile-miniature-carree\/\" \/>\n<meta property=\"og:locale\" content=\"ar_AR\" \/>\n<meta property=\"og:type\" content=\"article\" \/>\n<meta property=\"og:title\" content=\"Parfum voiture MENTHE\" \/>\n<meta property=\"og:description\" content=\"\u0639\u0637\u0631 \u0627\u0644\u0633\u064a\u0627\u0631\u0627\u062a \u0646\u0639\u0646\u0627\u0639 Parfum voiture MENTHE, miniature carr\u00e9e. Gr\u00e2ce \u00e0 son format il s\u2019int\u00e8gre facilement dans toutes les voitures tout en apportant une touche design et sportive. Douceur Asiatique et chaleureuse. d\u00e9sodorisant voiture fra\u00eecheur menthol\u00e9e longue dur\u00e9e. Parfum automobile frais, propre et apaisant au design compact et moderne.\" \/>\n<meta property=\"og:url\" content=\"https:\/\/sella-industrie.com\/ar\/product\/menthe-parfum-automobile-miniature-carree\/\" \/>\n<meta property=\"og:site_name\" content=\"Boutique &quot;V6&quot;\" \/>\n<meta property=\"article:modified_time\" content=\"2026-03-24T09:47:04+00:00\" \/>\n<meta property=\"og:image\" content=\"https:\/\/sella-industrie.com\/wp-content\/uploads\/2024\/06\/MENTHE.png\" \/>\n\t<meta property=\"og:image:width\" content=\"1000\" \/>\n\t<meta property=\"og:image:height\" content=\"1000\" \/>\n\t<meta property=\"og:image:type\" content=\"image\/png\" \/>\n<meta name=\"twitter:card\" content=\"summary_large_image\" \/>\n<meta name=\"twitter:label1\" content=\"\u0627\u0644\u0633\u0639\u0631\" \/>\n\t<meta name=\"twitter:data1\" content=\"&#x62f;.&#x62c;&nbsp;500\" \/>\n\t<meta name=\"twitter:label2\" content=\"\u0627\u0644\u062a\u0648\u0641\u0631\" \/>\n\t<meta name=\"twitter:data2\" content=\"\u0645\u062a\u0648\u0641\u0631 \u0641\u064a \u0627\u0644\u0645\u062e\u0632\u0648\u0646\" \/>\n<script type=\"application\/ld+json\" class=\"yoast-schema-graph\">{\"@context\":\"https:\\\/\\\/schema.org\",\"@graph\":[{\"@type\":\"WebPage\",\"@id\":\"https:\\\/\\\/sella-industrie.com\\\/produit\\\/menthe-parfum-automobile-miniature-carree\\\/\",\"url\":\"https:\\\/\\\/sella-industrie.com\\\/produit\\\/menthe-parfum-automobile-miniature-carree\\\/\",\"name\":\"Parfum voiture MENTHE - Boutique &quot;V6&quot;\",\"isPartOf\":{\"@id\":\"https:\\\/\\\/sella-industrie.com\\\/#website\"},\"primaryImageOfPage\":{\"@id\":\"https:\\\/\\\/sella-industrie.com\\\/produit\\\/menthe-parfum-automobile-miniature-carree\\\/#primaryimage\"},\"image\":{\"@id\":\"https:\\\/\\\/sella-industrie.com\\\/produit\\\/menthe-parfum-automobile-miniature-carree\\\/#primaryimage\"},\"thumbnailUrl\":\"https:\\\/\\\/sella-industrie.com\\\/wp-content\\\/uploads\\\/2025\\\/06\\\/MENTHE-OK.webp\",\"datePublished\":\"2025-06-25T08:19:53+00:00\",\"dateModified\":\"2026-03-24T09:47:04+00:00\",\"breadcrumb\":{\"@id\":\"https:\\\/\\\/sella-industrie.com\\\/produit\\\/menthe-parfum-automobile-miniature-carree\\\/#breadcrumb\"},\"inLanguage\":\"ar\",\"potentialAction\":[{\"@type\":\"ReadAction\",\"target\":[\"https:\\\/\\\/sella-industrie.com\\\/produit\\\/menthe-parfum-automobile-miniature-carree\\\/\"]}]},{\"@type\":\"ImageObject\",\"inLanguage\":\"ar\",\"@id\":\"https:\\\/\\\/sella-industrie.com\\\/produit\\\/menthe-parfum-automobile-miniature-carree\\\/#primaryimage\",\"url\":\"https:\\\/\\\/sella-industrie.com\\\/wp-content\\\/uploads\\\/2025\\\/06\\\/MENTHE-OK.webp\",\"contentUrl\":\"https:\\\/\\\/sella-industrie.com\\\/wp-content\\\/uploads\\\/2025\\\/06\\\/MENTHE-OK.webp\",\"width\":1000,\"height\":1000,\"caption\":\"Parfum voiture MENTHE\"},{\"@type\":\"BreadcrumbList\",\"@id\":\"https:\\\/\\\/sella-industrie.com\\\/produit\\\/menthe-parfum-automobile-miniature-carree\\\/#breadcrumb\",\"itemListElement\":[{\"@type\":\"ListItem\",\"position\":1,\"name\":\"Accueil\",\"item\":\"https:\\\/\\\/sella-industrie.com\\\/fr_fr\\\/\"},{\"@type\":\"ListItem\",\"position\":2,\"name\":\"Shop\",\"item\":\"https:\\\/\\\/sella-industrie.com\\\/fr_fr\\\/shop\\\/\"},{\"@type\":\"ListItem\",\"position\":3,\"name\":\"Parfums Auto\",\"item\":\"https:\\\/\\\/sella-industrie.com\\\/categorie-produit\\\/parfums-auto\\\/\"},{\"@type\":\"ListItem\",\"position\":4,\"name\":\"Menthe\"}]},{\"@type\":\"WebSite\",\"@id\":\"https:\\\/\\\/sella-industrie.com\\\/#website\",\"url\":\"https:\\\/\\\/sella-industrie.com\\\/\",\"name\":\"Boutique &quot;V6&quot;\",\"description\":\"We care for your car\",\"publisher\":{\"@id\":\"https:\\\/\\\/sella-industrie.com\\\/#organization\"},\"potentialAction\":[{\"@type\":\"SearchAction\",\"target\":{\"@type\":\"EntryPoint\",\"urlTemplate\":\"https:\\\/\\\/sella-industrie.com\\\/?s={search_term_string}\"},\"query-input\":{\"@type\":\"PropertyValueSpecification\",\"valueRequired\":true,\"valueName\":\"search_term_string\"}}],\"inLanguage\":\"ar\"},{\"@type\":\"Organization\",\"@id\":\"https:\\\/\\\/sella-industrie.com\\\/#organization\",\"name\":\"Boutique &quot;V6&quot;\",\"url\":\"https:\\\/\\\/sella-industrie.com\\\/\",\"logo\":{\"@type\":\"ImageObject\",\"inLanguage\":\"ar\",\"@id\":\"https:\\\/\\\/sella-industrie.com\\\/#\\\/schema\\\/logo\\\/image\\\/\",\"url\":\"\",\"contentUrl\":\"\",\"caption\":\"Boutique &quot;V6&quot;\"},\"image\":{\"@id\":\"https:\\\/\\\/sella-industrie.com\\\/#\\\/schema\\\/logo\\\/image\\\/\"}}]}<\/script>\n<meta property=\"product:price:amount\" content=\"500\" \/>\n<meta property=\"product:price:currency\" content=\"DZD\" \/>\n<meta property=\"og:availability\" content=\"instock\" \/>\n<meta property=\"product:availability\" content=\"instock\" \/>\n<meta property=\"product:condition\" content=\"new\" \/>\n<!-- \/ Yoast SEO Premium plugin. -->","yoast_head_json":{"title":"Parfum voiture MENTHE - Boutique &quot;V6&quot;","robots":{"index":"index","follow":"follow","max-snippet":"max-snippet:-1","max-image-preview":"max-image-preview:large","max-video-preview":"max-video-preview:-1"},"canonical":"https:\/\/sella-industrie.com\/ar\/product\/menthe-parfum-automobile-miniature-carree\/","og_locale":"ar_AR","og_type":"article","og_title":"Parfum voiture MENTHE","og_description":"\u0639\u0637\u0631 \u0627\u0644\u0633\u064a\u0627\u0631\u0627\u062a \u0646\u0639\u0646\u0627\u0639 Parfum voiture MENTHE, miniature carr\u00e9e. Gr\u00e2ce \u00e0 son format il s\u2019int\u00e8gre facilement dans toutes les voitures tout en apportant une touche design et sportive. Douceur Asiatique et chaleureuse. d\u00e9sodorisant voiture fra\u00eecheur menthol\u00e9e longue dur\u00e9e. Parfum automobile frais, propre et apaisant au design compact et moderne.","og_url":"https:\/\/sella-industrie.com\/ar\/product\/menthe-parfum-automobile-miniature-carree\/","og_site_name":"Boutique &quot;V6&quot;","article_modified_time":"2026-03-24T09:47:04+00:00","og_image":[{"width":1000,"height":1000,"url":"https:\/\/sella-industrie.com\/wp-content\/uploads\/2024\/06\/MENTHE.png","type":"image\/png"}],"twitter_card":"summary_large_image","twitter_misc":{"\u0627\u0644\u0633\u0639\u0631":"&#x62f;.&#x62c;&nbsp;500","\u0627\u0644\u062a\u0648\u0641\u0631":"\u0645\u062a\u0648\u0641\u0631 \u0641\u064a \u0627\u0644\u0645\u062e\u0632\u0648\u0646"},"schema":{"@context":"https:\/\/schema.org","@graph":[{"@type":"WebPage","@id":"https:\/\/sella-industrie.com\/produit\/menthe-parfum-automobile-miniature-carree\/","url":"https:\/\/sella-industrie.com\/produit\/menthe-parfum-automobile-miniature-carree\/","name":"Parfum voiture MENTHE - Boutique &quot;V6&quot;","isPartOf":{"@id":"https:\/\/sella-industrie.com\/#website"},"primaryImageOfPage":{"@id":"https:\/\/sella-industrie.com\/produit\/menthe-parfum-automobile-miniature-carree\/#primaryimage"},"image":{"@id":"https:\/\/sella-industrie.com\/produit\/menthe-parfum-automobile-miniature-carree\/#primaryimage"},"thumbnailUrl":"https:\/\/sella-industrie.com\/wp-content\/uploads\/2025\/06\/MENTHE-OK.webp","datePublished":"2025-06-25T08:19:53+00:00","dateModified":"2026-03-24T09:47:04+00:00","breadcrumb":{"@id":"https:\/\/sella-industrie.com\/produit\/menthe-parfum-automobile-miniature-carree\/#breadcrumb"},"inLanguage":"ar","potentialAction":[{"@type":"ReadAction","target":["https:\/\/sella-industrie.com\/produit\/menthe-parfum-automobile-miniature-carree\/"]}]},{"@type":"ImageObject","inLanguage":"ar","@id":"https:\/\/sella-industrie.com\/produit\/menthe-parfum-automobile-miniature-carree\/#primaryimage","url":"https:\/\/sella-industrie.com\/wp-content\/uploads\/2025\/06\/MENTHE-OK.webp","contentUrl":"https:\/\/sella-industrie.com\/wp-content\/uploads\/2025\/06\/MENTHE-OK.webp","width":1000,"height":1000,"caption":"Parfum voiture MENTHE"},{"@type":"BreadcrumbList","@id":"https:\/\/sella-industrie.com\/produit\/menthe-parfum-automobile-miniature-carree\/#breadcrumb","itemListElement":[{"@type":"ListItem","position":1,"name":"Accueil","item":"https:\/\/sella-industrie.com\/fr_fr\/"},{"@type":"ListItem","position":2,"name":"Shop","item":"https:\/\/sella-industrie.com\/fr_fr\/shop\/"},{"@type":"ListItem","position":3,"name":"Parfums Auto","item":"https:\/\/sella-industrie.com\/categorie-produit\/parfums-auto\/"},{"@type":"ListItem","position":4,"name":"Menthe"}]},{"@type":"WebSite","@id":"https:\/\/sella-industrie.com\/#website","url":"https:\/\/sella-industrie.com\/","name":"Boutique &quot;V6&quot;","description":"We care for your car","publisher":{"@id":"https:\/\/sella-industrie.com\/#organization"},"potentialAction":[{"@type":"SearchAction","target":{"@type":"EntryPoint","urlTemplate":"https:\/\/sella-industrie.com\/?s={search_term_string}"},"query-input":{"@type":"PropertyValueSpecification","valueRequired":true,"valueName":"search_term_string"}}],"inLanguage":"ar"},{"@type":"Organization","@id":"https:\/\/sella-industrie.com\/#organization","name":"Boutique &quot;V6&quot;","url":"https:\/\/sella-industrie.com\/","logo":{"@type":"ImageObject","inLanguage":"ar","@id":"https:\/\/sella-industrie.com\/#\/schema\/logo\/image\/","url":"","contentUrl":"","caption":"Boutique &quot;V6&quot;"},"image":{"@id":"https:\/\/sella-industrie.com\/#\/schema\/logo\/image\/"}}]},"product_price_amount":"500","product_price_currency":"DZD","og_availability":"instock","product_availability":"instock","product_condition":"new"},"_links":{"self":[{"href":"https:\/\/sella-industrie.com\/ar\/wp-json\/wp\/v2\/product\/34202","targetHints":{"allow":["GET"]}}],"collection":[{"href":"https:\/\/sella-industrie.com\/ar\/wp-json\/wp\/v2\/product"}],"about":[{"href":"https:\/\/sella-industrie.com\/ar\/wp-json\/wp\/v2\/types\/product"}],"replies":[{"embeddable":true,"href":"https:\/\/sella-industrie.com\/ar\/wp-json\/wp\/v2\/comments?post=34202"}],"wp:featuredmedia":[{"embeddable":true,"href":"https:\/\/sella-industrie.com\/ar\/wp-json\/wp\/v2\/media\/38015"}],"wp:attachment":[{"href":"https:\/\/sella-industrie.com\/ar\/wp-json\/wp\/v2\/media?parent=34202"}],"wp:term":[{"taxonomy":"product_brand","embeddable":true,"href":"https:\/\/sella-industrie.com\/ar\/wp-json\/wp\/v2\/product_brand?post=34202"},{"taxonomy":"product_cat","embeddable":true,"href":"https:\/\/sella-industrie.com\/ar\/wp-json\/wp\/v2\/product_cat?post=34202"},{"taxonomy":"product_tag","embeddable":true,"href":"https:\/\/sella-industrie.com\/ar\/wp-json\/wp\/v2\/product_tag?post=34202"}],"curies":[{"name":"wp","href":"https:\/\/api.w.org\/{rel}","templated":true}]}}