{"id":33899,"date":"2025-06-24T15:38:38","date_gmt":"2025-06-24T15:38:38","guid":{"rendered":"https:\/\/sellaindustrie.com\/?post_type=product&#038;p=33899"},"modified":"2026-04-15T09:33:42","modified_gmt":"2026-04-15T09:33:42","slug":"parfum-voiture-vanille-credit-card-%d8%b9%d8%b7%d8%b1-%d8%a7%d9%84%d8%b3%d9%8a%d8%a7%d8%b1%d8%a7%d8%aa-%d9%81%d8%a7%d9%86%d9%8a%d9%84%d8%a7","status":"publish","type":"product","link":"https:\/\/sella-industrie.com\/ar\/product\/parfum-voiture-vanille-credit-card-%d8%b9%d8%b7%d8%b1-%d8%a7%d9%84%d8%b3%d9%8a%d8%a7%d8%b1%d8%a7%d8%aa-%d9%81%d8%a7%d9%86%d9%8a%d9%84%d8%a7\/","title":{"rendered":"Parfum voiture VANILLE"},"content":{"rendered":"<h2 style=\"text-align: center;\">Parfum voiture VANILLE \u0639\u0637\u0631 \u0627\u0644\u0633\u064a\u0627\u0631\u0627\u062a \u0641\u0627\u0646\u064a\u0644\u0627<\/h2>\n<p><strong>Parfum voiture VANILLE<\/strong>, CREDIT CARD, suavit\u00e9 classique et r\u00e9confortante. Une Douceur Chaleureuse Pour Votre Habitacle, il diffuse une senteur douce, chaleureuse et r\u00e9confortante qui transforme imm\u00e9diatement l\u2019ambiance de votre v\u00e9hicule. Inspir\u00e9e de la vanille classique, sa fragrance enveloppante cr\u00e9e une <a href=\"https:\/\/www.facebook.com\/V6accessoiresauto?mibextid=wwXIfr&amp;rdid=07l1PwXhFBuWBfmW&amp;share_url=https%3A%2F%2Fwww.facebook.com%2Fshare%2F169W2vbviz%2F%3Fmibextid%3DwwXIfr#\" target=\"_blank\" rel=\"noopener\">atmosph\u00e8re agr\u00e9able et raffin\u00e9e<\/a> \u00e0 chaque trajet. Pens\u00e9 pour les amateurs de senteurs gourmandes et \u00e9l\u00e9gantes, il apporte une <a href=\"https:\/\/sella-industrie.com\/ar\/product\/parfum-voiture-lavande-credit-card-%d8%b9%d8%b7%d8%b1-%d8%a7%d9%84%d8%b3%d9%8a%d8%a7%d8%b1%d8%a9-%d9%84%d8%a7%d9%81%d9%86%d8%af%d8%b1-%d9%83%d8%b1%d8%af%d9%8a%d8%aa-%d9%83%d8%a7%d8%b1%d8%af\/\">sensation durable de confort<\/a>, de propret\u00e9 et de bien-\u00eatre dans l\u2019habitacle. Vanill\u00e9e Classique et Intemporelle, sa signature olfactive offre : douceur vanill\u00e9e chaleureuse, notes gourmandes et apaisantes, sensation imm\u00e9diate de confort, ambiance cocooning et raffin\u00e9e. Le parfum id\u00e9al pour cr\u00e9er une atmosph\u00e8re accueillante et relaxante dans votre voiture.<\/p>\n<p style=\"text-align: right;\"><strong>\u0639\u0637\u0631 \u0627\u0644\u0633\u064a\u0627\u0631\u0627\u062a \u0641\u0627\u0646\u064a\u0644\u0627 \u0643\u0631\u064a\u062f\u064a\u062a \u0643\u0627\u0631\u062f<\/strong>\u060c \u0628\u0631\u0627\u0626\u062d\u0629 \u0628\u0637\u0627\u0642\u0629 \u0627\u0644\u0627\u0626\u062a\u0645\u0627\u0646: \u062d\u0644\u0627\u0648\u0629 \u0643\u0644\u0627\u0633\u064a\u0643\u064a\u0629 \u062a\u0628\u0639\u062b \u0639\u0644\u0649 \u0627\u0644\u0631\u0627\u062d\u0629. \u064a\u0636\u0641\u064a \u0644\u0645\u0633\u0629 \u062f\u0627\u0641\u0626\u0629 \u0639\u0644\u0649 \u0645\u0642\u0635\u0648\u0631\u0629 \u0633\u064a\u0627\u0631\u062a\u0643\u060c \u062d\u064a\u062b \u064a\u0646\u0634\u0631 \u0631\u0627\u0626\u062d\u0629 \u0646\u0627\u0639\u0645\u0629 \u0648\u062f\u0627\u0641\u0626\u0629 \u062a\u0628\u0639\u062b \u0639\u0644\u0649 \u0627\u0644\u0631\u0627\u062d\u0629\u060c \u0645\u0645\u0627 \u064a\u064f\u063a\u064a\u0631 \u0623\u062c\u0648\u0627\u0621 \u0633\u064a\u0627\u0631\u062a\u0643 \u0639\u0644\u0649 \u0627\u0644\u0641\u0648\u0631. \u0645\u0633\u062a\u0648\u062d\u0649 \u0645\u0646 \u0627\u0644\u0641\u0627\u0646\u064a\u0644\u064a\u0627 \u0627\u0644\u0643\u0644\u0627\u0633\u064a\u0643\u064a\u0629\u060c \u064a\u062e\u0644\u0642 \u0639\u0637\u0631\u0647 \u0627\u0644\u0622\u0633\u0631 \u0623\u062c\u0648\u0627\u0621\u064b \u0644\u0637\u064a\u0641\u0629 \u0648\u0631\u0627\u0642\u064a\u0629 \u0644\u0643\u0644 \u0631\u062d\u0644\u0629. \u0635\u064f\u0645\u0645 \u062e\u0635\u064a\u0635\u064b\u0627 \u0644\u0639\u0634\u0627\u0642 \u0627\u0644\u0631\u0648\u0627\u0626\u062d \u0627\u0644\u0641\u0627\u062e\u0631\u0629 \u0648\u0627\u0644\u0623\u0646\u064a\u0642\u0629\u060c \u0644\u064a\u0645\u0646\u062d\u0647\u0645 \u0634\u0639\u0648\u0631\u064b\u0627 \u062f\u0627\u0626\u0645\u064b\u0627 \u0628\u0627\u0644\u0631\u0627\u062d\u0629 \u0648\u0627\u0644\u0646\u0638\u0627\u0641\u0629 \u0648\u0627\u0644\u0627\u0637\u0645\u0626\u0646\u0627\u0646 \u062f\u0627\u062e\u0644 \u0627\u0644\u0633\u064a\u0627\u0631\u0629. \u0641\u0627\u0646\u064a\u0644\u064a\u0627 \u0643\u0644\u0627\u0633\u064a\u0643\u064a\u0629 \u062e\u0627\u0644\u062f\u0629\u060c \u064a\u062a\u0645\u064a\u0632 \u0647\u0630\u0627 \u0627\u0644\u0639\u0637\u0631 \u0628\u0631\u0627\u0626\u062d\u0629 \u0645\u0645\u064a\u0632\u0629 \u062a\u062c\u0645\u0639 \u0628\u064a\u0646 \u062d\u0644\u0627\u0648\u0629 \u0627\u0644\u0641\u0627\u0646\u064a\u0644\u064a\u0627 \u0627\u0644\u062f\u0627\u0641\u0626\u0629\u060c \u0648\u0646\u0641\u062d\u0627\u062a \u0641\u0627\u062e\u0631\u0629 \u0648\u0645\u0647\u062f\u0626\u0629\u060c \u0648\u0634\u0639\u0648\u0631 \u0641\u0648\u0631\u064a \u0628\u0627\u0644\u0631\u0627\u062d\u0629\u060c \u0648\u0623\u062c\u0648\u0627\u0621 \u062f\u0627\u0641\u0626\u0629 \u0648\u0631\u0627\u0642\u064a\u0629. \u0627\u0644\u0639\u0637\u0631 \u0627\u0644\u0645\u062b\u0627\u0644\u064a \u0644\u062e\u0644\u0642 \u062c\u0648 \u062a\u0631\u062d\u064a\u0628\u064a \u0648\u0645\u0631\u064a\u062d \u0641\u064a \u0633\u064a\u0627\u0631\u062a\u0643<\/p>\n<p><iframe loading=\"lazy\" title=\"Credit Card\" width=\"500\" height=\"281\" src=\"https:\/\/www.youtube.com\/embed\/wNi_VcBV8wI?feature=oembed\" frameborder=\"0\" allow=\"accelerometer; autoplay; clipboard-write; encrypted-media; gyroscope; picture-in-picture; web-share\" referrerpolicy=\"strict-origin-when-cross-origin\" allowfullscreen><\/iframe><\/p>\n<p>&nbsp;<\/p>\n<p>&nbsp;<\/p>","protected":false},"excerpt":{"rendered":"<h1 style=\"text-align: center;\">\u0639\u0637\u0631 \u0627\u0644\u0633\u064a\u0627\u0631\u0627\u062a \u0641\u0627\u0646\u064a\u0644\u0627<\/h1>\n<p><strong>Parfum voiture VANILLE<\/strong>, CREDIT CARD, suavit\u00e9 classique et r\u00e9confortante. Une Douceur Chaleureuse Pour Votre Habitacle, il diffuse une senteur douce, chaleureuse et r\u00e9confortante qui transforme imm\u00e9diatement l\u2019ambiance de votre v\u00e9hicule. Inspir\u00e9e de la vanille classique, sa fragrance enveloppante cr\u00e9e une atmosph\u00e8re agr\u00e9able et raffin\u00e9e \u00e0 chaque trajet.<\/p>","protected":false},"featured_media":38297,"comment_status":"open","ping_status":"closed","template":"","meta":[],"product_brand":[293,292],"product_cat":[922],"product_tag":[],"class_list":{"0":"post-33899","1":"product","2":"type-product","3":"status-publish","4":"has-post-thumbnail","6":"product_brand-sella","7":"product_brand-v6","8":"product_cat-credit-card","10":"first","11":"instock","12":"taxable","13":"shipping-taxable","14":"purchasable","15":"product-type-simple"},"yoast_head":"<!-- This site is optimized with the Yoast SEO Premium plugin v27.1 (Yoast SEO v27.4) - https:\/\/yoast.com\/product\/yoast-seo-premium-wordpress\/ -->\n<title>Parfum voiture VANILLE - Boutique &quot;V6&quot;<\/title>\n<meta name=\"description\" content=\"Parfum voiture Vanille, Credit Card, doux et chaleureux, diffusant une fragrance vanill\u00e9e r\u00e9confortante pour un habitacle agr\u00e9able et raffin\u00e9.\" \/>\n<meta name=\"robots\" content=\"index, follow, max-snippet:-1, max-image-preview:large, max-video-preview:-1\" \/>\n<link rel=\"canonical\" href=\"https:\/\/sella-industrie.com\/ar\/product\/parfum-voiture-vanille-credit-card-\u0639\u0637\u0631-\u0627\u0644\u0633\u064a\u0627\u0631\u0627\u062a-\u0641\u0627\u0646\u064a\u0644\u0627\/\" \/>\n<meta property=\"og:locale\" content=\"ar_AR\" \/>\n<meta property=\"og:type\" content=\"article\" \/>\n<meta property=\"og:title\" content=\"Parfum voiture VANILLE\" \/>\n<meta property=\"og:description\" content=\"Parfum voiture Vanille, Credit Card, doux et chaleureux, diffusant une fragrance vanill\u00e9e r\u00e9confortante pour un habitacle agr\u00e9able et raffin\u00e9.\" \/>\n<meta property=\"og:url\" content=\"https:\/\/sella-industrie.com\/ar\/product\/parfum-voiture-vanille-credit-card-\u0639\u0637\u0631-\u0627\u0644\u0633\u064a\u0627\u0631\u0627\u062a-\u0641\u0627\u0646\u064a\u0644\u0627\/\" \/>\n<meta property=\"og:site_name\" content=\"Boutique &quot;V6&quot;\" \/>\n<meta property=\"article:modified_time\" content=\"2026-04-15T09:33:42+00:00\" \/>\n<meta property=\"og:image\" content=\"https:\/\/sella-industrie.com\/wp-content\/uploads\/2025\/06\/VANILLE-1-1.webp\" \/>\n\t<meta property=\"og:image:width\" content=\"1000\" \/>\n\t<meta property=\"og:image:height\" content=\"1000\" \/>\n\t<meta property=\"og:image:type\" content=\"image\/webp\" \/>\n<meta name=\"twitter:card\" content=\"summary_large_image\" \/>\n<meta name=\"twitter:label1\" content=\"\u0627\u0644\u0633\u0639\u0631\" \/>\n\t<meta name=\"twitter:data1\" content=\"&#x62f;.&#x62c;&nbsp;300\" \/>\n\t<meta name=\"twitter:label2\" content=\"\u0627\u0644\u062a\u0648\u0641\u0631\" \/>\n\t<meta name=\"twitter:data2\" content=\"\u0645\u062a\u0648\u0641\u0631 \u0641\u064a \u0627\u0644\u0645\u062e\u0632\u0648\u0646\" \/>\n<script type=\"application\/ld+json\" class=\"yoast-schema-graph\">{\"@context\":\"https:\\\/\\\/schema.org\",\"@graph\":[{\"@type\":\"WebPage\",\"@id\":\"https:\\\/\\\/sella-industrie.com\\\/produit\\\/parfum-voiture-vanille-credit-card-%d8%b9%d8%b7%d8%b1-%d8%a7%d9%84%d8%b3%d9%8a%d8%a7%d8%b1%d8%a7%d8%aa-%d9%81%d8%a7%d9%86%d9%8a%d9%84%d8%a7\\\/\",\"url\":\"https:\\\/\\\/sella-industrie.com\\\/produit\\\/parfum-voiture-vanille-credit-card-%d8%b9%d8%b7%d8%b1-%d8%a7%d9%84%d8%b3%d9%8a%d8%a7%d8%b1%d8%a7%d8%aa-%d9%81%d8%a7%d9%86%d9%8a%d9%84%d8%a7\\\/\",\"name\":\"Parfum voiture VANILLE - Boutique &quot;V6&quot;\",\"isPartOf\":{\"@id\":\"https:\\\/\\\/sella-industrie.com\\\/#website\"},\"primaryImageOfPage\":{\"@id\":\"https:\\\/\\\/sella-industrie.com\\\/produit\\\/parfum-voiture-vanille-credit-card-%d8%b9%d8%b7%d8%b1-%d8%a7%d9%84%d8%b3%d9%8a%d8%a7%d8%b1%d8%a7%d8%aa-%d9%81%d8%a7%d9%86%d9%8a%d9%84%d8%a7\\\/#primaryimage\"},\"image\":{\"@id\":\"https:\\\/\\\/sella-industrie.com\\\/produit\\\/parfum-voiture-vanille-credit-card-%d8%b9%d8%b7%d8%b1-%d8%a7%d9%84%d8%b3%d9%8a%d8%a7%d8%b1%d8%a7%d8%aa-%d9%81%d8%a7%d9%86%d9%8a%d9%84%d8%a7\\\/#primaryimage\"},\"thumbnailUrl\":\"https:\\\/\\\/sella-industrie.com\\\/wp-content\\\/uploads\\\/2025\\\/06\\\/VANILLE-1-1.webp\",\"datePublished\":\"2025-06-24T15:38:38+00:00\",\"dateModified\":\"2026-04-15T09:33:42+00:00\",\"description\":\"Parfum voiture Vanille, Credit Card, doux et chaleureux, diffusant une fragrance vanill\u00e9e r\u00e9confortante pour un habitacle agr\u00e9able et raffin\u00e9.\",\"breadcrumb\":{\"@id\":\"https:\\\/\\\/sella-industrie.com\\\/produit\\\/parfum-voiture-vanille-credit-card-%d8%b9%d8%b7%d8%b1-%d8%a7%d9%84%d8%b3%d9%8a%d8%a7%d8%b1%d8%a7%d8%aa-%d9%81%d8%a7%d9%86%d9%8a%d9%84%d8%a7\\\/#breadcrumb\"},\"inLanguage\":\"ar\",\"potentialAction\":[{\"@type\":\"ReadAction\",\"target\":[\"https:\\\/\\\/sella-industrie.com\\\/produit\\\/parfum-voiture-vanille-credit-card-%d8%b9%d8%b7%d8%b1-%d8%a7%d9%84%d8%b3%d9%8a%d8%a7%d8%b1%d8%a7%d8%aa-%d9%81%d8%a7%d9%86%d9%8a%d9%84%d8%a7\\\/\"]}]},{\"@type\":\"ImageObject\",\"inLanguage\":\"ar\",\"@id\":\"https:\\\/\\\/sella-industrie.com\\\/produit\\\/parfum-voiture-vanille-credit-card-%d8%b9%d8%b7%d8%b1-%d8%a7%d9%84%d8%b3%d9%8a%d8%a7%d8%b1%d8%a7%d8%aa-%d9%81%d8%a7%d9%86%d9%8a%d9%84%d8%a7\\\/#primaryimage\",\"url\":\"https:\\\/\\\/sella-industrie.com\\\/wp-content\\\/uploads\\\/2025\\\/06\\\/VANILLE-1-1.webp\",\"contentUrl\":\"https:\\\/\\\/sella-industrie.com\\\/wp-content\\\/uploads\\\/2025\\\/06\\\/VANILLE-1-1.webp\",\"width\":1000,\"height\":1000,\"caption\":\"parfum voiture vanille\"},{\"@type\":\"BreadcrumbList\",\"@id\":\"https:\\\/\\\/sella-industrie.com\\\/produit\\\/parfum-voiture-vanille-credit-card-%d8%b9%d8%b7%d8%b1-%d8%a7%d9%84%d8%b3%d9%8a%d8%a7%d8%b1%d8%a7%d8%aa-%d9%81%d8%a7%d9%86%d9%8a%d9%84%d8%a7\\\/#breadcrumb\",\"itemListElement\":[{\"@type\":\"ListItem\",\"position\":1,\"name\":\"Accueil\",\"item\":\"https:\\\/\\\/sella-industrie.com\\\/fr_fr\\\/\"},{\"@type\":\"ListItem\",\"position\":2,\"name\":\"Shop\",\"item\":\"https:\\\/\\\/sella-industrie.com\\\/fr_fr\\\/shop\\\/\"},{\"@type\":\"ListItem\",\"position\":3,\"name\":\"CREDIT CARD\",\"item\":\"https:\\\/\\\/sella-industrie.com\\\/categorie-produit\\\/credit-card\\\/\"},{\"@type\":\"ListItem\",\"position\":4,\"name\":\"Parfum voiture VANILLE\"}]},{\"@type\":\"WebSite\",\"@id\":\"https:\\\/\\\/sella-industrie.com\\\/#website\",\"url\":\"https:\\\/\\\/sella-industrie.com\\\/\",\"name\":\"Boutique &quot;V6&quot;\",\"description\":\"We care for your car\",\"publisher\":{\"@id\":\"https:\\\/\\\/sella-industrie.com\\\/#organization\"},\"potentialAction\":[{\"@type\":\"SearchAction\",\"target\":{\"@type\":\"EntryPoint\",\"urlTemplate\":\"https:\\\/\\\/sella-industrie.com\\\/?s={search_term_string}\"},\"query-input\":{\"@type\":\"PropertyValueSpecification\",\"valueRequired\":true,\"valueName\":\"search_term_string\"}}],\"inLanguage\":\"ar\"},{\"@type\":\"Organization\",\"@id\":\"https:\\\/\\\/sella-industrie.com\\\/#organization\",\"name\":\"Boutique &quot;V6&quot;\",\"url\":\"https:\\\/\\\/sella-industrie.com\\\/\",\"logo\":{\"@type\":\"ImageObject\",\"inLanguage\":\"ar\",\"@id\":\"https:\\\/\\\/sella-industrie.com\\\/#\\\/schema\\\/logo\\\/image\\\/\",\"url\":\"\",\"contentUrl\":\"\",\"caption\":\"Boutique &quot;V6&quot;\"},\"image\":{\"@id\":\"https:\\\/\\\/sella-industrie.com\\\/#\\\/schema\\\/logo\\\/image\\\/\"}}]}<\/script>\n<meta property=\"product:price:amount\" content=\"300\" \/>\n<meta property=\"product:price:currency\" content=\"DZD\" \/>\n<meta property=\"og:availability\" content=\"instock\" \/>\n<meta property=\"product:availability\" content=\"instock\" \/>\n<meta property=\"product:condition\" content=\"new\" \/>\n<!-- \/ Yoast SEO Premium plugin. -->","yoast_head_json":{"title":"Parfum voiture VANILLE - Boutique &quot;V6&quot;","description":"Parfum voiture Vanille, Credit Card, doux et chaleureux, diffusant une fragrance vanill\u00e9e r\u00e9confortante pour un habitacle agr\u00e9able et raffin\u00e9.","robots":{"index":"index","follow":"follow","max-snippet":"max-snippet:-1","max-image-preview":"max-image-preview:large","max-video-preview":"max-video-preview:-1"},"canonical":"https:\/\/sella-industrie.com\/ar\/product\/parfum-voiture-vanille-credit-card-\u0639\u0637\u0631-\u0627\u0644\u0633\u064a\u0627\u0631\u0627\u062a-\u0641\u0627\u0646\u064a\u0644\u0627\/","og_locale":"ar_AR","og_type":"article","og_title":"Parfum voiture VANILLE","og_description":"Parfum voiture Vanille, Credit Card, doux et chaleureux, diffusant une fragrance vanill\u00e9e r\u00e9confortante pour un habitacle agr\u00e9able et raffin\u00e9.","og_url":"https:\/\/sella-industrie.com\/ar\/product\/parfum-voiture-vanille-credit-card-\u0639\u0637\u0631-\u0627\u0644\u0633\u064a\u0627\u0631\u0627\u062a-\u0641\u0627\u0646\u064a\u0644\u0627\/","og_site_name":"Boutique &quot;V6&quot;","article_modified_time":"2026-04-15T09:33:42+00:00","og_image":[{"width":1000,"height":1000,"url":"https:\/\/sella-industrie.com\/wp-content\/uploads\/2025\/06\/VANILLE-1-1.webp","type":"image\/webp"}],"twitter_card":"summary_large_image","twitter_misc":{"\u0627\u0644\u0633\u0639\u0631":"&#x62f;.&#x62c;&nbsp;300","\u0627\u0644\u062a\u0648\u0641\u0631":"\u0645\u062a\u0648\u0641\u0631 \u0641\u064a \u0627\u0644\u0645\u062e\u0632\u0648\u0646"},"schema":{"@context":"https:\/\/schema.org","@graph":[{"@type":"WebPage","@id":"https:\/\/sella-industrie.com\/produit\/parfum-voiture-vanille-credit-card-%d8%b9%d8%b7%d8%b1-%d8%a7%d9%84%d8%b3%d9%8a%d8%a7%d8%b1%d8%a7%d8%aa-%d9%81%d8%a7%d9%86%d9%8a%d9%84%d8%a7\/","url":"https:\/\/sella-industrie.com\/produit\/parfum-voiture-vanille-credit-card-%d8%b9%d8%b7%d8%b1-%d8%a7%d9%84%d8%b3%d9%8a%d8%a7%d8%b1%d8%a7%d8%aa-%d9%81%d8%a7%d9%86%d9%8a%d9%84%d8%a7\/","name":"Parfum voiture VANILLE - Boutique &quot;V6&quot;","isPartOf":{"@id":"https:\/\/sella-industrie.com\/#website"},"primaryImageOfPage":{"@id":"https:\/\/sella-industrie.com\/produit\/parfum-voiture-vanille-credit-card-%d8%b9%d8%b7%d8%b1-%d8%a7%d9%84%d8%b3%d9%8a%d8%a7%d8%b1%d8%a7%d8%aa-%d9%81%d8%a7%d9%86%d9%8a%d9%84%d8%a7\/#primaryimage"},"image":{"@id":"https:\/\/sella-industrie.com\/produit\/parfum-voiture-vanille-credit-card-%d8%b9%d8%b7%d8%b1-%d8%a7%d9%84%d8%b3%d9%8a%d8%a7%d8%b1%d8%a7%d8%aa-%d9%81%d8%a7%d9%86%d9%8a%d9%84%d8%a7\/#primaryimage"},"thumbnailUrl":"https:\/\/sella-industrie.com\/wp-content\/uploads\/2025\/06\/VANILLE-1-1.webp","datePublished":"2025-06-24T15:38:38+00:00","dateModified":"2026-04-15T09:33:42+00:00","description":"Parfum voiture Vanille, Credit Card, doux et chaleureux, diffusant une fragrance vanill\u00e9e r\u00e9confortante pour un habitacle agr\u00e9able et raffin\u00e9.","breadcrumb":{"@id":"https:\/\/sella-industrie.com\/produit\/parfum-voiture-vanille-credit-card-%d8%b9%d8%b7%d8%b1-%d8%a7%d9%84%d8%b3%d9%8a%d8%a7%d8%b1%d8%a7%d8%aa-%d9%81%d8%a7%d9%86%d9%8a%d9%84%d8%a7\/#breadcrumb"},"inLanguage":"ar","potentialAction":[{"@type":"ReadAction","target":["https:\/\/sella-industrie.com\/produit\/parfum-voiture-vanille-credit-card-%d8%b9%d8%b7%d8%b1-%d8%a7%d9%84%d8%b3%d9%8a%d8%a7%d8%b1%d8%a7%d8%aa-%d9%81%d8%a7%d9%86%d9%8a%d9%84%d8%a7\/"]}]},{"@type":"ImageObject","inLanguage":"ar","@id":"https:\/\/sella-industrie.com\/produit\/parfum-voiture-vanille-credit-card-%d8%b9%d8%b7%d8%b1-%d8%a7%d9%84%d8%b3%d9%8a%d8%a7%d8%b1%d8%a7%d8%aa-%d9%81%d8%a7%d9%86%d9%8a%d9%84%d8%a7\/#primaryimage","url":"https:\/\/sella-industrie.com\/wp-content\/uploads\/2025\/06\/VANILLE-1-1.webp","contentUrl":"https:\/\/sella-industrie.com\/wp-content\/uploads\/2025\/06\/VANILLE-1-1.webp","width":1000,"height":1000,"caption":"parfum voiture vanille"},{"@type":"BreadcrumbList","@id":"https:\/\/sella-industrie.com\/produit\/parfum-voiture-vanille-credit-card-%d8%b9%d8%b7%d8%b1-%d8%a7%d9%84%d8%b3%d9%8a%d8%a7%d8%b1%d8%a7%d8%aa-%d9%81%d8%a7%d9%86%d9%8a%d9%84%d8%a7\/#breadcrumb","itemListElement":[{"@type":"ListItem","position":1,"name":"Accueil","item":"https:\/\/sella-industrie.com\/fr_fr\/"},{"@type":"ListItem","position":2,"name":"Shop","item":"https:\/\/sella-industrie.com\/fr_fr\/shop\/"},{"@type":"ListItem","position":3,"name":"CREDIT CARD","item":"https:\/\/sella-industrie.com\/categorie-produit\/credit-card\/"},{"@type":"ListItem","position":4,"name":"Parfum voiture VANILLE"}]},{"@type":"WebSite","@id":"https:\/\/sella-industrie.com\/#website","url":"https:\/\/sella-industrie.com\/","name":"Boutique &quot;V6&quot;","description":"We care for your car","publisher":{"@id":"https:\/\/sella-industrie.com\/#organization"},"potentialAction":[{"@type":"SearchAction","target":{"@type":"EntryPoint","urlTemplate":"https:\/\/sella-industrie.com\/?s={search_term_string}"},"query-input":{"@type":"PropertyValueSpecification","valueRequired":true,"valueName":"search_term_string"}}],"inLanguage":"ar"},{"@type":"Organization","@id":"https:\/\/sella-industrie.com\/#organization","name":"Boutique &quot;V6&quot;","url":"https:\/\/sella-industrie.com\/","logo":{"@type":"ImageObject","inLanguage":"ar","@id":"https:\/\/sella-industrie.com\/#\/schema\/logo\/image\/","url":"","contentUrl":"","caption":"Boutique &quot;V6&quot;"},"image":{"@id":"https:\/\/sella-industrie.com\/#\/schema\/logo\/image\/"}}]},"product_price_amount":"300","product_price_currency":"DZD","og_availability":"instock","product_availability":"instock","product_condition":"new"},"_links":{"self":[{"href":"https:\/\/sella-industrie.com\/ar\/wp-json\/wp\/v2\/product\/33899","targetHints":{"allow":["GET"]}}],"collection":[{"href":"https:\/\/sella-industrie.com\/ar\/wp-json\/wp\/v2\/product"}],"about":[{"href":"https:\/\/sella-industrie.com\/ar\/wp-json\/wp\/v2\/types\/product"}],"replies":[{"embeddable":true,"href":"https:\/\/sella-industrie.com\/ar\/wp-json\/wp\/v2\/comments?post=33899"}],"wp:featuredmedia":[{"embeddable":true,"href":"https:\/\/sella-industrie.com\/ar\/wp-json\/wp\/v2\/media\/38297"}],"wp:attachment":[{"href":"https:\/\/sella-industrie.com\/ar\/wp-json\/wp\/v2\/media?parent=33899"}],"wp:term":[{"taxonomy":"product_brand","embeddable":true,"href":"https:\/\/sella-industrie.com\/ar\/wp-json\/wp\/v2\/product_brand?post=33899"},{"taxonomy":"product_cat","embeddable":true,"href":"https:\/\/sella-industrie.com\/ar\/wp-json\/wp\/v2\/product_cat?post=33899"},{"taxonomy":"product_tag","embeddable":true,"href":"https:\/\/sella-industrie.com\/ar\/wp-json\/wp\/v2\/product_tag?post=33899"}],"curies":[{"name":"wp","href":"https:\/\/api.w.org\/{rel}","templated":true}]}}