{"id":33861,"date":"2025-06-24T14:53:21","date_gmt":"2025-06-24T14:53:21","guid":{"rendered":"https:\/\/sellaindustrie.com\/?post_type=product&#038;p=33861"},"modified":"2026-04-15T10:11:40","modified_gmt":"2026-04-15T10:11:40","slug":"parfum-voiture-vanille-coco-credit-card-%d8%b9%d8%b7%d8%b1-%d8%a7%d9%84%d8%b3%d9%8a%d8%a7%d8%b1%d8%a7%d8%aa-%d8%ac%d9%88%d8%b2-%d8%a7%d9%84%d9%87%d9%86%d8%af-%d9%81%d8%a7%d9%86%d9%8a%d9%84%d8%a7","status":"publish","type":"product","link":"https:\/\/sella-industrie.com\/ar\/product\/parfum-voiture-vanille-coco-credit-card-%d8%b9%d8%b7%d8%b1-%d8%a7%d9%84%d8%b3%d9%8a%d8%a7%d8%b1%d8%a7%d8%aa-%d8%ac%d9%88%d8%b2-%d8%a7%d9%84%d9%87%d9%86%d8%af-%d9%81%d8%a7%d9%86%d9%8a%d9%84%d8%a7\/","title":{"rendered":"Parfum voiture VANILLE COCO"},"content":{"rendered":"<h2 style=\"text-align: center;\">Parfum voiture VANILLE COCO \u0639\u0637\u0631 \u0627\u0644\u0633\u064a\u0627\u0631\u0627\u062a \u062c\u0648\u0632 \u0627\u0644\u0647\u0646\u062f \u0641\u0627\u0646\u064a\u0644\u0627<\/h2>\n<p><strong>Parfum voiture VANILLE COCO<\/strong>, CREDIT CARD, douceur exotique et chaleureuse. Il apporte une touche exotique et chaleureuse \u00e0 votre habitacle gr\u00e2ce \u00e0 son alliance parfaite entre la douceur de la vanille et la fra\u00eecheur tropicale de la noix de coco. Cette fragrance gourmande transforme chaque trajet en une <a href=\"https:\/\/www.instagram.com\/v6_accessoires_auto?igsh=aXE2NjUwOG5xNnQz\" target=\"_blank\" rel=\"noopener\">exp\u00e9rience sensorielle agr\u00e9able<\/a> et d\u00e9paysante. Pens\u00e9 pour les amateurs de senteurs chaudes et raffin\u00e9es, ce parfum voiture vanille coco diffuse une<a href=\"https:\/\/sella-industrie.com\/ar\/product\/parfum-voiture-citron-credit-card-%d8%b9%d8%b7%d8%b1-%d8%a7%d9%84%d8%b3%d9%8a%d8%a7%d8%b1%d8%a7%d8%aa-%d9%84%d9%8a%d9%85%d9%88%d9%86\/\"> ambiance accueillante<\/a>, \u00e9l\u00e9gante et relaxante dans votre v\u00e9hicule. Sa composition parfum\u00e9e offre : notes douces de vanille gourmande, fra\u00eecheur tropicale de noix de coco, sensation chaleureuse et apaisante, ambiance exotique et raffin\u00e9e. Parfait pour cr\u00e9er un environnement confortable et d\u00e9paysant dans votre voiture.<\/p>\n<p style=\"text-align: right;\"><strong>\u0639\u0637\u0631 \u0627\u0644\u0633\u064a\u0627\u0631\u0627\u062a \u062c\u0648\u0632 \u0627\u0644\u0647\u0646\u062f \u0641\u0627\u0646\u064a\u0644\u0627 \u0643\u0631\u064a\u062f\u064a\u062a \u0643\u0627\u0631\u062f<\/strong>\u060c \u0628\u0633\u0639\u0631 \u0628\u0637\u0627\u0642\u0629 \u0627\u0644\u0627\u0626\u062a\u0645\u0627\u0646: \u0645\u062a\u0639\u0629 \u062f\u0627\u0641\u0626\u0629 \u0648\u0627\u0633\u062a\u0648\u0627\u0626\u064a\u0629. \u064a\u0636\u0641\u064a \u0644\u0645\u0633\u0629 \u0627\u0633\u062a\u0648\u0627\u0626\u064a\u0629 \u062c\u0630\u0627\u0628\u0629 \u0639\u0644\u0649 \u0645\u0642\u0635\u0648\u0631\u0629 \u0633\u064a\u0627\u0631\u062a\u0643 \u0628\u0641\u0636\u0644 \u0645\u0632\u064a\u062c\u0647 \u0627\u0644\u0645\u062b\u0627\u0644\u064a \u0645\u0646 \u062d\u0644\u0627\u0648\u0629 \u0627\u0644\u0641\u0627\u0646\u064a\u0644\u064a\u0627 \u0648\u0627\u0646\u062a\u0639\u0627\u0634 \u062c\u0648\u0632 \u0627\u0644\u0647\u0646\u062f \u0627\u0644\u0627\u0633\u062a\u0648\u0627\u0626\u064a. \u064a\u062d\u0648\u0651\u0644 \u0647\u0630\u0627 \u0627\u0644\u0639\u0637\u0631 \u0627\u0644\u0641\u0627\u062e\u0631 \u0643\u0644 \u0631\u062d\u0644\u0629 \u0625\u0644\u0649 \u062a\u062c\u0631\u0628\u0629 \u062d\u0633\u064a\u0629 \u0645\u0645\u062a\u0639\u0629 \u0648\u0645\u0646\u0639\u0634\u0629. \u0635\u064f\u0645\u0645 \u0647\u0630\u0627 \u0627\u0644\u0645\u0639\u0637\u0631 \u062e\u0635\u064a\u0635\u064b\u0627 \u0644\u0639\u0634\u0627\u0642 \u0627\u0644\u0631\u0648\u0627\u0626\u062d \u0627\u0644\u062f\u0627\u0641\u0626\u0629 \u0648\u0627\u0644\u0631\u0627\u0642\u064a\u0629\u060c \u0644\u064a\u062e\u0644\u0642 \u062c\u0648\u064b\u0627 \u0623\u0646\u064a\u0642\u064b\u0627 \u0648\u0645\u0631\u064a\u062d\u064b\u0627 \u062f\u0627\u062e\u0644 \u0633\u064a\u0627\u0631\u062a\u0643. \u062a\u062a\u0636\u0645\u0646 \u062a\u0631\u0643\u064a\u0628\u062a\u0647 \u0627\u0644\u0639\u0637\u0631\u064a\u0629: \u0646\u0641\u062d\u0627\u062a \u062d\u0644\u0648\u0629 \u0645\u0646 \u0627\u0644\u0641\u0627\u0646\u064a\u0644\u064a\u0627\u060c \u0648\u0627\u0646\u062a\u0639\u0627\u0634 \u062c\u0648\u0632 \u0627\u0644\u0647\u0646\u062f \u0627\u0644\u0627\u0633\u062a\u0648\u0627\u0626\u064a\u060c \u0648\u0625\u062d\u0633\u0627\u0633\u064b\u0627 \u062f\u0627\u0641\u0626\u064b\u0627 \u0648\u0645\u0647\u062f\u0626\u064b\u0627\u060c \u0648\u0623\u062c\u0648\u0627\u0621\u064b \u0627\u0633\u062a\u0648\u0627\u0626\u064a\u0629 \u0631\u0627\u0642\u064a\u0629. \u0645\u062b\u0627\u0644\u064a \u0644\u062e\u0644\u0642 \u0628\u064a\u0626\u0629 \u0645\u0631\u064a\u062d\u0629 \u0648\u0627\u0633\u062a\u0648\u0627\u0626\u064a\u0629 \u0641\u064a \u0633\u064a\u0627\u0631\u062a\u0643<\/p>\n<p><iframe loading=\"lazy\" title=\"Credit Card\" width=\"500\" height=\"281\" src=\"https:\/\/www.youtube.com\/embed\/wNi_VcBV8wI?feature=oembed\" frameborder=\"0\" allow=\"accelerometer; autoplay; clipboard-write; encrypted-media; gyroscope; picture-in-picture; web-share\" referrerpolicy=\"strict-origin-when-cross-origin\" allowfullscreen><\/iframe><\/p>\n<p>&nbsp;<\/p>\n<p>&nbsp;<\/p>","protected":false},"excerpt":{"rendered":"<h1 style=\"text-align: center;\">\u0639\u0637\u0631 \u0627\u0644\u0633\u064a\u0627\u0631\u0627\u062a \u062c\u0648\u0632 \u0627\u0644\u0647\u0646\u062f \u0641\u0627\u0646\u064a\u0644\u0627<\/h1>\n<p><strong>Parfum voiture VANILLE COCO<\/strong>, CREDIT CARD, douceur exotique et chaleureuse. Il apporte une touche exotique et chaleureuse \u00e0 votre habitacle gr\u00e2ce \u00e0 son alliance parfaite entre la douceur de la vanille et la fra\u00eecheur tropicale de la noix de coco. Cette fragrance gourmande transforme chaque trajet en une exp\u00e9rience sensorielle agr\u00e9able et d\u00e9paysante.<\/p>","protected":false},"featured_media":38302,"comment_status":"open","ping_status":"closed","template":"","meta":[],"product_brand":[293,292],"product_cat":[922],"product_tag":[],"class_list":{"0":"post-33861","1":"product","2":"type-product","3":"status-publish","4":"has-post-thumbnail","6":"product_brand-sella","7":"product_brand-v6","8":"product_cat-credit-card","10":"first","11":"instock","12":"taxable","13":"shipping-taxable","14":"purchasable","15":"product-type-simple"},"yoast_head":"<!-- This site is optimized with the Yoast SEO Premium plugin v27.1 (Yoast SEO v27.4) - https:\/\/yoast.com\/product\/yoast-seo-premium-wordpress\/ -->\n<title>Parfum voiture VANILLE COCO - Boutique &quot;V6&quot;<\/title>\n<meta name=\"description\" content=\"Parfum voiture Vanille Coco Credit Card : exotique, diffusant une senteur gourmande, chaude et tropicale pour un habitacle raffin\u00e9 et agr\u00e9able.\" \/>\n<meta name=\"robots\" content=\"index, follow, max-snippet:-1, max-image-preview:large, max-video-preview:-1\" \/>\n<link rel=\"canonical\" href=\"https:\/\/sella-industrie.com\/ar\/product\/parfum-voiture-vanille-coco-credit-card-\u0639\u0637\u0631-\u0627\u0644\u0633\u064a\u0627\u0631\u0627\u062a-\u062c\u0648\u0632-\u0627\u0644\u0647\u0646\u062f-\u0641\u0627\u0646\u064a\u0644\u0627\/\" \/>\n<meta property=\"og:locale\" content=\"ar_AR\" \/>\n<meta property=\"og:type\" content=\"article\" \/>\n<meta property=\"og:title\" content=\"Parfum voiture VANILLE COCO\" \/>\n<meta property=\"og:description\" content=\"Parfum voiture Vanille Coco Credit Card : exotique, diffusant une senteur gourmande, chaude et tropicale pour un habitacle raffin\u00e9 et agr\u00e9able.\" \/>\n<meta property=\"og:url\" content=\"https:\/\/sella-industrie.com\/ar\/product\/parfum-voiture-vanille-coco-credit-card-\u0639\u0637\u0631-\u0627\u0644\u0633\u064a\u0627\u0631\u0627\u062a-\u062c\u0648\u0632-\u0627\u0644\u0647\u0646\u062f-\u0641\u0627\u0646\u064a\u0644\u0627\/\" \/>\n<meta property=\"og:site_name\" content=\"Boutique &quot;V6&quot;\" \/>\n<meta property=\"article:publisher\" content=\"https:\/\/www.facebook.com\/V6accessoiresauto?mibextid=wwXIfr&amp;rdid=07l1PwXhFBuWBfmW&amp;share_url=httpswww.facebook.comshare169W2vbvizmibextidwwXIfr#\" \/>\n<meta property=\"article:modified_time\" content=\"2026-04-15T10:11:40+00:00\" \/>\n<meta property=\"og:image\" content=\"https:\/\/sella-industrie.com\/wp-content\/uploads\/2025\/06\/VANILLE-COCO.webp\" \/>\n\t<meta property=\"og:image:width\" content=\"1000\" \/>\n\t<meta property=\"og:image:height\" content=\"1000\" \/>\n\t<meta property=\"og:image:type\" content=\"image\/webp\" \/>\n<meta name=\"twitter:card\" content=\"summary_large_image\" \/>\n<meta name=\"twitter:label1\" content=\"\u0627\u0644\u0633\u0639\u0631\" \/>\n\t<meta name=\"twitter:data1\" content=\"&#x62f;.&#x62c;&nbsp;300\" \/>\n\t<meta name=\"twitter:label2\" content=\"\u0627\u0644\u062a\u0648\u0641\u0631\" \/>\n\t<meta name=\"twitter:data2\" content=\"\u0645\u062a\u0648\u0641\u0631 \u0641\u064a \u0627\u0644\u0645\u062e\u0632\u0648\u0646\" \/>\n<script type=\"application\/ld+json\" class=\"yoast-schema-graph\">{\"@context\":\"https:\\\/\\\/schema.org\",\"@graph\":[{\"@type\":\"WebPage\",\"@id\":\"https:\\\/\\\/sella-industrie.com\\\/produit\\\/parfum-voiture-vanille-coco-credit-card-%d8%b9%d8%b7%d8%b1-%d8%a7%d9%84%d8%b3%d9%8a%d8%a7%d8%b1%d8%a7%d8%aa-%d8%ac%d9%88%d8%b2-%d8%a7%d9%84%d9%87%d9%86%d8%af-%d9%81%d8%a7%d9%86%d9%8a%d9%84%d8%a7\\\/\",\"url\":\"https:\\\/\\\/sella-industrie.com\\\/produit\\\/parfum-voiture-vanille-coco-credit-card-%d8%b9%d8%b7%d8%b1-%d8%a7%d9%84%d8%b3%d9%8a%d8%a7%d8%b1%d8%a7%d8%aa-%d8%ac%d9%88%d8%b2-%d8%a7%d9%84%d9%87%d9%86%d8%af-%d9%81%d8%a7%d9%86%d9%8a%d9%84%d8%a7\\\/\",\"name\":\"Parfum voiture VANILLE COCO - Boutique &quot;V6&quot;\",\"isPartOf\":{\"@id\":\"https:\\\/\\\/sella-industrie.com\\\/#website\"},\"primaryImageOfPage\":{\"@id\":\"https:\\\/\\\/sella-industrie.com\\\/produit\\\/parfum-voiture-vanille-coco-credit-card-%d8%b9%d8%b7%d8%b1-%d8%a7%d9%84%d8%b3%d9%8a%d8%a7%d8%b1%d8%a7%d8%aa-%d8%ac%d9%88%d8%b2-%d8%a7%d9%84%d9%87%d9%86%d8%af-%d9%81%d8%a7%d9%86%d9%8a%d9%84%d8%a7\\\/#primaryimage\"},\"image\":{\"@id\":\"https:\\\/\\\/sella-industrie.com\\\/produit\\\/parfum-voiture-vanille-coco-credit-card-%d8%b9%d8%b7%d8%b1-%d8%a7%d9%84%d8%b3%d9%8a%d8%a7%d8%b1%d8%a7%d8%aa-%d8%ac%d9%88%d8%b2-%d8%a7%d9%84%d9%87%d9%86%d8%af-%d9%81%d8%a7%d9%86%d9%8a%d9%84%d8%a7\\\/#primaryimage\"},\"thumbnailUrl\":\"https:\\\/\\\/sella-industrie.com\\\/wp-content\\\/uploads\\\/2025\\\/06\\\/VANILLE-COCO.webp\",\"datePublished\":\"2025-06-24T14:53:21+00:00\",\"dateModified\":\"2026-04-15T10:11:40+00:00\",\"description\":\"Parfum voiture Vanille Coco Credit Card : exotique, diffusant une senteur gourmande, chaude et tropicale pour un habitacle raffin\u00e9 et agr\u00e9able.\",\"breadcrumb\":{\"@id\":\"https:\\\/\\\/sella-industrie.com\\\/produit\\\/parfum-voiture-vanille-coco-credit-card-%d8%b9%d8%b7%d8%b1-%d8%a7%d9%84%d8%b3%d9%8a%d8%a7%d8%b1%d8%a7%d8%aa-%d8%ac%d9%88%d8%b2-%d8%a7%d9%84%d9%87%d9%86%d8%af-%d9%81%d8%a7%d9%86%d9%8a%d9%84%d8%a7\\\/#breadcrumb\"},\"inLanguage\":\"ar\",\"potentialAction\":[{\"@type\":\"ReadAction\",\"target\":[\"https:\\\/\\\/sella-industrie.com\\\/produit\\\/parfum-voiture-vanille-coco-credit-card-%d8%b9%d8%b7%d8%b1-%d8%a7%d9%84%d8%b3%d9%8a%d8%a7%d8%b1%d8%a7%d8%aa-%d8%ac%d9%88%d8%b2-%d8%a7%d9%84%d9%87%d9%86%d8%af-%d9%81%d8%a7%d9%86%d9%8a%d9%84%d8%a7\\\/\"]}]},{\"@type\":\"ImageObject\",\"inLanguage\":\"ar\",\"@id\":\"https:\\\/\\\/sella-industrie.com\\\/produit\\\/parfum-voiture-vanille-coco-credit-card-%d8%b9%d8%b7%d8%b1-%d8%a7%d9%84%d8%b3%d9%8a%d8%a7%d8%b1%d8%a7%d8%aa-%d8%ac%d9%88%d8%b2-%d8%a7%d9%84%d9%87%d9%86%d8%af-%d9%81%d8%a7%d9%86%d9%8a%d9%84%d8%a7\\\/#primaryimage\",\"url\":\"https:\\\/\\\/sella-industrie.com\\\/wp-content\\\/uploads\\\/2025\\\/06\\\/VANILLE-COCO.webp\",\"contentUrl\":\"https:\\\/\\\/sella-industrie.com\\\/wp-content\\\/uploads\\\/2025\\\/06\\\/VANILLE-COCO.webp\",\"width\":1000,\"height\":1000,\"caption\":\"parfum voiture vanille coco\"},{\"@type\":\"BreadcrumbList\",\"@id\":\"https:\\\/\\\/sella-industrie.com\\\/produit\\\/parfum-voiture-vanille-coco-credit-card-%d8%b9%d8%b7%d8%b1-%d8%a7%d9%84%d8%b3%d9%8a%d8%a7%d8%b1%d8%a7%d8%aa-%d8%ac%d9%88%d8%b2-%d8%a7%d9%84%d9%87%d9%86%d8%af-%d9%81%d8%a7%d9%86%d9%8a%d9%84%d8%a7\\\/#breadcrumb\",\"itemListElement\":[{\"@type\":\"ListItem\",\"position\":1,\"name\":\"Accueil\",\"item\":\"https:\\\/\\\/sella-industrie.com\\\/fr_fr\\\/\"},{\"@type\":\"ListItem\",\"position\":2,\"name\":\"Shop\",\"item\":\"https:\\\/\\\/sella-industrie.com\\\/fr_fr\\\/shop\\\/\"},{\"@type\":\"ListItem\",\"position\":3,\"name\":\"CREDIT CARD\",\"item\":\"https:\\\/\\\/sella-industrie.com\\\/categorie-produit\\\/credit-card\\\/\"},{\"@type\":\"ListItem\",\"position\":4,\"name\":\"Parfum voiture VANILLE COCO\"}]},{\"@type\":\"WebSite\",\"@id\":\"https:\\\/\\\/sella-industrie.com\\\/#website\",\"url\":\"https:\\\/\\\/sella-industrie.com\\\/\",\"name\":\"Boutique \\\"V6\\\"\",\"description\":\"We care for your car\",\"publisher\":{\"@id\":\"https:\\\/\\\/sella-industrie.com\\\/#organization\"},\"potentialAction\":[{\"@type\":\"SearchAction\",\"target\":{\"@type\":\"EntryPoint\",\"urlTemplate\":\"https:\\\/\\\/sella-industrie.com\\\/?s={search_term_string}\"},\"query-input\":{\"@type\":\"PropertyValueSpecification\",\"valueRequired\":true,\"valueName\":\"search_term_string\"}}],\"inLanguage\":\"ar\"},{\"@type\":\"Organization\",\"@id\":\"https:\\\/\\\/sella-industrie.com\\\/#organization\",\"name\":\"Boutique \\\"V6\\\"\",\"url\":\"https:\\\/\\\/sella-industrie.com\\\/\",\"logo\":{\"@type\":\"ImageObject\",\"inLanguage\":\"ar\",\"@id\":\"https:\\\/\\\/sella-industrie.com\\\/#\\\/schema\\\/logo\\\/image\\\/\",\"url\":\"https:\\\/\\\/sella-industrie.com\\\/wp-content\\\/uploads\\\/2024\\\/05\\\/LOGO-V6-PNG-1.png\",\"contentUrl\":\"https:\\\/\\\/sella-industrie.com\\\/wp-content\\\/uploads\\\/2024\\\/05\\\/LOGO-V6-PNG-1.png\",\"width\":797,\"height\":517,\"caption\":\"Boutique \\\"V6\\\"\"},\"image\":{\"@id\":\"https:\\\/\\\/sella-industrie.com\\\/#\\\/schema\\\/logo\\\/image\\\/\"},\"sameAs\":[\"https:\\\/\\\/www.facebook.com\\\/V6accessoiresauto?mibextid=wwXIfr&rdid=07l1PwXhFBuWBfmW&share_url=httpswww.facebook.comshare169W2vbvizmibextidwwXIfr#\",\"https:\\\/\\\/www.tiktok.com\\\/@v6.accessoires.au\",\"https:\\\/\\\/www.instagram.com\\\/v6_accessoires_auto?igsh=aXE2NjUwOG5xNnQz\",\"https:\\\/\\\/www.youtube.com\\\/channel\\\/UCtkk-L1mBLEmRweenaR4s7w\"]}]}<\/script>\n<meta property=\"product:price:amount\" content=\"300\" \/>\n<meta property=\"product:price:currency\" content=\"DZD\" \/>\n<meta property=\"og:availability\" content=\"instock\" \/>\n<meta property=\"product:availability\" content=\"instock\" \/>\n<meta property=\"product:condition\" content=\"new\" \/>\n<!-- \/ Yoast SEO Premium plugin. -->","yoast_head_json":{"title":"Parfum voiture VANILLE COCO - Boutique &quot;V6&quot;","description":"Parfum voiture Vanille Coco Credit Card : exotique, diffusant une senteur gourmande, chaude et tropicale pour un habitacle raffin\u00e9 et agr\u00e9able.","robots":{"index":"index","follow":"follow","max-snippet":"max-snippet:-1","max-image-preview":"max-image-preview:large","max-video-preview":"max-video-preview:-1"},"canonical":"https:\/\/sella-industrie.com\/ar\/product\/parfum-voiture-vanille-coco-credit-card-\u0639\u0637\u0631-\u0627\u0644\u0633\u064a\u0627\u0631\u0627\u062a-\u062c\u0648\u0632-\u0627\u0644\u0647\u0646\u062f-\u0641\u0627\u0646\u064a\u0644\u0627\/","og_locale":"ar_AR","og_type":"article","og_title":"Parfum voiture VANILLE COCO","og_description":"Parfum voiture Vanille Coco Credit Card : exotique, diffusant une senteur gourmande, chaude et tropicale pour un habitacle raffin\u00e9 et agr\u00e9able.","og_url":"https:\/\/sella-industrie.com\/ar\/product\/parfum-voiture-vanille-coco-credit-card-\u0639\u0637\u0631-\u0627\u0644\u0633\u064a\u0627\u0631\u0627\u062a-\u062c\u0648\u0632-\u0627\u0644\u0647\u0646\u062f-\u0641\u0627\u0646\u064a\u0644\u0627\/","og_site_name":"Boutique &quot;V6&quot;","article_publisher":"https:\/\/www.facebook.com\/V6accessoiresauto?mibextid=wwXIfr&rdid=07l1PwXhFBuWBfmW&share_url=httpswww.facebook.comshare169W2vbvizmibextidwwXIfr#","article_modified_time":"2026-04-15T10:11:40+00:00","og_image":[{"width":1000,"height":1000,"url":"https:\/\/sella-industrie.com\/wp-content\/uploads\/2025\/06\/VANILLE-COCO.webp","type":"image\/webp"}],"twitter_card":"summary_large_image","twitter_misc":{"\u0627\u0644\u0633\u0639\u0631":"&#x62f;.&#x62c;&nbsp;300","\u0627\u0644\u062a\u0648\u0641\u0631":"\u0645\u062a\u0648\u0641\u0631 \u0641\u064a \u0627\u0644\u0645\u062e\u0632\u0648\u0646"},"schema":{"@context":"https:\/\/schema.org","@graph":[{"@type":"WebPage","@id":"https:\/\/sella-industrie.com\/produit\/parfum-voiture-vanille-coco-credit-card-%d8%b9%d8%b7%d8%b1-%d8%a7%d9%84%d8%b3%d9%8a%d8%a7%d8%b1%d8%a7%d8%aa-%d8%ac%d9%88%d8%b2-%d8%a7%d9%84%d9%87%d9%86%d8%af-%d9%81%d8%a7%d9%86%d9%8a%d9%84%d8%a7\/","url":"https:\/\/sella-industrie.com\/produit\/parfum-voiture-vanille-coco-credit-card-%d8%b9%d8%b7%d8%b1-%d8%a7%d9%84%d8%b3%d9%8a%d8%a7%d8%b1%d8%a7%d8%aa-%d8%ac%d9%88%d8%b2-%d8%a7%d9%84%d9%87%d9%86%d8%af-%d9%81%d8%a7%d9%86%d9%8a%d9%84%d8%a7\/","name":"Parfum voiture VANILLE COCO - Boutique &quot;V6&quot;","isPartOf":{"@id":"https:\/\/sella-industrie.com\/#website"},"primaryImageOfPage":{"@id":"https:\/\/sella-industrie.com\/produit\/parfum-voiture-vanille-coco-credit-card-%d8%b9%d8%b7%d8%b1-%d8%a7%d9%84%d8%b3%d9%8a%d8%a7%d8%b1%d8%a7%d8%aa-%d8%ac%d9%88%d8%b2-%d8%a7%d9%84%d9%87%d9%86%d8%af-%d9%81%d8%a7%d9%86%d9%8a%d9%84%d8%a7\/#primaryimage"},"image":{"@id":"https:\/\/sella-industrie.com\/produit\/parfum-voiture-vanille-coco-credit-card-%d8%b9%d8%b7%d8%b1-%d8%a7%d9%84%d8%b3%d9%8a%d8%a7%d8%b1%d8%a7%d8%aa-%d8%ac%d9%88%d8%b2-%d8%a7%d9%84%d9%87%d9%86%d8%af-%d9%81%d8%a7%d9%86%d9%8a%d9%84%d8%a7\/#primaryimage"},"thumbnailUrl":"https:\/\/sella-industrie.com\/wp-content\/uploads\/2025\/06\/VANILLE-COCO.webp","datePublished":"2025-06-24T14:53:21+00:00","dateModified":"2026-04-15T10:11:40+00:00","description":"Parfum voiture Vanille Coco Credit Card : exotique, diffusant une senteur gourmande, chaude et tropicale pour un habitacle raffin\u00e9 et agr\u00e9able.","breadcrumb":{"@id":"https:\/\/sella-industrie.com\/produit\/parfum-voiture-vanille-coco-credit-card-%d8%b9%d8%b7%d8%b1-%d8%a7%d9%84%d8%b3%d9%8a%d8%a7%d8%b1%d8%a7%d8%aa-%d8%ac%d9%88%d8%b2-%d8%a7%d9%84%d9%87%d9%86%d8%af-%d9%81%d8%a7%d9%86%d9%8a%d9%84%d8%a7\/#breadcrumb"},"inLanguage":"ar","potentialAction":[{"@type":"ReadAction","target":["https:\/\/sella-industrie.com\/produit\/parfum-voiture-vanille-coco-credit-card-%d8%b9%d8%b7%d8%b1-%d8%a7%d9%84%d8%b3%d9%8a%d8%a7%d8%b1%d8%a7%d8%aa-%d8%ac%d9%88%d8%b2-%d8%a7%d9%84%d9%87%d9%86%d8%af-%d9%81%d8%a7%d9%86%d9%8a%d9%84%d8%a7\/"]}]},{"@type":"ImageObject","inLanguage":"ar","@id":"https:\/\/sella-industrie.com\/produit\/parfum-voiture-vanille-coco-credit-card-%d8%b9%d8%b7%d8%b1-%d8%a7%d9%84%d8%b3%d9%8a%d8%a7%d8%b1%d8%a7%d8%aa-%d8%ac%d9%88%d8%b2-%d8%a7%d9%84%d9%87%d9%86%d8%af-%d9%81%d8%a7%d9%86%d9%8a%d9%84%d8%a7\/#primaryimage","url":"https:\/\/sella-industrie.com\/wp-content\/uploads\/2025\/06\/VANILLE-COCO.webp","contentUrl":"https:\/\/sella-industrie.com\/wp-content\/uploads\/2025\/06\/VANILLE-COCO.webp","width":1000,"height":1000,"caption":"parfum voiture vanille coco"},{"@type":"BreadcrumbList","@id":"https:\/\/sella-industrie.com\/produit\/parfum-voiture-vanille-coco-credit-card-%d8%b9%d8%b7%d8%b1-%d8%a7%d9%84%d8%b3%d9%8a%d8%a7%d8%b1%d8%a7%d8%aa-%d8%ac%d9%88%d8%b2-%d8%a7%d9%84%d9%87%d9%86%d8%af-%d9%81%d8%a7%d9%86%d9%8a%d9%84%d8%a7\/#breadcrumb","itemListElement":[{"@type":"ListItem","position":1,"name":"Accueil","item":"https:\/\/sella-industrie.com\/fr_fr\/"},{"@type":"ListItem","position":2,"name":"Shop","item":"https:\/\/sella-industrie.com\/fr_fr\/shop\/"},{"@type":"ListItem","position":3,"name":"CREDIT CARD","item":"https:\/\/sella-industrie.com\/categorie-produit\/credit-card\/"},{"@type":"ListItem","position":4,"name":"Parfum voiture VANILLE COCO"}]},{"@type":"WebSite","@id":"https:\/\/sella-industrie.com\/#website","url":"https:\/\/sella-industrie.com\/","name":"Boutique \"V6\"","description":"We care for your car","publisher":{"@id":"https:\/\/sella-industrie.com\/#organization"},"potentialAction":[{"@type":"SearchAction","target":{"@type":"EntryPoint","urlTemplate":"https:\/\/sella-industrie.com\/?s={search_term_string}"},"query-input":{"@type":"PropertyValueSpecification","valueRequired":true,"valueName":"search_term_string"}}],"inLanguage":"ar"},{"@type":"Organization","@id":"https:\/\/sella-industrie.com\/#organization","name":"Boutique \"V6\"","url":"https:\/\/sella-industrie.com\/","logo":{"@type":"ImageObject","inLanguage":"ar","@id":"https:\/\/sella-industrie.com\/#\/schema\/logo\/image\/","url":"https:\/\/sella-industrie.com\/wp-content\/uploads\/2024\/05\/LOGO-V6-PNG-1.png","contentUrl":"https:\/\/sella-industrie.com\/wp-content\/uploads\/2024\/05\/LOGO-V6-PNG-1.png","width":797,"height":517,"caption":"Boutique \"V6\""},"image":{"@id":"https:\/\/sella-industrie.com\/#\/schema\/logo\/image\/"},"sameAs":["https:\/\/www.facebook.com\/V6accessoiresauto?mibextid=wwXIfr&rdid=07l1PwXhFBuWBfmW&share_url=httpswww.facebook.comshare169W2vbvizmibextidwwXIfr#","https:\/\/www.tiktok.com\/@v6.accessoires.au","https:\/\/www.instagram.com\/v6_accessoires_auto?igsh=aXE2NjUwOG5xNnQz","https:\/\/www.youtube.com\/channel\/UCtkk-L1mBLEmRweenaR4s7w"]}]},"product_price_amount":"300","product_price_currency":"DZD","og_availability":"instock","product_availability":"instock","product_condition":"new"},"_links":{"self":[{"href":"https:\/\/sella-industrie.com\/ar\/wp-json\/wp\/v2\/product\/33861","targetHints":{"allow":["GET"]}}],"collection":[{"href":"https:\/\/sella-industrie.com\/ar\/wp-json\/wp\/v2\/product"}],"about":[{"href":"https:\/\/sella-industrie.com\/ar\/wp-json\/wp\/v2\/types\/product"}],"replies":[{"embeddable":true,"href":"https:\/\/sella-industrie.com\/ar\/wp-json\/wp\/v2\/comments?post=33861"}],"wp:featuredmedia":[{"embeddable":true,"href":"https:\/\/sella-industrie.com\/ar\/wp-json\/wp\/v2\/media\/38302"}],"wp:attachment":[{"href":"https:\/\/sella-industrie.com\/ar\/wp-json\/wp\/v2\/media?parent=33861"}],"wp:term":[{"taxonomy":"product_brand","embeddable":true,"href":"https:\/\/sella-industrie.com\/ar\/wp-json\/wp\/v2\/product_brand?post=33861"},{"taxonomy":"product_cat","embeddable":true,"href":"https:\/\/sella-industrie.com\/ar\/wp-json\/wp\/v2\/product_cat?post=33861"},{"taxonomy":"product_tag","embeddable":true,"href":"https:\/\/sella-industrie.com\/ar\/wp-json\/wp\/v2\/product_tag?post=33861"}],"curies":[{"name":"wp","href":"https:\/\/api.w.org\/{rel}","templated":true}]}}