{"id":33843,"date":"2025-06-24T14:39:31","date_gmt":"2025-06-24T14:39:31","guid":{"rendered":"https:\/\/sellaindustrie.com\/?post_type=product&#038;p=33843"},"modified":"2026-04-15T08:54:07","modified_gmt":"2026-04-15T08:54:07","slug":"parfum-voiture-classique-credit-card-%d8%b9%d8%b7%d8%b1-%d8%a7%d9%84%d8%b3%d9%8a%d8%a7%d8%b1%d8%a7%d8%aa-%d9%83%d9%84%d8%a7%d8%b3%d9%8a%d9%83","status":"publish","type":"product","link":"https:\/\/sella-industrie.com\/ar\/product\/parfum-voiture-classique-credit-card-%d8%b9%d8%b7%d8%b1-%d8%a7%d9%84%d8%b3%d9%8a%d8%a7%d8%b1%d8%a7%d8%aa-%d9%83%d9%84%d8%a7%d8%b3%d9%8a%d9%83\/","title":{"rendered":"Parfum voiture CLASSIQUE"},"content":{"rendered":"<h2 style=\"text-align: center;\"><strong>Parfum voiture CLASSIQUE <\/strong>\u0639\u0637\u0631 \u0627\u0644\u0633\u064a\u0627\u0631\u0627\u062a \u0643\u0644\u0627\u0633\u064a\u0643<\/h2>\n<p data-start=\"530\" data-end=\"703\"><strong>Parfum voiture CLASSIQUE<\/strong>, CREDIT CARD, une fragrance \u00e9l\u00e9gante et intemporelle pour voiture. Raffinement, fra\u00eecheur durable et design discret au format carte. Il incarne l\u2019\u00e9l\u00e9gance intemporelle et le raffinement absolu. Con\u00e7u pour les conducteurs exigeants, ce parfum pour voiture allie sophistication olfactive et design minimaliste au format carte, discret et moderne. Il transforme chaque trajet en une exp\u00e9rience sensorielle raffin\u00e9e. Diffuse une senteur harmonieuse, <a href=\"https:\/\/sella-industrie.com\/ar\/product\/framboise-parfum-automobile-credit-card\/\">subtile<\/a> et distingu\u00e9e. Ni trop intense, ni trop l\u00e9g\u00e8re, sa composition offre : Fra\u00eecheur propre et raffin\u00e9e. Notes \u00e9quilibr\u00e9es et \u00e9l\u00e9gantes. Pr\u00e9sence discr\u00e8te mais persistante. <a href=\"https:\/\/www.facebook.com\/V6accessoiresauto?mibextid=wwXIfr&amp;rdid=07l1PwXhFBuWBfmW&amp;share_url=https%3A%2F%2Fwww.facebook.com%2Fshare%2F169W2vbviz%2F%3Fmibextid%3DwwXIfr#\" target=\"_blank\" rel=\"noopener\">Sensation<\/a> imm\u00e9diate de confort. Id\u00e9al pour ceux qui appr\u00e9cient les ambiances sobres et luxueuses. Son design format carte de cr\u00e9dit\u00a0permet : Installation facile. Encombrement minimal. Int\u00e9gration \u00e9l\u00e9gante dans l\u2019habitacle. diffusion homog\u00e8ne du parfum. Compact et pratique, il s\u2019adapte parfaitement \u00e0 tous les v\u00e9hicules.<\/p>\n<p style=\"text-align: right;\" data-start=\"530\" data-end=\"703\"><strong>\u0639\u0637\u0631 \u0627\u0644\u0633\u064a\u0627\u0631\u0627\u062a \u0643\u0644\u0627\u0633\u064a\u0643<\/strong>\u060c \u0628\u062d\u062c\u0645 \u0628\u0637\u0627\u0642\u0629 \u0627\u0644\u0627\u0626\u062a\u0645\u0627\u0646\u060c \u0639\u0637\u0631 \u0623\u0646\u064a\u0642 \u0648\u062e\u0627\u0644\u062f \u0644\u0633\u064a\u0627\u0631\u062a\u0643. \u064a\u062a\u0645\u064a\u0632 \u0628\u0627\u0644\u0631\u0642\u064a \u0648\u0627\u0644\u0627\u0646\u062a\u0639\u0627\u0634 \u0627\u0644\u062f\u0627\u0626\u0645\u060c \u0648\u062a\u0635\u0645\u064a\u0645 \u0635\u063a\u064a\u0631 \u0627\u0644\u062d\u062c\u0645 \u0628\u062d\u062c\u0645 \u0627\u0644\u0628\u0637\u0627\u0642\u0629. \u064a\u062c\u0633\u062f \u0647\u0630\u0627 \u0627\u0644\u0645\u0639\u0637\u0631 \u0627\u0644\u0623\u0646\u0627\u0642\u0629 \u0627\u0644\u062e\u0627\u0644\u062f\u0629 \u0648\u0627\u0644\u0631\u0642\u064a \u0627\u0644\u0645\u0637\u0644\u0642. \u0635\u064f\u0645\u0645 \u062e\u0635\u064a\u0635\u064b\u0627 \u0644\u0644\u0633\u0627\u0626\u0642\u064a\u0646 \u0627\u0644\u0645\u0645\u064a\u0632\u064a\u0646\u060c \u0641\u0647\u0648 \u064a\u062c\u0645\u0639 \u0628\u064a\u0646 \u0627\u0644\u0631\u0642\u064a \u0627\u0644\u0639\u0637\u0631\u064a \u0648\u0627\u0644\u062a\u0635\u0645\u064a\u0645 \u0627\u0644\u0628\u0633\u064a\u0637 \u0648\u0627\u0644\u0639\u0635\u0631\u064a \u0628\u062d\u062c\u0645 \u0627\u0644\u0628\u0637\u0627\u0642\u0629. \u064a\u062d\u0648\u0651\u0644 \u0643\u0644 \u0631\u062d\u0644\u0629 \u0625\u0644\u0649 \u062a\u062c\u0631\u0628\u0629 \u062d\u0633\u064a\u0629 \u0631\u0627\u0642\u064a\u0629\u060c \u0648\u064a\u0646\u0634\u0631 \u0631\u0627\u0626\u062d\u0629 \u0645\u062a\u0646\u0627\u063a\u0645\u0629 \u0648\u0631\u0642\u064a\u0642\u0629 \u0648\u0645\u0645\u064a\u0632\u0629. \u062a\u0631\u0643\u064a\u0628\u062a\u0647 \u0644\u064a\u0633\u062a \u0642\u0648\u064a\u0629 \u062c\u062f\u064b\u0627 \u0648\u0644\u0627 \u062e\u0641\u064a\u0641\u0629 \u062c\u062f\u064b\u0627\u060c \u0628\u0644 \u062a\u0648\u0641\u0631: \u0627\u0646\u062a\u0639\u0627\u0634\u064b\u0627 \u0646\u0638\u064a\u0641\u064b\u0627 \u0648\u0631\u0627\u0642\u064a\u064b\u0627\u060c \u0646\u0641\u062d\u0627\u062a \u0645\u062a\u0648\u0627\u0632\u0646\u0629 \u0648\u0623\u0646\u064a\u0642\u0629\u060c \u062d\u0636\u0648\u0631\u064b\u0627 \u062e\u0641\u064a\u0641\u064b\u0627 \u0644\u0643\u0646\u0647 \u064a\u062f\u0648\u0645 \u0637\u0648\u064a\u0644\u064b\u0627\u060c \u0648\u0634\u0639\u0648\u0631\u064b\u0627 \u0641\u0648\u0631\u064a\u064b\u0627 \u0628\u0627\u0644\u0631\u0627\u062d\u0629. \u0645\u062b\u0627\u0644\u064a \u0644\u0645\u0646 \u064a\u0642\u062f\u0631\u0648\u0646 \u0627\u0644\u0623\u062c\u0648\u0627\u0621 \u0627\u0644\u0641\u0627\u062e\u0631\u0629 \u0648\u0627\u0644\u0647\u0627\u062f\u0626\u0629. \u064a\u062a\u064a\u062d \u062a\u0635\u0645\u064a\u0645\u0647 \u0628\u062d\u062c\u0645 \u0628\u0637\u0627\u0642\u0629 \u0627\u0644\u0627\u0626\u062a\u0645\u0627\u0646: \u0633\u0647\u0648\u0644\u0629 \u0627\u0644\u062a\u0631\u0643\u064a\u0628\u060c \u062d\u062c\u0645\u064b\u0627 \u0635\u063a\u064a\u0631\u064b\u0627\u060c \u0627\u0646\u062f\u0645\u0627\u062c\u064b\u0627 \u0623\u0646\u064a\u0642\u064b\u0627 \u0641\u064a \u062a\u0635\u0645\u064a\u0645 \u0627\u0644\u0633\u064a\u0627\u0631\u0629 \u0627\u0644\u062f\u0627\u062e\u0644\u064a\u060c \u0648\u0627\u0646\u062a\u0634\u0627\u0631\u064b\u0627 \u0645\u062a\u0633\u0627\u0648\u064a\u064b\u0627 \u0644\u0644\u0639\u0637\u0631. \u0635\u063a\u064a\u0631 \u0627\u0644\u062d\u062c\u0645 \u0648\u0639\u0645\u0644\u064a\u060c \u064a\u0646\u0627\u0633\u0628 \u062c\u0645\u064a\u0639 \u0623\u0646\u0648\u0627\u0639 \u0627\u0644\u0633\u064a\u0627\u0631\u0627\u062a<\/p>\n<p><iframe loading=\"lazy\" title=\"Credit Card\" width=\"500\" height=\"281\" src=\"https:\/\/www.youtube.com\/embed\/wNi_VcBV8wI?feature=oembed\" frameborder=\"0\" allow=\"accelerometer; autoplay; clipboard-write; encrypted-media; gyroscope; picture-in-picture; web-share\" referrerpolicy=\"strict-origin-when-cross-origin\" allowfullscreen><\/iframe><\/p>\n<p>&nbsp;<\/p>\n<p>&nbsp;<\/p>","protected":false},"excerpt":{"rendered":"<h1 style=\"text-align: center;\">\u0639\u0637\u0631 \u0627\u0644\u0633\u064a\u0627\u0631\u0627\u062a \u0643\u0644\u0627\u0633\u064a\u0643<\/h1>\n<p><strong>Parfum voiture CLASSIQUE<\/strong>, CREDIT CARD, une fragrance \u00e9l\u00e9gante et intemporelle pour voiture. Raffinement, fra\u00eecheur durable et design discret au format carte. Il incarne l\u2019\u00e9l\u00e9gance intemporelle et le raffinement absolu. Con\u00e7u pour les conducteurs exigeants, ce parfum pour voiture allie sophistication olfactive et design minimaliste au format carte, discret et moderne.<\/p>","protected":false},"featured_media":38293,"comment_status":"open","ping_status":"closed","template":"","meta":[],"product_brand":[293,292],"product_cat":[922],"product_tag":[],"class_list":{"0":"post-33843","1":"product","2":"type-product","3":"status-publish","4":"has-post-thumbnail","6":"product_brand-sella","7":"product_brand-v6","8":"product_cat-credit-card","10":"first","11":"instock","12":"taxable","13":"shipping-taxable","14":"purchasable","15":"product-type-simple"},"yoast_head":"<!-- This site is optimized with the Yoast SEO Premium plugin v27.1 (Yoast SEO v27.4) - https:\/\/yoast.com\/product\/yoast-seo-premium-wordpress\/ -->\n<title>Parfum voiture CLASSIQUE - Boutique &quot;V6&quot;<\/title>\n<meta name=\"description\" content=\"Parfum voiture Classique Credit Card : \u00e9l\u00e9gant au format carte, diffusant une fragrance raffin\u00e9e et durable pour un habitacle luxueux, discret et frais.\" \/>\n<meta name=\"robots\" content=\"index, follow, max-snippet:-1, max-image-preview:large, max-video-preview:-1\" \/>\n<link rel=\"canonical\" href=\"https:\/\/sella-industrie.com\/ar\/product\/parfum-voiture-classique-credit-card-\u0639\u0637\u0631-\u0627\u0644\u0633\u064a\u0627\u0631\u0627\u062a-\u0643\u0644\u0627\u0633\u064a\u0643\/\" \/>\n<meta property=\"og:locale\" content=\"ar_AR\" \/>\n<meta property=\"og:type\" content=\"article\" \/>\n<meta property=\"og:title\" content=\"Parfum voiture CLASSIQUE\" \/>\n<meta property=\"og:description\" content=\"Parfum voiture Classique Credit Card : \u00e9l\u00e9gant au format carte, diffusant une fragrance raffin\u00e9e et durable pour un habitacle luxueux, discret et frais.\" \/>\n<meta property=\"og:url\" content=\"https:\/\/sella-industrie.com\/ar\/product\/parfum-voiture-classique-credit-card-\u0639\u0637\u0631-\u0627\u0644\u0633\u064a\u0627\u0631\u0627\u062a-\u0643\u0644\u0627\u0633\u064a\u0643\/\" \/>\n<meta property=\"og:site_name\" content=\"Boutique &quot;V6&quot;\" \/>\n<meta property=\"article:publisher\" content=\"https:\/\/www.facebook.com\/V6accessoiresauto?mibextid=wwXIfr&amp;rdid=07l1PwXhFBuWBfmW&amp;share_url=httpswww.facebook.comshare169W2vbvizmibextidwwXIfr#\" \/>\n<meta property=\"article:modified_time\" content=\"2026-04-15T08:54:07+00:00\" \/>\n<meta property=\"og:image\" content=\"https:\/\/sella-industrie.com\/wp-content\/uploads\/2025\/06\/CLASSIC-.webp\" \/>\n\t<meta property=\"og:image:width\" content=\"1000\" \/>\n\t<meta property=\"og:image:height\" content=\"1000\" \/>\n\t<meta property=\"og:image:type\" content=\"image\/webp\" \/>\n<meta name=\"twitter:card\" content=\"summary_large_image\" \/>\n<meta name=\"twitter:label1\" content=\"\u0627\u0644\u0633\u0639\u0631\" \/>\n\t<meta name=\"twitter:data1\" content=\"&#x62f;.&#x62c;&nbsp;300\" \/>\n\t<meta name=\"twitter:label2\" content=\"\u0627\u0644\u062a\u0648\u0641\u0631\" \/>\n\t<meta name=\"twitter:data2\" content=\"\u0645\u062a\u0648\u0641\u0631 \u0641\u064a \u0627\u0644\u0645\u062e\u0632\u0648\u0646\" \/>\n<script type=\"application\/ld+json\" class=\"yoast-schema-graph\">{\"@context\":\"https:\\\/\\\/schema.org\",\"@graph\":[{\"@type\":\"WebPage\",\"@id\":\"https:\\\/\\\/sella-industrie.com\\\/produit\\\/parfum-voiture-classique-credit-card-%d8%b9%d8%b7%d8%b1-%d8%a7%d9%84%d8%b3%d9%8a%d8%a7%d8%b1%d8%a7%d8%aa-%d9%83%d9%84%d8%a7%d8%b3%d9%8a%d9%83\\\/\",\"url\":\"https:\\\/\\\/sella-industrie.com\\\/produit\\\/parfum-voiture-classique-credit-card-%d8%b9%d8%b7%d8%b1-%d8%a7%d9%84%d8%b3%d9%8a%d8%a7%d8%b1%d8%a7%d8%aa-%d9%83%d9%84%d8%a7%d8%b3%d9%8a%d9%83\\\/\",\"name\":\"Parfum voiture CLASSIQUE - Boutique &quot;V6&quot;\",\"isPartOf\":{\"@id\":\"https:\\\/\\\/sella-industrie.com\\\/#website\"},\"primaryImageOfPage\":{\"@id\":\"https:\\\/\\\/sella-industrie.com\\\/produit\\\/parfum-voiture-classique-credit-card-%d8%b9%d8%b7%d8%b1-%d8%a7%d9%84%d8%b3%d9%8a%d8%a7%d8%b1%d8%a7%d8%aa-%d9%83%d9%84%d8%a7%d8%b3%d9%8a%d9%83\\\/#primaryimage\"},\"image\":{\"@id\":\"https:\\\/\\\/sella-industrie.com\\\/produit\\\/parfum-voiture-classique-credit-card-%d8%b9%d8%b7%d8%b1-%d8%a7%d9%84%d8%b3%d9%8a%d8%a7%d8%b1%d8%a7%d8%aa-%d9%83%d9%84%d8%a7%d8%b3%d9%8a%d9%83\\\/#primaryimage\"},\"thumbnailUrl\":\"https:\\\/\\\/sella-industrie.com\\\/wp-content\\\/uploads\\\/2025\\\/06\\\/CLASSIC-.webp\",\"datePublished\":\"2025-06-24T14:39:31+00:00\",\"dateModified\":\"2026-04-15T08:54:07+00:00\",\"description\":\"Parfum voiture Classique Credit Card : \u00e9l\u00e9gant au format carte, diffusant une fragrance raffin\u00e9e et durable pour un habitacle luxueux, discret et frais.\",\"breadcrumb\":{\"@id\":\"https:\\\/\\\/sella-industrie.com\\\/produit\\\/parfum-voiture-classique-credit-card-%d8%b9%d8%b7%d8%b1-%d8%a7%d9%84%d8%b3%d9%8a%d8%a7%d8%b1%d8%a7%d8%aa-%d9%83%d9%84%d8%a7%d8%b3%d9%8a%d9%83\\\/#breadcrumb\"},\"inLanguage\":\"ar\",\"potentialAction\":[{\"@type\":\"ReadAction\",\"target\":[\"https:\\\/\\\/sella-industrie.com\\\/produit\\\/parfum-voiture-classique-credit-card-%d8%b9%d8%b7%d8%b1-%d8%a7%d9%84%d8%b3%d9%8a%d8%a7%d8%b1%d8%a7%d8%aa-%d9%83%d9%84%d8%a7%d8%b3%d9%8a%d9%83\\\/\"]}]},{\"@type\":\"ImageObject\",\"inLanguage\":\"ar\",\"@id\":\"https:\\\/\\\/sella-industrie.com\\\/produit\\\/parfum-voiture-classique-credit-card-%d8%b9%d8%b7%d8%b1-%d8%a7%d9%84%d8%b3%d9%8a%d8%a7%d8%b1%d8%a7%d8%aa-%d9%83%d9%84%d8%a7%d8%b3%d9%8a%d9%83\\\/#primaryimage\",\"url\":\"https:\\\/\\\/sella-industrie.com\\\/wp-content\\\/uploads\\\/2025\\\/06\\\/CLASSIC-.webp\",\"contentUrl\":\"https:\\\/\\\/sella-industrie.com\\\/wp-content\\\/uploads\\\/2025\\\/06\\\/CLASSIC-.webp\",\"width\":1000,\"height\":1000,\"caption\":\"Parfum voiture classique\"},{\"@type\":\"BreadcrumbList\",\"@id\":\"https:\\\/\\\/sella-industrie.com\\\/produit\\\/parfum-voiture-classique-credit-card-%d8%b9%d8%b7%d8%b1-%d8%a7%d9%84%d8%b3%d9%8a%d8%a7%d8%b1%d8%a7%d8%aa-%d9%83%d9%84%d8%a7%d8%b3%d9%8a%d9%83\\\/#breadcrumb\",\"itemListElement\":[{\"@type\":\"ListItem\",\"position\":1,\"name\":\"Accueil\",\"item\":\"https:\\\/\\\/sella-industrie.com\\\/fr_fr\\\/\"},{\"@type\":\"ListItem\",\"position\":2,\"name\":\"Shop\",\"item\":\"https:\\\/\\\/sella-industrie.com\\\/fr_fr\\\/shop\\\/\"},{\"@type\":\"ListItem\",\"position\":3,\"name\":\"CREDIT CARD\",\"item\":\"https:\\\/\\\/sella-industrie.com\\\/categorie-produit\\\/credit-card\\\/\"},{\"@type\":\"ListItem\",\"position\":4,\"name\":\"Parfum voiture CLASSIQUE\"}]},{\"@type\":\"WebSite\",\"@id\":\"https:\\\/\\\/sella-industrie.com\\\/#website\",\"url\":\"https:\\\/\\\/sella-industrie.com\\\/\",\"name\":\"Boutique \\\"V6\\\"\",\"description\":\"We care for your car\",\"publisher\":{\"@id\":\"https:\\\/\\\/sella-industrie.com\\\/#organization\"},\"potentialAction\":[{\"@type\":\"SearchAction\",\"target\":{\"@type\":\"EntryPoint\",\"urlTemplate\":\"https:\\\/\\\/sella-industrie.com\\\/?s={search_term_string}\"},\"query-input\":{\"@type\":\"PropertyValueSpecification\",\"valueRequired\":true,\"valueName\":\"search_term_string\"}}],\"inLanguage\":\"ar\"},{\"@type\":\"Organization\",\"@id\":\"https:\\\/\\\/sella-industrie.com\\\/#organization\",\"name\":\"Boutique \\\"V6\\\"\",\"url\":\"https:\\\/\\\/sella-industrie.com\\\/\",\"logo\":{\"@type\":\"ImageObject\",\"inLanguage\":\"ar\",\"@id\":\"https:\\\/\\\/sella-industrie.com\\\/#\\\/schema\\\/logo\\\/image\\\/\",\"url\":\"https:\\\/\\\/sella-industrie.com\\\/wp-content\\\/uploads\\\/2024\\\/05\\\/LOGO-V6-PNG-1.png\",\"contentUrl\":\"https:\\\/\\\/sella-industrie.com\\\/wp-content\\\/uploads\\\/2024\\\/05\\\/LOGO-V6-PNG-1.png\",\"width\":797,\"height\":517,\"caption\":\"Boutique \\\"V6\\\"\"},\"image\":{\"@id\":\"https:\\\/\\\/sella-industrie.com\\\/#\\\/schema\\\/logo\\\/image\\\/\"},\"sameAs\":[\"https:\\\/\\\/www.facebook.com\\\/V6accessoiresauto?mibextid=wwXIfr&rdid=07l1PwXhFBuWBfmW&share_url=httpswww.facebook.comshare169W2vbvizmibextidwwXIfr#\",\"https:\\\/\\\/www.tiktok.com\\\/@v6.accessoires.au\",\"https:\\\/\\\/www.instagram.com\\\/v6_accessoires_auto?igsh=aXE2NjUwOG5xNnQz\",\"https:\\\/\\\/www.youtube.com\\\/channel\\\/UCtkk-L1mBLEmRweenaR4s7w\"]}]}<\/script>\n<meta property=\"product:price:amount\" content=\"300\" \/>\n<meta property=\"product:price:currency\" content=\"DZD\" \/>\n<meta property=\"og:availability\" content=\"instock\" \/>\n<meta property=\"product:availability\" content=\"instock\" \/>\n<meta property=\"product:condition\" content=\"new\" \/>\n<!-- \/ Yoast SEO Premium plugin. -->","yoast_head_json":{"title":"Parfum voiture CLASSIQUE - Boutique &quot;V6&quot;","description":"Parfum voiture Classique Credit Card : \u00e9l\u00e9gant au format carte, diffusant une fragrance raffin\u00e9e et durable pour un habitacle luxueux, discret et frais.","robots":{"index":"index","follow":"follow","max-snippet":"max-snippet:-1","max-image-preview":"max-image-preview:large","max-video-preview":"max-video-preview:-1"},"canonical":"https:\/\/sella-industrie.com\/ar\/product\/parfum-voiture-classique-credit-card-\u0639\u0637\u0631-\u0627\u0644\u0633\u064a\u0627\u0631\u0627\u062a-\u0643\u0644\u0627\u0633\u064a\u0643\/","og_locale":"ar_AR","og_type":"article","og_title":"Parfum voiture CLASSIQUE","og_description":"Parfum voiture Classique Credit Card : \u00e9l\u00e9gant au format carte, diffusant une fragrance raffin\u00e9e et durable pour un habitacle luxueux, discret et frais.","og_url":"https:\/\/sella-industrie.com\/ar\/product\/parfum-voiture-classique-credit-card-\u0639\u0637\u0631-\u0627\u0644\u0633\u064a\u0627\u0631\u0627\u062a-\u0643\u0644\u0627\u0633\u064a\u0643\/","og_site_name":"Boutique &quot;V6&quot;","article_publisher":"https:\/\/www.facebook.com\/V6accessoiresauto?mibextid=wwXIfr&rdid=07l1PwXhFBuWBfmW&share_url=httpswww.facebook.comshare169W2vbvizmibextidwwXIfr#","article_modified_time":"2026-04-15T08:54:07+00:00","og_image":[{"width":1000,"height":1000,"url":"https:\/\/sella-industrie.com\/wp-content\/uploads\/2025\/06\/CLASSIC-.webp","type":"image\/webp"}],"twitter_card":"summary_large_image","twitter_misc":{"\u0627\u0644\u0633\u0639\u0631":"&#x62f;.&#x62c;&nbsp;300","\u0627\u0644\u062a\u0648\u0641\u0631":"\u0645\u062a\u0648\u0641\u0631 \u0641\u064a \u0627\u0644\u0645\u062e\u0632\u0648\u0646"},"schema":{"@context":"https:\/\/schema.org","@graph":[{"@type":"WebPage","@id":"https:\/\/sella-industrie.com\/produit\/parfum-voiture-classique-credit-card-%d8%b9%d8%b7%d8%b1-%d8%a7%d9%84%d8%b3%d9%8a%d8%a7%d8%b1%d8%a7%d8%aa-%d9%83%d9%84%d8%a7%d8%b3%d9%8a%d9%83\/","url":"https:\/\/sella-industrie.com\/produit\/parfum-voiture-classique-credit-card-%d8%b9%d8%b7%d8%b1-%d8%a7%d9%84%d8%b3%d9%8a%d8%a7%d8%b1%d8%a7%d8%aa-%d9%83%d9%84%d8%a7%d8%b3%d9%8a%d9%83\/","name":"Parfum voiture CLASSIQUE - Boutique &quot;V6&quot;","isPartOf":{"@id":"https:\/\/sella-industrie.com\/#website"},"primaryImageOfPage":{"@id":"https:\/\/sella-industrie.com\/produit\/parfum-voiture-classique-credit-card-%d8%b9%d8%b7%d8%b1-%d8%a7%d9%84%d8%b3%d9%8a%d8%a7%d8%b1%d8%a7%d8%aa-%d9%83%d9%84%d8%a7%d8%b3%d9%8a%d9%83\/#primaryimage"},"image":{"@id":"https:\/\/sella-industrie.com\/produit\/parfum-voiture-classique-credit-card-%d8%b9%d8%b7%d8%b1-%d8%a7%d9%84%d8%b3%d9%8a%d8%a7%d8%b1%d8%a7%d8%aa-%d9%83%d9%84%d8%a7%d8%b3%d9%8a%d9%83\/#primaryimage"},"thumbnailUrl":"https:\/\/sella-industrie.com\/wp-content\/uploads\/2025\/06\/CLASSIC-.webp","datePublished":"2025-06-24T14:39:31+00:00","dateModified":"2026-04-15T08:54:07+00:00","description":"Parfum voiture Classique Credit Card : \u00e9l\u00e9gant au format carte, diffusant une fragrance raffin\u00e9e et durable pour un habitacle luxueux, discret et frais.","breadcrumb":{"@id":"https:\/\/sella-industrie.com\/produit\/parfum-voiture-classique-credit-card-%d8%b9%d8%b7%d8%b1-%d8%a7%d9%84%d8%b3%d9%8a%d8%a7%d8%b1%d8%a7%d8%aa-%d9%83%d9%84%d8%a7%d8%b3%d9%8a%d9%83\/#breadcrumb"},"inLanguage":"ar","potentialAction":[{"@type":"ReadAction","target":["https:\/\/sella-industrie.com\/produit\/parfum-voiture-classique-credit-card-%d8%b9%d8%b7%d8%b1-%d8%a7%d9%84%d8%b3%d9%8a%d8%a7%d8%b1%d8%a7%d8%aa-%d9%83%d9%84%d8%a7%d8%b3%d9%8a%d9%83\/"]}]},{"@type":"ImageObject","inLanguage":"ar","@id":"https:\/\/sella-industrie.com\/produit\/parfum-voiture-classique-credit-card-%d8%b9%d8%b7%d8%b1-%d8%a7%d9%84%d8%b3%d9%8a%d8%a7%d8%b1%d8%a7%d8%aa-%d9%83%d9%84%d8%a7%d8%b3%d9%8a%d9%83\/#primaryimage","url":"https:\/\/sella-industrie.com\/wp-content\/uploads\/2025\/06\/CLASSIC-.webp","contentUrl":"https:\/\/sella-industrie.com\/wp-content\/uploads\/2025\/06\/CLASSIC-.webp","width":1000,"height":1000,"caption":"Parfum voiture classique"},{"@type":"BreadcrumbList","@id":"https:\/\/sella-industrie.com\/produit\/parfum-voiture-classique-credit-card-%d8%b9%d8%b7%d8%b1-%d8%a7%d9%84%d8%b3%d9%8a%d8%a7%d8%b1%d8%a7%d8%aa-%d9%83%d9%84%d8%a7%d8%b3%d9%8a%d9%83\/#breadcrumb","itemListElement":[{"@type":"ListItem","position":1,"name":"Accueil","item":"https:\/\/sella-industrie.com\/fr_fr\/"},{"@type":"ListItem","position":2,"name":"Shop","item":"https:\/\/sella-industrie.com\/fr_fr\/shop\/"},{"@type":"ListItem","position":3,"name":"CREDIT CARD","item":"https:\/\/sella-industrie.com\/categorie-produit\/credit-card\/"},{"@type":"ListItem","position":4,"name":"Parfum voiture CLASSIQUE"}]},{"@type":"WebSite","@id":"https:\/\/sella-industrie.com\/#website","url":"https:\/\/sella-industrie.com\/","name":"Boutique \"V6\"","description":"We care for your car","publisher":{"@id":"https:\/\/sella-industrie.com\/#organization"},"potentialAction":[{"@type":"SearchAction","target":{"@type":"EntryPoint","urlTemplate":"https:\/\/sella-industrie.com\/?s={search_term_string}"},"query-input":{"@type":"PropertyValueSpecification","valueRequired":true,"valueName":"search_term_string"}}],"inLanguage":"ar"},{"@type":"Organization","@id":"https:\/\/sella-industrie.com\/#organization","name":"Boutique \"V6\"","url":"https:\/\/sella-industrie.com\/","logo":{"@type":"ImageObject","inLanguage":"ar","@id":"https:\/\/sella-industrie.com\/#\/schema\/logo\/image\/","url":"https:\/\/sella-industrie.com\/wp-content\/uploads\/2024\/05\/LOGO-V6-PNG-1.png","contentUrl":"https:\/\/sella-industrie.com\/wp-content\/uploads\/2024\/05\/LOGO-V6-PNG-1.png","width":797,"height":517,"caption":"Boutique \"V6\""},"image":{"@id":"https:\/\/sella-industrie.com\/#\/schema\/logo\/image\/"},"sameAs":["https:\/\/www.facebook.com\/V6accessoiresauto?mibextid=wwXIfr&rdid=07l1PwXhFBuWBfmW&share_url=httpswww.facebook.comshare169W2vbvizmibextidwwXIfr#","https:\/\/www.tiktok.com\/@v6.accessoires.au","https:\/\/www.instagram.com\/v6_accessoires_auto?igsh=aXE2NjUwOG5xNnQz","https:\/\/www.youtube.com\/channel\/UCtkk-L1mBLEmRweenaR4s7w"]}]},"product_price_amount":"300","product_price_currency":"DZD","og_availability":"instock","product_availability":"instock","product_condition":"new"},"_links":{"self":[{"href":"https:\/\/sella-industrie.com\/ar\/wp-json\/wp\/v2\/product\/33843","targetHints":{"allow":["GET"]}}],"collection":[{"href":"https:\/\/sella-industrie.com\/ar\/wp-json\/wp\/v2\/product"}],"about":[{"href":"https:\/\/sella-industrie.com\/ar\/wp-json\/wp\/v2\/types\/product"}],"replies":[{"embeddable":true,"href":"https:\/\/sella-industrie.com\/ar\/wp-json\/wp\/v2\/comments?post=33843"}],"wp:featuredmedia":[{"embeddable":true,"href":"https:\/\/sella-industrie.com\/ar\/wp-json\/wp\/v2\/media\/38293"}],"wp:attachment":[{"href":"https:\/\/sella-industrie.com\/ar\/wp-json\/wp\/v2\/media?parent=33843"}],"wp:term":[{"taxonomy":"product_brand","embeddable":true,"href":"https:\/\/sella-industrie.com\/ar\/wp-json\/wp\/v2\/product_brand?post=33843"},{"taxonomy":"product_cat","embeddable":true,"href":"https:\/\/sella-industrie.com\/ar\/wp-json\/wp\/v2\/product_cat?post=33843"},{"taxonomy":"product_tag","embeddable":true,"href":"https:\/\/sella-industrie.com\/ar\/wp-json\/wp\/v2\/product_tag?post=33843"}],"curies":[{"name":"wp","href":"https:\/\/api.w.org\/{rel}","templated":true}]}}