{"id":33833,"date":"2025-06-24T14:22:10","date_gmt":"2025-06-24T14:22:10","guid":{"rendered":"https:\/\/sellaindustrie.com\/?post_type=product&#038;p=33833"},"modified":"2026-04-15T13:38:10","modified_gmt":"2026-04-15T13:38:10","slug":"parfum-voiture-citron-cassis-x-color-series-oregon-%d8%b9%d8%b7%d8%b1-%d8%a7%d9%84%d8%b3%d9%8a%d8%a7%d8%b1%d8%a7%d8%aa-%d9%84%d9%8a%d9%85%d9%88%d9%86-%d9%83%d8%b3%d9%8a%d8%b3","status":"publish","type":"product","link":"https:\/\/sella-industrie.com\/ar\/product\/parfum-voiture-citron-cassis-x-color-series-oregon-%d8%b9%d8%b7%d8%b1-%d8%a7%d9%84%d8%b3%d9%8a%d8%a7%d8%b1%d8%a7%d8%aa-%d9%84%d9%8a%d9%85%d9%88%d9%86-%d9%83%d8%b3%d9%8a%d8%b3\/","title":{"rendered":"Parfum voiture CITRON CASSIS"},"content":{"rendered":"<h2 style=\"text-align: center;\">Parfum voiture CITRON CASSIS \u0639\u0637\u0631 \u0627\u0644\u0633\u064a\u0627\u0631\u0627\u062a \u0644\u064a\u0645\u0648\u0646 \u0643\u0633\u064a\u0633<\/h2>\n<p><strong>Parfum voiture CITRON CASSIS<\/strong>, X COLOR SERIES-OREGON Qualit\u00e9 Premium, fra\u00eecheur vive et une \u00e9nergie naturelle. Senteur fruit\u00e9e et tonique pour un habitacle toujours propre et <a href=\"https:\/\/www.instagram.com\/p\/DIocp9zg4J5\/\" target=\"_blank\" rel=\"noopener\">dynamique<\/a>. Le choix id\u00e9al pour ceux qui recherchent une ambiance fra\u00eeche, \u00e9nergisante et durable dans leur v\u00e9hicule. Gr\u00e2ce \u00e0 son association harmonieuse entre la vivacit\u00e9 du citron et la douceur acidul\u00e9e du cassis, il cr\u00e9e une senteur fruit\u00e9e, tonique et longue dur\u00e9e qui transforme chaque trajet en une <a href=\"https:\/\/sella-industrie.com\/ar\/product\/citron-parfum-automobile-miniature-carree\/\">exp\u00e9rience agr\u00e9able<\/a>. Con\u00e7u pour offrir une diffusion \u00e9quilibr\u00e9e, ce parfum voiture neutralise efficacement les mauvaises odeurs tout en apportant une sensation imm\u00e9diate de propret\u00e9. Signature olfactive, \u00e9voque imm\u00e9diatement : la propret\u00e9 absolue d\u2019un v\u00e9hicule neuf, une sensation de cuir et mat\u00e9riaux frais, un environnement moderne et haut de gamme. Gr\u00e2ce \u00e0 sa formulation avanc\u00e9e, le parfum diffuse une sensation intense et dynamique, id\u00e9ale pour redonner une nouvelle vie \u00e0 tout type de v\u00e9hicule.<\/p>\n<p style=\"text-align: right;\"><strong>\u0639\u0637\u0631 \u0627\u0644\u0633\u064a\u0627\u0631\u0627\u062a \u0644\u064a\u0645\u0648\u0646 \u0643\u0633\u064a\u0633<\/strong>\u060c \u200b\u200b\u0633\u0644\u0633\u0644\u0629 \u0625\u0643\u0633 \u0643\u0648\u0644\u0648\u0631-\u0623\u0648\u0631\u064a\u063a\u0648\u0646. \u062c\u0648\u062f\u0629 \u0645\u0645\u062a\u0627\u0632\u0629\u060c \u0627\u0646\u062a\u0639\u0627\u0634 \u0641\u0627\u0626\u0642\u060c \u0648\u0637\u0627\u0642\u0629 \u0637\u0628\u064a\u0639\u064a\u0629. \u0631\u0627\u0626\u062d\u0629 \u0641\u0627\u0643\u0647\u064a\u0629 \u0645\u0646\u0639\u0634\u0629 \u062a\u062f\u0648\u0645 \u0637\u0648\u064a\u0644\u0627\u064b\u060c \u0644\u062a\u0645\u0646\u062d\u0643 \u0645\u0642\u0635\u0648\u0631\u0629 \u062f\u0627\u062e\u0644\u064a\u0629 \u0646\u0638\u064a\u0641\u0629 \u0648\u062d\u064a\u0648\u064a\u0629 \u0628\u0627\u0633\u062a\u0645\u0631\u0627\u0631. \u0627\u0644\u062e\u064a\u0627\u0631 \u0627\u0644\u0623\u0645\u062b\u0644 \u0644\u0645\u0646 \u064a\u0628\u062d\u062b \u0639\u0646 \u062c\u0648 \u0645\u0646\u0639\u0634 \u0648\u062d\u064a\u0648\u064a \u064a\u062f\u0648\u0645 \u0637\u0648\u064a\u0644\u0627\u064b \u0641\u064a \u0633\u064a\u0627\u0631\u062a\u0647. \u0628\u0641\u0636\u0644 \u0645\u0632\u064a\u062c\u0647 \u0627\u0644\u0645\u062a\u0646\u0627\u063a\u0645 \u0645\u0646 \u0646\u0643\u0647\u0629 \u0627\u0644\u0644\u064a\u0645\u0648\u0646 \u0648\u062d\u0644\u0627\u0648\u0629 \u0627\u0644\u0643\u0634\u0645\u0634 \u0627\u0644\u0623\u0633\u0648\u062f \u0627\u0644\u0644\u0627\u0630\u0639\u0629\u060c \u064a\u062e\u0644\u0642 \u0647\u0630\u0627 \u0627\u0644\u0645\u0639\u0637\u0631 \u0631\u0627\u0626\u062d\u0629 \u0641\u0627\u0643\u0647\u064a\u0629 \u0645\u0646\u0639\u0634\u0629 \u062a\u062f\u0648\u0645 \u0637\u0648\u064a\u0644\u0627\u064b\u060c \u062a\u062d\u0648\u0651\u0644 \u0643\u0644 \u0631\u062d\u0644\u0629 \u0625\u0644\u0649 \u062a\u062c\u0631\u0628\u0629 \u0645\u0645\u062a\u0639\u0629. \u0635\u064f\u0645\u0645 \u0647\u0630\u0627 \u0627\u0644\u0645\u0639\u0637\u0631 \u0644\u0627\u0646\u062a\u0634\u0627\u0631 \u0645\u062a\u0648\u0627\u0632\u0646\u060c \u0641\u0647\u0648 \u064a\u064f\u0639\u0627\u062f\u0644 \u0627\u0644\u0631\u0648\u0627\u0626\u062d \u0627\u0644\u0643\u0631\u064a\u0647\u0629 \u0628\u0641\u0639\u0627\u0644\u064a\u0629\u060c \u0648\u064a\u0645\u0646\u062d\u0643 \u0634\u0639\u0648\u0631\u0627\u064b \u0641\u0648\u0631\u064a\u0627\u064b \u0628\u0627\u0644\u0646\u0638\u0627\u0641\u0629. \u0631\u0627\u0626\u062d\u062a\u0647 \u0627\u0644\u0645\u0645\u064a\u0632\u0629 \u062a\u064f\u0648\u062d\u064a \u0641\u0648\u0631\u0627\u064b \u0628\u0646\u0638\u0627\u0641\u0629 \u0627\u0644\u0633\u064a\u0627\u0631\u0629 \u0627\u0644\u062c\u062f\u064a\u062f\u0629\u060c \u0648\u0631\u0627\u0626\u062d\u0629 \u0627\u0644\u062c\u0644\u062f \u0648\u0627\u0644\u0645\u0648\u0627\u062f \u0627\u0644\u062c\u062f\u064a\u062f\u0629\u060c \u0648\u0623\u062c\u0648\u0627\u0621 \u0639\u0635\u0631\u064a\u0629 \u0641\u0627\u062e\u0631\u0629. \u0628\u0641\u0636\u0644 \u062a\u0631\u0643\u064a\u0628\u062a\u0647 \u0627\u0644\u0645\u062a\u0637\u0648\u0631\u0629\u060c \u064a\u0646\u0634\u0631 \u0647\u0630\u0627 \u0627\u0644\u0639\u0637\u0631 \u0625\u062d\u0633\u0627\u0633\u0627\u064b \u0642\u0648\u064a\u0627\u064b \u0648\u062d\u064a\u0648\u064a\u0627\u064b\u060c \u0645\u062b\u0627\u0644\u064a\u0627\u064b \u0644\u062a\u062c\u062f\u064a\u062f \u0623\u064a \u0646\u0648\u0639 \u0645\u0646 \u0627\u0644\u0633\u064a\u0627\u0631\u0627\u062a<\/p>\n<p><iframe loading=\"lazy\" title=\"\u0633\u064a\u0644\u0627\" width=\"500\" height=\"281\" src=\"https:\/\/www.youtube.com\/embed\/6DPu7q3J3ls?feature=oembed\" frameborder=\"0\" allow=\"accelerometer; autoplay; clipboard-write; encrypted-media; gyroscope; picture-in-picture; web-share\" referrerpolicy=\"strict-origin-when-cross-origin\" allowfullscreen><\/iframe><\/p>","protected":false},"excerpt":{"rendered":"<h1 style=\"text-align: center;\">\u0639\u0637\u0631 \u0627\u0644\u0633\u064a\u0627\u0631\u0627\u062a \u0644\u064a\u0645\u0648\u0646 \u0643\u0633\u064a\u0633<\/h1>\n<p><strong>Parfum voiture CITRON CASSIS<\/strong>, X COLOR SERIES-OREGON Qualit\u00e9 Premium, fra\u00eecheur vive et une \u00e9nergie naturelle. Senteur fruit\u00e9e et tonique pour un habitacle toujours propre et <a href=\"https:\/\/www.instagram.com\/p\/DIocp9zg4J5\/\">dynamique<\/a>. Le choix id\u00e9al pour ceux qui recherchent une ambiance fra\u00eeche, \u00e9nergisante et durable dans leur v\u00e9hicule.<\/p>","protected":false},"featured_media":38316,"comment_status":"open","ping_status":"closed","template":"","meta":[],"product_brand":[293],"product_cat":[921],"product_tag":[],"class_list":{"0":"post-33833","1":"product","2":"type-product","3":"status-publish","4":"has-post-thumbnail","6":"product_brand-sella","7":"product_cat-x-color","9":"first","10":"instock","11":"taxable","12":"shipping-taxable","13":"purchasable","14":"product-type-simple"},"yoast_head":"<!-- This site is optimized with the Yoast SEO plugin v27.4 - https:\/\/yoast.com\/product\/yoast-seo-wordpress\/ -->\n<title>Parfum voiture CITRON CASSIS - Boutique &quot;V6&quot;<\/title>\n<meta name=\"description\" content=\"Parfum voiture CITRON CASSIS, X COLOR SERIES-OREGON : fra\u00eecheur fruit\u00e9e premium, senteur tonique longue dur\u00e9e et neutralisation des odeurs.\" \/>\n<meta name=\"robots\" content=\"index, follow, max-snippet:-1, max-image-preview:large, max-video-preview:-1\" \/>\n<link rel=\"canonical\" href=\"https:\/\/sella-industrie.com\/ar\/product\/parfum-voiture-citron-cassis-x-color-series-oregon-\u0639\u0637\u0631-\u0627\u0644\u0633\u064a\u0627\u0631\u0627\u062a-\u0644\u064a\u0645\u0648\u0646-\u0643\u0633\u064a\u0633\/\" \/>\n<meta property=\"og:locale\" content=\"ar_AR\" \/>\n<meta property=\"og:type\" content=\"article\" \/>\n<meta property=\"og:title\" content=\"Parfum voiture CITRON CASSIS - Boutique &quot;V6&quot;\" \/>\n<meta property=\"og:description\" content=\"Parfum voiture CITRON CASSIS, X COLOR SERIES-OREGON : fra\u00eecheur fruit\u00e9e premium, senteur tonique longue dur\u00e9e et neutralisation des odeurs.\" \/>\n<meta property=\"og:url\" content=\"https:\/\/sella-industrie.com\/ar\/product\/parfum-voiture-citron-cassis-x-color-series-oregon-\u0639\u0637\u0631-\u0627\u0644\u0633\u064a\u0627\u0631\u0627\u062a-\u0644\u064a\u0645\u0648\u0646-\u0643\u0633\u064a\u0633\/\" \/>\n<meta property=\"og:site_name\" content=\"Boutique &quot;V6&quot;\" \/>\n<meta property=\"article:modified_time\" content=\"2026-04-15T13:38:10+00:00\" \/>\n<meta property=\"og:image\" content=\"https:\/\/sella-industrie.com\/wp-content\/uploads\/2025\/06\/CITRON-CASSIS-SCL.webp\" \/>\n\t<meta property=\"og:image:width\" content=\"1000\" \/>\n\t<meta property=\"og:image:height\" content=\"1000\" \/>\n\t<meta property=\"og:image:type\" content=\"image\/webp\" \/>\n<meta name=\"twitter:card\" content=\"summary_large_image\" \/>\n<meta name=\"twitter:label1\" content=\"\u0648\u0642\u062a \u0627\u0644\u0642\u0631\u0627\u0621\u0629 \u0627\u0644\u0645\u064f\u0642\u062f\u0651\u0631\" \/>\n\t<meta name=\"twitter:data1\" content=\"\u062f\u0642\u064a\u0642\u062a\u0627\u0646\" \/>\n<script type=\"application\/ld+json\" class=\"yoast-schema-graph\">{\"@context\":\"https:\\\/\\\/schema.org\",\"@graph\":[{\"@type\":\"WebPage\",\"@id\":\"https:\\\/\\\/sella-industrie.com\\\/produit\\\/parfum-voiture-citron-cassis-x-color-series-oregon-%d8%b9%d8%b7%d8%b1-%d8%a7%d9%84%d8%b3%d9%8a%d8%a7%d8%b1%d8%a7%d8%aa-%d9%84%d9%8a%d9%85%d9%88%d9%86-%d9%83%d8%b3%d9%8a%d8%b3\\\/\",\"url\":\"https:\\\/\\\/sella-industrie.com\\\/produit\\\/parfum-voiture-citron-cassis-x-color-series-oregon-%d8%b9%d8%b7%d8%b1-%d8%a7%d9%84%d8%b3%d9%8a%d8%a7%d8%b1%d8%a7%d8%aa-%d9%84%d9%8a%d9%85%d9%88%d9%86-%d9%83%d8%b3%d9%8a%d8%b3\\\/\",\"name\":\"Parfum voiture CITRON CASSIS - Boutique &quot;V6&quot;\",\"isPartOf\":{\"@id\":\"https:\\\/\\\/sella-industrie.com\\\/#website\"},\"primaryImageOfPage\":{\"@id\":\"https:\\\/\\\/sella-industrie.com\\\/produit\\\/parfum-voiture-citron-cassis-x-color-series-oregon-%d8%b9%d8%b7%d8%b1-%d8%a7%d9%84%d8%b3%d9%8a%d8%a7%d8%b1%d8%a7%d8%aa-%d9%84%d9%8a%d9%85%d9%88%d9%86-%d9%83%d8%b3%d9%8a%d8%b3\\\/#primaryimage\"},\"image\":{\"@id\":\"https:\\\/\\\/sella-industrie.com\\\/produit\\\/parfum-voiture-citron-cassis-x-color-series-oregon-%d8%b9%d8%b7%d8%b1-%d8%a7%d9%84%d8%b3%d9%8a%d8%a7%d8%b1%d8%a7%d8%aa-%d9%84%d9%8a%d9%85%d9%88%d9%86-%d9%83%d8%b3%d9%8a%d8%b3\\\/#primaryimage\"},\"thumbnailUrl\":\"https:\\\/\\\/sella-industrie.com\\\/wp-content\\\/uploads\\\/2025\\\/06\\\/CITRON-CASSIS-SCL.webp\",\"datePublished\":\"2025-06-24T14:22:10+00:00\",\"dateModified\":\"2026-04-15T13:38:10+00:00\",\"description\":\"Parfum voiture CITRON CASSIS, X COLOR SERIES-OREGON : fra\u00eecheur fruit\u00e9e premium, senteur tonique longue dur\u00e9e et neutralisation des odeurs.\",\"breadcrumb\":{\"@id\":\"https:\\\/\\\/sella-industrie.com\\\/produit\\\/parfum-voiture-citron-cassis-x-color-series-oregon-%d8%b9%d8%b7%d8%b1-%d8%a7%d9%84%d8%b3%d9%8a%d8%a7%d8%b1%d8%a7%d8%aa-%d9%84%d9%8a%d9%85%d9%88%d9%86-%d9%83%d8%b3%d9%8a%d8%b3\\\/#breadcrumb\"},\"inLanguage\":\"ar\",\"potentialAction\":[{\"@type\":\"ReadAction\",\"target\":[\"https:\\\/\\\/sella-industrie.com\\\/produit\\\/parfum-voiture-citron-cassis-x-color-series-oregon-%d8%b9%d8%b7%d8%b1-%d8%a7%d9%84%d8%b3%d9%8a%d8%a7%d8%b1%d8%a7%d8%aa-%d9%84%d9%8a%d9%85%d9%88%d9%86-%d9%83%d8%b3%d9%8a%d8%b3\\\/\"]}]},{\"@type\":\"ImageObject\",\"inLanguage\":\"ar\",\"@id\":\"https:\\\/\\\/sella-industrie.com\\\/produit\\\/parfum-voiture-citron-cassis-x-color-series-oregon-%d8%b9%d8%b7%d8%b1-%d8%a7%d9%84%d8%b3%d9%8a%d8%a7%d8%b1%d8%a7%d8%aa-%d9%84%d9%8a%d9%85%d9%88%d9%86-%d9%83%d8%b3%d9%8a%d8%b3\\\/#primaryimage\",\"url\":\"https:\\\/\\\/sella-industrie.com\\\/wp-content\\\/uploads\\\/2025\\\/06\\\/CITRON-CASSIS-SCL.webp\",\"contentUrl\":\"https:\\\/\\\/sella-industrie.com\\\/wp-content\\\/uploads\\\/2025\\\/06\\\/CITRON-CASSIS-SCL.webp\",\"width\":1000,\"height\":1000,\"caption\":\"parfum voiture citron cassis\"},{\"@type\":\"BreadcrumbList\",\"@id\":\"https:\\\/\\\/sella-industrie.com\\\/produit\\\/parfum-voiture-citron-cassis-x-color-series-oregon-%d8%b9%d8%b7%d8%b1-%d8%a7%d9%84%d8%b3%d9%8a%d8%a7%d8%b1%d8%a7%d8%aa-%d9%84%d9%8a%d9%85%d9%88%d9%86-%d9%83%d8%b3%d9%8a%d8%b3\\\/#breadcrumb\",\"itemListElement\":[{\"@type\":\"ListItem\",\"position\":1,\"name\":\"Accueil\",\"item\":\"https:\\\/\\\/sella-industrie.com\\\/fr_fr\\\/\"},{\"@type\":\"ListItem\",\"position\":2,\"name\":\"Shop\",\"item\":\"https:\\\/\\\/sella-industrie.com\\\/fr_fr\\\/shop\\\/\"},{\"@type\":\"ListItem\",\"position\":3,\"name\":\"X COLOR\",\"item\":\"https:\\\/\\\/sella-industrie.com\\\/categorie-produit\\\/x-color\\\/\"},{\"@type\":\"ListItem\",\"position\":4,\"name\":\"Parfum voiture CITRON CASSIS\"}]},{\"@type\":\"WebSite\",\"@id\":\"https:\\\/\\\/sella-industrie.com\\\/#website\",\"url\":\"https:\\\/\\\/sella-industrie.com\\\/\",\"name\":\"Boutique &quot;V6&quot;\",\"description\":\"We care for your car\",\"publisher\":{\"@id\":\"https:\\\/\\\/sella-industrie.com\\\/#organization\"},\"potentialAction\":[{\"@type\":\"SearchAction\",\"target\":{\"@type\":\"EntryPoint\",\"urlTemplate\":\"https:\\\/\\\/sella-industrie.com\\\/?s={search_term_string}\"},\"query-input\":{\"@type\":\"PropertyValueSpecification\",\"valueRequired\":true,\"valueName\":\"search_term_string\"}}],\"inLanguage\":\"ar\"},{\"@type\":\"Organization\",\"@id\":\"https:\\\/\\\/sella-industrie.com\\\/#organization\",\"name\":\"Boutique &quot;V6&quot;\",\"url\":\"https:\\\/\\\/sella-industrie.com\\\/\",\"logo\":{\"@type\":\"ImageObject\",\"inLanguage\":\"ar\",\"@id\":\"https:\\\/\\\/sella-industrie.com\\\/#\\\/schema\\\/logo\\\/image\\\/\",\"url\":\"\",\"contentUrl\":\"\",\"caption\":\"Boutique &quot;V6&quot;\"},\"image\":{\"@id\":\"https:\\\/\\\/sella-industrie.com\\\/#\\\/schema\\\/logo\\\/image\\\/\"}}]}<\/script>\n<!-- \/ Yoast SEO plugin. -->","yoast_head_json":{"title":"Parfum voiture CITRON CASSIS - Boutique &quot;V6&quot;","description":"Parfum voiture CITRON CASSIS, X COLOR SERIES-OREGON : fra\u00eecheur fruit\u00e9e premium, senteur tonique longue dur\u00e9e et neutralisation des odeurs.","robots":{"index":"index","follow":"follow","max-snippet":"max-snippet:-1","max-image-preview":"max-image-preview:large","max-video-preview":"max-video-preview:-1"},"canonical":"https:\/\/sella-industrie.com\/ar\/product\/parfum-voiture-citron-cassis-x-color-series-oregon-\u0639\u0637\u0631-\u0627\u0644\u0633\u064a\u0627\u0631\u0627\u062a-\u0644\u064a\u0645\u0648\u0646-\u0643\u0633\u064a\u0633\/","og_locale":"ar_AR","og_type":"article","og_title":"Parfum voiture CITRON CASSIS - Boutique &quot;V6&quot;","og_description":"Parfum voiture CITRON CASSIS, X COLOR SERIES-OREGON : fra\u00eecheur fruit\u00e9e premium, senteur tonique longue dur\u00e9e et neutralisation des odeurs.","og_url":"https:\/\/sella-industrie.com\/ar\/product\/parfum-voiture-citron-cassis-x-color-series-oregon-\u0639\u0637\u0631-\u0627\u0644\u0633\u064a\u0627\u0631\u0627\u062a-\u0644\u064a\u0645\u0648\u0646-\u0643\u0633\u064a\u0633\/","og_site_name":"Boutique &quot;V6&quot;","article_modified_time":"2026-04-15T13:38:10+00:00","og_image":[{"width":1000,"height":1000,"url":"https:\/\/sella-industrie.com\/wp-content\/uploads\/2025\/06\/CITRON-CASSIS-SCL.webp","type":"image\/webp"}],"twitter_card":"summary_large_image","twitter_misc":{"\u0648\u0642\u062a \u0627\u0644\u0642\u0631\u0627\u0621\u0629 \u0627\u0644\u0645\u064f\u0642\u062f\u0651\u0631":"\u062f\u0642\u064a\u0642\u062a\u0627\u0646"},"schema":{"@context":"https:\/\/schema.org","@graph":[{"@type":"WebPage","@id":"https:\/\/sella-industrie.com\/produit\/parfum-voiture-citron-cassis-x-color-series-oregon-%d8%b9%d8%b7%d8%b1-%d8%a7%d9%84%d8%b3%d9%8a%d8%a7%d8%b1%d8%a7%d8%aa-%d9%84%d9%8a%d9%85%d9%88%d9%86-%d9%83%d8%b3%d9%8a%d8%b3\/","url":"https:\/\/sella-industrie.com\/produit\/parfum-voiture-citron-cassis-x-color-series-oregon-%d8%b9%d8%b7%d8%b1-%d8%a7%d9%84%d8%b3%d9%8a%d8%a7%d8%b1%d8%a7%d8%aa-%d9%84%d9%8a%d9%85%d9%88%d9%86-%d9%83%d8%b3%d9%8a%d8%b3\/","name":"Parfum voiture CITRON CASSIS - Boutique &quot;V6&quot;","isPartOf":{"@id":"https:\/\/sella-industrie.com\/#website"},"primaryImageOfPage":{"@id":"https:\/\/sella-industrie.com\/produit\/parfum-voiture-citron-cassis-x-color-series-oregon-%d8%b9%d8%b7%d8%b1-%d8%a7%d9%84%d8%b3%d9%8a%d8%a7%d8%b1%d8%a7%d8%aa-%d9%84%d9%8a%d9%85%d9%88%d9%86-%d9%83%d8%b3%d9%8a%d8%b3\/#primaryimage"},"image":{"@id":"https:\/\/sella-industrie.com\/produit\/parfum-voiture-citron-cassis-x-color-series-oregon-%d8%b9%d8%b7%d8%b1-%d8%a7%d9%84%d8%b3%d9%8a%d8%a7%d8%b1%d8%a7%d8%aa-%d9%84%d9%8a%d9%85%d9%88%d9%86-%d9%83%d8%b3%d9%8a%d8%b3\/#primaryimage"},"thumbnailUrl":"https:\/\/sella-industrie.com\/wp-content\/uploads\/2025\/06\/CITRON-CASSIS-SCL.webp","datePublished":"2025-06-24T14:22:10+00:00","dateModified":"2026-04-15T13:38:10+00:00","description":"Parfum voiture CITRON CASSIS, X COLOR SERIES-OREGON : fra\u00eecheur fruit\u00e9e premium, senteur tonique longue dur\u00e9e et neutralisation des odeurs.","breadcrumb":{"@id":"https:\/\/sella-industrie.com\/produit\/parfum-voiture-citron-cassis-x-color-series-oregon-%d8%b9%d8%b7%d8%b1-%d8%a7%d9%84%d8%b3%d9%8a%d8%a7%d8%b1%d8%a7%d8%aa-%d9%84%d9%8a%d9%85%d9%88%d9%86-%d9%83%d8%b3%d9%8a%d8%b3\/#breadcrumb"},"inLanguage":"ar","potentialAction":[{"@type":"ReadAction","target":["https:\/\/sella-industrie.com\/produit\/parfum-voiture-citron-cassis-x-color-series-oregon-%d8%b9%d8%b7%d8%b1-%d8%a7%d9%84%d8%b3%d9%8a%d8%a7%d8%b1%d8%a7%d8%aa-%d9%84%d9%8a%d9%85%d9%88%d9%86-%d9%83%d8%b3%d9%8a%d8%b3\/"]}]},{"@type":"ImageObject","inLanguage":"ar","@id":"https:\/\/sella-industrie.com\/produit\/parfum-voiture-citron-cassis-x-color-series-oregon-%d8%b9%d8%b7%d8%b1-%d8%a7%d9%84%d8%b3%d9%8a%d8%a7%d8%b1%d8%a7%d8%aa-%d9%84%d9%8a%d9%85%d9%88%d9%86-%d9%83%d8%b3%d9%8a%d8%b3\/#primaryimage","url":"https:\/\/sella-industrie.com\/wp-content\/uploads\/2025\/06\/CITRON-CASSIS-SCL.webp","contentUrl":"https:\/\/sella-industrie.com\/wp-content\/uploads\/2025\/06\/CITRON-CASSIS-SCL.webp","width":1000,"height":1000,"caption":"parfum voiture citron cassis"},{"@type":"BreadcrumbList","@id":"https:\/\/sella-industrie.com\/produit\/parfum-voiture-citron-cassis-x-color-series-oregon-%d8%b9%d8%b7%d8%b1-%d8%a7%d9%84%d8%b3%d9%8a%d8%a7%d8%b1%d8%a7%d8%aa-%d9%84%d9%8a%d9%85%d9%88%d9%86-%d9%83%d8%b3%d9%8a%d8%b3\/#breadcrumb","itemListElement":[{"@type":"ListItem","position":1,"name":"Accueil","item":"https:\/\/sella-industrie.com\/fr_fr\/"},{"@type":"ListItem","position":2,"name":"Shop","item":"https:\/\/sella-industrie.com\/fr_fr\/shop\/"},{"@type":"ListItem","position":3,"name":"X COLOR","item":"https:\/\/sella-industrie.com\/categorie-produit\/x-color\/"},{"@type":"ListItem","position":4,"name":"Parfum voiture CITRON CASSIS"}]},{"@type":"WebSite","@id":"https:\/\/sella-industrie.com\/#website","url":"https:\/\/sella-industrie.com\/","name":"Boutique &quot;V6&quot;","description":"We care for your car","publisher":{"@id":"https:\/\/sella-industrie.com\/#organization"},"potentialAction":[{"@type":"SearchAction","target":{"@type":"EntryPoint","urlTemplate":"https:\/\/sella-industrie.com\/?s={search_term_string}"},"query-input":{"@type":"PropertyValueSpecification","valueRequired":true,"valueName":"search_term_string"}}],"inLanguage":"ar"},{"@type":"Organization","@id":"https:\/\/sella-industrie.com\/#organization","name":"Boutique &quot;V6&quot;","url":"https:\/\/sella-industrie.com\/","logo":{"@type":"ImageObject","inLanguage":"ar","@id":"https:\/\/sella-industrie.com\/#\/schema\/logo\/image\/","url":"","contentUrl":"","caption":"Boutique &quot;V6&quot;"},"image":{"@id":"https:\/\/sella-industrie.com\/#\/schema\/logo\/image\/"}}]}},"_links":{"self":[{"href":"https:\/\/sella-industrie.com\/ar\/wp-json\/wp\/v2\/product\/33833","targetHints":{"allow":["GET"]}}],"collection":[{"href":"https:\/\/sella-industrie.com\/ar\/wp-json\/wp\/v2\/product"}],"about":[{"href":"https:\/\/sella-industrie.com\/ar\/wp-json\/wp\/v2\/types\/product"}],"replies":[{"embeddable":true,"href":"https:\/\/sella-industrie.com\/ar\/wp-json\/wp\/v2\/comments?post=33833"}],"wp:featuredmedia":[{"embeddable":true,"href":"https:\/\/sella-industrie.com\/ar\/wp-json\/wp\/v2\/media\/38316"}],"wp:attachment":[{"href":"https:\/\/sella-industrie.com\/ar\/wp-json\/wp\/v2\/media?parent=33833"}],"wp:term":[{"taxonomy":"product_brand","embeddable":true,"href":"https:\/\/sella-industrie.com\/ar\/wp-json\/wp\/v2\/product_brand?post=33833"},{"taxonomy":"product_cat","embeddable":true,"href":"https:\/\/sella-industrie.com\/ar\/wp-json\/wp\/v2\/product_cat?post=33833"},{"taxonomy":"product_tag","embeddable":true,"href":"https:\/\/sella-industrie.com\/ar\/wp-json\/wp\/v2\/product_tag?post=33833"}],"curies":[{"name":"wp","href":"https:\/\/api.w.org\/{rel}","templated":true}]}}