{"id":33817,"date":"2025-06-24T14:11:22","date_gmt":"2025-06-24T14:11:22","guid":{"rendered":"https:\/\/sellaindustrie.com\/?post_type=product&#038;p=33817"},"modified":"2026-04-14T14:59:27","modified_gmt":"2026-04-14T14:59:27","slug":"parfum-voiture-citron-le-dauphin-%d8%b9%d8%b7%d8%b1-%d8%a7%d9%84%d8%b3%d9%8a%d8%a7%d8%b1%d8%a7%d8%aa-%d9%84%d9%8a%d9%85%d9%88%d9%86","status":"publish","type":"product","link":"https:\/\/sella-industrie.com\/ar\/product\/parfum-voiture-citron-le-dauphin-%d8%b9%d8%b7%d8%b1-%d8%a7%d9%84%d8%b3%d9%8a%d8%a7%d8%b1%d8%a7%d8%aa-%d9%84%d9%8a%d9%85%d9%88%d9%86\/","title":{"rendered":"Parfum voiture CITRON"},"content":{"rendered":"<h2 style=\"text-align: center;\"><span style=\"color: #000000;\">Parfum voiture CITRON \u0639\u0637\u0631 \u0627\u0644\u0633\u064a\u0627\u0631\u0627\u062a \u0644\u064a\u0645\u0648\u0646<\/span><\/h2>\n<p style=\"text-align: left;\"><strong>Parfum Voiture CITRON<\/strong>, LE DAUPHIN, Plus qu\u2019un simple d\u00e9sodorisant, il transforme votre voiture en un espace \u00e9nergisant et agr\u00e9able \u00e0 vivre. Une fragrance fra\u00eeche et \u00e9nergisante qui purifie l\u2019habitacle et diffuse une sensation de propret\u00e9 durable. Longue tenue et design \u00e9l\u00e9gant. C&rsquo;est la solution <a href=\"https:\/\/www.instagram.com\/p\/DUI4dfoDIV9\/\" target=\"_blank\" rel=\"noopener\">id\u00e9ale<\/a> pour transformer l\u2019int\u00e9rieur de votre v\u00e9hicule en un espace frais, <a href=\"https:\/\/sella-industrie.com\/ar\/product\/citron-sicilien-%d9%84%d9%8a%d9%85%d9%88%d9%86-%d8%b5%d9%82%d9%84%d9%8a\/\">propre et revitalisant<\/a>. Gr\u00e2ce \u00e0 sa senteur <strong data-start=\"933\" data-end=\"954\">citronn\u00e9e intense<\/strong>, il apporte une <strong data-start=\"971\" data-end=\"1009\">fra\u00eecheur vive et une \u00e9nergie pure<\/strong> \u00e0 chaque trajet. Con\u00e7u pour les conducteurs exigeants, ce parfum voiture combine performance olfactive et design \u00e9l\u00e9gant. Apportez une sensation de <strong data-start=\"703\" data-end=\"736\">propret\u00e9 imm\u00e9diate et durable<\/strong> \u00e0 votre v\u00e9hicule avec notre parfum voiture citron.\u00a0Gr\u00e2ce \u00e0 sa <strong data-start=\"935\" data-end=\"966\">fragrance citronn\u00e9e intense<\/strong>, ce d\u00e9sodorisant voiture diffuse une odeur vive et tonique qui \u00e9voque la puret\u00e9 et la fra\u00eecheur, id\u00e9ale pour am\u00e9liorer le confort de chaque trajet.<\/p>\n<p style=\"text-align: right;\"><strong><span style=\"color: #000000;\">\u0639\u0637\u0631 \u0627\u0644\u0633\u064a\u0627\u0631\u0627\u062a \u0627\u0644\u062f\u0644\u0641\u064a\u0646 \u0644\u064a\u0645\u0648\u0646<\/span>\u060c<\/strong> \u0644\u064a\u0633 \u0645\u062c\u0631\u062f \u0645\u0639\u0637\u0631 \u062c\u0648\u060c \u0627\u0646\u062a\u0639\u0627\u0634 \u062d\u064a\u0648\u064a \u0648\u0637\u0627\u0642\u0629 \u0646\u0642\u064a\u0629 \u064a\u062d\u0648\u0651\u0644 \u0633\u064a\u0627\u0631\u062a\u0643 \u0625\u0644\u0649 \u0645\u0633\u0627\u062d\u0629 \u0645\u0631\u064a\u062d\u0629\u060c \u0645\u0646\u0639\u0634 \u0648\u0645\u0646\u0634\u0637 \u064a\u0646\u0642\u064a \u0627\u0644\u0645\u0642\u0635\u0648\u0631\u0629 \u0627\u0644\u062f\u0627\u062e\u0644\u064a\u0629 \u0648\u064a\u0646\u0634\u0631 \u0634\u0639\u0648\u0631\u064b\u0627 \u062f\u0627\u0626\u0645\u064b\u0627 \u0628\u0627\u0644\u0646\u0638\u0627\u0641\u0629. \u064a\u062f\u0648\u0645 \u0637\u0648\u064a\u0644\u064b\u0627 \u0648\u064a\u062a\u0645\u064a\u0632 \u0628\u062a\u0635\u0645\u064a\u0645 \u0623\u0646\u064a\u0642. \u0625\u0646\u0647 \u0627\u0644\u062d\u0644 \u0627\u0644\u0623\u0645\u062b\u0644 \u0644\u062a\u062d\u0648\u064a\u0644 \u0645\u0642\u0635\u0648\u0631\u0629 \u0633\u064a\u0627\u0631\u062a\u0643 \u0625\u0644\u0649 \u0645\u0633\u0627\u062d\u0629 \u0645\u0646\u0639\u0634\u0629 \u0648\u0646\u0638\u064a\u0641\u0629 \u062a\u0628\u0639\u062b \u0639\u0644\u0649 \u0627\u0644\u062d\u064a\u0648\u064a\u0629. \u0628\u0641\u0636\u0644 \u0631\u0627\u0626\u062d\u0629 \u0627\u0644\u0644\u064a\u0645\u0648\u0646 \u0627\u0644\u0642\u0648\u064a\u0629\u060c \u064a\u0636\u0641\u064a \u0627\u0646\u062a\u0639\u0627\u0634\u064b\u0627 \u0646\u0627\u0628\u0636\u064b\u0627 \u0628\u0627\u0644\u062d\u064a\u0627\u0629 \u0648\u0637\u0627\u0642\u0629 \u0635\u0627\u0641\u064a\u0629 \u0639\u0644\u0649 \u0643\u0644 \u0631\u062d\u0644\u0629. \u0635\u064f\u0645\u0645 \u0647\u0630\u0627 \u0627\u0644\u0645\u0639\u0637\u0631 \u062e\u0635\u064a\u0635\u064b\u0627 \u0644\u0644\u0633\u0627\u0626\u0642\u064a\u0646 \u0627\u0644\u0645\u0645\u064a\u0632\u064a\u0646\u060c \u0641\u0647\u0648 \u064a\u062c\u0645\u0639 \u0628\u064a\u0646 \u0627\u0644\u0623\u062f\u0627\u0621 \u0627\u0644\u0639\u0637\u0631\u064a \u0648\u0627\u0644\u062a\u0635\u0645\u064a\u0645 \u0627\u0644\u0623\u0646\u064a\u0642. \u0627\u0645\u0646\u062d \u0633\u064a\u0627\u0631\u062a\u0643 \u0634\u0639\u0648\u0631\u064b\u0627 \u0641\u0648\u0631\u064a\u064b\u0627 \u0648\u062f\u0627\u0626\u0645\u064b\u0627 \u0628\u0627\u0644\u0646\u0638\u0627\u0641\u0629 \u0645\u0639 \u0645\u0639\u0637\u0631 \u062c\u0648 \u0627\u0644\u0633\u064a\u0627\u0631\u0629 \u0628\u0631\u0627\u0626\u062d\u0629 \u0627\u0644\u0644\u064a\u0645\u0648\u0646. \u0628\u0641\u0636\u0644 \u0631\u0627\u0626\u062d\u0629 \u0627\u0644\u0644\u064a\u0645\u0648\u0646 \u0627\u0644\u0642\u0648\u064a\u0629\u060c \u064a\u0646\u0634\u0631 \u0647\u0630\u0627 \u0627\u0644\u0645\u0639\u0637\u0631 \u0631\u0627\u0626\u062d\u0629 \u0645\u0634\u0631\u0642\u0629 \u0648\u0645\u0646\u0639\u0634\u0629 \u062a\u0628\u0639\u062b \u0639\u0644\u0649 \u0627\u0644\u0646\u0642\u0627\u0621 \u0648\u0627\u0644\u0627\u0646\u062a\u0639\u0627\u0634\u060c \u0645\u0645\u0627 \u064a\u062c\u0639\u0644\u0647 \u0645\u062b\u0627\u0644\u064a\u064b\u0627 \u0644\u062a\u0639\u0632\u064a\u0632 \u0631\u0627\u062d\u0629 \u0643\u0644 \u0631\u062d\u0644\u0629<\/p>\n<p><iframe loading=\"lazy\" title=\"\u0633\u064a\u0644\u0627\" width=\"500\" height=\"281\" src=\"https:\/\/www.youtube.com\/embed\/2cFJiIPT_RE?feature=oembed\" frameborder=\"0\" allow=\"accelerometer; autoplay; clipboard-write; encrypted-media; gyroscope; picture-in-picture; web-share\" referrerpolicy=\"strict-origin-when-cross-origin\" allowfullscreen><\/iframe><\/p>\n<p>&nbsp;<\/p>","protected":false},"excerpt":{"rendered":"<h1 style=\"text-align: center;\"><span style=\"color: #000000;\">\u0639\u0637\u0631 \u0627\u0644\u0633\u064a\u0627\u0631\u0627\u062a \u0644\u064a\u0645\u0648\u0646<\/span><\/h1>\n<p><strong>Parfum Voiture CITRON<\/strong>, LE DAUPHIN, Plus qu\u2019un simple d\u00e9sodorisant, il transforme votre voiture en un espace \u00e9nergisant et agr\u00e9able \u00e0 vivre. Une fragrance fra\u00eeche et \u00e9nergisante qui purifie l\u2019habitacle et diffuse une sensation de propret\u00e9 durable.<\/p>\n<p style=\"text-align: right;\">","protected":false},"featured_media":38278,"comment_status":"open","ping_status":"closed","template":"","meta":[],"product_brand":[293,292],"product_cat":[919],"product_tag":[],"class_list":{"0":"post-33817","1":"product","2":"type-product","3":"status-publish","4":"has-post-thumbnail","6":"product_brand-sella","7":"product_brand-v6","8":"product_cat-le-dauphin","10":"first","11":"instock","12":"taxable","13":"shipping-taxable","14":"purchasable","15":"product-type-simple"},"yoast_head":"<!-- This site is optimized with the Yoast SEO Premium plugin v27.1 (Yoast SEO v27.4) - https:\/\/yoast.com\/product\/yoast-seo-premium-wordpress\/ -->\n<title>Parfum voiture CITRON - Boutique &quot;V6&quot;<\/title>\n<meta name=\"description\" content=\"Optez pour le Parfum voiture CITRON. Une fragrance fra\u00eeche, \u00e9nergisante qui purifie l\u2019habitacle et diffuse une sensation de propret\u00e9 durable.\" \/>\n<meta name=\"robots\" content=\"index, follow, max-snippet:-1, max-image-preview:large, max-video-preview:-1\" \/>\n<link rel=\"canonical\" href=\"https:\/\/sella-industrie.com\/ar\/product\/parfum-voiture-citron-le-dauphin-\u0639\u0637\u0631-\u0627\u0644\u0633\u064a\u0627\u0631\u0627\u062a-\u0644\u064a\u0645\u0648\u0646\/\" \/>\n<meta property=\"og:locale\" content=\"ar_AR\" \/>\n<meta property=\"og:type\" content=\"article\" \/>\n<meta property=\"og:title\" content=\"Parfum voiture CITRON\" \/>\n<meta property=\"og:description\" content=\"Optez pour le Parfum voiture CITRON. Une fragrance fra\u00eeche, \u00e9nergisante qui purifie l\u2019habitacle et diffuse une sensation de propret\u00e9 durable.\" \/>\n<meta property=\"og:url\" content=\"https:\/\/sella-industrie.com\/ar\/product\/parfum-voiture-citron-le-dauphin-\u0639\u0637\u0631-\u0627\u0644\u0633\u064a\u0627\u0631\u0627\u062a-\u0644\u064a\u0645\u0648\u0646\/\" \/>\n<meta property=\"og:site_name\" content=\"Boutique &quot;V6&quot;\" \/>\n<meta property=\"article:modified_time\" content=\"2026-04-14T14:59:27+00:00\" \/>\n<meta property=\"og:image\" content=\"https:\/\/sella-industrie.com\/wp-content\/uploads\/2025\/06\/CITRON-le-dauphin.webp\" \/>\n\t<meta property=\"og:image:width\" content=\"1000\" \/>\n\t<meta property=\"og:image:height\" content=\"1000\" \/>\n\t<meta property=\"og:image:type\" content=\"image\/webp\" \/>\n<meta name=\"twitter:card\" content=\"summary_large_image\" \/>\n<meta name=\"twitter:label1\" content=\"\u0627\u0644\u0633\u0639\u0631\" \/>\n\t<meta name=\"twitter:data1\" content=\"&#x62f;.&#x62c;&nbsp;300\" \/>\n\t<meta name=\"twitter:label2\" content=\"\u0627\u0644\u062a\u0648\u0641\u0631\" \/>\n\t<meta name=\"twitter:data2\" content=\"\u0645\u062a\u0648\u0641\u0631 \u0641\u064a \u0627\u0644\u0645\u062e\u0632\u0648\u0646\" \/>\n<script type=\"application\/ld+json\" class=\"yoast-schema-graph\">{\"@context\":\"https:\\\/\\\/schema.org\",\"@graph\":[{\"@type\":\"WebPage\",\"@id\":\"https:\\\/\\\/sella-industrie.com\\\/produit\\\/parfum-voiture-citron-le-dauphin-%d8%b9%d8%b7%d8%b1-%d8%a7%d9%84%d8%b3%d9%8a%d8%a7%d8%b1%d8%a7%d8%aa-%d9%84%d9%8a%d9%85%d9%88%d9%86\\\/\",\"url\":\"https:\\\/\\\/sella-industrie.com\\\/produit\\\/parfum-voiture-citron-le-dauphin-%d8%b9%d8%b7%d8%b1-%d8%a7%d9%84%d8%b3%d9%8a%d8%a7%d8%b1%d8%a7%d8%aa-%d9%84%d9%8a%d9%85%d9%88%d9%86\\\/\",\"name\":\"Parfum voiture CITRON - Boutique &quot;V6&quot;\",\"isPartOf\":{\"@id\":\"https:\\\/\\\/sella-industrie.com\\\/#website\"},\"primaryImageOfPage\":{\"@id\":\"https:\\\/\\\/sella-industrie.com\\\/produit\\\/parfum-voiture-citron-le-dauphin-%d8%b9%d8%b7%d8%b1-%d8%a7%d9%84%d8%b3%d9%8a%d8%a7%d8%b1%d8%a7%d8%aa-%d9%84%d9%8a%d9%85%d9%88%d9%86\\\/#primaryimage\"},\"image\":{\"@id\":\"https:\\\/\\\/sella-industrie.com\\\/produit\\\/parfum-voiture-citron-le-dauphin-%d8%b9%d8%b7%d8%b1-%d8%a7%d9%84%d8%b3%d9%8a%d8%a7%d8%b1%d8%a7%d8%aa-%d9%84%d9%8a%d9%85%d9%88%d9%86\\\/#primaryimage\"},\"thumbnailUrl\":\"https:\\\/\\\/sella-industrie.com\\\/wp-content\\\/uploads\\\/2025\\\/06\\\/CITRON-le-dauphin.webp\",\"datePublished\":\"2025-06-24T14:11:22+00:00\",\"dateModified\":\"2026-04-14T14:59:27+00:00\",\"description\":\"Optez pour le Parfum voiture CITRON. Une fragrance fra\u00eeche, \u00e9nergisante qui purifie l\u2019habitacle et diffuse une sensation de propret\u00e9 durable.\",\"breadcrumb\":{\"@id\":\"https:\\\/\\\/sella-industrie.com\\\/produit\\\/parfum-voiture-citron-le-dauphin-%d8%b9%d8%b7%d8%b1-%d8%a7%d9%84%d8%b3%d9%8a%d8%a7%d8%b1%d8%a7%d8%aa-%d9%84%d9%8a%d9%85%d9%88%d9%86\\\/#breadcrumb\"},\"inLanguage\":\"ar\",\"potentialAction\":[{\"@type\":\"ReadAction\",\"target\":[\"https:\\\/\\\/sella-industrie.com\\\/produit\\\/parfum-voiture-citron-le-dauphin-%d8%b9%d8%b7%d8%b1-%d8%a7%d9%84%d8%b3%d9%8a%d8%a7%d8%b1%d8%a7%d8%aa-%d9%84%d9%8a%d9%85%d9%88%d9%86\\\/\"]}]},{\"@type\":\"ImageObject\",\"inLanguage\":\"ar\",\"@id\":\"https:\\\/\\\/sella-industrie.com\\\/produit\\\/parfum-voiture-citron-le-dauphin-%d8%b9%d8%b7%d8%b1-%d8%a7%d9%84%d8%b3%d9%8a%d8%a7%d8%b1%d8%a7%d8%aa-%d9%84%d9%8a%d9%85%d9%88%d9%86\\\/#primaryimage\",\"url\":\"https:\\\/\\\/sella-industrie.com\\\/wp-content\\\/uploads\\\/2025\\\/06\\\/CITRON-le-dauphin.webp\",\"contentUrl\":\"https:\\\/\\\/sella-industrie.com\\\/wp-content\\\/uploads\\\/2025\\\/06\\\/CITRON-le-dauphin.webp\",\"width\":1000,\"height\":1000,\"caption\":\"parfum voiture citron\"},{\"@type\":\"BreadcrumbList\",\"@id\":\"https:\\\/\\\/sella-industrie.com\\\/produit\\\/parfum-voiture-citron-le-dauphin-%d8%b9%d8%b7%d8%b1-%d8%a7%d9%84%d8%b3%d9%8a%d8%a7%d8%b1%d8%a7%d8%aa-%d9%84%d9%8a%d9%85%d9%88%d9%86\\\/#breadcrumb\",\"itemListElement\":[{\"@type\":\"ListItem\",\"position\":1,\"name\":\"Accueil\",\"item\":\"https:\\\/\\\/sella-industrie.com\\\/fr_fr\\\/\"},{\"@type\":\"ListItem\",\"position\":2,\"name\":\"Shop\",\"item\":\"https:\\\/\\\/sella-industrie.com\\\/fr_fr\\\/shop\\\/\"},{\"@type\":\"ListItem\",\"position\":3,\"name\":\"LE DAUPHIN\",\"item\":\"https:\\\/\\\/sella-industrie.com\\\/categorie-produit\\\/le-dauphin\\\/\"},{\"@type\":\"ListItem\",\"position\":4,\"name\":\"Parfum voiture CITRON\"}]},{\"@type\":\"WebSite\",\"@id\":\"https:\\\/\\\/sella-industrie.com\\\/#website\",\"url\":\"https:\\\/\\\/sella-industrie.com\\\/\",\"name\":\"Boutique &quot;V6&quot;\",\"description\":\"We care for your car\",\"publisher\":{\"@id\":\"https:\\\/\\\/sella-industrie.com\\\/#organization\"},\"potentialAction\":[{\"@type\":\"SearchAction\",\"target\":{\"@type\":\"EntryPoint\",\"urlTemplate\":\"https:\\\/\\\/sella-industrie.com\\\/?s={search_term_string}\"},\"query-input\":{\"@type\":\"PropertyValueSpecification\",\"valueRequired\":true,\"valueName\":\"search_term_string\"}}],\"inLanguage\":\"ar\"},{\"@type\":\"Organization\",\"@id\":\"https:\\\/\\\/sella-industrie.com\\\/#organization\",\"name\":\"Boutique &quot;V6&quot;\",\"url\":\"https:\\\/\\\/sella-industrie.com\\\/\",\"logo\":{\"@type\":\"ImageObject\",\"inLanguage\":\"ar\",\"@id\":\"https:\\\/\\\/sella-industrie.com\\\/#\\\/schema\\\/logo\\\/image\\\/\",\"url\":\"\",\"contentUrl\":\"\",\"caption\":\"Boutique &quot;V6&quot;\"},\"image\":{\"@id\":\"https:\\\/\\\/sella-industrie.com\\\/#\\\/schema\\\/logo\\\/image\\\/\"}}]}<\/script>\n<meta property=\"product:price:amount\" content=\"300\" \/>\n<meta property=\"product:price:currency\" content=\"DZD\" \/>\n<meta property=\"og:availability\" content=\"instock\" \/>\n<meta property=\"product:availability\" content=\"instock\" \/>\n<meta property=\"product:condition\" content=\"new\" \/>\n<!-- \/ Yoast SEO Premium plugin. -->","yoast_head_json":{"title":"Parfum voiture CITRON - Boutique &quot;V6&quot;","description":"Optez pour le Parfum voiture CITRON. Une fragrance fra\u00eeche, \u00e9nergisante qui purifie l\u2019habitacle et diffuse une sensation de propret\u00e9 durable.","robots":{"index":"index","follow":"follow","max-snippet":"max-snippet:-1","max-image-preview":"max-image-preview:large","max-video-preview":"max-video-preview:-1"},"canonical":"https:\/\/sella-industrie.com\/ar\/product\/parfum-voiture-citron-le-dauphin-\u0639\u0637\u0631-\u0627\u0644\u0633\u064a\u0627\u0631\u0627\u062a-\u0644\u064a\u0645\u0648\u0646\/","og_locale":"ar_AR","og_type":"article","og_title":"Parfum voiture CITRON","og_description":"Optez pour le Parfum voiture CITRON. Une fragrance fra\u00eeche, \u00e9nergisante qui purifie l\u2019habitacle et diffuse une sensation de propret\u00e9 durable.","og_url":"https:\/\/sella-industrie.com\/ar\/product\/parfum-voiture-citron-le-dauphin-\u0639\u0637\u0631-\u0627\u0644\u0633\u064a\u0627\u0631\u0627\u062a-\u0644\u064a\u0645\u0648\u0646\/","og_site_name":"Boutique &quot;V6&quot;","article_modified_time":"2026-04-14T14:59:27+00:00","og_image":[{"width":1000,"height":1000,"url":"https:\/\/sella-industrie.com\/wp-content\/uploads\/2025\/06\/CITRON-le-dauphin.webp","type":"image\/webp"}],"twitter_card":"summary_large_image","twitter_misc":{"\u0627\u0644\u0633\u0639\u0631":"&#x62f;.&#x62c;&nbsp;300","\u0627\u0644\u062a\u0648\u0641\u0631":"\u0645\u062a\u0648\u0641\u0631 \u0641\u064a \u0627\u0644\u0645\u062e\u0632\u0648\u0646"},"schema":{"@context":"https:\/\/schema.org","@graph":[{"@type":"WebPage","@id":"https:\/\/sella-industrie.com\/produit\/parfum-voiture-citron-le-dauphin-%d8%b9%d8%b7%d8%b1-%d8%a7%d9%84%d8%b3%d9%8a%d8%a7%d8%b1%d8%a7%d8%aa-%d9%84%d9%8a%d9%85%d9%88%d9%86\/","url":"https:\/\/sella-industrie.com\/produit\/parfum-voiture-citron-le-dauphin-%d8%b9%d8%b7%d8%b1-%d8%a7%d9%84%d8%b3%d9%8a%d8%a7%d8%b1%d8%a7%d8%aa-%d9%84%d9%8a%d9%85%d9%88%d9%86\/","name":"Parfum voiture CITRON - Boutique &quot;V6&quot;","isPartOf":{"@id":"https:\/\/sella-industrie.com\/#website"},"primaryImageOfPage":{"@id":"https:\/\/sella-industrie.com\/produit\/parfum-voiture-citron-le-dauphin-%d8%b9%d8%b7%d8%b1-%d8%a7%d9%84%d8%b3%d9%8a%d8%a7%d8%b1%d8%a7%d8%aa-%d9%84%d9%8a%d9%85%d9%88%d9%86\/#primaryimage"},"image":{"@id":"https:\/\/sella-industrie.com\/produit\/parfum-voiture-citron-le-dauphin-%d8%b9%d8%b7%d8%b1-%d8%a7%d9%84%d8%b3%d9%8a%d8%a7%d8%b1%d8%a7%d8%aa-%d9%84%d9%8a%d9%85%d9%88%d9%86\/#primaryimage"},"thumbnailUrl":"https:\/\/sella-industrie.com\/wp-content\/uploads\/2025\/06\/CITRON-le-dauphin.webp","datePublished":"2025-06-24T14:11:22+00:00","dateModified":"2026-04-14T14:59:27+00:00","description":"Optez pour le Parfum voiture CITRON. Une fragrance fra\u00eeche, \u00e9nergisante qui purifie l\u2019habitacle et diffuse une sensation de propret\u00e9 durable.","breadcrumb":{"@id":"https:\/\/sella-industrie.com\/produit\/parfum-voiture-citron-le-dauphin-%d8%b9%d8%b7%d8%b1-%d8%a7%d9%84%d8%b3%d9%8a%d8%a7%d8%b1%d8%a7%d8%aa-%d9%84%d9%8a%d9%85%d9%88%d9%86\/#breadcrumb"},"inLanguage":"ar","potentialAction":[{"@type":"ReadAction","target":["https:\/\/sella-industrie.com\/produit\/parfum-voiture-citron-le-dauphin-%d8%b9%d8%b7%d8%b1-%d8%a7%d9%84%d8%b3%d9%8a%d8%a7%d8%b1%d8%a7%d8%aa-%d9%84%d9%8a%d9%85%d9%88%d9%86\/"]}]},{"@type":"ImageObject","inLanguage":"ar","@id":"https:\/\/sella-industrie.com\/produit\/parfum-voiture-citron-le-dauphin-%d8%b9%d8%b7%d8%b1-%d8%a7%d9%84%d8%b3%d9%8a%d8%a7%d8%b1%d8%a7%d8%aa-%d9%84%d9%8a%d9%85%d9%88%d9%86\/#primaryimage","url":"https:\/\/sella-industrie.com\/wp-content\/uploads\/2025\/06\/CITRON-le-dauphin.webp","contentUrl":"https:\/\/sella-industrie.com\/wp-content\/uploads\/2025\/06\/CITRON-le-dauphin.webp","width":1000,"height":1000,"caption":"parfum voiture citron"},{"@type":"BreadcrumbList","@id":"https:\/\/sella-industrie.com\/produit\/parfum-voiture-citron-le-dauphin-%d8%b9%d8%b7%d8%b1-%d8%a7%d9%84%d8%b3%d9%8a%d8%a7%d8%b1%d8%a7%d8%aa-%d9%84%d9%8a%d9%85%d9%88%d9%86\/#breadcrumb","itemListElement":[{"@type":"ListItem","position":1,"name":"Accueil","item":"https:\/\/sella-industrie.com\/fr_fr\/"},{"@type":"ListItem","position":2,"name":"Shop","item":"https:\/\/sella-industrie.com\/fr_fr\/shop\/"},{"@type":"ListItem","position":3,"name":"LE DAUPHIN","item":"https:\/\/sella-industrie.com\/categorie-produit\/le-dauphin\/"},{"@type":"ListItem","position":4,"name":"Parfum voiture CITRON"}]},{"@type":"WebSite","@id":"https:\/\/sella-industrie.com\/#website","url":"https:\/\/sella-industrie.com\/","name":"Boutique &quot;V6&quot;","description":"We care for your car","publisher":{"@id":"https:\/\/sella-industrie.com\/#organization"},"potentialAction":[{"@type":"SearchAction","target":{"@type":"EntryPoint","urlTemplate":"https:\/\/sella-industrie.com\/?s={search_term_string}"},"query-input":{"@type":"PropertyValueSpecification","valueRequired":true,"valueName":"search_term_string"}}],"inLanguage":"ar"},{"@type":"Organization","@id":"https:\/\/sella-industrie.com\/#organization","name":"Boutique &quot;V6&quot;","url":"https:\/\/sella-industrie.com\/","logo":{"@type":"ImageObject","inLanguage":"ar","@id":"https:\/\/sella-industrie.com\/#\/schema\/logo\/image\/","url":"","contentUrl":"","caption":"Boutique &quot;V6&quot;"},"image":{"@id":"https:\/\/sella-industrie.com\/#\/schema\/logo\/image\/"}}]},"product_price_amount":"300","product_price_currency":"DZD","og_availability":"instock","product_availability":"instock","product_condition":"new"},"_links":{"self":[{"href":"https:\/\/sella-industrie.com\/ar\/wp-json\/wp\/v2\/product\/33817","targetHints":{"allow":["GET"]}}],"collection":[{"href":"https:\/\/sella-industrie.com\/ar\/wp-json\/wp\/v2\/product"}],"about":[{"href":"https:\/\/sella-industrie.com\/ar\/wp-json\/wp\/v2\/types\/product"}],"replies":[{"embeddable":true,"href":"https:\/\/sella-industrie.com\/ar\/wp-json\/wp\/v2\/comments?post=33817"}],"wp:featuredmedia":[{"embeddable":true,"href":"https:\/\/sella-industrie.com\/ar\/wp-json\/wp\/v2\/media\/38278"}],"wp:attachment":[{"href":"https:\/\/sella-industrie.com\/ar\/wp-json\/wp\/v2\/media?parent=33817"}],"wp:term":[{"taxonomy":"product_brand","embeddable":true,"href":"https:\/\/sella-industrie.com\/ar\/wp-json\/wp\/v2\/product_brand?post=33817"},{"taxonomy":"product_cat","embeddable":true,"href":"https:\/\/sella-industrie.com\/ar\/wp-json\/wp\/v2\/product_cat?post=33817"},{"taxonomy":"product_tag","embeddable":true,"href":"https:\/\/sella-industrie.com\/ar\/wp-json\/wp\/v2\/product_tag?post=33817"}],"curies":[{"name":"wp","href":"https:\/\/api.w.org\/{rel}","templated":true}]}}