{"id":33801,"date":"2025-06-24T13:53:46","date_gmt":"2025-06-24T13:53:46","guid":{"rendered":"https:\/\/sellaindustrie.com\/?post_type=product&#038;p=33801"},"modified":"2026-04-15T14:03:00","modified_gmt":"2026-04-15T14:03:00","slug":"parfum-voiture-the-blanc-x-color-series-oregon-%d8%b9%d8%b7%d8%b1-%d8%a7%d9%84%d8%b3%d9%8a%d8%a7%d8%b1%d8%a7%d8%aa-%d8%b4%d8%a7%d9%8a-%d8%a3%d8%a8%d9%8a%d8%b6","status":"publish","type":"product","link":"https:\/\/sella-industrie.com\/ar\/product\/parfum-voiture-the-blanc-x-color-series-oregon-%d8%b9%d8%b7%d8%b1-%d8%a7%d9%84%d8%b3%d9%8a%d8%a7%d8%b1%d8%a7%d8%aa-%d8%b4%d8%a7%d9%8a-%d8%a3%d8%a8%d9%8a%d8%b6\/","title":{"rendered":"Parfum voiture TH\u00c9 BLANC"},"content":{"rendered":"<h2 style=\"text-align: center;\">Parfum voiture TH\u00c9 BLANC \u0639\u0637\u0631 \u0627\u0644\u0633\u064a\u0627\u0631\u0627\u062a \u0634\u0627\u064a \u0623\u0628\u064a\u0636<\/h2>\n<p><span style=\"color: #333333; font-size: 16px;\"><strong>Parfum voiture TH\u00c9 BLANC<\/strong>, X COLOR SERIES-OREGON Qualit\u00e9 Premium, suavit\u00e9 classique et r\u00e9confortante. <\/span>\u00e9l\u00e9gance, douceur et fra\u00eecheur raffin\u00e9e. Il offre une exp\u00e9rience olfactive premium inspir\u00e9e de la puret\u00e9 et de la d\u00e9licatesse du th\u00e9 blanc. Id\u00e9ale pour cr\u00e9er une ambiance apaisante et \u00e9l\u00e9gante dans votre v\u00e9hicule. Plus qu\u2019un simple d\u00e9sodorisant, ce parfum transforme l\u2019habitacle en un espace raffin\u00e9, <a href=\"https:\/\/www.facebook.com\/V6accessoiresauto?mibextid=wwXIfr&amp;rdid=07l1PwXhFBuWBfmW&amp;share_url=https%3A%2F%2Fwww.facebook.com%2Fshare%2F169W2vbviz%2F%3Fmibextid%3DwwXIfr#\" target=\"_blank\" rel=\"noopener\">propre et harmonieux<\/a>, tout en neutralisant efficacement les mauvaises odeurs. Reconnu pour son parfum d\u00e9licat et intemporel, le TH\u00c9 BLANC s\u00e9duit par : sa fra\u00eecheur l\u00e9g\u00e8re et pure, sa douceur apaisante, son \u00e9l\u00e9gance naturelle et discr\u00e8te. Cette signature olfactive cr\u00e9e une atmosph\u00e8re de confort haut de gamme, parfaite pour les conducteurs recherchant une<a href=\"https:\/\/sella-industrie.com\/ar\/product\/parfum-voiture-new-car-x-color-series-oregon-dynamique-%d8%b9%d8%b7%d8%b1-%d8%a7%d9%84%d8%b3%d9%8a%d8%a7%d8%b1%d8%a7%d8%aa-%d9%86%d9%8a%d9%88%d9%83%d8%a7%d8%b1\/\"> senteur sobre et raffin\u00e9e<\/a>.<\/p>\n<p style=\"text-align: right;\"><strong>\u0639\u0637\u0631 \u0627\u0644\u0633\u064a\u0627\u0631\u0627\u062a \u0627\u0644\u0634\u0627\u064a \u0627\u0644\u0623\u0628\u064a\u0636<\/strong>\u060c \u0633\u0644\u0633\u0644\u0629 \u0625\u0643\u0633 \u0643\u0648\u0644\u0648\u0631-\u0623\u0648\u0631\u064a\u063a\u0648\u0646. \u062c\u0648\u062f\u0629 \u0645\u0645\u062a\u0627\u0632\u0629\u060c \u062d\u0644\u0627\u0648\u0629 \u0643\u0644\u0627\u0633\u064a\u0643\u064a\u0629 \u062a\u0628\u0639\u062b \u0639\u0644\u0649 \u0627\u0644\u0631\u0627\u062d\u0629. \u0623\u0646\u0627\u0642\u0629\u060c \u0646\u0639\u0648\u0645\u0629\u060c \u0648\u0627\u0646\u062a\u0639\u0627\u0634 \u0631\u0627\u0642\u064d. \u064a\u0648\u0641\u0631 \u062a\u062c\u0631\u0628\u0629 \u0639\u0637\u0631\u064a\u0629 \u0645\u0645\u064a\u0632\u0629 \u0645\u0633\u062a\u0648\u062d\u0627\u0629 \u0645\u0646 \u0646\u0642\u0627\u0621 \u0648\u0631\u0642\u0629 \u0627\u0644\u0634\u0627\u064a \u0627\u0644\u0623\u0628\u064a\u0636. \u0645\u062b\u0627\u0644\u064a \u0644\u062e\u0644\u0642 \u062c\u0648 \u0647\u0627\u062f\u0626 \u0648\u0623\u0646\u064a\u0642 \u0641\u064a \u0633\u064a\u0627\u0631\u062a\u0643. \u0623\u0643\u062b\u0631 \u0645\u0646 \u0645\u062c\u0631\u062f \u0645\u0639\u0637\u0631 \u062c\u0648\u060c \u0647\u0630\u0627 \u0627\u0644\u0639\u0637\u0631 \u064a\u062d\u0648\u0651\u0644 \u0645\u0642\u0635\u0648\u0631\u0629 \u0627\u0644\u0631\u0643\u0627\u0628 \u0625\u0644\u0649 \u0645\u0633\u0627\u062d\u0629 \u0631\u0627\u0642\u064a\u0629 \u0648\u0646\u0638\u064a\u0641\u0629 \u0648\u0645\u062a\u0646\u0627\u063a\u0645\u0629\u060c \u0645\u0639 \u062a\u062d\u064a\u064a\u062f \u0627\u0644\u0631\u0648\u0627\u0626\u062d \u0627\u0644\u0643\u0631\u064a\u0647\u0629 \u0628\u0641\u0639\u0627\u0644\u064a\u0629. \u064a\u0634\u062a\u0647\u0631 \u0627\u0644\u0634\u0627\u064a \u0627\u0644\u0623\u0628\u064a\u0636 \u0628\u0631\u0627\u0626\u062d\u062a\u0647 \u0627\u0644\u0631\u0642\u064a\u0642\u0629 \u0627\u0644\u062e\u0627\u0644\u062f\u0629\u060c \u0641\u0647\u0648 \u064a\u0623\u0633\u0631\u0643 \u0628\u0627\u0646\u062a\u0639\u0627\u0634\u0647 \u0627\u0644\u062e\u0641\u064a\u0641 \u0648\u0627\u0644\u0646\u0642\u064a\u060c \u0648\u062d\u0644\u0627\u0648\u062a\u0647 \u0627\u0644\u0645\u0647\u062f\u0626\u0629\u060c \u0648\u0623\u0646\u0627\u0642\u062a\u0647 \u0627\u0644\u0637\u0628\u064a\u0639\u064a\u0629 \u0627\u0644\u0631\u0642\u064a\u0642\u0629. \u062a\u062e\u0644\u0642 \u0647\u0630\u0647 \u0627\u0644\u0631\u0627\u0626\u062d\u0629 \u0627\u0644\u0645\u0645\u064a\u0632\u0629 \u062c\u0648\u064b\u0627 \u0645\u0646 \u0627\u0644\u0631\u0627\u062d\u0629 \u0627\u0644\u0641\u0627\u0626\u0642\u0629\u060c \u0645\u062b\u0627\u0644\u064a\u0629 \u0644\u0644\u0633\u0627\u0626\u0642\u064a\u0646 \u0627\u0644\u0630\u064a\u0646 \u064a\u0628\u062d\u062b\u0648\u0646 \u0639\u0646 \u0639\u0637\u0631 \u0631\u0642\u064a\u0642 \u0648\u0631\u0627\u0642\u064d<\/p>\n<p><iframe loading=\"lazy\" title=\"\u0633\u064a\u0644\u0627\" width=\"500\" height=\"281\" src=\"https:\/\/www.youtube.com\/embed\/6DPu7q3J3ls?feature=oembed\" frameborder=\"0\" allow=\"accelerometer; autoplay; clipboard-write; encrypted-media; gyroscope; picture-in-picture; web-share\" referrerpolicy=\"strict-origin-when-cross-origin\" allowfullscreen><\/iframe><\/p>","protected":false},"excerpt":{"rendered":"<h2 style=\"text-align: center;\">\u0639\u0637\u0631 \u0627\u0644\u0633\u064a\u0627\u0631\u0627\u062a \u0634\u0627\u064a \u0623\u0628\u064a\u0636<\/h2>\n<p><span style=\"color: #333333; font-size: 16px;\"><strong>Parfum voiture TH\u00c9 BLANC<\/strong>, X COLOR SERIES-OREGON Qualit\u00e9 Premium, suavit\u00e9 classique et r\u00e9confortante. <\/span>\u00e9l\u00e9gance, douceur et fra\u00eecheur raffin\u00e9e. Il offre une exp\u00e9rience olfactive premium inspir\u00e9e de la puret\u00e9 et de la d\u00e9licatesse du th\u00e9 blanc. Id\u00e9ale pour cr\u00e9er une ambiance apaisante et \u00e9l\u00e9gante dans votre v\u00e9hicule.<\/p>","protected":false},"featured_media":38319,"comment_status":"open","ping_status":"closed","template":"","meta":[],"product_brand":[293],"product_cat":[921],"product_tag":[],"class_list":{"0":"post-33801","1":"product","2":"type-product","3":"status-publish","4":"has-post-thumbnail","6":"product_brand-sella","7":"product_cat-x-color","9":"first","10":"instock","11":"taxable","12":"shipping-taxable","13":"purchasable","14":"product-type-simple"},"yoast_head":"<!-- This site is optimized with the Yoast SEO plugin v27.4 - https:\/\/yoast.com\/product\/yoast-seo-wordpress\/ -->\n<title>Parfum voiture TH\u00c9 BLANC - Boutique &quot;V6&quot;<\/title>\n<meta name=\"description\" content=\"D\u00e9couvrez le parfum voiture TH\u00c9 BLANC X COLOR SERIES-OREGON : une senteur premium douce, \u00e9l\u00e9gante et r\u00e9confortante pour un habitacle frais et raffin\u00e9.\" \/>\n<meta name=\"robots\" content=\"index, follow, max-snippet:-1, max-image-preview:large, max-video-preview:-1\" \/>\n<link rel=\"canonical\" href=\"https:\/\/sella-industrie.com\/ar\/product\/parfum-voiture-the-blanc-x-color-series-oregon-\u0639\u0637\u0631-\u0627\u0644\u0633\u064a\u0627\u0631\u0627\u062a-\u0634\u0627\u064a-\u0623\u0628\u064a\u0636\/\" \/>\n<meta property=\"og:locale\" content=\"ar_AR\" \/>\n<meta property=\"og:type\" content=\"article\" \/>\n<meta property=\"og:title\" content=\"Parfum voiture TH\u00c9 BLANC - Boutique &quot;V6&quot;\" \/>\n<meta property=\"og:description\" content=\"D\u00e9couvrez le parfum voiture TH\u00c9 BLANC X COLOR SERIES-OREGON : une senteur premium douce, \u00e9l\u00e9gante et r\u00e9confortante pour un habitacle frais et raffin\u00e9.\" \/>\n<meta property=\"og:url\" content=\"https:\/\/sella-industrie.com\/ar\/product\/parfum-voiture-the-blanc-x-color-series-oregon-\u0639\u0637\u0631-\u0627\u0644\u0633\u064a\u0627\u0631\u0627\u062a-\u0634\u0627\u064a-\u0623\u0628\u064a\u0636\/\" \/>\n<meta property=\"og:site_name\" content=\"Boutique &quot;V6&quot;\" \/>\n<meta property=\"article:modified_time\" content=\"2026-04-15T14:03:00+00:00\" \/>\n<meta property=\"og:image\" content=\"https:\/\/sella-industrie.com\/wp-content\/uploads\/2025\/06\/THE-BLANC-SCL-1-1.webp\" \/>\n\t<meta property=\"og:image:width\" content=\"1000\" \/>\n\t<meta property=\"og:image:height\" content=\"1000\" \/>\n\t<meta property=\"og:image:type\" content=\"image\/webp\" \/>\n<meta name=\"twitter:card\" content=\"summary_large_image\" \/>\n<meta name=\"twitter:label1\" content=\"\u0648\u0642\u062a \u0627\u0644\u0642\u0631\u0627\u0621\u0629 \u0627\u0644\u0645\u064f\u0642\u062f\u0651\u0631\" \/>\n\t<meta name=\"twitter:data1\" content=\"\u062f\u0642\u064a\u0642\u062a\u0627\u0646\" \/>\n<script type=\"application\/ld+json\" class=\"yoast-schema-graph\">{\"@context\":\"https:\\\/\\\/schema.org\",\"@graph\":[{\"@type\":\"WebPage\",\"@id\":\"https:\\\/\\\/sella-industrie.com\\\/produit\\\/parfum-voiture-the-blanc-x-color-series-oregon-%d8%b9%d8%b7%d8%b1-%d8%a7%d9%84%d8%b3%d9%8a%d8%a7%d8%b1%d8%a7%d8%aa-%d8%b4%d8%a7%d9%8a-%d8%a3%d8%a8%d9%8a%d8%b6\\\/\",\"url\":\"https:\\\/\\\/sella-industrie.com\\\/produit\\\/parfum-voiture-the-blanc-x-color-series-oregon-%d8%b9%d8%b7%d8%b1-%d8%a7%d9%84%d8%b3%d9%8a%d8%a7%d8%b1%d8%a7%d8%aa-%d8%b4%d8%a7%d9%8a-%d8%a3%d8%a8%d9%8a%d8%b6\\\/\",\"name\":\"Parfum voiture TH\u00c9 BLANC - Boutique &quot;V6&quot;\",\"isPartOf\":{\"@id\":\"https:\\\/\\\/sella-industrie.com\\\/#website\"},\"primaryImageOfPage\":{\"@id\":\"https:\\\/\\\/sella-industrie.com\\\/produit\\\/parfum-voiture-the-blanc-x-color-series-oregon-%d8%b9%d8%b7%d8%b1-%d8%a7%d9%84%d8%b3%d9%8a%d8%a7%d8%b1%d8%a7%d8%aa-%d8%b4%d8%a7%d9%8a-%d8%a3%d8%a8%d9%8a%d8%b6\\\/#primaryimage\"},\"image\":{\"@id\":\"https:\\\/\\\/sella-industrie.com\\\/produit\\\/parfum-voiture-the-blanc-x-color-series-oregon-%d8%b9%d8%b7%d8%b1-%d8%a7%d9%84%d8%b3%d9%8a%d8%a7%d8%b1%d8%a7%d8%aa-%d8%b4%d8%a7%d9%8a-%d8%a3%d8%a8%d9%8a%d8%b6\\\/#primaryimage\"},\"thumbnailUrl\":\"https:\\\/\\\/sella-industrie.com\\\/wp-content\\\/uploads\\\/2025\\\/06\\\/THE-BLANC-SCL-1-1.webp\",\"datePublished\":\"2025-06-24T13:53:46+00:00\",\"dateModified\":\"2026-04-15T14:03:00+00:00\",\"description\":\"D\u00e9couvrez le parfum voiture TH\u00c9 BLANC X COLOR SERIES-OREGON : une senteur premium douce, \u00e9l\u00e9gante et r\u00e9confortante pour un habitacle frais et raffin\u00e9.\",\"breadcrumb\":{\"@id\":\"https:\\\/\\\/sella-industrie.com\\\/produit\\\/parfum-voiture-the-blanc-x-color-series-oregon-%d8%b9%d8%b7%d8%b1-%d8%a7%d9%84%d8%b3%d9%8a%d8%a7%d8%b1%d8%a7%d8%aa-%d8%b4%d8%a7%d9%8a-%d8%a3%d8%a8%d9%8a%d8%b6\\\/#breadcrumb\"},\"inLanguage\":\"ar\",\"potentialAction\":[{\"@type\":\"ReadAction\",\"target\":[\"https:\\\/\\\/sella-industrie.com\\\/produit\\\/parfum-voiture-the-blanc-x-color-series-oregon-%d8%b9%d8%b7%d8%b1-%d8%a7%d9%84%d8%b3%d9%8a%d8%a7%d8%b1%d8%a7%d8%aa-%d8%b4%d8%a7%d9%8a-%d8%a3%d8%a8%d9%8a%d8%b6\\\/\"]}]},{\"@type\":\"ImageObject\",\"inLanguage\":\"ar\",\"@id\":\"https:\\\/\\\/sella-industrie.com\\\/produit\\\/parfum-voiture-the-blanc-x-color-series-oregon-%d8%b9%d8%b7%d8%b1-%d8%a7%d9%84%d8%b3%d9%8a%d8%a7%d8%b1%d8%a7%d8%aa-%d8%b4%d8%a7%d9%8a-%d8%a3%d8%a8%d9%8a%d8%b6\\\/#primaryimage\",\"url\":\"https:\\\/\\\/sella-industrie.com\\\/wp-content\\\/uploads\\\/2025\\\/06\\\/THE-BLANC-SCL-1-1.webp\",\"contentUrl\":\"https:\\\/\\\/sella-industrie.com\\\/wp-content\\\/uploads\\\/2025\\\/06\\\/THE-BLANC-SCL-1-1.webp\",\"width\":1000,\"height\":1000,\"caption\":\"parfum voiture th\u00e9 blanc\"},{\"@type\":\"BreadcrumbList\",\"@id\":\"https:\\\/\\\/sella-industrie.com\\\/produit\\\/parfum-voiture-the-blanc-x-color-series-oregon-%d8%b9%d8%b7%d8%b1-%d8%a7%d9%84%d8%b3%d9%8a%d8%a7%d8%b1%d8%a7%d8%aa-%d8%b4%d8%a7%d9%8a-%d8%a3%d8%a8%d9%8a%d8%b6\\\/#breadcrumb\",\"itemListElement\":[{\"@type\":\"ListItem\",\"position\":1,\"name\":\"Accueil\",\"item\":\"https:\\\/\\\/sella-industrie.com\\\/fr_fr\\\/\"},{\"@type\":\"ListItem\",\"position\":2,\"name\":\"Shop\",\"item\":\"https:\\\/\\\/sella-industrie.com\\\/fr_fr\\\/shop\\\/\"},{\"@type\":\"ListItem\",\"position\":3,\"name\":\"X COLOR\",\"item\":\"https:\\\/\\\/sella-industrie.com\\\/categorie-produit\\\/x-color\\\/\"},{\"@type\":\"ListItem\",\"position\":4,\"name\":\"Parfum voiture TH\u00c9 BLANC\"}]},{\"@type\":\"WebSite\",\"@id\":\"https:\\\/\\\/sella-industrie.com\\\/#website\",\"url\":\"https:\\\/\\\/sella-industrie.com\\\/\",\"name\":\"Boutique &quot;V6&quot;\",\"description\":\"We care for your car\",\"publisher\":{\"@id\":\"https:\\\/\\\/sella-industrie.com\\\/#organization\"},\"potentialAction\":[{\"@type\":\"SearchAction\",\"target\":{\"@type\":\"EntryPoint\",\"urlTemplate\":\"https:\\\/\\\/sella-industrie.com\\\/?s={search_term_string}\"},\"query-input\":{\"@type\":\"PropertyValueSpecification\",\"valueRequired\":true,\"valueName\":\"search_term_string\"}}],\"inLanguage\":\"ar\"},{\"@type\":\"Organization\",\"@id\":\"https:\\\/\\\/sella-industrie.com\\\/#organization\",\"name\":\"Boutique &quot;V6&quot;\",\"url\":\"https:\\\/\\\/sella-industrie.com\\\/\",\"logo\":{\"@type\":\"ImageObject\",\"inLanguage\":\"ar\",\"@id\":\"https:\\\/\\\/sella-industrie.com\\\/#\\\/schema\\\/logo\\\/image\\\/\",\"url\":\"\",\"contentUrl\":\"\",\"caption\":\"Boutique &quot;V6&quot;\"},\"image\":{\"@id\":\"https:\\\/\\\/sella-industrie.com\\\/#\\\/schema\\\/logo\\\/image\\\/\"}}]}<\/script>\n<!-- \/ Yoast SEO plugin. -->","yoast_head_json":{"title":"Parfum voiture TH\u00c9 BLANC - Boutique &quot;V6&quot;","description":"D\u00e9couvrez le parfum voiture TH\u00c9 BLANC X COLOR SERIES-OREGON : une senteur premium douce, \u00e9l\u00e9gante et r\u00e9confortante pour un habitacle frais et raffin\u00e9.","robots":{"index":"index","follow":"follow","max-snippet":"max-snippet:-1","max-image-preview":"max-image-preview:large","max-video-preview":"max-video-preview:-1"},"canonical":"https:\/\/sella-industrie.com\/ar\/product\/parfum-voiture-the-blanc-x-color-series-oregon-\u0639\u0637\u0631-\u0627\u0644\u0633\u064a\u0627\u0631\u0627\u062a-\u0634\u0627\u064a-\u0623\u0628\u064a\u0636\/","og_locale":"ar_AR","og_type":"article","og_title":"Parfum voiture TH\u00c9 BLANC - Boutique &quot;V6&quot;","og_description":"D\u00e9couvrez le parfum voiture TH\u00c9 BLANC X COLOR SERIES-OREGON : une senteur premium douce, \u00e9l\u00e9gante et r\u00e9confortante pour un habitacle frais et raffin\u00e9.","og_url":"https:\/\/sella-industrie.com\/ar\/product\/parfum-voiture-the-blanc-x-color-series-oregon-\u0639\u0637\u0631-\u0627\u0644\u0633\u064a\u0627\u0631\u0627\u062a-\u0634\u0627\u064a-\u0623\u0628\u064a\u0636\/","og_site_name":"Boutique &quot;V6&quot;","article_modified_time":"2026-04-15T14:03:00+00:00","og_image":[{"width":1000,"height":1000,"url":"https:\/\/sella-industrie.com\/wp-content\/uploads\/2025\/06\/THE-BLANC-SCL-1-1.webp","type":"image\/webp"}],"twitter_card":"summary_large_image","twitter_misc":{"\u0648\u0642\u062a \u0627\u0644\u0642\u0631\u0627\u0621\u0629 \u0627\u0644\u0645\u064f\u0642\u062f\u0651\u0631":"\u062f\u0642\u064a\u0642\u062a\u0627\u0646"},"schema":{"@context":"https:\/\/schema.org","@graph":[{"@type":"WebPage","@id":"https:\/\/sella-industrie.com\/produit\/parfum-voiture-the-blanc-x-color-series-oregon-%d8%b9%d8%b7%d8%b1-%d8%a7%d9%84%d8%b3%d9%8a%d8%a7%d8%b1%d8%a7%d8%aa-%d8%b4%d8%a7%d9%8a-%d8%a3%d8%a8%d9%8a%d8%b6\/","url":"https:\/\/sella-industrie.com\/produit\/parfum-voiture-the-blanc-x-color-series-oregon-%d8%b9%d8%b7%d8%b1-%d8%a7%d9%84%d8%b3%d9%8a%d8%a7%d8%b1%d8%a7%d8%aa-%d8%b4%d8%a7%d9%8a-%d8%a3%d8%a8%d9%8a%d8%b6\/","name":"Parfum voiture TH\u00c9 BLANC - Boutique &quot;V6&quot;","isPartOf":{"@id":"https:\/\/sella-industrie.com\/#website"},"primaryImageOfPage":{"@id":"https:\/\/sella-industrie.com\/produit\/parfum-voiture-the-blanc-x-color-series-oregon-%d8%b9%d8%b7%d8%b1-%d8%a7%d9%84%d8%b3%d9%8a%d8%a7%d8%b1%d8%a7%d8%aa-%d8%b4%d8%a7%d9%8a-%d8%a3%d8%a8%d9%8a%d8%b6\/#primaryimage"},"image":{"@id":"https:\/\/sella-industrie.com\/produit\/parfum-voiture-the-blanc-x-color-series-oregon-%d8%b9%d8%b7%d8%b1-%d8%a7%d9%84%d8%b3%d9%8a%d8%a7%d8%b1%d8%a7%d8%aa-%d8%b4%d8%a7%d9%8a-%d8%a3%d8%a8%d9%8a%d8%b6\/#primaryimage"},"thumbnailUrl":"https:\/\/sella-industrie.com\/wp-content\/uploads\/2025\/06\/THE-BLANC-SCL-1-1.webp","datePublished":"2025-06-24T13:53:46+00:00","dateModified":"2026-04-15T14:03:00+00:00","description":"D\u00e9couvrez le parfum voiture TH\u00c9 BLANC X COLOR SERIES-OREGON : une senteur premium douce, \u00e9l\u00e9gante et r\u00e9confortante pour un habitacle frais et raffin\u00e9.","breadcrumb":{"@id":"https:\/\/sella-industrie.com\/produit\/parfum-voiture-the-blanc-x-color-series-oregon-%d8%b9%d8%b7%d8%b1-%d8%a7%d9%84%d8%b3%d9%8a%d8%a7%d8%b1%d8%a7%d8%aa-%d8%b4%d8%a7%d9%8a-%d8%a3%d8%a8%d9%8a%d8%b6\/#breadcrumb"},"inLanguage":"ar","potentialAction":[{"@type":"ReadAction","target":["https:\/\/sella-industrie.com\/produit\/parfum-voiture-the-blanc-x-color-series-oregon-%d8%b9%d8%b7%d8%b1-%d8%a7%d9%84%d8%b3%d9%8a%d8%a7%d8%b1%d8%a7%d8%aa-%d8%b4%d8%a7%d9%8a-%d8%a3%d8%a8%d9%8a%d8%b6\/"]}]},{"@type":"ImageObject","inLanguage":"ar","@id":"https:\/\/sella-industrie.com\/produit\/parfum-voiture-the-blanc-x-color-series-oregon-%d8%b9%d8%b7%d8%b1-%d8%a7%d9%84%d8%b3%d9%8a%d8%a7%d8%b1%d8%a7%d8%aa-%d8%b4%d8%a7%d9%8a-%d8%a3%d8%a8%d9%8a%d8%b6\/#primaryimage","url":"https:\/\/sella-industrie.com\/wp-content\/uploads\/2025\/06\/THE-BLANC-SCL-1-1.webp","contentUrl":"https:\/\/sella-industrie.com\/wp-content\/uploads\/2025\/06\/THE-BLANC-SCL-1-1.webp","width":1000,"height":1000,"caption":"parfum voiture th\u00e9 blanc"},{"@type":"BreadcrumbList","@id":"https:\/\/sella-industrie.com\/produit\/parfum-voiture-the-blanc-x-color-series-oregon-%d8%b9%d8%b7%d8%b1-%d8%a7%d9%84%d8%b3%d9%8a%d8%a7%d8%b1%d8%a7%d8%aa-%d8%b4%d8%a7%d9%8a-%d8%a3%d8%a8%d9%8a%d8%b6\/#breadcrumb","itemListElement":[{"@type":"ListItem","position":1,"name":"Accueil","item":"https:\/\/sella-industrie.com\/fr_fr\/"},{"@type":"ListItem","position":2,"name":"Shop","item":"https:\/\/sella-industrie.com\/fr_fr\/shop\/"},{"@type":"ListItem","position":3,"name":"X COLOR","item":"https:\/\/sella-industrie.com\/categorie-produit\/x-color\/"},{"@type":"ListItem","position":4,"name":"Parfum voiture TH\u00c9 BLANC"}]},{"@type":"WebSite","@id":"https:\/\/sella-industrie.com\/#website","url":"https:\/\/sella-industrie.com\/","name":"Boutique &quot;V6&quot;","description":"We care for your car","publisher":{"@id":"https:\/\/sella-industrie.com\/#organization"},"potentialAction":[{"@type":"SearchAction","target":{"@type":"EntryPoint","urlTemplate":"https:\/\/sella-industrie.com\/?s={search_term_string}"},"query-input":{"@type":"PropertyValueSpecification","valueRequired":true,"valueName":"search_term_string"}}],"inLanguage":"ar"},{"@type":"Organization","@id":"https:\/\/sella-industrie.com\/#organization","name":"Boutique &quot;V6&quot;","url":"https:\/\/sella-industrie.com\/","logo":{"@type":"ImageObject","inLanguage":"ar","@id":"https:\/\/sella-industrie.com\/#\/schema\/logo\/image\/","url":"","contentUrl":"","caption":"Boutique &quot;V6&quot;"},"image":{"@id":"https:\/\/sella-industrie.com\/#\/schema\/logo\/image\/"}}]}},"_links":{"self":[{"href":"https:\/\/sella-industrie.com\/ar\/wp-json\/wp\/v2\/product\/33801","targetHints":{"allow":["GET"]}}],"collection":[{"href":"https:\/\/sella-industrie.com\/ar\/wp-json\/wp\/v2\/product"}],"about":[{"href":"https:\/\/sella-industrie.com\/ar\/wp-json\/wp\/v2\/types\/product"}],"replies":[{"embeddable":true,"href":"https:\/\/sella-industrie.com\/ar\/wp-json\/wp\/v2\/comments?post=33801"}],"wp:featuredmedia":[{"embeddable":true,"href":"https:\/\/sella-industrie.com\/ar\/wp-json\/wp\/v2\/media\/38319"}],"wp:attachment":[{"href":"https:\/\/sella-industrie.com\/ar\/wp-json\/wp\/v2\/media?parent=33801"}],"wp:term":[{"taxonomy":"product_brand","embeddable":true,"href":"https:\/\/sella-industrie.com\/ar\/wp-json\/wp\/v2\/product_brand?post=33801"},{"taxonomy":"product_cat","embeddable":true,"href":"https:\/\/sella-industrie.com\/ar\/wp-json\/wp\/v2\/product_cat?post=33801"},{"taxonomy":"product_tag","embeddable":true,"href":"https:\/\/sella-industrie.com\/ar\/wp-json\/wp\/v2\/product_tag?post=33801"}],"curies":[{"name":"wp","href":"https:\/\/api.w.org\/{rel}","templated":true}]}}