{"id":33787,"date":"2025-06-24T13:37:59","date_gmt":"2025-06-24T13:37:59","guid":{"rendered":"https:\/\/sellaindustrie.com\/?post_type=product&#038;p=33787"},"modified":"2026-04-09T15:50:33","modified_gmt":"2026-04-09T15:50:33","slug":"parfum-voiture-sport-le-dauphin-%d8%b9%d8%b7%d8%b1-%d8%a7%d9%84%d8%b3%d9%8a%d8%a7%d8%b1%d8%a7%d8%aa-%d8%a7%d9%84%d8%af%d9%84%d9%81%d9%8a%d9%86-%d8%b3%d8%a8%d9%88%d8%b1","status":"publish","type":"product","link":"https:\/\/sella-industrie.com\/ar\/product\/parfum-voiture-sport-le-dauphin-%d8%b9%d8%b7%d8%b1-%d8%a7%d9%84%d8%b3%d9%8a%d8%a7%d8%b1%d8%a7%d8%aa-%d8%a7%d9%84%d8%af%d9%84%d9%81%d9%8a%d9%86-%d8%b3%d8%a8%d9%88%d8%b1\/","title":{"rendered":"Parfum Voiture SPORT"},"content":{"rendered":"<h2 style=\"text-align: center;\">Parfum Voiture SPORT \u0639\u0637\u0631 \u0627\u0644\u0633\u064a\u0627\u0631\u0627\u062a \u0633\u0628\u0648\u0631<\/h2>\n<p><strong><span style=\"color: #666699;\">Parfum Voiture SPORT, <\/span><\/strong>LE DAUPHIN, Plus qu\u2019un simple d\u00e9sodorisant, il transforme votre voiture en un espace \u00e9nergisant et <a href=\"https:\/\/www.tiktok.com\/@v6.accessoires.au\" target=\"_blank\" rel=\"noopener\">agr\u00e9able \u00e0 vivre<\/a>. Il se distingue par son caract\u00e8re : <strong data-start=\"1340\" data-end=\"1351\">intense<\/strong>, une diffusion rapide et marqu\u00e9e d\u00e8s les premi\u00e8res minutes, <strong data-start=\"1416\" data-end=\"1429\">dynamique<\/strong>, une sensation de <a href=\"https:\/\/sella-industrie.com\/ar\/product\/sport-%d8%b3%d8%a8%d9%88%d8%b1\/\">fra\u00eecheur inspir\u00e9e<\/a> de l\u2019univers sportif, et <strong data-start=\"1493\" data-end=\"1504\">moderne<\/strong> : une signature olfactive \u00e9l\u00e9gante et tendance.<\/p>\n<p style=\"text-align: right;\" data-start=\"1555\" data-end=\"1676\">\u0645<span style=\"color: #666699;\"><strong>\u0639\u0637\u0631 \u0627\u0644\u0633\u064a\u0627\u0631\u0627\u062a \u0627\u0644\u062f\u0644\u0641\u064a\u0646 \u0633\u0628\u0648\u0631\u060c<\/strong><\/span>\u00a0\u0623\u0643\u062b\u0631 \u0645\u0646 \u0645\u062c\u0631\u062f \u0645\u0639\u0637\u0631 \u062c\u0648\u060c \u0625\u062d\u0633\u0627\u0633 \u0642\u0648\u064a \u0648\u062d\u064a\u0648\u064a \u064a\u062d\u0648\u0651\u0644 \u0633\u064a\u0627\u0631\u062a\u0643 \u0625\u0644\u0649 \u0645\u0633\u0627\u062d\u0629 \u0645\u0646\u0639\u0634\u0629 \u0648\u0645\u0645\u062a\u0639\u0629. \u064a\u062a\u0645\u064a\u0632 \u0628\u0637\u0627\u0628\u0639\u0647 \u0627\u0644\u0641\u0631\u064a\u062f: \u0642\u0648\u064a\u060c \u064a\u0646\u062a\u0634\u0631 \u0628\u0633\u0631\u0639\u0629 \u0648\u0648\u0636\u0648\u062d \u062e\u0644\u0627\u0644 \u062f\u0642\u0627\u0626\u0642\u061b \u062f\u064a\u0646\u0627\u0645\u064a\u0643\u064a\u060c \u0628\u0634\u0639\u0648\u0631 \u0645\u0646 \u0627\u0644\u0627\u0646\u062a\u0639\u0627\u0634 \u0645\u0633\u062a\u0648\u062d\u0649 \u0645\u0646 \u0639\u0627\u0644\u0645 \u0627\u0644\u0631\u064a\u0627\u0636\u0629\u061b \u0648\u0639\u0635\u0631\u064a\u060c \u0628\u0631\u0627\u0626\u062d\u0629 \u0623\u0646\u064a\u0642\u0629 \u0648\u0639\u0635\u0631\u064a\u0629<\/p>\n<p><iframe loading=\"lazy\" title=\"\u0633\u064a\u0644\u0627\" width=\"500\" height=\"281\" src=\"https:\/\/www.youtube.com\/embed\/2cFJiIPT_RE?feature=oembed\" frameborder=\"0\" allow=\"accelerometer; autoplay; clipboard-write; encrypted-media; gyroscope; picture-in-picture; web-share\" referrerpolicy=\"strict-origin-when-cross-origin\" allowfullscreen><\/iframe><\/p>\n<p>&nbsp;<\/p>","protected":false},"excerpt":{"rendered":"<h1 style=\"text-align: center;\">\u0639\u0637\u0631 \u0627\u0644\u0633\u064a\u0627\u0631\u0627\u062a \u0633\u0628\u0648\u0631<\/h1>\n<p><strong><span style=\"color: #666699;\">Parfum Voiture SPORT, <\/span><\/strong>LE DAUPHIN, Plus qu\u2019un simple d\u00e9sodorisant, il transforme votre voiture en un espace \u00e9nergisant et <a href=\"https:\/\/www.tiktok.com\/@v6.accessoires.au\">agr\u00e9able \u00e0 vivre<\/a>. Il se distingue par son caract\u00e8re : <strong data-start=\"1340\" data-end=\"1351\">intense<\/strong>, une diffusion rapide et marqu\u00e9e d\u00e8s les premi\u00e8res minutes, <strong data-start=\"1416\" data-end=\"1429\">dynamique<\/strong>, une sensation de <a href=\"https:\/\/sella-industrie.com\/ar\/product\/sport-%d8%b3%d8%a8%d9%88%d8%b1\/\">fra\u00eecheur inspir\u00e9e<\/a> de l\u2019univers sportif, et <strong data-start=\"1493\" data-end=\"1504\">moderne<\/strong> : une signature olfactive \u00e9l\u00e9gante et tendance.<\/p>","protected":false},"featured_media":38277,"comment_status":"open","ping_status":"closed","template":"","meta":[],"product_brand":[293,292],"product_cat":[919],"product_tag":[],"class_list":{"0":"post-33787","1":"product","2":"type-product","3":"status-publish","4":"has-post-thumbnail","6":"product_brand-sella","7":"product_brand-v6","8":"product_cat-le-dauphin","10":"first","11":"instock","12":"taxable","13":"shipping-taxable","14":"purchasable","15":"product-type-simple"},"yoast_head":"<!-- This site is optimized with the Yoast SEO Premium plugin v27.1 (Yoast SEO v27.4) - https:\/\/yoast.com\/product\/yoast-seo-premium-wordpress\/ -->\n<title>Parfum Voiture SPORT - Boutique &quot;V6&quot;<\/title>\n<meta name=\"description\" content=\"Parfum voiture SPORT, intense, dynamique et longue dur\u00e9e pour une sensation de fra\u00eecheur sportive dans votre v\u00e9hicule. Id\u00e9al pour une ambiance \u00e9nergique.\" \/>\n<meta name=\"robots\" content=\"index, follow, max-snippet:-1, max-image-preview:large, max-video-preview:-1\" \/>\n<link rel=\"canonical\" href=\"https:\/\/sella-industrie.com\/ar\/product\/parfum-voiture-sport-le-dauphin-\u0639\u0637\u0631-\u0627\u0644\u0633\u064a\u0627\u0631\u0627\u062a-\u0627\u0644\u062f\u0644\u0641\u064a\u0646-\u0633\u0628\u0648\u0631\/\" \/>\n<meta property=\"og:locale\" content=\"ar_AR\" \/>\n<meta property=\"og:type\" content=\"article\" \/>\n<meta property=\"og:title\" content=\"Parfum Voiture SPORT\" \/>\n<meta property=\"og:description\" content=\"Parfum voiture SPORT, intense, dynamique et longue dur\u00e9e pour une sensation de fra\u00eecheur sportive dans votre v\u00e9hicule. Id\u00e9al pour une ambiance \u00e9nergique.\" \/>\n<meta property=\"og:url\" content=\"https:\/\/sella-industrie.com\/ar\/product\/parfum-voiture-sport-le-dauphin-\u0639\u0637\u0631-\u0627\u0644\u0633\u064a\u0627\u0631\u0627\u062a-\u0627\u0644\u062f\u0644\u0641\u064a\u0646-\u0633\u0628\u0648\u0631\/\" \/>\n<meta property=\"og:site_name\" content=\"Boutique &quot;V6&quot;\" \/>\n<meta property=\"article:modified_time\" content=\"2026-04-09T15:50:33+00:00\" \/>\n<meta property=\"og:image\" content=\"https:\/\/sella-industrie.com\/wp-content\/uploads\/2025\/06\/sport-le-dauphin.webp\" \/>\n\t<meta property=\"og:image:width\" content=\"1000\" \/>\n\t<meta property=\"og:image:height\" content=\"1000\" \/>\n\t<meta property=\"og:image:type\" content=\"image\/webp\" \/>\n<meta name=\"twitter:card\" content=\"summary_large_image\" \/>\n<meta name=\"twitter:label1\" content=\"\u0627\u0644\u0633\u0639\u0631\" \/>\n\t<meta name=\"twitter:data1\" content=\"&#x62f;.&#x62c;&nbsp;300\" \/>\n\t<meta name=\"twitter:label2\" content=\"\u0627\u0644\u062a\u0648\u0641\u0631\" \/>\n\t<meta name=\"twitter:data2\" content=\"\u0645\u062a\u0648\u0641\u0631 \u0641\u064a \u0627\u0644\u0645\u062e\u0632\u0648\u0646\" \/>\n<script type=\"application\/ld+json\" class=\"yoast-schema-graph\">{\"@context\":\"https:\\\/\\\/schema.org\",\"@graph\":[{\"@type\":\"WebPage\",\"@id\":\"https:\\\/\\\/sella-industrie.com\\\/produit\\\/parfum-voiture-sport-le-dauphin-%d8%b9%d8%b7%d8%b1-%d8%a7%d9%84%d8%b3%d9%8a%d8%a7%d8%b1%d8%a7%d8%aa-%d8%a7%d9%84%d8%af%d9%84%d9%81%d9%8a%d9%86-%d8%b3%d8%a8%d9%88%d8%b1\\\/\",\"url\":\"https:\\\/\\\/sella-industrie.com\\\/produit\\\/parfum-voiture-sport-le-dauphin-%d8%b9%d8%b7%d8%b1-%d8%a7%d9%84%d8%b3%d9%8a%d8%a7%d8%b1%d8%a7%d8%aa-%d8%a7%d9%84%d8%af%d9%84%d9%81%d9%8a%d9%86-%d8%b3%d8%a8%d9%88%d8%b1\\\/\",\"name\":\"Parfum Voiture SPORT - Boutique &quot;V6&quot;\",\"isPartOf\":{\"@id\":\"https:\\\/\\\/sella-industrie.com\\\/#website\"},\"primaryImageOfPage\":{\"@id\":\"https:\\\/\\\/sella-industrie.com\\\/produit\\\/parfum-voiture-sport-le-dauphin-%d8%b9%d8%b7%d8%b1-%d8%a7%d9%84%d8%b3%d9%8a%d8%a7%d8%b1%d8%a7%d8%aa-%d8%a7%d9%84%d8%af%d9%84%d9%81%d9%8a%d9%86-%d8%b3%d8%a8%d9%88%d8%b1\\\/#primaryimage\"},\"image\":{\"@id\":\"https:\\\/\\\/sella-industrie.com\\\/produit\\\/parfum-voiture-sport-le-dauphin-%d8%b9%d8%b7%d8%b1-%d8%a7%d9%84%d8%b3%d9%8a%d8%a7%d8%b1%d8%a7%d8%aa-%d8%a7%d9%84%d8%af%d9%84%d9%81%d9%8a%d9%86-%d8%b3%d8%a8%d9%88%d8%b1\\\/#primaryimage\"},\"thumbnailUrl\":\"https:\\\/\\\/sella-industrie.com\\\/wp-content\\\/uploads\\\/2025\\\/06\\\/sport-le-dauphin.webp\",\"datePublished\":\"2025-06-24T13:37:59+00:00\",\"dateModified\":\"2026-04-09T15:50:33+00:00\",\"description\":\"Parfum voiture SPORT, intense, dynamique et longue dur\u00e9e pour une sensation de fra\u00eecheur sportive dans votre v\u00e9hicule. Id\u00e9al pour une ambiance \u00e9nergique.\",\"breadcrumb\":{\"@id\":\"https:\\\/\\\/sella-industrie.com\\\/produit\\\/parfum-voiture-sport-le-dauphin-%d8%b9%d8%b7%d8%b1-%d8%a7%d9%84%d8%b3%d9%8a%d8%a7%d8%b1%d8%a7%d8%aa-%d8%a7%d9%84%d8%af%d9%84%d9%81%d9%8a%d9%86-%d8%b3%d8%a8%d9%88%d8%b1\\\/#breadcrumb\"},\"inLanguage\":\"ar\",\"potentialAction\":[{\"@type\":\"ReadAction\",\"target\":[\"https:\\\/\\\/sella-industrie.com\\\/produit\\\/parfum-voiture-sport-le-dauphin-%d8%b9%d8%b7%d8%b1-%d8%a7%d9%84%d8%b3%d9%8a%d8%a7%d8%b1%d8%a7%d8%aa-%d8%a7%d9%84%d8%af%d9%84%d9%81%d9%8a%d9%86-%d8%b3%d8%a8%d9%88%d8%b1\\\/\"]}]},{\"@type\":\"ImageObject\",\"inLanguage\":\"ar\",\"@id\":\"https:\\\/\\\/sella-industrie.com\\\/produit\\\/parfum-voiture-sport-le-dauphin-%d8%b9%d8%b7%d8%b1-%d8%a7%d9%84%d8%b3%d9%8a%d8%a7%d8%b1%d8%a7%d8%aa-%d8%a7%d9%84%d8%af%d9%84%d9%81%d9%8a%d9%86-%d8%b3%d8%a8%d9%88%d8%b1\\\/#primaryimage\",\"url\":\"https:\\\/\\\/sella-industrie.com\\\/wp-content\\\/uploads\\\/2025\\\/06\\\/sport-le-dauphin.webp\",\"contentUrl\":\"https:\\\/\\\/sella-industrie.com\\\/wp-content\\\/uploads\\\/2025\\\/06\\\/sport-le-dauphin.webp\",\"width\":1000,\"height\":1000,\"caption\":\"Parfum Voiture SPORT\"},{\"@type\":\"BreadcrumbList\",\"@id\":\"https:\\\/\\\/sella-industrie.com\\\/produit\\\/parfum-voiture-sport-le-dauphin-%d8%b9%d8%b7%d8%b1-%d8%a7%d9%84%d8%b3%d9%8a%d8%a7%d8%b1%d8%a7%d8%aa-%d8%a7%d9%84%d8%af%d9%84%d9%81%d9%8a%d9%86-%d8%b3%d8%a8%d9%88%d8%b1\\\/#breadcrumb\",\"itemListElement\":[{\"@type\":\"ListItem\",\"position\":1,\"name\":\"Accueil\",\"item\":\"https:\\\/\\\/sella-industrie.com\\\/fr_fr\\\/\"},{\"@type\":\"ListItem\",\"position\":2,\"name\":\"Shop\",\"item\":\"https:\\\/\\\/sella-industrie.com\\\/fr_fr\\\/shop\\\/\"},{\"@type\":\"ListItem\",\"position\":3,\"name\":\"LE DAUPHIN\",\"item\":\"https:\\\/\\\/sella-industrie.com\\\/categorie-produit\\\/le-dauphin\\\/\"},{\"@type\":\"ListItem\",\"position\":4,\"name\":\"Parfum Voiture SPORT\"}]},{\"@type\":\"WebSite\",\"@id\":\"https:\\\/\\\/sella-industrie.com\\\/#website\",\"url\":\"https:\\\/\\\/sella-industrie.com\\\/\",\"name\":\"Boutique &quot;V6&quot;\",\"description\":\"We care for your car\",\"publisher\":{\"@id\":\"https:\\\/\\\/sella-industrie.com\\\/#organization\"},\"potentialAction\":[{\"@type\":\"SearchAction\",\"target\":{\"@type\":\"EntryPoint\",\"urlTemplate\":\"https:\\\/\\\/sella-industrie.com\\\/?s={search_term_string}\"},\"query-input\":{\"@type\":\"PropertyValueSpecification\",\"valueRequired\":true,\"valueName\":\"search_term_string\"}}],\"inLanguage\":\"ar\"},{\"@type\":\"Organization\",\"@id\":\"https:\\\/\\\/sella-industrie.com\\\/#organization\",\"name\":\"Boutique &quot;V6&quot;\",\"url\":\"https:\\\/\\\/sella-industrie.com\\\/\",\"logo\":{\"@type\":\"ImageObject\",\"inLanguage\":\"ar\",\"@id\":\"https:\\\/\\\/sella-industrie.com\\\/#\\\/schema\\\/logo\\\/image\\\/\",\"url\":\"\",\"contentUrl\":\"\",\"caption\":\"Boutique &quot;V6&quot;\"},\"image\":{\"@id\":\"https:\\\/\\\/sella-industrie.com\\\/#\\\/schema\\\/logo\\\/image\\\/\"}}]}<\/script>\n<meta property=\"product:price:amount\" content=\"300\" \/>\n<meta property=\"product:price:currency\" content=\"DZD\" \/>\n<meta property=\"og:availability\" content=\"instock\" \/>\n<meta property=\"product:availability\" content=\"instock\" \/>\n<meta property=\"product:condition\" content=\"new\" \/>\n<!-- \/ Yoast SEO Premium plugin. -->","yoast_head_json":{"title":"Parfum Voiture SPORT - Boutique &quot;V6&quot;","description":"Parfum voiture SPORT, intense, dynamique et longue dur\u00e9e pour une sensation de fra\u00eecheur sportive dans votre v\u00e9hicule. Id\u00e9al pour une ambiance \u00e9nergique.","robots":{"index":"index","follow":"follow","max-snippet":"max-snippet:-1","max-image-preview":"max-image-preview:large","max-video-preview":"max-video-preview:-1"},"canonical":"https:\/\/sella-industrie.com\/ar\/product\/parfum-voiture-sport-le-dauphin-\u0639\u0637\u0631-\u0627\u0644\u0633\u064a\u0627\u0631\u0627\u062a-\u0627\u0644\u062f\u0644\u0641\u064a\u0646-\u0633\u0628\u0648\u0631\/","og_locale":"ar_AR","og_type":"article","og_title":"Parfum Voiture SPORT","og_description":"Parfum voiture SPORT, intense, dynamique et longue dur\u00e9e pour une sensation de fra\u00eecheur sportive dans votre v\u00e9hicule. Id\u00e9al pour une ambiance \u00e9nergique.","og_url":"https:\/\/sella-industrie.com\/ar\/product\/parfum-voiture-sport-le-dauphin-\u0639\u0637\u0631-\u0627\u0644\u0633\u064a\u0627\u0631\u0627\u062a-\u0627\u0644\u062f\u0644\u0641\u064a\u0646-\u0633\u0628\u0648\u0631\/","og_site_name":"Boutique &quot;V6&quot;","article_modified_time":"2026-04-09T15:50:33+00:00","og_image":[{"width":1000,"height":1000,"url":"https:\/\/sella-industrie.com\/wp-content\/uploads\/2025\/06\/sport-le-dauphin.webp","type":"image\/webp"}],"twitter_card":"summary_large_image","twitter_misc":{"\u0627\u0644\u0633\u0639\u0631":"&#x62f;.&#x62c;&nbsp;300","\u0627\u0644\u062a\u0648\u0641\u0631":"\u0645\u062a\u0648\u0641\u0631 \u0641\u064a \u0627\u0644\u0645\u062e\u0632\u0648\u0646"},"schema":{"@context":"https:\/\/schema.org","@graph":[{"@type":"WebPage","@id":"https:\/\/sella-industrie.com\/produit\/parfum-voiture-sport-le-dauphin-%d8%b9%d8%b7%d8%b1-%d8%a7%d9%84%d8%b3%d9%8a%d8%a7%d8%b1%d8%a7%d8%aa-%d8%a7%d9%84%d8%af%d9%84%d9%81%d9%8a%d9%86-%d8%b3%d8%a8%d9%88%d8%b1\/","url":"https:\/\/sella-industrie.com\/produit\/parfum-voiture-sport-le-dauphin-%d8%b9%d8%b7%d8%b1-%d8%a7%d9%84%d8%b3%d9%8a%d8%a7%d8%b1%d8%a7%d8%aa-%d8%a7%d9%84%d8%af%d9%84%d9%81%d9%8a%d9%86-%d8%b3%d8%a8%d9%88%d8%b1\/","name":"Parfum Voiture SPORT - Boutique &quot;V6&quot;","isPartOf":{"@id":"https:\/\/sella-industrie.com\/#website"},"primaryImageOfPage":{"@id":"https:\/\/sella-industrie.com\/produit\/parfum-voiture-sport-le-dauphin-%d8%b9%d8%b7%d8%b1-%d8%a7%d9%84%d8%b3%d9%8a%d8%a7%d8%b1%d8%a7%d8%aa-%d8%a7%d9%84%d8%af%d9%84%d9%81%d9%8a%d9%86-%d8%b3%d8%a8%d9%88%d8%b1\/#primaryimage"},"image":{"@id":"https:\/\/sella-industrie.com\/produit\/parfum-voiture-sport-le-dauphin-%d8%b9%d8%b7%d8%b1-%d8%a7%d9%84%d8%b3%d9%8a%d8%a7%d8%b1%d8%a7%d8%aa-%d8%a7%d9%84%d8%af%d9%84%d9%81%d9%8a%d9%86-%d8%b3%d8%a8%d9%88%d8%b1\/#primaryimage"},"thumbnailUrl":"https:\/\/sella-industrie.com\/wp-content\/uploads\/2025\/06\/sport-le-dauphin.webp","datePublished":"2025-06-24T13:37:59+00:00","dateModified":"2026-04-09T15:50:33+00:00","description":"Parfum voiture SPORT, intense, dynamique et longue dur\u00e9e pour une sensation de fra\u00eecheur sportive dans votre v\u00e9hicule. Id\u00e9al pour une ambiance \u00e9nergique.","breadcrumb":{"@id":"https:\/\/sella-industrie.com\/produit\/parfum-voiture-sport-le-dauphin-%d8%b9%d8%b7%d8%b1-%d8%a7%d9%84%d8%b3%d9%8a%d8%a7%d8%b1%d8%a7%d8%aa-%d8%a7%d9%84%d8%af%d9%84%d9%81%d9%8a%d9%86-%d8%b3%d8%a8%d9%88%d8%b1\/#breadcrumb"},"inLanguage":"ar","potentialAction":[{"@type":"ReadAction","target":["https:\/\/sella-industrie.com\/produit\/parfum-voiture-sport-le-dauphin-%d8%b9%d8%b7%d8%b1-%d8%a7%d9%84%d8%b3%d9%8a%d8%a7%d8%b1%d8%a7%d8%aa-%d8%a7%d9%84%d8%af%d9%84%d9%81%d9%8a%d9%86-%d8%b3%d8%a8%d9%88%d8%b1\/"]}]},{"@type":"ImageObject","inLanguage":"ar","@id":"https:\/\/sella-industrie.com\/produit\/parfum-voiture-sport-le-dauphin-%d8%b9%d8%b7%d8%b1-%d8%a7%d9%84%d8%b3%d9%8a%d8%a7%d8%b1%d8%a7%d8%aa-%d8%a7%d9%84%d8%af%d9%84%d9%81%d9%8a%d9%86-%d8%b3%d8%a8%d9%88%d8%b1\/#primaryimage","url":"https:\/\/sella-industrie.com\/wp-content\/uploads\/2025\/06\/sport-le-dauphin.webp","contentUrl":"https:\/\/sella-industrie.com\/wp-content\/uploads\/2025\/06\/sport-le-dauphin.webp","width":1000,"height":1000,"caption":"Parfum Voiture SPORT"},{"@type":"BreadcrumbList","@id":"https:\/\/sella-industrie.com\/produit\/parfum-voiture-sport-le-dauphin-%d8%b9%d8%b7%d8%b1-%d8%a7%d9%84%d8%b3%d9%8a%d8%a7%d8%b1%d8%a7%d8%aa-%d8%a7%d9%84%d8%af%d9%84%d9%81%d9%8a%d9%86-%d8%b3%d8%a8%d9%88%d8%b1\/#breadcrumb","itemListElement":[{"@type":"ListItem","position":1,"name":"Accueil","item":"https:\/\/sella-industrie.com\/fr_fr\/"},{"@type":"ListItem","position":2,"name":"Shop","item":"https:\/\/sella-industrie.com\/fr_fr\/shop\/"},{"@type":"ListItem","position":3,"name":"LE DAUPHIN","item":"https:\/\/sella-industrie.com\/categorie-produit\/le-dauphin\/"},{"@type":"ListItem","position":4,"name":"Parfum Voiture SPORT"}]},{"@type":"WebSite","@id":"https:\/\/sella-industrie.com\/#website","url":"https:\/\/sella-industrie.com\/","name":"Boutique &quot;V6&quot;","description":"We care for your car","publisher":{"@id":"https:\/\/sella-industrie.com\/#organization"},"potentialAction":[{"@type":"SearchAction","target":{"@type":"EntryPoint","urlTemplate":"https:\/\/sella-industrie.com\/?s={search_term_string}"},"query-input":{"@type":"PropertyValueSpecification","valueRequired":true,"valueName":"search_term_string"}}],"inLanguage":"ar"},{"@type":"Organization","@id":"https:\/\/sella-industrie.com\/#organization","name":"Boutique &quot;V6&quot;","url":"https:\/\/sella-industrie.com\/","logo":{"@type":"ImageObject","inLanguage":"ar","@id":"https:\/\/sella-industrie.com\/#\/schema\/logo\/image\/","url":"","contentUrl":"","caption":"Boutique &quot;V6&quot;"},"image":{"@id":"https:\/\/sella-industrie.com\/#\/schema\/logo\/image\/"}}]},"product_price_amount":"300","product_price_currency":"DZD","og_availability":"instock","product_availability":"instock","product_condition":"new"},"_links":{"self":[{"href":"https:\/\/sella-industrie.com\/ar\/wp-json\/wp\/v2\/product\/33787","targetHints":{"allow":["GET"]}}],"collection":[{"href":"https:\/\/sella-industrie.com\/ar\/wp-json\/wp\/v2\/product"}],"about":[{"href":"https:\/\/sella-industrie.com\/ar\/wp-json\/wp\/v2\/types\/product"}],"replies":[{"embeddable":true,"href":"https:\/\/sella-industrie.com\/ar\/wp-json\/wp\/v2\/comments?post=33787"}],"wp:featuredmedia":[{"embeddable":true,"href":"https:\/\/sella-industrie.com\/ar\/wp-json\/wp\/v2\/media\/38277"}],"wp:attachment":[{"href":"https:\/\/sella-industrie.com\/ar\/wp-json\/wp\/v2\/media?parent=33787"}],"wp:term":[{"taxonomy":"product_brand","embeddable":true,"href":"https:\/\/sella-industrie.com\/ar\/wp-json\/wp\/v2\/product_brand?post=33787"},{"taxonomy":"product_cat","embeddable":true,"href":"https:\/\/sella-industrie.com\/ar\/wp-json\/wp\/v2\/product_cat?post=33787"},{"taxonomy":"product_tag","embeddable":true,"href":"https:\/\/sella-industrie.com\/ar\/wp-json\/wp\/v2\/product_tag?post=33787"}],"curies":[{"name":"wp","href":"https:\/\/api.w.org\/{rel}","templated":true}]}}