{"id":33761,"date":"2025-06-24T12:40:38","date_gmt":"2025-06-24T12:40:38","guid":{"rendered":"https:\/\/sellaindustrie.com\/?post_type=product&#038;p=33761"},"modified":"2026-04-15T11:16:07","modified_gmt":"2026-04-15T11:16:07","slug":"parfum-voiture-tutti-frutti-x-color-series-%d8%b9%d8%b7%d8%b1-%d8%a7%d9%84%d8%b3%d9%8a%d8%a7%d8%b1%d8%a7%d8%aa-%d8%aa%d9%88%d8%aa%d9%8a-%d9%81%d8%b1%d9%88%d8%aa%d9%8a","status":"publish","type":"product","link":"https:\/\/sella-industrie.com\/ar\/product\/parfum-voiture-tutti-frutti-x-color-series-%d8%b9%d8%b7%d8%b1-%d8%a7%d9%84%d8%b3%d9%8a%d8%a7%d8%b1%d8%a7%d8%aa-%d8%aa%d9%88%d8%aa%d9%8a-%d9%81%d8%b1%d9%88%d8%aa%d9%8a\/","title":{"rendered":"Parfum voiture TUTTI FRUTTI"},"content":{"rendered":"<h2 style=\"text-align: center;\">Parfum voiture TUTTI FRUTTI \u0639\u0637\u0631 \u0627\u0644\u0633\u064a\u0627\u0631\u0627\u062a \u062a\u0648\u062a\u064a \u0641\u0631\u0648\u062a\u064a<\/h2>\n<p><span style=\"color: #333333; font-size: 16px;\"><strong>Parfum voiture TUTTI FRUTTI<\/strong>, X COLOR SERIES-OREGON Qualit\u00e9 Premium. Apaisement et fra\u00eecheur florale. <\/span>diffuse une fragrance fruit\u00e9e, douce et rafra\u00eechissante qui transforme imm\u00e9diatement l\u2019ambiance de votre v\u00e9hicule. Inspir\u00e9 d\u2019un m\u00e9lange gourmand de fruits sucr\u00e9s, ce d\u00e9sodorisant auto apporte une sensation joyeuse et agr\u00e9able \u00e0 chaque trajet. Pens\u00e9 pour les amateurs de senteurs fruit\u00e9es et l\u00e9g\u00e8res, ce parfum voiture tutti frutti offre un \u00e9quilibre parfait entre fra\u00eecheur, douceur et \u00e9l\u00e9gance. Une Signature Olfactive Fruit\u00e9 et Agr\u00e9able, sa composition parfum\u00e9e offre : m\u00e9lange fruit\u00e9 sucr\u00e9 et harmonieux, <a href=\"https:\/\/sella-industrie.com\/ar\/product\/new-car-parfum-automobile-x-color\/\">fra\u00eecheur l\u00e9g\u00e8re et apaisante<\/a>, sensation de propret\u00e9 agr\u00e9able, <a href=\"https:\/\/www.tiktok.com\/@v6.accessoires.au\" target=\"_blank\" rel=\"noopener\">ambiance joyeuse et dynamique<\/a>. Une fragrance id\u00e9ale pour un usage quotidien dans tous types de v\u00e9hicules.<\/p>\n<p style=\"text-align: right;\"><strong>\u0639\u0637\u0631 \u0627\u0644\u0633\u064a\u0627\u0631\u0627\u062a \u062a\u0648\u062a\u064a \u0641\u0631\u0648\u062a\u064a<\/strong>\u060c \u0633\u0644\u0633\u0644\u0629 \u0625\u0643\u0633 \u0643\u0648\u0644\u0648\u0631-\u0623\u0648\u0631\u064a\u063a\u0648\u0646\u060c \u062c\u0648\u062f\u0629 \u0645\u0645\u062a\u0627\u0632\u0629. \u0627\u0646\u062a\u0639\u0627\u0634 \u0632\u0647\u0631\u064a \u0645\u0647\u062f\u0626. \u064a\u0646\u0634\u0631 \u0631\u0627\u0626\u062d\u0629 \u0641\u0627\u0643\u0647\u064a\u0629 \u062d\u0644\u0648\u0629 \u0648\u0645\u0646\u0639\u0634\u0629 \u062a\u064f\u0636\u0641\u064a \u0639\u0644\u0649 \u0633\u064a\u0627\u0631\u062a\u0643 \u062c\u0648\u064b\u0627 \u0645\u0645\u064a\u0632\u064b\u0627 \u0639\u0644\u0649 \u0627\u0644\u0641\u0648\u0631. \u0645\u0633\u062a\u0648\u062d\u0649 \u0645\u0646 \u0645\u0632\u064a\u062c \u0644\u0630\u064a\u0630 \u0645\u0646 \u0627\u0644\u0641\u0648\u0627\u0643\u0647 \u0627\u0644\u062d\u0644\u0648\u0629\u060c \u064a\u0645\u0646\u062d \u0645\u0639\u0637\u0631 \u0627\u0644\u062c\u0648 \u0647\u0630\u0627 \u0634\u0639\u0648\u0631\u064b\u0627 \u0628\u0627\u0644\u0628\u0647\u062c\u0629 \u0648\u0627\u0644\u0631\u0627\u062d\u0629 \u0641\u064a \u0643\u0644 \u0631\u062d\u0644\u0629. \u0635\u064f\u0645\u0645 \u062e\u0635\u064a\u0635\u064b\u0627 \u0644\u0639\u0634\u0627\u0642 \u0627\u0644\u0631\u0648\u0627\u0626\u062d \u0627\u0644\u0641\u0627\u0643\u0647\u064a\u0629 \u0627\u0644\u062e\u0641\u064a\u0641\u0629\u060c \u062d\u064a\u062b \u064a\u0648\u0641\u0631 \u0645\u0639\u0637\u0631 \u062c\u0648 \u0627\u0644\u0633\u064a\u0627\u0631\u0629 \u062a\u0648\u062a\u064a \u0641\u0631\u0648\u062a\u064a \u062a\u0648\u0627\u0632\u0646\u064b\u0627 \u0645\u062b\u0627\u0644\u064a\u064b\u0627 \u0628\u064a\u0646 \u0627\u0644\u0627\u0646\u062a\u0639\u0627\u0634 \u0648\u0627\u0644\u062d\u0644\u0627\u0648\u0629 \u0648\u0627\u0644\u0623\u0646\u0627\u0642\u0629. \u064a\u062a\u0645\u064a\u0632 \u0628\u0631\u0627\u0626\u062d\u0629 \u0641\u0627\u0643\u0647\u064a\u0629 \u0645\u0645\u064a\u0632\u0629\u060c \u0648\u062a\u0631\u0643\u064a\u0628\u0629 \u0639\u0637\u0631\u064a\u0629 \u062a\u062c\u0645\u0639 \u0628\u064a\u0646 \u0645\u0632\u064a\u062c \u0641\u0627\u0643\u0647\u064a \u062d\u0644\u0648 \u0648\u0645\u062a\u0646\u0627\u063a\u0645\u060c \u0648\u0627\u0646\u062a\u0639\u0627\u0634 \u062e\u0641\u064a\u0641 \u0648\u0645\u0647\u062f\u0626\u060c \u0648\u0634\u0639\u0648\u0631 \u0644\u0637\u064a\u0641 \u0628\u0627\u0644\u0646\u0638\u0627\u0641\u0629\u060c \u0648\u062c\u0648 \u0645\u0641\u0639\u0645 \u0628\u0627\u0644\u062d\u064a\u0648\u064a\u0629 \u0648\u0627\u0644\u0646\u0634\u0627\u0637. \u0639\u0637\u0631 \u0645\u062b\u0627\u0644\u064a \u0644\u0644\u0627\u0633\u062a\u062e\u062f\u0627\u0645 \u0627\u0644\u064a\u0648\u0645\u064a \u0641\u064a \u062c\u0645\u064a\u0639 \u0623\u0646\u0648\u0627\u0639 \u0627\u0644\u0633\u064a\u0627\u0631\u0627\u062a<\/p>\n<p><iframe loading=\"lazy\" title=\"\u0633\u064a\u0644\u0627\" width=\"500\" height=\"281\" src=\"https:\/\/www.youtube.com\/embed\/6DPu7q3J3ls?feature=oembed\" frameborder=\"0\" allow=\"accelerometer; autoplay; clipboard-write; encrypted-media; gyroscope; picture-in-picture; web-share\" referrerpolicy=\"strict-origin-when-cross-origin\" allowfullscreen><\/iframe><\/p>","protected":false},"excerpt":{"rendered":"<h1 style=\"text-align: center;\">\u0639\u0637\u0631 \u0627\u0644\u0633\u064a\u0627\u0631\u0627\u062a \u062a\u0648\u062a\u064a \u0641\u0631\u0648\u062a\u064a<\/h1>\n<p><span style=\"color: #333333; font-size: 16px;\"><strong> voiture TUTTI FRUTTI<\/strong>, X COLOR SERIES-OREGON Qualit\u00e9 Premium. Apaisement et fra\u00eecheur florale. <\/span>diffuse une fragrance fruit\u00e9e, douce et rafra\u00eechissante qui transforme imm\u00e9diatement l\u2019ambiance de votre v\u00e9hicule. Inspir\u00e9 d\u2019un m\u00e9lange gourmand de fruits sucr\u00e9s, ce d\u00e9sodorisant auto apporte une sensation joyeuse et agr\u00e9able \u00e0 chaque trajet.<\/p>","protected":false},"featured_media":38311,"comment_status":"open","ping_status":"closed","template":"","meta":[],"product_brand":[293],"product_cat":[921],"product_tag":[],"class_list":{"0":"post-33761","1":"product","2":"type-product","3":"status-publish","4":"has-post-thumbnail","6":"product_brand-sella","7":"product_cat-x-color","9":"first","10":"instock","11":"taxable","12":"shipping-taxable","13":"purchasable","14":"product-type-simple"},"yoast_head":"<!-- This site is optimized with the Yoast SEO plugin v27.4 - https:\/\/yoast.com\/product\/yoast-seo-wordpress\/ -->\n<title>Parfum voiture TUTTI FRUTTI - Boutique &quot;V6&quot;<\/title>\n<meta name=\"description\" content=\"Parfum voiture Tutti Frutti X Color Series : fruit\u00e9 premium, longue dur\u00e9e, diffusant une fra\u00eecheur douce et agr\u00e9able pour un habitacle propre et parfum\u00e9.\" \/>\n<meta name=\"robots\" content=\"index, follow, max-snippet:-1, max-image-preview:large, max-video-preview:-1\" \/>\n<link rel=\"canonical\" href=\"https:\/\/sella-industrie.com\/ar\/product\/parfum-voiture-tutti-frutti-x-color-series-\u0639\u0637\u0631-\u0627\u0644\u0633\u064a\u0627\u0631\u0627\u062a-\u062a\u0648\u062a\u064a-\u0641\u0631\u0648\u062a\u064a\/\" \/>\n<meta property=\"og:locale\" content=\"ar_AR\" \/>\n<meta property=\"og:type\" content=\"article\" \/>\n<meta property=\"og:title\" content=\"Parfum voiture TUTTI FRUTTI - Boutique &quot;V6&quot;\" \/>\n<meta property=\"og:description\" content=\"Parfum voiture Tutti Frutti X Color Series : fruit\u00e9 premium, longue dur\u00e9e, diffusant une fra\u00eecheur douce et agr\u00e9able pour un habitacle propre et parfum\u00e9.\" \/>\n<meta property=\"og:url\" content=\"https:\/\/sella-industrie.com\/ar\/product\/parfum-voiture-tutti-frutti-x-color-series-\u0639\u0637\u0631-\u0627\u0644\u0633\u064a\u0627\u0631\u0627\u062a-\u062a\u0648\u062a\u064a-\u0641\u0631\u0648\u062a\u064a\/\" \/>\n<meta property=\"og:site_name\" content=\"Boutique &quot;V6&quot;\" \/>\n<meta property=\"article:modified_time\" content=\"2026-04-15T11:16:07+00:00\" \/>\n<meta property=\"og:image\" content=\"https:\/\/sella-industrie.com\/wp-content\/uploads\/2025\/06\/TUTTI-FRUTI-SCL.webp\" \/>\n\t<meta property=\"og:image:width\" content=\"1000\" \/>\n\t<meta property=\"og:image:height\" content=\"1000\" \/>\n\t<meta property=\"og:image:type\" content=\"image\/webp\" \/>\n<meta name=\"twitter:card\" content=\"summary_large_image\" \/>\n<meta name=\"twitter:label1\" content=\"\u0648\u0642\u062a \u0627\u0644\u0642\u0631\u0627\u0621\u0629 \u0627\u0644\u0645\u064f\u0642\u062f\u0651\u0631\" \/>\n\t<meta name=\"twitter:data1\" content=\"\u062f\u0642\u064a\u0642\u062a\u0627\u0646\" \/>\n<script type=\"application\/ld+json\" class=\"yoast-schema-graph\">{\"@context\":\"https:\\\/\\\/schema.org\",\"@graph\":[{\"@type\":\"WebPage\",\"@id\":\"https:\\\/\\\/sella-industrie.com\\\/produit\\\/parfum-voiture-tutti-frutti-x-color-series-%d8%b9%d8%b7%d8%b1-%d8%a7%d9%84%d8%b3%d9%8a%d8%a7%d8%b1%d8%a7%d8%aa-%d8%aa%d9%88%d8%aa%d9%8a-%d9%81%d8%b1%d9%88%d8%aa%d9%8a\\\/\",\"url\":\"https:\\\/\\\/sella-industrie.com\\\/produit\\\/parfum-voiture-tutti-frutti-x-color-series-%d8%b9%d8%b7%d8%b1-%d8%a7%d9%84%d8%b3%d9%8a%d8%a7%d8%b1%d8%a7%d8%aa-%d8%aa%d9%88%d8%aa%d9%8a-%d9%81%d8%b1%d9%88%d8%aa%d9%8a\\\/\",\"name\":\"Parfum voiture TUTTI FRUTTI - Boutique &quot;V6&quot;\",\"isPartOf\":{\"@id\":\"https:\\\/\\\/sella-industrie.com\\\/#website\"},\"primaryImageOfPage\":{\"@id\":\"https:\\\/\\\/sella-industrie.com\\\/produit\\\/parfum-voiture-tutti-frutti-x-color-series-%d8%b9%d8%b7%d8%b1-%d8%a7%d9%84%d8%b3%d9%8a%d8%a7%d8%b1%d8%a7%d8%aa-%d8%aa%d9%88%d8%aa%d9%8a-%d9%81%d8%b1%d9%88%d8%aa%d9%8a\\\/#primaryimage\"},\"image\":{\"@id\":\"https:\\\/\\\/sella-industrie.com\\\/produit\\\/parfum-voiture-tutti-frutti-x-color-series-%d8%b9%d8%b7%d8%b1-%d8%a7%d9%84%d8%b3%d9%8a%d8%a7%d8%b1%d8%a7%d8%aa-%d8%aa%d9%88%d8%aa%d9%8a-%d9%81%d8%b1%d9%88%d8%aa%d9%8a\\\/#primaryimage\"},\"thumbnailUrl\":\"https:\\\/\\\/sella-industrie.com\\\/wp-content\\\/uploads\\\/2025\\\/06\\\/TUTTI-FRUTI-SCL.webp\",\"datePublished\":\"2025-06-24T12:40:38+00:00\",\"dateModified\":\"2026-04-15T11:16:07+00:00\",\"description\":\"Parfum voiture Tutti Frutti X Color Series : fruit\u00e9 premium, longue dur\u00e9e, diffusant une fra\u00eecheur douce et agr\u00e9able pour un habitacle propre et parfum\u00e9.\",\"breadcrumb\":{\"@id\":\"https:\\\/\\\/sella-industrie.com\\\/produit\\\/parfum-voiture-tutti-frutti-x-color-series-%d8%b9%d8%b7%d8%b1-%d8%a7%d9%84%d8%b3%d9%8a%d8%a7%d8%b1%d8%a7%d8%aa-%d8%aa%d9%88%d8%aa%d9%8a-%d9%81%d8%b1%d9%88%d8%aa%d9%8a\\\/#breadcrumb\"},\"inLanguage\":\"ar\",\"potentialAction\":[{\"@type\":\"ReadAction\",\"target\":[\"https:\\\/\\\/sella-industrie.com\\\/produit\\\/parfum-voiture-tutti-frutti-x-color-series-%d8%b9%d8%b7%d8%b1-%d8%a7%d9%84%d8%b3%d9%8a%d8%a7%d8%b1%d8%a7%d8%aa-%d8%aa%d9%88%d8%aa%d9%8a-%d9%81%d8%b1%d9%88%d8%aa%d9%8a\\\/\"]}]},{\"@type\":\"ImageObject\",\"inLanguage\":\"ar\",\"@id\":\"https:\\\/\\\/sella-industrie.com\\\/produit\\\/parfum-voiture-tutti-frutti-x-color-series-%d8%b9%d8%b7%d8%b1-%d8%a7%d9%84%d8%b3%d9%8a%d8%a7%d8%b1%d8%a7%d8%aa-%d8%aa%d9%88%d8%aa%d9%8a-%d9%81%d8%b1%d9%88%d8%aa%d9%8a\\\/#primaryimage\",\"url\":\"https:\\\/\\\/sella-industrie.com\\\/wp-content\\\/uploads\\\/2025\\\/06\\\/TUTTI-FRUTI-SCL.webp\",\"contentUrl\":\"https:\\\/\\\/sella-industrie.com\\\/wp-content\\\/uploads\\\/2025\\\/06\\\/TUTTI-FRUTI-SCL.webp\",\"width\":1000,\"height\":1000,\"caption\":\"parfum voiture tutti frutti\"},{\"@type\":\"BreadcrumbList\",\"@id\":\"https:\\\/\\\/sella-industrie.com\\\/produit\\\/parfum-voiture-tutti-frutti-x-color-series-%d8%b9%d8%b7%d8%b1-%d8%a7%d9%84%d8%b3%d9%8a%d8%a7%d8%b1%d8%a7%d8%aa-%d8%aa%d9%88%d8%aa%d9%8a-%d9%81%d8%b1%d9%88%d8%aa%d9%8a\\\/#breadcrumb\",\"itemListElement\":[{\"@type\":\"ListItem\",\"position\":1,\"name\":\"Accueil\",\"item\":\"https:\\\/\\\/sella-industrie.com\\\/fr_fr\\\/\"},{\"@type\":\"ListItem\",\"position\":2,\"name\":\"Shop\",\"item\":\"https:\\\/\\\/sella-industrie.com\\\/fr_fr\\\/shop\\\/\"},{\"@type\":\"ListItem\",\"position\":3,\"name\":\"X COLOR\",\"item\":\"https:\\\/\\\/sella-industrie.com\\\/categorie-produit\\\/x-color\\\/\"},{\"@type\":\"ListItem\",\"position\":4,\"name\":\"Parfum voiture TUTTI FRUTTI\"}]},{\"@type\":\"WebSite\",\"@id\":\"https:\\\/\\\/sella-industrie.com\\\/#website\",\"url\":\"https:\\\/\\\/sella-industrie.com\\\/\",\"name\":\"Boutique &quot;V6&quot;\",\"description\":\"We care for your car\",\"publisher\":{\"@id\":\"https:\\\/\\\/sella-industrie.com\\\/#organization\"},\"potentialAction\":[{\"@type\":\"SearchAction\",\"target\":{\"@type\":\"EntryPoint\",\"urlTemplate\":\"https:\\\/\\\/sella-industrie.com\\\/?s={search_term_string}\"},\"query-input\":{\"@type\":\"PropertyValueSpecification\",\"valueRequired\":true,\"valueName\":\"search_term_string\"}}],\"inLanguage\":\"ar\"},{\"@type\":\"Organization\",\"@id\":\"https:\\\/\\\/sella-industrie.com\\\/#organization\",\"name\":\"Boutique &quot;V6&quot;\",\"url\":\"https:\\\/\\\/sella-industrie.com\\\/\",\"logo\":{\"@type\":\"ImageObject\",\"inLanguage\":\"ar\",\"@id\":\"https:\\\/\\\/sella-industrie.com\\\/#\\\/schema\\\/logo\\\/image\\\/\",\"url\":\"\",\"contentUrl\":\"\",\"caption\":\"Boutique &quot;V6&quot;\"},\"image\":{\"@id\":\"https:\\\/\\\/sella-industrie.com\\\/#\\\/schema\\\/logo\\\/image\\\/\"}}]}<\/script>\n<!-- \/ Yoast SEO plugin. -->","yoast_head_json":{"title":"Parfum voiture TUTTI FRUTTI - Boutique &quot;V6&quot;","description":"Parfum voiture Tutti Frutti X Color Series : fruit\u00e9 premium, longue dur\u00e9e, diffusant une fra\u00eecheur douce et agr\u00e9able pour un habitacle propre et parfum\u00e9.","robots":{"index":"index","follow":"follow","max-snippet":"max-snippet:-1","max-image-preview":"max-image-preview:large","max-video-preview":"max-video-preview:-1"},"canonical":"https:\/\/sella-industrie.com\/ar\/product\/parfum-voiture-tutti-frutti-x-color-series-\u0639\u0637\u0631-\u0627\u0644\u0633\u064a\u0627\u0631\u0627\u062a-\u062a\u0648\u062a\u064a-\u0641\u0631\u0648\u062a\u064a\/","og_locale":"ar_AR","og_type":"article","og_title":"Parfum voiture TUTTI FRUTTI - Boutique &quot;V6&quot;","og_description":"Parfum voiture Tutti Frutti X Color Series : fruit\u00e9 premium, longue dur\u00e9e, diffusant une fra\u00eecheur douce et agr\u00e9able pour un habitacle propre et parfum\u00e9.","og_url":"https:\/\/sella-industrie.com\/ar\/product\/parfum-voiture-tutti-frutti-x-color-series-\u0639\u0637\u0631-\u0627\u0644\u0633\u064a\u0627\u0631\u0627\u062a-\u062a\u0648\u062a\u064a-\u0641\u0631\u0648\u062a\u064a\/","og_site_name":"Boutique &quot;V6&quot;","article_modified_time":"2026-04-15T11:16:07+00:00","og_image":[{"width":1000,"height":1000,"url":"https:\/\/sella-industrie.com\/wp-content\/uploads\/2025\/06\/TUTTI-FRUTI-SCL.webp","type":"image\/webp"}],"twitter_card":"summary_large_image","twitter_misc":{"\u0648\u0642\u062a \u0627\u0644\u0642\u0631\u0627\u0621\u0629 \u0627\u0644\u0645\u064f\u0642\u062f\u0651\u0631":"\u062f\u0642\u064a\u0642\u062a\u0627\u0646"},"schema":{"@context":"https:\/\/schema.org","@graph":[{"@type":"WebPage","@id":"https:\/\/sella-industrie.com\/produit\/parfum-voiture-tutti-frutti-x-color-series-%d8%b9%d8%b7%d8%b1-%d8%a7%d9%84%d8%b3%d9%8a%d8%a7%d8%b1%d8%a7%d8%aa-%d8%aa%d9%88%d8%aa%d9%8a-%d9%81%d8%b1%d9%88%d8%aa%d9%8a\/","url":"https:\/\/sella-industrie.com\/produit\/parfum-voiture-tutti-frutti-x-color-series-%d8%b9%d8%b7%d8%b1-%d8%a7%d9%84%d8%b3%d9%8a%d8%a7%d8%b1%d8%a7%d8%aa-%d8%aa%d9%88%d8%aa%d9%8a-%d9%81%d8%b1%d9%88%d8%aa%d9%8a\/","name":"Parfum voiture TUTTI FRUTTI - Boutique &quot;V6&quot;","isPartOf":{"@id":"https:\/\/sella-industrie.com\/#website"},"primaryImageOfPage":{"@id":"https:\/\/sella-industrie.com\/produit\/parfum-voiture-tutti-frutti-x-color-series-%d8%b9%d8%b7%d8%b1-%d8%a7%d9%84%d8%b3%d9%8a%d8%a7%d8%b1%d8%a7%d8%aa-%d8%aa%d9%88%d8%aa%d9%8a-%d9%81%d8%b1%d9%88%d8%aa%d9%8a\/#primaryimage"},"image":{"@id":"https:\/\/sella-industrie.com\/produit\/parfum-voiture-tutti-frutti-x-color-series-%d8%b9%d8%b7%d8%b1-%d8%a7%d9%84%d8%b3%d9%8a%d8%a7%d8%b1%d8%a7%d8%aa-%d8%aa%d9%88%d8%aa%d9%8a-%d9%81%d8%b1%d9%88%d8%aa%d9%8a\/#primaryimage"},"thumbnailUrl":"https:\/\/sella-industrie.com\/wp-content\/uploads\/2025\/06\/TUTTI-FRUTI-SCL.webp","datePublished":"2025-06-24T12:40:38+00:00","dateModified":"2026-04-15T11:16:07+00:00","description":"Parfum voiture Tutti Frutti X Color Series : fruit\u00e9 premium, longue dur\u00e9e, diffusant une fra\u00eecheur douce et agr\u00e9able pour un habitacle propre et parfum\u00e9.","breadcrumb":{"@id":"https:\/\/sella-industrie.com\/produit\/parfum-voiture-tutti-frutti-x-color-series-%d8%b9%d8%b7%d8%b1-%d8%a7%d9%84%d8%b3%d9%8a%d8%a7%d8%b1%d8%a7%d8%aa-%d8%aa%d9%88%d8%aa%d9%8a-%d9%81%d8%b1%d9%88%d8%aa%d9%8a\/#breadcrumb"},"inLanguage":"ar","potentialAction":[{"@type":"ReadAction","target":["https:\/\/sella-industrie.com\/produit\/parfum-voiture-tutti-frutti-x-color-series-%d8%b9%d8%b7%d8%b1-%d8%a7%d9%84%d8%b3%d9%8a%d8%a7%d8%b1%d8%a7%d8%aa-%d8%aa%d9%88%d8%aa%d9%8a-%d9%81%d8%b1%d9%88%d8%aa%d9%8a\/"]}]},{"@type":"ImageObject","inLanguage":"ar","@id":"https:\/\/sella-industrie.com\/produit\/parfum-voiture-tutti-frutti-x-color-series-%d8%b9%d8%b7%d8%b1-%d8%a7%d9%84%d8%b3%d9%8a%d8%a7%d8%b1%d8%a7%d8%aa-%d8%aa%d9%88%d8%aa%d9%8a-%d9%81%d8%b1%d9%88%d8%aa%d9%8a\/#primaryimage","url":"https:\/\/sella-industrie.com\/wp-content\/uploads\/2025\/06\/TUTTI-FRUTI-SCL.webp","contentUrl":"https:\/\/sella-industrie.com\/wp-content\/uploads\/2025\/06\/TUTTI-FRUTI-SCL.webp","width":1000,"height":1000,"caption":"parfum voiture tutti frutti"},{"@type":"BreadcrumbList","@id":"https:\/\/sella-industrie.com\/produit\/parfum-voiture-tutti-frutti-x-color-series-%d8%b9%d8%b7%d8%b1-%d8%a7%d9%84%d8%b3%d9%8a%d8%a7%d8%b1%d8%a7%d8%aa-%d8%aa%d9%88%d8%aa%d9%8a-%d9%81%d8%b1%d9%88%d8%aa%d9%8a\/#breadcrumb","itemListElement":[{"@type":"ListItem","position":1,"name":"Accueil","item":"https:\/\/sella-industrie.com\/fr_fr\/"},{"@type":"ListItem","position":2,"name":"Shop","item":"https:\/\/sella-industrie.com\/fr_fr\/shop\/"},{"@type":"ListItem","position":3,"name":"X COLOR","item":"https:\/\/sella-industrie.com\/categorie-produit\/x-color\/"},{"@type":"ListItem","position":4,"name":"Parfum voiture TUTTI FRUTTI"}]},{"@type":"WebSite","@id":"https:\/\/sella-industrie.com\/#website","url":"https:\/\/sella-industrie.com\/","name":"Boutique &quot;V6&quot;","description":"We care for your car","publisher":{"@id":"https:\/\/sella-industrie.com\/#organization"},"potentialAction":[{"@type":"SearchAction","target":{"@type":"EntryPoint","urlTemplate":"https:\/\/sella-industrie.com\/?s={search_term_string}"},"query-input":{"@type":"PropertyValueSpecification","valueRequired":true,"valueName":"search_term_string"}}],"inLanguage":"ar"},{"@type":"Organization","@id":"https:\/\/sella-industrie.com\/#organization","name":"Boutique &quot;V6&quot;","url":"https:\/\/sella-industrie.com\/","logo":{"@type":"ImageObject","inLanguage":"ar","@id":"https:\/\/sella-industrie.com\/#\/schema\/logo\/image\/","url":"","contentUrl":"","caption":"Boutique &quot;V6&quot;"},"image":{"@id":"https:\/\/sella-industrie.com\/#\/schema\/logo\/image\/"}}]}},"_links":{"self":[{"href":"https:\/\/sella-industrie.com\/ar\/wp-json\/wp\/v2\/product\/33761","targetHints":{"allow":["GET"]}}],"collection":[{"href":"https:\/\/sella-industrie.com\/ar\/wp-json\/wp\/v2\/product"}],"about":[{"href":"https:\/\/sella-industrie.com\/ar\/wp-json\/wp\/v2\/types\/product"}],"replies":[{"embeddable":true,"href":"https:\/\/sella-industrie.com\/ar\/wp-json\/wp\/v2\/comments?post=33761"}],"wp:featuredmedia":[{"embeddable":true,"href":"https:\/\/sella-industrie.com\/ar\/wp-json\/wp\/v2\/media\/38311"}],"wp:attachment":[{"href":"https:\/\/sella-industrie.com\/ar\/wp-json\/wp\/v2\/media?parent=33761"}],"wp:term":[{"taxonomy":"product_brand","embeddable":true,"href":"https:\/\/sella-industrie.com\/ar\/wp-json\/wp\/v2\/product_brand?post=33761"},{"taxonomy":"product_cat","embeddable":true,"href":"https:\/\/sella-industrie.com\/ar\/wp-json\/wp\/v2\/product_cat?post=33761"},{"taxonomy":"product_tag","embeddable":true,"href":"https:\/\/sella-industrie.com\/ar\/wp-json\/wp\/v2\/product_tag?post=33761"}],"curies":[{"name":"wp","href":"https:\/\/api.w.org\/{rel}","templated":true}]}}