{"id":33753,"date":"2025-06-24T12:22:18","date_gmt":"2025-06-24T12:22:18","guid":{"rendered":"https:\/\/sellaindustrie.com\/?post_type=product&#038;p=33753"},"modified":"2026-04-15T11:32:43","modified_gmt":"2026-04-15T11:32:43","slug":"parfum-voiture-menthe-x-color-series-%d8%b9%d8%b7%d8%b1-%d8%a7%d9%84%d8%b3%d9%8a%d8%a7%d8%b1%d8%a7%d8%aa-%d9%86%d8%b9%d9%86%d8%a7%d8%b9","status":"publish","type":"product","link":"https:\/\/sella-industrie.com\/ar\/product\/parfum-voiture-menthe-x-color-series-%d8%b9%d8%b7%d8%b1-%d8%a7%d9%84%d8%b3%d9%8a%d8%a7%d8%b1%d8%a7%d8%aa-%d9%86%d8%b9%d9%86%d8%a7%d8%b9\/","title":{"rendered":"Parfum voiture MENTHE"},"content":{"rendered":"<h2 style=\"text-align: center;\">Parfum voiture MENTHE \u0639\u0637\u0631 \u0627\u0644\u0633\u064a\u0627\u0631\u0627\u062a \u0646\u0639\u0646\u0627\u0639<\/h2>\n<p><span style=\"color: #333333; font-size: 16px;\"><strong>Parfum voiture MENTHE<\/strong>, X COLOR SERIES-OREGON Qualit\u00e9 Premium, douceur Asiatique et chaleureuse. <\/span>diffuse une fra\u00eecheur douce, \u00e9quilibr\u00e9e et l\u00e9g\u00e8rement apaisante inspir\u00e9e des notes menthol\u00e9es asiatiques. <a href=\"https:\/\/www.instagram.com\/v6_accessoires_auto?igsh=aXE2NjUwOG5xNnQz\" target=\"_blank\" rel=\"noopener\">Ce d\u00e9sodorisant auto<\/a> transforme instantan\u00e9ment votre habitacle en un espace propre, frais et agr\u00e9able. Con\u00e7u pour les conducteurs recherchant une senteur fra\u00eeche mais subtile, ce parfum voiture menthe apporte une sensation de confort et de propret\u00e9 durable \u00e0 chaque trajet. Une <a href=\"https:\/\/sella-industrie.com\/ar\/product\/parfum-automobile-citron-cassis-x-color\/\">Signature Olfactive Menthol\u00e9e et \u00c9quilibr\u00e9e<\/a>, sa fragrance offre : notes de menthe douce et rafra\u00eechissante, sensation de propret\u00e9 imm\u00e9diate, fra\u00eecheur l\u00e9g\u00e8re et agr\u00e9able, ambiance apaisante et harmonieuse. Parfait pour ceux qui pr\u00e9f\u00e8rent une fra\u00eecheur non agressive mais efficace.<\/p>\n<p style=\"text-align: right;\"><strong>\u0639\u0637\u0631 \u0627\u0644\u0633\u064a\u0627\u0631\u0627\u062a \u0646\u0639\u0646\u0627\u0639<\/strong>\u060c \u200b\u200b\u0633\u0644\u0633\u0644\u0629 \u0625\u0643\u0633 \u0643\u0648\u0644\u0648\u0631-\u0623\u0648\u0631\u064a\u063a\u0648\u0646\u060c \u062c\u0648\u062f\u0629 \u0645\u0645\u062a\u0627\u0632\u0629\u060c \u0628\u0646\u0641\u062d\u0627\u062a \u0622\u0633\u064a\u0648\u064a\u0629 \u062f\u0627\u0641\u0626\u0629 \u0648\u0646\u0627\u0639\u0645\u0629. \u064a\u0646\u0634\u0631 \u0627\u0646\u062a\u0639\u0627\u0634\u064b\u0627 \u0644\u0637\u064a\u0641\u064b\u0627 \u0648\u0645\u062a\u0648\u0627\u0632\u0646\u064b\u0627 \u0648\u0645\u0647\u062f\u0626\u064b\u0627 \u0628\u0631\u0642\u0629\u060c \u0645\u0633\u062a\u0648\u062d\u0649 \u0645\u0646 \u0646\u0641\u062d\u0627\u062a \u0627\u0644\u0645\u0646\u062b\u0648\u0644 \u0627\u0644\u0622\u0633\u064a\u0648\u064a\u0629. \u064a\u062d\u0648\u0651\u0644 \u0645\u0639\u0637\u0631 \u062c\u0648 \u0627\u0644\u0633\u064a\u0627\u0631\u0629 \u0647\u0630\u0627 \u0633\u064a\u0627\u0631\u062a\u0643 \u0639\u0644\u0649 \u0627\u0644\u0641\u0648\u0631 \u0625\u0644\u0649 \u0645\u0633\u0627\u062d\u0629 \u0646\u0638\u064a\u0641\u0629 \u0648\u0645\u0646\u0639\u0634\u0629 \u0648\u0645\u0631\u064a\u062d\u0629. \u0635\u064f\u0645\u0645 \u0647\u0630\u0627 \u0627\u0644\u0645\u0639\u0637\u0631 \u062e\u0635\u064a\u0635\u064b\u0627 \u0644\u0644\u0633\u0627\u0626\u0642\u064a\u0646 \u0627\u0644\u0630\u064a\u0646 \u064a\u0628\u062d\u062b\u0648\u0646 \u0639\u0646 \u0631\u0627\u0626\u062d\u0629 \u0645\u0646\u0639\u0634\u0629 \u0648\u0647\u0627\u062f\u0626\u0629\u060c \u0644\u064a\u0645\u0646\u062d\u0647\u0645 \u0634\u0639\u0648\u0631\u064b\u0627 \u062f\u0627\u0626\u0645\u064b\u0627 \u0628\u0627\u0644\u0631\u0627\u062d\u0629 \u0648\u0627\u0644\u0646\u0638\u0627\u0641\u0629 \u0641\u064a \u0643\u0644 \u0631\u062d\u0644\u0629. \u064a\u062a\u0645\u064a\u0632 \u0628\u0631\u0627\u0626\u062d\u0629 \u0645\u0646\u062b\u0648\u0644 \u0645\u062a\u0648\u0627\u0632\u0646\u0629\u060c \u0648\u064a\u0642\u062f\u0645: \u0646\u0641\u062d\u0627\u062a \u0645\u0646 \u0627\u0644\u0646\u0639\u0646\u0627\u0639 \u0627\u0644\u062d\u0644\u0648 \u0648\u0627\u0644\u0645\u0646\u0639\u0634\u060c \u0648\u0634\u0639\u0648\u0631\u064b\u0627 \u0641\u0648\u0631\u064a\u064b\u0627 \u0628\u0627\u0644\u0646\u0638\u0627\u0641\u0629\u060c \u0648\u0627\u0646\u062a\u0639\u0627\u0634\u064b\u0627 \u062e\u0641\u064a\u0641\u064b\u0627 \u0648\u0644\u0637\u064a\u0641\u064b\u0627\u060c \u0648\u0623\u062c\u0648\u0627\u0621\u064b \u0647\u0627\u062f\u0626\u0629 \u0648\u0645\u062a\u0646\u0627\u063a\u0645\u0629. \u0645\u062b\u0627\u0644\u064a \u0644\u0645\u0646 \u064a\u0641\u0636\u0644\u0648\u0646 \u0627\u0646\u062a\u0639\u0627\u0634\u064b\u0627 \u063a\u064a\u0631 \u0642\u0648\u064a \u0648\u0641\u0639\u0627\u0644<\/p>\n<p><iframe loading=\"lazy\" title=\"\u0633\u064a\u0644\u0627\" width=\"500\" height=\"281\" src=\"https:\/\/www.youtube.com\/embed\/6DPu7q3J3ls?feature=oembed\" frameborder=\"0\" allow=\"accelerometer; autoplay; clipboard-write; encrypted-media; gyroscope; picture-in-picture; web-share\" referrerpolicy=\"strict-origin-when-cross-origin\" allowfullscreen><\/iframe><\/p>","protected":false},"excerpt":{"rendered":"<h1 style=\"text-align: center;\">\u0639\u0637\u0631 \u0627\u0644\u0633\u064a\u0627\u0631\u0627\u062a \u0646\u0639\u0646\u0627\u0639<\/h1>\n<p><span style=\"color: #333333; font-size: 16px;\"><strong>Parfum voiture MENTHE<\/strong>, X COLOR SERIES-OREGON Qualit\u00e9 Premium, douceur Asiatique et chaleureuse. <\/span>diffuse une fra\u00eecheur douce, \u00e9quilibr\u00e9e et l\u00e9g\u00e8rement apaisante inspir\u00e9e des notes menthol\u00e9es asiatiques. Ce d\u00e9sodorisant auto transforme instantan\u00e9ment votre habitacle en un espace propre, frais et agr\u00e9able.<\/p>","protected":false},"featured_media":38313,"comment_status":"open","ping_status":"closed","template":"","meta":[],"product_brand":[293],"product_cat":[921],"product_tag":[],"class_list":{"0":"post-33753","1":"product","2":"type-product","3":"status-publish","4":"has-post-thumbnail","6":"product_brand-sella","7":"product_cat-x-color","9":"first","10":"instock","11":"taxable","12":"shipping-taxable","13":"purchasable","14":"product-type-simple"},"yoast_head":"<!-- This site is optimized with the Yoast SEO plugin v27.4 - https:\/\/yoast.com\/product\/yoast-seo-wordpress\/ -->\n<title>Parfum voiture MENTHE - Boutique &quot;V6&quot;<\/title>\n<meta name=\"description\" content=\"Parfum voiture Menthe, X Color Series : frais et apaisant \u00e0 la menthe douce, longue dur\u00e9e, pour un habitacle propre et agr\u00e9ablement parfum\u00e9.\" \/>\n<meta name=\"robots\" content=\"index, follow, max-snippet:-1, max-image-preview:large, max-video-preview:-1\" \/>\n<link rel=\"canonical\" href=\"https:\/\/sella-industrie.com\/ar\/product\/parfum-voiture-menthe-x-color-series-\u0639\u0637\u0631-\u0627\u0644\u0633\u064a\u0627\u0631\u0627\u062a-\u0646\u0639\u0646\u0627\u0639\/\" \/>\n<meta property=\"og:locale\" content=\"ar_AR\" \/>\n<meta property=\"og:type\" content=\"article\" \/>\n<meta property=\"og:title\" content=\"Parfum voiture MENTHE - Boutique &quot;V6&quot;\" \/>\n<meta property=\"og:description\" content=\"Parfum voiture Menthe, X Color Series : frais et apaisant \u00e0 la menthe douce, longue dur\u00e9e, pour un habitacle propre et agr\u00e9ablement parfum\u00e9.\" \/>\n<meta property=\"og:url\" content=\"https:\/\/sella-industrie.com\/ar\/product\/parfum-voiture-menthe-x-color-series-\u0639\u0637\u0631-\u0627\u0644\u0633\u064a\u0627\u0631\u0627\u062a-\u0646\u0639\u0646\u0627\u0639\/\" \/>\n<meta property=\"og:site_name\" content=\"Boutique &quot;V6&quot;\" \/>\n<meta property=\"article:modified_time\" content=\"2026-04-15T11:32:43+00:00\" \/>\n<meta property=\"og:image\" content=\"https:\/\/sella-industrie.com\/wp-content\/uploads\/2025\/06\/MENTHE-SCL-.webp\" \/>\n\t<meta property=\"og:image:width\" content=\"1000\" \/>\n\t<meta property=\"og:image:height\" content=\"1000\" \/>\n\t<meta property=\"og:image:type\" content=\"image\/webp\" \/>\n<meta name=\"twitter:card\" content=\"summary_large_image\" \/>\n<meta name=\"twitter:label1\" content=\"\u0648\u0642\u062a \u0627\u0644\u0642\u0631\u0627\u0621\u0629 \u0627\u0644\u0645\u064f\u0642\u062f\u0651\u0631\" \/>\n\t<meta name=\"twitter:data1\" content=\"\u062f\u0642\u064a\u0642\u062a\u0627\u0646\" \/>\n<script type=\"application\/ld+json\" class=\"yoast-schema-graph\">{\"@context\":\"https:\\\/\\\/schema.org\",\"@graph\":[{\"@type\":\"WebPage\",\"@id\":\"https:\\\/\\\/sella-industrie.com\\\/produit\\\/parfum-voiture-menthe-x-color-series-%d8%b9%d8%b7%d8%b1-%d8%a7%d9%84%d8%b3%d9%8a%d8%a7%d8%b1%d8%a7%d8%aa-%d9%86%d8%b9%d9%86%d8%a7%d8%b9\\\/\",\"url\":\"https:\\\/\\\/sella-industrie.com\\\/produit\\\/parfum-voiture-menthe-x-color-series-%d8%b9%d8%b7%d8%b1-%d8%a7%d9%84%d8%b3%d9%8a%d8%a7%d8%b1%d8%a7%d8%aa-%d9%86%d8%b9%d9%86%d8%a7%d8%b9\\\/\",\"name\":\"Parfum voiture MENTHE - Boutique &quot;V6&quot;\",\"isPartOf\":{\"@id\":\"https:\\\/\\\/sella-industrie.com\\\/#website\"},\"primaryImageOfPage\":{\"@id\":\"https:\\\/\\\/sella-industrie.com\\\/produit\\\/parfum-voiture-menthe-x-color-series-%d8%b9%d8%b7%d8%b1-%d8%a7%d9%84%d8%b3%d9%8a%d8%a7%d8%b1%d8%a7%d8%aa-%d9%86%d8%b9%d9%86%d8%a7%d8%b9\\\/#primaryimage\"},\"image\":{\"@id\":\"https:\\\/\\\/sella-industrie.com\\\/produit\\\/parfum-voiture-menthe-x-color-series-%d8%b9%d8%b7%d8%b1-%d8%a7%d9%84%d8%b3%d9%8a%d8%a7%d8%b1%d8%a7%d8%aa-%d9%86%d8%b9%d9%86%d8%a7%d8%b9\\\/#primaryimage\"},\"thumbnailUrl\":\"https:\\\/\\\/sella-industrie.com\\\/wp-content\\\/uploads\\\/2025\\\/06\\\/MENTHE-SCL-.webp\",\"datePublished\":\"2025-06-24T12:22:18+00:00\",\"dateModified\":\"2026-04-15T11:32:43+00:00\",\"description\":\"Parfum voiture Menthe, X Color Series : frais et apaisant \u00e0 la menthe douce, longue dur\u00e9e, pour un habitacle propre et agr\u00e9ablement parfum\u00e9.\",\"breadcrumb\":{\"@id\":\"https:\\\/\\\/sella-industrie.com\\\/produit\\\/parfum-voiture-menthe-x-color-series-%d8%b9%d8%b7%d8%b1-%d8%a7%d9%84%d8%b3%d9%8a%d8%a7%d8%b1%d8%a7%d8%aa-%d9%86%d8%b9%d9%86%d8%a7%d8%b9\\\/#breadcrumb\"},\"inLanguage\":\"ar\",\"potentialAction\":[{\"@type\":\"ReadAction\",\"target\":[\"https:\\\/\\\/sella-industrie.com\\\/produit\\\/parfum-voiture-menthe-x-color-series-%d8%b9%d8%b7%d8%b1-%d8%a7%d9%84%d8%b3%d9%8a%d8%a7%d8%b1%d8%a7%d8%aa-%d9%86%d8%b9%d9%86%d8%a7%d8%b9\\\/\"]}]},{\"@type\":\"ImageObject\",\"inLanguage\":\"ar\",\"@id\":\"https:\\\/\\\/sella-industrie.com\\\/produit\\\/parfum-voiture-menthe-x-color-series-%d8%b9%d8%b7%d8%b1-%d8%a7%d9%84%d8%b3%d9%8a%d8%a7%d8%b1%d8%a7%d8%aa-%d9%86%d8%b9%d9%86%d8%a7%d8%b9\\\/#primaryimage\",\"url\":\"https:\\\/\\\/sella-industrie.com\\\/wp-content\\\/uploads\\\/2025\\\/06\\\/MENTHE-SCL-.webp\",\"contentUrl\":\"https:\\\/\\\/sella-industrie.com\\\/wp-content\\\/uploads\\\/2025\\\/06\\\/MENTHE-SCL-.webp\",\"width\":1000,\"height\":1000,\"caption\":\"parfum voiture menthe\"},{\"@type\":\"BreadcrumbList\",\"@id\":\"https:\\\/\\\/sella-industrie.com\\\/produit\\\/parfum-voiture-menthe-x-color-series-%d8%b9%d8%b7%d8%b1-%d8%a7%d9%84%d8%b3%d9%8a%d8%a7%d8%b1%d8%a7%d8%aa-%d9%86%d8%b9%d9%86%d8%a7%d8%b9\\\/#breadcrumb\",\"itemListElement\":[{\"@type\":\"ListItem\",\"position\":1,\"name\":\"Accueil\",\"item\":\"https:\\\/\\\/sella-industrie.com\\\/fr_fr\\\/\"},{\"@type\":\"ListItem\",\"position\":2,\"name\":\"Shop\",\"item\":\"https:\\\/\\\/sella-industrie.com\\\/fr_fr\\\/shop\\\/\"},{\"@type\":\"ListItem\",\"position\":3,\"name\":\"X COLOR\",\"item\":\"https:\\\/\\\/sella-industrie.com\\\/categorie-produit\\\/x-color\\\/\"},{\"@type\":\"ListItem\",\"position\":4,\"name\":\"Parfum voiture MENTHE\"}]},{\"@type\":\"WebSite\",\"@id\":\"https:\\\/\\\/sella-industrie.com\\\/#website\",\"url\":\"https:\\\/\\\/sella-industrie.com\\\/\",\"name\":\"Boutique &quot;V6&quot;\",\"description\":\"We care for your car\",\"publisher\":{\"@id\":\"https:\\\/\\\/sella-industrie.com\\\/#organization\"},\"potentialAction\":[{\"@type\":\"SearchAction\",\"target\":{\"@type\":\"EntryPoint\",\"urlTemplate\":\"https:\\\/\\\/sella-industrie.com\\\/?s={search_term_string}\"},\"query-input\":{\"@type\":\"PropertyValueSpecification\",\"valueRequired\":true,\"valueName\":\"search_term_string\"}}],\"inLanguage\":\"ar\"},{\"@type\":\"Organization\",\"@id\":\"https:\\\/\\\/sella-industrie.com\\\/#organization\",\"name\":\"Boutique &quot;V6&quot;\",\"url\":\"https:\\\/\\\/sella-industrie.com\\\/\",\"logo\":{\"@type\":\"ImageObject\",\"inLanguage\":\"ar\",\"@id\":\"https:\\\/\\\/sella-industrie.com\\\/#\\\/schema\\\/logo\\\/image\\\/\",\"url\":\"\",\"contentUrl\":\"\",\"caption\":\"Boutique &quot;V6&quot;\"},\"image\":{\"@id\":\"https:\\\/\\\/sella-industrie.com\\\/#\\\/schema\\\/logo\\\/image\\\/\"}}]}<\/script>\n<!-- \/ Yoast SEO plugin. -->","yoast_head_json":{"title":"Parfum voiture MENTHE - Boutique &quot;V6&quot;","description":"Parfum voiture Menthe, X Color Series : frais et apaisant \u00e0 la menthe douce, longue dur\u00e9e, pour un habitacle propre et agr\u00e9ablement parfum\u00e9.","robots":{"index":"index","follow":"follow","max-snippet":"max-snippet:-1","max-image-preview":"max-image-preview:large","max-video-preview":"max-video-preview:-1"},"canonical":"https:\/\/sella-industrie.com\/ar\/product\/parfum-voiture-menthe-x-color-series-\u0639\u0637\u0631-\u0627\u0644\u0633\u064a\u0627\u0631\u0627\u062a-\u0646\u0639\u0646\u0627\u0639\/","og_locale":"ar_AR","og_type":"article","og_title":"Parfum voiture MENTHE - Boutique &quot;V6&quot;","og_description":"Parfum voiture Menthe, X Color Series : frais et apaisant \u00e0 la menthe douce, longue dur\u00e9e, pour un habitacle propre et agr\u00e9ablement parfum\u00e9.","og_url":"https:\/\/sella-industrie.com\/ar\/product\/parfum-voiture-menthe-x-color-series-\u0639\u0637\u0631-\u0627\u0644\u0633\u064a\u0627\u0631\u0627\u062a-\u0646\u0639\u0646\u0627\u0639\/","og_site_name":"Boutique &quot;V6&quot;","article_modified_time":"2026-04-15T11:32:43+00:00","og_image":[{"width":1000,"height":1000,"url":"https:\/\/sella-industrie.com\/wp-content\/uploads\/2025\/06\/MENTHE-SCL-.webp","type":"image\/webp"}],"twitter_card":"summary_large_image","twitter_misc":{"\u0648\u0642\u062a \u0627\u0644\u0642\u0631\u0627\u0621\u0629 \u0627\u0644\u0645\u064f\u0642\u062f\u0651\u0631":"\u062f\u0642\u064a\u0642\u062a\u0627\u0646"},"schema":{"@context":"https:\/\/schema.org","@graph":[{"@type":"WebPage","@id":"https:\/\/sella-industrie.com\/produit\/parfum-voiture-menthe-x-color-series-%d8%b9%d8%b7%d8%b1-%d8%a7%d9%84%d8%b3%d9%8a%d8%a7%d8%b1%d8%a7%d8%aa-%d9%86%d8%b9%d9%86%d8%a7%d8%b9\/","url":"https:\/\/sella-industrie.com\/produit\/parfum-voiture-menthe-x-color-series-%d8%b9%d8%b7%d8%b1-%d8%a7%d9%84%d8%b3%d9%8a%d8%a7%d8%b1%d8%a7%d8%aa-%d9%86%d8%b9%d9%86%d8%a7%d8%b9\/","name":"Parfum voiture MENTHE - Boutique &quot;V6&quot;","isPartOf":{"@id":"https:\/\/sella-industrie.com\/#website"},"primaryImageOfPage":{"@id":"https:\/\/sella-industrie.com\/produit\/parfum-voiture-menthe-x-color-series-%d8%b9%d8%b7%d8%b1-%d8%a7%d9%84%d8%b3%d9%8a%d8%a7%d8%b1%d8%a7%d8%aa-%d9%86%d8%b9%d9%86%d8%a7%d8%b9\/#primaryimage"},"image":{"@id":"https:\/\/sella-industrie.com\/produit\/parfum-voiture-menthe-x-color-series-%d8%b9%d8%b7%d8%b1-%d8%a7%d9%84%d8%b3%d9%8a%d8%a7%d8%b1%d8%a7%d8%aa-%d9%86%d8%b9%d9%86%d8%a7%d8%b9\/#primaryimage"},"thumbnailUrl":"https:\/\/sella-industrie.com\/wp-content\/uploads\/2025\/06\/MENTHE-SCL-.webp","datePublished":"2025-06-24T12:22:18+00:00","dateModified":"2026-04-15T11:32:43+00:00","description":"Parfum voiture Menthe, X Color Series : frais et apaisant \u00e0 la menthe douce, longue dur\u00e9e, pour un habitacle propre et agr\u00e9ablement parfum\u00e9.","breadcrumb":{"@id":"https:\/\/sella-industrie.com\/produit\/parfum-voiture-menthe-x-color-series-%d8%b9%d8%b7%d8%b1-%d8%a7%d9%84%d8%b3%d9%8a%d8%a7%d8%b1%d8%a7%d8%aa-%d9%86%d8%b9%d9%86%d8%a7%d8%b9\/#breadcrumb"},"inLanguage":"ar","potentialAction":[{"@type":"ReadAction","target":["https:\/\/sella-industrie.com\/produit\/parfum-voiture-menthe-x-color-series-%d8%b9%d8%b7%d8%b1-%d8%a7%d9%84%d8%b3%d9%8a%d8%a7%d8%b1%d8%a7%d8%aa-%d9%86%d8%b9%d9%86%d8%a7%d8%b9\/"]}]},{"@type":"ImageObject","inLanguage":"ar","@id":"https:\/\/sella-industrie.com\/produit\/parfum-voiture-menthe-x-color-series-%d8%b9%d8%b7%d8%b1-%d8%a7%d9%84%d8%b3%d9%8a%d8%a7%d8%b1%d8%a7%d8%aa-%d9%86%d8%b9%d9%86%d8%a7%d8%b9\/#primaryimage","url":"https:\/\/sella-industrie.com\/wp-content\/uploads\/2025\/06\/MENTHE-SCL-.webp","contentUrl":"https:\/\/sella-industrie.com\/wp-content\/uploads\/2025\/06\/MENTHE-SCL-.webp","width":1000,"height":1000,"caption":"parfum voiture menthe"},{"@type":"BreadcrumbList","@id":"https:\/\/sella-industrie.com\/produit\/parfum-voiture-menthe-x-color-series-%d8%b9%d8%b7%d8%b1-%d8%a7%d9%84%d8%b3%d9%8a%d8%a7%d8%b1%d8%a7%d8%aa-%d9%86%d8%b9%d9%86%d8%a7%d8%b9\/#breadcrumb","itemListElement":[{"@type":"ListItem","position":1,"name":"Accueil","item":"https:\/\/sella-industrie.com\/fr_fr\/"},{"@type":"ListItem","position":2,"name":"Shop","item":"https:\/\/sella-industrie.com\/fr_fr\/shop\/"},{"@type":"ListItem","position":3,"name":"X COLOR","item":"https:\/\/sella-industrie.com\/categorie-produit\/x-color\/"},{"@type":"ListItem","position":4,"name":"Parfum voiture MENTHE"}]},{"@type":"WebSite","@id":"https:\/\/sella-industrie.com\/#website","url":"https:\/\/sella-industrie.com\/","name":"Boutique &quot;V6&quot;","description":"We care for your car","publisher":{"@id":"https:\/\/sella-industrie.com\/#organization"},"potentialAction":[{"@type":"SearchAction","target":{"@type":"EntryPoint","urlTemplate":"https:\/\/sella-industrie.com\/?s={search_term_string}"},"query-input":{"@type":"PropertyValueSpecification","valueRequired":true,"valueName":"search_term_string"}}],"inLanguage":"ar"},{"@type":"Organization","@id":"https:\/\/sella-industrie.com\/#organization","name":"Boutique &quot;V6&quot;","url":"https:\/\/sella-industrie.com\/","logo":{"@type":"ImageObject","inLanguage":"ar","@id":"https:\/\/sella-industrie.com\/#\/schema\/logo\/image\/","url":"","contentUrl":"","caption":"Boutique &quot;V6&quot;"},"image":{"@id":"https:\/\/sella-industrie.com\/#\/schema\/logo\/image\/"}}]}},"_links":{"self":[{"href":"https:\/\/sella-industrie.com\/ar\/wp-json\/wp\/v2\/product\/33753","targetHints":{"allow":["GET"]}}],"collection":[{"href":"https:\/\/sella-industrie.com\/ar\/wp-json\/wp\/v2\/product"}],"about":[{"href":"https:\/\/sella-industrie.com\/ar\/wp-json\/wp\/v2\/types\/product"}],"replies":[{"embeddable":true,"href":"https:\/\/sella-industrie.com\/ar\/wp-json\/wp\/v2\/comments?post=33753"}],"wp:featuredmedia":[{"embeddable":true,"href":"https:\/\/sella-industrie.com\/ar\/wp-json\/wp\/v2\/media\/38313"}],"wp:attachment":[{"href":"https:\/\/sella-industrie.com\/ar\/wp-json\/wp\/v2\/media?parent=33753"}],"wp:term":[{"taxonomy":"product_brand","embeddable":true,"href":"https:\/\/sella-industrie.com\/ar\/wp-json\/wp\/v2\/product_brand?post=33753"},{"taxonomy":"product_cat","embeddable":true,"href":"https:\/\/sella-industrie.com\/ar\/wp-json\/wp\/v2\/product_cat?post=33753"},{"taxonomy":"product_tag","embeddable":true,"href":"https:\/\/sella-industrie.com\/ar\/wp-json\/wp\/v2\/product_tag?post=33753"}],"curies":[{"name":"wp","href":"https:\/\/api.w.org\/{rel}","templated":true}]}}