{"id":33730,"date":"2025-06-24T11:01:50","date_gmt":"2025-06-24T11:01:50","guid":{"rendered":"https:\/\/sellaindustrie.com\/?post_type=product&#038;p=33730"},"modified":"2026-04-15T10:37:39","modified_gmt":"2026-04-15T10:37:39","slug":"parfum-voiture-fraise-x-black-series-%d8%b9%d8%b7%d8%b1-%d8%a7%d9%84%d8%b3%d9%8a%d8%a7%d8%b1%d8%a7%d8%aa-%d9%81%d8%b1%d8%a7%d9%88%d9%84%d8%a9","status":"publish","type":"product","link":"https:\/\/sella-industrie.com\/ar\/product\/parfum-voiture-fraise-x-black-series-%d8%b9%d8%b7%d8%b1-%d8%a7%d9%84%d8%b3%d9%8a%d8%a7%d8%b1%d8%a7%d8%aa-%d9%81%d8%b1%d8%a7%d9%88%d9%84%d8%a9\/","title":{"rendered":"Parfum voiture FRAISE"},"content":{"rendered":"<h2 style=\"text-align: center;\">Parfum voiture FRAISE, \u0639\u0637\u0631 \u0627\u0644\u0633\u064a\u0627\u0631\u0627\u062a \u0641\u0631\u0627\u0648\u0644\u0629<\/h2>\n<p style=\"text-align: left;\"><strong>Parfum voiture FRAISE<\/strong>, X BLACK SERIES-OREGON XDROP DELUXE, Une explosion fruit\u00e9 Gourmande. Senteur fruit\u00e9e, gourmande et p\u00e9tillante pour habitacle. X BLACK intense et longue dur\u00e9e, ambiance sucr\u00e9e et fra\u00eeche. Inspir\u00e9 de la fraise sucr\u00e9e et juteuse, il apporte une sensation fra\u00eeche, <a href=\"https:\/\/sella-industrie.com\/ar\/product\/italian-boy-parfum-automobile-luxe-fragrance-ronde\/\">joyeuse<\/a> et addictive \u00e0 chaque trajet. Parfait pour les amateurs de Fragrances automobile fruit\u00e9s et <a href=\"https:\/\/www.facebook.com\/V6accessoiresauto?mibextid=wwXIfr&amp;rdid=07l1PwXhFBuWBfmW&amp;share_url=https%3A%2F%2Fwww.facebook.com%2Fshare%2F169W2vbviz%2F%3Fmibextid%3DwwXIfr#\" target=\"_blank\" rel=\"noopener\">sucr\u00e9s<\/a>. Parfume l\u2019habitacle de fa\u00e7on constante et efficace. Senteur fruit\u00e9e, sucr\u00e9e et intens\u00e9ment gourmande. Inspir\u00e9 de la fraise fra\u00eeche et juteuse, ce d\u00e9sodorisant auto diffuse une fragrance p\u00e9tillante qui transforme imm\u00e9diatement l\u2019ambiance de votre habitacle. Pens\u00e9 pour les amateurs de senteurs gourmandes et dynamiques, ce <strong data-start=\"1138\" data-end=\"1163\">parfum voiture fraise<\/strong> offre une atmosph\u00e8re joyeuse, moderne et irr\u00e9sistiblement fra\u00eeche \u00e0 chaque trajet. Une Signature Olfactive Sucr\u00e9e et Addictive, sa composition parfum\u00e9e d\u00e9livre : n<strong data-start=\"1338\" data-end=\"1375\">otes de fraise sucr\u00e9e et juteuse, f<\/strong><strong data-start=\"1380\" data-end=\"1412\">ra\u00eecheur fruit\u00e9e p\u00e9tillante, a<\/strong><strong data-start=\"1417\" data-end=\"1452\">mbiance joyeuse et \u00e9nergisante, s<\/strong><strong data-start=\"1457\" data-end=\"1493\">ensation gourmande longue dur\u00e9e. <\/strong>Une fragrance id\u00e9ale pour les conducteurs recherchant un parfum auto fruit\u00e9 et moderne.<\/p>\n<p style=\"text-align: right;\"><strong>\u0639\u0637\u0631 \u0627\u0644\u0633\u064a\u0627\u0631\u0627\u062a \u0641\u0631\u0627\u0648\u0644\u0629<\/strong>\u060c \u0645\u0646 \u0633\u0644\u0633\u0644\u0629 \u0625\u0643\u0633 \u0628\u0644\u0627\u0643 \u0623\u0631\u064a\u063a\u0648\u0646 \u0625\u0643\u0633 \u062f\u0631\u0648\u0628\u060c \u0627\u0646\u0641\u062c\u0627\u0631 \u0645\u0646\u0639\u0634 \u0645\u0646 \u0627\u0644\u0641\u0648\u0627\u0643\u0647. \u0631\u0627\u0626\u062d\u0629 \u0641\u0627\u0643\u0647\u064a\u0629 \u0641\u0627\u062e\u0631\u0629 \u0648\u0645\u062a\u0623\u0644\u0642\u0629 \u0644\u062f\u0627\u062e\u0644\u064a\u0629 \u0633\u064a\u0627\u0631\u062a\u0643. \u064a\u062a\u0645\u064a\u0632 \u0628\u0631\u0627\u0626\u062d\u0629 \u0642\u0648\u064a\u0629 \u062a\u062f\u0648\u0645 \u0637\u0648\u064a\u0644\u0627\u064b\u060c \u0644\u064a\u062e\u0644\u0642 \u062c\u0648\u064b\u0627 \u062d\u0644\u0648\u064b\u0627 \u0648\u0645\u0646\u0639\u0634\u064b\u0627. \u0645\u0633\u062a\u0648\u062d\u0649 \u0645\u0646 \u0627\u0644\u0641\u0631\u0627\u0648\u0644\u0629 \u0627\u0644\u062d\u0644\u0648\u0629 \u0648\u0627\u0644\u0639\u0635\u064a\u0631\u0629\u060c \u064a\u0636\u0641\u064a \u0634\u0639\u0648\u0631\u064b\u0627 \u0628\u0627\u0644\u0627\u0646\u062a\u0639\u0627\u0634 \u0648\u0627\u0644\u0628\u0647\u062c\u0629 \u0648\u0627\u0644\u062c\u0627\u0630\u0628\u064a\u0629 \u0639\u0644\u0649 \u0643\u0644 \u0631\u062d\u0644\u0629. \u0645\u062b\u0627\u0644\u064a \u0644\u0645\u062d\u0628\u064a \u0639\u0637\u0648\u0631 \u0627\u0644\u0633\u064a\u0627\u0631\u0627\u062a \u0627\u0644\u0641\u0627\u0643\u0647\u064a\u0629 \u0648\u0627\u0644\u062d\u0644\u0648\u0629. \u064a\u0639\u0637\u0651\u0631 \u062f\u0627\u062e\u0644\u064a\u0629 \u0627\u0644\u0633\u064a\u0627\u0631\u0629 \u0628\u0627\u0633\u062a\u0645\u0631\u0627\u0631 \u0648\u0628\u0641\u0639\u0627\u0644\u064a\u0629. \u0631\u0627\u0626\u062d\u0629 \u0641\u0627\u0643\u0647\u064a\u0629 \u062d\u0644\u0648\u0629 \u0648\u0641\u062e\u0645\u0629 \u0644\u0644\u063a\u0627\u064a\u0629. \u0645\u0633\u062a\u0648\u062d\u0649 \u0645\u0646 \u0627\u0644\u0641\u0631\u0627\u0648\u0644\u0629 \u0627\u0644\u0637\u0627\u0632\u062c\u0629 \u0648\u0627\u0644\u0639\u0635\u064a\u0631\u0629\u060c \u064a\u0646\u0634\u0631 \u0645\u0639\u0637\u0631 \u062c\u0648 \u0627\u0644\u0633\u064a\u0627\u0631\u0629 \u0647\u0630\u0627 \u0631\u0627\u0626\u062d\u0629 \u0645\u062a\u0623\u0644\u0642\u0629 \u062a\u064f\u063a\u064a\u0651\u0631 \u062c\u0648 \u0633\u064a\u0627\u0631\u062a\u0643 \u0639\u0644\u0649 \u0627\u0644\u0641\u0648\u0631. \u0635\u064f\u0645\u0645 \u0644\u0645\u062d\u0628\u064a \u0627\u0644\u0631\u0648\u0627\u0626\u062d \u0627\u0644\u0634\u0647\u064a\u0629 \u0648\u0627\u0644\u062f\u064a\u0646\u0627\u0645\u064a\u0643\u064a\u0629\u060c \u064a\u0648\u0641\u0631 \u0645\u0639\u0637\u0631 \u062c\u0648 \u0627\u0644\u0633\u064a\u0627\u0631\u0629 \u0628\u0631\u0627\u0626\u062d\u0629 \u0627\u0644\u0641\u0631\u0627\u0648\u0644\u0629 \u062c\u0648\u064b\u0627 \u0645\u0628\u0647\u062c\u064b\u0627 \u0648\u0639\u0635\u0631\u064a\u064b\u0627 \u0648\u0645\u0646\u0639\u0634\u064b\u0627 \u0644\u0627 \u064a\u064f\u0642\u0627\u0648\u0645 \u0641\u064a \u0643\u0644 \u0631\u062d\u0644\u0629. \u0639\u0637\u0631\u064c \u0645\u0645\u064a\u0632\u064c \u0628\u0631\u0627\u0626\u062d\u0629\u064d \u0622\u0633\u0631\u0629\u064d \u0648\u062c\u0630\u0627\u0628\u0629\u060c \u064a\u062c\u0645\u0639 \u0628\u064a\u0646 \u0646\u0641\u062d\u0627\u062a \u0627\u0644\u0641\u0631\u0627\u0648\u0644\u0629 \u0627\u0644\u062d\u0644\u0648\u0629 \u0648\u0627\u0644\u0639\u0635\u064a\u0631\u0629\u060c \u0648\u0627\u0646\u062a\u0639\u0627\u0634 \u0627\u0644\u0641\u0648\u0627\u0643\u0647 \u0627\u0644\u0645\u062a\u0644\u0623\u0644\u0626\u0629\u060c \u0648\u062c\u0648\u064d\u0651 \u0645\u0641\u0639\u0645\u064d \u0628\u0627\u0644\u062d\u064a\u0648\u064a\u0629 \u0648\u0627\u0644\u0646\u0634\u0627\u0637\u060c \u0648\u0625\u062d\u0633\u0627\u0633\u064d \u0641\u0627\u062e\u0631\u064d \u064a\u062f\u0648\u0645 \u0637\u0648\u064a\u0644\u0627\u064b. \u0639\u0637\u0631\u064c \u0645\u062b\u0627\u0644\u064a\u064c\u0651 \u0644\u0644\u0633\u0627\u0626\u0642\u064a\u0646 \u0627\u0644\u0628\u0627\u062d\u062b\u064a\u0646 \u0639\u0646 \u0631\u0627\u0626\u062d\u0629\u064d \u0639\u0635\u0631\u064a\u0629\u064d \u0648\u0645\u0646\u0639\u0634\u0629\u064d \u0644\u0644\u0633\u064a\u0627\u0631\u0629<\/p>\n<p><iframe loading=\"lazy\" title=\"\u0633\u064a\u0644\u0627\" width=\"500\" height=\"281\" src=\"https:\/\/www.youtube.com\/embed\/6DPu7q3J3ls?feature=oembed\" frameborder=\"0\" allow=\"accelerometer; autoplay; clipboard-write; encrypted-media; gyroscope; picture-in-picture; web-share\" referrerpolicy=\"strict-origin-when-cross-origin\" allowfullscreen><\/iframe><\/p>\n<div class=\"product-tabs-wrapper\">\n<div class=\"container\">\n<div class=\"row\">\n<div class=\"col-12 poduct-tabs-inner\">\n<div class=\"woocommerce-tabs wc-tabs-wrapper tabs-layout-tabs\" data-state=\"first\" data-layout=\"tabs\">\n<div class=\"wd-accordion-item\">\n<div id=\"tab-description\" class=\"entry-content woocommerce-Tabs-panel woocommerce-Tabs-panel--description wd-active panel wc-tab\" role=\"tabpanel\" aria-labelledby=\"tab-title-description\" data-accordion-index=\"description\">\n<div class=\"wc-tab-inner\"><\/div>\n<\/div>\n<\/div>\n<\/div>\n<\/div>\n<\/div>\n<\/div>\n<\/div>","protected":false},"excerpt":{"rendered":"<h1 style=\"text-align: center;\">\u0639\u0637\u0631 \u0627\u0644\u0633\u064a\u0627\u0631\u0627\u062a \u0641\u0631\u0627\u0648\u0644\u0629<\/h1>\n<p style=\"text-align: left;\"><strong>Parfum voiture FRAISE<\/strong>, X BLACK SERIES-OREGON XDROP DELUXE, Une explosion fruit\u00e9 Gourmande. Senteur fruit\u00e9e, gourmande et p\u00e9tillante pour habitacle. X BLACK intense et longue dur\u00e9e, ambiance sucr\u00e9e et fra\u00eeche. Inspir\u00e9 de la fraise sucr\u00e9e et juteuse, il apporte une sensation fra\u00eeche, <a href=\"https:\/\/sella-industrie.com\/ar\/product\/italian-boy-parfum-automobile-luxe-fragrance-ronde\/\">joyeuse<\/a> et addictive \u00e0 chaque trajet.<\/p>","protected":false},"featured_media":38305,"comment_status":"open","ping_status":"closed","template":"","meta":[],"product_brand":[293],"product_cat":[920],"product_tag":[],"class_list":{"0":"post-33730","1":"product","2":"type-product","3":"status-publish","4":"has-post-thumbnail","6":"product_brand-sella","7":"product_cat-x-black","9":"first","10":"instock","11":"taxable","12":"shipping-taxable","13":"purchasable","14":"product-type-simple"},"yoast_head":"<!-- This site is optimized with the Yoast SEO plugin v27.4 - https:\/\/yoast.com\/product\/yoast-seo-wordpress\/ -->\n<title>Parfum voiture FRAISE - Boutique &quot;V6&quot;<\/title>\n<meta name=\"description\" content=\"Parfum voiture Fraise X Black Series : fruit\u00e9 et gourmand \u00e0 longue tenue, diffusant une fra\u00eecheur sucr\u00e9e et p\u00e9tillante pour un habitacle joyeux et raffin\u00e9.\" \/>\n<meta name=\"robots\" content=\"index, follow, max-snippet:-1, max-image-preview:large, max-video-preview:-1\" \/>\n<link rel=\"canonical\" href=\"https:\/\/sella-industrie.com\/ar\/product\/parfum-voiture-fraise-x-black-series-\u0639\u0637\u0631-\u0627\u0644\u0633\u064a\u0627\u0631\u0627\u062a-\u0641\u0631\u0627\u0648\u0644\u0629\/\" \/>\n<meta property=\"og:locale\" content=\"ar_AR\" \/>\n<meta property=\"og:type\" content=\"article\" \/>\n<meta property=\"og:title\" content=\"Parfum voiture FRAISE - Boutique &quot;V6&quot;\" \/>\n<meta property=\"og:description\" content=\"Parfum voiture Fraise X Black Series : fruit\u00e9 et gourmand \u00e0 longue tenue, diffusant une fra\u00eecheur sucr\u00e9e et p\u00e9tillante pour un habitacle joyeux et raffin\u00e9.\" \/>\n<meta property=\"og:url\" content=\"https:\/\/sella-industrie.com\/ar\/product\/parfum-voiture-fraise-x-black-series-\u0639\u0637\u0631-\u0627\u0644\u0633\u064a\u0627\u0631\u0627\u062a-\u0641\u0631\u0627\u0648\u0644\u0629\/\" \/>\n<meta property=\"og:site_name\" content=\"Boutique &quot;V6&quot;\" \/>\n<meta property=\"article:modified_time\" content=\"2026-04-15T10:37:39+00:00\" \/>\n<meta property=\"og:image\" content=\"https:\/\/sella-industrie.com\/wp-content\/uploads\/2025\/06\/FRAISE-XBK-.webp\" \/>\n\t<meta property=\"og:image:width\" content=\"1000\" \/>\n\t<meta property=\"og:image:height\" content=\"1000\" \/>\n\t<meta property=\"og:image:type\" content=\"image\/webp\" \/>\n<meta name=\"twitter:card\" content=\"summary_large_image\" \/>\n<meta name=\"twitter:label1\" content=\"\u0627\u0644\u0633\u0639\u0631\" \/>\n\t<meta name=\"twitter:data1\" content=\"&#x62f;.&#x62c;&nbsp;300\" \/>\n\t<meta name=\"twitter:label2\" content=\"\u0627\u0644\u062a\u0648\u0641\u0631\" \/>\n\t<meta name=\"twitter:data2\" content=\"\u0645\u062a\u0648\u0641\u0631 \u0641\u064a \u0627\u0644\u0645\u062e\u0632\u0648\u0646\" \/>\n<script type=\"application\/ld+json\" class=\"yoast-schema-graph\">{\"@context\":\"https:\\\/\\\/schema.org\",\"@graph\":[{\"@type\":\"WebPage\",\"@id\":\"https:\\\/\\\/sella-industrie.com\\\/produit\\\/parfum-voiture-fraise-x-black-series-%d8%b9%d8%b7%d8%b1-%d8%a7%d9%84%d8%b3%d9%8a%d8%a7%d8%b1%d8%a7%d8%aa-%d9%81%d8%b1%d8%a7%d9%88%d9%84%d8%a9\\\/\",\"url\":\"https:\\\/\\\/sella-industrie.com\\\/produit\\\/parfum-voiture-fraise-x-black-series-%d8%b9%d8%b7%d8%b1-%d8%a7%d9%84%d8%b3%d9%8a%d8%a7%d8%b1%d8%a7%d8%aa-%d9%81%d8%b1%d8%a7%d9%88%d9%84%d8%a9\\\/\",\"name\":\"Parfum voiture FRAISE - Boutique &quot;V6&quot;\",\"isPartOf\":{\"@id\":\"https:\\\/\\\/sella-industrie.com\\\/#website\"},\"primaryImageOfPage\":{\"@id\":\"https:\\\/\\\/sella-industrie.com\\\/produit\\\/parfum-voiture-fraise-x-black-series-%d8%b9%d8%b7%d8%b1-%d8%a7%d9%84%d8%b3%d9%8a%d8%a7%d8%b1%d8%a7%d8%aa-%d9%81%d8%b1%d8%a7%d9%88%d9%84%d8%a9\\\/#primaryimage\"},\"image\":{\"@id\":\"https:\\\/\\\/sella-industrie.com\\\/produit\\\/parfum-voiture-fraise-x-black-series-%d8%b9%d8%b7%d8%b1-%d8%a7%d9%84%d8%b3%d9%8a%d8%a7%d8%b1%d8%a7%d8%aa-%d9%81%d8%b1%d8%a7%d9%88%d9%84%d8%a9\\\/#primaryimage\"},\"thumbnailUrl\":\"https:\\\/\\\/sella-industrie.com\\\/wp-content\\\/uploads\\\/2025\\\/06\\\/FRAISE-XBK-.webp\",\"datePublished\":\"2025-06-24T11:01:50+00:00\",\"dateModified\":\"2026-04-15T10:37:39+00:00\",\"description\":\"Parfum voiture Fraise X Black Series : fruit\u00e9 et gourmand \u00e0 longue tenue, diffusant une fra\u00eecheur sucr\u00e9e et p\u00e9tillante pour un habitacle joyeux et raffin\u00e9.\",\"breadcrumb\":{\"@id\":\"https:\\\/\\\/sella-industrie.com\\\/produit\\\/parfum-voiture-fraise-x-black-series-%d8%b9%d8%b7%d8%b1-%d8%a7%d9%84%d8%b3%d9%8a%d8%a7%d8%b1%d8%a7%d8%aa-%d9%81%d8%b1%d8%a7%d9%88%d9%84%d8%a9\\\/#breadcrumb\"},\"inLanguage\":\"ar\",\"potentialAction\":[{\"@type\":\"ReadAction\",\"target\":[\"https:\\\/\\\/sella-industrie.com\\\/produit\\\/parfum-voiture-fraise-x-black-series-%d8%b9%d8%b7%d8%b1-%d8%a7%d9%84%d8%b3%d9%8a%d8%a7%d8%b1%d8%a7%d8%aa-%d9%81%d8%b1%d8%a7%d9%88%d9%84%d8%a9\\\/\"]}]},{\"@type\":\"ImageObject\",\"inLanguage\":\"ar\",\"@id\":\"https:\\\/\\\/sella-industrie.com\\\/produit\\\/parfum-voiture-fraise-x-black-series-%d8%b9%d8%b7%d8%b1-%d8%a7%d9%84%d8%b3%d9%8a%d8%a7%d8%b1%d8%a7%d8%aa-%d9%81%d8%b1%d8%a7%d9%88%d9%84%d8%a9\\\/#primaryimage\",\"url\":\"https:\\\/\\\/sella-industrie.com\\\/wp-content\\\/uploads\\\/2025\\\/06\\\/FRAISE-XBK-.webp\",\"contentUrl\":\"https:\\\/\\\/sella-industrie.com\\\/wp-content\\\/uploads\\\/2025\\\/06\\\/FRAISE-XBK-.webp\",\"width\":1000,\"height\":1000,\"caption\":\"parfum voiture fraise\"},{\"@type\":\"BreadcrumbList\",\"@id\":\"https:\\\/\\\/sella-industrie.com\\\/produit\\\/parfum-voiture-fraise-x-black-series-%d8%b9%d8%b7%d8%b1-%d8%a7%d9%84%d8%b3%d9%8a%d8%a7%d8%b1%d8%a7%d8%aa-%d9%81%d8%b1%d8%a7%d9%88%d9%84%d8%a9\\\/#breadcrumb\",\"itemListElement\":[{\"@type\":\"ListItem\",\"position\":1,\"name\":\"Accueil\",\"item\":\"https:\\\/\\\/sella-industrie.com\\\/fr_fr\\\/\"},{\"@type\":\"ListItem\",\"position\":2,\"name\":\"Shop\",\"item\":\"https:\\\/\\\/sella-industrie.com\\\/fr_fr\\\/shop\\\/\"},{\"@type\":\"ListItem\",\"position\":3,\"name\":\"X BLACK\",\"item\":\"https:\\\/\\\/sella-industrie.com\\\/categorie-produit\\\/x-black\\\/\"},{\"@type\":\"ListItem\",\"position\":4,\"name\":\"Parfum voiture FRAISE\"}]},{\"@type\":\"WebSite\",\"@id\":\"https:\\\/\\\/sella-industrie.com\\\/#website\",\"url\":\"https:\\\/\\\/sella-industrie.com\\\/\",\"name\":\"Boutique &quot;V6&quot;\",\"description\":\"We care for your car\",\"publisher\":{\"@id\":\"https:\\\/\\\/sella-industrie.com\\\/#organization\"},\"potentialAction\":[{\"@type\":\"SearchAction\",\"target\":{\"@type\":\"EntryPoint\",\"urlTemplate\":\"https:\\\/\\\/sella-industrie.com\\\/?s={search_term_string}\"},\"query-input\":{\"@type\":\"PropertyValueSpecification\",\"valueRequired\":true,\"valueName\":\"search_term_string\"}}],\"inLanguage\":\"ar\"},{\"@type\":\"Organization\",\"@id\":\"https:\\\/\\\/sella-industrie.com\\\/#organization\",\"name\":\"Boutique &quot;V6&quot;\",\"url\":\"https:\\\/\\\/sella-industrie.com\\\/\",\"logo\":{\"@type\":\"ImageObject\",\"inLanguage\":\"ar\",\"@id\":\"https:\\\/\\\/sella-industrie.com\\\/#\\\/schema\\\/logo\\\/image\\\/\",\"url\":\"\",\"contentUrl\":\"\",\"caption\":\"Boutique &quot;V6&quot;\"},\"image\":{\"@id\":\"https:\\\/\\\/sella-industrie.com\\\/#\\\/schema\\\/logo\\\/image\\\/\"}}]}<\/script>\n<meta property=\"product:price:amount\" content=\"300\" \/>\n<meta property=\"product:price:currency\" content=\"DZD\" \/>\n<meta property=\"og:availability\" content=\"instock\" \/>\n<meta property=\"product:availability\" content=\"instock\" \/>\n<meta property=\"product:condition\" content=\"new\" \/>\n<!-- \/ Yoast SEO plugin. -->","yoast_head_json":{"title":"Parfum voiture FRAISE - Boutique &quot;V6&quot;","description":"Parfum voiture Fraise X Black Series : fruit\u00e9 et gourmand \u00e0 longue tenue, diffusant une fra\u00eecheur sucr\u00e9e et p\u00e9tillante pour un habitacle joyeux et raffin\u00e9.","robots":{"index":"index","follow":"follow","max-snippet":"max-snippet:-1","max-image-preview":"max-image-preview:large","max-video-preview":"max-video-preview:-1"},"canonical":"https:\/\/sella-industrie.com\/ar\/product\/parfum-voiture-fraise-x-black-series-\u0639\u0637\u0631-\u0627\u0644\u0633\u064a\u0627\u0631\u0627\u062a-\u0641\u0631\u0627\u0648\u0644\u0629\/","og_locale":"ar_AR","og_type":"article","og_title":"Parfum voiture FRAISE - Boutique &quot;V6&quot;","og_description":"Parfum voiture Fraise X Black Series : fruit\u00e9 et gourmand \u00e0 longue tenue, diffusant une fra\u00eecheur sucr\u00e9e et p\u00e9tillante pour un habitacle joyeux et raffin\u00e9.","og_url":"https:\/\/sella-industrie.com\/ar\/product\/parfum-voiture-fraise-x-black-series-\u0639\u0637\u0631-\u0627\u0644\u0633\u064a\u0627\u0631\u0627\u062a-\u0641\u0631\u0627\u0648\u0644\u0629\/","og_site_name":"Boutique &quot;V6&quot;","article_modified_time":"2026-04-15T10:37:39+00:00","og_image":[{"width":1000,"height":1000,"url":"https:\/\/sella-industrie.com\/wp-content\/uploads\/2025\/06\/FRAISE-XBK-.webp","type":"image\/webp"}],"twitter_card":"summary_large_image","twitter_misc":{"\u0627\u0644\u0633\u0639\u0631":"&#x62f;.&#x62c;&nbsp;300","\u0627\u0644\u062a\u0648\u0641\u0631":"\u0645\u062a\u0648\u0641\u0631 \u0641\u064a \u0627\u0644\u0645\u062e\u0632\u0648\u0646"},"schema":{"@context":"https:\/\/schema.org","@graph":[{"@type":"WebPage","@id":"https:\/\/sella-industrie.com\/produit\/parfum-voiture-fraise-x-black-series-%d8%b9%d8%b7%d8%b1-%d8%a7%d9%84%d8%b3%d9%8a%d8%a7%d8%b1%d8%a7%d8%aa-%d9%81%d8%b1%d8%a7%d9%88%d9%84%d8%a9\/","url":"https:\/\/sella-industrie.com\/produit\/parfum-voiture-fraise-x-black-series-%d8%b9%d8%b7%d8%b1-%d8%a7%d9%84%d8%b3%d9%8a%d8%a7%d8%b1%d8%a7%d8%aa-%d9%81%d8%b1%d8%a7%d9%88%d9%84%d8%a9\/","name":"Parfum voiture FRAISE - Boutique &quot;V6&quot;","isPartOf":{"@id":"https:\/\/sella-industrie.com\/#website"},"primaryImageOfPage":{"@id":"https:\/\/sella-industrie.com\/produit\/parfum-voiture-fraise-x-black-series-%d8%b9%d8%b7%d8%b1-%d8%a7%d9%84%d8%b3%d9%8a%d8%a7%d8%b1%d8%a7%d8%aa-%d9%81%d8%b1%d8%a7%d9%88%d9%84%d8%a9\/#primaryimage"},"image":{"@id":"https:\/\/sella-industrie.com\/produit\/parfum-voiture-fraise-x-black-series-%d8%b9%d8%b7%d8%b1-%d8%a7%d9%84%d8%b3%d9%8a%d8%a7%d8%b1%d8%a7%d8%aa-%d9%81%d8%b1%d8%a7%d9%88%d9%84%d8%a9\/#primaryimage"},"thumbnailUrl":"https:\/\/sella-industrie.com\/wp-content\/uploads\/2025\/06\/FRAISE-XBK-.webp","datePublished":"2025-06-24T11:01:50+00:00","dateModified":"2026-04-15T10:37:39+00:00","description":"Parfum voiture Fraise X Black Series : fruit\u00e9 et gourmand \u00e0 longue tenue, diffusant une fra\u00eecheur sucr\u00e9e et p\u00e9tillante pour un habitacle joyeux et raffin\u00e9.","breadcrumb":{"@id":"https:\/\/sella-industrie.com\/produit\/parfum-voiture-fraise-x-black-series-%d8%b9%d8%b7%d8%b1-%d8%a7%d9%84%d8%b3%d9%8a%d8%a7%d8%b1%d8%a7%d8%aa-%d9%81%d8%b1%d8%a7%d9%88%d9%84%d8%a9\/#breadcrumb"},"inLanguage":"ar","potentialAction":[{"@type":"ReadAction","target":["https:\/\/sella-industrie.com\/produit\/parfum-voiture-fraise-x-black-series-%d8%b9%d8%b7%d8%b1-%d8%a7%d9%84%d8%b3%d9%8a%d8%a7%d8%b1%d8%a7%d8%aa-%d9%81%d8%b1%d8%a7%d9%88%d9%84%d8%a9\/"]}]},{"@type":"ImageObject","inLanguage":"ar","@id":"https:\/\/sella-industrie.com\/produit\/parfum-voiture-fraise-x-black-series-%d8%b9%d8%b7%d8%b1-%d8%a7%d9%84%d8%b3%d9%8a%d8%a7%d8%b1%d8%a7%d8%aa-%d9%81%d8%b1%d8%a7%d9%88%d9%84%d8%a9\/#primaryimage","url":"https:\/\/sella-industrie.com\/wp-content\/uploads\/2025\/06\/FRAISE-XBK-.webp","contentUrl":"https:\/\/sella-industrie.com\/wp-content\/uploads\/2025\/06\/FRAISE-XBK-.webp","width":1000,"height":1000,"caption":"parfum voiture fraise"},{"@type":"BreadcrumbList","@id":"https:\/\/sella-industrie.com\/produit\/parfum-voiture-fraise-x-black-series-%d8%b9%d8%b7%d8%b1-%d8%a7%d9%84%d8%b3%d9%8a%d8%a7%d8%b1%d8%a7%d8%aa-%d9%81%d8%b1%d8%a7%d9%88%d9%84%d8%a9\/#breadcrumb","itemListElement":[{"@type":"ListItem","position":1,"name":"Accueil","item":"https:\/\/sella-industrie.com\/fr_fr\/"},{"@type":"ListItem","position":2,"name":"Shop","item":"https:\/\/sella-industrie.com\/fr_fr\/shop\/"},{"@type":"ListItem","position":3,"name":"X BLACK","item":"https:\/\/sella-industrie.com\/categorie-produit\/x-black\/"},{"@type":"ListItem","position":4,"name":"Parfum voiture FRAISE"}]},{"@type":"WebSite","@id":"https:\/\/sella-industrie.com\/#website","url":"https:\/\/sella-industrie.com\/","name":"Boutique &quot;V6&quot;","description":"We care for your car","publisher":{"@id":"https:\/\/sella-industrie.com\/#organization"},"potentialAction":[{"@type":"SearchAction","target":{"@type":"EntryPoint","urlTemplate":"https:\/\/sella-industrie.com\/?s={search_term_string}"},"query-input":{"@type":"PropertyValueSpecification","valueRequired":true,"valueName":"search_term_string"}}],"inLanguage":"ar"},{"@type":"Organization","@id":"https:\/\/sella-industrie.com\/#organization","name":"Boutique &quot;V6&quot;","url":"https:\/\/sella-industrie.com\/","logo":{"@type":"ImageObject","inLanguage":"ar","@id":"https:\/\/sella-industrie.com\/#\/schema\/logo\/image\/","url":"","contentUrl":"","caption":"Boutique &quot;V6&quot;"},"image":{"@id":"https:\/\/sella-industrie.com\/#\/schema\/logo\/image\/"}}]},"product_price_amount":"300","product_price_currency":"DZD","og_availability":"instock","product_availability":"instock","product_condition":"new"},"_links":{"self":[{"href":"https:\/\/sella-industrie.com\/ar\/wp-json\/wp\/v2\/product\/33730","targetHints":{"allow":["GET"]}}],"collection":[{"href":"https:\/\/sella-industrie.com\/ar\/wp-json\/wp\/v2\/product"}],"about":[{"href":"https:\/\/sella-industrie.com\/ar\/wp-json\/wp\/v2\/types\/product"}],"replies":[{"embeddable":true,"href":"https:\/\/sella-industrie.com\/ar\/wp-json\/wp\/v2\/comments?post=33730"}],"wp:featuredmedia":[{"embeddable":true,"href":"https:\/\/sella-industrie.com\/ar\/wp-json\/wp\/v2\/media\/38305"}],"wp:attachment":[{"href":"https:\/\/sella-industrie.com\/ar\/wp-json\/wp\/v2\/media?parent=33730"}],"wp:term":[{"taxonomy":"product_brand","embeddable":true,"href":"https:\/\/sella-industrie.com\/ar\/wp-json\/wp\/v2\/product_brand?post=33730"},{"taxonomy":"product_cat","embeddable":true,"href":"https:\/\/sella-industrie.com\/ar\/wp-json\/wp\/v2\/product_cat?post=33730"},{"taxonomy":"product_tag","embeddable":true,"href":"https:\/\/sella-industrie.com\/ar\/wp-json\/wp\/v2\/product_tag?post=33730"}],"curies":[{"name":"wp","href":"https:\/\/api.w.org\/{rel}","templated":true}]}}