{"id":33607,"date":"2025-06-23T10:33:37","date_gmt":"2025-06-23T10:33:37","guid":{"rendered":"https:\/\/sellaindustrie.com\/?post_type=product&#038;p=33607"},"modified":"2026-04-15T11:01:30","modified_gmt":"2026-04-15T11:01:30","slug":"parfum-voiture-voyage-x-black-series-%d8%b9%d8%b7%d8%b1-%d8%a7%d9%84%d8%b3%d9%8a%d8%a7%d8%b1%d8%a7%d8%aa-%d9%81%d9%88%d8%a7%d9%8a%d8%a7%d8%ac","status":"publish","type":"product","link":"https:\/\/sella-industrie.com\/ar\/product\/parfum-voiture-voyage-x-black-series-%d8%b9%d8%b7%d8%b1-%d8%a7%d9%84%d8%b3%d9%8a%d8%a7%d8%b1%d8%a7%d8%aa-%d9%81%d9%88%d8%a7%d9%8a%d8%a7%d8%ac\/","title":{"rendered":"Parfum voiture VOYAGE"},"content":{"rendered":"<h2 style=\"text-align: center;\">Parfum voiture VOYAGE \u0639\u0637\u0631 \u0627\u0644\u0633\u064a\u0627\u0631\u0627\u062a \u0641\u0648\u0627\u064a\u0627\u062c<\/h2>\n<p style=\"text-align: left;\"><strong>Parfum voiture VOYAGE<\/strong>, X BLACK SERIES-OREGON XDROP DELUXE, \u00e9l\u00e9gance intemporelle et raffinement absolu. Con\u00e7u pour les conducteurs exigeants, ce d\u00e9sodorisant auto diffuse une fragrance subtile et sophistiqu\u00e9e qui transforme chaque trajet en une exp\u00e9rience agr\u00e9able et premium. Avec son \u00e9quilibre parfait entre discr\u00e9tion et pr\u00e9sence olfactive, ce parfum voiture voyage apporte une ambiance harmonieuse et luxueuse \u00e0 l\u2019int\u00e9rieur de votre v\u00e9hicule. <a href=\"https:\/\/www.facebook.com\/V6accessoiresauto?mibextid=wwXIfr&amp;rdid=07l1PwXhFBuWBfmW&amp;share_url=https%3A%2F%2Fwww.facebook.com%2Fshare%2F169W2vbviz%2F%3Fmibextid%3DwwXIfr#\" target=\"_blank\" rel=\"noopener\">Une Fragrance \u00c9l\u00e9gante et Harmonieuse<\/a>, sa signature olfactive offre : notes raffin\u00e9es et \u00e9quilibr\u00e9es, sensation de propret\u00e9 et de confort, <a href=\"https:\/\/sella-industrie.com\/ar\/product\/parfum-voiture-fraise-x-black-series-%d8%b9%d8%b7%d8%b1-%d8%a7%d9%84%d8%b3%d9%8a%d8%a7%d8%b1%d8%a7%d8%aa-%d9%81%d8%b1%d8%a7%d9%88%d9%84%d8%a9\/\">ambiance \u00e9l\u00e9gante et moderne<\/a>, fragrance subtile mais persistante. Id\u00e9al pour ceux qui recherchent une senteur automobile discr\u00e8te et haut de gamme.<\/p>\n<p style=\"text-align: right;\"><strong>\u0639\u0637\u0631 \u0627\u0644\u0633\u064a\u0627\u0631\u0627\u062a \u0641\u0648\u0627\u064a\u0627\u062c<\/strong>\u060c \u0645\u0646 \u0633\u0644\u0633\u0644\u0629 \u0625\u0643\u0633 \u0628\u0644\u0627\u0643 \u0623\u0631\u064a\u063a\u0648\u0646 \u0625\u0643\u0633 \u062f\u0631\u0648\u0628\u060c \u0623\u0646\u0627\u0642\u0629 \u062e\u0627\u0644\u062f\u0629 \u0648\u0631\u0642\u064a \u0645\u0637\u0644\u0642. \u0635\u064f\u0645\u0645 \u0647\u0630\u0627 \u0627\u0644\u0645\u0639\u0637\u0631 \u062e\u0635\u064a\u0635\u064b\u0627 \u0644\u0644\u0633\u0627\u0626\u0642\u064a\u0646 \u0627\u0644\u0645\u0645\u064a\u0632\u064a\u0646\u060c \u062d\u064a\u062b \u064a\u0646\u0634\u0631 \u0631\u0627\u0626\u062d\u0629\u064b \u0631\u0642\u064a\u0642\u0629\u064b \u0648\u0631\u0627\u0642\u064a\u0629\u064b \u062a\u064f\u062d\u0648\u0651\u0644 \u0643\u0644 \u0631\u062d\u0644\u0629 \u0625\u0644\u0649 \u062a\u062c\u0631\u0628\u0629 \u0645\u0645\u062a\u0639\u0629 \u0648\u0641\u062e\u0645\u0629. \u0628\u0641\u0636\u0644 \u062a\u0648\u0627\u0632\u0646\u0647 \u0627\u0644\u0645\u062b\u0627\u0644\u064a \u0628\u064a\u0646 \u0627\u0644\u0631\u0642\u0629 \u0648\u0627\u0644\u062d\u0636\u0648\u0631 \u0627\u0644\u0639\u0637\u0631\u064a\u060c \u064a\u064f\u0636\u0641\u064a \u0647\u0630\u0627 \u0627\u0644\u0645\u0639\u0637\u0631 \u0623\u062c\u0648\u0627\u0621\u064b \u0645\u062a\u0646\u0627\u063a\u0645\u0629\u064b \u0648\u0641\u062e\u0645\u0629\u064b \u0639\u0644\u0649 \u0645\u0642\u0635\u0648\u0631\u0629 \u0633\u064a\u0627\u0631\u062a\u0643. \u064a\u062a\u0645\u064a\u0632 \u0628\u0631\u0627\u0626\u062d\u0629 \u0623\u0646\u064a\u0642\u0629 \u0648\u0645\u062a\u0646\u0627\u063a\u0645\u0629\u060c \u062a\u064f\u0642\u062f\u0645 \u0646\u0641\u062d\u0627\u062a \u0631\u0627\u0642\u064a\u0629 \u0648\u0645\u062a\u0648\u0627\u0632\u0646\u0629\u060c \u0648\u0634\u0639\u0648\u0631\u064b\u0627 \u0628\u0627\u0644\u0646\u0638\u0627\u0641\u0629 \u0648\u0627\u0644\u0631\u0627\u062d\u0629\u060c \u0648\u0623\u062c\u0648\u0627\u0621\u064b \u0639\u0635\u0631\u064a\u0629\u064b \u0623\u0646\u064a\u0642\u0629\u060c \u0648\u0631\u0627\u0626\u062d\u0629\u064b \u062e\u0641\u064a\u0641\u0629\u064b \u062a\u062f\u0648\u0645 \u0637\u0648\u064a\u0644\u064b\u0627. \u0645\u062b\u0627\u0644\u064a \u0644\u0645\u0646 \u064a\u0628\u062d\u062b\u0648\u0646 \u0639\u0646 \u0645\u0639\u0637\u0631 \u0633\u064a\u0627\u0631\u0629 \u0641\u0627\u062e\u0631 \u0648\u0647\u0627\u062f\u0626<\/p>\n<p><iframe loading=\"lazy\" title=\"\u0633\u064a\u0644\u0627\" width=\"500\" height=\"281\" src=\"https:\/\/www.youtube.com\/embed\/6DPu7q3J3ls?feature=oembed\" frameborder=\"0\" allow=\"accelerometer; autoplay; clipboard-write; encrypted-media; gyroscope; picture-in-picture; web-share\" referrerpolicy=\"strict-origin-when-cross-origin\" allowfullscreen><\/iframe><\/p>\n<div class=\"product-tabs-wrapper\">\n<div class=\"container\">\n<div class=\"row\">\n<div class=\"col-12 poduct-tabs-inner\">\n<div class=\"woocommerce-tabs wc-tabs-wrapper tabs-layout-tabs\" data-state=\"first\" data-layout=\"tabs\">\n<div class=\"wd-accordion-item\">\n<div id=\"tab-description\" class=\"entry-content woocommerce-Tabs-panel woocommerce-Tabs-panel--description wd-active panel wc-tab\" role=\"tabpanel\" aria-labelledby=\"tab-title-description\" data-accordion-index=\"description\">\n<div class=\"wc-tab-inner\"><\/div>\n<\/div>\n<\/div>\n<\/div>\n<\/div>\n<\/div>\n<\/div>\n<\/div>","protected":false},"excerpt":{"rendered":"<h1 style=\"text-align: center;\">\u0639\u0637\u0631 \u0627\u0644\u0633\u064a\u0627\u0631\u0627\u062a \u0641\u0648\u0627\u064a\u0627\u062c<\/h1>\n<p style=\"text-align: left;\"><strong>Parfum voiture VOYAGE<\/strong>, X BLACK SERIES-OREGON XDROP DELUXE, \u00e9l\u00e9gance intemporelle et raffinement absolu. Con\u00e7u pour les conducteurs exigeants, ce d\u00e9sodorisant auto diffuse une fragrance subtile et sophistiqu\u00e9e qui transforme chaque trajet en une exp\u00e9rience agr\u00e9able et premium.<\/p>","protected":false},"featured_media":38309,"comment_status":"open","ping_status":"closed","template":"","meta":[],"product_brand":[293],"product_cat":[920],"product_tag":[],"class_list":{"0":"post-33607","1":"product","2":"type-product","3":"status-publish","4":"has-post-thumbnail","6":"product_brand-sella","7":"product_cat-x-black","9":"first","10":"instock","11":"taxable","12":"shipping-taxable","13":"purchasable","14":"product-type-simple"},"yoast_head":"<!-- This site is optimized with the Yoast SEO Premium plugin v27.1 (Yoast SEO v27.4) - https:\/\/yoast.com\/product\/yoast-seo-premium-wordpress\/ -->\n<title>Parfum voiture VOYAGE - Boutique &quot;V6&quot;<\/title>\n<meta name=\"description\" content=\"Parfum voiture Voyage X Black Series : \u00e9l\u00e9gant et raffin\u00e9, \u00e0 longue dur\u00e9e, qui diffuse une fragrance intemporelle pour un habitacle premium et agr\u00e9able.\" \/>\n<meta name=\"robots\" content=\"index, follow, max-snippet:-1, max-image-preview:large, max-video-preview:-1\" \/>\n<link rel=\"canonical\" href=\"https:\/\/sella-industrie.com\/ar\/product\/parfum-voiture-voyage-x-black-series-\u0639\u0637\u0631-\u0627\u0644\u0633\u064a\u0627\u0631\u0627\u062a-\u0641\u0648\u0627\u064a\u0627\u062c\/\" \/>\n<meta property=\"og:locale\" content=\"ar_AR\" \/>\n<meta property=\"og:type\" content=\"article\" \/>\n<meta property=\"og:title\" content=\"Parfum voiture VOYAGE\" \/>\n<meta property=\"og:description\" content=\"Parfum voiture Voyage X Black Series : \u00e9l\u00e9gant et raffin\u00e9, \u00e0 longue dur\u00e9e, qui diffuse une fragrance intemporelle pour un habitacle premium et agr\u00e9able.\" \/>\n<meta property=\"og:url\" content=\"https:\/\/sella-industrie.com\/ar\/product\/parfum-voiture-voyage-x-black-series-\u0639\u0637\u0631-\u0627\u0644\u0633\u064a\u0627\u0631\u0627\u062a-\u0641\u0648\u0627\u064a\u0627\u062c\/\" \/>\n<meta property=\"og:site_name\" content=\"Boutique &quot;V6&quot;\" \/>\n<meta property=\"article:modified_time\" content=\"2026-04-15T11:01:30+00:00\" \/>\n<meta property=\"og:image\" content=\"https:\/\/sella-industrie.com\/wp-content\/uploads\/2025\/06\/VOYAGE-XBK.webp\" \/>\n\t<meta property=\"og:image:width\" content=\"1000\" \/>\n\t<meta property=\"og:image:height\" content=\"1000\" \/>\n\t<meta property=\"og:image:type\" content=\"image\/webp\" \/>\n<meta name=\"twitter:card\" content=\"summary_large_image\" \/>\n<meta name=\"twitter:label1\" content=\"\u0627\u0644\u0633\u0639\u0631\" \/>\n\t<meta name=\"twitter:data1\" content=\"&#x62f;.&#x62c;&nbsp;300\" \/>\n\t<meta name=\"twitter:label2\" content=\"\u0627\u0644\u062a\u0648\u0641\u0631\" \/>\n\t<meta name=\"twitter:data2\" content=\"\u0645\u062a\u0648\u0641\u0631 \u0641\u064a \u0627\u0644\u0645\u062e\u0632\u0648\u0646\" \/>\n<script type=\"application\/ld+json\" class=\"yoast-schema-graph\">{\"@context\":\"https:\\\/\\\/schema.org\",\"@graph\":[{\"@type\":\"WebPage\",\"@id\":\"https:\\\/\\\/sella-industrie.com\\\/produit\\\/parfum-voiture-voyage-x-black-series-%d8%b9%d8%b7%d8%b1-%d8%a7%d9%84%d8%b3%d9%8a%d8%a7%d8%b1%d8%a7%d8%aa-%d9%81%d9%88%d8%a7%d9%8a%d8%a7%d8%ac\\\/\",\"url\":\"https:\\\/\\\/sella-industrie.com\\\/produit\\\/parfum-voiture-voyage-x-black-series-%d8%b9%d8%b7%d8%b1-%d8%a7%d9%84%d8%b3%d9%8a%d8%a7%d8%b1%d8%a7%d8%aa-%d9%81%d9%88%d8%a7%d9%8a%d8%a7%d8%ac\\\/\",\"name\":\"Parfum voiture VOYAGE - Boutique &quot;V6&quot;\",\"isPartOf\":{\"@id\":\"https:\\\/\\\/sella-industrie.com\\\/#website\"},\"primaryImageOfPage\":{\"@id\":\"https:\\\/\\\/sella-industrie.com\\\/produit\\\/parfum-voiture-voyage-x-black-series-%d8%b9%d8%b7%d8%b1-%d8%a7%d9%84%d8%b3%d9%8a%d8%a7%d8%b1%d8%a7%d8%aa-%d9%81%d9%88%d8%a7%d9%8a%d8%a7%d8%ac\\\/#primaryimage\"},\"image\":{\"@id\":\"https:\\\/\\\/sella-industrie.com\\\/produit\\\/parfum-voiture-voyage-x-black-series-%d8%b9%d8%b7%d8%b1-%d8%a7%d9%84%d8%b3%d9%8a%d8%a7%d8%b1%d8%a7%d8%aa-%d9%81%d9%88%d8%a7%d9%8a%d8%a7%d8%ac\\\/#primaryimage\"},\"thumbnailUrl\":\"https:\\\/\\\/sella-industrie.com\\\/wp-content\\\/uploads\\\/2025\\\/06\\\/VOYAGE-XBK.webp\",\"datePublished\":\"2025-06-23T10:33:37+00:00\",\"dateModified\":\"2026-04-15T11:01:30+00:00\",\"description\":\"Parfum voiture Voyage X Black Series : \u00e9l\u00e9gant et raffin\u00e9, \u00e0 longue dur\u00e9e, qui diffuse une fragrance intemporelle pour un habitacle premium et agr\u00e9able.\",\"breadcrumb\":{\"@id\":\"https:\\\/\\\/sella-industrie.com\\\/produit\\\/parfum-voiture-voyage-x-black-series-%d8%b9%d8%b7%d8%b1-%d8%a7%d9%84%d8%b3%d9%8a%d8%a7%d8%b1%d8%a7%d8%aa-%d9%81%d9%88%d8%a7%d9%8a%d8%a7%d8%ac\\\/#breadcrumb\"},\"inLanguage\":\"ar\",\"potentialAction\":[{\"@type\":\"ReadAction\",\"target\":[\"https:\\\/\\\/sella-industrie.com\\\/produit\\\/parfum-voiture-voyage-x-black-series-%d8%b9%d8%b7%d8%b1-%d8%a7%d9%84%d8%b3%d9%8a%d8%a7%d8%b1%d8%a7%d8%aa-%d9%81%d9%88%d8%a7%d9%8a%d8%a7%d8%ac\\\/\"]}]},{\"@type\":\"ImageObject\",\"inLanguage\":\"ar\",\"@id\":\"https:\\\/\\\/sella-industrie.com\\\/produit\\\/parfum-voiture-voyage-x-black-series-%d8%b9%d8%b7%d8%b1-%d8%a7%d9%84%d8%b3%d9%8a%d8%a7%d8%b1%d8%a7%d8%aa-%d9%81%d9%88%d8%a7%d9%8a%d8%a7%d8%ac\\\/#primaryimage\",\"url\":\"https:\\\/\\\/sella-industrie.com\\\/wp-content\\\/uploads\\\/2025\\\/06\\\/VOYAGE-XBK.webp\",\"contentUrl\":\"https:\\\/\\\/sella-industrie.com\\\/wp-content\\\/uploads\\\/2025\\\/06\\\/VOYAGE-XBK.webp\",\"width\":1000,\"height\":1000,\"caption\":\"parfum voiture voyage\"},{\"@type\":\"BreadcrumbList\",\"@id\":\"https:\\\/\\\/sella-industrie.com\\\/produit\\\/parfum-voiture-voyage-x-black-series-%d8%b9%d8%b7%d8%b1-%d8%a7%d9%84%d8%b3%d9%8a%d8%a7%d8%b1%d8%a7%d8%aa-%d9%81%d9%88%d8%a7%d9%8a%d8%a7%d8%ac\\\/#breadcrumb\",\"itemListElement\":[{\"@type\":\"ListItem\",\"position\":1,\"name\":\"Accueil\",\"item\":\"https:\\\/\\\/sella-industrie.com\\\/fr_fr\\\/\"},{\"@type\":\"ListItem\",\"position\":2,\"name\":\"Shop\",\"item\":\"https:\\\/\\\/sella-industrie.com\\\/fr_fr\\\/shop\\\/\"},{\"@type\":\"ListItem\",\"position\":3,\"name\":\"X BLACK\",\"item\":\"https:\\\/\\\/sella-industrie.com\\\/categorie-produit\\\/x-black\\\/\"},{\"@type\":\"ListItem\",\"position\":4,\"name\":\"Parfum voiture VOYAGE\"}]},{\"@type\":\"WebSite\",\"@id\":\"https:\\\/\\\/sella-industrie.com\\\/#website\",\"url\":\"https:\\\/\\\/sella-industrie.com\\\/\",\"name\":\"Boutique &quot;V6&quot;\",\"description\":\"We care for your car\",\"publisher\":{\"@id\":\"https:\\\/\\\/sella-industrie.com\\\/#organization\"},\"potentialAction\":[{\"@type\":\"SearchAction\",\"target\":{\"@type\":\"EntryPoint\",\"urlTemplate\":\"https:\\\/\\\/sella-industrie.com\\\/?s={search_term_string}\"},\"query-input\":{\"@type\":\"PropertyValueSpecification\",\"valueRequired\":true,\"valueName\":\"search_term_string\"}}],\"inLanguage\":\"ar\"},{\"@type\":\"Organization\",\"@id\":\"https:\\\/\\\/sella-industrie.com\\\/#organization\",\"name\":\"Boutique &quot;V6&quot;\",\"url\":\"https:\\\/\\\/sella-industrie.com\\\/\",\"logo\":{\"@type\":\"ImageObject\",\"inLanguage\":\"ar\",\"@id\":\"https:\\\/\\\/sella-industrie.com\\\/#\\\/schema\\\/logo\\\/image\\\/\",\"url\":\"\",\"contentUrl\":\"\",\"caption\":\"Boutique &quot;V6&quot;\"},\"image\":{\"@id\":\"https:\\\/\\\/sella-industrie.com\\\/#\\\/schema\\\/logo\\\/image\\\/\"}}]}<\/script>\n<meta property=\"product:price:amount\" content=\"300\" \/>\n<meta property=\"product:price:currency\" content=\"DZD\" \/>\n<meta property=\"og:availability\" content=\"instock\" \/>\n<meta property=\"product:availability\" content=\"instock\" \/>\n<meta property=\"product:condition\" content=\"new\" \/>\n<!-- \/ Yoast SEO Premium plugin. -->","yoast_head_json":{"title":"Parfum voiture VOYAGE - Boutique &quot;V6&quot;","description":"Parfum voiture Voyage X Black Series : \u00e9l\u00e9gant et raffin\u00e9, \u00e0 longue dur\u00e9e, qui diffuse une fragrance intemporelle pour un habitacle premium et agr\u00e9able.","robots":{"index":"index","follow":"follow","max-snippet":"max-snippet:-1","max-image-preview":"max-image-preview:large","max-video-preview":"max-video-preview:-1"},"canonical":"https:\/\/sella-industrie.com\/ar\/product\/parfum-voiture-voyage-x-black-series-\u0639\u0637\u0631-\u0627\u0644\u0633\u064a\u0627\u0631\u0627\u062a-\u0641\u0648\u0627\u064a\u0627\u062c\/","og_locale":"ar_AR","og_type":"article","og_title":"Parfum voiture VOYAGE","og_description":"Parfum voiture Voyage X Black Series : \u00e9l\u00e9gant et raffin\u00e9, \u00e0 longue dur\u00e9e, qui diffuse une fragrance intemporelle pour un habitacle premium et agr\u00e9able.","og_url":"https:\/\/sella-industrie.com\/ar\/product\/parfum-voiture-voyage-x-black-series-\u0639\u0637\u0631-\u0627\u0644\u0633\u064a\u0627\u0631\u0627\u062a-\u0641\u0648\u0627\u064a\u0627\u062c\/","og_site_name":"Boutique &quot;V6&quot;","article_modified_time":"2026-04-15T11:01:30+00:00","og_image":[{"width":1000,"height":1000,"url":"https:\/\/sella-industrie.com\/wp-content\/uploads\/2025\/06\/VOYAGE-XBK.webp","type":"image\/webp"}],"twitter_card":"summary_large_image","twitter_misc":{"\u0627\u0644\u0633\u0639\u0631":"&#x62f;.&#x62c;&nbsp;300","\u0627\u0644\u062a\u0648\u0641\u0631":"\u0645\u062a\u0648\u0641\u0631 \u0641\u064a \u0627\u0644\u0645\u062e\u0632\u0648\u0646"},"schema":{"@context":"https:\/\/schema.org","@graph":[{"@type":"WebPage","@id":"https:\/\/sella-industrie.com\/produit\/parfum-voiture-voyage-x-black-series-%d8%b9%d8%b7%d8%b1-%d8%a7%d9%84%d8%b3%d9%8a%d8%a7%d8%b1%d8%a7%d8%aa-%d9%81%d9%88%d8%a7%d9%8a%d8%a7%d8%ac\/","url":"https:\/\/sella-industrie.com\/produit\/parfum-voiture-voyage-x-black-series-%d8%b9%d8%b7%d8%b1-%d8%a7%d9%84%d8%b3%d9%8a%d8%a7%d8%b1%d8%a7%d8%aa-%d9%81%d9%88%d8%a7%d9%8a%d8%a7%d8%ac\/","name":"Parfum voiture VOYAGE - Boutique &quot;V6&quot;","isPartOf":{"@id":"https:\/\/sella-industrie.com\/#website"},"primaryImageOfPage":{"@id":"https:\/\/sella-industrie.com\/produit\/parfum-voiture-voyage-x-black-series-%d8%b9%d8%b7%d8%b1-%d8%a7%d9%84%d8%b3%d9%8a%d8%a7%d8%b1%d8%a7%d8%aa-%d9%81%d9%88%d8%a7%d9%8a%d8%a7%d8%ac\/#primaryimage"},"image":{"@id":"https:\/\/sella-industrie.com\/produit\/parfum-voiture-voyage-x-black-series-%d8%b9%d8%b7%d8%b1-%d8%a7%d9%84%d8%b3%d9%8a%d8%a7%d8%b1%d8%a7%d8%aa-%d9%81%d9%88%d8%a7%d9%8a%d8%a7%d8%ac\/#primaryimage"},"thumbnailUrl":"https:\/\/sella-industrie.com\/wp-content\/uploads\/2025\/06\/VOYAGE-XBK.webp","datePublished":"2025-06-23T10:33:37+00:00","dateModified":"2026-04-15T11:01:30+00:00","description":"Parfum voiture Voyage X Black Series : \u00e9l\u00e9gant et raffin\u00e9, \u00e0 longue dur\u00e9e, qui diffuse une fragrance intemporelle pour un habitacle premium et agr\u00e9able.","breadcrumb":{"@id":"https:\/\/sella-industrie.com\/produit\/parfum-voiture-voyage-x-black-series-%d8%b9%d8%b7%d8%b1-%d8%a7%d9%84%d8%b3%d9%8a%d8%a7%d8%b1%d8%a7%d8%aa-%d9%81%d9%88%d8%a7%d9%8a%d8%a7%d8%ac\/#breadcrumb"},"inLanguage":"ar","potentialAction":[{"@type":"ReadAction","target":["https:\/\/sella-industrie.com\/produit\/parfum-voiture-voyage-x-black-series-%d8%b9%d8%b7%d8%b1-%d8%a7%d9%84%d8%b3%d9%8a%d8%a7%d8%b1%d8%a7%d8%aa-%d9%81%d9%88%d8%a7%d9%8a%d8%a7%d8%ac\/"]}]},{"@type":"ImageObject","inLanguage":"ar","@id":"https:\/\/sella-industrie.com\/produit\/parfum-voiture-voyage-x-black-series-%d8%b9%d8%b7%d8%b1-%d8%a7%d9%84%d8%b3%d9%8a%d8%a7%d8%b1%d8%a7%d8%aa-%d9%81%d9%88%d8%a7%d9%8a%d8%a7%d8%ac\/#primaryimage","url":"https:\/\/sella-industrie.com\/wp-content\/uploads\/2025\/06\/VOYAGE-XBK.webp","contentUrl":"https:\/\/sella-industrie.com\/wp-content\/uploads\/2025\/06\/VOYAGE-XBK.webp","width":1000,"height":1000,"caption":"parfum voiture voyage"},{"@type":"BreadcrumbList","@id":"https:\/\/sella-industrie.com\/produit\/parfum-voiture-voyage-x-black-series-%d8%b9%d8%b7%d8%b1-%d8%a7%d9%84%d8%b3%d9%8a%d8%a7%d8%b1%d8%a7%d8%aa-%d9%81%d9%88%d8%a7%d9%8a%d8%a7%d8%ac\/#breadcrumb","itemListElement":[{"@type":"ListItem","position":1,"name":"Accueil","item":"https:\/\/sella-industrie.com\/fr_fr\/"},{"@type":"ListItem","position":2,"name":"Shop","item":"https:\/\/sella-industrie.com\/fr_fr\/shop\/"},{"@type":"ListItem","position":3,"name":"X BLACK","item":"https:\/\/sella-industrie.com\/categorie-produit\/x-black\/"},{"@type":"ListItem","position":4,"name":"Parfum voiture VOYAGE"}]},{"@type":"WebSite","@id":"https:\/\/sella-industrie.com\/#website","url":"https:\/\/sella-industrie.com\/","name":"Boutique &quot;V6&quot;","description":"We care for your car","publisher":{"@id":"https:\/\/sella-industrie.com\/#organization"},"potentialAction":[{"@type":"SearchAction","target":{"@type":"EntryPoint","urlTemplate":"https:\/\/sella-industrie.com\/?s={search_term_string}"},"query-input":{"@type":"PropertyValueSpecification","valueRequired":true,"valueName":"search_term_string"}}],"inLanguage":"ar"},{"@type":"Organization","@id":"https:\/\/sella-industrie.com\/#organization","name":"Boutique &quot;V6&quot;","url":"https:\/\/sella-industrie.com\/","logo":{"@type":"ImageObject","inLanguage":"ar","@id":"https:\/\/sella-industrie.com\/#\/schema\/logo\/image\/","url":"","contentUrl":"","caption":"Boutique &quot;V6&quot;"},"image":{"@id":"https:\/\/sella-industrie.com\/#\/schema\/logo\/image\/"}}]},"product_price_amount":"300","product_price_currency":"DZD","og_availability":"instock","product_availability":"instock","product_condition":"new"},"_links":{"self":[{"href":"https:\/\/sella-industrie.com\/ar\/wp-json\/wp\/v2\/product\/33607","targetHints":{"allow":["GET"]}}],"collection":[{"href":"https:\/\/sella-industrie.com\/ar\/wp-json\/wp\/v2\/product"}],"about":[{"href":"https:\/\/sella-industrie.com\/ar\/wp-json\/wp\/v2\/types\/product"}],"replies":[{"embeddable":true,"href":"https:\/\/sella-industrie.com\/ar\/wp-json\/wp\/v2\/comments?post=33607"}],"wp:featuredmedia":[{"embeddable":true,"href":"https:\/\/sella-industrie.com\/ar\/wp-json\/wp\/v2\/media\/38309"}],"wp:attachment":[{"href":"https:\/\/sella-industrie.com\/ar\/wp-json\/wp\/v2\/media?parent=33607"}],"wp:term":[{"taxonomy":"product_brand","embeddable":true,"href":"https:\/\/sella-industrie.com\/ar\/wp-json\/wp\/v2\/product_brand?post=33607"},{"taxonomy":"product_cat","embeddable":true,"href":"https:\/\/sella-industrie.com\/ar\/wp-json\/wp\/v2\/product_cat?post=33607"},{"taxonomy":"product_tag","embeddable":true,"href":"https:\/\/sella-industrie.com\/ar\/wp-json\/wp\/v2\/product_tag?post=33607"}],"curies":[{"name":"wp","href":"https:\/\/api.w.org\/{rel}","templated":true}]}}