{"id":32998,"date":"2025-06-19T10:45:23","date_gmt":"2025-06-19T10:45:23","guid":{"rendered":"https:\/\/sellaindustrie.com\/?post_type=product&#038;p=32998"},"modified":"2025-07-17T13:16:21","modified_gmt":"2025-07-17T13:16:21","slug":"easylux-nettoyant-automobile-v6-500-ml","status":"publish","type":"product","link":"https:\/\/sella-industrie.com\/ar\/product\/easylux-nettoyant-automobile-v6-500-ml\/","title":{"rendered":"Lustrant Carrosserie"},"content":{"rendered":"<h2 style=\"text-align: center;\">Lustrant Carrosserie, \u0645\u0644\u0645\u0639 \u0647\u064a\u0643\u0644 \u0627\u0644\u0633\u064a\u0627\u0631\u0629<\/h2>\n<p><span style=\"color: #666699;\"><strong>&#8211; Lustrant Carrosserie (V6, 500 ml) \u00ab\u00a0EASYLUX\u00a0\u00bb:<\/strong><\/span> Redonne la brillance et l\u2019\u00e9clat a votre carrosserie et \u00e0 toutes les pi\u00e8ces peintes du v\u00e9hicule et m\u00eames les motos sans endommager les parties en plastiques, IL LAISSE UNE FINE COUCHE DE PROTECTION BRILLANTE. EASYLUX peut \u00eatre utilis\u00e9 sur une surface humide.<\/p>\n<p style=\"text-align: right;\">\u00a0.<strong style=\"color: #666699;\">\u0625\u064a\u0632\u064a \u0644\u0648\u0643\u0633\u00a0\u00bb: <\/strong><strong><span style=\"color: #000000;\">\u064a<\/span><\/strong><strong><span style=\"color: #000000;\">\u0639\u064a\u062f \u0627\u0644\u0644\u0645\u0639\u0627\u0646 \u0648\u0627\u0644\u0628\u0631\u064a\u0642 \u0644\u0647\u064a\u0643\u0644 \u0633\u064a\u0627\u0631\u062a\u0643 \u0648\u062c\u0645\u064a\u0639 \u0627\u0644\u0623\u062c\u0632\u0627\u0621 \u0627\u0644\u0645\u0637\u0644\u064a\u0629 \u0645\u0646 \u0627\u0644\u0633\u064a\u0627\u0631\u0629 \u0648\u062d\u062a\u0649 \u0627\u0644\u062f\u0631\u0627\u062c\u0627\u062a \u0627\u0644\u0646\u0627\u0631\u064a\u0629 \u062f\u0648\u0646 \u0625\u062a\u0644\u0627\u0641 \u0627\u0644\u0623\u062c\u0632\u0627\u0621 \u0627\u0644\u0628\u0644\u0627\u0633\u062a\u064a\u0643\u064a\u0629<\/span><\/strong>\u00a0\u00bb <span style=\"color: #666699;\"><strong>(V6, \u0645\u0644\u0645\u0639 \u0647\u064a\u0643\u0644 \u0627\u0644\u0633\u064a\u0627\u0631\u0629 (500 \u0645\u0644<\/strong><\/span><\/p>\n<p><iframe loading=\"lazy\" title=\"V6, 500 Ml\" width=\"500\" height=\"281\" src=\"https:\/\/www.youtube.com\/embed\/amdnrqXcXN0?feature=oembed\" frameborder=\"0\" allow=\"accelerometer; autoplay; clipboard-write; encrypted-media; gyroscope; picture-in-picture; web-share\" referrerpolicy=\"strict-origin-when-cross-origin\" allowfullscreen><\/iframe><\/p>","protected":false},"excerpt":{"rendered":"<h2 style=\"text-align: center;\">\u0645\u0644\u0645\u0639 \u0647\u064a\u0643\u0644 \u0627\u0644\u0633\u064a\u0627\u0631\u0629<\/h2>\n<p><span style=\"color: #666699;\"><strong>&#8211; Lustrant Carrosserie (V6, 500 ml) \u00ab\u00a0EASYLUX\u00a0\u00bb:<\/strong><\/span> Redonne la brillance et l\u2019\u00e9clat a votre carrosserie et \u00e0 toutes les pi\u00e8ces peintes du v\u00e9hicule et m\u00eames les motos sans endommager les parties en plastiques, IL LAISSE UNE FINE COUCHE DE PROTECTION BRILLANTE. EASYLUX peut \u00eatre utilis\u00e9 sur une surface humide.<\/p>\n<p style=\"text-align: right;\">\u00a0.<strong style=\"color: #666699;\">\u0625\u064a\u0632\u064a \u0644\u0648\u0643\u0633\u00a0\u00bb: <\/strong><strong><span style=\"color: #000000;\">\u064a<\/span><\/strong><strong><span style=\"color: #000000;\">\u0639\u064a\u062f \u0627\u0644\u0644\u0645\u0639\u0627\u0646 \u0648\u0627\u0644\u0628\u0631\u064a\u0642 \u0644\u0647\u064a\u0643\u0644 \u0633\u064a\u0627\u0631\u062a\u0643 \u0648\u062c\u0645\u064a\u0639 \u0627\u0644\u0623\u062c\u0632\u0627\u0621 \u0627\u0644\u0645\u0637\u0644\u064a\u0629 \u0645\u0646 \u0627\u0644\u0633\u064a\u0627\u0631\u0629 \u0648\u062d\u062a\u0649 \u0627\u0644\u062f\u0631\u0627\u062c\u0627\u062a \u0627\u0644\u0646\u0627\u0631\u064a\u0629 \u062f\u0648\u0646 \u0625\u062a\u0644\u0627\u0641 \u0627\u0644\u0623\u062c\u0632\u0627\u0621 \u0627\u0644\u0628\u0644\u0627\u0633\u062a\u064a\u0643\u064a\u0629<\/span><\/strong>\u00a0\u00bb <span style=\"color: #666699;\"><strong>(V6, \u0645\u0644\u0645\u0639 \u0647\u064a\u0643\u0644 \u0627\u0644\u0633\u064a\u0627\u0631\u0629 (500 \u0645\u0644<\/strong><\/span><\/p>","protected":false},"featured_media":31543,"comment_status":"open","ping_status":"closed","template":"","meta":[],"product_brand":[293,292],"product_cat":[915],"product_tag":[634,660,649,650,309,903,644,646,886,651,647,639,641],"class_list":{"0":"post-32998","1":"product","2":"type-product","3":"status-publish","4":"has-post-thumbnail","6":"product_brand-sella","7":"product_brand-v6","8":"product_cat-v6-500-ml","9":"product_tag-splash","10":"product_tag-autoshampoo","11":"product_tag-easylux","12":"product_tag-lustreur-express","13":"product_tag-new","14":"product_tag-oxy","15":"product_tag-pronto-gomme","16":"product_tag-rims","17":"product_tag-skay-lux","18":"product_tag-super-foam","19":"product_tag-uniclean","20":"product_tag-x-engine","21":"product_tag-x-leather","23":"first","24":"instock","25":"taxable","26":"shipping-taxable","27":"purchasable","28":"product-type-simple"},"yoast_head":"<!-- This site is optimized with the Yoast SEO plugin v27.4 - https:\/\/yoast.com\/product\/yoast-seo-wordpress\/ -->\n<title>Lustrant Carrosserie - Boutique &quot;V6&quot;<\/title>\n<meta name=\"robots\" content=\"index, follow, max-snippet:-1, max-image-preview:large, max-video-preview:-1\" \/>\n<link rel=\"canonical\" href=\"https:\/\/sella-industrie.com\/ar\/product\/easylux-nettoyant-automobile-v6-500-ml\/\" \/>\n<meta property=\"og:locale\" content=\"ar_AR\" \/>\n<meta property=\"og:type\" content=\"article\" \/>\n<meta property=\"og:title\" content=\"Lustrant Carrosserie - Boutique &quot;V6&quot;\" \/>\n<meta property=\"og:description\" content=\"\u0645\u0644\u0645\u0639 \u0647\u064a\u0643\u0644 \u0627\u0644\u0633\u064a\u0627\u0631\u0629 - Lustrant Carrosserie (V6, 500 ml) &quot;EASYLUX&quot;: Redonne la brillance et l\u2019\u00e9clat a votre carrosserie et \u00e0 toutes les pi\u00e8ces peintes du v\u00e9hicule et m\u00eames les motos sans endommager les parties en plastiques, IL LAISSE UNE FINE COUCHE DE PROTECTION BRILLANTE. EASYLUX peut \u00eatre utilis\u00e9 sur une surface humide. \u00a0.\u0625\u064a\u0632\u064a \u0644\u0648\u0643\u0633&quot;: \u064a\u0639\u064a\u062f \u0627\u0644\u0644\u0645\u0639\u0627\u0646 \u0648\u0627\u0644\u0628\u0631\u064a\u0642 \u0644\u0647\u064a\u0643\u0644 \u0633\u064a\u0627\u0631\u062a\u0643 \u0648\u062c\u0645\u064a\u0639 \u0627\u0644\u0623\u062c\u0632\u0627\u0621 \u0627\u0644\u0645\u0637\u0644\u064a\u0629 \u0645\u0646 \u0627\u0644\u0633\u064a\u0627\u0631\u0629 \u0648\u062d\u062a\u0649 \u0627\u0644\u062f\u0631\u0627\u062c\u0627\u062a \u0627\u0644\u0646\u0627\u0631\u064a\u0629 \u062f\u0648\u0646 \u0625\u062a\u0644\u0627\u0641 \u0627\u0644\u0623\u062c\u0632\u0627\u0621 \u0627\u0644\u0628\u0644\u0627\u0633\u062a\u064a\u0643\u064a\u0629&quot; (V6, \u0645\u0644\u0645\u0639 \u0647\u064a\u0643\u0644 \u0627\u0644\u0633\u064a\u0627\u0631\u0629 (500 \u0645\u0644\" \/>\n<meta property=\"og:url\" content=\"https:\/\/sella-industrie.com\/ar\/product\/easylux-nettoyant-automobile-v6-500-ml\/\" \/>\n<meta property=\"og:site_name\" content=\"Boutique &quot;V6&quot;\" \/>\n<meta property=\"article:modified_time\" content=\"2025-07-17T13:16:21+00:00\" \/>\n<meta property=\"og:image\" content=\"https:\/\/sella-industrie.com\/wp-content\/uploads\/2025\/04\/9-EASYLUX.png\" \/>\n\t<meta property=\"og:image:width\" content=\"1000\" \/>\n\t<meta property=\"og:image:height\" content=\"1000\" \/>\n\t<meta property=\"og:image:type\" content=\"image\/png\" \/>\n<meta name=\"twitter:card\" content=\"summary_large_image\" \/>\n<meta name=\"twitter:label1\" content=\"\u0627\u0644\u0633\u0639\u0631\" \/>\n\t<meta name=\"twitter:data1\" content=\"&#x62f;.&#x62c;&nbsp;650\" \/>\n\t<meta name=\"twitter:label2\" content=\"\u0627\u0644\u062a\u0648\u0641\u0631\" \/>\n\t<meta name=\"twitter:data2\" content=\"\u0645\u062a\u0648\u0641\u0631 \u0641\u064a \u0627\u0644\u0645\u062e\u0632\u0648\u0646\" \/>\n<script type=\"application\/ld+json\" class=\"yoast-schema-graph\">{\"@context\":\"https:\\\/\\\/schema.org\",\"@graph\":[{\"@type\":\"WebPage\",\"@id\":\"https:\\\/\\\/sella-industrie.com\\\/produit\\\/easylux-nettoyant-automobile-v6-500-ml\\\/\",\"url\":\"https:\\\/\\\/sella-industrie.com\\\/produit\\\/easylux-nettoyant-automobile-v6-500-ml\\\/\",\"name\":\"Lustrant Carrosserie - Boutique &quot;V6&quot;\",\"isPartOf\":{\"@id\":\"https:\\\/\\\/sella-industrie.com\\\/#website\"},\"primaryImageOfPage\":{\"@id\":\"https:\\\/\\\/sella-industrie.com\\\/produit\\\/easylux-nettoyant-automobile-v6-500-ml\\\/#primaryimage\"},\"image\":{\"@id\":\"https:\\\/\\\/sella-industrie.com\\\/produit\\\/easylux-nettoyant-automobile-v6-500-ml\\\/#primaryimage\"},\"thumbnailUrl\":\"https:\\\/\\\/sella-industrie.com\\\/wp-content\\\/uploads\\\/2025\\\/04\\\/9-EASYLUX.png\",\"datePublished\":\"2025-06-19T10:45:23+00:00\",\"dateModified\":\"2025-07-17T13:16:21+00:00\",\"breadcrumb\":{\"@id\":\"https:\\\/\\\/sella-industrie.com\\\/produit\\\/easylux-nettoyant-automobile-v6-500-ml\\\/#breadcrumb\"},\"inLanguage\":\"ar\",\"potentialAction\":[{\"@type\":\"ReadAction\",\"target\":[\"https:\\\/\\\/sella-industrie.com\\\/produit\\\/easylux-nettoyant-automobile-v6-500-ml\\\/\"]}]},{\"@type\":\"ImageObject\",\"inLanguage\":\"ar\",\"@id\":\"https:\\\/\\\/sella-industrie.com\\\/produit\\\/easylux-nettoyant-automobile-v6-500-ml\\\/#primaryimage\",\"url\":\"https:\\\/\\\/sella-industrie.com\\\/wp-content\\\/uploads\\\/2025\\\/04\\\/9-EASYLUX.png\",\"contentUrl\":\"https:\\\/\\\/sella-industrie.com\\\/wp-content\\\/uploads\\\/2025\\\/04\\\/9-EASYLUX.png\",\"width\":1000,\"height\":1000,\"caption\":\"Lustrant Carrosserie\"},{\"@type\":\"BreadcrumbList\",\"@id\":\"https:\\\/\\\/sella-industrie.com\\\/produit\\\/easylux-nettoyant-automobile-v6-500-ml\\\/#breadcrumb\",\"itemListElement\":[{\"@type\":\"ListItem\",\"position\":1,\"name\":\"Accueil\",\"item\":\"https:\\\/\\\/sella-industrie.com\\\/fr_fr\\\/\"},{\"@type\":\"ListItem\",\"position\":2,\"name\":\"Shop\",\"item\":\"https:\\\/\\\/sella-industrie.com\\\/fr_fr\\\/shop\\\/\"},{\"@type\":\"ListItem\",\"position\":3,\"name\":\"V6 500 ML\",\"item\":\"https:\\\/\\\/sella-industrie.com\\\/categorie-produit\\\/v6-500-ml\\\/\"},{\"@type\":\"ListItem\",\"position\":4,\"name\":\"Lustrant Carrosserie\"}]},{\"@type\":\"WebSite\",\"@id\":\"https:\\\/\\\/sella-industrie.com\\\/#website\",\"url\":\"https:\\\/\\\/sella-industrie.com\\\/\",\"name\":\"Boutique &quot;V6&quot;\",\"description\":\"We care for your car\",\"publisher\":{\"@id\":\"https:\\\/\\\/sella-industrie.com\\\/#organization\"},\"potentialAction\":[{\"@type\":\"SearchAction\",\"target\":{\"@type\":\"EntryPoint\",\"urlTemplate\":\"https:\\\/\\\/sella-industrie.com\\\/?s={search_term_string}\"},\"query-input\":{\"@type\":\"PropertyValueSpecification\",\"valueRequired\":true,\"valueName\":\"search_term_string\"}}],\"inLanguage\":\"ar\"},{\"@type\":\"Organization\",\"@id\":\"https:\\\/\\\/sella-industrie.com\\\/#organization\",\"name\":\"Boutique &quot;V6&quot;\",\"url\":\"https:\\\/\\\/sella-industrie.com\\\/\",\"logo\":{\"@type\":\"ImageObject\",\"inLanguage\":\"ar\",\"@id\":\"https:\\\/\\\/sella-industrie.com\\\/#\\\/schema\\\/logo\\\/image\\\/\",\"url\":\"\",\"contentUrl\":\"\",\"caption\":\"Boutique &quot;V6&quot;\"},\"image\":{\"@id\":\"https:\\\/\\\/sella-industrie.com\\\/#\\\/schema\\\/logo\\\/image\\\/\"}}]}<\/script>\n<meta property=\"product:price:amount\" content=\"650\" \/>\n<meta property=\"product:price:currency\" content=\"DZD\" \/>\n<meta property=\"og:availability\" content=\"instock\" \/>\n<meta property=\"product:availability\" content=\"instock\" \/>\n<meta property=\"product:condition\" content=\"new\" \/>\n<!-- \/ Yoast SEO plugin. -->","yoast_head_json":{"title":"Lustrant Carrosserie - Boutique &quot;V6&quot;","robots":{"index":"index","follow":"follow","max-snippet":"max-snippet:-1","max-image-preview":"max-image-preview:large","max-video-preview":"max-video-preview:-1"},"canonical":"https:\/\/sella-industrie.com\/ar\/product\/easylux-nettoyant-automobile-v6-500-ml\/","og_locale":"ar_AR","og_type":"article","og_title":"Lustrant Carrosserie - Boutique &quot;V6&quot;","og_description":"\u0645\u0644\u0645\u0639 \u0647\u064a\u0643\u0644 \u0627\u0644\u0633\u064a\u0627\u0631\u0629 - Lustrant Carrosserie (V6, 500 ml) \"EASYLUX\": Redonne la brillance et l\u2019\u00e9clat a votre carrosserie et \u00e0 toutes les pi\u00e8ces peintes du v\u00e9hicule et m\u00eames les motos sans endommager les parties en plastiques, IL LAISSE UNE FINE COUCHE DE PROTECTION BRILLANTE. EASYLUX peut \u00eatre utilis\u00e9 sur une surface humide. \u00a0.\u0625\u064a\u0632\u064a \u0644\u0648\u0643\u0633\": \u064a\u0639\u064a\u062f \u0627\u0644\u0644\u0645\u0639\u0627\u0646 \u0648\u0627\u0644\u0628\u0631\u064a\u0642 \u0644\u0647\u064a\u0643\u0644 \u0633\u064a\u0627\u0631\u062a\u0643 \u0648\u062c\u0645\u064a\u0639 \u0627\u0644\u0623\u062c\u0632\u0627\u0621 \u0627\u0644\u0645\u0637\u0644\u064a\u0629 \u0645\u0646 \u0627\u0644\u0633\u064a\u0627\u0631\u0629 \u0648\u062d\u062a\u0649 \u0627\u0644\u062f\u0631\u0627\u062c\u0627\u062a \u0627\u0644\u0646\u0627\u0631\u064a\u0629 \u062f\u0648\u0646 \u0625\u062a\u0644\u0627\u0641 \u0627\u0644\u0623\u062c\u0632\u0627\u0621 \u0627\u0644\u0628\u0644\u0627\u0633\u062a\u064a\u0643\u064a\u0629\" (V6, \u0645\u0644\u0645\u0639 \u0647\u064a\u0643\u0644 \u0627\u0644\u0633\u064a\u0627\u0631\u0629 (500 \u0645\u0644","og_url":"https:\/\/sella-industrie.com\/ar\/product\/easylux-nettoyant-automobile-v6-500-ml\/","og_site_name":"Boutique &quot;V6&quot;","article_modified_time":"2025-07-17T13:16:21+00:00","og_image":[{"width":1000,"height":1000,"url":"https:\/\/sella-industrie.com\/wp-content\/uploads\/2025\/04\/9-EASYLUX.png","type":"image\/png"}],"twitter_card":"summary_large_image","twitter_misc":{"\u0627\u0644\u0633\u0639\u0631":"&#x62f;.&#x62c;&nbsp;650","\u0627\u0644\u062a\u0648\u0641\u0631":"\u0645\u062a\u0648\u0641\u0631 \u0641\u064a \u0627\u0644\u0645\u062e\u0632\u0648\u0646"},"schema":{"@context":"https:\/\/schema.org","@graph":[{"@type":"WebPage","@id":"https:\/\/sella-industrie.com\/produit\/easylux-nettoyant-automobile-v6-500-ml\/","url":"https:\/\/sella-industrie.com\/produit\/easylux-nettoyant-automobile-v6-500-ml\/","name":"Lustrant Carrosserie - Boutique &quot;V6&quot;","isPartOf":{"@id":"https:\/\/sella-industrie.com\/#website"},"primaryImageOfPage":{"@id":"https:\/\/sella-industrie.com\/produit\/easylux-nettoyant-automobile-v6-500-ml\/#primaryimage"},"image":{"@id":"https:\/\/sella-industrie.com\/produit\/easylux-nettoyant-automobile-v6-500-ml\/#primaryimage"},"thumbnailUrl":"https:\/\/sella-industrie.com\/wp-content\/uploads\/2025\/04\/9-EASYLUX.png","datePublished":"2025-06-19T10:45:23+00:00","dateModified":"2025-07-17T13:16:21+00:00","breadcrumb":{"@id":"https:\/\/sella-industrie.com\/produit\/easylux-nettoyant-automobile-v6-500-ml\/#breadcrumb"},"inLanguage":"ar","potentialAction":[{"@type":"ReadAction","target":["https:\/\/sella-industrie.com\/produit\/easylux-nettoyant-automobile-v6-500-ml\/"]}]},{"@type":"ImageObject","inLanguage":"ar","@id":"https:\/\/sella-industrie.com\/produit\/easylux-nettoyant-automobile-v6-500-ml\/#primaryimage","url":"https:\/\/sella-industrie.com\/wp-content\/uploads\/2025\/04\/9-EASYLUX.png","contentUrl":"https:\/\/sella-industrie.com\/wp-content\/uploads\/2025\/04\/9-EASYLUX.png","width":1000,"height":1000,"caption":"Lustrant Carrosserie"},{"@type":"BreadcrumbList","@id":"https:\/\/sella-industrie.com\/produit\/easylux-nettoyant-automobile-v6-500-ml\/#breadcrumb","itemListElement":[{"@type":"ListItem","position":1,"name":"Accueil","item":"https:\/\/sella-industrie.com\/fr_fr\/"},{"@type":"ListItem","position":2,"name":"Shop","item":"https:\/\/sella-industrie.com\/fr_fr\/shop\/"},{"@type":"ListItem","position":3,"name":"V6 500 ML","item":"https:\/\/sella-industrie.com\/categorie-produit\/v6-500-ml\/"},{"@type":"ListItem","position":4,"name":"Lustrant Carrosserie"}]},{"@type":"WebSite","@id":"https:\/\/sella-industrie.com\/#website","url":"https:\/\/sella-industrie.com\/","name":"Boutique &quot;V6&quot;","description":"We care for your car","publisher":{"@id":"https:\/\/sella-industrie.com\/#organization"},"potentialAction":[{"@type":"SearchAction","target":{"@type":"EntryPoint","urlTemplate":"https:\/\/sella-industrie.com\/?s={search_term_string}"},"query-input":{"@type":"PropertyValueSpecification","valueRequired":true,"valueName":"search_term_string"}}],"inLanguage":"ar"},{"@type":"Organization","@id":"https:\/\/sella-industrie.com\/#organization","name":"Boutique &quot;V6&quot;","url":"https:\/\/sella-industrie.com\/","logo":{"@type":"ImageObject","inLanguage":"ar","@id":"https:\/\/sella-industrie.com\/#\/schema\/logo\/image\/","url":"","contentUrl":"","caption":"Boutique &quot;V6&quot;"},"image":{"@id":"https:\/\/sella-industrie.com\/#\/schema\/logo\/image\/"}}]},"product_price_amount":"650","product_price_currency":"DZD","og_availability":"instock","product_availability":"instock","product_condition":"new"},"_links":{"self":[{"href":"https:\/\/sella-industrie.com\/ar\/wp-json\/wp\/v2\/product\/32998","targetHints":{"allow":["GET"]}}],"collection":[{"href":"https:\/\/sella-industrie.com\/ar\/wp-json\/wp\/v2\/product"}],"about":[{"href":"https:\/\/sella-industrie.com\/ar\/wp-json\/wp\/v2\/types\/product"}],"replies":[{"embeddable":true,"href":"https:\/\/sella-industrie.com\/ar\/wp-json\/wp\/v2\/comments?post=32998"}],"wp:featuredmedia":[{"embeddable":true,"href":"https:\/\/sella-industrie.com\/ar\/wp-json\/wp\/v2\/media\/31543"}],"wp:attachment":[{"href":"https:\/\/sella-industrie.com\/ar\/wp-json\/wp\/v2\/media?parent=32998"}],"wp:term":[{"taxonomy":"product_brand","embeddable":true,"href":"https:\/\/sella-industrie.com\/ar\/wp-json\/wp\/v2\/product_brand?post=32998"},{"taxonomy":"product_cat","embeddable":true,"href":"https:\/\/sella-industrie.com\/ar\/wp-json\/wp\/v2\/product_cat?post=32998"},{"taxonomy":"product_tag","embeddable":true,"href":"https:\/\/sella-industrie.com\/ar\/wp-json\/wp\/v2\/product_tag?post=32998"}],"curies":[{"name":"wp","href":"https:\/\/api.w.org\/{rel}","templated":true}]}}