{"id":30706,"date":"2024-07-15T09:46:04","date_gmt":"2024-07-15T09:46:04","guid":{"rendered":"https:\/\/v6.sellaindustrie.com\/?post_type=product&#038;p=30706"},"modified":"2025-07-17T09:21:26","modified_gmt":"2025-07-17T09:21:26","slug":"remetallisant-moteur","status":"publish","type":"product","link":"https:\/\/sella-industrie.com\/ar\/product\/remetallisant-moteur\/","title":{"rendered":"Rem\u00e9tallisant Moteur"},"content":{"rendered":"<p data-start=\"112\" data-end=\"348\">Prot\u00e9gez et prolongez la vie de votre moteur avec le <span style=\"color: #666699;\"><strong data-start=\"165\" data-end=\"194\">Rem\u00e9tallisant moteur GS27<\/strong>.<\/span> Ce traitement intensif contient des additifs \u00e0 base de m\u00e9taux pr\u00e9cieux qui cr\u00e9ent un film solide sur les pi\u00e8ces m\u00e9talliques soumises \u00e0 la friction. Il :<\/p>\n<p data-start=\"352\" data-end=\"419\">R\u00e9duit l\u2019usure en reconstituant les surfaces micro-desserr\u00e9es<\/p>\n<p data-start=\"422\" data-end=\"497\">Diminue les frictions, limitant la chauffe et am\u00e9liorant l&rsquo;efficacit\u00e9<\/p>\n<p data-start=\"500\" data-end=\"555\">Restaure la Compression et la puissance du moteur<\/p>\n<p data-start=\"558\" data-end=\"615\">S\u2019applique facilement entre deux vidanges, sans d\u00e9montage<\/p>\n<p data-start=\"617\" data-end=\"780\">Compatible avec les moteurs essence, diesel, GPL et hybrides.Le Rem\u00e9tallisant moteur Am\u00e9liore la performance globale et contribue \u00e0 prolonger la dur\u00e9e de vie m\u00e9canique de votre v\u00e9hicule.<\/p>\n<p data-start=\"617\" data-end=\"780\">\u0627\u0644\u0645\u0631\u062c\u0639: AD130700.<\/p>\n<p data-start=\"617\" data-end=\"780\">250 \u0645\u0644 \u2013 \u062a\u0642\u0646\u064a\u0627\u062a GS27.<\/p>\n<p style=\"text-align: right;\">\u0627\u062d\u0645\u0650 \u0645\u062d\u0631\u0643\u0643 \u0648\u0623\u0637\u0644\u0650\u0642 \u0639\u0645\u0631\u0647 \u0627\u0644\u0627\u0641\u062a\u0631\u0627\u0636\u064a \u0645\u0639 <span style=\"color: #666699;\"><strong>\u0645\u064f\u0639\u0627\u062f\u0650 \u062a\u0645\u0639\u062f\u064a\u0646 \u0627\u0644\u0645\u062d\u0631\u0643<\/strong><\/span> . \u064a\u062d\u062a\u0648\u064a \u0647\u0630\u0627 \u0627\u0644\u0645\u064f\u0639\u0627\u0644\u062c \u0627\u0644\u0645\u064f\u0643\u062b\u0651\u0641 \u0639\u0644\u0649 \u0625\u0636\u0627\u0641\u0627\u062a \u0645\u064f\u0635\u0646\u0651\u0639\u0629 \u0645\u0646 \u0627\u0644\u0645\u0639\u0627\u062f\u0646 \u0627\u0644\u062b\u0645\u064a\u0646\u0629 \u062a\u064f\u0634\u0643\u0651\u0644 \u0637\u0628\u0642\u0629\u064b \u0648\u0627\u0642\u064a\u0629\u064b \u0639\u0644\u0649 \u0627\u0644\u0623\u062c\u0632\u0627\u0621 \u0627\u0644\u0645\u0639\u062f\u0646\u064a\u0629 \u0627\u0644\u0645\u064f\u0639\u0631\u0651\u0636\u0629 \u0644\u0644\u0627\u062d\u062a\u0643\u0627\u0643. \u0641\u0647\u0648<\/p>\n<p style=\"text-align: right;\">\u064a\u064f\u0642\u0644\u0651\u0644 \u0627\u0644\u062a\u0622\u0643\u0644 \u0639\u0646 \u0637\u0631\u064a\u0642 \u0625\u0639\u0627\u062f\u0629 \u0628\u0646\u0627\u0621 \u0627\u0644\u0623\u0633\u0637\u062d \u0627\u0644\u0645\u064f\u062a\u0634\u0642\u0651\u0642\u0629 \u0644\u0644\u063a\u0627\u064a\u0629<\/p>\n<p style=\"text-align: right;\">\u064a\u064f\u0642\u0644\u0651\u0644 \u0627\u0644\u0627\u062d\u062a\u0643\u0627\u0643\u060c \u0648\u064a\u064f\u062e\u0641\u0651\u0636 \u0627\u0644\u062d\u0631\u0627\u0631\u0629\u060c \u0648\u064a\u064f\u062d\u0633\u0651\u0646 \u0627\u0644\u0643\u0641\u0627\u0621\u0629<\/p>\n<p style=\"text-align: right;\">\u064a\u064f\u0639\u064a\u062f \u0636\u063a\u0637 \u0627\u0644\u0645\u062d\u0631\u0643 \u0648\u0642\u0648\u062a\u0647<\/p>\n<p style=\"text-align: right;\">\u064a\u064f\u0637\u0628\u0651\u0642 \u0628\u0633\u0647\u0648\u0644\u0629 \u0628\u064a\u0646 \u062a\u063a\u064a\u064a\u0631\u0627\u062a \u0627\u0644\u0632\u064a\u062a\u060c \u062f\u0648\u0646 \u0627\u0644\u062d\u0627\u062c\u0629 \u0625\u0644\u0649 \u0641\u0643\u0651<\/p>\n<p style=\"text-align: right;\">\u0645\u062a\u0648\u0627\u0641\u0642 \u0645\u0639 \u0645\u064f\u062d\u0631\u0651\u0643\u0627\u062a \u0627\u0644\u0628\u0646\u0632\u064a\u0646\u060c \u0648\u0627\u0644\u062f\u064a\u0632\u0644\u060c \u0648\u063a\u0627\u0632 \u0627\u0644\u0628\u062a\u0631\u0648\u0644 \u0627\u0644\u0645\u0633\u0627\u0644\u060c \u0648\u0627\u0644\u0645\u062d\u0631\u0643\u0627\u062a \u0627\u0644\u0647\u062c\u064a\u0646\u0629. \u064a\u064f\u062d\u0633\u0651\u0646 \u0627\u0644\u0623\u062f\u0627\u0621 \u0627\u0644\u0639\u0627\u0645 \u0648\u064a\u064f\u0633\u0627\u0639\u062f \u0639\u0644\u0649 \u0625\u0637\u0627\u0644\u0629 \u0627\u0644\u0639\u0645\u0631 \u0627\u0644\u0645\u064a\u0643\u0627\u0646\u064a\u0643\u064a \u0644\u0633\u064a\u0627\u0631\u062a\u0643<\/p>\n<p style=\"text-align: right;\">","protected":false},"excerpt":{"rendered":"<p><span style=\"color: #666699;\"><strong>Le Rem\u00e9tallisant moteur<\/strong> <\/span>est un additif moteur rem\u00e9tallisant qui : r\u00e9g\u00e9n\u00e8re le film protecteur, r\u00e9duit l\u2019usure et optimise les performances sans d\u00e9montage.<\/p>\n<p style=\"text-align: right;\"><span style=\"color: #666699;\"><strong>\u0645\u064f\u0639\u0627\u062f\u0650 \u062a\u0645\u0639\u062f\u064a\u0646 \u0627\u0644\u0645\u062d\u0631\u0643<\/strong><\/span> \u0647\u0648 \u0645\u0627\u062f\u0629 \u0645\u0636\u0627\u0641\u0629 \u0644\u0625\u0639\u0627\u062f\u0629 \u062a\u062f\u0648\u064a\u0631 \u0627\u0644\u0645\u062d\u0631\u0643 \u062a\u0639\u0645\u0644 \u0639\u0644\u0649: \u062a\u062c\u062f\u064a\u062f \u0627\u0644\u0637\u0628\u0642\u0629 \u0627\u0644\u0648\u0627\u0642\u064a\u0629\u060c \u0648\u062a\u0642\u0644\u064a\u0644 \u0627\u0644\u062a\u0622\u0643\u0644\u060c \u0648\u062a\u062d\u0633\u064a\u0646 \u0627\u0644\u0623\u062f\u0627\u0621 \u062f\u0648\u0646 \u0627\u0644\u062d\u0627\u062c\u0629 \u0625\u0644\u0649 \u0627\u0644\u062a\u0641\u0643\u064a\u0643<\/p>","protected":false},"featured_media":30707,"comment_status":"open","ping_status":"closed","template":"","meta":[],"product_brand":[312],"product_cat":[582],"product_tag":[309,581],"class_list":{"0":"post-30706","1":"product","2":"type-product","3":"status-publish","4":"has-post-thumbnail","6":"product_brand-gs-27","7":"product_cat-produits-dentretien-auto-gs27","8":"product_tag-new","9":"product_tag-remetallisant-moteur","11":"first","12":"instock","13":"taxable","14":"shipping-taxable","15":"purchasable","16":"product-type-simple"},"yoast_head":"<!-- This site is optimized with the Yoast SEO Premium plugin v27.1 (Yoast SEO v27.4) - https:\/\/yoast.com\/product\/yoast-seo-premium-wordpress\/ -->\n<title>Rem\u00e9tallisant Moteur - Boutique &quot;V6&quot;<\/title>\n<meta name=\"robots\" content=\"index, follow, max-snippet:-1, max-image-preview:large, max-video-preview:-1\" \/>\n<link rel=\"canonical\" href=\"https:\/\/sella-industrie.com\/ar\/product\/remetallisant-moteur\/\" \/>\n<meta property=\"og:locale\" content=\"ar_AR\" \/>\n<meta property=\"og:type\" content=\"article\" \/>\n<meta property=\"og:title\" content=\"Rem\u00e9tallisant Moteur\" \/>\n<meta property=\"og:description\" content=\"Le Rem\u00e9tallisant moteur est un additif moteur rem\u00e9tallisant qui : r\u00e9g\u00e9n\u00e8re le film protecteur, r\u00e9duit l\u2019usure et optimise les performances sans d\u00e9montage. \u0645\u064f\u0639\u0627\u062f\u0650 \u062a\u0645\u0639\u062f\u064a\u0646 \u0627\u0644\u0645\u062d\u0631\u0643 \u0647\u0648 \u0645\u0627\u062f\u0629 \u0645\u0636\u0627\u0641\u0629 \u0644\u0625\u0639\u0627\u062f\u0629 \u062a\u062f\u0648\u064a\u0631 \u0627\u0644\u0645\u062d\u0631\u0643 \u062a\u0639\u0645\u0644 \u0639\u0644\u0649: \u062a\u062c\u062f\u064a\u062f \u0627\u0644\u0637\u0628\u0642\u0629 \u0627\u0644\u0648\u0627\u0642\u064a\u0629\u060c \u0648\u062a\u0642\u0644\u064a\u0644 \u0627\u0644\u062a\u0622\u0643\u0644\u060c \u0648\u062a\u062d\u0633\u064a\u0646 \u0627\u0644\u0623\u062f\u0627\u0621 \u062f\u0648\u0646 \u0627\u0644\u062d\u0627\u062c\u0629 \u0625\u0644\u0649 \u0627\u0644\u062a\u0641\u0643\u064a\u0643\" \/>\n<meta property=\"og:url\" content=\"https:\/\/sella-industrie.com\/ar\/product\/remetallisant-moteur\/\" \/>\n<meta property=\"og:site_name\" content=\"Boutique &quot;V6&quot;\" \/>\n<meta property=\"article:publisher\" content=\"https:\/\/www.facebook.com\/V6accessoiresauto?mibextid=wwXIfr&amp;rdid=07l1PwXhFBuWBfmW&amp;share_url=httpswww.facebook.comshare169W2vbvizmibextidwwXIfr#\" \/>\n<meta property=\"article:modified_time\" content=\"2025-07-17T09:21:26+00:00\" \/>\n<meta property=\"og:image\" content=\"https:\/\/sella-industrie.com\/wp-content\/uploads\/2024\/07\/REMETALLISANT-MOTEUR-250ML-GS27-TECHNICS-AD130700-IMG.png\" \/>\n\t<meta property=\"og:image:width\" content=\"1000\" \/>\n\t<meta property=\"og:image:height\" content=\"1000\" \/>\n\t<meta property=\"og:image:type\" content=\"image\/png\" \/>\n<meta name=\"twitter:card\" content=\"summary_large_image\" \/>\n<meta name=\"twitter:label1\" content=\"\u0627\u0644\u0633\u0639\u0631\" \/>\n\t<meta name=\"twitter:data1\" content=\"&#x62f;.&#x62c;&nbsp;2.350\" \/>\n\t<meta name=\"twitter:label2\" content=\"\u0627\u0644\u062a\u0648\u0641\u0631\" \/>\n\t<meta name=\"twitter:data2\" content=\"\u0645\u062a\u0648\u0641\u0631 \u0641\u064a \u0627\u0644\u0645\u062e\u0632\u0648\u0646\" \/>\n<script type=\"application\/ld+json\" class=\"yoast-schema-graph\">{\"@context\":\"https:\\\/\\\/schema.org\",\"@graph\":[{\"@type\":\"WebPage\",\"@id\":\"https:\\\/\\\/sella-industrie.com\\\/produit\\\/remetallisant-moteur\\\/\",\"url\":\"https:\\\/\\\/sella-industrie.com\\\/produit\\\/remetallisant-moteur\\\/\",\"name\":\"Rem\u00e9tallisant Moteur - Boutique &quot;V6&quot;\",\"isPartOf\":{\"@id\":\"https:\\\/\\\/sella-industrie.com\\\/#website\"},\"primaryImageOfPage\":{\"@id\":\"https:\\\/\\\/sella-industrie.com\\\/produit\\\/remetallisant-moteur\\\/#primaryimage\"},\"image\":{\"@id\":\"https:\\\/\\\/sella-industrie.com\\\/produit\\\/remetallisant-moteur\\\/#primaryimage\"},\"thumbnailUrl\":\"https:\\\/\\\/sella-industrie.com\\\/wp-content\\\/uploads\\\/2024\\\/07\\\/REMETALLISANT-MOTEUR-250ML-GS27-TECHNICS-AD130700-IMG.png\",\"datePublished\":\"2024-07-15T09:46:04+00:00\",\"dateModified\":\"2025-07-17T09:21:26+00:00\",\"breadcrumb\":{\"@id\":\"https:\\\/\\\/sella-industrie.com\\\/produit\\\/remetallisant-moteur\\\/#breadcrumb\"},\"inLanguage\":\"ar\",\"potentialAction\":[{\"@type\":\"ReadAction\",\"target\":[\"https:\\\/\\\/sella-industrie.com\\\/produit\\\/remetallisant-moteur\\\/\"]}]},{\"@type\":\"ImageObject\",\"inLanguage\":\"ar\",\"@id\":\"https:\\\/\\\/sella-industrie.com\\\/produit\\\/remetallisant-moteur\\\/#primaryimage\",\"url\":\"https:\\\/\\\/sella-industrie.com\\\/wp-content\\\/uploads\\\/2024\\\/07\\\/REMETALLISANT-MOTEUR-250ML-GS27-TECHNICS-AD130700-IMG.png\",\"contentUrl\":\"https:\\\/\\\/sella-industrie.com\\\/wp-content\\\/uploads\\\/2024\\\/07\\\/REMETALLISANT-MOTEUR-250ML-GS27-TECHNICS-AD130700-IMG.png\",\"width\":1000,\"height\":1000,\"caption\":\"Rem\u00e9tallisant Moteur\"},{\"@type\":\"BreadcrumbList\",\"@id\":\"https:\\\/\\\/sella-industrie.com\\\/produit\\\/remetallisant-moteur\\\/#breadcrumb\",\"itemListElement\":[{\"@type\":\"ListItem\",\"position\":1,\"name\":\"Accueil\",\"item\":\"https:\\\/\\\/sella-industrie.com\\\/fr_fr\\\/\"},{\"@type\":\"ListItem\",\"position\":2,\"name\":\"Shop\",\"item\":\"https:\\\/\\\/sella-industrie.com\\\/fr_fr\\\/shop\\\/\"},{\"@type\":\"ListItem\",\"position\":3,\"name\":\"GS27, Produits d'Entretien Auto\",\"item\":\"https:\\\/\\\/sella-industrie.com\\\/categorie-produit\\\/produits-dentretien-auto-gs27\\\/\"},{\"@type\":\"ListItem\",\"position\":4,\"name\":\"REMETALLISANT MOTEUR\"}]},{\"@type\":\"WebSite\",\"@id\":\"https:\\\/\\\/sella-industrie.com\\\/#website\",\"url\":\"https:\\\/\\\/sella-industrie.com\\\/\",\"name\":\"Boutique \\\"V6\\\"\",\"description\":\"We care for your car\",\"publisher\":{\"@id\":\"https:\\\/\\\/sella-industrie.com\\\/#organization\"},\"potentialAction\":[{\"@type\":\"SearchAction\",\"target\":{\"@type\":\"EntryPoint\",\"urlTemplate\":\"https:\\\/\\\/sella-industrie.com\\\/?s={search_term_string}\"},\"query-input\":{\"@type\":\"PropertyValueSpecification\",\"valueRequired\":true,\"valueName\":\"search_term_string\"}}],\"inLanguage\":\"ar\"},{\"@type\":\"Organization\",\"@id\":\"https:\\\/\\\/sella-industrie.com\\\/#organization\",\"name\":\"Boutique \\\"V6\\\"\",\"url\":\"https:\\\/\\\/sella-industrie.com\\\/\",\"logo\":{\"@type\":\"ImageObject\",\"inLanguage\":\"ar\",\"@id\":\"https:\\\/\\\/sella-industrie.com\\\/#\\\/schema\\\/logo\\\/image\\\/\",\"url\":\"https:\\\/\\\/sella-industrie.com\\\/wp-content\\\/uploads\\\/2024\\\/05\\\/LOGO-V6-PNG-1.png\",\"contentUrl\":\"https:\\\/\\\/sella-industrie.com\\\/wp-content\\\/uploads\\\/2024\\\/05\\\/LOGO-V6-PNG-1.png\",\"width\":797,\"height\":517,\"caption\":\"Boutique \\\"V6\\\"\"},\"image\":{\"@id\":\"https:\\\/\\\/sella-industrie.com\\\/#\\\/schema\\\/logo\\\/image\\\/\"},\"sameAs\":[\"https:\\\/\\\/www.facebook.com\\\/V6accessoiresauto?mibextid=wwXIfr&rdid=07l1PwXhFBuWBfmW&share_url=httpswww.facebook.comshare169W2vbvizmibextidwwXIfr#\",\"https:\\\/\\\/www.tiktok.com\\\/@v6.accessoires.au\",\"https:\\\/\\\/www.instagram.com\\\/v6_accessoires_auto?igsh=aXE2NjUwOG5xNnQz\",\"https:\\\/\\\/www.youtube.com\\\/channel\\\/UCtkk-L1mBLEmRweenaR4s7w\"]}]}<\/script>\n<meta property=\"product:price:amount\" content=\"2350\" \/>\n<meta property=\"product:price:currency\" content=\"DZD\" \/>\n<meta property=\"og:availability\" content=\"instock\" \/>\n<meta property=\"product:availability\" content=\"instock\" \/>\n<meta property=\"product:condition\" content=\"new\" \/>\n<!-- \/ Yoast SEO Premium plugin. -->","yoast_head_json":{"title":"Rem\u00e9tallisant Moteur - Boutique &quot;V6&quot;","robots":{"index":"index","follow":"follow","max-snippet":"max-snippet:-1","max-image-preview":"max-image-preview:large","max-video-preview":"max-video-preview:-1"},"canonical":"https:\/\/sella-industrie.com\/ar\/product\/remetallisant-moteur\/","og_locale":"ar_AR","og_type":"article","og_title":"Rem\u00e9tallisant Moteur","og_description":"Le Rem\u00e9tallisant moteur est un additif moteur rem\u00e9tallisant qui : r\u00e9g\u00e9n\u00e8re le film protecteur, r\u00e9duit l\u2019usure et optimise les performances sans d\u00e9montage. \u0645\u064f\u0639\u0627\u062f\u0650 \u062a\u0645\u0639\u062f\u064a\u0646 \u0627\u0644\u0645\u062d\u0631\u0643 \u0647\u0648 \u0645\u0627\u062f\u0629 \u0645\u0636\u0627\u0641\u0629 \u0644\u0625\u0639\u0627\u062f\u0629 \u062a\u062f\u0648\u064a\u0631 \u0627\u0644\u0645\u062d\u0631\u0643 \u062a\u0639\u0645\u0644 \u0639\u0644\u0649: \u062a\u062c\u062f\u064a\u062f \u0627\u0644\u0637\u0628\u0642\u0629 \u0627\u0644\u0648\u0627\u0642\u064a\u0629\u060c \u0648\u062a\u0642\u0644\u064a\u0644 \u0627\u0644\u062a\u0622\u0643\u0644\u060c \u0648\u062a\u062d\u0633\u064a\u0646 \u0627\u0644\u0623\u062f\u0627\u0621 \u062f\u0648\u0646 \u0627\u0644\u062d\u0627\u062c\u0629 \u0625\u0644\u0649 \u0627\u0644\u062a\u0641\u0643\u064a\u0643","og_url":"https:\/\/sella-industrie.com\/ar\/product\/remetallisant-moteur\/","og_site_name":"Boutique &quot;V6&quot;","article_publisher":"https:\/\/www.facebook.com\/V6accessoiresauto?mibextid=wwXIfr&rdid=07l1PwXhFBuWBfmW&share_url=httpswww.facebook.comshare169W2vbvizmibextidwwXIfr#","article_modified_time":"2025-07-17T09:21:26+00:00","og_image":[{"width":1000,"height":1000,"url":"https:\/\/sella-industrie.com\/wp-content\/uploads\/2024\/07\/REMETALLISANT-MOTEUR-250ML-GS27-TECHNICS-AD130700-IMG.png","type":"image\/png"}],"twitter_card":"summary_large_image","twitter_misc":{"\u0627\u0644\u0633\u0639\u0631":"&#x62f;.&#x62c;&nbsp;2.350","\u0627\u0644\u062a\u0648\u0641\u0631":"\u0645\u062a\u0648\u0641\u0631 \u0641\u064a \u0627\u0644\u0645\u062e\u0632\u0648\u0646"},"schema":{"@context":"https:\/\/schema.org","@graph":[{"@type":"WebPage","@id":"https:\/\/sella-industrie.com\/produit\/remetallisant-moteur\/","url":"https:\/\/sella-industrie.com\/produit\/remetallisant-moteur\/","name":"Rem\u00e9tallisant Moteur - Boutique &quot;V6&quot;","isPartOf":{"@id":"https:\/\/sella-industrie.com\/#website"},"primaryImageOfPage":{"@id":"https:\/\/sella-industrie.com\/produit\/remetallisant-moteur\/#primaryimage"},"image":{"@id":"https:\/\/sella-industrie.com\/produit\/remetallisant-moteur\/#primaryimage"},"thumbnailUrl":"https:\/\/sella-industrie.com\/wp-content\/uploads\/2024\/07\/REMETALLISANT-MOTEUR-250ML-GS27-TECHNICS-AD130700-IMG.png","datePublished":"2024-07-15T09:46:04+00:00","dateModified":"2025-07-17T09:21:26+00:00","breadcrumb":{"@id":"https:\/\/sella-industrie.com\/produit\/remetallisant-moteur\/#breadcrumb"},"inLanguage":"ar","potentialAction":[{"@type":"ReadAction","target":["https:\/\/sella-industrie.com\/produit\/remetallisant-moteur\/"]}]},{"@type":"ImageObject","inLanguage":"ar","@id":"https:\/\/sella-industrie.com\/produit\/remetallisant-moteur\/#primaryimage","url":"https:\/\/sella-industrie.com\/wp-content\/uploads\/2024\/07\/REMETALLISANT-MOTEUR-250ML-GS27-TECHNICS-AD130700-IMG.png","contentUrl":"https:\/\/sella-industrie.com\/wp-content\/uploads\/2024\/07\/REMETALLISANT-MOTEUR-250ML-GS27-TECHNICS-AD130700-IMG.png","width":1000,"height":1000,"caption":"Rem\u00e9tallisant Moteur"},{"@type":"BreadcrumbList","@id":"https:\/\/sella-industrie.com\/produit\/remetallisant-moteur\/#breadcrumb","itemListElement":[{"@type":"ListItem","position":1,"name":"Accueil","item":"https:\/\/sella-industrie.com\/fr_fr\/"},{"@type":"ListItem","position":2,"name":"Shop","item":"https:\/\/sella-industrie.com\/fr_fr\/shop\/"},{"@type":"ListItem","position":3,"name":"GS27, Produits d'Entretien Auto","item":"https:\/\/sella-industrie.com\/categorie-produit\/produits-dentretien-auto-gs27\/"},{"@type":"ListItem","position":4,"name":"REMETALLISANT MOTEUR"}]},{"@type":"WebSite","@id":"https:\/\/sella-industrie.com\/#website","url":"https:\/\/sella-industrie.com\/","name":"Boutique \"V6\"","description":"We care for your car","publisher":{"@id":"https:\/\/sella-industrie.com\/#organization"},"potentialAction":[{"@type":"SearchAction","target":{"@type":"EntryPoint","urlTemplate":"https:\/\/sella-industrie.com\/?s={search_term_string}"},"query-input":{"@type":"PropertyValueSpecification","valueRequired":true,"valueName":"search_term_string"}}],"inLanguage":"ar"},{"@type":"Organization","@id":"https:\/\/sella-industrie.com\/#organization","name":"Boutique \"V6\"","url":"https:\/\/sella-industrie.com\/","logo":{"@type":"ImageObject","inLanguage":"ar","@id":"https:\/\/sella-industrie.com\/#\/schema\/logo\/image\/","url":"https:\/\/sella-industrie.com\/wp-content\/uploads\/2024\/05\/LOGO-V6-PNG-1.png","contentUrl":"https:\/\/sella-industrie.com\/wp-content\/uploads\/2024\/05\/LOGO-V6-PNG-1.png","width":797,"height":517,"caption":"Boutique \"V6\""},"image":{"@id":"https:\/\/sella-industrie.com\/#\/schema\/logo\/image\/"},"sameAs":["https:\/\/www.facebook.com\/V6accessoiresauto?mibextid=wwXIfr&rdid=07l1PwXhFBuWBfmW&share_url=httpswww.facebook.comshare169W2vbvizmibextidwwXIfr#","https:\/\/www.tiktok.com\/@v6.accessoires.au","https:\/\/www.instagram.com\/v6_accessoires_auto?igsh=aXE2NjUwOG5xNnQz","https:\/\/www.youtube.com\/channel\/UCtkk-L1mBLEmRweenaR4s7w"]}]},"product_price_amount":"2350","product_price_currency":"DZD","og_availability":"instock","product_availability":"instock","product_condition":"new"},"_links":{"self":[{"href":"https:\/\/sella-industrie.com\/ar\/wp-json\/wp\/v2\/product\/30706","targetHints":{"allow":["GET"]}}],"collection":[{"href":"https:\/\/sella-industrie.com\/ar\/wp-json\/wp\/v2\/product"}],"about":[{"href":"https:\/\/sella-industrie.com\/ar\/wp-json\/wp\/v2\/types\/product"}],"replies":[{"embeddable":true,"href":"https:\/\/sella-industrie.com\/ar\/wp-json\/wp\/v2\/comments?post=30706"}],"wp:featuredmedia":[{"embeddable":true,"href":"https:\/\/sella-industrie.com\/ar\/wp-json\/wp\/v2\/media\/30707"}],"wp:attachment":[{"href":"https:\/\/sella-industrie.com\/ar\/wp-json\/wp\/v2\/media?parent=30706"}],"wp:term":[{"taxonomy":"product_brand","embeddable":true,"href":"https:\/\/sella-industrie.com\/ar\/wp-json\/wp\/v2\/product_brand?post=30706"},{"taxonomy":"product_cat","embeddable":true,"href":"https:\/\/sella-industrie.com\/ar\/wp-json\/wp\/v2\/product_cat?post=30706"},{"taxonomy":"product_tag","embeddable":true,"href":"https:\/\/sella-industrie.com\/ar\/wp-json\/wp\/v2\/product_tag?post=30706"}],"curies":[{"name":"wp","href":"https:\/\/api.w.org\/{rel}","templated":true}]}}