{"id":30698,"date":"2024-07-15T09:39:00","date_gmt":"2024-07-15T09:39:00","guid":{"rendered":"https:\/\/v6.sellaindustrie.com\/?post_type=product&#038;p=30698"},"modified":"2025-07-27T10:24:01","modified_gmt":"2025-07-27T10:24:01","slug":"protecteur-ceramique","status":"publish","type":"product","link":"https:\/\/sella-industrie.com\/ar\/product\/protecteur-ceramique\/","title":{"rendered":"Protecteur C\u00e9ramique"},"content":{"rendered":"<h1 style=\"text-align: center;\">Protecteur C\u00e9ramique<br \/>\n\u0648\u0627\u0642\u064a \u0627\u0644\u0633\u064a\u0631\u0627\u0645\u064a\u0643<\/h1>\n<p data-start=\"118\" data-end=\"642\">Offrez une protection avanc\u00e9e et durable \u00e0 votre v\u00e9hicule avec le <span style=\"color: #666699;\"><strong data-start=\"184\" data-end=\"213\">Protecteur C\u00e9ramique GS27<\/strong><\/span>. Sa formule \u00e0 base de micro-c\u00e9ramiques cr\u00e9e un bouclier ultra-r\u00e9sistant contre les agressions ext\u00e9rieures\u202f: UV, pluies acides, insectes, sel, et salet\u00e9s routi\u00e8res. Appliqu\u00e9 facilement en spray, il apporte un <span style=\"color: #666699;\"><strong data-start=\"422\" data-end=\"455\">effet hydrophobe longue dur\u00e9e<\/strong><\/span> qui favorise le glissement de l\u2019eau et limite les traces. R\u00e9sultat : une surface brillante, prot\u00e9g\u00e9e et plus facile \u00e0 entretenir, avec un rendu soyeux et une belle profondeur de couleur.<\/p>\n<p data-start=\"644\" data-end=\"662\"><span style=\"color: #666699;\"><strong>Points forts :<\/strong><\/span><\/p>\n<p data-start=\"665\" data-end=\"725\">Protection renforc\u00e9e anti-UV, salissures et contaminations<\/p>\n<p data-start=\"728\" data-end=\"774\">Effet hydrophobe : l\u2019eau perle et glisse<\/p>\n<p data-start=\"777\" data-end=\"822\">Apport d\u2019un brillant intense et durable<\/p>\n<p data-start=\"825\" data-end=\"882\">Application simple et rapide, sans mat\u00e9riel professionnel<\/p>\n<p data-start=\"825\" data-end=\"882\">R\u00e9f\u00e9rence : CL160281<br \/>\n300 \u0645\u0644 \u2013 GS27 \u0643\u0644\u0627\u0633\u064a\u0643.<\/p>\n<p style=\"text-align: right;\">\u0627\u0645\u0646\u062d \u0633\u064a\u0627\u0631\u062a\u0643 \u062d\u0645\u0627\u064a\u0629 \u0645\u062a\u0642\u062f\u0645\u0629 \u0648\u0637\u0648\u064a\u0644\u0629 \u0627\u0644\u0623\u0645\u062f \u0645\u0639 <span style=\"color: #666699;\"><strong>\u0648\u0627\u0642\u064a \u0627\u0644\u0633\u064a\u0631\u0627\u0645\u064a\u0643<\/strong> <\/span>. \u062a\u0631\u0643\u064a\u0628\u062a\u0647 \u0627\u0644\u0645\u0635\u0646\u0648\u0639\u0629 \u0645\u0646 \u0627\u0644\u0633\u064a\u0631\u0627\u0645\u064a\u0643 \u0627\u0644\u062f\u0642\u064a\u0642 \u062a\u064f\u0634\u0643\u0651\u0644 \u0637\u0628\u0642\u0629 \u0641\u0627\u0626\u0642\u0629 \u0627\u0644\u0645\u0642\u0627\u0648\u0645\u0629 \u0636\u062f \u0627\u0644\u0639\u0648\u0627\u0645\u0644 \u0627\u0644\u062e\u0627\u0631\u062c\u064a\u0629 \u0627\u0644\u0636\u0627\u0631\u0629: \u0627\u0644\u0623\u0634\u0639\u0629 \u0641\u0648\u0642 \u0627\u0644\u0628\u0646\u0641\u0633\u062c\u064a\u0629\u060c \u0627\u0644\u0623\u0645\u0637\u0627\u0631 \u0627\u0644\u062d\u0645\u0636\u064a\u0629\u060c \u0627\u0644\u062d\u0634\u0631\u0627\u062a\u060c \u0627\u0644\u0645\u0644\u062d\u060c \u0648\u0623\u0648\u0633\u0627\u062e \u0627\u0644\u0637\u0631\u064a\u0642. \u0633\u0647\u0644 \u0627\u0644\u0627\u0633\u062a\u062e\u062f\u0627\u0645 \u0643\u0628\u062e\u0627\u062e\u060c \u064a\u0648\u0641\u0631 \u062a\u0623\u062b\u064a\u0631\u064b\u0627 \u0643\u0627\u0631\u0647\u064b\u0627 \u0644\u0644\u0645\u0627\u0621 \u064a\u062f\u0648\u0645 \u0637\u0648\u064a\u0644\u064b\u0627\u060c \u064a\u064f\u0639\u0632\u0632 \u0627\u0646\u0632\u0644\u0627\u0642 \u0627\u0644\u0645\u0627\u0621 \u0648\u064a\u064f\u0642\u0644\u0644 \u0645\u0646 \u0638\u0647\u0648\u0631 \u0627\u0644\u062e\u0637\u0648\u0637. \u0627\u0644\u0646\u062a\u064a\u062c\u0629: \u0633\u0637\u062d \u0644\u0627\u0645\u0639 \u0648\u0645\u062d\u0645\u064a\u060c \u0633\u0647\u0644 \u0627\u0644\u0635\u064a\u0627\u0646\u0629\u060c \u0628\u0644\u0645\u0633\u0629 \u0646\u0647\u0627\u0626\u064a\u0629 \u062d\u0631\u064a\u0631\u064a\u0629 \u0648\u0639\u0645\u0642 \u0644\u0648\u0646\u064a \u0631\u0627\u0626\u0639.<\/p>\n<p style=\"text-align: right;\">:\u0627\u0644\u0645\u064a\u0632\u0627\u062a \u0627\u0644\u0631\u0626\u064a\u0633\u064a\u0629<\/p>\n<p style=\"text-align: right;\">\u062d\u0645\u0627\u064a\u0629 \u0645\u064f\u0639\u0632\u0632\u0629 \u0645\u0646 \u0627\u0644\u0623\u0634\u0639\u0629 \u0641\u0648\u0642 \u0627\u0644\u0628\u0646\u0641\u0633\u062c\u064a\u0629\u060c \u0627\u0644\u0623\u0648\u0633\u0627\u062e\u060c \u0648\u0627\u0644\u062a\u0644\u0648\u062b<\/p>\n<p style=\"text-align: right;\">\u062a\u0623\u062b\u064a\u0631 \u0643\u0627\u0631\u0647 \u0644\u0644\u0645\u0627\u0621: \u064a\u062a\u062c\u0645\u0639 \u0627\u0644\u0645\u0627\u0621 \u0648\u064a\u0646\u0632\u0644\u0642<\/p>\n<p style=\"text-align: right;\">\u064a\u0648\u0641\u0631 \u0644\u0645\u0639\u0627\u0646\u064b\u0627 \u0643\u062b\u064a\u0641\u064b\u0627 \u0648\u0637\u0648\u064a\u0644 \u0627\u0644\u0623\u0645\u062f<\/p>\n<p style=\"text-align: right;\">\u062a\u0637\u0628\u064a\u0642 \u0633\u0631\u064a\u0639 \u0648\u0633\u0647\u0644\u060c \u0644\u0627 \u064a\u062a\u0637\u0644\u0628 \u0645\u0639\u062f\u0627\u062a \u0627\u062d\u062a\u0631\u0627\u0641\u064a\u0629<\/p>\n<p style=\"text-align: right;\">CL160281 : 300 \u0645\u0644 &#8211; GS27 \u0627\u0644\u0645\u0631\u062c\u0639 : \u0643\u0644\u0627\u0633\u064a\u0643\u0633<\/p>","protected":false},"excerpt":{"rendered":"<p><strong><span style=\"color: #666699;\">Le Protecteur c\u00e9ramique<\/span><\/strong> est un Spray protecteur c\u00e9ramique : cr\u00e9e un film hydrophobe pour une brillance longue dur\u00e9e et une protection renforc\u00e9e contre les \u00e9l\u00e9ments.<\/p>\n<p style=\"text-align: right;\"><span style=\"color: #666699;\"><strong>\u0648\u0627\u0642\u064a \u0627\u0644\u0633\u064a\u0631\u0627\u0645\u064a\u0643<\/strong> <\/span>\u0647\u0648 \u0631\u0630\u0627\u0630 : \u064a\u0646\u0634\u0626 \u0637\u0628\u0642\u0629 \u0643\u0627\u0631\u0647\u0629 \u0644\u0644\u0645\u0627\u0621 \u0644\u0644\u062d\u0635\u0648\u0644 \u0639\u0644\u0649 \u0644\u0645\u0639\u0627\u0646 \u064a\u062f\u0648\u0645 \u0637\u0648\u064a\u0644\u0627\u064b \u0648\u062d\u0645\u0627\u064a\u0629 \u0645\u0639\u0632\u0632\u0629 \u0636\u062f \u0627\u0644\u0639\u0646\u0627\u0635\u0631<\/p>","protected":false},"featured_media":30935,"comment_status":"open","ping_status":"closed","template":"","meta":[],"product_brand":[312],"product_cat":[582],"product_tag":[309,580],"class_list":{"0":"post-30698","1":"product","2":"type-product","3":"status-publish","4":"has-post-thumbnail","6":"product_brand-gs-27","7":"product_cat-produits-dentretien-auto-gs27","8":"product_tag-new","9":"product_tag-protecteur-ceramique","11":"first","12":"instock","13":"taxable","14":"shipping-taxable","15":"purchasable","16":"product-type-simple"},"yoast_head":"<!-- This site is optimized with the Yoast SEO plugin v27.4 - https:\/\/yoast.com\/product\/yoast-seo-wordpress\/ -->\n<title>Protecteur C\u00e9ramique - Boutique &quot;V6&quot;<\/title>\n<meta name=\"robots\" content=\"index, follow, max-snippet:-1, max-image-preview:large, max-video-preview:-1\" \/>\n<link rel=\"canonical\" href=\"https:\/\/sella-industrie.com\/ar\/product\/protecteur-ceramique\/\" \/>\n<meta property=\"og:locale\" content=\"ar_AR\" \/>\n<meta property=\"og:type\" content=\"article\" \/>\n<meta property=\"og:title\" content=\"Protecteur C\u00e9ramique - Boutique &quot;V6&quot;\" \/>\n<meta property=\"og:description\" content=\"Le Protecteur c\u00e9ramique est un Spray protecteur c\u00e9ramique : cr\u00e9e un film hydrophobe pour une brillance longue dur\u00e9e et une protection renforc\u00e9e contre les \u00e9l\u00e9ments. \u0648\u0627\u0642\u064a \u0627\u0644\u0633\u064a\u0631\u0627\u0645\u064a\u0643 \u0647\u0648 \u0631\u0630\u0627\u0630 : \u064a\u0646\u0634\u0626 \u0637\u0628\u0642\u0629 \u0643\u0627\u0631\u0647\u0629 \u0644\u0644\u0645\u0627\u0621 \u0644\u0644\u062d\u0635\u0648\u0644 \u0639\u0644\u0649 \u0644\u0645\u0639\u0627\u0646 \u064a\u062f\u0648\u0645 \u0637\u0648\u064a\u0644\u0627\u064b \u0648\u062d\u0645\u0627\u064a\u0629 \u0645\u0639\u0632\u0632\u0629 \u0636\u062f \u0627\u0644\u0639\u0646\u0627\u0635\u0631\" \/>\n<meta property=\"og:url\" content=\"https:\/\/sella-industrie.com\/ar\/product\/protecteur-ceramique\/\" \/>\n<meta property=\"og:site_name\" content=\"Boutique &quot;V6&quot;\" \/>\n<meta property=\"article:modified_time\" content=\"2025-07-27T10:24:01+00:00\" \/>\n<meta property=\"og:image\" content=\"https:\/\/sella-industrie.com\/wp-content\/uploads\/2024\/07\/PROTECTEUR-CERAMIQUE-GS27-Classics-300-ML-CL160281-PIC1.png\" \/>\n\t<meta property=\"og:image:width\" content=\"1000\" \/>\n\t<meta property=\"og:image:height\" content=\"1000\" \/>\n\t<meta property=\"og:image:type\" content=\"image\/png\" \/>\n<meta name=\"twitter:card\" content=\"summary_large_image\" \/>\n<meta name=\"twitter:label1\" content=\"\u0627\u0644\u0633\u0639\u0631\" \/>\n\t<meta name=\"twitter:data1\" content=\"&#x62f;.&#x62c;&nbsp;5.450\" \/>\n\t<meta name=\"twitter:label2\" content=\"\u0627\u0644\u062a\u0648\u0641\u0631\" \/>\n\t<meta name=\"twitter:data2\" content=\"\u0645\u062a\u0648\u0641\u0631 \u0641\u064a \u0627\u0644\u0645\u062e\u0632\u0648\u0646\" \/>\n<script type=\"application\/ld+json\" class=\"yoast-schema-graph\">{\"@context\":\"https:\\\/\\\/schema.org\",\"@graph\":[{\"@type\":\"WebPage\",\"@id\":\"https:\\\/\\\/sella-industrie.com\\\/produit\\\/protecteur-ceramique\\\/\",\"url\":\"https:\\\/\\\/sella-industrie.com\\\/produit\\\/protecteur-ceramique\\\/\",\"name\":\"Protecteur C\u00e9ramique - Boutique &quot;V6&quot;\",\"isPartOf\":{\"@id\":\"https:\\\/\\\/sella-industrie.com\\\/#website\"},\"primaryImageOfPage\":{\"@id\":\"https:\\\/\\\/sella-industrie.com\\\/produit\\\/protecteur-ceramique\\\/#primaryimage\"},\"image\":{\"@id\":\"https:\\\/\\\/sella-industrie.com\\\/produit\\\/protecteur-ceramique\\\/#primaryimage\"},\"thumbnailUrl\":\"https:\\\/\\\/sella-industrie.com\\\/wp-content\\\/uploads\\\/2024\\\/07\\\/PROTECTEUR-CERAMIQUE-GS27-Classics-300-ML-CL160281-PIC1.png\",\"datePublished\":\"2024-07-15T09:39:00+00:00\",\"dateModified\":\"2025-07-27T10:24:01+00:00\",\"breadcrumb\":{\"@id\":\"https:\\\/\\\/sella-industrie.com\\\/produit\\\/protecteur-ceramique\\\/#breadcrumb\"},\"inLanguage\":\"ar\",\"potentialAction\":[{\"@type\":\"ReadAction\",\"target\":[\"https:\\\/\\\/sella-industrie.com\\\/produit\\\/protecteur-ceramique\\\/\"]}]},{\"@type\":\"ImageObject\",\"inLanguage\":\"ar\",\"@id\":\"https:\\\/\\\/sella-industrie.com\\\/produit\\\/protecteur-ceramique\\\/#primaryimage\",\"url\":\"https:\\\/\\\/sella-industrie.com\\\/wp-content\\\/uploads\\\/2024\\\/07\\\/PROTECTEUR-CERAMIQUE-GS27-Classics-300-ML-CL160281-PIC1.png\",\"contentUrl\":\"https:\\\/\\\/sella-industrie.com\\\/wp-content\\\/uploads\\\/2024\\\/07\\\/PROTECTEUR-CERAMIQUE-GS27-Classics-300-ML-CL160281-PIC1.png\",\"width\":1000,\"height\":1000,\"caption\":\"PROTECTEUR C\u00c9RAMIQUE\"},{\"@type\":\"BreadcrumbList\",\"@id\":\"https:\\\/\\\/sella-industrie.com\\\/produit\\\/protecteur-ceramique\\\/#breadcrumb\",\"itemListElement\":[{\"@type\":\"ListItem\",\"position\":1,\"name\":\"Accueil\",\"item\":\"https:\\\/\\\/sella-industrie.com\\\/fr_fr\\\/\"},{\"@type\":\"ListItem\",\"position\":2,\"name\":\"Shop\",\"item\":\"https:\\\/\\\/sella-industrie.com\\\/fr_fr\\\/shop\\\/\"},{\"@type\":\"ListItem\",\"position\":3,\"name\":\"GS27, Produits d'Entretien Auto\",\"item\":\"https:\\\/\\\/sella-industrie.com\\\/categorie-produit\\\/produits-dentretien-auto-gs27\\\/\"},{\"@type\":\"ListItem\",\"position\":4,\"name\":\"PROTECTEUR C\u00c9RAMIQUE\"}]},{\"@type\":\"WebSite\",\"@id\":\"https:\\\/\\\/sella-industrie.com\\\/#website\",\"url\":\"https:\\\/\\\/sella-industrie.com\\\/\",\"name\":\"Boutique &quot;V6&quot;\",\"description\":\"We care for your car\",\"publisher\":{\"@id\":\"https:\\\/\\\/sella-industrie.com\\\/#organization\"},\"potentialAction\":[{\"@type\":\"SearchAction\",\"target\":{\"@type\":\"EntryPoint\",\"urlTemplate\":\"https:\\\/\\\/sella-industrie.com\\\/?s={search_term_string}\"},\"query-input\":{\"@type\":\"PropertyValueSpecification\",\"valueRequired\":true,\"valueName\":\"search_term_string\"}}],\"inLanguage\":\"ar\"},{\"@type\":\"Organization\",\"@id\":\"https:\\\/\\\/sella-industrie.com\\\/#organization\",\"name\":\"Boutique &quot;V6&quot;\",\"url\":\"https:\\\/\\\/sella-industrie.com\\\/\",\"logo\":{\"@type\":\"ImageObject\",\"inLanguage\":\"ar\",\"@id\":\"https:\\\/\\\/sella-industrie.com\\\/#\\\/schema\\\/logo\\\/image\\\/\",\"url\":\"\",\"contentUrl\":\"\",\"caption\":\"Boutique &quot;V6&quot;\"},\"image\":{\"@id\":\"https:\\\/\\\/sella-industrie.com\\\/#\\\/schema\\\/logo\\\/image\\\/\"}}]}<\/script>\n<meta property=\"product:price:amount\" content=\"5450\" \/>\n<meta property=\"product:price:currency\" content=\"DZD\" \/>\n<meta property=\"og:availability\" content=\"instock\" \/>\n<meta property=\"product:availability\" content=\"instock\" \/>\n<meta property=\"product:condition\" content=\"new\" \/>\n<!-- \/ Yoast SEO plugin. -->","yoast_head_json":{"title":"Protecteur C\u00e9ramique - Boutique &quot;V6&quot;","robots":{"index":"index","follow":"follow","max-snippet":"max-snippet:-1","max-image-preview":"max-image-preview:large","max-video-preview":"max-video-preview:-1"},"canonical":"https:\/\/sella-industrie.com\/ar\/product\/protecteur-ceramique\/","og_locale":"ar_AR","og_type":"article","og_title":"Protecteur C\u00e9ramique - Boutique &quot;V6&quot;","og_description":"Le Protecteur c\u00e9ramique est un Spray protecteur c\u00e9ramique : cr\u00e9e un film hydrophobe pour une brillance longue dur\u00e9e et une protection renforc\u00e9e contre les \u00e9l\u00e9ments. \u0648\u0627\u0642\u064a \u0627\u0644\u0633\u064a\u0631\u0627\u0645\u064a\u0643 \u0647\u0648 \u0631\u0630\u0627\u0630 : \u064a\u0646\u0634\u0626 \u0637\u0628\u0642\u0629 \u0643\u0627\u0631\u0647\u0629 \u0644\u0644\u0645\u0627\u0621 \u0644\u0644\u062d\u0635\u0648\u0644 \u0639\u0644\u0649 \u0644\u0645\u0639\u0627\u0646 \u064a\u062f\u0648\u0645 \u0637\u0648\u064a\u0644\u0627\u064b \u0648\u062d\u0645\u0627\u064a\u0629 \u0645\u0639\u0632\u0632\u0629 \u0636\u062f \u0627\u0644\u0639\u0646\u0627\u0635\u0631","og_url":"https:\/\/sella-industrie.com\/ar\/product\/protecteur-ceramique\/","og_site_name":"Boutique &quot;V6&quot;","article_modified_time":"2025-07-27T10:24:01+00:00","og_image":[{"width":1000,"height":1000,"url":"https:\/\/sella-industrie.com\/wp-content\/uploads\/2024\/07\/PROTECTEUR-CERAMIQUE-GS27-Classics-300-ML-CL160281-PIC1.png","type":"image\/png"}],"twitter_card":"summary_large_image","twitter_misc":{"\u0627\u0644\u0633\u0639\u0631":"&#x62f;.&#x62c;&nbsp;5.450","\u0627\u0644\u062a\u0648\u0641\u0631":"\u0645\u062a\u0648\u0641\u0631 \u0641\u064a \u0627\u0644\u0645\u062e\u0632\u0648\u0646"},"schema":{"@context":"https:\/\/schema.org","@graph":[{"@type":"WebPage","@id":"https:\/\/sella-industrie.com\/produit\/protecteur-ceramique\/","url":"https:\/\/sella-industrie.com\/produit\/protecteur-ceramique\/","name":"Protecteur C\u00e9ramique - Boutique &quot;V6&quot;","isPartOf":{"@id":"https:\/\/sella-industrie.com\/#website"},"primaryImageOfPage":{"@id":"https:\/\/sella-industrie.com\/produit\/protecteur-ceramique\/#primaryimage"},"image":{"@id":"https:\/\/sella-industrie.com\/produit\/protecteur-ceramique\/#primaryimage"},"thumbnailUrl":"https:\/\/sella-industrie.com\/wp-content\/uploads\/2024\/07\/PROTECTEUR-CERAMIQUE-GS27-Classics-300-ML-CL160281-PIC1.png","datePublished":"2024-07-15T09:39:00+00:00","dateModified":"2025-07-27T10:24:01+00:00","breadcrumb":{"@id":"https:\/\/sella-industrie.com\/produit\/protecteur-ceramique\/#breadcrumb"},"inLanguage":"ar","potentialAction":[{"@type":"ReadAction","target":["https:\/\/sella-industrie.com\/produit\/protecteur-ceramique\/"]}]},{"@type":"ImageObject","inLanguage":"ar","@id":"https:\/\/sella-industrie.com\/produit\/protecteur-ceramique\/#primaryimage","url":"https:\/\/sella-industrie.com\/wp-content\/uploads\/2024\/07\/PROTECTEUR-CERAMIQUE-GS27-Classics-300-ML-CL160281-PIC1.png","contentUrl":"https:\/\/sella-industrie.com\/wp-content\/uploads\/2024\/07\/PROTECTEUR-CERAMIQUE-GS27-Classics-300-ML-CL160281-PIC1.png","width":1000,"height":1000,"caption":"PROTECTEUR C\u00c9RAMIQUE"},{"@type":"BreadcrumbList","@id":"https:\/\/sella-industrie.com\/produit\/protecteur-ceramique\/#breadcrumb","itemListElement":[{"@type":"ListItem","position":1,"name":"Accueil","item":"https:\/\/sella-industrie.com\/fr_fr\/"},{"@type":"ListItem","position":2,"name":"Shop","item":"https:\/\/sella-industrie.com\/fr_fr\/shop\/"},{"@type":"ListItem","position":3,"name":"GS27, Produits d'Entretien Auto","item":"https:\/\/sella-industrie.com\/categorie-produit\/produits-dentretien-auto-gs27\/"},{"@type":"ListItem","position":4,"name":"PROTECTEUR C\u00c9RAMIQUE"}]},{"@type":"WebSite","@id":"https:\/\/sella-industrie.com\/#website","url":"https:\/\/sella-industrie.com\/","name":"Boutique &quot;V6&quot;","description":"We care for your car","publisher":{"@id":"https:\/\/sella-industrie.com\/#organization"},"potentialAction":[{"@type":"SearchAction","target":{"@type":"EntryPoint","urlTemplate":"https:\/\/sella-industrie.com\/?s={search_term_string}"},"query-input":{"@type":"PropertyValueSpecification","valueRequired":true,"valueName":"search_term_string"}}],"inLanguage":"ar"},{"@type":"Organization","@id":"https:\/\/sella-industrie.com\/#organization","name":"Boutique &quot;V6&quot;","url":"https:\/\/sella-industrie.com\/","logo":{"@type":"ImageObject","inLanguage":"ar","@id":"https:\/\/sella-industrie.com\/#\/schema\/logo\/image\/","url":"","contentUrl":"","caption":"Boutique &quot;V6&quot;"},"image":{"@id":"https:\/\/sella-industrie.com\/#\/schema\/logo\/image\/"}}]},"product_price_amount":"5450","product_price_currency":"DZD","og_availability":"instock","product_availability":"instock","product_condition":"new"},"_links":{"self":[{"href":"https:\/\/sella-industrie.com\/ar\/wp-json\/wp\/v2\/product\/30698","targetHints":{"allow":["GET"]}}],"collection":[{"href":"https:\/\/sella-industrie.com\/ar\/wp-json\/wp\/v2\/product"}],"about":[{"href":"https:\/\/sella-industrie.com\/ar\/wp-json\/wp\/v2\/types\/product"}],"replies":[{"embeddable":true,"href":"https:\/\/sella-industrie.com\/ar\/wp-json\/wp\/v2\/comments?post=30698"}],"wp:featuredmedia":[{"embeddable":true,"href":"https:\/\/sella-industrie.com\/ar\/wp-json\/wp\/v2\/media\/30935"}],"wp:attachment":[{"href":"https:\/\/sella-industrie.com\/ar\/wp-json\/wp\/v2\/media?parent=30698"}],"wp:term":[{"taxonomy":"product_brand","embeddable":true,"href":"https:\/\/sella-industrie.com\/ar\/wp-json\/wp\/v2\/product_brand?post=30698"},{"taxonomy":"product_cat","embeddable":true,"href":"https:\/\/sella-industrie.com\/ar\/wp-json\/wp\/v2\/product_cat?post=30698"},{"taxonomy":"product_tag","embeddable":true,"href":"https:\/\/sella-industrie.com\/ar\/wp-json\/wp\/v2\/product_tag?post=30698"}],"curies":[{"name":"wp","href":"https:\/\/api.w.org\/{rel}","templated":true}]}}