{"id":30686,"date":"2024-07-15T09:27:24","date_gmt":"2024-07-15T09:27:24","guid":{"rendered":"https:\/\/v6.sellaindustrie.com\/?post_type=product&#038;p=30686"},"modified":"2025-07-17T09:21:55","modified_gmt":"2025-07-17T09:21:55","slug":"nettoyant-tissus-3-en-1","status":"publish","type":"product","link":"https:\/\/sella-industrie.com\/ar\/product\/nettoyant-tissus-3-en-1\/","title":{"rendered":"Nettoyant Tissus 3 en 1"},"content":{"rendered":"<h1 style=\"text-align: center;\"><strong>Nettoyant Tissus 3 en 1<\/strong><\/h1>\n<h2 style=\"text-align: center;\">\u0645\u0646\u0638\u0641 \u200b\u200b\u0627\u0644\u0623\u0642\u0645\u0634\u0629 3 \u0641\u064a 1<\/h2>\n<p data-start=\"110\" data-end=\"541\">Nettoyez, ravivez et prot\u00e9gez l\u2019int\u00e9rieur de votre voiture en un seul geste avec le <span style=\"color: #666699;\"><strong data-start=\"194\" data-end=\"221\">Nettoyant tissus 3\u202fen\u202f1<\/strong><\/span>. Sa mousse active \u00e9limine efficacement les taches et salet\u00e9s tenaces, ravive les couleurs ternies, et d\u00e9pose un film protecteur qui repousse durablement les futures salissures. Compatible avec tous types de tissus, si\u00e8ges, moquettes et tapis, il assure un int\u00e9rieur propre, frais et visiblement revaloris\u00e9, sans effort.<\/p>\n<ul data-start=\"543\" data-end=\"800\">\n<li data-start=\"543\" data-end=\"597\">\n<p data-start=\"545\" data-end=\"597\"><strong data-start=\"545\" data-end=\"556\">Nettoie<\/strong> en profondeur gr\u00e2ce \u00e0 sa mousse active<\/p>\n<\/li>\n<li data-start=\"598\" data-end=\"656\">\n<p data-start=\"600\" data-end=\"656\"><strong data-start=\"600\" data-end=\"610\">Ravive<\/strong> les couleurs ternies pour un effet \u00ab neuf \u00bb<\/p>\n<\/li>\n<li data-start=\"657\" data-end=\"728\">\n<p data-start=\"659\" data-end=\"728\"><strong data-start=\"659\" data-end=\"670\">Prot\u00e8ge<\/strong> durablement les fibres contre les salissures et l\u2019usure<\/p>\n<\/li>\n<li data-start=\"729\" data-end=\"800\">\n<p data-start=\"731\" data-end=\"800\"><strong data-start=\"731\" data-end=\"752\">Facile \u00e0 utiliser<\/strong> : vaporisez, frottez, laissez agir puis essuyez<\/p>\n<\/li>\n<li data-start=\"729\" data-end=\"800\">\n<p data-start=\"731\" data-end=\"800\">R\u00e9f\u00e9rence : GM110121<\/p>\n<p style=\"text-align: right;\">\u0646\u0638\u0651\u0641\u060c \u0623\u0646\u0639\u0634\u060c \u0648\u0627\u062d\u0645\u0650 \u0645\u0642\u0635\u0648\u0631\u0629 \u0633\u064a\u0627\u0631\u062a\u0643 \u0627\u0644\u062f\u0627\u062e\u0644\u064a\u0629 \u0628\u062e\u0637\u0648\u0629 \u0648\u0627\u062d\u062f\u0629 \u0645\u0639 <span style=\"color: #666699;\"><strong>\u0645\u0646\u0638\u0641 \u0627\u0644\u0623\u0642\u0645\u0634\u0629 3 \u0641\u064a 1<\/strong><\/span>. \u0631\u063a\u0648\u062a\u0647 \u0627\u0644\u0641\u0639\u0627\u0644\u0629 \u062a\u0632\u064a\u0644 \u0627\u0644\u0628\u0642\u0639 \u0648\u0627\u0644\u0623\u0648\u0633\u0627\u062e \u0627\u0644\u0639\u0646\u064a\u062f\u0629 \u0628\u0641\u0639\u0627\u0644\u064a\u0629\u060c \u0648\u062a\u064f\u0639\u064a\u062f \u0627\u0644\u0623\u0644\u0648\u0627\u0646 \u0627\u0644\u0628\u0627\u0647\u062a\u0629\u060c \u0648\u062a\u062a\u0631\u0643 \u0637\u0628\u0642\u0629 \u0648\u0627\u0642\u064a\u0629 \u062a\u0642\u0627\u0648\u0645 \u0627\u0644\u0623\u0648\u0633\u0627\u062e \u0628\u0634\u0643\u0644 \u062f\u0627\u0626\u0645. \u0645\u062a\u0648\u0627\u0641\u0642 \u0645\u0639 \u062c\u0645\u064a\u0639 \u0623\u0646\u0648\u0627\u0639 \u0627\u0644\u0623\u0642\u0645\u0634\u0629 \u0648\u0627\u0644\u0645\u0642\u0627\u0639\u062f \u0648\u0627\u0644\u0633\u062c\u0627\u062f \u0648\u0627\u0644\u0645\u0648\u0643\u064a\u062a\u060c \u0648\u064a\u0636\u0645\u0646 \u0644\u0643 \u0628\u0633\u0647\u0648\u0644\u0629 \u0645\u0642\u0635\u0648\u0631\u0629 \u062f\u0627\u062e\u0644\u064a\u0629 \u0646\u0638\u064a\u0641\u0629 \u0648\u0645\u0646\u062a\u0639\u0634\u0629 \u0648\u0645\u064f\u062d\u0633\u0651\u0646\u0629 \u0627\u0644\u0645\u0638\u0647\u0631<\/p>\n<p style=\"text-align: right;\">\u064a\u0646\u0638\u0641 \u0628\u0639\u0645\u0642 \u0628\u0641\u0636\u0644 \u0631\u063a\u0648\u062a\u0647 \u0627\u0644\u0641\u0639\u0627\u0644\u0629<\/p>\n<p style=\"text-align: right;\">\u064a\u064f\u0639\u064a\u062f \u0627\u0644\u0623\u0644\u0648\u0627\u0646 \u0627\u0644\u0628\u0627\u0647\u062a\u0629 \u0644\u064a\u0645\u0646\u062d\u0643 \u0645\u0638\u0647\u0631\u064b\u0627 \u062c\u062f\u064a\u062f\u064b\u0627<\/p>\n<p style=\"text-align: right;\">\u062d\u0645\u0627\u064a\u0629 \u0637\u0648\u064a\u0644\u0629 \u0627\u0644\u0623\u0645\u062f \u0644\u0644\u0623\u0644\u064a\u0627\u0641 \u0645\u0646 \u0627\u0644\u0623\u0648\u0633\u0627\u062e \u0648\u0627\u0644\u062a\u0622\u0643\u0644<\/p>\n<p style=\"text-align: right;\">\u0633\u0647\u0644 \u0627\u0644\u0627\u0633\u062a\u062e\u062f\u0627\u0645: \u0631\u0634\u060c \u0627\u0641\u0631\u0643\u060c \u0627\u062a\u0631\u0643\u0647\u060c \u062b\u0645 \u0627\u0645\u0633\u062d<\/p>\n<\/li>\n<\/ul>","protected":false},"excerpt":{"rendered":"<p><span style=\"color: #666699;\"><strong>Le Nettoyant tissus 3 en 1<\/strong><\/span> est une Mousse qui : nettoie, ravive et prot\u00e8ge les tissus auto (si\u00e8ges, moquettes et tapis) en un seul geste.<\/p>\n<p style=\"text-align: right;\"><span style=\"color: #666699;\"><span style=\"color: #000000;\">.<\/span><strong>\u0645\u0646\u0638\u0641 \u200b\u200b\u0627\u0644\u0623\u0642\u0645\u0634\u0629 3 \u0641\u064a 1<\/strong> <\/span>\u0639\u0628\u0627\u0631\u0629 \u0639\u0646 \u0631\u063a\u0648\u0629 \u062a\u0639\u0645\u0644 \u0639\u0644\u0649: \u062a\u0646\u0638\u064a\u0641 \u0648\u0625\u062d\u064a\u0627\u0621 \u0648\u062d\u0645\u0627\u064a\u0629 \u0623\u0642\u0645\u0634\u0629 \u0627\u0644\u0633\u064a\u0627\u0631\u0629 (\u0627\u0644\u0645\u0642\u0627\u0639\u062f \u0648\u0627\u0644\u0633\u062c\u0627\u062f \u0648\u0627\u0644\u0628\u0633\u0637) \u0641\u064a \u062e\u0637\u0648\u0629 \u0648\u0627\u062d\u062f\u0629<\/p>","protected":false},"featured_media":30687,"comment_status":"open","ping_status":"closed","template":"","meta":[],"product_brand":[312],"product_cat":[582],"product_tag":[578,309],"class_list":{"0":"post-30686","1":"product","2":"type-product","3":"status-publish","4":"has-post-thumbnail","6":"product_brand-gs-27","7":"product_cat-produits-dentretien-auto-gs27","8":"product_tag-nettoyant-tissus-3-en1","9":"product_tag-new","11":"first","12":"instock","13":"taxable","14":"shipping-taxable","15":"purchasable","16":"product-type-simple"},"yoast_head":"<!-- This site is optimized with the Yoast SEO plugin v27.4 - https:\/\/yoast.com\/product\/yoast-seo-wordpress\/ -->\n<title>Nettoyant Tissus 3 en 1 - Boutique &quot;V6&quot;<\/title>\n<meta name=\"robots\" content=\"index, follow, max-snippet:-1, max-image-preview:large, max-video-preview:-1\" \/>\n<link rel=\"canonical\" href=\"https:\/\/sella-industrie.com\/ar\/product\/nettoyant-tissus-3-en1\/\" \/>\n<meta property=\"og:locale\" content=\"ar_AR\" \/>\n<meta property=\"og:type\" content=\"article\" \/>\n<meta property=\"og:title\" content=\"Nettoyant Tissus 3 en 1 - Boutique &quot;V6&quot;\" \/>\n<meta property=\"og:description\" content=\"Le Nettoyant tissus 3 en 1 est une Mousse qui : nettoie, ravive et prot\u00e8ge les tissus auto (si\u00e8ges, moquettes et tapis) en un seul geste. .\u0645\u0646\u0638\u0641 \u200b\u200b\u0627\u0644\u0623\u0642\u0645\u0634\u0629 3 \u0641\u064a 1 \u0639\u0628\u0627\u0631\u0629 \u0639\u0646 \u0631\u063a\u0648\u0629 \u062a\u0639\u0645\u0644 \u0639\u0644\u0649: \u062a\u0646\u0638\u064a\u0641 \u0648\u0625\u062d\u064a\u0627\u0621 \u0648\u062d\u0645\u0627\u064a\u0629 \u0623\u0642\u0645\u0634\u0629 \u0627\u0644\u0633\u064a\u0627\u0631\u0629 (\u0627\u0644\u0645\u0642\u0627\u0639\u062f \u0648\u0627\u0644\u0633\u062c\u0627\u062f \u0648\u0627\u0644\u0628\u0633\u0637) \u0641\u064a \u062e\u0637\u0648\u0629 \u0648\u0627\u062d\u062f\u0629\" \/>\n<meta property=\"og:url\" content=\"https:\/\/sella-industrie.com\/ar\/product\/nettoyant-tissus-3-en1\/\" \/>\n<meta property=\"og:site_name\" content=\"Boutique &quot;V6&quot;\" \/>\n<meta property=\"article:modified_time\" content=\"2025-07-17T09:21:55+00:00\" \/>\n<meta property=\"og:image\" content=\"https:\/\/sella-industrie.com\/wp-content\/uploads\/2024\/07\/NETTOYANT-TISSUS-3-EN1-GS27-LES-ESSENTIELS-300ML-GM110121-IMG.png\" \/>\n\t<meta property=\"og:image:width\" content=\"1000\" \/>\n\t<meta property=\"og:image:height\" content=\"1000\" \/>\n\t<meta property=\"og:image:type\" content=\"image\/png\" \/>\n<meta name=\"twitter:card\" content=\"summary_large_image\" \/>\n<meta name=\"twitter:label1\" content=\"\u0627\u0644\u0633\u0639\u0631\" \/>\n\t<meta name=\"twitter:data1\" content=\"&#x62f;.&#x62c;&nbsp;1.150\" \/>\n\t<meta name=\"twitter:label2\" content=\"\u0627\u0644\u062a\u0648\u0641\u0631\" \/>\n\t<meta name=\"twitter:data2\" content=\"\u0645\u062a\u0648\u0641\u0631 \u0641\u064a \u0627\u0644\u0645\u062e\u0632\u0648\u0646\" \/>\n<script type=\"application\/ld+json\" class=\"yoast-schema-graph\">{\"@context\":\"https:\\\/\\\/schema.org\",\"@graph\":[{\"@type\":\"WebPage\",\"@id\":\"https:\\\/\\\/sella-industrie.com\\\/produit\\\/nettoyant-tissus-3-en1\\\/\",\"url\":\"https:\\\/\\\/sella-industrie.com\\\/produit\\\/nettoyant-tissus-3-en1\\\/\",\"name\":\"Nettoyant Tissus 3 en 1 - Boutique &quot;V6&quot;\",\"isPartOf\":{\"@id\":\"https:\\\/\\\/sella-industrie.com\\\/#website\"},\"primaryImageOfPage\":{\"@id\":\"https:\\\/\\\/sella-industrie.com\\\/produit\\\/nettoyant-tissus-3-en1\\\/#primaryimage\"},\"image\":{\"@id\":\"https:\\\/\\\/sella-industrie.com\\\/produit\\\/nettoyant-tissus-3-en1\\\/#primaryimage\"},\"thumbnailUrl\":\"https:\\\/\\\/sella-industrie.com\\\/wp-content\\\/uploads\\\/2024\\\/07\\\/NETTOYANT-TISSUS-3-EN1-GS27-LES-ESSENTIELS-300ML-GM110121-IMG.png\",\"datePublished\":\"2024-07-15T09:27:24+00:00\",\"dateModified\":\"2025-07-17T09:21:55+00:00\",\"breadcrumb\":{\"@id\":\"https:\\\/\\\/sella-industrie.com\\\/produit\\\/nettoyant-tissus-3-en1\\\/#breadcrumb\"},\"inLanguage\":\"ar\",\"potentialAction\":[{\"@type\":\"ReadAction\",\"target\":[\"https:\\\/\\\/sella-industrie.com\\\/produit\\\/nettoyant-tissus-3-en1\\\/\"]}]},{\"@type\":\"ImageObject\",\"inLanguage\":\"ar\",\"@id\":\"https:\\\/\\\/sella-industrie.com\\\/produit\\\/nettoyant-tissus-3-en1\\\/#primaryimage\",\"url\":\"https:\\\/\\\/sella-industrie.com\\\/wp-content\\\/uploads\\\/2024\\\/07\\\/NETTOYANT-TISSUS-3-EN1-GS27-LES-ESSENTIELS-300ML-GM110121-IMG.png\",\"contentUrl\":\"https:\\\/\\\/sella-industrie.com\\\/wp-content\\\/uploads\\\/2024\\\/07\\\/NETTOYANT-TISSUS-3-EN1-GS27-LES-ESSENTIELS-300ML-GM110121-IMG.png\",\"width\":1000,\"height\":1000,\"caption\":\"Nettoyant Tissus 3 en 1\"},{\"@type\":\"BreadcrumbList\",\"@id\":\"https:\\\/\\\/sella-industrie.com\\\/produit\\\/nettoyant-tissus-3-en1\\\/#breadcrumb\",\"itemListElement\":[{\"@type\":\"ListItem\",\"position\":1,\"name\":\"Accueil\",\"item\":\"https:\\\/\\\/sella-industrie.com\\\/fr_fr\\\/\"},{\"@type\":\"ListItem\",\"position\":2,\"name\":\"Shop\",\"item\":\"https:\\\/\\\/sella-industrie.com\\\/fr_fr\\\/shop\\\/\"},{\"@type\":\"ListItem\",\"position\":3,\"name\":\"GS27, Produits d'Entretien Auto\",\"item\":\"https:\\\/\\\/sella-industrie.com\\\/categorie-produit\\\/produits-dentretien-auto-gs27\\\/\"},{\"@type\":\"ListItem\",\"position\":4,\"name\":\"NETTOYANT TISSUS 3 EN1\"}]},{\"@type\":\"WebSite\",\"@id\":\"https:\\\/\\\/sella-industrie.com\\\/#website\",\"url\":\"https:\\\/\\\/sella-industrie.com\\\/\",\"name\":\"Boutique &quot;V6&quot;\",\"description\":\"We care for your car\",\"publisher\":{\"@id\":\"https:\\\/\\\/sella-industrie.com\\\/#organization\"},\"potentialAction\":[{\"@type\":\"SearchAction\",\"target\":{\"@type\":\"EntryPoint\",\"urlTemplate\":\"https:\\\/\\\/sella-industrie.com\\\/?s={search_term_string}\"},\"query-input\":{\"@type\":\"PropertyValueSpecification\",\"valueRequired\":true,\"valueName\":\"search_term_string\"}}],\"inLanguage\":\"ar\"},{\"@type\":\"Organization\",\"@id\":\"https:\\\/\\\/sella-industrie.com\\\/#organization\",\"name\":\"Boutique &quot;V6&quot;\",\"url\":\"https:\\\/\\\/sella-industrie.com\\\/\",\"logo\":{\"@type\":\"ImageObject\",\"inLanguage\":\"ar\",\"@id\":\"https:\\\/\\\/sella-industrie.com\\\/#\\\/schema\\\/logo\\\/image\\\/\",\"url\":\"\",\"contentUrl\":\"\",\"caption\":\"Boutique &quot;V6&quot;\"},\"image\":{\"@id\":\"https:\\\/\\\/sella-industrie.com\\\/#\\\/schema\\\/logo\\\/image\\\/\"}}]}<\/script>\n<meta property=\"product:price:amount\" content=\"1150\" \/>\n<meta property=\"product:price:currency\" content=\"DZD\" \/>\n<meta property=\"og:availability\" content=\"instock\" \/>\n<meta property=\"product:availability\" content=\"instock\" \/>\n<meta property=\"product:condition\" content=\"new\" \/>\n<!-- \/ Yoast SEO plugin. -->","yoast_head_json":{"title":"Nettoyant Tissus 3 en 1 - Boutique &quot;V6&quot;","robots":{"index":"index","follow":"follow","max-snippet":"max-snippet:-1","max-image-preview":"max-image-preview:large","max-video-preview":"max-video-preview:-1"},"canonical":"https:\/\/sella-industrie.com\/ar\/product\/nettoyant-tissus-3-en1\/","og_locale":"ar_AR","og_type":"article","og_title":"Nettoyant Tissus 3 en 1 - Boutique &quot;V6&quot;","og_description":"Le Nettoyant tissus 3 en 1 est une Mousse qui : nettoie, ravive et prot\u00e8ge les tissus auto (si\u00e8ges, moquettes et tapis) en un seul geste. .\u0645\u0646\u0638\u0641 \u200b\u200b\u0627\u0644\u0623\u0642\u0645\u0634\u0629 3 \u0641\u064a 1 \u0639\u0628\u0627\u0631\u0629 \u0639\u0646 \u0631\u063a\u0648\u0629 \u062a\u0639\u0645\u0644 \u0639\u0644\u0649: \u062a\u0646\u0638\u064a\u0641 \u0648\u0625\u062d\u064a\u0627\u0621 \u0648\u062d\u0645\u0627\u064a\u0629 \u0623\u0642\u0645\u0634\u0629 \u0627\u0644\u0633\u064a\u0627\u0631\u0629 (\u0627\u0644\u0645\u0642\u0627\u0639\u062f \u0648\u0627\u0644\u0633\u062c\u0627\u062f \u0648\u0627\u0644\u0628\u0633\u0637) \u0641\u064a \u062e\u0637\u0648\u0629 \u0648\u0627\u062d\u062f\u0629","og_url":"https:\/\/sella-industrie.com\/ar\/product\/nettoyant-tissus-3-en1\/","og_site_name":"Boutique &quot;V6&quot;","article_modified_time":"2025-07-17T09:21:55+00:00","og_image":[{"width":1000,"height":1000,"url":"https:\/\/sella-industrie.com\/wp-content\/uploads\/2024\/07\/NETTOYANT-TISSUS-3-EN1-GS27-LES-ESSENTIELS-300ML-GM110121-IMG.png","type":"image\/png"}],"twitter_card":"summary_large_image","twitter_misc":{"\u0627\u0644\u0633\u0639\u0631":"&#x62f;.&#x62c;&nbsp;1.150","\u0627\u0644\u062a\u0648\u0641\u0631":"\u0645\u062a\u0648\u0641\u0631 \u0641\u064a \u0627\u0644\u0645\u062e\u0632\u0648\u0646"},"schema":{"@context":"https:\/\/schema.org","@graph":[{"@type":"WebPage","@id":"https:\/\/sella-industrie.com\/produit\/nettoyant-tissus-3-en1\/","url":"https:\/\/sella-industrie.com\/produit\/nettoyant-tissus-3-en1\/","name":"Nettoyant Tissus 3 en 1 - Boutique &quot;V6&quot;","isPartOf":{"@id":"https:\/\/sella-industrie.com\/#website"},"primaryImageOfPage":{"@id":"https:\/\/sella-industrie.com\/produit\/nettoyant-tissus-3-en1\/#primaryimage"},"image":{"@id":"https:\/\/sella-industrie.com\/produit\/nettoyant-tissus-3-en1\/#primaryimage"},"thumbnailUrl":"https:\/\/sella-industrie.com\/wp-content\/uploads\/2024\/07\/NETTOYANT-TISSUS-3-EN1-GS27-LES-ESSENTIELS-300ML-GM110121-IMG.png","datePublished":"2024-07-15T09:27:24+00:00","dateModified":"2025-07-17T09:21:55+00:00","breadcrumb":{"@id":"https:\/\/sella-industrie.com\/produit\/nettoyant-tissus-3-en1\/#breadcrumb"},"inLanguage":"ar","potentialAction":[{"@type":"ReadAction","target":["https:\/\/sella-industrie.com\/produit\/nettoyant-tissus-3-en1\/"]}]},{"@type":"ImageObject","inLanguage":"ar","@id":"https:\/\/sella-industrie.com\/produit\/nettoyant-tissus-3-en1\/#primaryimage","url":"https:\/\/sella-industrie.com\/wp-content\/uploads\/2024\/07\/NETTOYANT-TISSUS-3-EN1-GS27-LES-ESSENTIELS-300ML-GM110121-IMG.png","contentUrl":"https:\/\/sella-industrie.com\/wp-content\/uploads\/2024\/07\/NETTOYANT-TISSUS-3-EN1-GS27-LES-ESSENTIELS-300ML-GM110121-IMG.png","width":1000,"height":1000,"caption":"Nettoyant Tissus 3 en 1"},{"@type":"BreadcrumbList","@id":"https:\/\/sella-industrie.com\/produit\/nettoyant-tissus-3-en1\/#breadcrumb","itemListElement":[{"@type":"ListItem","position":1,"name":"Accueil","item":"https:\/\/sella-industrie.com\/fr_fr\/"},{"@type":"ListItem","position":2,"name":"Shop","item":"https:\/\/sella-industrie.com\/fr_fr\/shop\/"},{"@type":"ListItem","position":3,"name":"GS27, Produits d'Entretien Auto","item":"https:\/\/sella-industrie.com\/categorie-produit\/produits-dentretien-auto-gs27\/"},{"@type":"ListItem","position":4,"name":"NETTOYANT TISSUS 3 EN1"}]},{"@type":"WebSite","@id":"https:\/\/sella-industrie.com\/#website","url":"https:\/\/sella-industrie.com\/","name":"Boutique &quot;V6&quot;","description":"We care for your car","publisher":{"@id":"https:\/\/sella-industrie.com\/#organization"},"potentialAction":[{"@type":"SearchAction","target":{"@type":"EntryPoint","urlTemplate":"https:\/\/sella-industrie.com\/?s={search_term_string}"},"query-input":{"@type":"PropertyValueSpecification","valueRequired":true,"valueName":"search_term_string"}}],"inLanguage":"ar"},{"@type":"Organization","@id":"https:\/\/sella-industrie.com\/#organization","name":"Boutique &quot;V6&quot;","url":"https:\/\/sella-industrie.com\/","logo":{"@type":"ImageObject","inLanguage":"ar","@id":"https:\/\/sella-industrie.com\/#\/schema\/logo\/image\/","url":"","contentUrl":"","caption":"Boutique &quot;V6&quot;"},"image":{"@id":"https:\/\/sella-industrie.com\/#\/schema\/logo\/image\/"}}]},"product_price_amount":"1150","product_price_currency":"DZD","og_availability":"instock","product_availability":"instock","product_condition":"new"},"_links":{"self":[{"href":"https:\/\/sella-industrie.com\/ar\/wp-json\/wp\/v2\/product\/30686","targetHints":{"allow":["GET"]}}],"collection":[{"href":"https:\/\/sella-industrie.com\/ar\/wp-json\/wp\/v2\/product"}],"about":[{"href":"https:\/\/sella-industrie.com\/ar\/wp-json\/wp\/v2\/types\/product"}],"replies":[{"embeddable":true,"href":"https:\/\/sella-industrie.com\/ar\/wp-json\/wp\/v2\/comments?post=30686"}],"wp:featuredmedia":[{"embeddable":true,"href":"https:\/\/sella-industrie.com\/ar\/wp-json\/wp\/v2\/media\/30687"}],"wp:attachment":[{"href":"https:\/\/sella-industrie.com\/ar\/wp-json\/wp\/v2\/media?parent=30686"}],"wp:term":[{"taxonomy":"product_brand","embeddable":true,"href":"https:\/\/sella-industrie.com\/ar\/wp-json\/wp\/v2\/product_brand?post=30686"},{"taxonomy":"product_cat","embeddable":true,"href":"https:\/\/sella-industrie.com\/ar\/wp-json\/wp\/v2\/product_cat?post=30686"},{"taxonomy":"product_tag","embeddable":true,"href":"https:\/\/sella-industrie.com\/ar\/wp-json\/wp\/v2\/product_tag?post=30686"}],"curies":[{"name":"wp","href":"https:\/\/api.w.org\/{rel}","templated":true}]}}