{"id":30679,"date":"2024-07-15T09:20:50","date_gmt":"2024-07-15T09:20:50","guid":{"rendered":"https:\/\/v6.sellaindustrie.com\/?post_type=product&#038;p=30679"},"modified":"2025-07-17T09:22:06","modified_gmt":"2025-07-17T09:22:06","slug":"nettoyant-tissus-et-moquettes","status":"publish","type":"product","link":"https:\/\/sella-industrie.com\/ar\/product\/nettoyant-tissus-et-moquettes\/","title":{"rendered":"Nettoyant Tissus Et Moquettes"},"content":{"rendered":"<h1 style=\"text-align: center;\" data-start=\"231\" data-end=\"745\"><span style=\"color: #000000;\"><strong>Nettoyant Tissus Et Moquettes<\/strong><\/span><\/h1>\n<h2 style=\"text-align: center;\"><span style=\"color: #000000;\"><strong>\u0645\u0646\u0638\u0641 \u0627\u0644\u0623\u0642\u0645\u0634\u0629 \u0648\u0627\u0644\u0633\u062c\u0627\u062f<\/strong><\/span><\/h2>\n<p data-start=\"231\" data-end=\"745\">Nettoyez et rafra\u00eechissez l\u2019int\u00e9rieur de votre v\u00e9hicule avec le <span style=\"color: #666699;\">n<strong data-start=\"295\" data-end=\"343\">ettoyant tissus et moquettes GS27 essentials<\/strong><\/span>. Sa <span style=\"color: #666699;\"><strong data-start=\"348\" data-end=\"365\">mousse active<\/strong><\/span> \u00e9limine efficacement les taches, ravive les couleurs et respecte les fibres des tissus, si\u00e8ges, moquettes et tapis. Gr\u00e2ce \u00e0 son <span style=\"color: #666699;\"><strong data-start=\"494\" data-end=\"526\">destructeur d\u2019odeurs int\u00e9gr\u00e9<\/strong><\/span>, il laisse un parfum agr\u00e9able tout en neutralisant durablement les mauvaises odeurs. Facile \u00e0 utiliser, ce nettoyant est id\u00e9al pour un entretien rapide et sans effort de toutes les surfaces textiles de votre habitacle.<\/p>\n<ul data-start=\"747\" data-end=\"936\">\n<li data-start=\"747\" data-end=\"791\">\n<p data-start=\"749\" data-end=\"791\">Mousse active nettoyante et antistatique<\/p>\n<\/li>\n<li data-start=\"792\" data-end=\"835\">\n<p data-start=\"794\" data-end=\"835\">Convient \u00e0 tous les tissus et moquettes<\/p>\n<\/li>\n<li data-start=\"836\" data-end=\"888\">\n<p data-start=\"838\" data-end=\"888\">D\u00e9sodorise et rafra\u00eechit l\u2019int\u00e9rieur du v\u00e9hicule<\/p>\n<\/li>\n<li data-start=\"889\" data-end=\"936\">\n<p data-start=\"891\" data-end=\"936\">Application facile avec embout brosse int\u00e9gr\u00e9<\/p>\n<p style=\"text-align: right;\">\u0646\u0638\u0651\u0641 \u0648\u0623\u0646\u0639\u0634 \u0645\u0642\u0635\u0648\u0631\u0629 \u0633\u064a\u0627\u0631\u062a\u0643 \u0627\u0644\u062f\u0627\u062e\u0644\u064a\u0629 \u0645\u0639 <span style=\"color: #666699;\"><strong>\u0645\u0646\u0638\u0641 \u0627\u0644\u0623\u0642\u0645\u0634\u0629 \u0648\u0627\u0644\u0633\u062c\u0627\u062f<\/strong><\/span> . \u0631\u063a\u0648\u062a\u0647 \u0627\u0644\u0641\u0639\u0627\u0644\u0629 \u062a\u0632\u064a\u0644 \u0627\u0644\u0628\u0642\u0639 \u0628\u0641\u0639\u0627\u0644\u064a\u0629\u060c \u0648\u062a\u064f\u0639\u064a\u062f \u0627\u0644\u062d\u064a\u0648\u064a\u0629 \u0644\u0644\u0623\u0644\u0648\u0627\u0646\u060c \u0648\u062a\u064f\u062d\u0627\u0641\u0638 \u0639\u0644\u0649 \u0646\u0639\u0648\u0645\u0629 \u0627\u0644\u0623\u0642\u0645\u0634\u0629 \u0648\u0627\u0644\u0645\u0642\u0627\u0639\u062f \u0648\u0627\u0644\u0633\u062c\u0627\u062f. \u0628\u0641\u0636\u0644 \u0645\u0632\u064a\u0644 \u0627\u0644\u0631\u0648\u0627\u0626\u062d \u0627\u0644\u0645\u064f\u062f\u0645\u062c\u060c \u064a\u064f\u0636\u0641\u064a \u0631\u0627\u0626\u062d\u0629 \u0632\u0643\u064a\u0629 \u0645\u0639 \u0625\u0632\u0627\u0644\u0629 \u0627\u0644\u0631\u0648\u0627\u0626\u062d \u0627\u0644\u0643\u0631\u064a\u0647\u0629 \u0628\u0634\u0643\u0644 \u062f\u0627\u0626\u0645. \u0633\u0647\u0644 \u0627\u0644\u0627\u0633\u062a\u062e\u062f\u0627\u0645\u060c \u064a\u064f\u0639\u062f \u0647\u0630\u0627 \u0627\u0644\u0645\u0646\u0638\u0641 \u0645\u062b\u0627\u0644\u064a\u064b\u0627 \u0644\u0635\u064a\u0627\u0646\u0629 \u0633\u0631\u064a\u0639\u0629 \u0648\u0633\u0647\u0644\u0629 \u0644\u062c\u0645\u064a\u0639 \u0623\u0633\u0637\u062d \u0627\u0644\u0623\u0642\u0645\u0634\u0629 \u0641\u064a \u0633\u064a\u0627\u0631\u062a\u0643<\/p>\n<p style=\"text-align: right;\">\u062a\u0646\u0638\u064a\u0641 \u0641\u0639\u0627\u0644 \u0648\u0631\u063a\u0648\u0629 \u0645\u0636\u0627\u062f\u0629 \u0644\u0644\u0643\u0647\u0631\u0628\u0627\u0621 \u0627\u0644\u0633\u0627\u0643\u0646\u0629<\/p>\n<p style=\"text-align: right;\">\u0645\u0646\u0627\u0633\u0628 \u0644\u062c\u0645\u064a\u0639 \u0627\u0644\u0623\u0642\u0645\u0634\u0629 \u0648\u0627\u0644\u0633\u062c\u0627\u062f<\/p>\n<p style=\"text-align: right;\">\u064a\u064f\u0632\u064a\u0644 \u0627\u0644\u0631\u0648\u0627\u0626\u062d \u0648\u064a\u064f\u0646\u0639\u0634 \u0645\u0642\u0635\u0648\u0631\u0629 \u0627\u0644\u0633\u064a\u0627\u0631\u0629 \u0627\u0644\u062f\u0627\u062e\u0644\u064a\u0629<\/p>\n<p style=\"text-align: right;\">\u0633\u0647\u0644 \u0627\u0644\u0627\u0633\u062a\u062e\u062f\u0627\u0645 \u0645\u0639 \u0641\u0631\u0634\u0627\u0629 \u0645\u064f\u062f\u0645\u062c\u0629<\/p>\n<\/li>\n<\/ul>","protected":false},"excerpt":{"rendered":"<p>Le<strong> <span style=\"color: #666699;\">Nettoyant tissus et moquettes<\/span><\/strong> est un Nettoyant mousse 2-en-1 pour tissus auto : \u00e9limine les taches, neutralise les odeurs et ravive les couleurs en un seul geste.<\/p>\n<p style=\"text-align: right;\">.<span style=\"color: #666699;\"><strong>\u0645\u0646\u0638\u0641 \u200b\u200b\u0627\u0644\u0623\u0642\u0645\u0634\u0629 \u0648\u0627\u0644\u0633\u062c\u0627\u062f<\/strong><\/span> \u0647\u0648 \u0645\u0646\u0638\u0641 \u0631\u063a\u0648\u064a 2 \u0641\u064a 1 \u0644\u062a\u0646\u062c\u064a\u062f \u0627\u0644\u0633\u064a\u0627\u0631\u0629: \u064a\u0632\u064a\u0644 \u0627\u0644\u0628\u0642\u0639\u060c \u0648\u064a\u062d\u064a\u062f \u0627\u0644\u0631\u0648\u0627\u0626\u062d\u060c \u0648\u064a\u0646\u0639\u0634 \u0627\u0644\u0623\u0644\u0648\u0627\u0646 \u0641\u064a \u062e\u0637\u0648\u0629 \u0648\u0627\u062d\u062f\u0629<\/p>","protected":false},"featured_media":30680,"comment_status":"open","ping_status":"closed","template":"","meta":[],"product_brand":[312],"product_cat":[582],"product_tag":[577,309],"class_list":{"0":"post-30679","1":"product","2":"type-product","3":"status-publish","4":"has-post-thumbnail","6":"product_brand-gs-27","7":"product_cat-produits-dentretien-auto-gs27","8":"product_tag-nettoyant-tissus-moquettes","9":"product_tag-new","11":"first","12":"instock","13":"taxable","14":"shipping-taxable","15":"purchasable","16":"product-type-simple"},"yoast_head":"<!-- This site is optimized with the Yoast SEO plugin v27.4 - https:\/\/yoast.com\/product\/yoast-seo-wordpress\/ -->\n<title>Nettoyant Tissus Et Moquettes - Boutique &quot;V6&quot;<\/title>\n<meta name=\"robots\" content=\"index, follow, max-snippet:-1, max-image-preview:large, max-video-preview:-1\" \/>\n<link rel=\"canonical\" href=\"https:\/\/sella-industrie.com\/ar\/product\/nettoyant-tissus-moquettes\/\" \/>\n<meta property=\"og:locale\" content=\"ar_AR\" \/>\n<meta property=\"og:type\" content=\"article\" \/>\n<meta property=\"og:title\" content=\"Nettoyant Tissus Et Moquettes - Boutique &quot;V6&quot;\" \/>\n<meta property=\"og:description\" content=\"Le Nettoyant tissus et moquettes est un Nettoyant mousse 2-en-1 pour tissus auto : \u00e9limine les taches, neutralise les odeurs et ravive les couleurs en un seul geste. .\u0645\u0646\u0638\u0641 \u200b\u200b\u0627\u0644\u0623\u0642\u0645\u0634\u0629 \u0648\u0627\u0644\u0633\u062c\u0627\u062f \u0647\u0648 \u0645\u0646\u0638\u0641 \u0631\u063a\u0648\u064a 2 \u0641\u064a 1 \u0644\u062a\u0646\u062c\u064a\u062f \u0627\u0644\u0633\u064a\u0627\u0631\u0629: \u064a\u0632\u064a\u0644 \u0627\u0644\u0628\u0642\u0639\u060c \u0648\u064a\u062d\u064a\u062f \u0627\u0644\u0631\u0648\u0627\u0626\u062d\u060c \u0648\u064a\u0646\u0639\u0634 \u0627\u0644\u0623\u0644\u0648\u0627\u0646 \u0641\u064a \u062e\u0637\u0648\u0629 \u0648\u0627\u062d\u062f\u0629\" \/>\n<meta property=\"og:url\" content=\"https:\/\/sella-industrie.com\/ar\/product\/nettoyant-tissus-moquettes\/\" \/>\n<meta property=\"og:site_name\" content=\"Boutique &quot;V6&quot;\" \/>\n<meta property=\"article:modified_time\" content=\"2025-07-17T09:22:06+00:00\" \/>\n<meta property=\"og:image\" content=\"https:\/\/sella-industrie.com\/wp-content\/uploads\/2024\/07\/NETTOYANT-TISSUS-MOQUETTES-LES-ESSENTIELS-400-ML-GM110261-IMG.png\" \/>\n\t<meta property=\"og:image:width\" content=\"800\" \/>\n\t<meta property=\"og:image:height\" content=\"800\" \/>\n\t<meta property=\"og:image:type\" content=\"image\/png\" \/>\n<meta name=\"twitter:card\" content=\"summary_large_image\" \/>\n<meta name=\"twitter:label1\" content=\"\u0627\u0644\u0633\u0639\u0631\" \/>\n\t<meta name=\"twitter:data1\" content=\"&#x62f;.&#x62c;&nbsp;1.800\" \/>\n\t<meta name=\"twitter:label2\" content=\"\u0627\u0644\u062a\u0648\u0641\u0631\" \/>\n\t<meta name=\"twitter:data2\" content=\"\u0645\u062a\u0648\u0641\u0631 \u0641\u064a \u0627\u0644\u0645\u062e\u0632\u0648\u0646\" \/>\n<script type=\"application\/ld+json\" class=\"yoast-schema-graph\">{\"@context\":\"https:\\\/\\\/schema.org\",\"@graph\":[{\"@type\":\"WebPage\",\"@id\":\"https:\\\/\\\/sella-industrie.com\\\/produit\\\/nettoyant-tissus-moquettes\\\/\",\"url\":\"https:\\\/\\\/sella-industrie.com\\\/produit\\\/nettoyant-tissus-moquettes\\\/\",\"name\":\"Nettoyant Tissus Et Moquettes - Boutique &quot;V6&quot;\",\"isPartOf\":{\"@id\":\"https:\\\/\\\/sella-industrie.com\\\/#website\"},\"primaryImageOfPage\":{\"@id\":\"https:\\\/\\\/sella-industrie.com\\\/produit\\\/nettoyant-tissus-moquettes\\\/#primaryimage\"},\"image\":{\"@id\":\"https:\\\/\\\/sella-industrie.com\\\/produit\\\/nettoyant-tissus-moquettes\\\/#primaryimage\"},\"thumbnailUrl\":\"https:\\\/\\\/sella-industrie.com\\\/wp-content\\\/uploads\\\/2024\\\/07\\\/NETTOYANT-TISSUS-MOQUETTES-LES-ESSENTIELS-400-ML-GM110261-IMG.png\",\"datePublished\":\"2024-07-15T09:20:50+00:00\",\"dateModified\":\"2025-07-17T09:22:06+00:00\",\"breadcrumb\":{\"@id\":\"https:\\\/\\\/sella-industrie.com\\\/produit\\\/nettoyant-tissus-moquettes\\\/#breadcrumb\"},\"inLanguage\":\"ar\",\"potentialAction\":[{\"@type\":\"ReadAction\",\"target\":[\"https:\\\/\\\/sella-industrie.com\\\/produit\\\/nettoyant-tissus-moquettes\\\/\"]}]},{\"@type\":\"ImageObject\",\"inLanguage\":\"ar\",\"@id\":\"https:\\\/\\\/sella-industrie.com\\\/produit\\\/nettoyant-tissus-moquettes\\\/#primaryimage\",\"url\":\"https:\\\/\\\/sella-industrie.com\\\/wp-content\\\/uploads\\\/2024\\\/07\\\/NETTOYANT-TISSUS-MOQUETTES-LES-ESSENTIELS-400-ML-GM110261-IMG.png\",\"contentUrl\":\"https:\\\/\\\/sella-industrie.com\\\/wp-content\\\/uploads\\\/2024\\\/07\\\/NETTOYANT-TISSUS-MOQUETTES-LES-ESSENTIELS-400-ML-GM110261-IMG.png\",\"width\":800,\"height\":800,\"caption\":\"Nettoyant Tissus Et Moquettes\"},{\"@type\":\"BreadcrumbList\",\"@id\":\"https:\\\/\\\/sella-industrie.com\\\/produit\\\/nettoyant-tissus-moquettes\\\/#breadcrumb\",\"itemListElement\":[{\"@type\":\"ListItem\",\"position\":1,\"name\":\"Accueil\",\"item\":\"https:\\\/\\\/sella-industrie.com\\\/fr_fr\\\/\"},{\"@type\":\"ListItem\",\"position\":2,\"name\":\"Shop\",\"item\":\"https:\\\/\\\/sella-industrie.com\\\/fr_fr\\\/shop\\\/\"},{\"@type\":\"ListItem\",\"position\":3,\"name\":\"GS27, Produits d'Entretien Auto\",\"item\":\"https:\\\/\\\/sella-industrie.com\\\/categorie-produit\\\/produits-dentretien-auto-gs27\\\/\"},{\"@type\":\"ListItem\",\"position\":4,\"name\":\"NETTOYANT TISSUS &#038; MOQUETTES\"}]},{\"@type\":\"WebSite\",\"@id\":\"https:\\\/\\\/sella-industrie.com\\\/#website\",\"url\":\"https:\\\/\\\/sella-industrie.com\\\/\",\"name\":\"Boutique &quot;V6&quot;\",\"description\":\"We care for your car\",\"publisher\":{\"@id\":\"https:\\\/\\\/sella-industrie.com\\\/#organization\"},\"potentialAction\":[{\"@type\":\"SearchAction\",\"target\":{\"@type\":\"EntryPoint\",\"urlTemplate\":\"https:\\\/\\\/sella-industrie.com\\\/?s={search_term_string}\"},\"query-input\":{\"@type\":\"PropertyValueSpecification\",\"valueRequired\":true,\"valueName\":\"search_term_string\"}}],\"inLanguage\":\"ar\"},{\"@type\":\"Organization\",\"@id\":\"https:\\\/\\\/sella-industrie.com\\\/#organization\",\"name\":\"Boutique &quot;V6&quot;\",\"url\":\"https:\\\/\\\/sella-industrie.com\\\/\",\"logo\":{\"@type\":\"ImageObject\",\"inLanguage\":\"ar\",\"@id\":\"https:\\\/\\\/sella-industrie.com\\\/#\\\/schema\\\/logo\\\/image\\\/\",\"url\":\"\",\"contentUrl\":\"\",\"caption\":\"Boutique &quot;V6&quot;\"},\"image\":{\"@id\":\"https:\\\/\\\/sella-industrie.com\\\/#\\\/schema\\\/logo\\\/image\\\/\"}}]}<\/script>\n<meta property=\"product:price:amount\" content=\"1800\" \/>\n<meta property=\"product:price:currency\" content=\"DZD\" \/>\n<meta property=\"og:availability\" content=\"instock\" \/>\n<meta property=\"product:availability\" content=\"instock\" \/>\n<meta property=\"product:condition\" content=\"new\" \/>\n<!-- \/ Yoast SEO plugin. -->","yoast_head_json":{"title":"Nettoyant Tissus Et Moquettes - Boutique &quot;V6&quot;","robots":{"index":"index","follow":"follow","max-snippet":"max-snippet:-1","max-image-preview":"max-image-preview:large","max-video-preview":"max-video-preview:-1"},"canonical":"https:\/\/sella-industrie.com\/ar\/product\/nettoyant-tissus-moquettes\/","og_locale":"ar_AR","og_type":"article","og_title":"Nettoyant Tissus Et Moquettes - Boutique &quot;V6&quot;","og_description":"Le Nettoyant tissus et moquettes est un Nettoyant mousse 2-en-1 pour tissus auto : \u00e9limine les taches, neutralise les odeurs et ravive les couleurs en un seul geste. .\u0645\u0646\u0638\u0641 \u200b\u200b\u0627\u0644\u0623\u0642\u0645\u0634\u0629 \u0648\u0627\u0644\u0633\u062c\u0627\u062f \u0647\u0648 \u0645\u0646\u0638\u0641 \u0631\u063a\u0648\u064a 2 \u0641\u064a 1 \u0644\u062a\u0646\u062c\u064a\u062f \u0627\u0644\u0633\u064a\u0627\u0631\u0629: \u064a\u0632\u064a\u0644 \u0627\u0644\u0628\u0642\u0639\u060c \u0648\u064a\u062d\u064a\u062f \u0627\u0644\u0631\u0648\u0627\u0626\u062d\u060c \u0648\u064a\u0646\u0639\u0634 \u0627\u0644\u0623\u0644\u0648\u0627\u0646 \u0641\u064a \u062e\u0637\u0648\u0629 \u0648\u0627\u062d\u062f\u0629","og_url":"https:\/\/sella-industrie.com\/ar\/product\/nettoyant-tissus-moquettes\/","og_site_name":"Boutique &quot;V6&quot;","article_modified_time":"2025-07-17T09:22:06+00:00","og_image":[{"width":800,"height":800,"url":"https:\/\/sella-industrie.com\/wp-content\/uploads\/2024\/07\/NETTOYANT-TISSUS-MOQUETTES-LES-ESSENTIELS-400-ML-GM110261-IMG.png","type":"image\/png"}],"twitter_card":"summary_large_image","twitter_misc":{"\u0627\u0644\u0633\u0639\u0631":"&#x62f;.&#x62c;&nbsp;1.800","\u0627\u0644\u062a\u0648\u0641\u0631":"\u0645\u062a\u0648\u0641\u0631 \u0641\u064a \u0627\u0644\u0645\u062e\u0632\u0648\u0646"},"schema":{"@context":"https:\/\/schema.org","@graph":[{"@type":"WebPage","@id":"https:\/\/sella-industrie.com\/produit\/nettoyant-tissus-moquettes\/","url":"https:\/\/sella-industrie.com\/produit\/nettoyant-tissus-moquettes\/","name":"Nettoyant Tissus Et Moquettes - Boutique &quot;V6&quot;","isPartOf":{"@id":"https:\/\/sella-industrie.com\/#website"},"primaryImageOfPage":{"@id":"https:\/\/sella-industrie.com\/produit\/nettoyant-tissus-moquettes\/#primaryimage"},"image":{"@id":"https:\/\/sella-industrie.com\/produit\/nettoyant-tissus-moquettes\/#primaryimage"},"thumbnailUrl":"https:\/\/sella-industrie.com\/wp-content\/uploads\/2024\/07\/NETTOYANT-TISSUS-MOQUETTES-LES-ESSENTIELS-400-ML-GM110261-IMG.png","datePublished":"2024-07-15T09:20:50+00:00","dateModified":"2025-07-17T09:22:06+00:00","breadcrumb":{"@id":"https:\/\/sella-industrie.com\/produit\/nettoyant-tissus-moquettes\/#breadcrumb"},"inLanguage":"ar","potentialAction":[{"@type":"ReadAction","target":["https:\/\/sella-industrie.com\/produit\/nettoyant-tissus-moquettes\/"]}]},{"@type":"ImageObject","inLanguage":"ar","@id":"https:\/\/sella-industrie.com\/produit\/nettoyant-tissus-moquettes\/#primaryimage","url":"https:\/\/sella-industrie.com\/wp-content\/uploads\/2024\/07\/NETTOYANT-TISSUS-MOQUETTES-LES-ESSENTIELS-400-ML-GM110261-IMG.png","contentUrl":"https:\/\/sella-industrie.com\/wp-content\/uploads\/2024\/07\/NETTOYANT-TISSUS-MOQUETTES-LES-ESSENTIELS-400-ML-GM110261-IMG.png","width":800,"height":800,"caption":"Nettoyant Tissus Et Moquettes"},{"@type":"BreadcrumbList","@id":"https:\/\/sella-industrie.com\/produit\/nettoyant-tissus-moquettes\/#breadcrumb","itemListElement":[{"@type":"ListItem","position":1,"name":"Accueil","item":"https:\/\/sella-industrie.com\/fr_fr\/"},{"@type":"ListItem","position":2,"name":"Shop","item":"https:\/\/sella-industrie.com\/fr_fr\/shop\/"},{"@type":"ListItem","position":3,"name":"GS27, Produits d'Entretien Auto","item":"https:\/\/sella-industrie.com\/categorie-produit\/produits-dentretien-auto-gs27\/"},{"@type":"ListItem","position":4,"name":"NETTOYANT TISSUS &#038; MOQUETTES"}]},{"@type":"WebSite","@id":"https:\/\/sella-industrie.com\/#website","url":"https:\/\/sella-industrie.com\/","name":"Boutique &quot;V6&quot;","description":"We care for your car","publisher":{"@id":"https:\/\/sella-industrie.com\/#organization"},"potentialAction":[{"@type":"SearchAction","target":{"@type":"EntryPoint","urlTemplate":"https:\/\/sella-industrie.com\/?s={search_term_string}"},"query-input":{"@type":"PropertyValueSpecification","valueRequired":true,"valueName":"search_term_string"}}],"inLanguage":"ar"},{"@type":"Organization","@id":"https:\/\/sella-industrie.com\/#organization","name":"Boutique &quot;V6&quot;","url":"https:\/\/sella-industrie.com\/","logo":{"@type":"ImageObject","inLanguage":"ar","@id":"https:\/\/sella-industrie.com\/#\/schema\/logo\/image\/","url":"","contentUrl":"","caption":"Boutique &quot;V6&quot;"},"image":{"@id":"https:\/\/sella-industrie.com\/#\/schema\/logo\/image\/"}}]},"product_price_amount":"1800","product_price_currency":"DZD","og_availability":"instock","product_availability":"instock","product_condition":"new"},"_links":{"self":[{"href":"https:\/\/sella-industrie.com\/ar\/wp-json\/wp\/v2\/product\/30679","targetHints":{"allow":["GET"]}}],"collection":[{"href":"https:\/\/sella-industrie.com\/ar\/wp-json\/wp\/v2\/product"}],"about":[{"href":"https:\/\/sella-industrie.com\/ar\/wp-json\/wp\/v2\/types\/product"}],"replies":[{"embeddable":true,"href":"https:\/\/sella-industrie.com\/ar\/wp-json\/wp\/v2\/comments?post=30679"}],"wp:featuredmedia":[{"embeddable":true,"href":"https:\/\/sella-industrie.com\/ar\/wp-json\/wp\/v2\/media\/30680"}],"wp:attachment":[{"href":"https:\/\/sella-industrie.com\/ar\/wp-json\/wp\/v2\/media?parent=30679"}],"wp:term":[{"taxonomy":"product_brand","embeddable":true,"href":"https:\/\/sella-industrie.com\/ar\/wp-json\/wp\/v2\/product_brand?post=30679"},{"taxonomy":"product_cat","embeddable":true,"href":"https:\/\/sella-industrie.com\/ar\/wp-json\/wp\/v2\/product_cat?post=30679"},{"taxonomy":"product_tag","embeddable":true,"href":"https:\/\/sella-industrie.com\/ar\/wp-json\/wp\/v2\/product_tag?post=30679"}],"curies":[{"name":"wp","href":"https:\/\/api.w.org\/{rel}","templated":true}]}}