{"id":30664,"date":"2024-07-15T09:10:00","date_gmt":"2024-07-15T09:10:00","guid":{"rendered":"https:\/\/v6.sellaindustrie.com\/?post_type=product&#038;p=30664"},"modified":"2025-07-09T08:26:07","modified_gmt":"2025-07-09T08:26:07","slug":"nettoyant-multi-usages","status":"publish","type":"product","link":"https:\/\/sella-industrie.com\/ar\/product\/nettoyant-multi-usages\/","title":{"rendered":"\u0645\u0646\u0638\u0641 \u200b\u200b\u0645\u062a\u0639\u062f\u062f \u0627\u0644\u0627\u0633\u062a\u0639\u0645\u0627\u0644"},"content":{"rendered":"","protected":false},"excerpt":{"rendered":"<p>Le Nettoyant Multi-Usages GS27 Les Essentiels permet de nettoyer tous types de salissures et de d\u00e9tacher l&rsquo;int\u00e9rieur de son v\u00e9hicule en un seul geste. Pratique, il est compatible sur tous les mat\u00e9riaux, plastiques, tissus, cuirs, vinyle, etc. et laisse une odeur agr\u00e9able dans l&rsquo;habitacle.<br \/>\n\u0644\u0644\u0639\u0646\u0627\u064a\u0629 \u0627\u0644\u0643\u0627\u0645\u0644\u0629 \u0628\u062c\u0644\u062f\u0643\u060c \u0627\u0633\u062a\u062e\u062f\u0645\u064a \u0628\u0644\u0633\u0645 \u0627\u0644\u062c\u0644\u062f.<br \/>\nR\u00e9f\u00e9rence : GM120152<br \/>\n750ml &#8211; GS27 Les Essentiels.<\/p>","protected":false},"featured_media":30665,"comment_status":"open","ping_status":"closed","template":"","meta":[],"product_brand":[312],"product_cat":[582],"product_tag":[575,309],"class_list":{"0":"post-30664","1":"product","2":"type-product","3":"status-publish","4":"has-post-thumbnail","6":"product_brand-gs-27","7":"product_cat-produits-dentretien-auto-gs27","8":"product_tag-nettoyant-multi-usages","9":"product_tag-new","11":"first","12":"instock","13":"taxable","14":"shipping-taxable","15":"product-type-simple"},"yoast_head":"<!-- This site is optimized with the Yoast SEO plugin v27.4 - https:\/\/yoast.com\/product\/yoast-seo-wordpress\/ -->\n<title>NETTOYANT MULTI USAGES - Boutique &quot;V6&quot;<\/title>\n<meta name=\"robots\" content=\"index, follow, max-snippet:-1, max-image-preview:large, max-video-preview:-1\" \/>\n<link rel=\"canonical\" href=\"https:\/\/sella-industrie.com\/ar\/product\/nettoyant-multi-usages\/\" \/>\n<meta property=\"og:locale\" content=\"ar_AR\" \/>\n<meta property=\"og:type\" content=\"article\" \/>\n<meta property=\"og:title\" content=\"NETTOYANT MULTI USAGES - Boutique &quot;V6&quot;\" \/>\n<meta property=\"og:description\" content=\"Le Nettoyant Multi-Usages GS27 Les Essentiels permet de nettoyer tous types de salissures et de d\u00e9tacher l&#039;int\u00e9rieur de son v\u00e9hicule en un seul geste. Pratique, il est compatible sur tous les mat\u00e9riaux, plastiques, tissus, cuirs, vinyle, etc. et laisse une odeur agr\u00e9able dans l&#039;habitacle. Pour un entretien complet de vos cuirs, utilisez le Baume Cuir. R\u00e9f\u00e9rence : GM120152 750ml - GS27 Les Essentiels.\" \/>\n<meta property=\"og:url\" content=\"https:\/\/sella-industrie.com\/ar\/product\/nettoyant-multi-usages\/\" \/>\n<meta property=\"og:site_name\" content=\"Boutique &quot;V6&quot;\" \/>\n<meta property=\"article:modified_time\" content=\"2025-07-09T08:26:07+00:00\" \/>\n<meta property=\"og:image\" content=\"https:\/\/sella-industrie.com\/wp-content\/uploads\/2024\/07\/NETTOYANT-MULTI-USAGES-LES-ESSENTIELS-750-ML-GM120152-IMG.png\" \/>\n\t<meta property=\"og:image:width\" content=\"1000\" \/>\n\t<meta property=\"og:image:height\" content=\"1000\" \/>\n\t<meta property=\"og:image:type\" content=\"image\/png\" \/>\n<meta name=\"twitter:card\" content=\"summary_large_image\" \/>\n<meta name=\"twitter:label1\" content=\"\u0627\u0644\u0633\u0639\u0631\" \/>\n\t<meta name=\"twitter:data1\" content=\"\" \/>\n\t<meta name=\"twitter:label2\" content=\"\u0627\u0644\u062a\u0648\u0641\u0631\" \/>\n\t<meta name=\"twitter:data2\" content=\"\u0645\u062a\u0648\u0641\u0631 \u0641\u064a \u0627\u0644\u0645\u062e\u0632\u0648\u0646\" \/>\n<script type=\"application\/ld+json\" class=\"yoast-schema-graph\">{\"@context\":\"https:\\\/\\\/schema.org\",\"@graph\":[{\"@type\":\"WebPage\",\"@id\":\"https:\\\/\\\/sella-industrie.com\\\/produit\\\/nettoyant-multi-usages\\\/\",\"url\":\"https:\\\/\\\/sella-industrie.com\\\/produit\\\/nettoyant-multi-usages\\\/\",\"name\":\"NETTOYANT MULTI USAGES - Boutique &quot;V6&quot;\",\"isPartOf\":{\"@id\":\"https:\\\/\\\/sella-industrie.com\\\/#website\"},\"primaryImageOfPage\":{\"@id\":\"https:\\\/\\\/sella-industrie.com\\\/produit\\\/nettoyant-multi-usages\\\/#primaryimage\"},\"image\":{\"@id\":\"https:\\\/\\\/sella-industrie.com\\\/produit\\\/nettoyant-multi-usages\\\/#primaryimage\"},\"thumbnailUrl\":\"https:\\\/\\\/sella-industrie.com\\\/wp-content\\\/uploads\\\/2024\\\/07\\\/NETTOYANT-MULTI-USAGES-LES-ESSENTIELS-750-ML-GM120152-IMG.png\",\"datePublished\":\"2024-07-15T09:10:00+00:00\",\"dateModified\":\"2025-07-09T08:26:07+00:00\",\"breadcrumb\":{\"@id\":\"https:\\\/\\\/sella-industrie.com\\\/produit\\\/nettoyant-multi-usages\\\/#breadcrumb\"},\"inLanguage\":\"ar\",\"potentialAction\":[{\"@type\":\"ReadAction\",\"target\":[\"https:\\\/\\\/sella-industrie.com\\\/produit\\\/nettoyant-multi-usages\\\/\"]}]},{\"@type\":\"ImageObject\",\"inLanguage\":\"ar\",\"@id\":\"https:\\\/\\\/sella-industrie.com\\\/produit\\\/nettoyant-multi-usages\\\/#primaryimage\",\"url\":\"https:\\\/\\\/sella-industrie.com\\\/wp-content\\\/uploads\\\/2024\\\/07\\\/NETTOYANT-MULTI-USAGES-LES-ESSENTIELS-750-ML-GM120152-IMG.png\",\"contentUrl\":\"https:\\\/\\\/sella-industrie.com\\\/wp-content\\\/uploads\\\/2024\\\/07\\\/NETTOYANT-MULTI-USAGES-LES-ESSENTIELS-750-ML-GM120152-IMG.png\",\"width\":1000,\"height\":1000,\"caption\":\"NETTOYANT MULTI USAGES\"},{\"@type\":\"BreadcrumbList\",\"@id\":\"https:\\\/\\\/sella-industrie.com\\\/produit\\\/nettoyant-multi-usages\\\/#breadcrumb\",\"itemListElement\":[{\"@type\":\"ListItem\",\"position\":1,\"name\":\"Accueil\",\"item\":\"https:\\\/\\\/sella-industrie.com\\\/fr_fr\\\/\"},{\"@type\":\"ListItem\",\"position\":2,\"name\":\"Shop\",\"item\":\"https:\\\/\\\/sella-industrie.com\\\/fr_fr\\\/shop\\\/\"},{\"@type\":\"ListItem\",\"position\":3,\"name\":\"GS27, Produits d'Entretien Auto\",\"item\":\"https:\\\/\\\/sella-industrie.com\\\/categorie-produit\\\/produits-dentretien-auto-gs27\\\/\"},{\"@type\":\"ListItem\",\"position\":4,\"name\":\"NETTOYANT MULTI USAGES\"}]},{\"@type\":\"WebSite\",\"@id\":\"https:\\\/\\\/sella-industrie.com\\\/#website\",\"url\":\"https:\\\/\\\/sella-industrie.com\\\/\",\"name\":\"Boutique &quot;V6&quot;\",\"description\":\"We care for your car\",\"publisher\":{\"@id\":\"https:\\\/\\\/sella-industrie.com\\\/#organization\"},\"potentialAction\":[{\"@type\":\"SearchAction\",\"target\":{\"@type\":\"EntryPoint\",\"urlTemplate\":\"https:\\\/\\\/sella-industrie.com\\\/?s={search_term_string}\"},\"query-input\":{\"@type\":\"PropertyValueSpecification\",\"valueRequired\":true,\"valueName\":\"search_term_string\"}}],\"inLanguage\":\"ar\"},{\"@type\":\"Organization\",\"@id\":\"https:\\\/\\\/sella-industrie.com\\\/#organization\",\"name\":\"Boutique &quot;V6&quot;\",\"url\":\"https:\\\/\\\/sella-industrie.com\\\/\",\"logo\":{\"@type\":\"ImageObject\",\"inLanguage\":\"ar\",\"@id\":\"https:\\\/\\\/sella-industrie.com\\\/#\\\/schema\\\/logo\\\/image\\\/\",\"url\":\"\",\"contentUrl\":\"\",\"caption\":\"Boutique &quot;V6&quot;\"},\"image\":{\"@id\":\"https:\\\/\\\/sella-industrie.com\\\/#\\\/schema\\\/logo\\\/image\\\/\"}}]}<\/script>\n<meta property=\"product:price:currency\" content=\"DZD\" \/>\n<meta property=\"og:availability\" content=\"instock\" \/>\n<meta property=\"product:availability\" content=\"instock\" \/>\n<meta property=\"product:condition\" content=\"new\" \/>\n<!-- \/ Yoast SEO plugin. -->","yoast_head_json":{"title":"NETTOYANT MULTI USAGES - Boutique &quot;V6&quot;","robots":{"index":"index","follow":"follow","max-snippet":"max-snippet:-1","max-image-preview":"max-image-preview:large","max-video-preview":"max-video-preview:-1"},"canonical":"https:\/\/sella-industrie.com\/ar\/product\/nettoyant-multi-usages\/","og_locale":"ar_AR","og_type":"article","og_title":"NETTOYANT MULTI USAGES - Boutique &quot;V6&quot;","og_description":"Le Nettoyant Multi-Usages GS27 Les Essentiels permet de nettoyer tous types de salissures et de d\u00e9tacher l'int\u00e9rieur de son v\u00e9hicule en un seul geste. Pratique, il est compatible sur tous les mat\u00e9riaux, plastiques, tissus, cuirs, vinyle, etc. et laisse une odeur agr\u00e9able dans l'habitacle. Pour un entretien complet de vos cuirs, utilisez le Baume Cuir. R\u00e9f\u00e9rence : GM120152 750ml - GS27 Les Essentiels.","og_url":"https:\/\/sella-industrie.com\/ar\/product\/nettoyant-multi-usages\/","og_site_name":"Boutique &quot;V6&quot;","article_modified_time":"2025-07-09T08:26:07+00:00","og_image":[{"width":1000,"height":1000,"url":"https:\/\/sella-industrie.com\/wp-content\/uploads\/2024\/07\/NETTOYANT-MULTI-USAGES-LES-ESSENTIELS-750-ML-GM120152-IMG.png","type":"image\/png"}],"twitter_card":"summary_large_image","twitter_misc":{"\u0627\u0644\u0633\u0639\u0631":"","\u0627\u0644\u062a\u0648\u0641\u0631":"\u0645\u062a\u0648\u0641\u0631 \u0641\u064a \u0627\u0644\u0645\u062e\u0632\u0648\u0646"},"schema":{"@context":"https:\/\/schema.org","@graph":[{"@type":"WebPage","@id":"https:\/\/sella-industrie.com\/produit\/nettoyant-multi-usages\/","url":"https:\/\/sella-industrie.com\/produit\/nettoyant-multi-usages\/","name":"NETTOYANT MULTI USAGES - Boutique &quot;V6&quot;","isPartOf":{"@id":"https:\/\/sella-industrie.com\/#website"},"primaryImageOfPage":{"@id":"https:\/\/sella-industrie.com\/produit\/nettoyant-multi-usages\/#primaryimage"},"image":{"@id":"https:\/\/sella-industrie.com\/produit\/nettoyant-multi-usages\/#primaryimage"},"thumbnailUrl":"https:\/\/sella-industrie.com\/wp-content\/uploads\/2024\/07\/NETTOYANT-MULTI-USAGES-LES-ESSENTIELS-750-ML-GM120152-IMG.png","datePublished":"2024-07-15T09:10:00+00:00","dateModified":"2025-07-09T08:26:07+00:00","breadcrumb":{"@id":"https:\/\/sella-industrie.com\/produit\/nettoyant-multi-usages\/#breadcrumb"},"inLanguage":"ar","potentialAction":[{"@type":"ReadAction","target":["https:\/\/sella-industrie.com\/produit\/nettoyant-multi-usages\/"]}]},{"@type":"ImageObject","inLanguage":"ar","@id":"https:\/\/sella-industrie.com\/produit\/nettoyant-multi-usages\/#primaryimage","url":"https:\/\/sella-industrie.com\/wp-content\/uploads\/2024\/07\/NETTOYANT-MULTI-USAGES-LES-ESSENTIELS-750-ML-GM120152-IMG.png","contentUrl":"https:\/\/sella-industrie.com\/wp-content\/uploads\/2024\/07\/NETTOYANT-MULTI-USAGES-LES-ESSENTIELS-750-ML-GM120152-IMG.png","width":1000,"height":1000,"caption":"NETTOYANT MULTI USAGES"},{"@type":"BreadcrumbList","@id":"https:\/\/sella-industrie.com\/produit\/nettoyant-multi-usages\/#breadcrumb","itemListElement":[{"@type":"ListItem","position":1,"name":"Accueil","item":"https:\/\/sella-industrie.com\/fr_fr\/"},{"@type":"ListItem","position":2,"name":"Shop","item":"https:\/\/sella-industrie.com\/fr_fr\/shop\/"},{"@type":"ListItem","position":3,"name":"GS27, Produits d'Entretien Auto","item":"https:\/\/sella-industrie.com\/categorie-produit\/produits-dentretien-auto-gs27\/"},{"@type":"ListItem","position":4,"name":"NETTOYANT MULTI USAGES"}]},{"@type":"WebSite","@id":"https:\/\/sella-industrie.com\/#website","url":"https:\/\/sella-industrie.com\/","name":"Boutique &quot;V6&quot;","description":"We care for your car","publisher":{"@id":"https:\/\/sella-industrie.com\/#organization"},"potentialAction":[{"@type":"SearchAction","target":{"@type":"EntryPoint","urlTemplate":"https:\/\/sella-industrie.com\/?s={search_term_string}"},"query-input":{"@type":"PropertyValueSpecification","valueRequired":true,"valueName":"search_term_string"}}],"inLanguage":"ar"},{"@type":"Organization","@id":"https:\/\/sella-industrie.com\/#organization","name":"Boutique &quot;V6&quot;","url":"https:\/\/sella-industrie.com\/","logo":{"@type":"ImageObject","inLanguage":"ar","@id":"https:\/\/sella-industrie.com\/#\/schema\/logo\/image\/","url":"","contentUrl":"","caption":"Boutique &quot;V6&quot;"},"image":{"@id":"https:\/\/sella-industrie.com\/#\/schema\/logo\/image\/"}}]},"product_price_currency":"DZD","og_availability":"instock","product_availability":"instock","product_condition":"new"},"_links":{"self":[{"href":"https:\/\/sella-industrie.com\/ar\/wp-json\/wp\/v2\/product\/30664","targetHints":{"allow":["GET"]}}],"collection":[{"href":"https:\/\/sella-industrie.com\/ar\/wp-json\/wp\/v2\/product"}],"about":[{"href":"https:\/\/sella-industrie.com\/ar\/wp-json\/wp\/v2\/types\/product"}],"replies":[{"embeddable":true,"href":"https:\/\/sella-industrie.com\/ar\/wp-json\/wp\/v2\/comments?post=30664"}],"wp:featuredmedia":[{"embeddable":true,"href":"https:\/\/sella-industrie.com\/ar\/wp-json\/wp\/v2\/media\/30665"}],"wp:attachment":[{"href":"https:\/\/sella-industrie.com\/ar\/wp-json\/wp\/v2\/media?parent=30664"}],"wp:term":[{"taxonomy":"product_brand","embeddable":true,"href":"https:\/\/sella-industrie.com\/ar\/wp-json\/wp\/v2\/product_brand?post=30664"},{"taxonomy":"product_cat","embeddable":true,"href":"https:\/\/sella-industrie.com\/ar\/wp-json\/wp\/v2\/product_cat?post=30664"},{"taxonomy":"product_tag","embeddable":true,"href":"https:\/\/sella-industrie.com\/ar\/wp-json\/wp\/v2\/product_tag?post=30664"}],"curies":[{"name":"wp","href":"https:\/\/api.w.org\/{rel}","templated":true}]}}