{"id":30648,"date":"2024-07-15T08:58:11","date_gmt":"2024-07-15T08:58:11","guid":{"rendered":"https:\/\/v6.sellaindustrie.com\/?post_type=product&#038;p=30648"},"modified":"2025-07-17T09:22:55","modified_gmt":"2025-07-17T09:22:55","slug":"nettoyant-desinfectant-toutes-surfaces","status":"publish","type":"product","link":"https:\/\/sella-industrie.com\/ar\/product\/nettoyant-desinfectant-toutes-surfaces\/","title":{"rendered":"Nettoyant D\u00e9sinf\u00e9ctant Toutes Surfaces"},"content":{"rendered":"<h2 style=\"text-align: center;\">Nettoyant D\u00e9sinf\u00e9ctant Toutes Surfaces<br \/>\n\u0645\u0646\u0638\u0641 \u200b\u200b\u0645\u0637\u0647\u0631 \u0644\u062c\u0645\u064a\u0639 \u0627\u0644\u0623\u0633\u0637\u062d<\/h2>\n<p><span style=\"color: #666699;\"><strong>Le D\u00e9sinfectant Toutes Surfaces GS27<\/strong><\/span> permet de nettoyer et d&rsquo;assainir rapidement l&rsquo;int\u00e9rieur de son v\u00e9hicule.<br \/>\nIl d\u00e9truit 99.9% des bact\u00e9ries tout en laissant une odeur agr\u00e9able dans l&rsquo;habitacle, parfum voiture neuve. Il assainit \u00e0 la fois les plastiques, les tissus et les cuirs.<br \/>\nIl est id\u00e9al pour retirer toutes les bact\u00e9ries des si\u00e8ges enfants.<br \/>\n\u0644\u062a\u0646\u0638\u064a\u0641 \u062f\u0627\u0626\u0631\u0629 \u0627\u0644\u0647\u0648\u0627\u0621\u060c \u0627\u0633\u062a\u062e\u062f\u0645 <a href=\"https:\/\/www.gs27.com\/desinfectant-habitacle-voiture-desinfectant-voiture\/2169-classics-coffret-nettoyant-clim-monoi-125-ml-3352349946752.html\" target=\"_blank\" rel=\"noopener\">\u0627\u0644\u062a\u0647\u0648\u064a\u0629 \u0648\u062a\u0643\u064a\u064a\u0641 \u0627\u0644\u0647\u0648\u0627\u0621 \u0648\u0627\u0644\u0645\u0637\u0647\u0631 \u0627\u0644\u062f\u0627\u062e\u0644\u064a<\/a>.<br \/>\nUtilisez les biocides avec pr\u00e9cautions. Avant toute utilisation, lisez l&rsquo;\u00e9tiquette et les informations concernant le produit.<br \/>\nR\u00e9f\u00e9rence : CL120441<br \/>\n500 ml &#8211; GS27 CLASSICS.<\/p>\n<p style=\"text-align: right;\">.<span style=\"color: #666699;\"><strong>\u0645\u064f\u0637\u0647\u0651\u0631 \u062c\u0645\u064a\u0639 \u0627\u0644\u0623\u0633\u0637\u062d<\/strong><\/span>\u00a0 \u064a\u064f\u0646\u0638\u0651\u0641 \u0648\u064a\u064f\u0637\u0647\u0651\u0631 \u062f\u0627\u062e\u0644 \u0633\u064a\u0627\u0631\u062a\u0643 \u0628\u0633\u0631\u0639\u0629<br \/>\n.\u064a\u0642\u0636\u064a \u0639\u0644\u0649 99.9% \u0645\u0646 \u0627\u0644\u0628\u0643\u062a\u064a\u0631\u064a\u0627 \u0648\u064a\u062a\u0631\u0643 \u0631\u0627\u0626\u062d\u0629\u064b \u0632\u0643\u064a\u0629\u064b \u062a\u064f\u0630\u0643\u0651\u0631\u0643 \u0628\u0633\u064a\u0627\u0631\u0629 \u062c\u062f\u064a\u062f\u0629 \u0641\u064a \u0627\u0644\u0645\u0642\u0635\u0648\u0631\u0629. \u064a\u064f\u0637\u0647\u0651\u0631 \u0627\u0644\u0628\u0644\u0627\u0633\u062a\u064a\u0643 \u0648\u0627\u0644\u0623\u0642\u0645\u0634\u0629 \u0648\u0627\u0644\u062c\u0644\u0648\u062f<br \/>\n.\u0645\u062b\u0627\u0644\u064a \u0644\u0625\u0632\u0627\u0644\u0629 \u062c\u0645\u064a\u0639 \u0627\u0644\u0628\u0643\u062a\u064a\u0631\u064a\u0627 \u0645\u0646 \u0645\u0642\u0627\u0639\u062f \u0627\u0644\u0623\u0637\u0641\u0627\u0644<br \/>\n.\u0644\u062a\u0639\u0642\u064a\u0645 \u0646\u0638\u0627\u0645 \u0627\u0644\u062a\u0647\u0648\u064a\u0629\u060c \u0627\u0633\u062a\u062e\u062f\u0645 \u0645\u064f\u0637\u0647\u0651\u0631 \u0627\u0644\u062a\u0647\u0648\u064a\u0629 \u0648\u062a\u0643\u064a\u064a\u0641 \u0627\u0644\u0647\u0648\u0627\u0621 \u0648\u0627\u0644\u0645\u0642\u0635\u0648\u0631\u0629<br \/>\n.\u062a\u0648\u062e\u0651 \u0627\u0644\u062d\u0630\u0631 \u0639\u0646\u062f \u0627\u0633\u062a\u062e\u062f\u0627\u0645 \u0627\u0644\u0645\u0628\u064a\u062f\u0627\u062a \u0627\u0644\u062d\u064a\u0648\u064a\u0629. \u0642\u0628\u0644 \u0627\u0644\u0627\u0633\u062a\u062e\u062f\u0627\u0645\u060c \u0627\u0642\u0631\u0623 \u0627\u0644\u0645\u0644\u0635\u0642 \u0648\u0645\u0639\u0644\u0648\u0645\u0627\u062a \u0627\u0644\u0645\u0646\u062a\u062c<br \/>\nCL120441 :\u0627\u0644\u0645\u0631\u062c\u0639<br \/>\n500 \u0645\u0644 &#8211; GS27 CLASSICS.<\/p>","protected":false},"excerpt":{"rendered":"<p><span style=\"color: #666699;\"><strong>Le Nettoyant D\u00e9sinf\u00e9ctant Toutes Surfaces<\/strong><\/span> est un Spray d\u00e9sinfectant multi\u2011surfaces qui nettoie, d\u00e9sinfecte et parfume rapidement sans rin\u00e7age.<\/p>\n<p style=\"text-align: right;\"><span style=\"color: #666699;\"><span style=\"color: #000000;\">.<\/span><strong>\u0645\u0646\u0638\u0641 \u200b\u200b\u0645\u0637\u0647\u0631 \u0644\u062c\u0645\u064a\u0639 \u0627\u0644\u0623\u0633\u0637\u062d<\/strong> <\/span>\u0647\u0648 \u0628\u062e\u0627\u062e \u0645\u0637\u0647\u0631 \u0645\u062a\u0639\u062f\u062f \u0627\u0644\u0623\u0633\u0637\u062d \u064a\u0646\u0638\u0641 \u0648\u064a\u0637\u0647\u0631 \u0648\u064a\u0639\u0637\u064a\u0631 \u0628\u0633\u0631\u0639\u0629 \u062f\u0648\u0646 \u0634\u0637\u0641<\/p>","protected":false},"featured_media":30649,"comment_status":"open","ping_status":"closed","template":"","meta":[],"product_brand":[312],"product_cat":[582],"product_tag":[573,309],"class_list":{"0":"post-30648","1":"product","2":"type-product","3":"status-publish","4":"has-post-thumbnail","6":"product_brand-gs-27","7":"product_cat-produits-dentretien-auto-gs27","8":"product_tag-nettoyant-desinfectant-toutes-surfaces","9":"product_tag-new","11":"first","12":"instock","13":"taxable","14":"shipping-taxable","15":"purchasable","16":"product-type-simple"},"yoast_head":"<!-- This site is optimized with the Yoast SEO Premium plugin v27.1 (Yoast SEO v27.4) - https:\/\/yoast.com\/product\/yoast-seo-premium-wordpress\/ -->\n<title>Nettoyant D\u00e9sinf\u00e9ctant Toutes Surfaces - Boutique &quot;V6&quot;<\/title>\n<meta name=\"robots\" content=\"index, follow, max-snippet:-1, max-image-preview:large, max-video-preview:-1\" \/>\n<link rel=\"canonical\" href=\"https:\/\/sella-industrie.com\/ar\/product\/nettoyant-desinfectant-toutes-surfaces\/\" \/>\n<meta property=\"og:locale\" content=\"ar_AR\" \/>\n<meta property=\"og:type\" content=\"article\" \/>\n<meta property=\"og:title\" content=\"Nettoyant D\u00e9sinf\u00e9ctant Toutes Surfaces\" \/>\n<meta property=\"og:description\" content=\"Le Nettoyant D\u00e9sinf\u00e9ctant Toutes Surfaces est un Spray d\u00e9sinfectant multi\u2011surfaces qui nettoie, d\u00e9sinfecte et parfume rapidement sans rin\u00e7age. .\u0645\u0646\u0638\u0641 \u200b\u200b\u0645\u0637\u0647\u0631 \u0644\u062c\u0645\u064a\u0639 \u0627\u0644\u0623\u0633\u0637\u062d \u0647\u0648 \u0628\u062e\u0627\u062e \u0645\u0637\u0647\u0631 \u0645\u062a\u0639\u062f\u062f \u0627\u0644\u0623\u0633\u0637\u062d \u064a\u0646\u0638\u0641 \u0648\u064a\u0637\u0647\u0631 \u0648\u064a\u0639\u0637\u064a\u0631 \u0628\u0633\u0631\u0639\u0629 \u062f\u0648\u0646 \u0634\u0637\u0641\" \/>\n<meta property=\"og:url\" content=\"https:\/\/sella-industrie.com\/ar\/product\/nettoyant-desinfectant-toutes-surfaces\/\" \/>\n<meta property=\"og:site_name\" content=\"Boutique &quot;V6&quot;\" \/>\n<meta property=\"article:publisher\" content=\"https:\/\/www.facebook.com\/V6accessoiresauto?mibextid=wwXIfr&amp;rdid=07l1PwXhFBuWBfmW&amp;share_url=httpswww.facebook.comshare169W2vbvizmibextidwwXIfr#\" \/>\n<meta property=\"article:modified_time\" content=\"2025-07-17T09:22:55+00:00\" \/>\n<meta property=\"og:image\" content=\"https:\/\/sella-industrie.com\/wp-content\/uploads\/2024\/07\/nettoyant-desinfectant-500-ml-CL-120441-IMG1.png\" \/>\n\t<meta property=\"og:image:width\" content=\"1000\" \/>\n\t<meta property=\"og:image:height\" content=\"1000\" \/>\n\t<meta property=\"og:image:type\" content=\"image\/png\" \/>\n<meta name=\"twitter:card\" content=\"summary_large_image\" \/>\n<meta name=\"twitter:label1\" content=\"\u0627\u0644\u0633\u0639\u0631\" \/>\n\t<meta name=\"twitter:data1\" content=\"&#x62f;.&#x62c;&nbsp;1.900\" \/>\n\t<meta name=\"twitter:label2\" content=\"\u0627\u0644\u062a\u0648\u0641\u0631\" \/>\n\t<meta name=\"twitter:data2\" content=\"\u0645\u062a\u0648\u0641\u0631 \u0641\u064a \u0627\u0644\u0645\u062e\u0632\u0648\u0646\" \/>\n<script type=\"application\/ld+json\" class=\"yoast-schema-graph\">{\"@context\":\"https:\\\/\\\/schema.org\",\"@graph\":[{\"@type\":\"WebPage\",\"@id\":\"https:\\\/\\\/sella-industrie.com\\\/produit\\\/nettoyant-desinfectant-toutes-surfaces\\\/\",\"url\":\"https:\\\/\\\/sella-industrie.com\\\/produit\\\/nettoyant-desinfectant-toutes-surfaces\\\/\",\"name\":\"Nettoyant D\u00e9sinf\u00e9ctant Toutes Surfaces - Boutique &quot;V6&quot;\",\"isPartOf\":{\"@id\":\"https:\\\/\\\/sella-industrie.com\\\/#website\"},\"primaryImageOfPage\":{\"@id\":\"https:\\\/\\\/sella-industrie.com\\\/produit\\\/nettoyant-desinfectant-toutes-surfaces\\\/#primaryimage\"},\"image\":{\"@id\":\"https:\\\/\\\/sella-industrie.com\\\/produit\\\/nettoyant-desinfectant-toutes-surfaces\\\/#primaryimage\"},\"thumbnailUrl\":\"https:\\\/\\\/sella-industrie.com\\\/wp-content\\\/uploads\\\/2024\\\/07\\\/nettoyant-desinfectant-500-ml-CL-120441-IMG1.png\",\"datePublished\":\"2024-07-15T08:58:11+00:00\",\"dateModified\":\"2025-07-17T09:22:55+00:00\",\"breadcrumb\":{\"@id\":\"https:\\\/\\\/sella-industrie.com\\\/produit\\\/nettoyant-desinfectant-toutes-surfaces\\\/#breadcrumb\"},\"inLanguage\":\"ar\",\"potentialAction\":[{\"@type\":\"ReadAction\",\"target\":[\"https:\\\/\\\/sella-industrie.com\\\/produit\\\/nettoyant-desinfectant-toutes-surfaces\\\/\"]}]},{\"@type\":\"ImageObject\",\"inLanguage\":\"ar\",\"@id\":\"https:\\\/\\\/sella-industrie.com\\\/produit\\\/nettoyant-desinfectant-toutes-surfaces\\\/#primaryimage\",\"url\":\"https:\\\/\\\/sella-industrie.com\\\/wp-content\\\/uploads\\\/2024\\\/07\\\/nettoyant-desinfectant-500-ml-CL-120441-IMG1.png\",\"contentUrl\":\"https:\\\/\\\/sella-industrie.com\\\/wp-content\\\/uploads\\\/2024\\\/07\\\/nettoyant-desinfectant-500-ml-CL-120441-IMG1.png\",\"width\":1000,\"height\":1000,\"caption\":\"Nettoyant D\u00e9sinf\u00e9ctant Toutes Surfaces\"},{\"@type\":\"BreadcrumbList\",\"@id\":\"https:\\\/\\\/sella-industrie.com\\\/produit\\\/nettoyant-desinfectant-toutes-surfaces\\\/#breadcrumb\",\"itemListElement\":[{\"@type\":\"ListItem\",\"position\":1,\"name\":\"Accueil\",\"item\":\"https:\\\/\\\/sella-industrie.com\\\/fr_fr\\\/\"},{\"@type\":\"ListItem\",\"position\":2,\"name\":\"Shop\",\"item\":\"https:\\\/\\\/sella-industrie.com\\\/fr_fr\\\/shop\\\/\"},{\"@type\":\"ListItem\",\"position\":3,\"name\":\"GS27, Produits d'Entretien Auto\",\"item\":\"https:\\\/\\\/sella-industrie.com\\\/categorie-produit\\\/produits-dentretien-auto-gs27\\\/\"},{\"@type\":\"ListItem\",\"position\":4,\"name\":\"NETTOYANT D\u00c9SINFECTANT TOUTES SURFACES\"}]},{\"@type\":\"WebSite\",\"@id\":\"https:\\\/\\\/sella-industrie.com\\\/#website\",\"url\":\"https:\\\/\\\/sella-industrie.com\\\/\",\"name\":\"Boutique \\\"V6\\\"\",\"description\":\"We care for your car\",\"publisher\":{\"@id\":\"https:\\\/\\\/sella-industrie.com\\\/#organization\"},\"potentialAction\":[{\"@type\":\"SearchAction\",\"target\":{\"@type\":\"EntryPoint\",\"urlTemplate\":\"https:\\\/\\\/sella-industrie.com\\\/?s={search_term_string}\"},\"query-input\":{\"@type\":\"PropertyValueSpecification\",\"valueRequired\":true,\"valueName\":\"search_term_string\"}}],\"inLanguage\":\"ar\"},{\"@type\":\"Organization\",\"@id\":\"https:\\\/\\\/sella-industrie.com\\\/#organization\",\"name\":\"Boutique \\\"V6\\\"\",\"url\":\"https:\\\/\\\/sella-industrie.com\\\/\",\"logo\":{\"@type\":\"ImageObject\",\"inLanguage\":\"ar\",\"@id\":\"https:\\\/\\\/sella-industrie.com\\\/#\\\/schema\\\/logo\\\/image\\\/\",\"url\":\"https:\\\/\\\/sella-industrie.com\\\/wp-content\\\/uploads\\\/2024\\\/05\\\/LOGO-V6-PNG-1.png\",\"contentUrl\":\"https:\\\/\\\/sella-industrie.com\\\/wp-content\\\/uploads\\\/2024\\\/05\\\/LOGO-V6-PNG-1.png\",\"width\":797,\"height\":517,\"caption\":\"Boutique \\\"V6\\\"\"},\"image\":{\"@id\":\"https:\\\/\\\/sella-industrie.com\\\/#\\\/schema\\\/logo\\\/image\\\/\"},\"sameAs\":[\"https:\\\/\\\/www.facebook.com\\\/V6accessoiresauto?mibextid=wwXIfr&rdid=07l1PwXhFBuWBfmW&share_url=httpswww.facebook.comshare169W2vbvizmibextidwwXIfr#\",\"https:\\\/\\\/www.tiktok.com\\\/@v6.accessoires.au\",\"https:\\\/\\\/www.instagram.com\\\/v6_accessoires_auto?igsh=aXE2NjUwOG5xNnQz\",\"https:\\\/\\\/www.youtube.com\\\/channel\\\/UCtkk-L1mBLEmRweenaR4s7w\"]}]}<\/script>\n<meta property=\"product:price:amount\" content=\"1900\" \/>\n<meta property=\"product:price:currency\" content=\"DZD\" \/>\n<meta property=\"og:availability\" content=\"instock\" \/>\n<meta property=\"product:availability\" content=\"instock\" \/>\n<meta property=\"product:condition\" content=\"new\" \/>\n<!-- \/ Yoast SEO Premium plugin. -->","yoast_head_json":{"title":"Nettoyant D\u00e9sinf\u00e9ctant Toutes Surfaces - Boutique &quot;V6&quot;","robots":{"index":"index","follow":"follow","max-snippet":"max-snippet:-1","max-image-preview":"max-image-preview:large","max-video-preview":"max-video-preview:-1"},"canonical":"https:\/\/sella-industrie.com\/ar\/product\/nettoyant-desinfectant-toutes-surfaces\/","og_locale":"ar_AR","og_type":"article","og_title":"Nettoyant D\u00e9sinf\u00e9ctant Toutes Surfaces","og_description":"Le Nettoyant D\u00e9sinf\u00e9ctant Toutes Surfaces est un Spray d\u00e9sinfectant multi\u2011surfaces qui nettoie, d\u00e9sinfecte et parfume rapidement sans rin\u00e7age. .\u0645\u0646\u0638\u0641 \u200b\u200b\u0645\u0637\u0647\u0631 \u0644\u062c\u0645\u064a\u0639 \u0627\u0644\u0623\u0633\u0637\u062d \u0647\u0648 \u0628\u062e\u0627\u062e \u0645\u0637\u0647\u0631 \u0645\u062a\u0639\u062f\u062f \u0627\u0644\u0623\u0633\u0637\u062d \u064a\u0646\u0638\u0641 \u0648\u064a\u0637\u0647\u0631 \u0648\u064a\u0639\u0637\u064a\u0631 \u0628\u0633\u0631\u0639\u0629 \u062f\u0648\u0646 \u0634\u0637\u0641","og_url":"https:\/\/sella-industrie.com\/ar\/product\/nettoyant-desinfectant-toutes-surfaces\/","og_site_name":"Boutique &quot;V6&quot;","article_publisher":"https:\/\/www.facebook.com\/V6accessoiresauto?mibextid=wwXIfr&rdid=07l1PwXhFBuWBfmW&share_url=httpswww.facebook.comshare169W2vbvizmibextidwwXIfr#","article_modified_time":"2025-07-17T09:22:55+00:00","og_image":[{"width":1000,"height":1000,"url":"https:\/\/sella-industrie.com\/wp-content\/uploads\/2024\/07\/nettoyant-desinfectant-500-ml-CL-120441-IMG1.png","type":"image\/png"}],"twitter_card":"summary_large_image","twitter_misc":{"\u0627\u0644\u0633\u0639\u0631":"&#x62f;.&#x62c;&nbsp;1.900","\u0627\u0644\u062a\u0648\u0641\u0631":"\u0645\u062a\u0648\u0641\u0631 \u0641\u064a \u0627\u0644\u0645\u062e\u0632\u0648\u0646"},"schema":{"@context":"https:\/\/schema.org","@graph":[{"@type":"WebPage","@id":"https:\/\/sella-industrie.com\/produit\/nettoyant-desinfectant-toutes-surfaces\/","url":"https:\/\/sella-industrie.com\/produit\/nettoyant-desinfectant-toutes-surfaces\/","name":"Nettoyant D\u00e9sinf\u00e9ctant Toutes Surfaces - Boutique &quot;V6&quot;","isPartOf":{"@id":"https:\/\/sella-industrie.com\/#website"},"primaryImageOfPage":{"@id":"https:\/\/sella-industrie.com\/produit\/nettoyant-desinfectant-toutes-surfaces\/#primaryimage"},"image":{"@id":"https:\/\/sella-industrie.com\/produit\/nettoyant-desinfectant-toutes-surfaces\/#primaryimage"},"thumbnailUrl":"https:\/\/sella-industrie.com\/wp-content\/uploads\/2024\/07\/nettoyant-desinfectant-500-ml-CL-120441-IMG1.png","datePublished":"2024-07-15T08:58:11+00:00","dateModified":"2025-07-17T09:22:55+00:00","breadcrumb":{"@id":"https:\/\/sella-industrie.com\/produit\/nettoyant-desinfectant-toutes-surfaces\/#breadcrumb"},"inLanguage":"ar","potentialAction":[{"@type":"ReadAction","target":["https:\/\/sella-industrie.com\/produit\/nettoyant-desinfectant-toutes-surfaces\/"]}]},{"@type":"ImageObject","inLanguage":"ar","@id":"https:\/\/sella-industrie.com\/produit\/nettoyant-desinfectant-toutes-surfaces\/#primaryimage","url":"https:\/\/sella-industrie.com\/wp-content\/uploads\/2024\/07\/nettoyant-desinfectant-500-ml-CL-120441-IMG1.png","contentUrl":"https:\/\/sella-industrie.com\/wp-content\/uploads\/2024\/07\/nettoyant-desinfectant-500-ml-CL-120441-IMG1.png","width":1000,"height":1000,"caption":"Nettoyant D\u00e9sinf\u00e9ctant Toutes Surfaces"},{"@type":"BreadcrumbList","@id":"https:\/\/sella-industrie.com\/produit\/nettoyant-desinfectant-toutes-surfaces\/#breadcrumb","itemListElement":[{"@type":"ListItem","position":1,"name":"Accueil","item":"https:\/\/sella-industrie.com\/fr_fr\/"},{"@type":"ListItem","position":2,"name":"Shop","item":"https:\/\/sella-industrie.com\/fr_fr\/shop\/"},{"@type":"ListItem","position":3,"name":"GS27, Produits d'Entretien Auto","item":"https:\/\/sella-industrie.com\/categorie-produit\/produits-dentretien-auto-gs27\/"},{"@type":"ListItem","position":4,"name":"NETTOYANT D\u00c9SINFECTANT TOUTES SURFACES"}]},{"@type":"WebSite","@id":"https:\/\/sella-industrie.com\/#website","url":"https:\/\/sella-industrie.com\/","name":"Boutique \"V6\"","description":"We care for your car","publisher":{"@id":"https:\/\/sella-industrie.com\/#organization"},"potentialAction":[{"@type":"SearchAction","target":{"@type":"EntryPoint","urlTemplate":"https:\/\/sella-industrie.com\/?s={search_term_string}"},"query-input":{"@type":"PropertyValueSpecification","valueRequired":true,"valueName":"search_term_string"}}],"inLanguage":"ar"},{"@type":"Organization","@id":"https:\/\/sella-industrie.com\/#organization","name":"Boutique \"V6\"","url":"https:\/\/sella-industrie.com\/","logo":{"@type":"ImageObject","inLanguage":"ar","@id":"https:\/\/sella-industrie.com\/#\/schema\/logo\/image\/","url":"https:\/\/sella-industrie.com\/wp-content\/uploads\/2024\/05\/LOGO-V6-PNG-1.png","contentUrl":"https:\/\/sella-industrie.com\/wp-content\/uploads\/2024\/05\/LOGO-V6-PNG-1.png","width":797,"height":517,"caption":"Boutique \"V6\""},"image":{"@id":"https:\/\/sella-industrie.com\/#\/schema\/logo\/image\/"},"sameAs":["https:\/\/www.facebook.com\/V6accessoiresauto?mibextid=wwXIfr&rdid=07l1PwXhFBuWBfmW&share_url=httpswww.facebook.comshare169W2vbvizmibextidwwXIfr#","https:\/\/www.tiktok.com\/@v6.accessoires.au","https:\/\/www.instagram.com\/v6_accessoires_auto?igsh=aXE2NjUwOG5xNnQz","https:\/\/www.youtube.com\/channel\/UCtkk-L1mBLEmRweenaR4s7w"]}]},"product_price_amount":"1900","product_price_currency":"DZD","og_availability":"instock","product_availability":"instock","product_condition":"new"},"_links":{"self":[{"href":"https:\/\/sella-industrie.com\/ar\/wp-json\/wp\/v2\/product\/30648","targetHints":{"allow":["GET"]}}],"collection":[{"href":"https:\/\/sella-industrie.com\/ar\/wp-json\/wp\/v2\/product"}],"about":[{"href":"https:\/\/sella-industrie.com\/ar\/wp-json\/wp\/v2\/types\/product"}],"replies":[{"embeddable":true,"href":"https:\/\/sella-industrie.com\/ar\/wp-json\/wp\/v2\/comments?post=30648"}],"wp:featuredmedia":[{"embeddable":true,"href":"https:\/\/sella-industrie.com\/ar\/wp-json\/wp\/v2\/media\/30649"}],"wp:attachment":[{"href":"https:\/\/sella-industrie.com\/ar\/wp-json\/wp\/v2\/media?parent=30648"}],"wp:term":[{"taxonomy":"product_brand","embeddable":true,"href":"https:\/\/sella-industrie.com\/ar\/wp-json\/wp\/v2\/product_brand?post=30648"},{"taxonomy":"product_cat","embeddable":true,"href":"https:\/\/sella-industrie.com\/ar\/wp-json\/wp\/v2\/product_cat?post=30648"},{"taxonomy":"product_tag","embeddable":true,"href":"https:\/\/sella-industrie.com\/ar\/wp-json\/wp\/v2\/product_tag?post=30648"}],"curies":[{"name":"wp","href":"https:\/\/api.w.org\/{rel}","templated":true}]}}