{"id":30632,"date":"2024-07-15T08:43:43","date_gmt":"2024-07-15T08:43:43","guid":{"rendered":"https:\/\/v6.sellaindustrie.com\/?post_type=product&#038;p=30632"},"modified":"2026-02-19T10:25:46","modified_gmt":"2026-02-19T10:25:46","slug":"kit-gs27-renovation-tissus-moquettes-auto-%d9%85%d8%ac%d9%85%d9%88%d8%b9%d8%a9-%d8%aa%d8%ac%d8%af%d9%8a%d8%af-%d8%a7%d9%84%d8%a3%d9%82%d9%85%d8%b4%d8%a9-%d9%88-%d8%a7%d9%84%d8%b3%d8%ac%d8%a7%d8%af","status":"publish","type":"product","link":"https:\/\/sella-industrie.com\/ar\/product\/kit-gs27-renovation-tissus-moquettes-auto-%d9%85%d8%ac%d9%85%d9%88%d8%b9%d8%a9-%d8%aa%d8%ac%d8%af%d9%8a%d8%af-%d8%a7%d9%84%d8%a3%d9%82%d9%85%d8%b4%d8%a9-%d9%88-%d8%a7%d9%84%d8%b3%d8%ac%d8%a7%d8%af\/","title":{"rendered":"Kit GS27 R\u00e9novation Tissus et Moquettes"},"content":{"rendered":"<h2 style=\"text-align: center;\">Kit GS27 R\u00e9novation Tissus et Moquettes \u0645\u062c\u0645\u0648\u0639\u0629 \u062a\u062c\u062f\u064a\u062f \u0627\u0644\u0623\u0642\u0645\u0634\u0629 \u0648\u0627\u0644\u0633\u062c\u0627\u062f<\/h2>\n<p data-start=\"119\" data-end=\"325\">R\u00e9novez votre int\u00e9rieur sans d\u00e9monter les si\u00e8ges. Gr\u00e2ce \u00e0 l&rsquo;action combin\u00e9e de la brosse et du Nettoyant Tissus mousse active, le <strong>Kit GS27 R\u00e9novation Tissus et Moquettes<\/strong>, nettoie, d\u00e9tache et ravive les couleurs en profondeur sans ab\u00eemer les fibres. Brosse et <a href=\"https:\/\/sella-industrie.com\/ar\/product\/kit-efface-rayures-gs27-finition-%d9%85%d8%ac%d9%85%d9%88%d8%b9%d8%a9-%d9%81%d9%8a%d9%86%d9%8a%d8%b4-%d8%a8%d9%84%d9%88%d8%b3-%d9%84%d8%a5%d8%b2%d8%a7%d9%84%d8%a9-%d8%a7%d9%84%d8%ae%d8%af%d9%88%d8%b4\/\">mousse active<\/a> pour un int\u00e9rieur propre et couleurs raviv\u00e9es sans d\u00e9montage. Id\u00e9al pour le <a href=\"https:\/\/www.gs27.com\/5996-maintenance-auto-entretien-voiture\" target=\"_blank\" rel=\"noopener\">nettoyage int\u00e9rieur de tous types<\/a> de tissus, si\u00e8ges et moquettes auto. <span style=\"color: #ff0000;\"><strong data-start=\"327\" data-end=\"348\">Contenance\u00a0 : <\/strong><\/span><span style=\"color: #0000ff;\"><strong data-start=\"353\" data-end=\"382\">1 Nettoyant Tissus 300\u202fml<\/strong> :<\/span> nettoie et ravive tissus, moquettes et tapis gr\u00e2ce \u00e0 sa mousse active antistatique. <span style=\"color: #0000ff;\"><strong data-start=\"473\" data-end=\"505\">1 adaptateur \u00e0 poils souples<\/strong> :<\/span> avec car\u00e9nage en caoutchouc pour \u00e9viter les rayures. <span style=\"color: #0000ff;\"><strong data-start=\"565\" data-end=\"590\">1 microfibre 40\u00d740\u202fcm<\/strong> :<\/span> pour retirer le surplus de mousse et s\u00e9cher les surfaces. <span style=\"color: #0000ff;\"><strong data-start=\"655\" data-end=\"679\">1 spray D\u00e9ocar 75\u202fml<\/strong> :<\/span> \u00e9limine les mauvaises odeurs et parfume l\u2019habitacle. <span style=\"color: #0000ff;\"><strong data-start=\"827\" data-end=\"837\">R\u00e9f. :<\/strong><\/span> TE172030 \u2013 <strong data-start=\"849\" data-end=\"875\">300\u202fml \u2013 <span style=\"color: #0000ff;\">\"\u062c\u064a \u0623\u063327\"<\/span> <\/strong>CLASSICS.<\/p>\n<p style=\"text-align: right;\">\u062c\u062f\u0651\u062f \u062f\u064a\u0643\u0648\u0631 \u0633\u064a\u0627\u0631\u062a\u0643 \u0627\u0644\u062f\u0627\u062e\u0644\u064a \u062f\u0648\u0646 \u0627\u0644\u062d\u0627\u062c\u0629 \u0625\u0644\u0649 \u0625\u0632\u0627\u0644\u0629 \u0627\u0644\u0645\u0642\u0627\u0639\u062f. \u0628\u0641\u0636\u0644 \u0627\u0644\u062a\u0623\u062b\u064a\u0631 \u0627\u0644\u0645\u0632\u062f\u0648\u062c \u0644\u0644\u0641\u0631\u0634\u0627\u0629 \u0648\u0645\u0646\u0638\u0641 \u0627\u0644\u0623\u0642\u0645\u0634\u0629 \u0627\u0644\u0631\u063a\u0648\u064a \u0627\u0644\u0646\u0634\u0637\u060c \u062a\u0639\u0645\u0644 <strong>\u0645\u062c\u0645\u0648\u0639\u0629 \u062c\u064a \u0623\u0633 \u0633\u0628\u0639\u0629 \u0648\u0639\u0634\u0631\u0648\u0646 \u0644\u062a\u062c\u062f\u064a\u062f \u0627\u0644\u0623\u0642\u0645\u0634\u0629 \u0648\u0627\u0644\u0633\u062c\u0627\u062f<\/strong>\u060c \u0639\u0644\u0649 \u0625\u0632\u0627\u0644\u0629 \u0627\u0644\u0628\u0642\u0639 \u0628\u0639\u0645\u0642 \u0648\u0625\u062d\u064a\u0627\u0621 \u0627\u0644\u0623\u0644\u0648\u0627\u0646 \u062f\u0648\u0646 \u0625\u062a\u0644\u0627\u0641 \u0627\u0644\u0623\u0644\u064a\u0627\u0641<\/p>","protected":false},"excerpt":{"rendered":"<h1 style=\"text-align: center;\">\u0645\u062c\u0645\u0648\u0639\u0629 \u062a\u062c\u062f\u064a\u062f \u0627\u0644\u0623\u0642\u0645\u0634\u0629 \u0648\u0627\u0644\u0633\u062c\u0627\u062f<\/h1>\n<p>R\u00e9novez votre int\u00e9rieur sans d\u00e9monter les si\u00e8ges. Gr\u00e2ce \u00e0 l&rsquo;action combin\u00e9e de la brosse et du Nettoyant Tissus mousse active, le <strong>Kit GS27 R\u00e9novation Tissus et Moquettes<\/strong>, nettoie, d\u00e9tache et ravive les couleurs en profondeur sans ab\u00eemer les fibres.<\/p>","protected":false},"featured_media":30633,"comment_status":"open","ping_status":"closed","template":"","meta":[],"product_brand":[312],"product_cat":[582],"product_tag":[],"class_list":{"0":"post-30632","1":"product","2":"type-product","3":"status-publish","4":"has-post-thumbnail","6":"product_brand-gs-27","7":"product_cat-produits-dentretien-auto-gs27","9":"first","10":"instock","11":"taxable","12":"shipping-taxable","13":"purchasable","14":"product-type-simple"},"yoast_head":"<!-- This site is optimized with the Yoast SEO Premium plugin v27.1 (Yoast SEO v27.4) - https:\/\/yoast.com\/product\/yoast-seo-premium-wordpress\/ -->\n<title>Kit GS27 R\u00e9novation Tissus et Moquettes - Boutique &quot;V6&quot;<\/title>\n<meta name=\"description\" content=\"Kit GS27 R\u00e9novation Tissus et Moquettes, nettoie, d\u00e9tache et ravive les si\u00e8ges auto sans d\u00e9montage, pour un int\u00e9rieur propre et couleurs raviv\u00e9es.\" \/>\n<meta name=\"robots\" content=\"index, follow, max-snippet:-1, max-image-preview:large, max-video-preview:-1\" \/>\n<link rel=\"canonical\" href=\"https:\/\/sella-industrie.com\/ar\/product\/kit-gs27-renovation-tissus-moquettes-auto-\u0645\u062c\u0645\u0648\u0639\u0629-\u062a\u062c\u062f\u064a\u062f-\u0627\u0644\u0623\u0642\u0645\u0634\u0629-\u0648-\u0627\u0644\u0633\u062c\u0627\u062f\/\" \/>\n<meta property=\"og:locale\" content=\"ar_AR\" \/>\n<meta property=\"og:type\" content=\"article\" \/>\n<meta property=\"og:title\" content=\"Kit GS27 R\u00e9novation Tissus et Moquettes\" \/>\n<meta property=\"og:description\" content=\"Kit GS27 R\u00e9novation Tissus et Moquettes, nettoie, d\u00e9tache et ravive les si\u00e8ges auto sans d\u00e9montage, pour un int\u00e9rieur propre et couleurs raviv\u00e9es.\" \/>\n<meta property=\"og:url\" content=\"https:\/\/sella-industrie.com\/ar\/product\/kit-gs27-renovation-tissus-moquettes-auto-\u0645\u062c\u0645\u0648\u0639\u0629-\u062a\u062c\u062f\u064a\u062f-\u0627\u0644\u0623\u0642\u0645\u0634\u0629-\u0648-\u0627\u0644\u0633\u062c\u0627\u062f\/\" \/>\n<meta property=\"og:site_name\" content=\"Boutique &quot;V6&quot;\" \/>\n<meta property=\"article:modified_time\" content=\"2026-02-19T10:25:46+00:00\" \/>\n<meta property=\"og:image\" content=\"https:\/\/sella-industrie.com\/wp-content\/uploads\/2024\/07\/Kit-Renovation-Tissus-Et-Moquettes-Voiture-GS27-CLASSICS-300-ML75-ML-TE172030-IMG1.png\" \/>\n\t<meta property=\"og:image:width\" content=\"1000\" \/>\n\t<meta property=\"og:image:height\" content=\"1000\" \/>\n\t<meta property=\"og:image:type\" content=\"image\/png\" \/>\n<meta name=\"twitter:card\" content=\"summary_large_image\" \/>\n<meta name=\"twitter:label1\" content=\"\u0627\u0644\u0633\u0639\u0631\" \/>\n\t<meta name=\"twitter:data1\" content=\"&#x62f;.&#x62c;&nbsp;5.550\" \/>\n\t<meta name=\"twitter:label2\" content=\"\u0627\u0644\u062a\u0648\u0641\u0631\" \/>\n\t<meta name=\"twitter:data2\" content=\"\u0645\u062a\u0648\u0641\u0631 \u0641\u064a \u0627\u0644\u0645\u062e\u0632\u0648\u0646\" \/>\n<script type=\"application\/ld+json\" class=\"yoast-schema-graph\">{\"@context\":\"https:\\\/\\\/schema.org\",\"@graph\":[{\"@type\":\"WebPage\",\"@id\":\"https:\\\/\\\/sella-industrie.com\\\/produit\\\/kit-gs27-renovation-tissus-moquettes-auto-%d9%85%d8%ac%d9%85%d9%88%d8%b9%d8%a9-%d8%aa%d8%ac%d8%af%d9%8a%d8%af-%d8%a7%d9%84%d8%a3%d9%82%d9%85%d8%b4%d8%a9-%d9%88-%d8%a7%d9%84%d8%b3%d8%ac%d8%a7%d8%af\\\/\",\"url\":\"https:\\\/\\\/sella-industrie.com\\\/produit\\\/kit-gs27-renovation-tissus-moquettes-auto-%d9%85%d8%ac%d9%85%d9%88%d8%b9%d8%a9-%d8%aa%d8%ac%d8%af%d9%8a%d8%af-%d8%a7%d9%84%d8%a3%d9%82%d9%85%d8%b4%d8%a9-%d9%88-%d8%a7%d9%84%d8%b3%d8%ac%d8%a7%d8%af\\\/\",\"name\":\"Kit GS27 R\u00e9novation Tissus et Moquettes - Boutique &quot;V6&quot;\",\"isPartOf\":{\"@id\":\"https:\\\/\\\/sella-industrie.com\\\/#website\"},\"primaryImageOfPage\":{\"@id\":\"https:\\\/\\\/sella-industrie.com\\\/produit\\\/kit-gs27-renovation-tissus-moquettes-auto-%d9%85%d8%ac%d9%85%d9%88%d8%b9%d8%a9-%d8%aa%d8%ac%d8%af%d9%8a%d8%af-%d8%a7%d9%84%d8%a3%d9%82%d9%85%d8%b4%d8%a9-%d9%88-%d8%a7%d9%84%d8%b3%d8%ac%d8%a7%d8%af\\\/#primaryimage\"},\"image\":{\"@id\":\"https:\\\/\\\/sella-industrie.com\\\/produit\\\/kit-gs27-renovation-tissus-moquettes-auto-%d9%85%d8%ac%d9%85%d9%88%d8%b9%d8%a9-%d8%aa%d8%ac%d8%af%d9%8a%d8%af-%d8%a7%d9%84%d8%a3%d9%82%d9%85%d8%b4%d8%a9-%d9%88-%d8%a7%d9%84%d8%b3%d8%ac%d8%a7%d8%af\\\/#primaryimage\"},\"thumbnailUrl\":\"https:\\\/\\\/sella-industrie.com\\\/wp-content\\\/uploads\\\/2024\\\/07\\\/Kit-Renovation-Tissus-Et-Moquettes-Voiture-GS27-CLASSICS-300-ML75-ML-TE172030-IMG1.png\",\"datePublished\":\"2024-07-15T08:43:43+00:00\",\"dateModified\":\"2026-02-19T10:25:46+00:00\",\"description\":\"Kit GS27 R\u00e9novation Tissus et Moquettes, nettoie, d\u00e9tache et ravive les si\u00e8ges auto sans d\u00e9montage, pour un int\u00e9rieur propre et couleurs raviv\u00e9es.\",\"breadcrumb\":{\"@id\":\"https:\\\/\\\/sella-industrie.com\\\/produit\\\/kit-gs27-renovation-tissus-moquettes-auto-%d9%85%d8%ac%d9%85%d9%88%d8%b9%d8%a9-%d8%aa%d8%ac%d8%af%d9%8a%d8%af-%d8%a7%d9%84%d8%a3%d9%82%d9%85%d8%b4%d8%a9-%d9%88-%d8%a7%d9%84%d8%b3%d8%ac%d8%a7%d8%af\\\/#breadcrumb\"},\"inLanguage\":\"ar\",\"potentialAction\":[{\"@type\":\"ReadAction\",\"target\":[\"https:\\\/\\\/sella-industrie.com\\\/produit\\\/kit-gs27-renovation-tissus-moquettes-auto-%d9%85%d8%ac%d9%85%d9%88%d8%b9%d8%a9-%d8%aa%d8%ac%d8%af%d9%8a%d8%af-%d8%a7%d9%84%d8%a3%d9%82%d9%85%d8%b4%d8%a9-%d9%88-%d8%a7%d9%84%d8%b3%d8%ac%d8%a7%d8%af\\\/\"]}]},{\"@type\":\"ImageObject\",\"inLanguage\":\"ar\",\"@id\":\"https:\\\/\\\/sella-industrie.com\\\/produit\\\/kit-gs27-renovation-tissus-moquettes-auto-%d9%85%d8%ac%d9%85%d9%88%d8%b9%d8%a9-%d8%aa%d8%ac%d8%af%d9%8a%d8%af-%d8%a7%d9%84%d8%a3%d9%82%d9%85%d8%b4%d8%a9-%d9%88-%d8%a7%d9%84%d8%b3%d8%ac%d8%a7%d8%af\\\/#primaryimage\",\"url\":\"https:\\\/\\\/sella-industrie.com\\\/wp-content\\\/uploads\\\/2024\\\/07\\\/Kit-Renovation-Tissus-Et-Moquettes-Voiture-GS27-CLASSICS-300-ML75-ML-TE172030-IMG1.png\",\"contentUrl\":\"https:\\\/\\\/sella-industrie.com\\\/wp-content\\\/uploads\\\/2024\\\/07\\\/Kit-Renovation-Tissus-Et-Moquettes-Voiture-GS27-CLASSICS-300-ML75-ML-TE172030-IMG1.png\",\"width\":1000,\"height\":1000,\"caption\":\"Kit R\u00e9novation Tissus Et Moquettes\"},{\"@type\":\"BreadcrumbList\",\"@id\":\"https:\\\/\\\/sella-industrie.com\\\/produit\\\/kit-gs27-renovation-tissus-moquettes-auto-%d9%85%d8%ac%d9%85%d9%88%d8%b9%d8%a9-%d8%aa%d8%ac%d8%af%d9%8a%d8%af-%d8%a7%d9%84%d8%a3%d9%82%d9%85%d8%b4%d8%a9-%d9%88-%d8%a7%d9%84%d8%b3%d8%ac%d8%a7%d8%af\\\/#breadcrumb\",\"itemListElement\":[{\"@type\":\"ListItem\",\"position\":1,\"name\":\"Accueil\",\"item\":\"https:\\\/\\\/sella-industrie.com\\\/fr_fr\\\/\"},{\"@type\":\"ListItem\",\"position\":2,\"name\":\"Shop\",\"item\":\"https:\\\/\\\/sella-industrie.com\\\/fr_fr\\\/shop\\\/\"},{\"@type\":\"ListItem\",\"position\":3,\"name\":\"GS27, Produits d'Entretien Auto\",\"item\":\"https:\\\/\\\/sella-industrie.com\\\/categorie-produit\\\/produits-dentretien-auto-gs27\\\/\"},{\"@type\":\"ListItem\",\"position\":4,\"name\":\"Kit GS27 R\u00e9novation Tissus et Moquettes\"}]},{\"@type\":\"WebSite\",\"@id\":\"https:\\\/\\\/sella-industrie.com\\\/#website\",\"url\":\"https:\\\/\\\/sella-industrie.com\\\/\",\"name\":\"Boutique &quot;V6&quot;\",\"description\":\"We care for your car\",\"publisher\":{\"@id\":\"https:\\\/\\\/sella-industrie.com\\\/#organization\"},\"potentialAction\":[{\"@type\":\"SearchAction\",\"target\":{\"@type\":\"EntryPoint\",\"urlTemplate\":\"https:\\\/\\\/sella-industrie.com\\\/?s={search_term_string}\"},\"query-input\":{\"@type\":\"PropertyValueSpecification\",\"valueRequired\":true,\"valueName\":\"search_term_string\"}}],\"inLanguage\":\"ar\"},{\"@type\":\"Organization\",\"@id\":\"https:\\\/\\\/sella-industrie.com\\\/#organization\",\"name\":\"Boutique &quot;V6&quot;\",\"url\":\"https:\\\/\\\/sella-industrie.com\\\/\",\"logo\":{\"@type\":\"ImageObject\",\"inLanguage\":\"ar\",\"@id\":\"https:\\\/\\\/sella-industrie.com\\\/#\\\/schema\\\/logo\\\/image\\\/\",\"url\":\"\",\"contentUrl\":\"\",\"caption\":\"Boutique &quot;V6&quot;\"},\"image\":{\"@id\":\"https:\\\/\\\/sella-industrie.com\\\/#\\\/schema\\\/logo\\\/image\\\/\"}}]}<\/script>\n<meta property=\"product:price:amount\" content=\"5550\" \/>\n<meta property=\"product:price:currency\" content=\"DZD\" \/>\n<meta property=\"og:availability\" content=\"instock\" \/>\n<meta property=\"product:availability\" content=\"instock\" \/>\n<meta property=\"product:condition\" content=\"new\" \/>\n<!-- \/ Yoast SEO Premium plugin. -->","yoast_head_json":{"title":"Kit GS27 R\u00e9novation Tissus et Moquettes - Boutique &quot;V6&quot;","description":"Kit GS27 R\u00e9novation Tissus et Moquettes, nettoie, d\u00e9tache et ravive les si\u00e8ges auto sans d\u00e9montage, pour un int\u00e9rieur propre et couleurs raviv\u00e9es.","robots":{"index":"index","follow":"follow","max-snippet":"max-snippet:-1","max-image-preview":"max-image-preview:large","max-video-preview":"max-video-preview:-1"},"canonical":"https:\/\/sella-industrie.com\/ar\/product\/kit-gs27-renovation-tissus-moquettes-auto-\u0645\u062c\u0645\u0648\u0639\u0629-\u062a\u062c\u062f\u064a\u062f-\u0627\u0644\u0623\u0642\u0645\u0634\u0629-\u0648-\u0627\u0644\u0633\u062c\u0627\u062f\/","og_locale":"ar_AR","og_type":"article","og_title":"Kit GS27 R\u00e9novation Tissus et Moquettes","og_description":"Kit GS27 R\u00e9novation Tissus et Moquettes, nettoie, d\u00e9tache et ravive les si\u00e8ges auto sans d\u00e9montage, pour un int\u00e9rieur propre et couleurs raviv\u00e9es.","og_url":"https:\/\/sella-industrie.com\/ar\/product\/kit-gs27-renovation-tissus-moquettes-auto-\u0645\u062c\u0645\u0648\u0639\u0629-\u062a\u062c\u062f\u064a\u062f-\u0627\u0644\u0623\u0642\u0645\u0634\u0629-\u0648-\u0627\u0644\u0633\u062c\u0627\u062f\/","og_site_name":"Boutique &quot;V6&quot;","article_modified_time":"2026-02-19T10:25:46+00:00","og_image":[{"width":1000,"height":1000,"url":"https:\/\/sella-industrie.com\/wp-content\/uploads\/2024\/07\/Kit-Renovation-Tissus-Et-Moquettes-Voiture-GS27-CLASSICS-300-ML75-ML-TE172030-IMG1.png","type":"image\/png"}],"twitter_card":"summary_large_image","twitter_misc":{"\u0627\u0644\u0633\u0639\u0631":"&#x62f;.&#x62c;&nbsp;5.550","\u0627\u0644\u062a\u0648\u0641\u0631":"\u0645\u062a\u0648\u0641\u0631 \u0641\u064a \u0627\u0644\u0645\u062e\u0632\u0648\u0646"},"schema":{"@context":"https:\/\/schema.org","@graph":[{"@type":"WebPage","@id":"https:\/\/sella-industrie.com\/produit\/kit-gs27-renovation-tissus-moquettes-auto-%d9%85%d8%ac%d9%85%d9%88%d8%b9%d8%a9-%d8%aa%d8%ac%d8%af%d9%8a%d8%af-%d8%a7%d9%84%d8%a3%d9%82%d9%85%d8%b4%d8%a9-%d9%88-%d8%a7%d9%84%d8%b3%d8%ac%d8%a7%d8%af\/","url":"https:\/\/sella-industrie.com\/produit\/kit-gs27-renovation-tissus-moquettes-auto-%d9%85%d8%ac%d9%85%d9%88%d8%b9%d8%a9-%d8%aa%d8%ac%d8%af%d9%8a%d8%af-%d8%a7%d9%84%d8%a3%d9%82%d9%85%d8%b4%d8%a9-%d9%88-%d8%a7%d9%84%d8%b3%d8%ac%d8%a7%d8%af\/","name":"Kit GS27 R\u00e9novation Tissus et Moquettes - Boutique &quot;V6&quot;","isPartOf":{"@id":"https:\/\/sella-industrie.com\/#website"},"primaryImageOfPage":{"@id":"https:\/\/sella-industrie.com\/produit\/kit-gs27-renovation-tissus-moquettes-auto-%d9%85%d8%ac%d9%85%d9%88%d8%b9%d8%a9-%d8%aa%d8%ac%d8%af%d9%8a%d8%af-%d8%a7%d9%84%d8%a3%d9%82%d9%85%d8%b4%d8%a9-%d9%88-%d8%a7%d9%84%d8%b3%d8%ac%d8%a7%d8%af\/#primaryimage"},"image":{"@id":"https:\/\/sella-industrie.com\/produit\/kit-gs27-renovation-tissus-moquettes-auto-%d9%85%d8%ac%d9%85%d9%88%d8%b9%d8%a9-%d8%aa%d8%ac%d8%af%d9%8a%d8%af-%d8%a7%d9%84%d8%a3%d9%82%d9%85%d8%b4%d8%a9-%d9%88-%d8%a7%d9%84%d8%b3%d8%ac%d8%a7%d8%af\/#primaryimage"},"thumbnailUrl":"https:\/\/sella-industrie.com\/wp-content\/uploads\/2024\/07\/Kit-Renovation-Tissus-Et-Moquettes-Voiture-GS27-CLASSICS-300-ML75-ML-TE172030-IMG1.png","datePublished":"2024-07-15T08:43:43+00:00","dateModified":"2026-02-19T10:25:46+00:00","description":"Kit GS27 R\u00e9novation Tissus et Moquettes, nettoie, d\u00e9tache et ravive les si\u00e8ges auto sans d\u00e9montage, pour un int\u00e9rieur propre et couleurs raviv\u00e9es.","breadcrumb":{"@id":"https:\/\/sella-industrie.com\/produit\/kit-gs27-renovation-tissus-moquettes-auto-%d9%85%d8%ac%d9%85%d9%88%d8%b9%d8%a9-%d8%aa%d8%ac%d8%af%d9%8a%d8%af-%d8%a7%d9%84%d8%a3%d9%82%d9%85%d8%b4%d8%a9-%d9%88-%d8%a7%d9%84%d8%b3%d8%ac%d8%a7%d8%af\/#breadcrumb"},"inLanguage":"ar","potentialAction":[{"@type":"ReadAction","target":["https:\/\/sella-industrie.com\/produit\/kit-gs27-renovation-tissus-moquettes-auto-%d9%85%d8%ac%d9%85%d9%88%d8%b9%d8%a9-%d8%aa%d8%ac%d8%af%d9%8a%d8%af-%d8%a7%d9%84%d8%a3%d9%82%d9%85%d8%b4%d8%a9-%d9%88-%d8%a7%d9%84%d8%b3%d8%ac%d8%a7%d8%af\/"]}]},{"@type":"ImageObject","inLanguage":"ar","@id":"https:\/\/sella-industrie.com\/produit\/kit-gs27-renovation-tissus-moquettes-auto-%d9%85%d8%ac%d9%85%d9%88%d8%b9%d8%a9-%d8%aa%d8%ac%d8%af%d9%8a%d8%af-%d8%a7%d9%84%d8%a3%d9%82%d9%85%d8%b4%d8%a9-%d9%88-%d8%a7%d9%84%d8%b3%d8%ac%d8%a7%d8%af\/#primaryimage","url":"https:\/\/sella-industrie.com\/wp-content\/uploads\/2024\/07\/Kit-Renovation-Tissus-Et-Moquettes-Voiture-GS27-CLASSICS-300-ML75-ML-TE172030-IMG1.png","contentUrl":"https:\/\/sella-industrie.com\/wp-content\/uploads\/2024\/07\/Kit-Renovation-Tissus-Et-Moquettes-Voiture-GS27-CLASSICS-300-ML75-ML-TE172030-IMG1.png","width":1000,"height":1000,"caption":"Kit R\u00e9novation Tissus Et Moquettes"},{"@type":"BreadcrumbList","@id":"https:\/\/sella-industrie.com\/produit\/kit-gs27-renovation-tissus-moquettes-auto-%d9%85%d8%ac%d9%85%d9%88%d8%b9%d8%a9-%d8%aa%d8%ac%d8%af%d9%8a%d8%af-%d8%a7%d9%84%d8%a3%d9%82%d9%85%d8%b4%d8%a9-%d9%88-%d8%a7%d9%84%d8%b3%d8%ac%d8%a7%d8%af\/#breadcrumb","itemListElement":[{"@type":"ListItem","position":1,"name":"Accueil","item":"https:\/\/sella-industrie.com\/fr_fr\/"},{"@type":"ListItem","position":2,"name":"Shop","item":"https:\/\/sella-industrie.com\/fr_fr\/shop\/"},{"@type":"ListItem","position":3,"name":"GS27, Produits d'Entretien Auto","item":"https:\/\/sella-industrie.com\/categorie-produit\/produits-dentretien-auto-gs27\/"},{"@type":"ListItem","position":4,"name":"Kit GS27 R\u00e9novation Tissus et Moquettes"}]},{"@type":"WebSite","@id":"https:\/\/sella-industrie.com\/#website","url":"https:\/\/sella-industrie.com\/","name":"Boutique &quot;V6&quot;","description":"We care for your car","publisher":{"@id":"https:\/\/sella-industrie.com\/#organization"},"potentialAction":[{"@type":"SearchAction","target":{"@type":"EntryPoint","urlTemplate":"https:\/\/sella-industrie.com\/?s={search_term_string}"},"query-input":{"@type":"PropertyValueSpecification","valueRequired":true,"valueName":"search_term_string"}}],"inLanguage":"ar"},{"@type":"Organization","@id":"https:\/\/sella-industrie.com\/#organization","name":"Boutique &quot;V6&quot;","url":"https:\/\/sella-industrie.com\/","logo":{"@type":"ImageObject","inLanguage":"ar","@id":"https:\/\/sella-industrie.com\/#\/schema\/logo\/image\/","url":"","contentUrl":"","caption":"Boutique &quot;V6&quot;"},"image":{"@id":"https:\/\/sella-industrie.com\/#\/schema\/logo\/image\/"}}]},"product_price_amount":"5550","product_price_currency":"DZD","og_availability":"instock","product_availability":"instock","product_condition":"new"},"_links":{"self":[{"href":"https:\/\/sella-industrie.com\/ar\/wp-json\/wp\/v2\/product\/30632","targetHints":{"allow":["GET"]}}],"collection":[{"href":"https:\/\/sella-industrie.com\/ar\/wp-json\/wp\/v2\/product"}],"about":[{"href":"https:\/\/sella-industrie.com\/ar\/wp-json\/wp\/v2\/types\/product"}],"replies":[{"embeddable":true,"href":"https:\/\/sella-industrie.com\/ar\/wp-json\/wp\/v2\/comments?post=30632"}],"wp:featuredmedia":[{"embeddable":true,"href":"https:\/\/sella-industrie.com\/ar\/wp-json\/wp\/v2\/media\/30633"}],"wp:attachment":[{"href":"https:\/\/sella-industrie.com\/ar\/wp-json\/wp\/v2\/media?parent=30632"}],"wp:term":[{"taxonomy":"product_brand","embeddable":true,"href":"https:\/\/sella-industrie.com\/ar\/wp-json\/wp\/v2\/product_brand?post=30632"},{"taxonomy":"product_cat","embeddable":true,"href":"https:\/\/sella-industrie.com\/ar\/wp-json\/wp\/v2\/product_cat?post=30632"},{"taxonomy":"product_tag","embeddable":true,"href":"https:\/\/sella-industrie.com\/ar\/wp-json\/wp\/v2\/product_tag?post=30632"}],"curies":[{"name":"wp","href":"https:\/\/api.w.org\/{rel}","templated":true}]}}