{"id":30620,"date":"2024-07-15T08:32:29","date_gmt":"2024-07-15T08:32:29","guid":{"rendered":"https:\/\/v6.sellaindustrie.com\/?post_type=product&#038;p=30620"},"modified":"2026-02-19T08:47:27","modified_gmt":"2026-02-19T08:47:27","slug":"kit-efface-rayures-gs27-finition-%d9%85%d8%ac%d9%85%d9%88%d8%b9%d8%a9-%d9%81%d9%8a%d9%86%d9%8a%d8%b4-%d8%a8%d9%84%d9%88%d8%b3-%d9%84%d8%a5%d8%b2%d8%a7%d9%84%d8%a9-%d8%a7%d9%84%d8%ae%d8%af%d9%88%d8%b4","status":"publish","type":"product","link":"https:\/\/sella-industrie.com\/ar\/product\/kit-efface-rayures-gs27-finition-%d9%85%d8%ac%d9%85%d9%88%d8%b9%d8%a9-%d9%81%d9%8a%d9%86%d9%8a%d8%b4-%d8%a8%d9%84%d9%88%d8%b3-%d9%84%d8%a5%d8%b2%d8%a7%d9%84%d8%a9-%d8%a7%d9%84%d8%ae%d8%af%d9%88%d8%b4\/","title":{"rendered":"KIT EFFACE RAYURES GS27 FINITION+"},"content":{"rendered":"<h2 style=\"text-align: center;\">KIT EFFACE RAYURES GS27 FINITION+ <strong>\u0645\u062c\u0645\u0648\u0639\u0629 \u0641\u064a\u0646\u064a\u0634 \u0628\u0644\u0648\u0633 \u0644\u0625\u0632\u0627\u0644\u0629 \u0627\u0644\u062e\u062f\u0648\u0634<\/strong><\/h2>\n<p>Elimine micro-rayures, ravive la brillance et prot\u00e8ge la carrosserie sans outil. Le <strong>KIT EFFACE RAYURES GS27 FINITION+<\/strong>, est une Solution compl\u00e8te pour une finition auto impeccable et brillante. C&rsquo;est un <strong>kit<\/strong> complet de r\u00e9novation esth\u00e9tique con\u00e7u pour \u00e9liminer les micro-rayures, raviver l\u2019\u00e9clat de la peinture et prot\u00e9ger durablement la carrosserie, et permet d\u2019obtenir une finition brillante digne d\u2019un <a href=\"https:\/\/sella-industrie.com\/ar\/product\/kit-renovation-tissus-et-moquettes\/\">Detailing<\/a> professionnel. Id\u00e9al pour l\u2019entretien r\u00e9gulier comme pour la remise \u00e0 neuf visuelle de votre v\u00e9hicule. Les micro-rayures ternissent la peinture et l\u2019aspect du v\u00e9hicule. C&rsquo;est un<strong> kit<\/strong> de <a href=\"https:\/\/www.gs27.com\/5996-maintenance-auto-entretien-voiture\" target=\"_blank\" rel=\"noopener\"><strong>\"\u062c\u064a \u0623\u063327\"<\/strong><\/a> qui agit pour : Att\u00e9nuer les micro-rayures superficielles. Lisser la surface de la peinture. Uniformiser la finition. Restaurer l\u2019aspect neuf. La carrosserie retrouve profondeur et \u00e9clat. En plus de corriger les d\u00e9fauts, <strong>le kit<\/strong> : R\u00e9active la brillance d\u2019origine. Intensifie la couleur. Apporte un effet miroir. Am\u00e9liore l\u2019esth\u00e9tique globale. Votre voiture para\u00eet plus r\u00e9cente et mieux entretenue.<strong> Il\u00a0laisse une couche protectrice qui :<\/strong> R\u00e9duit l\u2019adh\u00e9rence des salet\u00e9s.\u00a0Limite l\u2019oxydation. Prot\u00e8ge la peinture. Facilite l\u2019entretien futur. La surface reste brillante plus longtemps. C&rsquo;est la solution \u00e0 tous vos probl\u00e8mes de rayures. Gr\u00e2ce aux abrasifs, vous pourrez facilement lisser les bords incisifs de la rayure. L&rsquo;utilisation de l&rsquo;Efface-rayures va ensuite polir la surface trait\u00e9e. Le Lustreur Titanium C\u00e9ramique va finir le processus de r\u00e9novation en apportant brillance et protection \u00e0 la carrosserie. Quelques minutes suffisent pour retrouver un v\u00e9hicule impeccable sans rayure apparente.<span style=\"color: #0000ff;\"> <strong>Composition :<\/strong><\/span>\u00a0<span style=\"color: #ff0000;\"><strong> 1<\/strong><\/span> tube de 150 ml d&rsquo;Efface-rayures \/ <span style=\"color: #ff0000;\"><strong>4<\/strong><\/span> abrasifs P4000 \/ <span style=\"color: #ff0000;\"><strong>1<\/strong><\/span> microfibre 40 x 40 cm \/ <span style=\"color: #ff0000;\"><strong>1<\/strong><\/span> disque applicateur \/ <span style=\"color: #ff0000;\"><strong>1<\/strong><\/span> sachet de Lustreur Titanium C\u00e9ramique de 20 ml. <strong><span style=\"color: #0000ff;\">R\u00e9f\u00e9rence :<\/span> <\/strong>TE172010. GS27 CLASSICS.<\/p>\n<p style=\"text-align: right;\"><strong>\u0645\u062c\u0645\u0648\u0639\u0629 \u0641\u064a\u0646\u064a\u0634 \u0628\u0644\u0648\u0633 \u0644\u0625\u0632\u0627\u0644\u0629 \u0627\u0644\u062e\u062f\u0648\u0634<\/strong>\u060c \u062a\u0632\u064a\u0644 \u0627\u0644\u062e\u062f\u0648\u0634 \u0627\u0644\u062f\u0642\u064a\u0642\u0629\u060c \u0648\u062a\u0639\u064a\u062f \u0627\u0644\u0644\u0645\u0639\u0627\u0646\u060c \u0648\u062a\u062d\u0645\u064a \u0637\u0644\u0627\u0621 \u0627\u0644\u0633\u064a\u0627\u0631\u0629 \u0628\u062f\u0648\u0646 \u0623\u062f\u0648\u0627\u062a. \u062d\u0644 \u0645\u062a\u0643\u0627\u0645\u0644 \u0644\u0644\u062d\u0635\u0648\u0644 \u0639\u0644\u0649 \u0637\u0644\u0627\u0621 \u0644\u0627\u0645\u0639 \u0644\u0627 \u062a\u0634\u0648\u0628\u0647 \u0634\u0627\u0626\u0628\u0629<\/p>","protected":false},"excerpt":{"rendered":"<h1 style=\"text-align: center;\"><strong>\u0645\u062c\u0645\u0648\u0639\u0629 \u0641\u064a\u0646\u064a\u0634 \u0628\u0644\u0648\u0633 \u0644\u0625\u0632\u0627\u0644\u0629 \u0627\u0644\u062e\u062f\u0648\u0634<\/strong><\/h1>\n<p>Elimine micro-rayures, ravive la brillance et prot\u00e8ge la carrosserie sans outil. Le <strong>KIT EFFACE RAYURES GS27 FINITION+<\/strong>, est une Solution compl\u00e8te pour une finition auto impeccable et brillante.<\/p>","protected":false},"featured_media":30621,"comment_status":"open","ping_status":"closed","template":"","meta":[],"product_brand":[312],"product_cat":[582],"product_tag":[],"class_list":{"0":"post-30620","1":"product","2":"type-product","3":"status-publish","4":"has-post-thumbnail","6":"product_brand-gs-27","7":"product_cat-produits-dentretien-auto-gs27","9":"first","10":"instock","11":"taxable","12":"shipping-taxable","13":"purchasable","14":"product-type-simple"},"yoast_head":"<!-- This site is optimized with the Yoast SEO Premium plugin v27.1 (Yoast SEO v27.4) - https:\/\/yoast.com\/product\/yoast-seo-premium-wordpress\/ -->\n<title>KIT EFFACE RAYURES GS27 FINITION+ - Boutique &quot;V6&quot;<\/title>\n<meta name=\"description\" content=\"KIT EFFACE RAYURES GS27 FINITION+, \u00e9limine micro-rayures, ravive la brillance et prot\u00e8ge la carrosserie sans outil. finition auto impeccable et brillante.\" \/>\n<meta name=\"robots\" content=\"index, follow, max-snippet:-1, max-image-preview:large, max-video-preview:-1\" \/>\n<link rel=\"canonical\" href=\"https:\/\/sella-industrie.com\/ar\/product\/kit-efface-rayures-gs27-finition-\u0645\u062c\u0645\u0648\u0639\u0629-\u0641\u064a\u0646\u064a\u0634-\u0628\u0644\u0648\u0633-\u0644\u0625\u0632\u0627\u0644\u0629-\u0627\u0644\u062e\u062f\u0648\u0634\/\" \/>\n<meta property=\"og:locale\" content=\"ar_AR\" \/>\n<meta property=\"og:type\" content=\"article\" \/>\n<meta property=\"og:title\" content=\"KIT EFFACE RAYURES GS27 FINITION+\" \/>\n<meta property=\"og:description\" content=\"KIT EFFACE RAYURES GS27 FINITION+, \u00e9limine micro-rayures, ravive la brillance et prot\u00e8ge la carrosserie sans outil. finition auto impeccable et brillante.\" \/>\n<meta property=\"og:url\" content=\"https:\/\/sella-industrie.com\/ar\/product\/kit-efface-rayures-gs27-finition-\u0645\u062c\u0645\u0648\u0639\u0629-\u0641\u064a\u0646\u064a\u0634-\u0628\u0644\u0648\u0633-\u0644\u0625\u0632\u0627\u0644\u0629-\u0627\u0644\u062e\u062f\u0648\u0634\/\" \/>\n<meta property=\"og:site_name\" content=\"Boutique &quot;V6&quot;\" \/>\n<meta property=\"article:modified_time\" content=\"2026-02-19T08:47:27+00:00\" \/>\n<meta property=\"og:image\" content=\"https:\/\/sella-industrie.com\/wp-content\/uploads\/2024\/07\/KIT-EFFACE-RAYURES-FINITION-GS27-CLASSICS-150-ML-TE172010-IMG1.png\" \/>\n\t<meta property=\"og:image:width\" content=\"1000\" \/>\n\t<meta property=\"og:image:height\" content=\"1000\" \/>\n\t<meta property=\"og:image:type\" content=\"image\/png\" \/>\n<meta name=\"twitter:card\" content=\"summary_large_image\" \/>\n<meta name=\"twitter:label1\" content=\"\u0627\u0644\u0633\u0639\u0631\" \/>\n\t<meta name=\"twitter:data1\" content=\"&#x62f;.&#x62c;&nbsp;4.550\" \/>\n\t<meta name=\"twitter:label2\" content=\"\u0627\u0644\u062a\u0648\u0641\u0631\" \/>\n\t<meta name=\"twitter:data2\" content=\"\u0645\u062a\u0648\u0641\u0631 \u0641\u064a \u0627\u0644\u0645\u062e\u0632\u0648\u0646\" \/>\n<script type=\"application\/ld+json\" class=\"yoast-schema-graph\">{\"@context\":\"https:\\\/\\\/schema.org\",\"@graph\":[{\"@type\":\"WebPage\",\"@id\":\"https:\\\/\\\/sella-industrie.com\\\/produit\\\/kit-efface-rayures-gs27-finition-%d9%85%d8%ac%d9%85%d9%88%d8%b9%d8%a9-%d9%81%d9%8a%d9%86%d9%8a%d8%b4-%d8%a8%d9%84%d9%88%d8%b3-%d9%84%d8%a5%d8%b2%d8%a7%d9%84%d8%a9-%d8%a7%d9%84%d8%ae%d8%af%d9%88%d8%b4\\\/\",\"url\":\"https:\\\/\\\/sella-industrie.com\\\/produit\\\/kit-efface-rayures-gs27-finition-%d9%85%d8%ac%d9%85%d9%88%d8%b9%d8%a9-%d9%81%d9%8a%d9%86%d9%8a%d8%b4-%d8%a8%d9%84%d9%88%d8%b3-%d9%84%d8%a5%d8%b2%d8%a7%d9%84%d8%a9-%d8%a7%d9%84%d8%ae%d8%af%d9%88%d8%b4\\\/\",\"name\":\"KIT EFFACE RAYURES GS27 FINITION+ - Boutique &quot;V6&quot;\",\"isPartOf\":{\"@id\":\"https:\\\/\\\/sella-industrie.com\\\/#website\"},\"primaryImageOfPage\":{\"@id\":\"https:\\\/\\\/sella-industrie.com\\\/produit\\\/kit-efface-rayures-gs27-finition-%d9%85%d8%ac%d9%85%d9%88%d8%b9%d8%a9-%d9%81%d9%8a%d9%86%d9%8a%d8%b4-%d8%a8%d9%84%d9%88%d8%b3-%d9%84%d8%a5%d8%b2%d8%a7%d9%84%d8%a9-%d8%a7%d9%84%d8%ae%d8%af%d9%88%d8%b4\\\/#primaryimage\"},\"image\":{\"@id\":\"https:\\\/\\\/sella-industrie.com\\\/produit\\\/kit-efface-rayures-gs27-finition-%d9%85%d8%ac%d9%85%d9%88%d8%b9%d8%a9-%d9%81%d9%8a%d9%86%d9%8a%d8%b4-%d8%a8%d9%84%d9%88%d8%b3-%d9%84%d8%a5%d8%b2%d8%a7%d9%84%d8%a9-%d8%a7%d9%84%d8%ae%d8%af%d9%88%d8%b4\\\/#primaryimage\"},\"thumbnailUrl\":\"https:\\\/\\\/sella-industrie.com\\\/wp-content\\\/uploads\\\/2024\\\/07\\\/KIT-EFFACE-RAYURES-FINITION-GS27-CLASSICS-150-ML-TE172010-IMG1.png\",\"datePublished\":\"2024-07-15T08:32:29+00:00\",\"dateModified\":\"2026-02-19T08:47:27+00:00\",\"description\":\"KIT EFFACE RAYURES GS27 FINITION+, \u00e9limine micro-rayures, ravive la brillance et prot\u00e8ge la carrosserie sans outil. finition auto impeccable et brillante.\",\"breadcrumb\":{\"@id\":\"https:\\\/\\\/sella-industrie.com\\\/produit\\\/kit-efface-rayures-gs27-finition-%d9%85%d8%ac%d9%85%d9%88%d8%b9%d8%a9-%d9%81%d9%8a%d9%86%d9%8a%d8%b4-%d8%a8%d9%84%d9%88%d8%b3-%d9%84%d8%a5%d8%b2%d8%a7%d9%84%d8%a9-%d8%a7%d9%84%d8%ae%d8%af%d9%88%d8%b4\\\/#breadcrumb\"},\"inLanguage\":\"ar\",\"potentialAction\":[{\"@type\":\"ReadAction\",\"target\":[\"https:\\\/\\\/sella-industrie.com\\\/produit\\\/kit-efface-rayures-gs27-finition-%d9%85%d8%ac%d9%85%d9%88%d8%b9%d8%a9-%d9%81%d9%8a%d9%86%d9%8a%d8%b4-%d8%a8%d9%84%d9%88%d8%b3-%d9%84%d8%a5%d8%b2%d8%a7%d9%84%d8%a9-%d8%a7%d9%84%d8%ae%d8%af%d9%88%d8%b4\\\/\"]}]},{\"@type\":\"ImageObject\",\"inLanguage\":\"ar\",\"@id\":\"https:\\\/\\\/sella-industrie.com\\\/produit\\\/kit-efface-rayures-gs27-finition-%d9%85%d8%ac%d9%85%d9%88%d8%b9%d8%a9-%d9%81%d9%8a%d9%86%d9%8a%d8%b4-%d8%a8%d9%84%d9%88%d8%b3-%d9%84%d8%a5%d8%b2%d8%a7%d9%84%d8%a9-%d8%a7%d9%84%d8%ae%d8%af%d9%88%d8%b4\\\/#primaryimage\",\"url\":\"https:\\\/\\\/sella-industrie.com\\\/wp-content\\\/uploads\\\/2024\\\/07\\\/KIT-EFFACE-RAYURES-FINITION-GS27-CLASSICS-150-ML-TE172010-IMG1.png\",\"contentUrl\":\"https:\\\/\\\/sella-industrie.com\\\/wp-content\\\/uploads\\\/2024\\\/07\\\/KIT-EFFACE-RAYURES-FINITION-GS27-CLASSICS-150-ML-TE172010-IMG1.png\",\"width\":1000,\"height\":1000,\"caption\":\"KIT EFFACE RAYURES GS27 FINITION+\"},{\"@type\":\"BreadcrumbList\",\"@id\":\"https:\\\/\\\/sella-industrie.com\\\/produit\\\/kit-efface-rayures-gs27-finition-%d9%85%d8%ac%d9%85%d9%88%d8%b9%d8%a9-%d9%81%d9%8a%d9%86%d9%8a%d8%b4-%d8%a8%d9%84%d9%88%d8%b3-%d9%84%d8%a5%d8%b2%d8%a7%d9%84%d8%a9-%d8%a7%d9%84%d8%ae%d8%af%d9%88%d8%b4\\\/#breadcrumb\",\"itemListElement\":[{\"@type\":\"ListItem\",\"position\":1,\"name\":\"Accueil\",\"item\":\"https:\\\/\\\/sella-industrie.com\\\/fr_fr\\\/\"},{\"@type\":\"ListItem\",\"position\":2,\"name\":\"Shop\",\"item\":\"https:\\\/\\\/sella-industrie.com\\\/fr_fr\\\/shop\\\/\"},{\"@type\":\"ListItem\",\"position\":3,\"name\":\"GS27, Produits d'Entretien Auto\",\"item\":\"https:\\\/\\\/sella-industrie.com\\\/categorie-produit\\\/produits-dentretien-auto-gs27\\\/\"},{\"@type\":\"ListItem\",\"position\":4,\"name\":\"KIT EFFACE RAYURES GS27 FINITION+\"}]},{\"@type\":\"WebSite\",\"@id\":\"https:\\\/\\\/sella-industrie.com\\\/#website\",\"url\":\"https:\\\/\\\/sella-industrie.com\\\/\",\"name\":\"Boutique &quot;V6&quot;\",\"description\":\"We care for your car\",\"publisher\":{\"@id\":\"https:\\\/\\\/sella-industrie.com\\\/#organization\"},\"potentialAction\":[{\"@type\":\"SearchAction\",\"target\":{\"@type\":\"EntryPoint\",\"urlTemplate\":\"https:\\\/\\\/sella-industrie.com\\\/?s={search_term_string}\"},\"query-input\":{\"@type\":\"PropertyValueSpecification\",\"valueRequired\":true,\"valueName\":\"search_term_string\"}}],\"inLanguage\":\"ar\"},{\"@type\":\"Organization\",\"@id\":\"https:\\\/\\\/sella-industrie.com\\\/#organization\",\"name\":\"Boutique &quot;V6&quot;\",\"url\":\"https:\\\/\\\/sella-industrie.com\\\/\",\"logo\":{\"@type\":\"ImageObject\",\"inLanguage\":\"ar\",\"@id\":\"https:\\\/\\\/sella-industrie.com\\\/#\\\/schema\\\/logo\\\/image\\\/\",\"url\":\"\",\"contentUrl\":\"\",\"caption\":\"Boutique &quot;V6&quot;\"},\"image\":{\"@id\":\"https:\\\/\\\/sella-industrie.com\\\/#\\\/schema\\\/logo\\\/image\\\/\"}}]}<\/script>\n<meta property=\"product:price:amount\" content=\"4550\" \/>\n<meta property=\"product:price:currency\" content=\"DZD\" \/>\n<meta property=\"og:availability\" content=\"instock\" \/>\n<meta property=\"product:availability\" content=\"instock\" \/>\n<meta property=\"product:condition\" content=\"new\" \/>\n<!-- \/ Yoast SEO Premium plugin. -->","yoast_head_json":{"title":"KIT EFFACE RAYURES GS27 FINITION+ - Boutique &quot;V6&quot;","description":"KIT EFFACE RAYURES GS27 FINITION+, \u00e9limine micro-rayures, ravive la brillance et prot\u00e8ge la carrosserie sans outil. finition auto impeccable et brillante.","robots":{"index":"index","follow":"follow","max-snippet":"max-snippet:-1","max-image-preview":"max-image-preview:large","max-video-preview":"max-video-preview:-1"},"canonical":"https:\/\/sella-industrie.com\/ar\/product\/kit-efface-rayures-gs27-finition-\u0645\u062c\u0645\u0648\u0639\u0629-\u0641\u064a\u0646\u064a\u0634-\u0628\u0644\u0648\u0633-\u0644\u0625\u0632\u0627\u0644\u0629-\u0627\u0644\u062e\u062f\u0648\u0634\/","og_locale":"ar_AR","og_type":"article","og_title":"KIT EFFACE RAYURES GS27 FINITION+","og_description":"KIT EFFACE RAYURES GS27 FINITION+, \u00e9limine micro-rayures, ravive la brillance et prot\u00e8ge la carrosserie sans outil. finition auto impeccable et brillante.","og_url":"https:\/\/sella-industrie.com\/ar\/product\/kit-efface-rayures-gs27-finition-\u0645\u062c\u0645\u0648\u0639\u0629-\u0641\u064a\u0646\u064a\u0634-\u0628\u0644\u0648\u0633-\u0644\u0625\u0632\u0627\u0644\u0629-\u0627\u0644\u062e\u062f\u0648\u0634\/","og_site_name":"Boutique &quot;V6&quot;","article_modified_time":"2026-02-19T08:47:27+00:00","og_image":[{"width":1000,"height":1000,"url":"https:\/\/sella-industrie.com\/wp-content\/uploads\/2024\/07\/KIT-EFFACE-RAYURES-FINITION-GS27-CLASSICS-150-ML-TE172010-IMG1.png","type":"image\/png"}],"twitter_card":"summary_large_image","twitter_misc":{"\u0627\u0644\u0633\u0639\u0631":"&#x62f;.&#x62c;&nbsp;4.550","\u0627\u0644\u062a\u0648\u0641\u0631":"\u0645\u062a\u0648\u0641\u0631 \u0641\u064a \u0627\u0644\u0645\u062e\u0632\u0648\u0646"},"schema":{"@context":"https:\/\/schema.org","@graph":[{"@type":"WebPage","@id":"https:\/\/sella-industrie.com\/produit\/kit-efface-rayures-gs27-finition-%d9%85%d8%ac%d9%85%d9%88%d8%b9%d8%a9-%d9%81%d9%8a%d9%86%d9%8a%d8%b4-%d8%a8%d9%84%d9%88%d8%b3-%d9%84%d8%a5%d8%b2%d8%a7%d9%84%d8%a9-%d8%a7%d9%84%d8%ae%d8%af%d9%88%d8%b4\/","url":"https:\/\/sella-industrie.com\/produit\/kit-efface-rayures-gs27-finition-%d9%85%d8%ac%d9%85%d9%88%d8%b9%d8%a9-%d9%81%d9%8a%d9%86%d9%8a%d8%b4-%d8%a8%d9%84%d9%88%d8%b3-%d9%84%d8%a5%d8%b2%d8%a7%d9%84%d8%a9-%d8%a7%d9%84%d8%ae%d8%af%d9%88%d8%b4\/","name":"KIT EFFACE RAYURES GS27 FINITION+ - Boutique &quot;V6&quot;","isPartOf":{"@id":"https:\/\/sella-industrie.com\/#website"},"primaryImageOfPage":{"@id":"https:\/\/sella-industrie.com\/produit\/kit-efface-rayures-gs27-finition-%d9%85%d8%ac%d9%85%d9%88%d8%b9%d8%a9-%d9%81%d9%8a%d9%86%d9%8a%d8%b4-%d8%a8%d9%84%d9%88%d8%b3-%d9%84%d8%a5%d8%b2%d8%a7%d9%84%d8%a9-%d8%a7%d9%84%d8%ae%d8%af%d9%88%d8%b4\/#primaryimage"},"image":{"@id":"https:\/\/sella-industrie.com\/produit\/kit-efface-rayures-gs27-finition-%d9%85%d8%ac%d9%85%d9%88%d8%b9%d8%a9-%d9%81%d9%8a%d9%86%d9%8a%d8%b4-%d8%a8%d9%84%d9%88%d8%b3-%d9%84%d8%a5%d8%b2%d8%a7%d9%84%d8%a9-%d8%a7%d9%84%d8%ae%d8%af%d9%88%d8%b4\/#primaryimage"},"thumbnailUrl":"https:\/\/sella-industrie.com\/wp-content\/uploads\/2024\/07\/KIT-EFFACE-RAYURES-FINITION-GS27-CLASSICS-150-ML-TE172010-IMG1.png","datePublished":"2024-07-15T08:32:29+00:00","dateModified":"2026-02-19T08:47:27+00:00","description":"KIT EFFACE RAYURES GS27 FINITION+, \u00e9limine micro-rayures, ravive la brillance et prot\u00e8ge la carrosserie sans outil. finition auto impeccable et brillante.","breadcrumb":{"@id":"https:\/\/sella-industrie.com\/produit\/kit-efface-rayures-gs27-finition-%d9%85%d8%ac%d9%85%d9%88%d8%b9%d8%a9-%d9%81%d9%8a%d9%86%d9%8a%d8%b4-%d8%a8%d9%84%d9%88%d8%b3-%d9%84%d8%a5%d8%b2%d8%a7%d9%84%d8%a9-%d8%a7%d9%84%d8%ae%d8%af%d9%88%d8%b4\/#breadcrumb"},"inLanguage":"ar","potentialAction":[{"@type":"ReadAction","target":["https:\/\/sella-industrie.com\/produit\/kit-efface-rayures-gs27-finition-%d9%85%d8%ac%d9%85%d9%88%d8%b9%d8%a9-%d9%81%d9%8a%d9%86%d9%8a%d8%b4-%d8%a8%d9%84%d9%88%d8%b3-%d9%84%d8%a5%d8%b2%d8%a7%d9%84%d8%a9-%d8%a7%d9%84%d8%ae%d8%af%d9%88%d8%b4\/"]}]},{"@type":"ImageObject","inLanguage":"ar","@id":"https:\/\/sella-industrie.com\/produit\/kit-efface-rayures-gs27-finition-%d9%85%d8%ac%d9%85%d9%88%d8%b9%d8%a9-%d9%81%d9%8a%d9%86%d9%8a%d8%b4-%d8%a8%d9%84%d9%88%d8%b3-%d9%84%d8%a5%d8%b2%d8%a7%d9%84%d8%a9-%d8%a7%d9%84%d8%ae%d8%af%d9%88%d8%b4\/#primaryimage","url":"https:\/\/sella-industrie.com\/wp-content\/uploads\/2024\/07\/KIT-EFFACE-RAYURES-FINITION-GS27-CLASSICS-150-ML-TE172010-IMG1.png","contentUrl":"https:\/\/sella-industrie.com\/wp-content\/uploads\/2024\/07\/KIT-EFFACE-RAYURES-FINITION-GS27-CLASSICS-150-ML-TE172010-IMG1.png","width":1000,"height":1000,"caption":"KIT EFFACE RAYURES GS27 FINITION+"},{"@type":"BreadcrumbList","@id":"https:\/\/sella-industrie.com\/produit\/kit-efface-rayures-gs27-finition-%d9%85%d8%ac%d9%85%d9%88%d8%b9%d8%a9-%d9%81%d9%8a%d9%86%d9%8a%d8%b4-%d8%a8%d9%84%d9%88%d8%b3-%d9%84%d8%a5%d8%b2%d8%a7%d9%84%d8%a9-%d8%a7%d9%84%d8%ae%d8%af%d9%88%d8%b4\/#breadcrumb","itemListElement":[{"@type":"ListItem","position":1,"name":"Accueil","item":"https:\/\/sella-industrie.com\/fr_fr\/"},{"@type":"ListItem","position":2,"name":"Shop","item":"https:\/\/sella-industrie.com\/fr_fr\/shop\/"},{"@type":"ListItem","position":3,"name":"GS27, Produits d'Entretien Auto","item":"https:\/\/sella-industrie.com\/categorie-produit\/produits-dentretien-auto-gs27\/"},{"@type":"ListItem","position":4,"name":"KIT EFFACE RAYURES GS27 FINITION+"}]},{"@type":"WebSite","@id":"https:\/\/sella-industrie.com\/#website","url":"https:\/\/sella-industrie.com\/","name":"Boutique &quot;V6&quot;","description":"We care for your car","publisher":{"@id":"https:\/\/sella-industrie.com\/#organization"},"potentialAction":[{"@type":"SearchAction","target":{"@type":"EntryPoint","urlTemplate":"https:\/\/sella-industrie.com\/?s={search_term_string}"},"query-input":{"@type":"PropertyValueSpecification","valueRequired":true,"valueName":"search_term_string"}}],"inLanguage":"ar"},{"@type":"Organization","@id":"https:\/\/sella-industrie.com\/#organization","name":"Boutique &quot;V6&quot;","url":"https:\/\/sella-industrie.com\/","logo":{"@type":"ImageObject","inLanguage":"ar","@id":"https:\/\/sella-industrie.com\/#\/schema\/logo\/image\/","url":"","contentUrl":"","caption":"Boutique &quot;V6&quot;"},"image":{"@id":"https:\/\/sella-industrie.com\/#\/schema\/logo\/image\/"}}]},"product_price_amount":"4550","product_price_currency":"DZD","og_availability":"instock","product_availability":"instock","product_condition":"new"},"_links":{"self":[{"href":"https:\/\/sella-industrie.com\/ar\/wp-json\/wp\/v2\/product\/30620","targetHints":{"allow":["GET"]}}],"collection":[{"href":"https:\/\/sella-industrie.com\/ar\/wp-json\/wp\/v2\/product"}],"about":[{"href":"https:\/\/sella-industrie.com\/ar\/wp-json\/wp\/v2\/types\/product"}],"replies":[{"embeddable":true,"href":"https:\/\/sella-industrie.com\/ar\/wp-json\/wp\/v2\/comments?post=30620"}],"wp:featuredmedia":[{"embeddable":true,"href":"https:\/\/sella-industrie.com\/ar\/wp-json\/wp\/v2\/media\/30621"}],"wp:attachment":[{"href":"https:\/\/sella-industrie.com\/ar\/wp-json\/wp\/v2\/media?parent=30620"}],"wp:term":[{"taxonomy":"product_brand","embeddable":true,"href":"https:\/\/sella-industrie.com\/ar\/wp-json\/wp\/v2\/product_brand?post=30620"},{"taxonomy":"product_cat","embeddable":true,"href":"https:\/\/sella-industrie.com\/ar\/wp-json\/wp\/v2\/product_cat?post=30620"},{"taxonomy":"product_tag","embeddable":true,"href":"https:\/\/sella-industrie.com\/ar\/wp-json\/wp\/v2\/product_tag?post=30620"}],"curies":[{"name":"wp","href":"https:\/\/api.w.org\/{rel}","templated":true}]}}