{"id":30609,"date":"2024-07-15T08:19:30","date_gmt":"2024-07-15T08:19:30","guid":{"rendered":"https:\/\/v6.sellaindustrie.com\/?post_type=product&#038;p=30609"},"modified":"2026-02-17T09:25:29","modified_gmt":"2026-02-17T09:25:29","slug":"formule-9000-essence-decalaminant-moteur-2x100ml-%d9%81%d9%88%d8%b1%d9%85%d9%88%d9%84%d8%a7-9000-%d9%85%d8%b2%d9%8a%d9%84-%d8%a7%d9%84%d9%83%d8%b1%d8%a8%d9%88%d9%86-%d9%85%d9%86-%d9%85%d9%8f%d8%ad","status":"publish","type":"product","link":"https:\/\/sella-industrie.com\/ar\/product\/formule-9000-essence-decalaminant-moteur-2x100ml-%d9%81%d9%88%d8%b1%d9%85%d9%88%d9%84%d8%a7-9000-%d9%85%d8%b2%d9%8a%d9%84-%d8%a7%d9%84%d9%83%d8%b1%d8%a8%d9%88%d9%86-%d9%85%d9%86-%d9%85%d9%8f%d8%ad\/","title":{"rendered":"FORMULE 9000 ESSENCE 2&#215;100 ml"},"content":{"rendered":"<h2 style=\"text-align: center;\" data-start=\"452\" data-end=\"645\">FORMULE 9000 ESSENCE 2&#215;100 ml \u0641\u0648\u0645\u0648\u0644\u0627 9000 \u0645\u0632\u064a\u0644 \u0627\u0644\u0643\u0631\u0628\u0648\u0646 \u0645\u0646 \u0645\u064f\u062d\u0631\u0643 \u0627\u0644\u0628\u0646\u0632\u064a\u0646<\/h2>\n<p data-start=\"452\" data-end=\"645\"><strong>FORMULE 9000 ESSENCE 2&#215;100 ml<\/strong>, d\u00e9calaminant moteur compatible toutes huiles. Nettoie le <a href=\"https:\/\/www.tiktok.com\/@v6.accessoires.au\" target=\"_blank\" rel=\"noopener\">moteur<\/a>, am\u00e9liore les performances et entretient la m\u00e9canique. \u00c0 verser dans le r\u00e9servoir avant <a href=\"https:\/\/sella-industrie.com\/ar\/product\/coffret-lustreur-titanium-ceramique-black-intense-gs27-%d9%83%d9%88%d9%81%d8%b1%d9%8a%d9%87-%d9%85%d9%84%d9%85%d8%b9-%d8%aa%d9%8a%d8%aa%d8%a7%d9%86%d9%8a%d9%88%d9%85-%d8%b3%d9%8a%d8%b1%d8%a7%d9%85\/\">carburant<\/a>. C&rsquo;est un additif moteur d\u00e9calaminant haute efficacit\u00e9 con\u00e7u pour nettoyer en profondeur le syst\u00e8me d\u2019alimentation et am\u00e9liorer les performances du moteur essence. Compatible avec tous les types d\u2019huile, il entretient durablement la m\u00e9canique et optimise le fonctionnement du moteur. Gr\u00e2ce \u00e0 son action nettoyante, il r\u00e9duit les d\u00e9p\u00f4ts et contribue \u00e0 un moteur plus souple, plus propre et plus performant. Au fil du temps, des d\u00e9p\u00f4ts de calamine s\u2019accumulent dans le moteur et le syst\u00e8me d\u2019injection. Le <strong data-start=\"1324\" data-end=\"1348\">Formule 9000 Essence<\/strong> agit pour : Nettoyer le circuit d\u2019alimentation. R\u00e9duire les d\u00e9p\u00f4ts de calamine. Am\u00e9liorer la combustion. Restaurer les performances moteur. Il aide \u00e0 maintenir un moteur propre et efficace.<\/p>\n<p style=\"text-align: right;\"><strong>\u0641\u0648\u0645\u0648\u0644\u0627 9000 \u0645\u0632\u064a\u0644 \u0627\u0644\u0643\u0631\u0628\u0648\u0646 \u0645\u0646 \u0645\u064f\u062d\u0631\u0643 \u0627\u0644\u0628\u0646\u0632\u064a\u0646<\/strong>\u00a0 (\u0639\u0628\u0648\u062a\u0627\u0646 \u00d7 100 \u0645\u0644)\u060c \u0645\u064f\u0646\u0627\u0633\u0628 \u0644\u062c\u0645\u064a\u0639 \u0623\u0646\u0648\u0627\u0639 \u0627\u0644\u0632\u064a\u0648\u062a. \u064a\u064f\u0646\u0638\u0641 \u0627\u0644\u0645\u064f\u062d\u0631\u0643\u060c \u0648\u064a\u064f\u062d\u0633\u0651\u0646 \u0627\u0644\u0623\u062f\u0627\u0621\u060c \u0648\u064a\u064f\u062d\u0627\u0641\u0638 \u0639\u0644\u0649 \u0633\u0644\u0627\u0645\u0629 \u0627\u0644\u0623\u062c\u0632\u0627\u0621 \u0627\u0644\u0645\u064a\u0643\u0627\u0646\u064a\u0643\u064a\u0629. \u064a\u064f\u0633\u0643\u0628 \u0641\u064a \u062e\u0632\u0627\u0646 \u0627\u0644\u0648\u0642\u0648\u062f \u0642\u0628\u0644 \u0627\u0644\u062a\u0632\u0648\u062f \u0628\u0627\u0644\u0648\u0642\u0648\u062f<\/p>","protected":false},"excerpt":{"rendered":"<h1 style=\"text-align: center;\" data-start=\"452\" data-end=\"645\">\u0641\u0648\u0645\u0648\u0644\u0627 9000 \u0645\u0632\u064a\u0644 \u0627\u0644\u0643\u0631\u0628\u0648\u0646 \u0645\u0646 \u0645\u064f\u062d\u0631\u0643 \u0627\u0644\u0628\u0646\u0632\u064a\u0646<\/h1>\n<p data-start=\"452\" data-end=\"645\"><strong>FORMULE 9000 ESSENCE 2&#215;100 ml<\/strong>, d\u00e9calaminant moteur compatible toutes huiles. Nettoie le moteur, am\u00e9liore les performances et entretient la m\u00e9canique. \u00c0 verser dans le r\u00e9servoir avant carburant.<\/p>","protected":false},"featured_media":30940,"comment_status":"open","ping_status":"closed","template":"","meta":[],"product_brand":[312],"product_cat":[582],"product_tag":[],"class_list":{"0":"post-30609","1":"product","2":"type-product","3":"status-publish","4":"has-post-thumbnail","6":"product_brand-gs-27","7":"product_cat-produits-dentretien-auto-gs27","9":"first","10":"instock","11":"taxable","12":"shipping-taxable","13":"purchasable","14":"product-type-simple"},"yoast_head":"<!-- This site is optimized with the Yoast SEO Premium plugin v27.1 (Yoast SEO v27.4) - https:\/\/yoast.com\/product\/yoast-seo-premium-wordpress\/ -->\n<title>FORMULE 9000 ESSENCE 2x100 ml - Boutique &quot;V6&quot;<\/title>\n<meta name=\"description\" content=\"FORMULE 9000 ESSENCE 2x100 ml, d\u00e9calaminant moteur compatible toutes huiles. Nettoie le moteur, am\u00e9liore les performances et entretient la m\u00e9canique.\" \/>\n<meta name=\"robots\" content=\"index, follow, max-snippet:-1, max-image-preview:large, max-video-preview:-1\" \/>\n<link rel=\"canonical\" href=\"https:\/\/sella-industrie.com\/ar\/product\/formule-9000-essence-decalaminant-moteur-2x100ml-\u0641\u0648\u0631\u0645\u0648\u0644\u0627-9000-\u0645\u0632\u064a\u0644-\u0627\u0644\u0643\u0631\u0628\u0648\u0646-\u0645\u0646-\u0645\u064f\u062d\/\" \/>\n<meta property=\"og:locale\" content=\"ar_AR\" \/>\n<meta property=\"og:type\" content=\"article\" \/>\n<meta property=\"og:title\" content=\"FORMULE 9000 ESSENCE 2x100 ml\" \/>\n<meta property=\"og:description\" content=\"FORMULE 9000 ESSENCE 2x100 ml, d\u00e9calaminant moteur compatible toutes huiles. Nettoie le moteur, am\u00e9liore les performances et entretient la m\u00e9canique.\" \/>\n<meta property=\"og:url\" content=\"https:\/\/sella-industrie.com\/ar\/product\/formule-9000-essence-decalaminant-moteur-2x100ml-\u0641\u0648\u0631\u0645\u0648\u0644\u0627-9000-\u0645\u0632\u064a\u0644-\u0627\u0644\u0643\u0631\u0628\u0648\u0646-\u0645\u0646-\u0645\u064f\u062d\/\" \/>\n<meta property=\"og:site_name\" content=\"Boutique &quot;V6&quot;\" \/>\n<meta property=\"article:modified_time\" content=\"2026-02-17T09:25:29+00:00\" \/>\n<meta property=\"og:image\" content=\"https:\/\/sella-industrie.com\/wp-content\/uploads\/2024\/07\/FORMULE-9000-ESSENCE-2X100ML-GS-27-PIC.png\" \/>\n\t<meta property=\"og:image:width\" content=\"1000\" \/>\n\t<meta property=\"og:image:height\" content=\"1000\" \/>\n\t<meta property=\"og:image:type\" content=\"image\/png\" \/>\n<meta name=\"twitter:card\" content=\"summary_large_image\" \/>\n<meta name=\"twitter:label1\" content=\"\u0627\u0644\u0633\u0639\u0631\" \/>\n\t<meta name=\"twitter:data1\" content=\"&#x62f;.&#x62c;&nbsp;3.050\" \/>\n\t<meta name=\"twitter:label2\" content=\"\u0627\u0644\u062a\u0648\u0641\u0631\" \/>\n\t<meta name=\"twitter:data2\" content=\"\u0645\u062a\u0648\u0641\u0631 \u0641\u064a \u0627\u0644\u0645\u062e\u0632\u0648\u0646\" \/>\n<script type=\"application\/ld+json\" class=\"yoast-schema-graph\">{\"@context\":\"https:\\\/\\\/schema.org\",\"@graph\":[{\"@type\":\"WebPage\",\"@id\":\"https:\\\/\\\/sella-industrie.com\\\/produit\\\/formule-9000-essence-decalaminant-moteur-2x100ml-%d9%81%d9%88%d8%b1%d9%85%d9%88%d9%84%d8%a7-9000-%d9%85%d8%b2%d9%8a%d9%84-%d8%a7%d9%84%d9%83%d8%b1%d8%a8%d9%88%d9%86-%d9%85%d9%86-%d9%85%d9%8f%d8%ad\\\/\",\"url\":\"https:\\\/\\\/sella-industrie.com\\\/produit\\\/formule-9000-essence-decalaminant-moteur-2x100ml-%d9%81%d9%88%d8%b1%d9%85%d9%88%d9%84%d8%a7-9000-%d9%85%d8%b2%d9%8a%d9%84-%d8%a7%d9%84%d9%83%d8%b1%d8%a8%d9%88%d9%86-%d9%85%d9%86-%d9%85%d9%8f%d8%ad\\\/\",\"name\":\"FORMULE 9000 ESSENCE 2x100 ml - Boutique &quot;V6&quot;\",\"isPartOf\":{\"@id\":\"https:\\\/\\\/sella-industrie.com\\\/#website\"},\"primaryImageOfPage\":{\"@id\":\"https:\\\/\\\/sella-industrie.com\\\/produit\\\/formule-9000-essence-decalaminant-moteur-2x100ml-%d9%81%d9%88%d8%b1%d9%85%d9%88%d9%84%d8%a7-9000-%d9%85%d8%b2%d9%8a%d9%84-%d8%a7%d9%84%d9%83%d8%b1%d8%a8%d9%88%d9%86-%d9%85%d9%86-%d9%85%d9%8f%d8%ad\\\/#primaryimage\"},\"image\":{\"@id\":\"https:\\\/\\\/sella-industrie.com\\\/produit\\\/formule-9000-essence-decalaminant-moteur-2x100ml-%d9%81%d9%88%d8%b1%d9%85%d9%88%d9%84%d8%a7-9000-%d9%85%d8%b2%d9%8a%d9%84-%d8%a7%d9%84%d9%83%d8%b1%d8%a8%d9%88%d9%86-%d9%85%d9%86-%d9%85%d9%8f%d8%ad\\\/#primaryimage\"},\"thumbnailUrl\":\"https:\\\/\\\/sella-industrie.com\\\/wp-content\\\/uploads\\\/2024\\\/07\\\/FORMULE-9000-ESSENCE-2X100ML-GS-27-PIC.png\",\"datePublished\":\"2024-07-15T08:19:30+00:00\",\"dateModified\":\"2026-02-17T09:25:29+00:00\",\"description\":\"FORMULE 9000 ESSENCE 2x100 ml, d\u00e9calaminant moteur compatible toutes huiles. Nettoie le moteur, am\u00e9liore les performances et entretient la m\u00e9canique.\",\"breadcrumb\":{\"@id\":\"https:\\\/\\\/sella-industrie.com\\\/produit\\\/formule-9000-essence-decalaminant-moteur-2x100ml-%d9%81%d9%88%d8%b1%d9%85%d9%88%d9%84%d8%a7-9000-%d9%85%d8%b2%d9%8a%d9%84-%d8%a7%d9%84%d9%83%d8%b1%d8%a8%d9%88%d9%86-%d9%85%d9%86-%d9%85%d9%8f%d8%ad\\\/#breadcrumb\"},\"inLanguage\":\"ar\",\"potentialAction\":[{\"@type\":\"ReadAction\",\"target\":[\"https:\\\/\\\/sella-industrie.com\\\/produit\\\/formule-9000-essence-decalaminant-moteur-2x100ml-%d9%81%d9%88%d8%b1%d9%85%d9%88%d9%84%d8%a7-9000-%d9%85%d8%b2%d9%8a%d9%84-%d8%a7%d9%84%d9%83%d8%b1%d8%a8%d9%88%d9%86-%d9%85%d9%86-%d9%85%d9%8f%d8%ad\\\/\"]}]},{\"@type\":\"ImageObject\",\"inLanguage\":\"ar\",\"@id\":\"https:\\\/\\\/sella-industrie.com\\\/produit\\\/formule-9000-essence-decalaminant-moteur-2x100ml-%d9%81%d9%88%d8%b1%d9%85%d9%88%d9%84%d8%a7-9000-%d9%85%d8%b2%d9%8a%d9%84-%d8%a7%d9%84%d9%83%d8%b1%d8%a8%d9%88%d9%86-%d9%85%d9%86-%d9%85%d9%8f%d8%ad\\\/#primaryimage\",\"url\":\"https:\\\/\\\/sella-industrie.com\\\/wp-content\\\/uploads\\\/2024\\\/07\\\/FORMULE-9000-ESSENCE-2X100ML-GS-27-PIC.png\",\"contentUrl\":\"https:\\\/\\\/sella-industrie.com\\\/wp-content\\\/uploads\\\/2024\\\/07\\\/FORMULE-9000-ESSENCE-2X100ML-GS-27-PIC.png\",\"width\":1000,\"height\":1000,\"caption\":\"FORMULE 9000 ESSENCE 2x100 ml\"},{\"@type\":\"BreadcrumbList\",\"@id\":\"https:\\\/\\\/sella-industrie.com\\\/produit\\\/formule-9000-essence-decalaminant-moteur-2x100ml-%d9%81%d9%88%d8%b1%d9%85%d9%88%d9%84%d8%a7-9000-%d9%85%d8%b2%d9%8a%d9%84-%d8%a7%d9%84%d9%83%d8%b1%d8%a8%d9%88%d9%86-%d9%85%d9%86-%d9%85%d9%8f%d8%ad\\\/#breadcrumb\",\"itemListElement\":[{\"@type\":\"ListItem\",\"position\":1,\"name\":\"Accueil\",\"item\":\"https:\\\/\\\/sella-industrie.com\\\/fr_fr\\\/\"},{\"@type\":\"ListItem\",\"position\":2,\"name\":\"Shop\",\"item\":\"https:\\\/\\\/sella-industrie.com\\\/fr_fr\\\/shop\\\/\"},{\"@type\":\"ListItem\",\"position\":3,\"name\":\"GS27, Produits d'Entretien Auto\",\"item\":\"https:\\\/\\\/sella-industrie.com\\\/categorie-produit\\\/produits-dentretien-auto-gs27\\\/\"},{\"@type\":\"ListItem\",\"position\":4,\"name\":\"FORMULE 9000 ESSENCE 2&#215;100 ml\"}]},{\"@type\":\"WebSite\",\"@id\":\"https:\\\/\\\/sella-industrie.com\\\/#website\",\"url\":\"https:\\\/\\\/sella-industrie.com\\\/\",\"name\":\"Boutique &quot;V6&quot;\",\"description\":\"We care for your car\",\"publisher\":{\"@id\":\"https:\\\/\\\/sella-industrie.com\\\/#organization\"},\"potentialAction\":[{\"@type\":\"SearchAction\",\"target\":{\"@type\":\"EntryPoint\",\"urlTemplate\":\"https:\\\/\\\/sella-industrie.com\\\/?s={search_term_string}\"},\"query-input\":{\"@type\":\"PropertyValueSpecification\",\"valueRequired\":true,\"valueName\":\"search_term_string\"}}],\"inLanguage\":\"ar\"},{\"@type\":\"Organization\",\"@id\":\"https:\\\/\\\/sella-industrie.com\\\/#organization\",\"name\":\"Boutique &quot;V6&quot;\",\"url\":\"https:\\\/\\\/sella-industrie.com\\\/\",\"logo\":{\"@type\":\"ImageObject\",\"inLanguage\":\"ar\",\"@id\":\"https:\\\/\\\/sella-industrie.com\\\/#\\\/schema\\\/logo\\\/image\\\/\",\"url\":\"\",\"contentUrl\":\"\",\"caption\":\"Boutique &quot;V6&quot;\"},\"image\":{\"@id\":\"https:\\\/\\\/sella-industrie.com\\\/#\\\/schema\\\/logo\\\/image\\\/\"}}]}<\/script>\n<meta property=\"product:price:amount\" content=\"3050\" \/>\n<meta property=\"product:price:currency\" content=\"DZD\" \/>\n<meta property=\"og:availability\" content=\"instock\" \/>\n<meta property=\"product:availability\" content=\"instock\" \/>\n<meta property=\"product:condition\" content=\"new\" \/>\n<!-- \/ Yoast SEO Premium plugin. -->","yoast_head_json":{"title":"FORMULE 9000 ESSENCE 2x100 ml - Boutique &quot;V6&quot;","description":"FORMULE 9000 ESSENCE 2x100 ml, d\u00e9calaminant moteur compatible toutes huiles. Nettoie le moteur, am\u00e9liore les performances et entretient la m\u00e9canique.","robots":{"index":"index","follow":"follow","max-snippet":"max-snippet:-1","max-image-preview":"max-image-preview:large","max-video-preview":"max-video-preview:-1"},"canonical":"https:\/\/sella-industrie.com\/ar\/product\/formule-9000-essence-decalaminant-moteur-2x100ml-\u0641\u0648\u0631\u0645\u0648\u0644\u0627-9000-\u0645\u0632\u064a\u0644-\u0627\u0644\u0643\u0631\u0628\u0648\u0646-\u0645\u0646-\u0645\u064f\u062d\/","og_locale":"ar_AR","og_type":"article","og_title":"FORMULE 9000 ESSENCE 2x100 ml","og_description":"FORMULE 9000 ESSENCE 2x100 ml, d\u00e9calaminant moteur compatible toutes huiles. Nettoie le moteur, am\u00e9liore les performances et entretient la m\u00e9canique.","og_url":"https:\/\/sella-industrie.com\/ar\/product\/formule-9000-essence-decalaminant-moteur-2x100ml-\u0641\u0648\u0631\u0645\u0648\u0644\u0627-9000-\u0645\u0632\u064a\u0644-\u0627\u0644\u0643\u0631\u0628\u0648\u0646-\u0645\u0646-\u0645\u064f\u062d\/","og_site_name":"Boutique &quot;V6&quot;","article_modified_time":"2026-02-17T09:25:29+00:00","og_image":[{"width":1000,"height":1000,"url":"https:\/\/sella-industrie.com\/wp-content\/uploads\/2024\/07\/FORMULE-9000-ESSENCE-2X100ML-GS-27-PIC.png","type":"image\/png"}],"twitter_card":"summary_large_image","twitter_misc":{"\u0627\u0644\u0633\u0639\u0631":"&#x62f;.&#x62c;&nbsp;3.050","\u0627\u0644\u062a\u0648\u0641\u0631":"\u0645\u062a\u0648\u0641\u0631 \u0641\u064a \u0627\u0644\u0645\u062e\u0632\u0648\u0646"},"schema":{"@context":"https:\/\/schema.org","@graph":[{"@type":"WebPage","@id":"https:\/\/sella-industrie.com\/produit\/formule-9000-essence-decalaminant-moteur-2x100ml-%d9%81%d9%88%d8%b1%d9%85%d9%88%d9%84%d8%a7-9000-%d9%85%d8%b2%d9%8a%d9%84-%d8%a7%d9%84%d9%83%d8%b1%d8%a8%d9%88%d9%86-%d9%85%d9%86-%d9%85%d9%8f%d8%ad\/","url":"https:\/\/sella-industrie.com\/produit\/formule-9000-essence-decalaminant-moteur-2x100ml-%d9%81%d9%88%d8%b1%d9%85%d9%88%d9%84%d8%a7-9000-%d9%85%d8%b2%d9%8a%d9%84-%d8%a7%d9%84%d9%83%d8%b1%d8%a8%d9%88%d9%86-%d9%85%d9%86-%d9%85%d9%8f%d8%ad\/","name":"FORMULE 9000 ESSENCE 2x100 ml - Boutique &quot;V6&quot;","isPartOf":{"@id":"https:\/\/sella-industrie.com\/#website"},"primaryImageOfPage":{"@id":"https:\/\/sella-industrie.com\/produit\/formule-9000-essence-decalaminant-moteur-2x100ml-%d9%81%d9%88%d8%b1%d9%85%d9%88%d9%84%d8%a7-9000-%d9%85%d8%b2%d9%8a%d9%84-%d8%a7%d9%84%d9%83%d8%b1%d8%a8%d9%88%d9%86-%d9%85%d9%86-%d9%85%d9%8f%d8%ad\/#primaryimage"},"image":{"@id":"https:\/\/sella-industrie.com\/produit\/formule-9000-essence-decalaminant-moteur-2x100ml-%d9%81%d9%88%d8%b1%d9%85%d9%88%d9%84%d8%a7-9000-%d9%85%d8%b2%d9%8a%d9%84-%d8%a7%d9%84%d9%83%d8%b1%d8%a8%d9%88%d9%86-%d9%85%d9%86-%d9%85%d9%8f%d8%ad\/#primaryimage"},"thumbnailUrl":"https:\/\/sella-industrie.com\/wp-content\/uploads\/2024\/07\/FORMULE-9000-ESSENCE-2X100ML-GS-27-PIC.png","datePublished":"2024-07-15T08:19:30+00:00","dateModified":"2026-02-17T09:25:29+00:00","description":"FORMULE 9000 ESSENCE 2x100 ml, d\u00e9calaminant moteur compatible toutes huiles. Nettoie le moteur, am\u00e9liore les performances et entretient la m\u00e9canique.","breadcrumb":{"@id":"https:\/\/sella-industrie.com\/produit\/formule-9000-essence-decalaminant-moteur-2x100ml-%d9%81%d9%88%d8%b1%d9%85%d9%88%d9%84%d8%a7-9000-%d9%85%d8%b2%d9%8a%d9%84-%d8%a7%d9%84%d9%83%d8%b1%d8%a8%d9%88%d9%86-%d9%85%d9%86-%d9%85%d9%8f%d8%ad\/#breadcrumb"},"inLanguage":"ar","potentialAction":[{"@type":"ReadAction","target":["https:\/\/sella-industrie.com\/produit\/formule-9000-essence-decalaminant-moteur-2x100ml-%d9%81%d9%88%d8%b1%d9%85%d9%88%d9%84%d8%a7-9000-%d9%85%d8%b2%d9%8a%d9%84-%d8%a7%d9%84%d9%83%d8%b1%d8%a8%d9%88%d9%86-%d9%85%d9%86-%d9%85%d9%8f%d8%ad\/"]}]},{"@type":"ImageObject","inLanguage":"ar","@id":"https:\/\/sella-industrie.com\/produit\/formule-9000-essence-decalaminant-moteur-2x100ml-%d9%81%d9%88%d8%b1%d9%85%d9%88%d9%84%d8%a7-9000-%d9%85%d8%b2%d9%8a%d9%84-%d8%a7%d9%84%d9%83%d8%b1%d8%a8%d9%88%d9%86-%d9%85%d9%86-%d9%85%d9%8f%d8%ad\/#primaryimage","url":"https:\/\/sella-industrie.com\/wp-content\/uploads\/2024\/07\/FORMULE-9000-ESSENCE-2X100ML-GS-27-PIC.png","contentUrl":"https:\/\/sella-industrie.com\/wp-content\/uploads\/2024\/07\/FORMULE-9000-ESSENCE-2X100ML-GS-27-PIC.png","width":1000,"height":1000,"caption":"FORMULE 9000 ESSENCE 2x100 ml"},{"@type":"BreadcrumbList","@id":"https:\/\/sella-industrie.com\/produit\/formule-9000-essence-decalaminant-moteur-2x100ml-%d9%81%d9%88%d8%b1%d9%85%d9%88%d9%84%d8%a7-9000-%d9%85%d8%b2%d9%8a%d9%84-%d8%a7%d9%84%d9%83%d8%b1%d8%a8%d9%88%d9%86-%d9%85%d9%86-%d9%85%d9%8f%d8%ad\/#breadcrumb","itemListElement":[{"@type":"ListItem","position":1,"name":"Accueil","item":"https:\/\/sella-industrie.com\/fr_fr\/"},{"@type":"ListItem","position":2,"name":"Shop","item":"https:\/\/sella-industrie.com\/fr_fr\/shop\/"},{"@type":"ListItem","position":3,"name":"GS27, Produits d'Entretien Auto","item":"https:\/\/sella-industrie.com\/categorie-produit\/produits-dentretien-auto-gs27\/"},{"@type":"ListItem","position":4,"name":"FORMULE 9000 ESSENCE 2&#215;100 ml"}]},{"@type":"WebSite","@id":"https:\/\/sella-industrie.com\/#website","url":"https:\/\/sella-industrie.com\/","name":"Boutique &quot;V6&quot;","description":"We care for your car","publisher":{"@id":"https:\/\/sella-industrie.com\/#organization"},"potentialAction":[{"@type":"SearchAction","target":{"@type":"EntryPoint","urlTemplate":"https:\/\/sella-industrie.com\/?s={search_term_string}"},"query-input":{"@type":"PropertyValueSpecification","valueRequired":true,"valueName":"search_term_string"}}],"inLanguage":"ar"},{"@type":"Organization","@id":"https:\/\/sella-industrie.com\/#organization","name":"Boutique &quot;V6&quot;","url":"https:\/\/sella-industrie.com\/","logo":{"@type":"ImageObject","inLanguage":"ar","@id":"https:\/\/sella-industrie.com\/#\/schema\/logo\/image\/","url":"","contentUrl":"","caption":"Boutique &quot;V6&quot;"},"image":{"@id":"https:\/\/sella-industrie.com\/#\/schema\/logo\/image\/"}}]},"product_price_amount":"3050","product_price_currency":"DZD","og_availability":"instock","product_availability":"instock","product_condition":"new"},"_links":{"self":[{"href":"https:\/\/sella-industrie.com\/ar\/wp-json\/wp\/v2\/product\/30609","targetHints":{"allow":["GET"]}}],"collection":[{"href":"https:\/\/sella-industrie.com\/ar\/wp-json\/wp\/v2\/product"}],"about":[{"href":"https:\/\/sella-industrie.com\/ar\/wp-json\/wp\/v2\/types\/product"}],"replies":[{"embeddable":true,"href":"https:\/\/sella-industrie.com\/ar\/wp-json\/wp\/v2\/comments?post=30609"}],"wp:featuredmedia":[{"embeddable":true,"href":"https:\/\/sella-industrie.com\/ar\/wp-json\/wp\/v2\/media\/30940"}],"wp:attachment":[{"href":"https:\/\/sella-industrie.com\/ar\/wp-json\/wp\/v2\/media?parent=30609"}],"wp:term":[{"taxonomy":"product_brand","embeddable":true,"href":"https:\/\/sella-industrie.com\/ar\/wp-json\/wp\/v2\/product_brand?post=30609"},{"taxonomy":"product_cat","embeddable":true,"href":"https:\/\/sella-industrie.com\/ar\/wp-json\/wp\/v2\/product_cat?post=30609"},{"taxonomy":"product_tag","embeddable":true,"href":"https:\/\/sella-industrie.com\/ar\/wp-json\/wp\/v2\/product_tag?post=30609"}],"curies":[{"name":"wp","href":"https:\/\/api.w.org\/{rel}","templated":true}]}}