{"id":30568,"date":"2024-07-11T15:25:17","date_gmt":"2024-07-11T15:25:17","guid":{"rendered":"https:\/\/v6.sellaindustrie.com\/?post_type=product&#038;p=30568"},"modified":"2026-02-17T09:06:38","modified_gmt":"2026-02-17T09:06:38","slug":"couvre-volant-silicone-vitesse-antiderapant-universel-%d8%ba%d8%b7%d8%a7%d8%a1-%d8%b9%d8%ac%d9%84%d8%a9-%d9%82%d9%8a%d8%a7%d8%af%d8%a9-%d8%b3%d9%8a%d9%84%d9%8a%d9%83%d9%88%d9%86%d9%8a","status":"publish","type":"product","link":"https:\/\/sella-industrie.com\/ar\/product\/couvre-volant-silicone-vitesse-antiderapant-universel-%d8%ba%d8%b7%d8%a7%d8%a1-%d8%b9%d8%ac%d9%84%d8%a9-%d9%82%d9%8a%d8%a7%d8%af%d8%a9-%d8%b3%d9%8a%d9%84%d9%8a%d9%83%d9%88%d9%86%d9%8a\/","title":{"rendered":"\u063a\u0637\u0627\u0621 \u0639\u062c\u0644\u0629 \u0627\u0644\u0642\u064a\u0627\u062f\u0629 \u0648\u0627\u0644\u0633\u0631\u0639\u0629 \u0645\u0646 \u0627\u0644\u0633\u064a\u0644\u064a\u0643\u0648\u0646:"},"content":{"rendered":"<h2 style=\"text-align: center;\">COUVRE VOLANT SILICONE &amp; VITESSE \u063a\u0637\u0627\u0621 \u0639\u062c\u0644\u0629 \u0642\u064a\u0627\u062f\u0629 \u0633\u064a\u0644\u064a\u0643\u0648\u0646\u064a<\/h2>\n<p>Antid\u00e9rapant universel 33-43 cm. <strong>COUVRE VOLANT SILICONE &amp; VITESSE<\/strong>, confort, absorption des chocs et meilleure adh\u00e9rence pour une conduite pr\u00e9cise et s\u00fbre. Design sportif, lavable et toutes saisons. con\u00e7u pour am\u00e9liorer la prise en main, le confort et la pr\u00e9cision de conduite. Gr\u00e2ce \u00e0 son <strong data-start=\"915\" data-end=\"940\">silicone antid\u00e9rapant<\/strong> et sa <strong data-start=\"947\" data-end=\"977\">bague int\u00e9rieure s\u00e9curis\u00e9e<\/strong>, il assure un contr\u00f4le optimal du volant tout en r\u00e9duisant la fatigue des mains. <a href=\"https:\/\/www.instagram.com\/v6_accessoires_auto?igsh=aXE2NjUwOG5xNnQz\" target=\"_blank\" rel=\"noopener\">Compatible<\/a> avec la plupart des v\u00e9hicules (volants <strong data-start=\"1110\" data-end=\"1124\">33 \u00e0 43 cm<\/strong>), il s\u2019adapte facilement et apporte un <a href=\"https:\/\/sella-industrie.com\/ar\/product\/couvre-volant-sparco-sport-performance-%d8%ba%d8%b7%d8%a7%d8%a1-%d8%b9%d8%ac%d9%84%d8%a9-%d8%a7%d9%84%d9%82%d9%8a%d8%a7%d8%af%d8%a9\/\">style sportif<\/a> \u00e0 votre habitacle. La surface en <strong data-start=\"1263\" data-end=\"1283\">silicone textur\u00e9<\/strong> offre : Excellente prise en main.\u00a0Contr\u00f4le plus pr\u00e9cis du volant. R\u00e9duction du glissement. Direction plus stable. Le conducteur peut diriger plus pr\u00e9cis\u00e9ment, notamment \u00e0 basse vitesse ou lors des man\u0153uvres.<\/p>\n<p style=\"text-align: right;\"><strong>\u063a\u0637\u0627\u0621 \u0639\u062c\u0644\u0629 \u0642\u064a\u0627\u062f\u0629 \u0633\u064a\u0644\u064a\u0643\u0648\u0646\u064a<\/strong> \u0639\u0627\u0644\u0645\u064a \u0645\u0627\u0646\u0639 \u0644\u0644\u0627\u0646\u0632\u0644\u0627\u0642\u060c \u0645\u0646\u0627\u0633\u0628 \u0644\u0639\u062c\u0644\u0627\u062a \u0627\u0644\u0642\u064a\u0627\u062f\u0629 \u0628\u0642\u064a\u0627\u0633 33-43 \u0633\u0645. \u064a\u0648\u0641\u0631 \u0627\u0644\u0631\u0627\u062d\u0629\u060c \u0648\u0627\u0645\u062a\u0635\u0627\u0635 \u0627\u0644\u0635\u062f\u0645\u0627\u062a\u060c \u0648\u0642\u0628\u0636\u0629 \u0645\u062d\u0633\u0651\u0646\u0629 \u0644\u0642\u064a\u0627\u062f\u0629 \u062f\u0642\u064a\u0642\u0629 \u0648\u0622\u0645\u0646\u0629. \u062a\u0635\u0645\u064a\u0645 \u0631\u064a\u0627\u0636\u064a\u060c \u0642\u0627\u0628\u0644 \u0644\u0644\u063a\u0633\u0644\u060c \u0648\u0645\u0646\u0627\u0633\u0628 \u0644\u062c\u0645\u064a\u0639 \u0627\u0644\u0641\u0635\u0648\u0644<\/p>","protected":false},"excerpt":{"rendered":"<h1 style=\"text-align: center;\">\u063a\u0637\u0627\u0621 \u0639\u062c\u0644\u0629 \u0642\u064a\u0627\u062f\u0629 \u0633\u064a\u0644\u064a\u0643\u0648\u0646\u064a<\/h1>\n<p>Antid\u00e9rapant universel 33-43 cm. <strong>COUVRE VOLANT SILICONE &amp; VITESSE<\/strong>, confort, absorption des chocs et meilleure adh\u00e9rence pour une conduite pr\u00e9cise et s\u00fbre. Design sportif, lavable et toutes saisons.<\/p>\n<p style=\"text-align: right;\">","protected":false},"featured_media":30569,"comment_status":"open","ping_status":"closed","template":"","meta":[],"product_brand":[292],"product_cat":[238],"product_tag":[],"class_list":{"0":"post-30568","1":"product","2":"type-product","3":"status-publish","4":"has-post-thumbnail","6":"product_brand-v6","7":"product_cat-accessoires-auto","9":"first","10":"instock","11":"taxable","12":"shipping-taxable","13":"purchasable","14":"product-type-simple"},"yoast_head":"<!-- This site is optimized with the Yoast SEO plugin v27.4 - https:\/\/yoast.com\/product\/yoast-seo-wordpress\/ -->\n<title>COUVRE VOLANT SILICONE &amp; VITESSE - Boutique &quot;V6&quot;<\/title>\n<meta name=\"description\" content=\"COUVRE VOLANT SILICONE &amp; VITESSE, antid\u00e9rapant universel 33-43 cm. Confort, absorption des chocs et meilleure adh\u00e9rence pour une conduite pr\u00e9cise et s\u00fbre.\" \/>\n<meta name=\"robots\" content=\"index, follow, max-snippet:-1, max-image-preview:large, max-video-preview:-1\" \/>\n<link rel=\"canonical\" href=\"https:\/\/sella-industrie.com\/ar\/product\/couvre-volant-silicone-vitesse-antiderapant-universel-\u063a\u0637\u0627\u0621-\u0639\u062c\u0644\u0629-\u0642\u064a\u0627\u062f\u0629-\u0633\u064a\u0644\u064a\u0643\u0648\u0646\u064a\/\" \/>\n<meta property=\"og:locale\" content=\"ar_AR\" \/>\n<meta property=\"og:type\" content=\"article\" \/>\n<meta property=\"og:title\" content=\"COUVRE VOLANT SILICONE &amp; VITESSE - Boutique &quot;V6&quot;\" \/>\n<meta property=\"og:description\" content=\"COUVRE VOLANT SILICONE &amp; VITESSE, antid\u00e9rapant universel 33-43 cm. Confort, absorption des chocs et meilleure adh\u00e9rence pour une conduite pr\u00e9cise et s\u00fbre.\" \/>\n<meta property=\"og:url\" content=\"https:\/\/sella-industrie.com\/ar\/product\/couvre-volant-silicone-vitesse-antiderapant-universel-\u063a\u0637\u0627\u0621-\u0639\u062c\u0644\u0629-\u0642\u064a\u0627\u062f\u0629-\u0633\u064a\u0644\u064a\u0643\u0648\u0646\u064a\/\" \/>\n<meta property=\"og:site_name\" content=\"Boutique &quot;V6&quot;\" \/>\n<meta property=\"article:modified_time\" content=\"2026-02-17T09:06:38+00:00\" \/>\n<meta property=\"og:image\" content=\"https:\/\/sella-industrie.com\/wp-content\/uploads\/2024\/07\/COUVRE-VOLANT-SILICONE-VITESSE.png\" \/>\n\t<meta property=\"og:image:width\" content=\"1000\" \/>\n\t<meta property=\"og:image:height\" content=\"1000\" \/>\n\t<meta property=\"og:image:type\" content=\"image\/png\" \/>\n<meta name=\"twitter:card\" content=\"summary_large_image\" \/>\n<meta name=\"twitter:label1\" content=\"\u0627\u0644\u0633\u0639\u0631\" \/>\n\t<meta name=\"twitter:data1\" content=\"&#x62f;.&#x62c;&nbsp;1.250\" \/>\n\t<meta name=\"twitter:label2\" content=\"\u0627\u0644\u062a\u0648\u0641\u0631\" \/>\n\t<meta name=\"twitter:data2\" content=\"\u0645\u062a\u0648\u0641\u0631 \u0641\u064a \u0627\u0644\u0645\u062e\u0632\u0648\u0646\" \/>\n<script type=\"application\/ld+json\" class=\"yoast-schema-graph\">{\"@context\":\"https:\\\/\\\/schema.org\",\"@graph\":[{\"@type\":\"WebPage\",\"@id\":\"https:\\\/\\\/sella-industrie.com\\\/produit\\\/couvre-volant-silicone-vitesse-antiderapant-universel-%d8%ba%d8%b7%d8%a7%d8%a1-%d8%b9%d8%ac%d9%84%d8%a9-%d9%82%d9%8a%d8%a7%d8%af%d8%a9-%d8%b3%d9%8a%d9%84%d9%8a%d9%83%d9%88%d9%86%d9%8a\\\/\",\"url\":\"https:\\\/\\\/sella-industrie.com\\\/produit\\\/couvre-volant-silicone-vitesse-antiderapant-universel-%d8%ba%d8%b7%d8%a7%d8%a1-%d8%b9%d8%ac%d9%84%d8%a9-%d9%82%d9%8a%d8%a7%d8%af%d8%a9-%d8%b3%d9%8a%d9%84%d9%8a%d9%83%d9%88%d9%86%d9%8a\\\/\",\"name\":\"COUVRE VOLANT SILICONE & VITESSE - Boutique &quot;V6&quot;\",\"isPartOf\":{\"@id\":\"https:\\\/\\\/sella-industrie.com\\\/#website\"},\"primaryImageOfPage\":{\"@id\":\"https:\\\/\\\/sella-industrie.com\\\/produit\\\/couvre-volant-silicone-vitesse-antiderapant-universel-%d8%ba%d8%b7%d8%a7%d8%a1-%d8%b9%d8%ac%d9%84%d8%a9-%d9%82%d9%8a%d8%a7%d8%af%d8%a9-%d8%b3%d9%8a%d9%84%d9%8a%d9%83%d9%88%d9%86%d9%8a\\\/#primaryimage\"},\"image\":{\"@id\":\"https:\\\/\\\/sella-industrie.com\\\/produit\\\/couvre-volant-silicone-vitesse-antiderapant-universel-%d8%ba%d8%b7%d8%a7%d8%a1-%d8%b9%d8%ac%d9%84%d8%a9-%d9%82%d9%8a%d8%a7%d8%af%d8%a9-%d8%b3%d9%8a%d9%84%d9%8a%d9%83%d9%88%d9%86%d9%8a\\\/#primaryimage\"},\"thumbnailUrl\":\"https:\\\/\\\/sella-industrie.com\\\/wp-content\\\/uploads\\\/2024\\\/07\\\/COUVRE-VOLANT-SILICONE-VITESSE.png\",\"datePublished\":\"2024-07-11T15:25:17+00:00\",\"dateModified\":\"2026-02-17T09:06:38+00:00\",\"description\":\"COUVRE VOLANT SILICONE & VITESSE, antid\u00e9rapant universel 33-43 cm. Confort, absorption des chocs et meilleure adh\u00e9rence pour une conduite pr\u00e9cise et s\u00fbre.\",\"breadcrumb\":{\"@id\":\"https:\\\/\\\/sella-industrie.com\\\/produit\\\/couvre-volant-silicone-vitesse-antiderapant-universel-%d8%ba%d8%b7%d8%a7%d8%a1-%d8%b9%d8%ac%d9%84%d8%a9-%d9%82%d9%8a%d8%a7%d8%af%d8%a9-%d8%b3%d9%8a%d9%84%d9%8a%d9%83%d9%88%d9%86%d9%8a\\\/#breadcrumb\"},\"inLanguage\":\"ar\",\"potentialAction\":[{\"@type\":\"ReadAction\",\"target\":[\"https:\\\/\\\/sella-industrie.com\\\/produit\\\/couvre-volant-silicone-vitesse-antiderapant-universel-%d8%ba%d8%b7%d8%a7%d8%a1-%d8%b9%d8%ac%d9%84%d8%a9-%d9%82%d9%8a%d8%a7%d8%af%d8%a9-%d8%b3%d9%8a%d9%84%d9%8a%d9%83%d9%88%d9%86%d9%8a\\\/\"]}]},{\"@type\":\"ImageObject\",\"inLanguage\":\"ar\",\"@id\":\"https:\\\/\\\/sella-industrie.com\\\/produit\\\/couvre-volant-silicone-vitesse-antiderapant-universel-%d8%ba%d8%b7%d8%a7%d8%a1-%d8%b9%d8%ac%d9%84%d8%a9-%d9%82%d9%8a%d8%a7%d8%af%d8%a9-%d8%b3%d9%8a%d9%84%d9%8a%d9%83%d9%88%d9%86%d9%8a\\\/#primaryimage\",\"url\":\"https:\\\/\\\/sella-industrie.com\\\/wp-content\\\/uploads\\\/2024\\\/07\\\/COUVRE-VOLANT-SILICONE-VITESSE.png\",\"contentUrl\":\"https:\\\/\\\/sella-industrie.com\\\/wp-content\\\/uploads\\\/2024\\\/07\\\/COUVRE-VOLANT-SILICONE-VITESSE.png\",\"width\":1000,\"height\":1000,\"caption\":\"COUVRE VOLANT SILICONE & VITESSE\"},{\"@type\":\"BreadcrumbList\",\"@id\":\"https:\\\/\\\/sella-industrie.com\\\/produit\\\/couvre-volant-silicone-vitesse-antiderapant-universel-%d8%ba%d8%b7%d8%a7%d8%a1-%d8%b9%d8%ac%d9%84%d8%a9-%d9%82%d9%8a%d8%a7%d8%af%d8%a9-%d8%b3%d9%8a%d9%84%d9%8a%d9%83%d9%88%d9%86%d9%8a\\\/#breadcrumb\",\"itemListElement\":[{\"@type\":\"ListItem\",\"position\":1,\"name\":\"Accueil\",\"item\":\"https:\\\/\\\/sella-industrie.com\\\/fr_fr\\\/\"},{\"@type\":\"ListItem\",\"position\":2,\"name\":\"Shop\",\"item\":\"https:\\\/\\\/sella-industrie.com\\\/fr_fr\\\/shop\\\/\"},{\"@type\":\"ListItem\",\"position\":3,\"name\":\"Accessoires Auto\",\"item\":\"https:\\\/\\\/sella-industrie.com\\\/categorie-produit\\\/accessoires-auto\\\/\"},{\"@type\":\"ListItem\",\"position\":4,\"name\":\"COUVRE VOLANT SILICONE &#038; VITESSE\"}]},{\"@type\":\"WebSite\",\"@id\":\"https:\\\/\\\/sella-industrie.com\\\/#website\",\"url\":\"https:\\\/\\\/sella-industrie.com\\\/\",\"name\":\"Boutique &quot;V6&quot;\",\"description\":\"We care for your car\",\"publisher\":{\"@id\":\"https:\\\/\\\/sella-industrie.com\\\/#organization\"},\"potentialAction\":[{\"@type\":\"SearchAction\",\"target\":{\"@type\":\"EntryPoint\",\"urlTemplate\":\"https:\\\/\\\/sella-industrie.com\\\/?s={search_term_string}\"},\"query-input\":{\"@type\":\"PropertyValueSpecification\",\"valueRequired\":true,\"valueName\":\"search_term_string\"}}],\"inLanguage\":\"ar\"},{\"@type\":\"Organization\",\"@id\":\"https:\\\/\\\/sella-industrie.com\\\/#organization\",\"name\":\"Boutique &quot;V6&quot;\",\"url\":\"https:\\\/\\\/sella-industrie.com\\\/\",\"logo\":{\"@type\":\"ImageObject\",\"inLanguage\":\"ar\",\"@id\":\"https:\\\/\\\/sella-industrie.com\\\/#\\\/schema\\\/logo\\\/image\\\/\",\"url\":\"\",\"contentUrl\":\"\",\"caption\":\"Boutique &quot;V6&quot;\"},\"image\":{\"@id\":\"https:\\\/\\\/sella-industrie.com\\\/#\\\/schema\\\/logo\\\/image\\\/\"}}]}<\/script>\n<meta property=\"product:price:amount\" content=\"1250\" \/>\n<meta property=\"product:price:currency\" content=\"DZD\" \/>\n<meta property=\"og:availability\" content=\"instock\" \/>\n<meta property=\"product:availability\" content=\"instock\" \/>\n<meta property=\"product:condition\" content=\"new\" \/>\n<!-- \/ Yoast SEO plugin. -->","yoast_head_json":{"title":"COUVRE VOLANT SILICONE & VITESSE - Boutique &quot;V6&quot;","description":"COUVRE VOLANT SILICONE & VITESSE, antid\u00e9rapant universel 33-43 cm. Confort, absorption des chocs et meilleure adh\u00e9rence pour une conduite pr\u00e9cise et s\u00fbre.","robots":{"index":"index","follow":"follow","max-snippet":"max-snippet:-1","max-image-preview":"max-image-preview:large","max-video-preview":"max-video-preview:-1"},"canonical":"https:\/\/sella-industrie.com\/ar\/product\/couvre-volant-silicone-vitesse-antiderapant-universel-\u063a\u0637\u0627\u0621-\u0639\u062c\u0644\u0629-\u0642\u064a\u0627\u062f\u0629-\u0633\u064a\u0644\u064a\u0643\u0648\u0646\u064a\/","og_locale":"ar_AR","og_type":"article","og_title":"COUVRE VOLANT SILICONE & VITESSE - Boutique &quot;V6&quot;","og_description":"COUVRE VOLANT SILICONE & VITESSE, antid\u00e9rapant universel 33-43 cm. Confort, absorption des chocs et meilleure adh\u00e9rence pour une conduite pr\u00e9cise et s\u00fbre.","og_url":"https:\/\/sella-industrie.com\/ar\/product\/couvre-volant-silicone-vitesse-antiderapant-universel-\u063a\u0637\u0627\u0621-\u0639\u062c\u0644\u0629-\u0642\u064a\u0627\u062f\u0629-\u0633\u064a\u0644\u064a\u0643\u0648\u0646\u064a\/","og_site_name":"Boutique &quot;V6&quot;","article_modified_time":"2026-02-17T09:06:38+00:00","og_image":[{"width":1000,"height":1000,"url":"https:\/\/sella-industrie.com\/wp-content\/uploads\/2024\/07\/COUVRE-VOLANT-SILICONE-VITESSE.png","type":"image\/png"}],"twitter_card":"summary_large_image","twitter_misc":{"\u0627\u0644\u0633\u0639\u0631":"&#x62f;.&#x62c;&nbsp;1.250","\u0627\u0644\u062a\u0648\u0641\u0631":"\u0645\u062a\u0648\u0641\u0631 \u0641\u064a \u0627\u0644\u0645\u062e\u0632\u0648\u0646"},"schema":{"@context":"https:\/\/schema.org","@graph":[{"@type":"WebPage","@id":"https:\/\/sella-industrie.com\/produit\/couvre-volant-silicone-vitesse-antiderapant-universel-%d8%ba%d8%b7%d8%a7%d8%a1-%d8%b9%d8%ac%d9%84%d8%a9-%d9%82%d9%8a%d8%a7%d8%af%d8%a9-%d8%b3%d9%8a%d9%84%d9%8a%d9%83%d9%88%d9%86%d9%8a\/","url":"https:\/\/sella-industrie.com\/produit\/couvre-volant-silicone-vitesse-antiderapant-universel-%d8%ba%d8%b7%d8%a7%d8%a1-%d8%b9%d8%ac%d9%84%d8%a9-%d9%82%d9%8a%d8%a7%d8%af%d8%a9-%d8%b3%d9%8a%d9%84%d9%8a%d9%83%d9%88%d9%86%d9%8a\/","name":"COUVRE VOLANT SILICONE & VITESSE - Boutique &quot;V6&quot;","isPartOf":{"@id":"https:\/\/sella-industrie.com\/#website"},"primaryImageOfPage":{"@id":"https:\/\/sella-industrie.com\/produit\/couvre-volant-silicone-vitesse-antiderapant-universel-%d8%ba%d8%b7%d8%a7%d8%a1-%d8%b9%d8%ac%d9%84%d8%a9-%d9%82%d9%8a%d8%a7%d8%af%d8%a9-%d8%b3%d9%8a%d9%84%d9%8a%d9%83%d9%88%d9%86%d9%8a\/#primaryimage"},"image":{"@id":"https:\/\/sella-industrie.com\/produit\/couvre-volant-silicone-vitesse-antiderapant-universel-%d8%ba%d8%b7%d8%a7%d8%a1-%d8%b9%d8%ac%d9%84%d8%a9-%d9%82%d9%8a%d8%a7%d8%af%d8%a9-%d8%b3%d9%8a%d9%84%d9%8a%d9%83%d9%88%d9%86%d9%8a\/#primaryimage"},"thumbnailUrl":"https:\/\/sella-industrie.com\/wp-content\/uploads\/2024\/07\/COUVRE-VOLANT-SILICONE-VITESSE.png","datePublished":"2024-07-11T15:25:17+00:00","dateModified":"2026-02-17T09:06:38+00:00","description":"COUVRE VOLANT SILICONE & VITESSE, antid\u00e9rapant universel 33-43 cm. Confort, absorption des chocs et meilleure adh\u00e9rence pour une conduite pr\u00e9cise et s\u00fbre.","breadcrumb":{"@id":"https:\/\/sella-industrie.com\/produit\/couvre-volant-silicone-vitesse-antiderapant-universel-%d8%ba%d8%b7%d8%a7%d8%a1-%d8%b9%d8%ac%d9%84%d8%a9-%d9%82%d9%8a%d8%a7%d8%af%d8%a9-%d8%b3%d9%8a%d9%84%d9%8a%d9%83%d9%88%d9%86%d9%8a\/#breadcrumb"},"inLanguage":"ar","potentialAction":[{"@type":"ReadAction","target":["https:\/\/sella-industrie.com\/produit\/couvre-volant-silicone-vitesse-antiderapant-universel-%d8%ba%d8%b7%d8%a7%d8%a1-%d8%b9%d8%ac%d9%84%d8%a9-%d9%82%d9%8a%d8%a7%d8%af%d8%a9-%d8%b3%d9%8a%d9%84%d9%8a%d9%83%d9%88%d9%86%d9%8a\/"]}]},{"@type":"ImageObject","inLanguage":"ar","@id":"https:\/\/sella-industrie.com\/produit\/couvre-volant-silicone-vitesse-antiderapant-universel-%d8%ba%d8%b7%d8%a7%d8%a1-%d8%b9%d8%ac%d9%84%d8%a9-%d9%82%d9%8a%d8%a7%d8%af%d8%a9-%d8%b3%d9%8a%d9%84%d9%8a%d9%83%d9%88%d9%86%d9%8a\/#primaryimage","url":"https:\/\/sella-industrie.com\/wp-content\/uploads\/2024\/07\/COUVRE-VOLANT-SILICONE-VITESSE.png","contentUrl":"https:\/\/sella-industrie.com\/wp-content\/uploads\/2024\/07\/COUVRE-VOLANT-SILICONE-VITESSE.png","width":1000,"height":1000,"caption":"COUVRE VOLANT SILICONE & VITESSE"},{"@type":"BreadcrumbList","@id":"https:\/\/sella-industrie.com\/produit\/couvre-volant-silicone-vitesse-antiderapant-universel-%d8%ba%d8%b7%d8%a7%d8%a1-%d8%b9%d8%ac%d9%84%d8%a9-%d9%82%d9%8a%d8%a7%d8%af%d8%a9-%d8%b3%d9%8a%d9%84%d9%8a%d9%83%d9%88%d9%86%d9%8a\/#breadcrumb","itemListElement":[{"@type":"ListItem","position":1,"name":"Accueil","item":"https:\/\/sella-industrie.com\/fr_fr\/"},{"@type":"ListItem","position":2,"name":"Shop","item":"https:\/\/sella-industrie.com\/fr_fr\/shop\/"},{"@type":"ListItem","position":3,"name":"Accessoires Auto","item":"https:\/\/sella-industrie.com\/categorie-produit\/accessoires-auto\/"},{"@type":"ListItem","position":4,"name":"COUVRE VOLANT SILICONE &#038; VITESSE"}]},{"@type":"WebSite","@id":"https:\/\/sella-industrie.com\/#website","url":"https:\/\/sella-industrie.com\/","name":"Boutique &quot;V6&quot;","description":"We care for your car","publisher":{"@id":"https:\/\/sella-industrie.com\/#organization"},"potentialAction":[{"@type":"SearchAction","target":{"@type":"EntryPoint","urlTemplate":"https:\/\/sella-industrie.com\/?s={search_term_string}"},"query-input":{"@type":"PropertyValueSpecification","valueRequired":true,"valueName":"search_term_string"}}],"inLanguage":"ar"},{"@type":"Organization","@id":"https:\/\/sella-industrie.com\/#organization","name":"Boutique &quot;V6&quot;","url":"https:\/\/sella-industrie.com\/","logo":{"@type":"ImageObject","inLanguage":"ar","@id":"https:\/\/sella-industrie.com\/#\/schema\/logo\/image\/","url":"","contentUrl":"","caption":"Boutique &quot;V6&quot;"},"image":{"@id":"https:\/\/sella-industrie.com\/#\/schema\/logo\/image\/"}}]},"product_price_amount":"1250","product_price_currency":"DZD","og_availability":"instock","product_availability":"instock","product_condition":"new"},"_links":{"self":[{"href":"https:\/\/sella-industrie.com\/ar\/wp-json\/wp\/v2\/product\/30568","targetHints":{"allow":["GET"]}}],"collection":[{"href":"https:\/\/sella-industrie.com\/ar\/wp-json\/wp\/v2\/product"}],"about":[{"href":"https:\/\/sella-industrie.com\/ar\/wp-json\/wp\/v2\/types\/product"}],"replies":[{"embeddable":true,"href":"https:\/\/sella-industrie.com\/ar\/wp-json\/wp\/v2\/comments?post=30568"}],"wp:featuredmedia":[{"embeddable":true,"href":"https:\/\/sella-industrie.com\/ar\/wp-json\/wp\/v2\/media\/30569"}],"wp:attachment":[{"href":"https:\/\/sella-industrie.com\/ar\/wp-json\/wp\/v2\/media?parent=30568"}],"wp:term":[{"taxonomy":"product_brand","embeddable":true,"href":"https:\/\/sella-industrie.com\/ar\/wp-json\/wp\/v2\/product_brand?post=30568"},{"taxonomy":"product_cat","embeddable":true,"href":"https:\/\/sella-industrie.com\/ar\/wp-json\/wp\/v2\/product_cat?post=30568"},{"taxonomy":"product_tag","embeddable":true,"href":"https:\/\/sella-industrie.com\/ar\/wp-json\/wp\/v2\/product_tag?post=30568"}],"curies":[{"name":"wp","href":"https:\/\/api.w.org\/{rel}","templated":true}]}}