{"id":30545,"date":"2024-07-11T14:35:56","date_gmt":"2024-07-11T14:35:56","guid":{"rendered":"https:\/\/v6.sellaindustrie.com\/?post_type=product&#038;p=30545"},"modified":"2025-07-17T09:24:24","modified_gmt":"2025-07-17T09:24:24","slug":"peau-de-chamois-v6","status":"publish","type":"product","link":"https:\/\/sella-industrie.com\/ar\/product\/peau-de-chamois-v6\/","title":{"rendered":"\u0628\u0648 \u062f\u0648 \u0634\u0627\u0645\u0648\u0627\u0647\u060c \"\u0641\u064a6\""},"content":{"rendered":"","protected":false},"excerpt":{"rendered":"<p>\u0628\u0648 \u062f\u0648 \u0634\u0627\u0645\u0648\u0627\u0647\u060c \"\u0641\u064a6\" : \u0645\u0646\u062a\u062c \u0639\u0627\u0644\u064a \u0627\u0644\u062c\u0648\u062f\u0629 \u0648\u0623\u0642\u0644 \u0645\u0627\u062f\u0629 \u0643\u0627\u0634\u0637\u0629 \u0644\u062a\u062c\u0641\u064a\u0641 \u0627\u0644\u0623\u0633\u0637\u062d \u0627\u0644\u062d\u0633\u0627\u0633\u0629. \u0625\u0646\u0647\u0627 \u0627\u0644\u0623\u062f\u0627\u0629 \u0627\u0644\u0623\u0633\u0627\u0633\u064a\u0629 \u0644\u062a\u0646\u0638\u064a\u0641 \u062c\u0645\u064a\u0639 \u0627\u0644\u0623\u0633\u0637\u062d \u0627\u0644\u0645\u0644\u0633\u0627\u0621. \u064a\u062a\u0645 \u0627\u0633\u062a\u062e\u062f\u0627\u0645 \u0627\u0644\u0634\u0627\u0645\u0648\u0627\u0647 \u0628\u0634\u0643\u0644 \u062e\u0627\u0635 \u0623\u062b\u0646\u0627\u0621 \u0627\u0644\u0644\u0645\u0633\u0627\u062a \u0627\u0644\u0646\u0647\u0627\u0626\u064a\u0629 \u0644\u0625\u0632\u0627\u0644\u0629 \u062c\u0645\u064a\u0639 \u0627\u0644\u0622\u062b\u0627\u0631 \u0639\u0644\u0649 \u0627\u0644\u0646\u0648\u0627\u0641\u0630 \u0648\u0647\u064a\u0643\u0644 \u0627\u0644\u0633\u064a\u0627\u0631\u0629 \u0648\u0627\u0644\u0645\u0631\u0627\u064a\u0627 \u0648\u0627\u0644\u0641\u0636\u064a\u0627\u062a \u0648\u0627\u0644\u0643\u0631\u0648\u0645 \u0648\u0627\u0644\u0645\u062c\u0648\u0647\u0631\u0627\u062a \u0648\u0645\u0627 \u0625\u0644\u0649 \u0630\u0644\u0643.<\/p>","protected":false},"featured_media":30549,"comment_status":"open","ping_status":"closed","template":"","meta":[],"product_brand":[292],"product_cat":[238],"product_tag":[309,561],"class_list":{"0":"post-30545","1":"product","2":"type-product","3":"status-publish","4":"has-post-thumbnail","6":"product_brand-v6","7":"product_cat-accessoires-auto","8":"product_tag-new","9":"product_tag-peau-de-chamois-v6","11":"first","12":"instock","13":"taxable","14":"shipping-taxable","15":"purchasable","16":"product-type-simple"},"yoast_head":"<!-- This site is optimized with the Yoast SEO Premium plugin v27.1 (Yoast SEO v27.4) - https:\/\/yoast.com\/product\/yoast-seo-premium-wordpress\/ -->\n<title>PEAU DE CHAMOIS V6 - Boutique &quot;V6&quot;<\/title>\n<meta name=\"robots\" content=\"index, follow, max-snippet:-1, max-image-preview:large, max-video-preview:-1\" \/>\n<link rel=\"canonical\" href=\"https:\/\/sella-industrie.com\/ar\/product\/peau-de-chamois-v6\/\" \/>\n<meta property=\"og:locale\" content=\"ar_AR\" \/>\n<meta property=\"og:type\" content=\"article\" \/>\n<meta property=\"og:title\" content=\"PEAU DE CHAMOIS V6\" \/>\n<meta property=\"og:description\" content=\"PEAU DE CHAMOIS :\u00a0 La peau de chamois est un produit de grande qualit\u00e9 et le mat\u00e9riel le moins abrasif pour le s\u00e9chage des surfaces d\u00e9licates. C\u2019est l\u2019outil indispensable pour le nettoyage de toutes les surfaces lisses. La peau de chamois\u00a0est utilis\u00e9e surtout au cours des finitions pour enlever toutes les traces sur les vitres, \u00a0la carrosserie de votre v\u00e9hicule, les miroirs, l\u2019argenterie, les chromes, les bijoux,\u00a0\u2026\" \/>\n<meta property=\"og:url\" content=\"https:\/\/sella-industrie.com\/ar\/product\/peau-de-chamois-v6\/\" \/>\n<meta property=\"og:site_name\" content=\"Boutique &quot;V6&quot;\" \/>\n<meta property=\"article:publisher\" content=\"https:\/\/www.facebook.com\/V6accessoiresauto?mibextid=wwXIfr&amp;rdid=07l1PwXhFBuWBfmW&amp;share_url=httpswww.facebook.comshare169W2vbvizmibextidwwXIfr#\" \/>\n<meta property=\"article:modified_time\" content=\"2025-07-17T09:24:24+00:00\" \/>\n<meta property=\"og:image\" content=\"https:\/\/sella-industrie.com\/wp-content\/uploads\/2024\/07\/PEAU-DE-CHAMOIS-CN3104-2.png\" \/>\n\t<meta property=\"og:image:width\" content=\"1000\" \/>\n\t<meta property=\"og:image:height\" content=\"1000\" \/>\n\t<meta property=\"og:image:type\" content=\"image\/png\" \/>\n<meta name=\"twitter:card\" content=\"summary_large_image\" \/>\n<meta name=\"twitter:label1\" content=\"\u0627\u0644\u0633\u0639\u0631\" \/>\n\t<meta name=\"twitter:data1\" content=\"&#x62f;.&#x62c;&nbsp;830\" \/>\n\t<meta name=\"twitter:label2\" content=\"\u0627\u0644\u062a\u0648\u0641\u0631\" \/>\n\t<meta name=\"twitter:data2\" content=\"\u0645\u062a\u0648\u0641\u0631 \u0641\u064a \u0627\u0644\u0645\u062e\u0632\u0648\u0646\" \/>\n<script type=\"application\/ld+json\" class=\"yoast-schema-graph\">{\"@context\":\"https:\\\/\\\/schema.org\",\"@graph\":[{\"@type\":\"WebPage\",\"@id\":\"https:\\\/\\\/sella-industrie.com\\\/produit\\\/peau-de-chamois-v6\\\/\",\"url\":\"https:\\\/\\\/sella-industrie.com\\\/produit\\\/peau-de-chamois-v6\\\/\",\"name\":\"PEAU DE CHAMOIS V6 - Boutique &quot;V6&quot;\",\"isPartOf\":{\"@id\":\"https:\\\/\\\/sella-industrie.com\\\/#website\"},\"primaryImageOfPage\":{\"@id\":\"https:\\\/\\\/sella-industrie.com\\\/produit\\\/peau-de-chamois-v6\\\/#primaryimage\"},\"image\":{\"@id\":\"https:\\\/\\\/sella-industrie.com\\\/produit\\\/peau-de-chamois-v6\\\/#primaryimage\"},\"thumbnailUrl\":\"https:\\\/\\\/sella-industrie.com\\\/wp-content\\\/uploads\\\/2024\\\/07\\\/PEAU-DE-CHAMOIS-CN3104-2.png\",\"datePublished\":\"2024-07-11T14:35:56+00:00\",\"dateModified\":\"2025-07-17T09:24:24+00:00\",\"breadcrumb\":{\"@id\":\"https:\\\/\\\/sella-industrie.com\\\/produit\\\/peau-de-chamois-v6\\\/#breadcrumb\"},\"inLanguage\":\"ar\",\"potentialAction\":[{\"@type\":\"ReadAction\",\"target\":[\"https:\\\/\\\/sella-industrie.com\\\/produit\\\/peau-de-chamois-v6\\\/\"]}]},{\"@type\":\"ImageObject\",\"inLanguage\":\"ar\",\"@id\":\"https:\\\/\\\/sella-industrie.com\\\/produit\\\/peau-de-chamois-v6\\\/#primaryimage\",\"url\":\"https:\\\/\\\/sella-industrie.com\\\/wp-content\\\/uploads\\\/2024\\\/07\\\/PEAU-DE-CHAMOIS-CN3104-2.png\",\"contentUrl\":\"https:\\\/\\\/sella-industrie.com\\\/wp-content\\\/uploads\\\/2024\\\/07\\\/PEAU-DE-CHAMOIS-CN3104-2.png\",\"width\":1000,\"height\":1000,\"caption\":\"PEAU DE CHAMOIS V6\"},{\"@type\":\"BreadcrumbList\",\"@id\":\"https:\\\/\\\/sella-industrie.com\\\/produit\\\/peau-de-chamois-v6\\\/#breadcrumb\",\"itemListElement\":[{\"@type\":\"ListItem\",\"position\":1,\"name\":\"Accueil\",\"item\":\"https:\\\/\\\/sella-industrie.com\\\/fr_fr\\\/\"},{\"@type\":\"ListItem\",\"position\":2,\"name\":\"Shop\",\"item\":\"https:\\\/\\\/sella-industrie.com\\\/fr_fr\\\/shop\\\/\"},{\"@type\":\"ListItem\",\"position\":3,\"name\":\"Accessoires Auto\",\"item\":\"https:\\\/\\\/sella-industrie.com\\\/categorie-produit\\\/accessoires-auto\\\/\"},{\"@type\":\"ListItem\",\"position\":4,\"name\":\"PEAU DE CHAMOIS V6\"}]},{\"@type\":\"WebSite\",\"@id\":\"https:\\\/\\\/sella-industrie.com\\\/#website\",\"url\":\"https:\\\/\\\/sella-industrie.com\\\/\",\"name\":\"Boutique \\\"V6\\\"\",\"description\":\"We care for your car\",\"publisher\":{\"@id\":\"https:\\\/\\\/sella-industrie.com\\\/#organization\"},\"potentialAction\":[{\"@type\":\"SearchAction\",\"target\":{\"@type\":\"EntryPoint\",\"urlTemplate\":\"https:\\\/\\\/sella-industrie.com\\\/?s={search_term_string}\"},\"query-input\":{\"@type\":\"PropertyValueSpecification\",\"valueRequired\":true,\"valueName\":\"search_term_string\"}}],\"inLanguage\":\"ar\"},{\"@type\":\"Organization\",\"@id\":\"https:\\\/\\\/sella-industrie.com\\\/#organization\",\"name\":\"Boutique \\\"V6\\\"\",\"url\":\"https:\\\/\\\/sella-industrie.com\\\/\",\"logo\":{\"@type\":\"ImageObject\",\"inLanguage\":\"ar\",\"@id\":\"https:\\\/\\\/sella-industrie.com\\\/#\\\/schema\\\/logo\\\/image\\\/\",\"url\":\"https:\\\/\\\/sella-industrie.com\\\/wp-content\\\/uploads\\\/2024\\\/05\\\/LOGO-V6-PNG-1.png\",\"contentUrl\":\"https:\\\/\\\/sella-industrie.com\\\/wp-content\\\/uploads\\\/2024\\\/05\\\/LOGO-V6-PNG-1.png\",\"width\":797,\"height\":517,\"caption\":\"Boutique \\\"V6\\\"\"},\"image\":{\"@id\":\"https:\\\/\\\/sella-industrie.com\\\/#\\\/schema\\\/logo\\\/image\\\/\"},\"sameAs\":[\"https:\\\/\\\/www.facebook.com\\\/V6accessoiresauto?mibextid=wwXIfr&rdid=07l1PwXhFBuWBfmW&share_url=httpswww.facebook.comshare169W2vbvizmibextidwwXIfr#\",\"https:\\\/\\\/www.tiktok.com\\\/@v6.accessoires.au\",\"https:\\\/\\\/www.instagram.com\\\/v6_accessoires_auto?igsh=aXE2NjUwOG5xNnQz\",\"https:\\\/\\\/www.youtube.com\\\/channel\\\/UCtkk-L1mBLEmRweenaR4s7w\"]}]}<\/script>\n<meta property=\"product:price:amount\" content=\"830\" \/>\n<meta property=\"product:price:currency\" content=\"DZD\" \/>\n<meta property=\"og:availability\" content=\"instock\" \/>\n<meta property=\"product:availability\" content=\"instock\" \/>\n<meta property=\"product:condition\" content=\"new\" \/>\n<!-- \/ Yoast SEO Premium plugin. -->","yoast_head_json":{"title":"PEAU DE CHAMOIS V6 - Boutique &quot;V6&quot;","robots":{"index":"index","follow":"follow","max-snippet":"max-snippet:-1","max-image-preview":"max-image-preview:large","max-video-preview":"max-video-preview:-1"},"canonical":"https:\/\/sella-industrie.com\/ar\/product\/peau-de-chamois-v6\/","og_locale":"ar_AR","og_type":"article","og_title":"PEAU DE CHAMOIS V6","og_description":"PEAU DE CHAMOIS :\u00a0 La peau de chamois est un produit de grande qualit\u00e9 et le mat\u00e9riel le moins abrasif pour le s\u00e9chage des surfaces d\u00e9licates. C\u2019est l\u2019outil indispensable pour le nettoyage de toutes les surfaces lisses. La peau de chamois\u00a0est utilis\u00e9e surtout au cours des finitions pour enlever toutes les traces sur les vitres, \u00a0la carrosserie de votre v\u00e9hicule, les miroirs, l\u2019argenterie, les chromes, les bijoux,\u00a0\u2026","og_url":"https:\/\/sella-industrie.com\/ar\/product\/peau-de-chamois-v6\/","og_site_name":"Boutique &quot;V6&quot;","article_publisher":"https:\/\/www.facebook.com\/V6accessoiresauto?mibextid=wwXIfr&rdid=07l1PwXhFBuWBfmW&share_url=httpswww.facebook.comshare169W2vbvizmibextidwwXIfr#","article_modified_time":"2025-07-17T09:24:24+00:00","og_image":[{"width":1000,"height":1000,"url":"https:\/\/sella-industrie.com\/wp-content\/uploads\/2024\/07\/PEAU-DE-CHAMOIS-CN3104-2.png","type":"image\/png"}],"twitter_card":"summary_large_image","twitter_misc":{"\u0627\u0644\u0633\u0639\u0631":"&#x62f;.&#x62c;&nbsp;830","\u0627\u0644\u062a\u0648\u0641\u0631":"\u0645\u062a\u0648\u0641\u0631 \u0641\u064a \u0627\u0644\u0645\u062e\u0632\u0648\u0646"},"schema":{"@context":"https:\/\/schema.org","@graph":[{"@type":"WebPage","@id":"https:\/\/sella-industrie.com\/produit\/peau-de-chamois-v6\/","url":"https:\/\/sella-industrie.com\/produit\/peau-de-chamois-v6\/","name":"PEAU DE CHAMOIS V6 - Boutique &quot;V6&quot;","isPartOf":{"@id":"https:\/\/sella-industrie.com\/#website"},"primaryImageOfPage":{"@id":"https:\/\/sella-industrie.com\/produit\/peau-de-chamois-v6\/#primaryimage"},"image":{"@id":"https:\/\/sella-industrie.com\/produit\/peau-de-chamois-v6\/#primaryimage"},"thumbnailUrl":"https:\/\/sella-industrie.com\/wp-content\/uploads\/2024\/07\/PEAU-DE-CHAMOIS-CN3104-2.png","datePublished":"2024-07-11T14:35:56+00:00","dateModified":"2025-07-17T09:24:24+00:00","breadcrumb":{"@id":"https:\/\/sella-industrie.com\/produit\/peau-de-chamois-v6\/#breadcrumb"},"inLanguage":"ar","potentialAction":[{"@type":"ReadAction","target":["https:\/\/sella-industrie.com\/produit\/peau-de-chamois-v6\/"]}]},{"@type":"ImageObject","inLanguage":"ar","@id":"https:\/\/sella-industrie.com\/produit\/peau-de-chamois-v6\/#primaryimage","url":"https:\/\/sella-industrie.com\/wp-content\/uploads\/2024\/07\/PEAU-DE-CHAMOIS-CN3104-2.png","contentUrl":"https:\/\/sella-industrie.com\/wp-content\/uploads\/2024\/07\/PEAU-DE-CHAMOIS-CN3104-2.png","width":1000,"height":1000,"caption":"PEAU DE CHAMOIS V6"},{"@type":"BreadcrumbList","@id":"https:\/\/sella-industrie.com\/produit\/peau-de-chamois-v6\/#breadcrumb","itemListElement":[{"@type":"ListItem","position":1,"name":"Accueil","item":"https:\/\/sella-industrie.com\/fr_fr\/"},{"@type":"ListItem","position":2,"name":"Shop","item":"https:\/\/sella-industrie.com\/fr_fr\/shop\/"},{"@type":"ListItem","position":3,"name":"Accessoires Auto","item":"https:\/\/sella-industrie.com\/categorie-produit\/accessoires-auto\/"},{"@type":"ListItem","position":4,"name":"PEAU DE CHAMOIS V6"}]},{"@type":"WebSite","@id":"https:\/\/sella-industrie.com\/#website","url":"https:\/\/sella-industrie.com\/","name":"Boutique \"V6\"","description":"We care for your car","publisher":{"@id":"https:\/\/sella-industrie.com\/#organization"},"potentialAction":[{"@type":"SearchAction","target":{"@type":"EntryPoint","urlTemplate":"https:\/\/sella-industrie.com\/?s={search_term_string}"},"query-input":{"@type":"PropertyValueSpecification","valueRequired":true,"valueName":"search_term_string"}}],"inLanguage":"ar"},{"@type":"Organization","@id":"https:\/\/sella-industrie.com\/#organization","name":"Boutique \"V6\"","url":"https:\/\/sella-industrie.com\/","logo":{"@type":"ImageObject","inLanguage":"ar","@id":"https:\/\/sella-industrie.com\/#\/schema\/logo\/image\/","url":"https:\/\/sella-industrie.com\/wp-content\/uploads\/2024\/05\/LOGO-V6-PNG-1.png","contentUrl":"https:\/\/sella-industrie.com\/wp-content\/uploads\/2024\/05\/LOGO-V6-PNG-1.png","width":797,"height":517,"caption":"Boutique \"V6\""},"image":{"@id":"https:\/\/sella-industrie.com\/#\/schema\/logo\/image\/"},"sameAs":["https:\/\/www.facebook.com\/V6accessoiresauto?mibextid=wwXIfr&rdid=07l1PwXhFBuWBfmW&share_url=httpswww.facebook.comshare169W2vbvizmibextidwwXIfr#","https:\/\/www.tiktok.com\/@v6.accessoires.au","https:\/\/www.instagram.com\/v6_accessoires_auto?igsh=aXE2NjUwOG5xNnQz","https:\/\/www.youtube.com\/channel\/UCtkk-L1mBLEmRweenaR4s7w"]}]},"product_price_amount":"830","product_price_currency":"DZD","og_availability":"instock","product_availability":"instock","product_condition":"new"},"_links":{"self":[{"href":"https:\/\/sella-industrie.com\/ar\/wp-json\/wp\/v2\/product\/30545","targetHints":{"allow":["GET"]}}],"collection":[{"href":"https:\/\/sella-industrie.com\/ar\/wp-json\/wp\/v2\/product"}],"about":[{"href":"https:\/\/sella-industrie.com\/ar\/wp-json\/wp\/v2\/types\/product"}],"replies":[{"embeddable":true,"href":"https:\/\/sella-industrie.com\/ar\/wp-json\/wp\/v2\/comments?post=30545"}],"wp:featuredmedia":[{"embeddable":true,"href":"https:\/\/sella-industrie.com\/ar\/wp-json\/wp\/v2\/media\/30549"}],"wp:attachment":[{"href":"https:\/\/sella-industrie.com\/ar\/wp-json\/wp\/v2\/media?parent=30545"}],"wp:term":[{"taxonomy":"product_brand","embeddable":true,"href":"https:\/\/sella-industrie.com\/ar\/wp-json\/wp\/v2\/product_brand?post=30545"},{"taxonomy":"product_cat","embeddable":true,"href":"https:\/\/sella-industrie.com\/ar\/wp-json\/wp\/v2\/product_cat?post=30545"},{"taxonomy":"product_tag","embeddable":true,"href":"https:\/\/sella-industrie.com\/ar\/wp-json\/wp\/v2\/product_tag?post=30545"}],"curies":[{"name":"wp","href":"https:\/\/api.w.org\/{rel}","templated":true}]}}