{"id":30534,"date":"2024-07-11T14:21:47","date_gmt":"2024-07-11T14:21:47","guid":{"rendered":"https:\/\/v6.sellaindustrie.com\/?post_type=product&#038;p=30534"},"modified":"2025-07-17T09:25:34","modified_gmt":"2025-07-17T09:25:34","slug":"microfibre-multi-usage-v6","status":"publish","type":"product","link":"https:\/\/sella-industrie.com\/ar\/product\/microfibre-multi-usage-v6\/","title":{"rendered":"\u0645\u064a\u0643\u0649\u0648\u0641\u064a\u0628\u0631 \u0645\u062a\u0639\u062f\u062f \u0627\u0644\u0627\u0633\u062a\u0639\u0645\u0627\u0644 \"\u0641\u064a6\""},"content":{"rendered":"","protected":false},"excerpt":{"rendered":"<p>\u0645\u064a\u0643\u0631\u0648\u0641\u064a\u0628\u0631 \u0645\u062a\u0639\u062f\u062f\u0629 \u0627\u0644\u0623\u063a\u0631\u0627\u0636: \u062a\u062c\u0641\u064a\u0641 \u0641\u0639\u0627\u0644 \u0644\u0644\u0623\u062a\u0631\u0628\u0629\u060c \u0648\u064a\u0639\u0645\u0644 \u0639\u0644\u0649 \u0627\u0644\u0623\u0648\u0633\u0627\u062e \u0628\u0645\u062c\u0631\u062f \u062a\u0631\u0637\u064a\u0628\u0647\u0627 \u0628\u0627\u0644\u0645\u0627\u0621 \u0627\u0644\u0646\u0638\u064a\u0641. \u0645\u0646\u0632\u0644\u0643 \u0648\u0633\u0627\u0643\u0646\u064a\u0647 \u064a\u062a\u0646\u0641\u0633\u0648\u0646\u060c \u062f\u0648\u0646 \u0627\u0644\u062a\u0639\u0631\u0636 \u0644\u0644\u0623\u0628\u062e\u0631\u0629 \u0627\u0644\u0628\u062a\u0631\u0648\u0643\u064a\u0645\u0627\u0648\u064a\u0629. \u0645\u062b\u0627\u0644\u064a\u0629 \u0644\u062a\u0646\u0638\u064a\u0641 \u0648\u0645\u0633\u062d \u062c\u0645\u064a\u0639 \u0627\u0644\u0623\u0633\u0637\u062d \u0627\u0644\u062f\u0627\u062e\u0644\u064a\u0629 \u0648\u0627\u0644\u062e\u0627\u0631\u062c\u064a\u0629. \u064a\u0646\u0638\u0641 \u0648\u064a\u0632\u064a\u0644 \u0627\u0644\u0634\u062d\u0648\u0645 \u0648\u064a\u0632\u064a\u0644 \u0627\u0644\u0623\u0648\u0633\u0627\u062e \u0627\u0644\u0639\u0646\u064a\u062f\u0629 \u0628\u0633\u0647\u0648\u0644\u0629. \u00b7 \u0641\u0639\u0627\u0644 \u0639\u0644\u0649 \u062c\u0645\u064a\u0639 \u0627\u0644\u0623\u0633\u0637\u062d: \u0627\u0644\u062e\u0632\u0641\u060c \u0648\u0623\u0633\u0637\u062d \u0627\u0644\u0639\u0645\u0644\u060c \u0648\u0627\u0644\u0632\u062c\u0627\u062c\u060c \u0625\u0644\u062e.<\/p>","protected":false},"featured_media":30540,"comment_status":"open","ping_status":"closed","template":"","meta":[],"product_brand":[292],"product_cat":[238],"product_tag":[558,309],"class_list":{"0":"post-30534","1":"product","2":"type-product","3":"status-publish","4":"has-post-thumbnail","6":"product_brand-v6","7":"product_cat-accessoires-auto","8":"product_tag-microfibre-multi-usage-v6","9":"product_tag-new","11":"first","12":"instock","13":"taxable","14":"shipping-taxable","15":"purchasable","16":"product-type-simple"},"yoast_head":"<!-- This site is optimized with the Yoast SEO Premium plugin v27.1 (Yoast SEO v27.4) - https:\/\/yoast.com\/product\/yoast-seo-premium-wordpress\/ -->\n<title>MICROFIBRE MULTI USAGE V6 - Boutique &quot;V6&quot;<\/title>\n<meta name=\"robots\" content=\"index, follow, max-snippet:-1, max-image-preview:large, max-video-preview:-1\" \/>\n<link rel=\"canonical\" href=\"https:\/\/sella-industrie.com\/ar\/product\/microfibre-multi-usage-v6\/\" \/>\n<meta property=\"og:locale\" content=\"ar_AR\" \/>\n<meta property=\"og:type\" content=\"article\" \/>\n<meta property=\"og:title\" content=\"MICROFIBRE MULTI USAGE V6\" \/>\n<meta property=\"og:description\" content=\"MICROFIBRE MULTI USAGE : Efficiente \u00e0 sec pour d\u00e9poussi\u00e9rer, elle agit sur la salet\u00e9 une fois humidifi\u00e9e \u00e0 l\u2019eau claire. Votre maison et ses occupants respirent, sans subir d\u2019\u00e9manations de produits p\u00e9trochimiques. Id\u00e9ale pour nettoyer et essuyer toutes les surfaces int\u00e9rieures et ext\u00e9rieures. Nettoie, d\u00e9graisse et d\u00e9sincruste la salet\u00e9 tenace sans effort \u00b7 Active sur toutes les surfaces : fa\u00efence, plan de travail, vitre, \u2026\" \/>\n<meta property=\"og:url\" content=\"https:\/\/sella-industrie.com\/ar\/product\/microfibre-multi-usage-v6\/\" \/>\n<meta property=\"og:site_name\" content=\"Boutique &quot;V6&quot;\" \/>\n<meta property=\"article:modified_time\" content=\"2025-07-17T09:25:34+00:00\" \/>\n<meta property=\"og:image\" content=\"https:\/\/sella-industrie.com\/wp-content\/uploads\/2024\/07\/MICROFIBRE-MULTI-USAGE-CN3601-47.png\" \/>\n\t<meta property=\"og:image:width\" content=\"1000\" \/>\n\t<meta property=\"og:image:height\" content=\"1000\" \/>\n\t<meta property=\"og:image:type\" content=\"image\/png\" \/>\n<meta name=\"twitter:card\" content=\"summary_large_image\" \/>\n<meta name=\"twitter:label1\" content=\"\u0627\u0644\u0633\u0639\u0631\" \/>\n\t<meta name=\"twitter:data1\" content=\"&#x62f;.&#x62c;&nbsp;750\" \/>\n\t<meta name=\"twitter:label2\" content=\"\u0627\u0644\u062a\u0648\u0641\u0631\" \/>\n\t<meta name=\"twitter:data2\" content=\"\u0645\u062a\u0648\u0641\u0631 \u0641\u064a \u0627\u0644\u0645\u062e\u0632\u0648\u0646\" \/>\n<script type=\"application\/ld+json\" class=\"yoast-schema-graph\">{\"@context\":\"https:\\\/\\\/schema.org\",\"@graph\":[{\"@type\":\"WebPage\",\"@id\":\"https:\\\/\\\/sella-industrie.com\\\/produit\\\/microfibre-multi-usage-v6\\\/\",\"url\":\"https:\\\/\\\/sella-industrie.com\\\/produit\\\/microfibre-multi-usage-v6\\\/\",\"name\":\"MICROFIBRE MULTI USAGE V6 - Boutique &quot;V6&quot;\",\"isPartOf\":{\"@id\":\"https:\\\/\\\/sella-industrie.com\\\/#website\"},\"primaryImageOfPage\":{\"@id\":\"https:\\\/\\\/sella-industrie.com\\\/produit\\\/microfibre-multi-usage-v6\\\/#primaryimage\"},\"image\":{\"@id\":\"https:\\\/\\\/sella-industrie.com\\\/produit\\\/microfibre-multi-usage-v6\\\/#primaryimage\"},\"thumbnailUrl\":\"https:\\\/\\\/sella-industrie.com\\\/wp-content\\\/uploads\\\/2024\\\/07\\\/MICROFIBRE-MULTI-USAGE-CN3601-47.png\",\"datePublished\":\"2024-07-11T14:21:47+00:00\",\"dateModified\":\"2025-07-17T09:25:34+00:00\",\"breadcrumb\":{\"@id\":\"https:\\\/\\\/sella-industrie.com\\\/produit\\\/microfibre-multi-usage-v6\\\/#breadcrumb\"},\"inLanguage\":\"ar\",\"potentialAction\":[{\"@type\":\"ReadAction\",\"target\":[\"https:\\\/\\\/sella-industrie.com\\\/produit\\\/microfibre-multi-usage-v6\\\/\"]}]},{\"@type\":\"ImageObject\",\"inLanguage\":\"ar\",\"@id\":\"https:\\\/\\\/sella-industrie.com\\\/produit\\\/microfibre-multi-usage-v6\\\/#primaryimage\",\"url\":\"https:\\\/\\\/sella-industrie.com\\\/wp-content\\\/uploads\\\/2024\\\/07\\\/MICROFIBRE-MULTI-USAGE-CN3601-47.png\",\"contentUrl\":\"https:\\\/\\\/sella-industrie.com\\\/wp-content\\\/uploads\\\/2024\\\/07\\\/MICROFIBRE-MULTI-USAGE-CN3601-47.png\",\"width\":1000,\"height\":1000,\"caption\":\"MICROFIBRE MULTI USAGE V6\"},{\"@type\":\"BreadcrumbList\",\"@id\":\"https:\\\/\\\/sella-industrie.com\\\/produit\\\/microfibre-multi-usage-v6\\\/#breadcrumb\",\"itemListElement\":[{\"@type\":\"ListItem\",\"position\":1,\"name\":\"Accueil\",\"item\":\"https:\\\/\\\/sella-industrie.com\\\/fr_fr\\\/\"},{\"@type\":\"ListItem\",\"position\":2,\"name\":\"Shop\",\"item\":\"https:\\\/\\\/sella-industrie.com\\\/fr_fr\\\/shop\\\/\"},{\"@type\":\"ListItem\",\"position\":3,\"name\":\"Accessoires Auto\",\"item\":\"https:\\\/\\\/sella-industrie.com\\\/categorie-produit\\\/accessoires-auto\\\/\"},{\"@type\":\"ListItem\",\"position\":4,\"name\":\"MICROFIBRE MULTI USAGE V6\"}]},{\"@type\":\"WebSite\",\"@id\":\"https:\\\/\\\/sella-industrie.com\\\/#website\",\"url\":\"https:\\\/\\\/sella-industrie.com\\\/\",\"name\":\"Boutique &quot;V6&quot;\",\"description\":\"We care for your car\",\"publisher\":{\"@id\":\"https:\\\/\\\/sella-industrie.com\\\/#organization\"},\"potentialAction\":[{\"@type\":\"SearchAction\",\"target\":{\"@type\":\"EntryPoint\",\"urlTemplate\":\"https:\\\/\\\/sella-industrie.com\\\/?s={search_term_string}\"},\"query-input\":{\"@type\":\"PropertyValueSpecification\",\"valueRequired\":true,\"valueName\":\"search_term_string\"}}],\"inLanguage\":\"ar\"},{\"@type\":\"Organization\",\"@id\":\"https:\\\/\\\/sella-industrie.com\\\/#organization\",\"name\":\"Boutique &quot;V6&quot;\",\"url\":\"https:\\\/\\\/sella-industrie.com\\\/\",\"logo\":{\"@type\":\"ImageObject\",\"inLanguage\":\"ar\",\"@id\":\"https:\\\/\\\/sella-industrie.com\\\/#\\\/schema\\\/logo\\\/image\\\/\",\"url\":\"\",\"contentUrl\":\"\",\"caption\":\"Boutique &quot;V6&quot;\"},\"image\":{\"@id\":\"https:\\\/\\\/sella-industrie.com\\\/#\\\/schema\\\/logo\\\/image\\\/\"}}]}<\/script>\n<meta property=\"product:price:amount\" content=\"750\" \/>\n<meta property=\"product:price:currency\" content=\"DZD\" \/>\n<meta property=\"og:availability\" content=\"instock\" \/>\n<meta property=\"product:availability\" content=\"instock\" \/>\n<meta property=\"product:condition\" content=\"new\" \/>\n<!-- \/ Yoast SEO Premium plugin. -->","yoast_head_json":{"title":"MICROFIBRE MULTI USAGE V6 - Boutique &quot;V6&quot;","robots":{"index":"index","follow":"follow","max-snippet":"max-snippet:-1","max-image-preview":"max-image-preview:large","max-video-preview":"max-video-preview:-1"},"canonical":"https:\/\/sella-industrie.com\/ar\/product\/microfibre-multi-usage-v6\/","og_locale":"ar_AR","og_type":"article","og_title":"MICROFIBRE MULTI USAGE V6","og_description":"MICROFIBRE MULTI USAGE : Efficiente \u00e0 sec pour d\u00e9poussi\u00e9rer, elle agit sur la salet\u00e9 une fois humidifi\u00e9e \u00e0 l\u2019eau claire. Votre maison et ses occupants respirent, sans subir d\u2019\u00e9manations de produits p\u00e9trochimiques. Id\u00e9ale pour nettoyer et essuyer toutes les surfaces int\u00e9rieures et ext\u00e9rieures. Nettoie, d\u00e9graisse et d\u00e9sincruste la salet\u00e9 tenace sans effort \u00b7 Active sur toutes les surfaces : fa\u00efence, plan de travail, vitre, \u2026","og_url":"https:\/\/sella-industrie.com\/ar\/product\/microfibre-multi-usage-v6\/","og_site_name":"Boutique &quot;V6&quot;","article_modified_time":"2025-07-17T09:25:34+00:00","og_image":[{"width":1000,"height":1000,"url":"https:\/\/sella-industrie.com\/wp-content\/uploads\/2024\/07\/MICROFIBRE-MULTI-USAGE-CN3601-47.png","type":"image\/png"}],"twitter_card":"summary_large_image","twitter_misc":{"\u0627\u0644\u0633\u0639\u0631":"&#x62f;.&#x62c;&nbsp;750","\u0627\u0644\u062a\u0648\u0641\u0631":"\u0645\u062a\u0648\u0641\u0631 \u0641\u064a \u0627\u0644\u0645\u062e\u0632\u0648\u0646"},"schema":{"@context":"https:\/\/schema.org","@graph":[{"@type":"WebPage","@id":"https:\/\/sella-industrie.com\/produit\/microfibre-multi-usage-v6\/","url":"https:\/\/sella-industrie.com\/produit\/microfibre-multi-usage-v6\/","name":"MICROFIBRE MULTI USAGE V6 - Boutique &quot;V6&quot;","isPartOf":{"@id":"https:\/\/sella-industrie.com\/#website"},"primaryImageOfPage":{"@id":"https:\/\/sella-industrie.com\/produit\/microfibre-multi-usage-v6\/#primaryimage"},"image":{"@id":"https:\/\/sella-industrie.com\/produit\/microfibre-multi-usage-v6\/#primaryimage"},"thumbnailUrl":"https:\/\/sella-industrie.com\/wp-content\/uploads\/2024\/07\/MICROFIBRE-MULTI-USAGE-CN3601-47.png","datePublished":"2024-07-11T14:21:47+00:00","dateModified":"2025-07-17T09:25:34+00:00","breadcrumb":{"@id":"https:\/\/sella-industrie.com\/produit\/microfibre-multi-usage-v6\/#breadcrumb"},"inLanguage":"ar","potentialAction":[{"@type":"ReadAction","target":["https:\/\/sella-industrie.com\/produit\/microfibre-multi-usage-v6\/"]}]},{"@type":"ImageObject","inLanguage":"ar","@id":"https:\/\/sella-industrie.com\/produit\/microfibre-multi-usage-v6\/#primaryimage","url":"https:\/\/sella-industrie.com\/wp-content\/uploads\/2024\/07\/MICROFIBRE-MULTI-USAGE-CN3601-47.png","contentUrl":"https:\/\/sella-industrie.com\/wp-content\/uploads\/2024\/07\/MICROFIBRE-MULTI-USAGE-CN3601-47.png","width":1000,"height":1000,"caption":"MICROFIBRE MULTI USAGE V6"},{"@type":"BreadcrumbList","@id":"https:\/\/sella-industrie.com\/produit\/microfibre-multi-usage-v6\/#breadcrumb","itemListElement":[{"@type":"ListItem","position":1,"name":"Accueil","item":"https:\/\/sella-industrie.com\/fr_fr\/"},{"@type":"ListItem","position":2,"name":"Shop","item":"https:\/\/sella-industrie.com\/fr_fr\/shop\/"},{"@type":"ListItem","position":3,"name":"Accessoires Auto","item":"https:\/\/sella-industrie.com\/categorie-produit\/accessoires-auto\/"},{"@type":"ListItem","position":4,"name":"MICROFIBRE MULTI USAGE V6"}]},{"@type":"WebSite","@id":"https:\/\/sella-industrie.com\/#website","url":"https:\/\/sella-industrie.com\/","name":"Boutique &quot;V6&quot;","description":"We care for your car","publisher":{"@id":"https:\/\/sella-industrie.com\/#organization"},"potentialAction":[{"@type":"SearchAction","target":{"@type":"EntryPoint","urlTemplate":"https:\/\/sella-industrie.com\/?s={search_term_string}"},"query-input":{"@type":"PropertyValueSpecification","valueRequired":true,"valueName":"search_term_string"}}],"inLanguage":"ar"},{"@type":"Organization","@id":"https:\/\/sella-industrie.com\/#organization","name":"Boutique &quot;V6&quot;","url":"https:\/\/sella-industrie.com\/","logo":{"@type":"ImageObject","inLanguage":"ar","@id":"https:\/\/sella-industrie.com\/#\/schema\/logo\/image\/","url":"","contentUrl":"","caption":"Boutique &quot;V6&quot;"},"image":{"@id":"https:\/\/sella-industrie.com\/#\/schema\/logo\/image\/"}}]},"product_price_amount":"750","product_price_currency":"DZD","og_availability":"instock","product_availability":"instock","product_condition":"new"},"_links":{"self":[{"href":"https:\/\/sella-industrie.com\/ar\/wp-json\/wp\/v2\/product\/30534","targetHints":{"allow":["GET"]}}],"collection":[{"href":"https:\/\/sella-industrie.com\/ar\/wp-json\/wp\/v2\/product"}],"about":[{"href":"https:\/\/sella-industrie.com\/ar\/wp-json\/wp\/v2\/types\/product"}],"replies":[{"embeddable":true,"href":"https:\/\/sella-industrie.com\/ar\/wp-json\/wp\/v2\/comments?post=30534"}],"wp:featuredmedia":[{"embeddable":true,"href":"https:\/\/sella-industrie.com\/ar\/wp-json\/wp\/v2\/media\/30540"}],"wp:attachment":[{"href":"https:\/\/sella-industrie.com\/ar\/wp-json\/wp\/v2\/media?parent=30534"}],"wp:term":[{"taxonomy":"product_brand","embeddable":true,"href":"https:\/\/sella-industrie.com\/ar\/wp-json\/wp\/v2\/product_brand?post=30534"},{"taxonomy":"product_cat","embeddable":true,"href":"https:\/\/sella-industrie.com\/ar\/wp-json\/wp\/v2\/product_cat?post=30534"},{"taxonomy":"product_tag","embeddable":true,"href":"https:\/\/sella-industrie.com\/ar\/wp-json\/wp\/v2\/product_tag?post=30534"}],"curies":[{"name":"wp","href":"https:\/\/api.w.org\/{rel}","templated":true}]}}