{"id":30454,"date":"2024-07-11T09:21:23","date_gmt":"2024-07-11T09:21:23","guid":{"rendered":"https:\/\/v6.sellaindustrie.com\/?post_type=product&#038;p=30454"},"modified":"2026-02-15T09:52:55","modified_gmt":"2026-02-15T09:52:55","slug":"eponge-microfibre-v6-premium-lavage-auto-%d8%a5%d8%b3%d9%81%d9%86%d8%ac%d8%a9-%d9%85%d9%8a%d9%83%d8%b1%d9%88%d9%81%d9%8a%d8%a8%d8%b1","status":"publish","type":"product","link":"https:\/\/sella-industrie.com\/ar\/product\/eponge-microfibre-v6-premium-lavage-auto-%d8%a5%d8%b3%d9%81%d9%86%d8%ac%d8%a9-%d9%85%d9%8a%d9%83%d8%b1%d9%88%d9%81%d9%8a%d8%a8%d8%b1\/","title":{"rendered":"\u00c9ponge microfibre V6"},"content":{"rendered":"<h2 style=\"text-align: center;\" data-start=\"315\" data-end=\"335\">\u00c9ponge microfibre V6\u0625\u0633\u0641\u0646\u062c\u0629 \u0645\u064a\u0643\u0631\u0648\u0641\u064a\u0628\u0631<\/h2>\n<p data-start=\"421\" data-end=\"594\">Id\u00e9ale pour lavage auto sans rayures, l&rsquo;<strong>\u00c9ponge microfibre V6<\/strong>\u00a0vitres sans traces et nettoyage domestique. Premium ultra absorbante et douce. Lavable en machine, usage multiple. Accessoire indispensable pour nettoyer votre v\u00e9hicule en toute s\u00e9curit\u00e9. Fabriqu\u00e9e \u00e0 partir de<a href=\"https:\/\/sella-industrie.com\/ar\/product\/leather-chamois-v6\/\"> fibres<\/a> synth\u00e9tiques ultra douces, elle offre une <strong data-start=\"883\" data-end=\"914\">forte capacit\u00e9 d\u2019absorption<\/strong> et un nettoyage efficace sans rayer la carrosserie ni laisser de traces. Elle s\u2019utilise seule ou en compl\u00e9ment d\u2019un gant ou chiffon <a href=\"https:\/\/www.tiktok.com\/@v6.accessoires.au\" target=\"_blank\" rel=\"noopener\">\u0645\u064a\u0643\u0631\u0648\u0641\u064a\u0628\u0631<\/a> pour un r\u00e9sultat professionnel.<\/p>\n<p style=\"text-align: right;\" data-start=\"421\" data-end=\"594\">\u0625\u0633\u0641\u0646\u062c\u0629 V6 \u0641\u0627\u0626\u0642\u0629 \u0627\u0644\u0627\u0645\u062a\u0635\u0627\u0635 \u0648\u0646\u0627\u0639\u0645\u0629 \u0644\u0644\u063a\u0627\u064a\u0629 \u0645\u0635\u0646\u0648\u0639\u0629 \u0645\u0646 \u0627\u0644\u0623\u0644\u064a\u0627\u0641 \u0627\u0644\u062f\u0642\u064a\u0642\u0629 \u0627\u0644\u0645\u0645\u062a\u0627\u0632\u0629. \u0645\u062b\u0627\u0644\u064a\u0629 \u0644\u063a\u0633\u064a\u0644 \u0627\u0644\u0633\u064a\u0627\u0631\u0627\u062a \u062f\u0648\u0646 \u062e\u062f\u0634\u060c \u0648\u062a\u0646\u0638\u064a\u0641 \u0627\u0644\u0646\u0648\u0627\u0641\u0630 \u062f\u0648\u0646 \u062a\u0631\u0643 \u0623\u064a \u0622\u062b\u0627\u0631\u060c \u0648\u0644\u062a\u0646\u0638\u064a\u0641 \u0627\u0644\u0645\u0646\u0632\u0644. \u0642\u0627\u0628\u0644\u0629 \u0644\u0644\u063a\u0633\u0644 \u0641\u064a \u0627\u0644\u063a\u0633\u0627\u0644\u0629\u060c \u0648\u0645\u062a\u0639\u062f\u062f\u0629 \u0627\u0644\u0627\u0633\u062a\u062e\u062f\u0627\u0645\u0627\u062a<\/p>","protected":false},"excerpt":{"rendered":"<h1 style=\"text-align: center;\">\u0625\u0633\u0641\u0646\u062c\u0629 \u0645\u064a\u0643\u0631\u0648\u0641\u064a\u0628\u0631<\/h1>\n<p data-start=\"421\" data-end=\"594\">Id\u00e9ale pour lavage auto sans rayures, l&rsquo;<strong>\u00c9ponge microfibre V6<\/strong> vitres sans traces et nettoyage domestique. Premium ultra absorbante et douce. Lavable en machine, usage multiple.<\/p>","protected":false},"featured_media":30455,"comment_status":"open","ping_status":"closed","template":"","meta":[],"product_brand":[292],"product_cat":[238],"product_tag":[],"class_list":{"0":"post-30454","1":"product","2":"type-product","3":"status-publish","4":"has-post-thumbnail","6":"product_brand-v6","7":"product_cat-accessoires-auto","9":"first","10":"instock","11":"taxable","12":"shipping-taxable","13":"purchasable","14":"product-type-simple"},"yoast_head":"<!-- This site is optimized with the Yoast SEO Premium plugin v27.1 (Yoast SEO v27.4) - https:\/\/yoast.com\/product\/yoast-seo-premium-wordpress\/ -->\n<title>\u00c9ponge microfibre V6 - Boutique &quot;V6&quot;<\/title>\n<meta name=\"description\" content=\"\u00c9ponge microfibre V6, id\u00e9ale pour lavage auto sans rayures, vitres sans traces et nettoyage domestique. Ultra absorbante et douce. Lavable en machine.\" \/>\n<meta name=\"robots\" content=\"index, follow, max-snippet:-1, max-image-preview:large, max-video-preview:-1\" \/>\n<link rel=\"canonical\" href=\"https:\/\/sella-industrie.com\/ar\/product\/eponge-microfibre-v6-premium-lavage-auto-\u0625\u0633\u0641\u0646\u062c\u0629-\u0645\u064a\u0643\u0631\u0648\u0641\u064a\u0628\u0631\/\" \/>\n<meta property=\"og:locale\" content=\"ar_AR\" \/>\n<meta property=\"og:type\" content=\"article\" \/>\n<meta property=\"og:title\" content=\"\u00c9ponge microfibre V6\" \/>\n<meta property=\"og:description\" content=\"\u00c9ponge microfibre V6, id\u00e9ale pour lavage auto sans rayures, vitres sans traces et nettoyage domestique. Ultra absorbante et douce. Lavable en machine.\" \/>\n<meta property=\"og:url\" content=\"https:\/\/sella-industrie.com\/ar\/product\/eponge-microfibre-v6-premium-lavage-auto-\u0625\u0633\u0641\u0646\u062c\u0629-\u0645\u064a\u0643\u0631\u0648\u0641\u064a\u0628\u0631\/\" \/>\n<meta property=\"og:site_name\" content=\"Boutique &quot;V6&quot;\" \/>\n<meta property=\"article:modified_time\" content=\"2026-02-15T09:52:55+00:00\" \/>\n<meta property=\"og:image\" content=\"https:\/\/sella-industrie.com\/wp-content\/uploads\/2024\/07\/EPONGE-MICROFIBRE-CN1455.png\" \/>\n\t<meta property=\"og:image:width\" content=\"1000\" \/>\n\t<meta property=\"og:image:height\" content=\"1000\" \/>\n\t<meta property=\"og:image:type\" content=\"image\/png\" \/>\n<meta name=\"twitter:card\" content=\"summary_large_image\" \/>\n<meta name=\"twitter:label1\" content=\"\u0627\u0644\u0633\u0639\u0631\" \/>\n\t<meta name=\"twitter:data1\" content=\"&#x62f;.&#x62c;&nbsp;680\" \/>\n\t<meta name=\"twitter:label2\" content=\"\u0627\u0644\u062a\u0648\u0641\u0631\" \/>\n\t<meta name=\"twitter:data2\" content=\"\u0645\u062a\u0648\u0641\u0631 \u0641\u064a \u0627\u0644\u0645\u062e\u0632\u0648\u0646\" \/>\n<script type=\"application\/ld+json\" class=\"yoast-schema-graph\">{\"@context\":\"https:\\\/\\\/schema.org\",\"@graph\":[{\"@type\":\"WebPage\",\"@id\":\"https:\\\/\\\/sella-industrie.com\\\/produit\\\/eponge-microfibre-v6-premium-lavage-auto-%d8%a5%d8%b3%d9%81%d9%86%d8%ac%d8%a9-%d9%85%d9%8a%d9%83%d8%b1%d9%88%d9%81%d9%8a%d8%a8%d8%b1\\\/\",\"url\":\"https:\\\/\\\/sella-industrie.com\\\/produit\\\/eponge-microfibre-v6-premium-lavage-auto-%d8%a5%d8%b3%d9%81%d9%86%d8%ac%d8%a9-%d9%85%d9%8a%d9%83%d8%b1%d9%88%d9%81%d9%8a%d8%a8%d8%b1\\\/\",\"name\":\"\u00c9ponge microfibre V6 - Boutique &quot;V6&quot;\",\"isPartOf\":{\"@id\":\"https:\\\/\\\/sella-industrie.com\\\/#website\"},\"primaryImageOfPage\":{\"@id\":\"https:\\\/\\\/sella-industrie.com\\\/produit\\\/eponge-microfibre-v6-premium-lavage-auto-%d8%a5%d8%b3%d9%81%d9%86%d8%ac%d8%a9-%d9%85%d9%8a%d9%83%d8%b1%d9%88%d9%81%d9%8a%d8%a8%d8%b1\\\/#primaryimage\"},\"image\":{\"@id\":\"https:\\\/\\\/sella-industrie.com\\\/produit\\\/eponge-microfibre-v6-premium-lavage-auto-%d8%a5%d8%b3%d9%81%d9%86%d8%ac%d8%a9-%d9%85%d9%8a%d9%83%d8%b1%d9%88%d9%81%d9%8a%d8%a8%d8%b1\\\/#primaryimage\"},\"thumbnailUrl\":\"https:\\\/\\\/sella-industrie.com\\\/wp-content\\\/uploads\\\/2024\\\/07\\\/EPONGE-MICROFIBRE-CN1455.png\",\"datePublished\":\"2024-07-11T09:21:23+00:00\",\"dateModified\":\"2026-02-15T09:52:55+00:00\",\"description\":\"\u00c9ponge microfibre V6, id\u00e9ale pour lavage auto sans rayures, vitres sans traces et nettoyage domestique. Ultra absorbante et douce. Lavable en machine.\",\"breadcrumb\":{\"@id\":\"https:\\\/\\\/sella-industrie.com\\\/produit\\\/eponge-microfibre-v6-premium-lavage-auto-%d8%a5%d8%b3%d9%81%d9%86%d8%ac%d8%a9-%d9%85%d9%8a%d9%83%d8%b1%d9%88%d9%81%d9%8a%d8%a8%d8%b1\\\/#breadcrumb\"},\"inLanguage\":\"ar\",\"potentialAction\":[{\"@type\":\"ReadAction\",\"target\":[\"https:\\\/\\\/sella-industrie.com\\\/produit\\\/eponge-microfibre-v6-premium-lavage-auto-%d8%a5%d8%b3%d9%81%d9%86%d8%ac%d8%a9-%d9%85%d9%8a%d9%83%d8%b1%d9%88%d9%81%d9%8a%d8%a8%d8%b1\\\/\"]}]},{\"@type\":\"ImageObject\",\"inLanguage\":\"ar\",\"@id\":\"https:\\\/\\\/sella-industrie.com\\\/produit\\\/eponge-microfibre-v6-premium-lavage-auto-%d8%a5%d8%b3%d9%81%d9%86%d8%ac%d8%a9-%d9%85%d9%8a%d9%83%d8%b1%d9%88%d9%81%d9%8a%d8%a8%d8%b1\\\/#primaryimage\",\"url\":\"https:\\\/\\\/sella-industrie.com\\\/wp-content\\\/uploads\\\/2024\\\/07\\\/EPONGE-MICROFIBRE-CN1455.png\",\"contentUrl\":\"https:\\\/\\\/sella-industrie.com\\\/wp-content\\\/uploads\\\/2024\\\/07\\\/EPONGE-MICROFIBRE-CN1455.png\",\"width\":1000,\"height\":1000,\"caption\":\"\u00c9ponge microfibre V6\"},{\"@type\":\"BreadcrumbList\",\"@id\":\"https:\\\/\\\/sella-industrie.com\\\/produit\\\/eponge-microfibre-v6-premium-lavage-auto-%d8%a5%d8%b3%d9%81%d9%86%d8%ac%d8%a9-%d9%85%d9%8a%d9%83%d8%b1%d9%88%d9%81%d9%8a%d8%a8%d8%b1\\\/#breadcrumb\",\"itemListElement\":[{\"@type\":\"ListItem\",\"position\":1,\"name\":\"Accueil\",\"item\":\"https:\\\/\\\/sella-industrie.com\\\/fr_fr\\\/\"},{\"@type\":\"ListItem\",\"position\":2,\"name\":\"Shop\",\"item\":\"https:\\\/\\\/sella-industrie.com\\\/fr_fr\\\/shop\\\/\"},{\"@type\":\"ListItem\",\"position\":3,\"name\":\"Accessoires Auto\",\"item\":\"https:\\\/\\\/sella-industrie.com\\\/categorie-produit\\\/accessoires-auto\\\/\"},{\"@type\":\"ListItem\",\"position\":4,\"name\":\"\u00c9ponge microfibre V6\"}]},{\"@type\":\"WebSite\",\"@id\":\"https:\\\/\\\/sella-industrie.com\\\/#website\",\"url\":\"https:\\\/\\\/sella-industrie.com\\\/\",\"name\":\"Boutique &quot;V6&quot;\",\"description\":\"We care for your car\",\"publisher\":{\"@id\":\"https:\\\/\\\/sella-industrie.com\\\/#organization\"},\"potentialAction\":[{\"@type\":\"SearchAction\",\"target\":{\"@type\":\"EntryPoint\",\"urlTemplate\":\"https:\\\/\\\/sella-industrie.com\\\/?s={search_term_string}\"},\"query-input\":{\"@type\":\"PropertyValueSpecification\",\"valueRequired\":true,\"valueName\":\"search_term_string\"}}],\"inLanguage\":\"ar\"},{\"@type\":\"Organization\",\"@id\":\"https:\\\/\\\/sella-industrie.com\\\/#organization\",\"name\":\"Boutique &quot;V6&quot;\",\"url\":\"https:\\\/\\\/sella-industrie.com\\\/\",\"logo\":{\"@type\":\"ImageObject\",\"inLanguage\":\"ar\",\"@id\":\"https:\\\/\\\/sella-industrie.com\\\/#\\\/schema\\\/logo\\\/image\\\/\",\"url\":\"\",\"contentUrl\":\"\",\"caption\":\"Boutique &quot;V6&quot;\"},\"image\":{\"@id\":\"https:\\\/\\\/sella-industrie.com\\\/#\\\/schema\\\/logo\\\/image\\\/\"}}]}<\/script>\n<meta property=\"product:price:amount\" content=\"680\" \/>\n<meta property=\"product:price:currency\" content=\"DZD\" \/>\n<meta property=\"og:availability\" content=\"instock\" \/>\n<meta property=\"product:availability\" content=\"instock\" \/>\n<meta property=\"product:condition\" content=\"new\" \/>\n<!-- \/ Yoast SEO Premium plugin. -->","yoast_head_json":{"title":"\u00c9ponge microfibre V6 - Boutique &quot;V6&quot;","description":"\u00c9ponge microfibre V6, id\u00e9ale pour lavage auto sans rayures, vitres sans traces et nettoyage domestique. Ultra absorbante et douce. Lavable en machine.","robots":{"index":"index","follow":"follow","max-snippet":"max-snippet:-1","max-image-preview":"max-image-preview:large","max-video-preview":"max-video-preview:-1"},"canonical":"https:\/\/sella-industrie.com\/ar\/product\/eponge-microfibre-v6-premium-lavage-auto-\u0625\u0633\u0641\u0646\u062c\u0629-\u0645\u064a\u0643\u0631\u0648\u0641\u064a\u0628\u0631\/","og_locale":"ar_AR","og_type":"article","og_title":"\u00c9ponge microfibre V6","og_description":"\u00c9ponge microfibre V6, id\u00e9ale pour lavage auto sans rayures, vitres sans traces et nettoyage domestique. Ultra absorbante et douce. Lavable en machine.","og_url":"https:\/\/sella-industrie.com\/ar\/product\/eponge-microfibre-v6-premium-lavage-auto-\u0625\u0633\u0641\u0646\u062c\u0629-\u0645\u064a\u0643\u0631\u0648\u0641\u064a\u0628\u0631\/","og_site_name":"Boutique &quot;V6&quot;","article_modified_time":"2026-02-15T09:52:55+00:00","og_image":[{"width":1000,"height":1000,"url":"https:\/\/sella-industrie.com\/wp-content\/uploads\/2024\/07\/EPONGE-MICROFIBRE-CN1455.png","type":"image\/png"}],"twitter_card":"summary_large_image","twitter_misc":{"\u0627\u0644\u0633\u0639\u0631":"&#x62f;.&#x62c;&nbsp;680","\u0627\u0644\u062a\u0648\u0641\u0631":"\u0645\u062a\u0648\u0641\u0631 \u0641\u064a \u0627\u0644\u0645\u062e\u0632\u0648\u0646"},"schema":{"@context":"https:\/\/schema.org","@graph":[{"@type":"WebPage","@id":"https:\/\/sella-industrie.com\/produit\/eponge-microfibre-v6-premium-lavage-auto-%d8%a5%d8%b3%d9%81%d9%86%d8%ac%d8%a9-%d9%85%d9%8a%d9%83%d8%b1%d9%88%d9%81%d9%8a%d8%a8%d8%b1\/","url":"https:\/\/sella-industrie.com\/produit\/eponge-microfibre-v6-premium-lavage-auto-%d8%a5%d8%b3%d9%81%d9%86%d8%ac%d8%a9-%d9%85%d9%8a%d9%83%d8%b1%d9%88%d9%81%d9%8a%d8%a8%d8%b1\/","name":"\u00c9ponge microfibre V6 - Boutique &quot;V6&quot;","isPartOf":{"@id":"https:\/\/sella-industrie.com\/#website"},"primaryImageOfPage":{"@id":"https:\/\/sella-industrie.com\/produit\/eponge-microfibre-v6-premium-lavage-auto-%d8%a5%d8%b3%d9%81%d9%86%d8%ac%d8%a9-%d9%85%d9%8a%d9%83%d8%b1%d9%88%d9%81%d9%8a%d8%a8%d8%b1\/#primaryimage"},"image":{"@id":"https:\/\/sella-industrie.com\/produit\/eponge-microfibre-v6-premium-lavage-auto-%d8%a5%d8%b3%d9%81%d9%86%d8%ac%d8%a9-%d9%85%d9%8a%d9%83%d8%b1%d9%88%d9%81%d9%8a%d8%a8%d8%b1\/#primaryimage"},"thumbnailUrl":"https:\/\/sella-industrie.com\/wp-content\/uploads\/2024\/07\/EPONGE-MICROFIBRE-CN1455.png","datePublished":"2024-07-11T09:21:23+00:00","dateModified":"2026-02-15T09:52:55+00:00","description":"\u00c9ponge microfibre V6, id\u00e9ale pour lavage auto sans rayures, vitres sans traces et nettoyage domestique. Ultra absorbante et douce. Lavable en machine.","breadcrumb":{"@id":"https:\/\/sella-industrie.com\/produit\/eponge-microfibre-v6-premium-lavage-auto-%d8%a5%d8%b3%d9%81%d9%86%d8%ac%d8%a9-%d9%85%d9%8a%d9%83%d8%b1%d9%88%d9%81%d9%8a%d8%a8%d8%b1\/#breadcrumb"},"inLanguage":"ar","potentialAction":[{"@type":"ReadAction","target":["https:\/\/sella-industrie.com\/produit\/eponge-microfibre-v6-premium-lavage-auto-%d8%a5%d8%b3%d9%81%d9%86%d8%ac%d8%a9-%d9%85%d9%8a%d9%83%d8%b1%d9%88%d9%81%d9%8a%d8%a8%d8%b1\/"]}]},{"@type":"ImageObject","inLanguage":"ar","@id":"https:\/\/sella-industrie.com\/produit\/eponge-microfibre-v6-premium-lavage-auto-%d8%a5%d8%b3%d9%81%d9%86%d8%ac%d8%a9-%d9%85%d9%8a%d9%83%d8%b1%d9%88%d9%81%d9%8a%d8%a8%d8%b1\/#primaryimage","url":"https:\/\/sella-industrie.com\/wp-content\/uploads\/2024\/07\/EPONGE-MICROFIBRE-CN1455.png","contentUrl":"https:\/\/sella-industrie.com\/wp-content\/uploads\/2024\/07\/EPONGE-MICROFIBRE-CN1455.png","width":1000,"height":1000,"caption":"\u00c9ponge microfibre V6"},{"@type":"BreadcrumbList","@id":"https:\/\/sella-industrie.com\/produit\/eponge-microfibre-v6-premium-lavage-auto-%d8%a5%d8%b3%d9%81%d9%86%d8%ac%d8%a9-%d9%85%d9%8a%d9%83%d8%b1%d9%88%d9%81%d9%8a%d8%a8%d8%b1\/#breadcrumb","itemListElement":[{"@type":"ListItem","position":1,"name":"Accueil","item":"https:\/\/sella-industrie.com\/fr_fr\/"},{"@type":"ListItem","position":2,"name":"Shop","item":"https:\/\/sella-industrie.com\/fr_fr\/shop\/"},{"@type":"ListItem","position":3,"name":"Accessoires Auto","item":"https:\/\/sella-industrie.com\/categorie-produit\/accessoires-auto\/"},{"@type":"ListItem","position":4,"name":"\u00c9ponge microfibre V6"}]},{"@type":"WebSite","@id":"https:\/\/sella-industrie.com\/#website","url":"https:\/\/sella-industrie.com\/","name":"Boutique &quot;V6&quot;","description":"We care for your car","publisher":{"@id":"https:\/\/sella-industrie.com\/#organization"},"potentialAction":[{"@type":"SearchAction","target":{"@type":"EntryPoint","urlTemplate":"https:\/\/sella-industrie.com\/?s={search_term_string}"},"query-input":{"@type":"PropertyValueSpecification","valueRequired":true,"valueName":"search_term_string"}}],"inLanguage":"ar"},{"@type":"Organization","@id":"https:\/\/sella-industrie.com\/#organization","name":"Boutique &quot;V6&quot;","url":"https:\/\/sella-industrie.com\/","logo":{"@type":"ImageObject","inLanguage":"ar","@id":"https:\/\/sella-industrie.com\/#\/schema\/logo\/image\/","url":"","contentUrl":"","caption":"Boutique &quot;V6&quot;"},"image":{"@id":"https:\/\/sella-industrie.com\/#\/schema\/logo\/image\/"}}]},"product_price_amount":"680","product_price_currency":"DZD","og_availability":"instock","product_availability":"instock","product_condition":"new"},"_links":{"self":[{"href":"https:\/\/sella-industrie.com\/ar\/wp-json\/wp\/v2\/product\/30454","targetHints":{"allow":["GET"]}}],"collection":[{"href":"https:\/\/sella-industrie.com\/ar\/wp-json\/wp\/v2\/product"}],"about":[{"href":"https:\/\/sella-industrie.com\/ar\/wp-json\/wp\/v2\/types\/product"}],"replies":[{"embeddable":true,"href":"https:\/\/sella-industrie.com\/ar\/wp-json\/wp\/v2\/comments?post=30454"}],"wp:featuredmedia":[{"embeddable":true,"href":"https:\/\/sella-industrie.com\/ar\/wp-json\/wp\/v2\/media\/30455"}],"wp:attachment":[{"href":"https:\/\/sella-industrie.com\/ar\/wp-json\/wp\/v2\/media?parent=30454"}],"wp:term":[{"taxonomy":"product_brand","embeddable":true,"href":"https:\/\/sella-industrie.com\/ar\/wp-json\/wp\/v2\/product_brand?post=30454"},{"taxonomy":"product_cat","embeddable":true,"href":"https:\/\/sella-industrie.com\/ar\/wp-json\/wp\/v2\/product_cat?post=30454"},{"taxonomy":"product_tag","embeddable":true,"href":"https:\/\/sella-industrie.com\/ar\/wp-json\/wp\/v2\/product_tag?post=30454"}],"curies":[{"name":"wp","href":"https:\/\/api.w.org\/{rel}","templated":true}]}}