{"id":30376,"date":"2024-07-08T15:14:10","date_gmt":"2024-07-08T15:14:10","guid":{"rendered":"https:\/\/v6.sellaindustrie.com\/?post_type=product&#038;p=30376"},"modified":"2026-02-17T15:04:30","modified_gmt":"2026-02-17T15:04:30","slug":"bache-automobile-v6-%d8%ba%d8%b7%d8%a7%d8%a1-%d8%a7%d9%84%d8%b3%d9%8a%d8%a7%d8%b1%d8%a9","status":"publish","type":"product","link":"https:\/\/sella-industrie.com\/ar\/product\/bache-automobile-v6-%d8%ba%d8%b7%d8%a7%d8%a1-%d8%a7%d9%84%d8%b3%d9%8a%d8%a7%d8%b1%d8%a9\/","title":{"rendered":"B\u00e2che Automobile V6"},"content":{"rendered":"<h2 style=\"text-align: center;\">B\u00e2che Automobile V6 \u063a\u0637\u0627\u0621 \u0627\u0644\u0633\u064a\u0627\u0631\u0629<\/h2>\n<p style=\"text-align: left;\">Offrez \u00e0 votre voiture une protection haut de gamme avec la <strong>B\u00e2che Automobile V6<\/strong>, une b\u00e2che d&rsquo;importation con\u00e7ue sur mesure pour garantir une couverture parfaite et durable pour votre voiture. Fabriqu\u00e9e avec des mat\u00e9riaux de <strong data-start=\"428\" data-end=\"450\">tr\u00e8s haute qualit\u00e9<\/strong>, cette<a href=\"https:\/\/www.instagram.com\/v6_accessoires_auto?igsh=aXE2NjUwOG5xNnQz\" target=\"_blank\" rel=\"noopener\"> b\u00e2che<\/a> est sp\u00e9cialement con\u00e7ue pour r\u00e9sister aux conditions les plus extr\u00eames, avec une tol\u00e9rance thermique allant de <strong data-start=\"575\" data-end=\"592\">-40\u00b0C \u00e0 +70\u00b0C<\/strong>. Son traitement <strong data-start=\"609\" data-end=\"636\">anti-UV (indice UV 801)<\/strong> <a href=\"https:\/\/sella-industrie.com\/ar\/product\/housse-similicuir-r-line\/\">prot\u00e8ge efficacement<\/a> la carrosserie contre les effets nocifs du soleil, \u00e9vitant ainsi la d\u00e9coloration et le vieillissement pr\u00e9matur\u00e9 de la peinture.<br \/>\n<strong data-start=\"1320\" data-end=\"1345\"><span style=\"color: #0000ff;\">Tailles disponibles<\/span> :\u00a0 <\/strong><strong><span style=\"color: #ff0000;\">4&#215;4<\/span> :<\/strong> 520 x 1.90 x 1.50 cm \/ <strong><span style=\"color: #ff0000;\">XXL<\/span> :<\/strong> 571 x 203 x 120 cm \/ <strong><span style=\"color: #ff0000;\">XL<\/span> :<\/strong> 533 x 178 x 120 cm \/ <strong><span style=\"color: #ff0000;\">L<\/span> :<\/strong> 483 x 178 x 120 cm \/ <strong><span style=\"color: #ff0000;\">M<\/span> :<\/strong> 432 x 165 x 120 cm \/ <strong><span style=\"color: #ff0000;\">S<\/span> :<\/strong> 410 x 165 x 120 cm.<br \/>\n<strong><span style=\"color: #0000ff;\">Grammage :<\/span><\/strong> 250 G \/ m2.<\/p>\n<p style=\"text-align: right;\">\u0627\u0645\u0646\u062d \u0633\u064a\u0627\u0631\u062a\u0643 \u062d\u0645\u0627\u064a\u0629 \u0641\u0627\u0626\u0642\u0629 \u0645\u0639 <strong>\u063a\u0637\u0627\u0621 \u0633\u064a\u0627\u0631\u0629 \u0645\u0633\u062a\u0648\u0631\u062f<\/strong> \u0645\u0635\u0645\u0645 \u062e\u0635\u064a\u0635\u064b\u0627 \u0644\u0636\u0645\u0627\u0646 \u062a\u063a\u0637\u064a\u0629 \u0645\u062b\u0627\u0644\u064a\u0629 \u0648\u0645\u062a\u064a\u0646\u0629. \u0645\u0635\u0646\u0648\u0639 \u0645\u0646 \u0645\u0648\u0627\u062f \u0639\u0627\u0644\u064a\u0629 \u0627\u0644\u062c\u0648\u062f\u0629\u060c \u0635\u064f\u0645\u0645 \u0647\u0630\u0627 \u0627\u0644\u063a\u0637\u0627\u0621 \u062e\u0635\u064a\u0635\u064b\u0627 \u0644\u062a\u062d\u0645\u0644 \u0623\u0642\u0635\u0649 \u0627\u0644\u0638\u0631\u0648\u0641 \u0627\u0644\u062c\u0648\u064a\u0629\u060c \u0645\u0639 \u0642\u062f\u0631\u0629 \u062a\u062d\u0645\u0644 \u062a\u062a\u0631\u0627\u0648\u062d \u0628\u064a\u0646 -40 \u062f\u0631\u062c\u0629 \u0645\u0626\u0648\u064a\u0629 \u0648+70 \u062f\u0631\u062c\u0629 \u0645\u0626\u0648\u064a\u0629. \u0645\u0639\u0627\u0644\u062c\u062a\u0647 \u0627\u0644\u0645\u0636\u0627\u062f\u0629 \u0644\u0644\u0623\u0634\u0639\u0629 \u0641\u0648\u0642 \u0627\u0644\u0628\u0646\u0641\u0633\u062c\u064a\u0629<strong> (\u0645\u0624\u0634\u0631 \u0627\u0644\u0623\u0634\u0639\u0629 \u0641\u0648\u0642 \u0627\u0644\u0628\u0646\u0641\u0633\u062c\u064a\u0629 801)<\/strong> \u062a\u062d\u0645\u064a \u0647\u064a\u0643\u0644 \u0627\u0644\u0633\u064a\u0627\u0631\u0629 \u0628\u0641\u0639\u0627\u0644\u064a\u0629 \u0645\u0646 \u0622\u062b\u0627\u0631 \u0627\u0644\u0634\u0645\u0633 \u0627\u0644\u0636\u0627\u0631\u0629\u060c \u0648\u062a\u0645\u0646\u0639 \u0628\u0647\u062a\u0627\u0646 \u0627\u0644\u0644\u0648\u0646 \u0648\u0634\u064a\u062e\u0648\u062e\u0629 \u0627\u0644\u0637\u0644\u0627\u0621 \u0627\u0644\u0645\u0628\u0643\u0631\u0629<\/p>\n<p style=\"text-align: right;\">","protected":false},"excerpt":{"rendered":"<h1 style=\"text-align: center;\">\u063a\u0637\u0627\u0621 \u0627\u0644\u0633\u064a\u0627\u0631\u0629<\/h1>\n<p>Offrez \u00e0 votre voiture une protection haut de gamme avec la <strong>B\u00e2che Automobile V6<\/strong>, une b\u00e2che d&rsquo;importation con\u00e7ue sur mesure pour garantir une couverture parfaite et durable pour votre voiture. Fabriqu\u00e9e avec des mat\u00e9riaux de <strong data-start=\"428\" data-end=\"450\">tr\u00e8s haute qualit\u00e9. <\/strong><br \/>\n<strong data-start=\"428\" data-end=\"450\"><span style=\"color: #0000ff;\">Tailles disponibles<\/span> :\u00a0 <span style=\"color: #ff0000;\">4&#215;4<\/span> :<\/strong> 520 x 1.90 x 1.50 cm<strong data-start=\"428\" data-end=\"450\"> \/ <span style=\"color: #ff0000;\">XXL<\/span> :<\/strong>571 x 203 x 120 cm<strong data-start=\"428\" data-end=\"450\"> \/ <span style=\"color: #ff0000;\">XL<\/span> :<\/strong> 533 x 178 x 120 cm<strong data-start=\"428\" data-end=\"450\"> \/ <span style=\"color: #ff0000;\">L<\/span> :<\/strong>483 x 178 x 120 cm <strong data-start=\"428\" data-end=\"450\">\/ <span style=\"color: #ff0000;\">M<\/span> :<\/strong>432 x 165 x 120 cm<strong data-start=\"428\" data-end=\"450\"> \/ <span style=\"color: #ff0000;\">S<\/span> :<\/strong>410 x 165 x 120 cm.<strong data-start=\"428\" data-end=\"450\"><br \/>\n<span style=\"color: #0000ff;\">Grammage :<\/span><\/strong>250 G \/ m2.<\/p>","protected":false},"featured_media":30378,"comment_status":"open","ping_status":"closed","template":"","meta":[],"product_brand":[292],"product_cat":[238],"product_tag":[],"class_list":{"0":"post-30376","1":"product","2":"type-product","3":"status-publish","4":"has-post-thumbnail","6":"product_brand-v6","7":"product_cat-accessoires-auto","9":"first","10":"instock","11":"taxable","12":"shipping-taxable","13":"purchasable","14":"product-type-variable"},"yoast_head":"<!-- This site is optimized with the Yoast SEO Premium plugin v27.1 (Yoast SEO v27.4) - https:\/\/yoast.com\/product\/yoast-seo-premium-wordpress\/ -->\n<title>B\u00e2che Automobile V6 - Boutique &quot;V6&quot;<\/title>\n<meta name=\"description\" content=\"Offrez \u00e0 votre voiture une protection haut de gamme avec la B\u00e2che Automobile V6 d&#039;importation con\u00e7ue sur mesure pour garantir une couverture parfaite.\" \/>\n<meta name=\"robots\" content=\"index, follow, max-snippet:-1, max-image-preview:large, max-video-preview:-1\" \/>\n<link rel=\"canonical\" href=\"https:\/\/sella-industrie.com\/ar\/product\/bache-automobile-v6-\u063a\u0637\u0627\u0621-\u0627\u0644\u0633\u064a\u0627\u0631\u0629\/\" \/>\n<meta property=\"og:locale\" content=\"ar_AR\" \/>\n<meta property=\"og:type\" content=\"article\" \/>\n<meta property=\"og:title\" content=\"B\u00e2che Automobile V6\" \/>\n<meta property=\"og:description\" content=\"Offrez \u00e0 votre voiture une protection haut de gamme avec la B\u00e2che Automobile V6 d&#039;importation con\u00e7ue sur mesure pour garantir une couverture parfaite.\" \/>\n<meta property=\"og:url\" content=\"https:\/\/sella-industrie.com\/ar\/product\/bache-automobile-v6-\u063a\u0637\u0627\u0621-\u0627\u0644\u0633\u064a\u0627\u0631\u0629\/\" \/>\n<meta property=\"og:site_name\" content=\"Boutique &quot;V6&quot;\" \/>\n<meta property=\"article:modified_time\" content=\"2026-02-17T15:04:30+00:00\" \/>\n<meta property=\"og:image\" content=\"https:\/\/sella-industrie.com\/wp-content\/uploads\/2024\/07\/BACHE-V6-4X4.png\" \/>\n\t<meta property=\"og:image:width\" content=\"1000\" \/>\n\t<meta property=\"og:image:height\" content=\"1000\" \/>\n\t<meta property=\"og:image:type\" content=\"image\/png\" \/>\n<meta name=\"twitter:card\" content=\"summary_large_image\" \/>\n<meta name=\"twitter:label1\" content=\"\u0627\u0644\u062a\u0648\u0641\u0631\" \/>\n\t<meta name=\"twitter:data1\" content=\"\u0645\u062a\u0648\u0641\u0631 \u0641\u064a \u0627\u0644\u0645\u062e\u0632\u0648\u0646\" \/>\n<script type=\"application\/ld+json\" class=\"yoast-schema-graph\">{\"@context\":\"https:\\\/\\\/schema.org\",\"@graph\":[{\"@type\":\"WebPage\",\"@id\":\"https:\\\/\\\/sella-industrie.com\\\/produit\\\/bache-automobile-v6-%d8%ba%d8%b7%d8%a7%d8%a1-%d8%a7%d9%84%d8%b3%d9%8a%d8%a7%d8%b1%d8%a9\\\/\",\"url\":\"https:\\\/\\\/sella-industrie.com\\\/produit\\\/bache-automobile-v6-%d8%ba%d8%b7%d8%a7%d8%a1-%d8%a7%d9%84%d8%b3%d9%8a%d8%a7%d8%b1%d8%a9\\\/\",\"name\":\"B\u00e2che Automobile V6 - Boutique &quot;V6&quot;\",\"isPartOf\":{\"@id\":\"https:\\\/\\\/sella-industrie.com\\\/#website\"},\"primaryImageOfPage\":{\"@id\":\"https:\\\/\\\/sella-industrie.com\\\/produit\\\/bache-automobile-v6-%d8%ba%d8%b7%d8%a7%d8%a1-%d8%a7%d9%84%d8%b3%d9%8a%d8%a7%d8%b1%d8%a9\\\/#primaryimage\"},\"image\":{\"@id\":\"https:\\\/\\\/sella-industrie.com\\\/produit\\\/bache-automobile-v6-%d8%ba%d8%b7%d8%a7%d8%a1-%d8%a7%d9%84%d8%b3%d9%8a%d8%a7%d8%b1%d8%a9\\\/#primaryimage\"},\"thumbnailUrl\":\"https:\\\/\\\/sella-industrie.com\\\/wp-content\\\/uploads\\\/2024\\\/07\\\/BACHE-V6-4X4.png\",\"datePublished\":\"2024-07-08T15:14:10+00:00\",\"dateModified\":\"2026-02-17T15:04:30+00:00\",\"description\":\"Offrez \u00e0 votre voiture une protection haut de gamme avec la B\u00e2che Automobile V6 d'importation con\u00e7ue sur mesure pour garantir une couverture parfaite.\",\"breadcrumb\":{\"@id\":\"https:\\\/\\\/sella-industrie.com\\\/produit\\\/bache-automobile-v6-%d8%ba%d8%b7%d8%a7%d8%a1-%d8%a7%d9%84%d8%b3%d9%8a%d8%a7%d8%b1%d8%a9\\\/#breadcrumb\"},\"inLanguage\":\"ar\",\"potentialAction\":[{\"@type\":\"ReadAction\",\"target\":[\"https:\\\/\\\/sella-industrie.com\\\/produit\\\/bache-automobile-v6-%d8%ba%d8%b7%d8%a7%d8%a1-%d8%a7%d9%84%d8%b3%d9%8a%d8%a7%d8%b1%d8%a9\\\/\"]}]},{\"@type\":\"ImageObject\",\"inLanguage\":\"ar\",\"@id\":\"https:\\\/\\\/sella-industrie.com\\\/produit\\\/bache-automobile-v6-%d8%ba%d8%b7%d8%a7%d8%a1-%d8%a7%d9%84%d8%b3%d9%8a%d8%a7%d8%b1%d8%a9\\\/#primaryimage\",\"url\":\"https:\\\/\\\/sella-industrie.com\\\/wp-content\\\/uploads\\\/2024\\\/07\\\/BACHE-V6-4X4.png\",\"contentUrl\":\"https:\\\/\\\/sella-industrie.com\\\/wp-content\\\/uploads\\\/2024\\\/07\\\/BACHE-V6-4X4.png\",\"width\":1000,\"height\":1000,\"caption\":\"B\u00e2che Automobile V6\"},{\"@type\":\"BreadcrumbList\",\"@id\":\"https:\\\/\\\/sella-industrie.com\\\/produit\\\/bache-automobile-v6-%d8%ba%d8%b7%d8%a7%d8%a1-%d8%a7%d9%84%d8%b3%d9%8a%d8%a7%d8%b1%d8%a9\\\/#breadcrumb\",\"itemListElement\":[{\"@type\":\"ListItem\",\"position\":1,\"name\":\"Accueil\",\"item\":\"https:\\\/\\\/sella-industrie.com\\\/fr_fr\\\/\"},{\"@type\":\"ListItem\",\"position\":2,\"name\":\"Shop\",\"item\":\"https:\\\/\\\/sella-industrie.com\\\/fr_fr\\\/shop\\\/\"},{\"@type\":\"ListItem\",\"position\":3,\"name\":\"Accessoires Auto\",\"item\":\"https:\\\/\\\/sella-industrie.com\\\/categorie-produit\\\/accessoires-auto\\\/\"},{\"@type\":\"ListItem\",\"position\":4,\"name\":\"B\u00e2che Automobile V6\"}]},{\"@type\":\"WebSite\",\"@id\":\"https:\\\/\\\/sella-industrie.com\\\/#website\",\"url\":\"https:\\\/\\\/sella-industrie.com\\\/\",\"name\":\"Boutique &quot;V6&quot;\",\"description\":\"We care for your car\",\"publisher\":{\"@id\":\"https:\\\/\\\/sella-industrie.com\\\/#organization\"},\"potentialAction\":[{\"@type\":\"SearchAction\",\"target\":{\"@type\":\"EntryPoint\",\"urlTemplate\":\"https:\\\/\\\/sella-industrie.com\\\/?s={search_term_string}\"},\"query-input\":{\"@type\":\"PropertyValueSpecification\",\"valueRequired\":true,\"valueName\":\"search_term_string\"}}],\"inLanguage\":\"ar\"},{\"@type\":\"Organization\",\"@id\":\"https:\\\/\\\/sella-industrie.com\\\/#organization\",\"name\":\"Boutique &quot;V6&quot;\",\"url\":\"https:\\\/\\\/sella-industrie.com\\\/\",\"logo\":{\"@type\":\"ImageObject\",\"inLanguage\":\"ar\",\"@id\":\"https:\\\/\\\/sella-industrie.com\\\/#\\\/schema\\\/logo\\\/image\\\/\",\"url\":\"\",\"contentUrl\":\"\",\"caption\":\"Boutique &quot;V6&quot;\"},\"image\":{\"@id\":\"https:\\\/\\\/sella-industrie.com\\\/#\\\/schema\\\/logo\\\/image\\\/\"}}]}<\/script>\n<meta property=\"og:availability\" content=\"instock\" \/>\n<meta property=\"product:availability\" content=\"instock\" \/>\n<meta property=\"product:condition\" content=\"new\" \/>\n<!-- \/ Yoast SEO Premium plugin. -->","yoast_head_json":{"title":"B\u00e2che Automobile V6 - Boutique &quot;V6&quot;","description":"Offrez \u00e0 votre voiture une protection haut de gamme avec la B\u00e2che Automobile V6 d'importation con\u00e7ue sur mesure pour garantir une couverture parfaite.","robots":{"index":"index","follow":"follow","max-snippet":"max-snippet:-1","max-image-preview":"max-image-preview:large","max-video-preview":"max-video-preview:-1"},"canonical":"https:\/\/sella-industrie.com\/ar\/product\/bache-automobile-v6-\u063a\u0637\u0627\u0621-\u0627\u0644\u0633\u064a\u0627\u0631\u0629\/","og_locale":"ar_AR","og_type":"article","og_title":"B\u00e2che Automobile V6","og_description":"Offrez \u00e0 votre voiture une protection haut de gamme avec la B\u00e2che Automobile V6 d'importation con\u00e7ue sur mesure pour garantir une couverture parfaite.","og_url":"https:\/\/sella-industrie.com\/ar\/product\/bache-automobile-v6-\u063a\u0637\u0627\u0621-\u0627\u0644\u0633\u064a\u0627\u0631\u0629\/","og_site_name":"Boutique &quot;V6&quot;","article_modified_time":"2026-02-17T15:04:30+00:00","og_image":[{"width":1000,"height":1000,"url":"https:\/\/sella-industrie.com\/wp-content\/uploads\/2024\/07\/BACHE-V6-4X4.png","type":"image\/png"}],"twitter_card":"summary_large_image","twitter_misc":{"\u0627\u0644\u062a\u0648\u0641\u0631":"\u0645\u062a\u0648\u0641\u0631 \u0641\u064a \u0627\u0644\u0645\u062e\u0632\u0648\u0646"},"schema":{"@context":"https:\/\/schema.org","@graph":[{"@type":"WebPage","@id":"https:\/\/sella-industrie.com\/produit\/bache-automobile-v6-%d8%ba%d8%b7%d8%a7%d8%a1-%d8%a7%d9%84%d8%b3%d9%8a%d8%a7%d8%b1%d8%a9\/","url":"https:\/\/sella-industrie.com\/produit\/bache-automobile-v6-%d8%ba%d8%b7%d8%a7%d8%a1-%d8%a7%d9%84%d8%b3%d9%8a%d8%a7%d8%b1%d8%a9\/","name":"B\u00e2che Automobile V6 - Boutique &quot;V6&quot;","isPartOf":{"@id":"https:\/\/sella-industrie.com\/#website"},"primaryImageOfPage":{"@id":"https:\/\/sella-industrie.com\/produit\/bache-automobile-v6-%d8%ba%d8%b7%d8%a7%d8%a1-%d8%a7%d9%84%d8%b3%d9%8a%d8%a7%d8%b1%d8%a9\/#primaryimage"},"image":{"@id":"https:\/\/sella-industrie.com\/produit\/bache-automobile-v6-%d8%ba%d8%b7%d8%a7%d8%a1-%d8%a7%d9%84%d8%b3%d9%8a%d8%a7%d8%b1%d8%a9\/#primaryimage"},"thumbnailUrl":"https:\/\/sella-industrie.com\/wp-content\/uploads\/2024\/07\/BACHE-V6-4X4.png","datePublished":"2024-07-08T15:14:10+00:00","dateModified":"2026-02-17T15:04:30+00:00","description":"Offrez \u00e0 votre voiture une protection haut de gamme avec la B\u00e2che Automobile V6 d'importation con\u00e7ue sur mesure pour garantir une couverture parfaite.","breadcrumb":{"@id":"https:\/\/sella-industrie.com\/produit\/bache-automobile-v6-%d8%ba%d8%b7%d8%a7%d8%a1-%d8%a7%d9%84%d8%b3%d9%8a%d8%a7%d8%b1%d8%a9\/#breadcrumb"},"inLanguage":"ar","potentialAction":[{"@type":"ReadAction","target":["https:\/\/sella-industrie.com\/produit\/bache-automobile-v6-%d8%ba%d8%b7%d8%a7%d8%a1-%d8%a7%d9%84%d8%b3%d9%8a%d8%a7%d8%b1%d8%a9\/"]}]},{"@type":"ImageObject","inLanguage":"ar","@id":"https:\/\/sella-industrie.com\/produit\/bache-automobile-v6-%d8%ba%d8%b7%d8%a7%d8%a1-%d8%a7%d9%84%d8%b3%d9%8a%d8%a7%d8%b1%d8%a9\/#primaryimage","url":"https:\/\/sella-industrie.com\/wp-content\/uploads\/2024\/07\/BACHE-V6-4X4.png","contentUrl":"https:\/\/sella-industrie.com\/wp-content\/uploads\/2024\/07\/BACHE-V6-4X4.png","width":1000,"height":1000,"caption":"B\u00e2che Automobile V6"},{"@type":"BreadcrumbList","@id":"https:\/\/sella-industrie.com\/produit\/bache-automobile-v6-%d8%ba%d8%b7%d8%a7%d8%a1-%d8%a7%d9%84%d8%b3%d9%8a%d8%a7%d8%b1%d8%a9\/#breadcrumb","itemListElement":[{"@type":"ListItem","position":1,"name":"Accueil","item":"https:\/\/sella-industrie.com\/fr_fr\/"},{"@type":"ListItem","position":2,"name":"Shop","item":"https:\/\/sella-industrie.com\/fr_fr\/shop\/"},{"@type":"ListItem","position":3,"name":"Accessoires Auto","item":"https:\/\/sella-industrie.com\/categorie-produit\/accessoires-auto\/"},{"@type":"ListItem","position":4,"name":"B\u00e2che Automobile V6"}]},{"@type":"WebSite","@id":"https:\/\/sella-industrie.com\/#website","url":"https:\/\/sella-industrie.com\/","name":"Boutique &quot;V6&quot;","description":"We care for your car","publisher":{"@id":"https:\/\/sella-industrie.com\/#organization"},"potentialAction":[{"@type":"SearchAction","target":{"@type":"EntryPoint","urlTemplate":"https:\/\/sella-industrie.com\/?s={search_term_string}"},"query-input":{"@type":"PropertyValueSpecification","valueRequired":true,"valueName":"search_term_string"}}],"inLanguage":"ar"},{"@type":"Organization","@id":"https:\/\/sella-industrie.com\/#organization","name":"Boutique &quot;V6&quot;","url":"https:\/\/sella-industrie.com\/","logo":{"@type":"ImageObject","inLanguage":"ar","@id":"https:\/\/sella-industrie.com\/#\/schema\/logo\/image\/","url":"","contentUrl":"","caption":"Boutique &quot;V6&quot;"},"image":{"@id":"https:\/\/sella-industrie.com\/#\/schema\/logo\/image\/"}}]},"og_availability":"instock","product_availability":"instock","product_condition":"new"},"_links":{"self":[{"href":"https:\/\/sella-industrie.com\/ar\/wp-json\/wp\/v2\/product\/30376","targetHints":{"allow":["GET"]}}],"collection":[{"href":"https:\/\/sella-industrie.com\/ar\/wp-json\/wp\/v2\/product"}],"about":[{"href":"https:\/\/sella-industrie.com\/ar\/wp-json\/wp\/v2\/types\/product"}],"replies":[{"embeddable":true,"href":"https:\/\/sella-industrie.com\/ar\/wp-json\/wp\/v2\/comments?post=30376"}],"wp:featuredmedia":[{"embeddable":true,"href":"https:\/\/sella-industrie.com\/ar\/wp-json\/wp\/v2\/media\/30378"}],"wp:attachment":[{"href":"https:\/\/sella-industrie.com\/ar\/wp-json\/wp\/v2\/media?parent=30376"}],"wp:term":[{"taxonomy":"product_brand","embeddable":true,"href":"https:\/\/sella-industrie.com\/ar\/wp-json\/wp\/v2\/product_brand?post=30376"},{"taxonomy":"product_cat","embeddable":true,"href":"https:\/\/sella-industrie.com\/ar\/wp-json\/wp\/v2\/product_cat?post=30376"},{"taxonomy":"product_tag","embeddable":true,"href":"https:\/\/sella-industrie.com\/ar\/wp-json\/wp\/v2\/product_tag?post=30376"}],"curies":[{"name":"wp","href":"https:\/\/api.w.org\/{rel}","templated":true}]}}