{"id":30218,"date":"2024-07-06T00:05:53","date_gmt":"2024-07-06T00:05:53","guid":{"rendered":"https:\/\/v6.sellaindustrie.com\/?post_type=product&#038;p=30218"},"modified":"2026-02-12T15:49:46","modified_gmt":"2026-02-12T15:49:46","slug":"cale-dos-sparco-%d8%af%d8%b9%d8%a7%d9%85%d8%a9-%d8%b8%d9%87%d8%b1-%d8%b3%d8%a8%d8%a7%d8%b1%d9%83%d9%88","status":"publish","type":"product","link":"https:\/\/sella-industrie.com\/ar\/product\/cale-dos-sparco-%d8%af%d8%b9%d8%a7%d9%85%d8%a9-%d8%b8%d9%87%d8%b1-%d8%b3%d8%a8%d8%a7%d8%b1%d9%83%d9%88\/","title":{"rendered":"CALE DOS SPARCO"},"content":{"rendered":"<h2 style=\"text-align: center;\">CALE DOS SPARCO \u062f\u0639\u0627\u0645\u0629 \u0638\u0647\u0631 \u0633\u0628\u0627\u0631\u0643\u0648<\/h2>\n<p style=\"text-align: left;\">le <strong>CALE DOS SPARCO<\/strong> Favorise la courbure naturelle de la colonne vert\u00e9brale, r\u00e9duisant ainsi la pression et les tensions au niveau lombaire. Il \u00e9pouse parfaitement la courbure naturelle de votre colonne vert\u00e9brale pour :\u00a0 R\u00e9duire la pression lombaire. Soulager les tensions. Am\u00e9liorer votre posture instantan\u00e9ment. Conduisez plus longtemps, <a href=\"https:\/\/sella-industrie.com\/ar\/product\/bache-automobile-v6\/\">sans douleur<\/a>, sans fatigue.<br \/>\n<strong>Transformez chaque trajet en moment de confort. <\/strong>Votre dos reste align\u00e9, soutenu et d\u00e9tendu. Sa forme ergonomique soutient la zone lombaire pour : Corriger la posture. R\u00e9duire les douleurs du bas du dos. Pr\u00e9venir la fatigue musculaire. Parfait pour la <a href=\"https:\/\/www.tiktok.com\/@v6.accessoires.au\" target=\"_blank\" rel=\"noopener\">conduite<\/a>, le bureau ou les longs voyages.<\/p>\n<p style=\"text-align: right;\">\u064a\u062f\u0639\u0645 \u0627\u0644\u0627\u0646\u062d\u0646\u0627\u0621 \u0627\u0644\u0637\u0628\u064a\u0639\u064a \u0644\u0644\u0639\u0645\u0648\u062f \u0627\u0644\u0641\u0642\u0631\u064a\u060c \u0645\u0645\u0627 \u064a\u0642\u0644\u0644 \u0627\u0644\u0636\u063a\u0637 \u0648\u0627\u0644\u062a\u0648\u062a\u0631 \u0641\u064a \u0645\u0646\u0637\u0642\u0629 \u0623\u0633\u0641\u0644 \u0627\u0644\u0638\u0647\u0631. \u064a\u062a\u0643\u064a\u0641 \u062a\u0645\u0627\u0645\u064b\u0627 \u0645\u0639 \u0627\u0646\u062d\u0646\u0627\u0621 \u0639\u0645\u0648\u062f\u0643 \u0627\u0644\u0641\u0642\u0631\u064a \u0627\u0644\u0637\u0628\u064a\u0639\u064a \u0644\u064a\u0633\u0627\u0639\u062f\u0643 \u0639\u0644\u0649. \u062a\u0642\u0644\u064a\u0644 \u0627\u0644\u0636\u063a\u0637 \u0639\u0644\u0649 \u0623\u0633\u0641\u0644 \u0627\u0644\u0638\u0647\u0631. \u062a\u062e\u0641\u064a\u0641 \u0627\u0644\u062a\u0648\u062a\u0631. \u062a\u062d\u0633\u064a\u0646 \u0648\u0636\u0639\u064a\u0629 \u062c\u0633\u0645\u0643 \u0641\u0648\u0631\u064b\u0627. \u0627\u0644\u0642\u064a\u0627\u062f\u0629 \u0644\u0645\u0633\u0627\u0641\u0627\u062a \u0623\u0637\u0648\u0644 \u062f\u0648\u0646 \u0623\u0644\u0645 \u0623\u0648 \u0625\u0631\u0647\u0627\u0642<br \/>\n\u064a\u0628\u0642\u0649 \u0638\u0647\u0631\u0643 \u0645\u0633\u062a\u0642\u064a\u0645\u064b\u0627\u060c \u0645\u062f\u0639\u0648\u0645\u064b\u0627\u060c \u0648\u0645\u0633\u062a\u0631\u062e\u064a\u064b\u0627. \u064a\u062f\u0639\u0645 \u062a\u0635\u0645\u064a\u0645\u0647\u0627 \u0627\u0644\u0645\u0631\u064a\u062d \u0645\u0646\u0637\u0642\u0629 \u0623\u0633\u0641\u0644 \u0627\u0644\u0638\u0647\u0631 \u0644\u064a\u0633\u0627\u0639\u062f\u0643 \u0639\u0644\u0649. \u062a\u0635\u062d\u064a\u062d \u0648\u0636\u0639\u064a\u0629 \u0627\u0644\u062c\u0633\u0645. \u062a\u0642\u0644\u064a\u0644 \u0622\u0644\u0627\u0645 \u0623\u0633\u0641\u0644 \u0627\u0644\u0638\u0647\u0631. \u0645\u0646\u0639 \u0625\u062c\u0647\u0627\u062f \u0627\u0644\u0639\u0636\u0644\u0627\u062a. <strong>\u0645\u062b\u0627\u0644\u064a\u0629 \u0644\u0644\u0642\u064a\u0627\u062f\u0629\u060c \u0627\u0644\u0639\u0645\u0644\u060c \u0623\u0648 \u0627\u0644\u0631\u062d\u0644\u0627\u062a \u0627\u0644\u0637\u0648\u064a\u0644\u0629<\/strong><\/p>","protected":false},"excerpt":{"rendered":"<h1 style=\"text-align: center;\">\u062f\u0639\u0627\u0645\u0629 \u0638\u0647\u0631 \u0633\u0628\u0627\u0631\u0643\u0648<\/h1>\n<p>le <strong>CALE DOS SPARCO<\/strong> Favorise la courbure naturelle de la colonne vert\u00e9brale, r\u00e9duisant ainsi la pression et les tensions au niveau lombaire. Il \u00e9pouse parfaitement la courbure naturelle de votre colonne vert\u00e9brale.<\/p>\n<p>&nbsp;<\/p>\n<p style=\"text-align: right;\">","protected":false},"featured_media":30219,"comment_status":"open","ping_status":"closed","template":"","meta":[],"product_brand":[291],"product_cat":[238],"product_tag":[505,309],"class_list":{"0":"post-30218","1":"product","2":"type-product","3":"status-publish","4":"has-post-thumbnail","6":"product_brand-sparco","7":"product_cat-accessoires-auto","8":"product_tag-cale-dos-sparco","9":"product_tag-new","11":"first","12":"instock","13":"taxable","14":"shipping-taxable","15":"purchasable","16":"product-type-variable"},"yoast_head":"<!-- This site is optimized with the Yoast SEO Premium plugin v27.1 (Yoast SEO v27.4) - https:\/\/yoast.com\/product\/yoast-seo-premium-wordpress\/ -->\n<title>CALE DOS SPARCO - Boutique &quot;V6&quot;<\/title>\n<meta name=\"description\" content=\"le CALE DOS SPARCO Favorise la courbure naturelle de la colonne vert\u00e9brale, r\u00e9duisant ainsi la pression et les tensions au niveau lombaire.\" \/>\n<meta name=\"robots\" content=\"index, follow, max-snippet:-1, max-image-preview:large, max-video-preview:-1\" \/>\n<link rel=\"canonical\" href=\"https:\/\/sella-industrie.com\/ar\/product\/cale-dos-sparco-\u062f\u0639\u0627\u0645\u0629-\u0638\u0647\u0631-\u0633\u0628\u0627\u0631\u0643\u0648\/\" \/>\n<meta property=\"og:locale\" content=\"ar_AR\" \/>\n<meta property=\"og:type\" content=\"article\" \/>\n<meta property=\"og:title\" content=\"CALE DOS SPARCO\" \/>\n<meta property=\"og:description\" content=\"le CALE DOS SPARCO Favorise la courbure naturelle de la colonne vert\u00e9brale, r\u00e9duisant ainsi la pression et les tensions au niveau lombaire.\" \/>\n<meta property=\"og:url\" content=\"https:\/\/sella-industrie.com\/ar\/product\/cale-dos-sparco-\u062f\u0639\u0627\u0645\u0629-\u0638\u0647\u0631-\u0633\u0628\u0627\u0631\u0643\u0648\/\" \/>\n<meta property=\"og:site_name\" content=\"Boutique &quot;V6&quot;\" \/>\n<meta property=\"article:publisher\" content=\"https:\/\/www.facebook.com\/V6accessoiresauto?mibextid=wwXIfr&amp;rdid=07l1PwXhFBuWBfmW&amp;share_url=httpswww.facebook.comshare169W2vbvizmibextidwwXIfr#\" \/>\n<meta property=\"article:modified_time\" content=\"2026-02-12T15:49:46+00:00\" \/>\n<meta property=\"og:image\" content=\"https:\/\/sella-industrie.com\/wp-content\/uploads\/2024\/07\/SPARCO-CAL-DOS-SPS432GR.png\" \/>\n\t<meta property=\"og:image:width\" content=\"1000\" \/>\n\t<meta property=\"og:image:height\" content=\"1000\" \/>\n\t<meta property=\"og:image:type\" content=\"image\/png\" \/>\n<meta name=\"twitter:card\" content=\"summary_large_image\" \/>\n<meta name=\"twitter:label1\" content=\"\u0627\u0644\u062a\u0648\u0641\u0631\" \/>\n\t<meta name=\"twitter:data1\" content=\"\u0645\u062a\u0648\u0641\u0631 \u0641\u064a \u0627\u0644\u0645\u062e\u0632\u0648\u0646\" \/>\n<script type=\"application\/ld+json\" class=\"yoast-schema-graph\">{\"@context\":\"https:\\\/\\\/schema.org\",\"@graph\":[{\"@type\":\"WebPage\",\"@id\":\"https:\\\/\\\/sella-industrie.com\\\/produit\\\/cale-dos-sparco-%d8%af%d8%b9%d8%a7%d9%85%d8%a9-%d8%b8%d9%87%d8%b1-%d8%b3%d8%a8%d8%a7%d8%b1%d9%83%d9%88\\\/\",\"url\":\"https:\\\/\\\/sella-industrie.com\\\/produit\\\/cale-dos-sparco-%d8%af%d8%b9%d8%a7%d9%85%d8%a9-%d8%b8%d9%87%d8%b1-%d8%b3%d8%a8%d8%a7%d8%b1%d9%83%d9%88\\\/\",\"name\":\"CALE DOS SPARCO - Boutique &quot;V6&quot;\",\"isPartOf\":{\"@id\":\"https:\\\/\\\/sella-industrie.com\\\/#website\"},\"primaryImageOfPage\":{\"@id\":\"https:\\\/\\\/sella-industrie.com\\\/produit\\\/cale-dos-sparco-%d8%af%d8%b9%d8%a7%d9%85%d8%a9-%d8%b8%d9%87%d8%b1-%d8%b3%d8%a8%d8%a7%d8%b1%d9%83%d9%88\\\/#primaryimage\"},\"image\":{\"@id\":\"https:\\\/\\\/sella-industrie.com\\\/produit\\\/cale-dos-sparco-%d8%af%d8%b9%d8%a7%d9%85%d8%a9-%d8%b8%d9%87%d8%b1-%d8%b3%d8%a8%d8%a7%d8%b1%d9%83%d9%88\\\/#primaryimage\"},\"thumbnailUrl\":\"https:\\\/\\\/sella-industrie.com\\\/wp-content\\\/uploads\\\/2024\\\/07\\\/SPARCO-CAL-DOS-SPS432GR.png\",\"datePublished\":\"2024-07-06T00:05:53+00:00\",\"dateModified\":\"2026-02-12T15:49:46+00:00\",\"description\":\"le CALE DOS SPARCO Favorise la courbure naturelle de la colonne vert\u00e9brale, r\u00e9duisant ainsi la pression et les tensions au niveau lombaire.\",\"breadcrumb\":{\"@id\":\"https:\\\/\\\/sella-industrie.com\\\/produit\\\/cale-dos-sparco-%d8%af%d8%b9%d8%a7%d9%85%d8%a9-%d8%b8%d9%87%d8%b1-%d8%b3%d8%a8%d8%a7%d8%b1%d9%83%d9%88\\\/#breadcrumb\"},\"inLanguage\":\"ar\",\"potentialAction\":[{\"@type\":\"ReadAction\",\"target\":[\"https:\\\/\\\/sella-industrie.com\\\/produit\\\/cale-dos-sparco-%d8%af%d8%b9%d8%a7%d9%85%d8%a9-%d8%b8%d9%87%d8%b1-%d8%b3%d8%a8%d8%a7%d8%b1%d9%83%d9%88\\\/\"]}]},{\"@type\":\"ImageObject\",\"inLanguage\":\"ar\",\"@id\":\"https:\\\/\\\/sella-industrie.com\\\/produit\\\/cale-dos-sparco-%d8%af%d8%b9%d8%a7%d9%85%d8%a9-%d8%b8%d9%87%d8%b1-%d8%b3%d8%a8%d8%a7%d8%b1%d9%83%d9%88\\\/#primaryimage\",\"url\":\"https:\\\/\\\/sella-industrie.com\\\/wp-content\\\/uploads\\\/2024\\\/07\\\/SPARCO-CAL-DOS-SPS432GR.png\",\"contentUrl\":\"https:\\\/\\\/sella-industrie.com\\\/wp-content\\\/uploads\\\/2024\\\/07\\\/SPARCO-CAL-DOS-SPS432GR.png\",\"width\":1000,\"height\":1000,\"caption\":\"CALE DOS SPARCO\"},{\"@type\":\"BreadcrumbList\",\"@id\":\"https:\\\/\\\/sella-industrie.com\\\/produit\\\/cale-dos-sparco-%d8%af%d8%b9%d8%a7%d9%85%d8%a9-%d8%b8%d9%87%d8%b1-%d8%b3%d8%a8%d8%a7%d8%b1%d9%83%d9%88\\\/#breadcrumb\",\"itemListElement\":[{\"@type\":\"ListItem\",\"position\":1,\"name\":\"Accueil\",\"item\":\"https:\\\/\\\/sella-industrie.com\\\/fr_fr\\\/\"},{\"@type\":\"ListItem\",\"position\":2,\"name\":\"Shop\",\"item\":\"https:\\\/\\\/sella-industrie.com\\\/fr_fr\\\/shop\\\/\"},{\"@type\":\"ListItem\",\"position\":3,\"name\":\"Accessoires Auto\",\"item\":\"https:\\\/\\\/sella-industrie.com\\\/categorie-produit\\\/accessoires-auto\\\/\"},{\"@type\":\"ListItem\",\"position\":4,\"name\":\"CALE DOS SPARCO\"}]},{\"@type\":\"WebSite\",\"@id\":\"https:\\\/\\\/sella-industrie.com\\\/#website\",\"url\":\"https:\\\/\\\/sella-industrie.com\\\/\",\"name\":\"Boutique \\\"V6\\\"\",\"description\":\"We care for your car\",\"publisher\":{\"@id\":\"https:\\\/\\\/sella-industrie.com\\\/#organization\"},\"potentialAction\":[{\"@type\":\"SearchAction\",\"target\":{\"@type\":\"EntryPoint\",\"urlTemplate\":\"https:\\\/\\\/sella-industrie.com\\\/?s={search_term_string}\"},\"query-input\":{\"@type\":\"PropertyValueSpecification\",\"valueRequired\":true,\"valueName\":\"search_term_string\"}}],\"inLanguage\":\"ar\"},{\"@type\":\"Organization\",\"@id\":\"https:\\\/\\\/sella-industrie.com\\\/#organization\",\"name\":\"Boutique \\\"V6\\\"\",\"url\":\"https:\\\/\\\/sella-industrie.com\\\/\",\"logo\":{\"@type\":\"ImageObject\",\"inLanguage\":\"ar\",\"@id\":\"https:\\\/\\\/sella-industrie.com\\\/#\\\/schema\\\/logo\\\/image\\\/\",\"url\":\"https:\\\/\\\/sella-industrie.com\\\/wp-content\\\/uploads\\\/2024\\\/05\\\/LOGO-V6-PNG-1.png\",\"contentUrl\":\"https:\\\/\\\/sella-industrie.com\\\/wp-content\\\/uploads\\\/2024\\\/05\\\/LOGO-V6-PNG-1.png\",\"width\":797,\"height\":517,\"caption\":\"Boutique \\\"V6\\\"\"},\"image\":{\"@id\":\"https:\\\/\\\/sella-industrie.com\\\/#\\\/schema\\\/logo\\\/image\\\/\"},\"sameAs\":[\"https:\\\/\\\/www.facebook.com\\\/V6accessoiresauto?mibextid=wwXIfr&rdid=07l1PwXhFBuWBfmW&share_url=httpswww.facebook.comshare169W2vbvizmibextidwwXIfr#\",\"https:\\\/\\\/www.tiktok.com\\\/@v6.accessoires.au\",\"https:\\\/\\\/www.instagram.com\\\/v6_accessoires_auto?igsh=aXE2NjUwOG5xNnQz\",\"https:\\\/\\\/www.youtube.com\\\/channel\\\/UCtkk-L1mBLEmRweenaR4s7w\"]}]}<\/script>\n<meta property=\"og:availability\" content=\"instock\" \/>\n<meta property=\"product:availability\" content=\"instock\" \/>\n<meta property=\"product:condition\" content=\"new\" \/>\n<!-- \/ Yoast SEO Premium plugin. -->","yoast_head_json":{"title":"CALE DOS SPARCO - Boutique &quot;V6&quot;","description":"le CALE DOS SPARCO Favorise la courbure naturelle de la colonne vert\u00e9brale, r\u00e9duisant ainsi la pression et les tensions au niveau lombaire.","robots":{"index":"index","follow":"follow","max-snippet":"max-snippet:-1","max-image-preview":"max-image-preview:large","max-video-preview":"max-video-preview:-1"},"canonical":"https:\/\/sella-industrie.com\/ar\/product\/cale-dos-sparco-\u062f\u0639\u0627\u0645\u0629-\u0638\u0647\u0631-\u0633\u0628\u0627\u0631\u0643\u0648\/","og_locale":"ar_AR","og_type":"article","og_title":"CALE DOS SPARCO","og_description":"le CALE DOS SPARCO Favorise la courbure naturelle de la colonne vert\u00e9brale, r\u00e9duisant ainsi la pression et les tensions au niveau lombaire.","og_url":"https:\/\/sella-industrie.com\/ar\/product\/cale-dos-sparco-\u062f\u0639\u0627\u0645\u0629-\u0638\u0647\u0631-\u0633\u0628\u0627\u0631\u0643\u0648\/","og_site_name":"Boutique &quot;V6&quot;","article_publisher":"https:\/\/www.facebook.com\/V6accessoiresauto?mibextid=wwXIfr&rdid=07l1PwXhFBuWBfmW&share_url=httpswww.facebook.comshare169W2vbvizmibextidwwXIfr#","article_modified_time":"2026-02-12T15:49:46+00:00","og_image":[{"width":1000,"height":1000,"url":"https:\/\/sella-industrie.com\/wp-content\/uploads\/2024\/07\/SPARCO-CAL-DOS-SPS432GR.png","type":"image\/png"}],"twitter_card":"summary_large_image","twitter_misc":{"\u0627\u0644\u062a\u0648\u0641\u0631":"\u0645\u062a\u0648\u0641\u0631 \u0641\u064a \u0627\u0644\u0645\u062e\u0632\u0648\u0646"},"schema":{"@context":"https:\/\/schema.org","@graph":[{"@type":"WebPage","@id":"https:\/\/sella-industrie.com\/produit\/cale-dos-sparco-%d8%af%d8%b9%d8%a7%d9%85%d8%a9-%d8%b8%d9%87%d8%b1-%d8%b3%d8%a8%d8%a7%d8%b1%d9%83%d9%88\/","url":"https:\/\/sella-industrie.com\/produit\/cale-dos-sparco-%d8%af%d8%b9%d8%a7%d9%85%d8%a9-%d8%b8%d9%87%d8%b1-%d8%b3%d8%a8%d8%a7%d8%b1%d9%83%d9%88\/","name":"CALE DOS SPARCO - Boutique &quot;V6&quot;","isPartOf":{"@id":"https:\/\/sella-industrie.com\/#website"},"primaryImageOfPage":{"@id":"https:\/\/sella-industrie.com\/produit\/cale-dos-sparco-%d8%af%d8%b9%d8%a7%d9%85%d8%a9-%d8%b8%d9%87%d8%b1-%d8%b3%d8%a8%d8%a7%d8%b1%d9%83%d9%88\/#primaryimage"},"image":{"@id":"https:\/\/sella-industrie.com\/produit\/cale-dos-sparco-%d8%af%d8%b9%d8%a7%d9%85%d8%a9-%d8%b8%d9%87%d8%b1-%d8%b3%d8%a8%d8%a7%d8%b1%d9%83%d9%88\/#primaryimage"},"thumbnailUrl":"https:\/\/sella-industrie.com\/wp-content\/uploads\/2024\/07\/SPARCO-CAL-DOS-SPS432GR.png","datePublished":"2024-07-06T00:05:53+00:00","dateModified":"2026-02-12T15:49:46+00:00","description":"le CALE DOS SPARCO Favorise la courbure naturelle de la colonne vert\u00e9brale, r\u00e9duisant ainsi la pression et les tensions au niveau lombaire.","breadcrumb":{"@id":"https:\/\/sella-industrie.com\/produit\/cale-dos-sparco-%d8%af%d8%b9%d8%a7%d9%85%d8%a9-%d8%b8%d9%87%d8%b1-%d8%b3%d8%a8%d8%a7%d8%b1%d9%83%d9%88\/#breadcrumb"},"inLanguage":"ar","potentialAction":[{"@type":"ReadAction","target":["https:\/\/sella-industrie.com\/produit\/cale-dos-sparco-%d8%af%d8%b9%d8%a7%d9%85%d8%a9-%d8%b8%d9%87%d8%b1-%d8%b3%d8%a8%d8%a7%d8%b1%d9%83%d9%88\/"]}]},{"@type":"ImageObject","inLanguage":"ar","@id":"https:\/\/sella-industrie.com\/produit\/cale-dos-sparco-%d8%af%d8%b9%d8%a7%d9%85%d8%a9-%d8%b8%d9%87%d8%b1-%d8%b3%d8%a8%d8%a7%d8%b1%d9%83%d9%88\/#primaryimage","url":"https:\/\/sella-industrie.com\/wp-content\/uploads\/2024\/07\/SPARCO-CAL-DOS-SPS432GR.png","contentUrl":"https:\/\/sella-industrie.com\/wp-content\/uploads\/2024\/07\/SPARCO-CAL-DOS-SPS432GR.png","width":1000,"height":1000,"caption":"CALE DOS SPARCO"},{"@type":"BreadcrumbList","@id":"https:\/\/sella-industrie.com\/produit\/cale-dos-sparco-%d8%af%d8%b9%d8%a7%d9%85%d8%a9-%d8%b8%d9%87%d8%b1-%d8%b3%d8%a8%d8%a7%d8%b1%d9%83%d9%88\/#breadcrumb","itemListElement":[{"@type":"ListItem","position":1,"name":"Accueil","item":"https:\/\/sella-industrie.com\/fr_fr\/"},{"@type":"ListItem","position":2,"name":"Shop","item":"https:\/\/sella-industrie.com\/fr_fr\/shop\/"},{"@type":"ListItem","position":3,"name":"Accessoires Auto","item":"https:\/\/sella-industrie.com\/categorie-produit\/accessoires-auto\/"},{"@type":"ListItem","position":4,"name":"CALE DOS SPARCO"}]},{"@type":"WebSite","@id":"https:\/\/sella-industrie.com\/#website","url":"https:\/\/sella-industrie.com\/","name":"Boutique \"V6\"","description":"We care for your car","publisher":{"@id":"https:\/\/sella-industrie.com\/#organization"},"potentialAction":[{"@type":"SearchAction","target":{"@type":"EntryPoint","urlTemplate":"https:\/\/sella-industrie.com\/?s={search_term_string}"},"query-input":{"@type":"PropertyValueSpecification","valueRequired":true,"valueName":"search_term_string"}}],"inLanguage":"ar"},{"@type":"Organization","@id":"https:\/\/sella-industrie.com\/#organization","name":"Boutique \"V6\"","url":"https:\/\/sella-industrie.com\/","logo":{"@type":"ImageObject","inLanguage":"ar","@id":"https:\/\/sella-industrie.com\/#\/schema\/logo\/image\/","url":"https:\/\/sella-industrie.com\/wp-content\/uploads\/2024\/05\/LOGO-V6-PNG-1.png","contentUrl":"https:\/\/sella-industrie.com\/wp-content\/uploads\/2024\/05\/LOGO-V6-PNG-1.png","width":797,"height":517,"caption":"Boutique \"V6\""},"image":{"@id":"https:\/\/sella-industrie.com\/#\/schema\/logo\/image\/"},"sameAs":["https:\/\/www.facebook.com\/V6accessoiresauto?mibextid=wwXIfr&rdid=07l1PwXhFBuWBfmW&share_url=httpswww.facebook.comshare169W2vbvizmibextidwwXIfr#","https:\/\/www.tiktok.com\/@v6.accessoires.au","https:\/\/www.instagram.com\/v6_accessoires_auto?igsh=aXE2NjUwOG5xNnQz","https:\/\/www.youtube.com\/channel\/UCtkk-L1mBLEmRweenaR4s7w"]}]},"og_availability":"instock","product_availability":"instock","product_condition":"new"},"_links":{"self":[{"href":"https:\/\/sella-industrie.com\/ar\/wp-json\/wp\/v2\/product\/30218","targetHints":{"allow":["GET"]}}],"collection":[{"href":"https:\/\/sella-industrie.com\/ar\/wp-json\/wp\/v2\/product"}],"about":[{"href":"https:\/\/sella-industrie.com\/ar\/wp-json\/wp\/v2\/types\/product"}],"replies":[{"embeddable":true,"href":"https:\/\/sella-industrie.com\/ar\/wp-json\/wp\/v2\/comments?post=30218"}],"wp:featuredmedia":[{"embeddable":true,"href":"https:\/\/sella-industrie.com\/ar\/wp-json\/wp\/v2\/media\/30219"}],"wp:attachment":[{"href":"https:\/\/sella-industrie.com\/ar\/wp-json\/wp\/v2\/media?parent=30218"}],"wp:term":[{"taxonomy":"product_brand","embeddable":true,"href":"https:\/\/sella-industrie.com\/ar\/wp-json\/wp\/v2\/product_brand?post=30218"},{"taxonomy":"product_cat","embeddable":true,"href":"https:\/\/sella-industrie.com\/ar\/wp-json\/wp\/v2\/product_cat?post=30218"},{"taxonomy":"product_tag","embeddable":true,"href":"https:\/\/sella-industrie.com\/ar\/wp-json\/wp\/v2\/product_tag?post=30218"}],"curies":[{"name":"wp","href":"https:\/\/api.w.org\/{rel}","templated":true}]}}