{"id":30147,"date":"2024-07-05T22:07:56","date_gmt":"2024-07-05T22:07:56","guid":{"rendered":"https:\/\/v6.sellaindustrie.com\/?post_type=product&#038;p=30147"},"modified":"2026-02-15T10:14:12","modified_gmt":"2026-02-15T10:14:12","slug":"couvre-volant-sparco-sport-performance-%d8%ba%d8%b7%d8%a7%d8%a1-%d8%b9%d8%ac%d9%84%d8%a9-%d8%a7%d9%84%d9%82%d9%8a%d8%a7%d8%af%d8%a9","status":"publish","type":"product","link":"https:\/\/sella-industrie.com\/ar\/product\/couvre-volant-sparco-sport-performance-%d8%ba%d8%b7%d8%a7%d8%a1-%d8%b9%d8%ac%d9%84%d8%a9-%d8%a7%d9%84%d9%82%d9%8a%d8%a7%d8%af%d8%a9\/","title":{"rendered":"Couvre volant SPARCO"},"content":{"rendered":"<h2 style=\"text-align: center;\">Couvre volant SPARCO \u063a\u0637\u0627\u0621 \u0639\u062c\u0644\u0629 \u0627\u0644\u0642\u064a\u0627\u062f\u0629<\/h2>\n<p data-start=\"400\" data-end=\"585\"><strong>Couvre volant SPARCO<\/strong> haut de gamme inspir\u00e9 sport automobile. Am\u00e9liore la prise en main, prot\u00e8ge le volant et apporte un style racing \u00e0 l\u2019int\u00e9rieur de votre voiture. Installation facile. Con\u00e7u pour les passionn\u00e9s d\u2019automobile qui recherchent <a href=\"https:\/\/sella-industrie.com\/ar\/product\/couvre-volant-v6-cuir-universel-%d8%ba%d8%b7%d8%a7%d8%a1-%d8%b9%d8%ac%d9%84%d8%a9-%d8%a7%d9%84%d9%82%d9%8a%d8%a7%d8%af%d8%a9-%d8%a7%d9%84%d8%ac%d9%84%d8%af%d9%8a\/\">performance<\/a>, confort et style racing. Inspir\u00e9 de l\u2019excellence du sport <a href=\"https:\/\/www.facebook.com\/V6accessoiresauto?mibextid=wwXIfr&amp;rdid=07l1PwXhFBuWBfmW&amp;share_url=https%3A%2F%2Fwww.facebook.com%2Fshare%2F169W2vbviz%2F%3Fmibextid%3DwwXIfr#\" target=\"_blank\" rel=\"noopener\">automobile<\/a>, cet accessoire int\u00e9rieur premium offre une <strong data-start=\"947\" data-end=\"973\">prise en main optimale<\/strong>, prot\u00e8ge le volant et transforme l\u2019esth\u00e9tique de l\u2019habitacle.<\/p>\n<p style=\"text-align: right;\">\u062d\u0633\u0651\u0646 \u062a\u062c\u0631\u0628\u0629 \u0642\u064a\u0627\u062f\u062a\u0643 \u0645\u0639 \u063a\u0637\u0627\u0621 \u0639\u062c\u0644\u0629 \u0627\u0644\u0642\u064a\u0627\u062f\u0629 \u0645\u0646 \u0633\u0628\u0627\u0631\u0643\u0648\u060c \u0627\u0644\u0645\u0635\u0645\u0645 \u0644\u0639\u0634\u0627\u0642 \u0627\u0644\u0633\u064a\u0627\u0631\u0627\u062a \u0627\u0644\u0630\u064a\u0646 \u064a\u0642\u062f\u0631\u0648\u0646 \u0627\u0644\u0623\u062f\u0627\u0621 \u0648\u0627\u0644\u0623\u0646\u0627\u0642\u0629. \u0645\u0633\u062a\u0648\u062d\u0649 \u0645\u0646 \u0631\u0648\u0639\u0629 \u0631\u064a\u0627\u0636\u0629 \u0627\u0644\u0633\u064a\u0627\u0631\u0627\u062a\u060c \u064a\u064f\u062d\u0633\u0651\u0646 \u0647\u0630\u0627 \u0627\u0644\u063a\u0637\u0627\u0621 \u0627\u0644\u0641\u0627\u062e\u0631 \u0642\u0628\u0636\u062a\u0643 \u0639\u0644\u0649 \u0627\u0644\u0637\u0631\u064a\u0642\u060c \u0648\u064a\u062d\u0645\u064a\u0647\u0627\u060c \u0648\u064a\u0636\u064a\u0641 \u0644\u0645\u0633\u0629 \u0645\u0646 \u0627\u0644\u0631\u0642\u064a \u0625\u0644\u0649 \u0645\u0642\u0635\u0648\u0631\u0629 \u0633\u064a\u0627\u0631\u062a\u0643. \u064a\u064f\u0635\u0646\u0639 \u063a\u0637\u0627\u0621 \u0639\u062c\u0644\u0629 \u0627\u0644\u0642\u064a\u0627\u062f\u0629 \u0645\u0646 \u0633\u0628\u0627\u0631\u0643\u0648 \u0645\u0646 \u0645\u0648\u0627\u062f \u0639\u0627\u0644\u064a\u0629 \u0627\u0644\u062c\u0648\u062f\u0629\u060c \u0648\u064a\u0648\u0641\u0631 \u0633\u0637\u062d\u064b\u0627 \u0645\u0631\u064a\u062d\u064b\u0627 \u0648\u0645\u0627\u0646\u0639\u064b\u0627 \u0644\u0644\u0627\u0646\u0632\u0644\u0627\u0642 \u064a\u0636\u0645\u0646 \u062b\u0628\u0627\u062a\u064b\u0627 \u062b\u0627\u0628\u062a\u064b\u0627 \u0641\u064a \u062c\u0645\u064a\u0639 \u0627\u0644\u0623\u0648\u0642\u0627\u062a\u060c \u062d\u062a\u0649 \u0641\u064a \u0627\u0644\u0631\u062d\u0644\u0627\u062a \u0627\u0644\u0637\u0648\u064a\u0644\u0629 \u0623\u0648 \u0641\u064a \u0627\u0644\u0638\u0631\u0648\u0641 \u0627\u0644\u0635\u0639\u0628\u0629. \u062a\u0635\u0645\u064a\u0645\u0647\u00a0 \u0627\u0644\u0645\u0631\u064a\u062d \u064a\u064f\u0642\u0644\u0644 \u0645\u0646 \u0625\u062c\u0647\u0627\u062f \u0627\u0644\u064a\u062f\u060c \u0645\u0645\u0627 \u064a\u062c\u0639\u0644 \u0627\u0644\u062a\u0646\u0642\u0644 \u0627\u0644\u064a\u0648\u0645\u064a \u0648\u0627\u0644\u0631\u062d\u0644\u0627\u062a \u0627\u0644\u0628\u0631\u064a\u0629 \u0623\u0643\u062b\u0631 \u0645\u062a\u0639\u0629<\/p>","protected":false},"excerpt":{"rendered":"<h1 style=\"text-align: center;\">\u063a\u0637\u0627\u0621 \u0639\u062c\u0644\u0629 \u0627\u0644\u0642\u064a\u0627\u062f\u0629<\/h1>\n<p data-start=\"400\" data-end=\"585\"><strong>Couvre volant SPARCO<\/strong> haut de gamme inspir\u00e9 sport automobile. Am\u00e9liore la prise en main, prot\u00e8ge le volant et apporte un style racing \u00e0 l\u2019int\u00e9rieur de votre voiture. Installation facile.<\/p>","protected":false},"featured_media":30148,"comment_status":"open","ping_status":"closed","template":"","meta":[],"product_brand":[291],"product_cat":[238],"product_tag":[511,309],"class_list":{"0":"post-30147","1":"product","2":"type-product","3":"status-publish","4":"has-post-thumbnail","6":"product_brand-sparco","7":"product_cat-accessoires-auto","8":"product_tag-couvre-volant-sparco","9":"product_tag-new","11":"first","12":"instock","13":"taxable","14":"shipping-taxable","15":"purchasable","16":"product-type-variable"},"yoast_head":"<!-- This site is optimized with the Yoast SEO Premium plugin v27.1 (Yoast SEO v27.4) - https:\/\/yoast.com\/product\/yoast-seo-premium-wordpress\/ -->\n<title>Couvre volant SPARCO - Boutique &quot;V6&quot;<\/title>\n<meta name=\"description\" content=\"Couvre-volant SPARCO haut de gamme inspir\u00e9 sport automobile. Am\u00e9liore la prise en main, prot\u00e8ge le volant et apporte un style racing. Installation facile.\" \/>\n<meta name=\"robots\" content=\"index, follow, max-snippet:-1, max-image-preview:large, max-video-preview:-1\" \/>\n<link rel=\"canonical\" href=\"https:\/\/sella-industrie.com\/ar\/product\/couvre-volant-sparco-sport-performance-\u063a\u0637\u0627\u0621-\u0639\u062c\u0644\u0629-\u0627\u0644\u0642\u064a\u0627\u062f\u0629\/\" \/>\n<meta property=\"og:locale\" content=\"ar_AR\" \/>\n<meta property=\"og:type\" content=\"article\" \/>\n<meta property=\"og:title\" content=\"Couvre volant SPARCO\" \/>\n<meta property=\"og:description\" content=\"Couvre-volant SPARCO haut de gamme inspir\u00e9 sport automobile. Am\u00e9liore la prise en main, prot\u00e8ge le volant et apporte un style racing. Installation facile.\" \/>\n<meta property=\"og:url\" content=\"https:\/\/sella-industrie.com\/ar\/product\/couvre-volant-sparco-sport-performance-\u063a\u0637\u0627\u0621-\u0639\u062c\u0644\u0629-\u0627\u0644\u0642\u064a\u0627\u062f\u0629\/\" \/>\n<meta property=\"og:site_name\" content=\"Boutique &quot;V6&quot;\" \/>\n<meta property=\"article:modified_time\" content=\"2026-02-15T10:14:12+00:00\" \/>\n<meta property=\"og:image\" content=\"https:\/\/sella-industrie.com\/wp-content\/uploads\/2024\/07\/SPARCO-COUVRE-VOLANT-SPS112.png\" \/>\n\t<meta property=\"og:image:width\" content=\"1000\" \/>\n\t<meta property=\"og:image:height\" content=\"1000\" \/>\n\t<meta property=\"og:image:type\" content=\"image\/png\" \/>\n<meta name=\"twitter:card\" content=\"summary_large_image\" \/>\n<meta name=\"twitter:label1\" content=\"\u0627\u0644\u062a\u0648\u0641\u0631\" \/>\n\t<meta name=\"twitter:data1\" content=\"\u0645\u062a\u0648\u0641\u0631 \u0641\u064a \u0627\u0644\u0645\u062e\u0632\u0648\u0646\" \/>\n<script type=\"application\/ld+json\" class=\"yoast-schema-graph\">{\"@context\":\"https:\\\/\\\/schema.org\",\"@graph\":[{\"@type\":\"WebPage\",\"@id\":\"https:\\\/\\\/sella-industrie.com\\\/produit\\\/couvre-volant-sparco-sport-performance-%d8%ba%d8%b7%d8%a7%d8%a1-%d8%b9%d8%ac%d9%84%d8%a9-%d8%a7%d9%84%d9%82%d9%8a%d8%a7%d8%af%d8%a9\\\/\",\"url\":\"https:\\\/\\\/sella-industrie.com\\\/produit\\\/couvre-volant-sparco-sport-performance-%d8%ba%d8%b7%d8%a7%d8%a1-%d8%b9%d8%ac%d9%84%d8%a9-%d8%a7%d9%84%d9%82%d9%8a%d8%a7%d8%af%d8%a9\\\/\",\"name\":\"Couvre volant SPARCO - Boutique &quot;V6&quot;\",\"isPartOf\":{\"@id\":\"https:\\\/\\\/sella-industrie.com\\\/#website\"},\"primaryImageOfPage\":{\"@id\":\"https:\\\/\\\/sella-industrie.com\\\/produit\\\/couvre-volant-sparco-sport-performance-%d8%ba%d8%b7%d8%a7%d8%a1-%d8%b9%d8%ac%d9%84%d8%a9-%d8%a7%d9%84%d9%82%d9%8a%d8%a7%d8%af%d8%a9\\\/#primaryimage\"},\"image\":{\"@id\":\"https:\\\/\\\/sella-industrie.com\\\/produit\\\/couvre-volant-sparco-sport-performance-%d8%ba%d8%b7%d8%a7%d8%a1-%d8%b9%d8%ac%d9%84%d8%a9-%d8%a7%d9%84%d9%82%d9%8a%d8%a7%d8%af%d8%a9\\\/#primaryimage\"},\"thumbnailUrl\":\"https:\\\/\\\/sella-industrie.com\\\/wp-content\\\/uploads\\\/2024\\\/07\\\/SPARCO-COUVRE-VOLANT-SPS112.png\",\"datePublished\":\"2024-07-05T22:07:56+00:00\",\"dateModified\":\"2026-02-15T10:14:12+00:00\",\"description\":\"Couvre-volant SPARCO haut de gamme inspir\u00e9 sport automobile. Am\u00e9liore la prise en main, prot\u00e8ge le volant et apporte un style racing. Installation facile.\",\"breadcrumb\":{\"@id\":\"https:\\\/\\\/sella-industrie.com\\\/produit\\\/couvre-volant-sparco-sport-performance-%d8%ba%d8%b7%d8%a7%d8%a1-%d8%b9%d8%ac%d9%84%d8%a9-%d8%a7%d9%84%d9%82%d9%8a%d8%a7%d8%af%d8%a9\\\/#breadcrumb\"},\"inLanguage\":\"ar\",\"potentialAction\":[{\"@type\":\"ReadAction\",\"target\":[\"https:\\\/\\\/sella-industrie.com\\\/produit\\\/couvre-volant-sparco-sport-performance-%d8%ba%d8%b7%d8%a7%d8%a1-%d8%b9%d8%ac%d9%84%d8%a9-%d8%a7%d9%84%d9%82%d9%8a%d8%a7%d8%af%d8%a9\\\/\"]}]},{\"@type\":\"ImageObject\",\"inLanguage\":\"ar\",\"@id\":\"https:\\\/\\\/sella-industrie.com\\\/produit\\\/couvre-volant-sparco-sport-performance-%d8%ba%d8%b7%d8%a7%d8%a1-%d8%b9%d8%ac%d9%84%d8%a9-%d8%a7%d9%84%d9%82%d9%8a%d8%a7%d8%af%d8%a9\\\/#primaryimage\",\"url\":\"https:\\\/\\\/sella-industrie.com\\\/wp-content\\\/uploads\\\/2024\\\/07\\\/SPARCO-COUVRE-VOLANT-SPS112.png\",\"contentUrl\":\"https:\\\/\\\/sella-industrie.com\\\/wp-content\\\/uploads\\\/2024\\\/07\\\/SPARCO-COUVRE-VOLANT-SPS112.png\",\"width\":1000,\"height\":1000,\"caption\":\"Couvre volant SPARCO\"},{\"@type\":\"BreadcrumbList\",\"@id\":\"https:\\\/\\\/sella-industrie.com\\\/produit\\\/couvre-volant-sparco-sport-performance-%d8%ba%d8%b7%d8%a7%d8%a1-%d8%b9%d8%ac%d9%84%d8%a9-%d8%a7%d9%84%d9%82%d9%8a%d8%a7%d8%af%d8%a9\\\/#breadcrumb\",\"itemListElement\":[{\"@type\":\"ListItem\",\"position\":1,\"name\":\"Accueil\",\"item\":\"https:\\\/\\\/sella-industrie.com\\\/fr_fr\\\/\"},{\"@type\":\"ListItem\",\"position\":2,\"name\":\"Shop\",\"item\":\"https:\\\/\\\/sella-industrie.com\\\/fr_fr\\\/shop\\\/\"},{\"@type\":\"ListItem\",\"position\":3,\"name\":\"Accessoires Auto\",\"item\":\"https:\\\/\\\/sella-industrie.com\\\/categorie-produit\\\/accessoires-auto\\\/\"},{\"@type\":\"ListItem\",\"position\":4,\"name\":\"Couvre volant SPARCO\"}]},{\"@type\":\"WebSite\",\"@id\":\"https:\\\/\\\/sella-industrie.com\\\/#website\",\"url\":\"https:\\\/\\\/sella-industrie.com\\\/\",\"name\":\"Boutique &quot;V6&quot;\",\"description\":\"We care for your car\",\"publisher\":{\"@id\":\"https:\\\/\\\/sella-industrie.com\\\/#organization\"},\"potentialAction\":[{\"@type\":\"SearchAction\",\"target\":{\"@type\":\"EntryPoint\",\"urlTemplate\":\"https:\\\/\\\/sella-industrie.com\\\/?s={search_term_string}\"},\"query-input\":{\"@type\":\"PropertyValueSpecification\",\"valueRequired\":true,\"valueName\":\"search_term_string\"}}],\"inLanguage\":\"ar\"},{\"@type\":\"Organization\",\"@id\":\"https:\\\/\\\/sella-industrie.com\\\/#organization\",\"name\":\"Boutique &quot;V6&quot;\",\"url\":\"https:\\\/\\\/sella-industrie.com\\\/\",\"logo\":{\"@type\":\"ImageObject\",\"inLanguage\":\"ar\",\"@id\":\"https:\\\/\\\/sella-industrie.com\\\/#\\\/schema\\\/logo\\\/image\\\/\",\"url\":\"\",\"contentUrl\":\"\",\"caption\":\"Boutique &quot;V6&quot;\"},\"image\":{\"@id\":\"https:\\\/\\\/sella-industrie.com\\\/#\\\/schema\\\/logo\\\/image\\\/\"}}]}<\/script>\n<meta property=\"og:availability\" content=\"instock\" \/>\n<meta property=\"product:availability\" content=\"instock\" \/>\n<meta property=\"product:condition\" content=\"new\" \/>\n<!-- \/ Yoast SEO Premium plugin. -->","yoast_head_json":{"title":"Couvre volant SPARCO - Boutique &quot;V6&quot;","description":"Couvre-volant SPARCO haut de gamme inspir\u00e9 sport automobile. Am\u00e9liore la prise en main, prot\u00e8ge le volant et apporte un style racing. Installation facile.","robots":{"index":"index","follow":"follow","max-snippet":"max-snippet:-1","max-image-preview":"max-image-preview:large","max-video-preview":"max-video-preview:-1"},"canonical":"https:\/\/sella-industrie.com\/ar\/product\/couvre-volant-sparco-sport-performance-\u063a\u0637\u0627\u0621-\u0639\u062c\u0644\u0629-\u0627\u0644\u0642\u064a\u0627\u062f\u0629\/","og_locale":"ar_AR","og_type":"article","og_title":"Couvre volant SPARCO","og_description":"Couvre-volant SPARCO haut de gamme inspir\u00e9 sport automobile. Am\u00e9liore la prise en main, prot\u00e8ge le volant et apporte un style racing. Installation facile.","og_url":"https:\/\/sella-industrie.com\/ar\/product\/couvre-volant-sparco-sport-performance-\u063a\u0637\u0627\u0621-\u0639\u062c\u0644\u0629-\u0627\u0644\u0642\u064a\u0627\u062f\u0629\/","og_site_name":"Boutique &quot;V6&quot;","article_modified_time":"2026-02-15T10:14:12+00:00","og_image":[{"width":1000,"height":1000,"url":"https:\/\/sella-industrie.com\/wp-content\/uploads\/2024\/07\/SPARCO-COUVRE-VOLANT-SPS112.png","type":"image\/png"}],"twitter_card":"summary_large_image","twitter_misc":{"\u0627\u0644\u062a\u0648\u0641\u0631":"\u0645\u062a\u0648\u0641\u0631 \u0641\u064a \u0627\u0644\u0645\u062e\u0632\u0648\u0646"},"schema":{"@context":"https:\/\/schema.org","@graph":[{"@type":"WebPage","@id":"https:\/\/sella-industrie.com\/produit\/couvre-volant-sparco-sport-performance-%d8%ba%d8%b7%d8%a7%d8%a1-%d8%b9%d8%ac%d9%84%d8%a9-%d8%a7%d9%84%d9%82%d9%8a%d8%a7%d8%af%d8%a9\/","url":"https:\/\/sella-industrie.com\/produit\/couvre-volant-sparco-sport-performance-%d8%ba%d8%b7%d8%a7%d8%a1-%d8%b9%d8%ac%d9%84%d8%a9-%d8%a7%d9%84%d9%82%d9%8a%d8%a7%d8%af%d8%a9\/","name":"Couvre volant SPARCO - Boutique &quot;V6&quot;","isPartOf":{"@id":"https:\/\/sella-industrie.com\/#website"},"primaryImageOfPage":{"@id":"https:\/\/sella-industrie.com\/produit\/couvre-volant-sparco-sport-performance-%d8%ba%d8%b7%d8%a7%d8%a1-%d8%b9%d8%ac%d9%84%d8%a9-%d8%a7%d9%84%d9%82%d9%8a%d8%a7%d8%af%d8%a9\/#primaryimage"},"image":{"@id":"https:\/\/sella-industrie.com\/produit\/couvre-volant-sparco-sport-performance-%d8%ba%d8%b7%d8%a7%d8%a1-%d8%b9%d8%ac%d9%84%d8%a9-%d8%a7%d9%84%d9%82%d9%8a%d8%a7%d8%af%d8%a9\/#primaryimage"},"thumbnailUrl":"https:\/\/sella-industrie.com\/wp-content\/uploads\/2024\/07\/SPARCO-COUVRE-VOLANT-SPS112.png","datePublished":"2024-07-05T22:07:56+00:00","dateModified":"2026-02-15T10:14:12+00:00","description":"Couvre-volant SPARCO haut de gamme inspir\u00e9 sport automobile. Am\u00e9liore la prise en main, prot\u00e8ge le volant et apporte un style racing. Installation facile.","breadcrumb":{"@id":"https:\/\/sella-industrie.com\/produit\/couvre-volant-sparco-sport-performance-%d8%ba%d8%b7%d8%a7%d8%a1-%d8%b9%d8%ac%d9%84%d8%a9-%d8%a7%d9%84%d9%82%d9%8a%d8%a7%d8%af%d8%a9\/#breadcrumb"},"inLanguage":"ar","potentialAction":[{"@type":"ReadAction","target":["https:\/\/sella-industrie.com\/produit\/couvre-volant-sparco-sport-performance-%d8%ba%d8%b7%d8%a7%d8%a1-%d8%b9%d8%ac%d9%84%d8%a9-%d8%a7%d9%84%d9%82%d9%8a%d8%a7%d8%af%d8%a9\/"]}]},{"@type":"ImageObject","inLanguage":"ar","@id":"https:\/\/sella-industrie.com\/produit\/couvre-volant-sparco-sport-performance-%d8%ba%d8%b7%d8%a7%d8%a1-%d8%b9%d8%ac%d9%84%d8%a9-%d8%a7%d9%84%d9%82%d9%8a%d8%a7%d8%af%d8%a9\/#primaryimage","url":"https:\/\/sella-industrie.com\/wp-content\/uploads\/2024\/07\/SPARCO-COUVRE-VOLANT-SPS112.png","contentUrl":"https:\/\/sella-industrie.com\/wp-content\/uploads\/2024\/07\/SPARCO-COUVRE-VOLANT-SPS112.png","width":1000,"height":1000,"caption":"Couvre volant SPARCO"},{"@type":"BreadcrumbList","@id":"https:\/\/sella-industrie.com\/produit\/couvre-volant-sparco-sport-performance-%d8%ba%d8%b7%d8%a7%d8%a1-%d8%b9%d8%ac%d9%84%d8%a9-%d8%a7%d9%84%d9%82%d9%8a%d8%a7%d8%af%d8%a9\/#breadcrumb","itemListElement":[{"@type":"ListItem","position":1,"name":"Accueil","item":"https:\/\/sella-industrie.com\/fr_fr\/"},{"@type":"ListItem","position":2,"name":"Shop","item":"https:\/\/sella-industrie.com\/fr_fr\/shop\/"},{"@type":"ListItem","position":3,"name":"Accessoires Auto","item":"https:\/\/sella-industrie.com\/categorie-produit\/accessoires-auto\/"},{"@type":"ListItem","position":4,"name":"Couvre volant SPARCO"}]},{"@type":"WebSite","@id":"https:\/\/sella-industrie.com\/#website","url":"https:\/\/sella-industrie.com\/","name":"Boutique &quot;V6&quot;","description":"We care for your car","publisher":{"@id":"https:\/\/sella-industrie.com\/#organization"},"potentialAction":[{"@type":"SearchAction","target":{"@type":"EntryPoint","urlTemplate":"https:\/\/sella-industrie.com\/?s={search_term_string}"},"query-input":{"@type":"PropertyValueSpecification","valueRequired":true,"valueName":"search_term_string"}}],"inLanguage":"ar"},{"@type":"Organization","@id":"https:\/\/sella-industrie.com\/#organization","name":"Boutique &quot;V6&quot;","url":"https:\/\/sella-industrie.com\/","logo":{"@type":"ImageObject","inLanguage":"ar","@id":"https:\/\/sella-industrie.com\/#\/schema\/logo\/image\/","url":"","contentUrl":"","caption":"Boutique &quot;V6&quot;"},"image":{"@id":"https:\/\/sella-industrie.com\/#\/schema\/logo\/image\/"}}]},"og_availability":"instock","product_availability":"instock","product_condition":"new"},"_links":{"self":[{"href":"https:\/\/sella-industrie.com\/ar\/wp-json\/wp\/v2\/product\/30147","targetHints":{"allow":["GET"]}}],"collection":[{"href":"https:\/\/sella-industrie.com\/ar\/wp-json\/wp\/v2\/product"}],"about":[{"href":"https:\/\/sella-industrie.com\/ar\/wp-json\/wp\/v2\/types\/product"}],"replies":[{"embeddable":true,"href":"https:\/\/sella-industrie.com\/ar\/wp-json\/wp\/v2\/comments?post=30147"}],"wp:featuredmedia":[{"embeddable":true,"href":"https:\/\/sella-industrie.com\/ar\/wp-json\/wp\/v2\/media\/30148"}],"wp:attachment":[{"href":"https:\/\/sella-industrie.com\/ar\/wp-json\/wp\/v2\/media?parent=30147"}],"wp:term":[{"taxonomy":"product_brand","embeddable":true,"href":"https:\/\/sella-industrie.com\/ar\/wp-json\/wp\/v2\/product_brand?post=30147"},{"taxonomy":"product_cat","embeddable":true,"href":"https:\/\/sella-industrie.com\/ar\/wp-json\/wp\/v2\/product_cat?post=30147"},{"taxonomy":"product_tag","embeddable":true,"href":"https:\/\/sella-industrie.com\/ar\/wp-json\/wp\/v2\/product_tag?post=30147"}],"curies":[{"name":"wp","href":"https:\/\/api.w.org\/{rel}","templated":true}]}}