{"id":30116,"date":"2024-07-05T19:52:15","date_gmt":"2024-07-05T19:52:15","guid":{"rendered":"https:\/\/v6.sellaindustrie.com\/?post_type=product&#038;p=30116"},"modified":"2026-02-19T14:19:25","modified_gmt":"2026-02-19T14:19:25","slug":"housse-siege-sparco-universelle-auto-%d8%ba%d8%b7%d8%a7%d8%a1-%d9%85%d9%82%d8%b9%d8%af-%d8%a7%d9%84%d8%b3%d9%8a%d8%a7%d8%b1%d8%a9","status":"publish","type":"product","link":"https:\/\/sella-industrie.com\/ar\/product\/housse-siege-sparco-universelle-auto-%d8%ba%d8%b7%d8%a7%d8%a1-%d9%85%d9%82%d8%b9%d8%af-%d8%a7%d9%84%d8%b3%d9%8a%d8%a7%d8%b1%d8%a9\/","title":{"rendered":"\u0623\u0648\u0648\u0633 \u0633\u064a\u0627\u062c \"\u0633\u0628\u0627\u0631\u0643\u0648\""},"content":{"rendered":"<h1 style=\"text-align: center;\" data-start=\"466\" data-end=\"639\"><strong>HOUSSE SI\u00c8GE SPARCO \u063a\u0637\u0627\u0621 \u0645\u0642\u0639\u062f \u0627\u0644\u0633\u064a\u0627\u0631\u0629<\/strong><\/h1>\n<p data-start=\"466\" data-end=\"639\"><strong>Housse si\u00e8ge SPARCO,<\/strong> universelle pour voiture. Protection efficace, design \u00e9l\u00e9gant et confort optimal. Compatible tous v\u00e9hicules pour une conduite plus agr\u00e9able et relaxante. sp\u00e9cialement con\u00e7ue pour prot\u00e9ger efficacement vos si\u00e8ges tout en apportant une touche d\u2019\u00e9l\u00e9gance moderne \u00e0 l\u2019int\u00e9rieur de votre v\u00e9hicule. Alliant style automobile et confort quotidien, elle am\u00e9liore instantan\u00e9ment l\u2019apparence et la protection de votre habitacle. <a href=\"https:\/\/sella-industrie.com\/ar\/product\/couvre-siege-sparco-rouge-sport-confort-protection-universel-%d8%ba%d8%b7%d8%a7%d8%a1-%d9%85%d9%82%d8%b9%d8%af-%d8%b3%d8%a8%d8%a7%d8%b1%d9%83%d9%88-%d8%a3%d8%ad%d9%85%d8%b1\/\">Compatible avec tous les v\u00e9hicules<\/a>, cette housse constitue une <a href=\"https:\/\/www.facebook.com\/V6accessoiresauto?mibextid=wwXIfr&amp;rdid=07l1PwXhFBuWBfmW&amp;share_url=https%3A%2F%2Fwww.facebook.com%2Fshare%2F169W2vbviz%2F%3Fmibextid%3DwwXIfr#\" target=\"_blank\" rel=\"noopener\">solution id\u00e9ale<\/a> pour pr\u00e9server vos si\u00e8ges et rendre votre exp\u00e9rience de conduite plus confortable et relaxante.<\/p>\n<p style=\"text-align: right;\" data-start=\"466\" data-end=\"639\"><strong>\u063a\u0637\u0627\u0621 \u0645\u0642\u0639\u062f \u0627\u0644\u0633\u064a\u0627\u0631\u0629 \u0627\u0644\u0639\u0627\u0644\u0645\u064a \u0645\u0646 \u0633\u0628\u0627\u0631\u0643\u0648<\/strong>\u060c \u062d\u0645\u0627\u064a\u0629 \u0641\u0639\u0651\u0627\u0644\u0629\u060c \u062a\u0635\u0645\u064a\u0645 \u0623\u0646\u064a\u0642\u060c \u0648\u0631\u0627\u062d\u0629 \u0645\u062b\u0627\u0644\u064a\u0629. \u0645\u062a\u0648\u0627\u0641\u0642 \u0645\u0639 \u062c\u0645\u064a\u0639 \u0623\u0646\u0648\u0627\u0639 \u0627\u0644\u0633\u064a\u0627\u0631\u0627\u062a \u0644\u062a\u062c\u0631\u0628\u0629 \u0642\u064a\u0627\u062f\u0629 \u0623\u0643\u062b\u0631 \u0645\u062a\u0639\u0629 \u0648\u0627\u0633\u062a\u0631\u062e\u0627\u0621\u064b<\/p>","protected":false},"excerpt":{"rendered":"<h1 style=\"text-align: center;\" data-start=\"466\" data-end=\"639\"><strong>\u063a\u0637\u0627\u0621 \u0645\u0642\u0639\u062f \u0627\u0644\u0633\u064a\u0627\u0631\u0629<\/strong><\/h1>\n<p data-start=\"466\" data-end=\"639\"><strong>Housse si\u00e8ge SPARCO,<\/strong> universelle pour voiture. Protection efficace, design \u00e9l\u00e9gant et confort optimal. Compatible tous v\u00e9hicules pour une conduite plus agr\u00e9able et relaxante.<\/p>","protected":false},"featured_media":30117,"comment_status":"open","ping_status":"closed","template":"","meta":[],"product_brand":[291],"product_cat":[238],"product_tag":[],"class_list":{"0":"post-30116","1":"product","2":"type-product","3":"status-publish","4":"has-post-thumbnail","6":"product_brand-sparco","7":"product_cat-accessoires-auto","9":"first","10":"instock","11":"taxable","12":"shipping-taxable","13":"purchasable","14":"product-type-variable"},"yoast_head":"<!-- This site is optimized with the Yoast SEO plugin v27.4 - https:\/\/yoast.com\/product\/yoast-seo-wordpress\/ -->\n<title>HOUSSE SI\u00c8GE SPARCO - Boutique &quot;V6&quot;<\/title>\n<meta name=\"description\" content=\"Housse si\u00e8ge SPARCO, universelle. Protection efficace, design \u00e9l\u00e9gant, confort optimal, compatible tous v\u00e9hicules, conduite agr\u00e9able, relaxante.\" \/>\n<meta name=\"robots\" content=\"index, follow, max-snippet:-1, max-image-preview:large, max-video-preview:-1\" \/>\n<link rel=\"canonical\" href=\"https:\/\/sella-industrie.com\/ar\/product\/housse-siege-sparco-universelle-auto-\u063a\u0637\u0627\u0621-\u0645\u0642\u0639\u062f-\u0627\u0644\u0633\u064a\u0627\u0631\u0629\/\" \/>\n<meta property=\"og:locale\" content=\"ar_AR\" \/>\n<meta property=\"og:type\" content=\"article\" \/>\n<meta property=\"og:title\" content=\"HOUSSE SI\u00c8GE SPARCO - Boutique &quot;V6&quot;\" \/>\n<meta property=\"og:description\" content=\"Housse si\u00e8ge SPARCO, universelle. Protection efficace, design \u00e9l\u00e9gant, confort optimal, compatible tous v\u00e9hicules, conduite agr\u00e9able, relaxante.\" \/>\n<meta property=\"og:url\" content=\"https:\/\/sella-industrie.com\/ar\/product\/housse-siege-sparco-universelle-auto-\u063a\u0637\u0627\u0621-\u0645\u0642\u0639\u062f-\u0627\u0644\u0633\u064a\u0627\u0631\u0629\/\" \/>\n<meta property=\"og:site_name\" content=\"Boutique &quot;V6&quot;\" \/>\n<meta property=\"article:modified_time\" content=\"2026-02-19T14:19:25+00:00\" \/>\n<meta property=\"og:image\" content=\"https:\/\/sella-industrie.com\/wp-content\/uploads\/2024\/07\/SPARCO-HOUSSE-SIEGE-3502BL.png\" \/>\n\t<meta property=\"og:image:width\" content=\"1000\" \/>\n\t<meta property=\"og:image:height\" content=\"1000\" \/>\n\t<meta property=\"og:image:type\" content=\"image\/png\" \/>\n<meta name=\"twitter:card\" content=\"summary_large_image\" \/>\n<meta name=\"twitter:label1\" content=\"\u0627\u0644\u062a\u0648\u0641\u0631\" \/>\n\t<meta name=\"twitter:data1\" content=\"\u0645\u062a\u0648\u0641\u0631 \u0641\u064a \u0627\u0644\u0645\u062e\u0632\u0648\u0646\" \/>\n<script type=\"application\/ld+json\" class=\"yoast-schema-graph\">{\"@context\":\"https:\\\/\\\/schema.org\",\"@graph\":[{\"@type\":\"WebPage\",\"@id\":\"https:\\\/\\\/sella-industrie.com\\\/produit\\\/housse-siege-sparco-universelle-auto-%d8%ba%d8%b7%d8%a7%d8%a1-%d9%85%d9%82%d8%b9%d8%af-%d8%a7%d9%84%d8%b3%d9%8a%d8%a7%d8%b1%d8%a9\\\/\",\"url\":\"https:\\\/\\\/sella-industrie.com\\\/produit\\\/housse-siege-sparco-universelle-auto-%d8%ba%d8%b7%d8%a7%d8%a1-%d9%85%d9%82%d8%b9%d8%af-%d8%a7%d9%84%d8%b3%d9%8a%d8%a7%d8%b1%d8%a9\\\/\",\"name\":\"HOUSSE SI\u00c8GE SPARCO - Boutique &quot;V6&quot;\",\"isPartOf\":{\"@id\":\"https:\\\/\\\/sella-industrie.com\\\/#website\"},\"primaryImageOfPage\":{\"@id\":\"https:\\\/\\\/sella-industrie.com\\\/produit\\\/housse-siege-sparco-universelle-auto-%d8%ba%d8%b7%d8%a7%d8%a1-%d9%85%d9%82%d8%b9%d8%af-%d8%a7%d9%84%d8%b3%d9%8a%d8%a7%d8%b1%d8%a9\\\/#primaryimage\"},\"image\":{\"@id\":\"https:\\\/\\\/sella-industrie.com\\\/produit\\\/housse-siege-sparco-universelle-auto-%d8%ba%d8%b7%d8%a7%d8%a1-%d9%85%d9%82%d8%b9%d8%af-%d8%a7%d9%84%d8%b3%d9%8a%d8%a7%d8%b1%d8%a9\\\/#primaryimage\"},\"thumbnailUrl\":\"https:\\\/\\\/sella-industrie.com\\\/wp-content\\\/uploads\\\/2024\\\/07\\\/SPARCO-HOUSSE-SIEGE-3502BL.png\",\"datePublished\":\"2024-07-05T19:52:15+00:00\",\"dateModified\":\"2026-02-19T14:19:25+00:00\",\"description\":\"Housse si\u00e8ge SPARCO, universelle. Protection efficace, design \u00e9l\u00e9gant, confort optimal, compatible tous v\u00e9hicules, conduite agr\u00e9able, relaxante.\",\"breadcrumb\":{\"@id\":\"https:\\\/\\\/sella-industrie.com\\\/produit\\\/housse-siege-sparco-universelle-auto-%d8%ba%d8%b7%d8%a7%d8%a1-%d9%85%d9%82%d8%b9%d8%af-%d8%a7%d9%84%d8%b3%d9%8a%d8%a7%d8%b1%d8%a9\\\/#breadcrumb\"},\"inLanguage\":\"ar\",\"potentialAction\":[{\"@type\":\"ReadAction\",\"target\":[\"https:\\\/\\\/sella-industrie.com\\\/produit\\\/housse-siege-sparco-universelle-auto-%d8%ba%d8%b7%d8%a7%d8%a1-%d9%85%d9%82%d8%b9%d8%af-%d8%a7%d9%84%d8%b3%d9%8a%d8%a7%d8%b1%d8%a9\\\/\"]}]},{\"@type\":\"ImageObject\",\"inLanguage\":\"ar\",\"@id\":\"https:\\\/\\\/sella-industrie.com\\\/produit\\\/housse-siege-sparco-universelle-auto-%d8%ba%d8%b7%d8%a7%d8%a1-%d9%85%d9%82%d8%b9%d8%af-%d8%a7%d9%84%d8%b3%d9%8a%d8%a7%d8%b1%d8%a9\\\/#primaryimage\",\"url\":\"https:\\\/\\\/sella-industrie.com\\\/wp-content\\\/uploads\\\/2024\\\/07\\\/SPARCO-HOUSSE-SIEGE-3502BL.png\",\"contentUrl\":\"https:\\\/\\\/sella-industrie.com\\\/wp-content\\\/uploads\\\/2024\\\/07\\\/SPARCO-HOUSSE-SIEGE-3502BL.png\",\"width\":1000,\"height\":1000,\"caption\":\"HOUSSE SI\u00c8GE SPARCO\"},{\"@type\":\"BreadcrumbList\",\"@id\":\"https:\\\/\\\/sella-industrie.com\\\/produit\\\/housse-siege-sparco-universelle-auto-%d8%ba%d8%b7%d8%a7%d8%a1-%d9%85%d9%82%d8%b9%d8%af-%d8%a7%d9%84%d8%b3%d9%8a%d8%a7%d8%b1%d8%a9\\\/#breadcrumb\",\"itemListElement\":[{\"@type\":\"ListItem\",\"position\":1,\"name\":\"Accueil\",\"item\":\"https:\\\/\\\/sella-industrie.com\\\/fr_fr\\\/\"},{\"@type\":\"ListItem\",\"position\":2,\"name\":\"Shop\",\"item\":\"https:\\\/\\\/sella-industrie.com\\\/fr_fr\\\/shop\\\/\"},{\"@type\":\"ListItem\",\"position\":3,\"name\":\"Accessoires Auto\",\"item\":\"https:\\\/\\\/sella-industrie.com\\\/categorie-produit\\\/accessoires-auto\\\/\"},{\"@type\":\"ListItem\",\"position\":4,\"name\":\"HOUSSE SI\u00c8GE SPARCO\"}]},{\"@type\":\"WebSite\",\"@id\":\"https:\\\/\\\/sella-industrie.com\\\/#website\",\"url\":\"https:\\\/\\\/sella-industrie.com\\\/\",\"name\":\"Boutique &quot;V6&quot;\",\"description\":\"We care for your car\",\"publisher\":{\"@id\":\"https:\\\/\\\/sella-industrie.com\\\/#organization\"},\"potentialAction\":[{\"@type\":\"SearchAction\",\"target\":{\"@type\":\"EntryPoint\",\"urlTemplate\":\"https:\\\/\\\/sella-industrie.com\\\/?s={search_term_string}\"},\"query-input\":{\"@type\":\"PropertyValueSpecification\",\"valueRequired\":true,\"valueName\":\"search_term_string\"}}],\"inLanguage\":\"ar\"},{\"@type\":\"Organization\",\"@id\":\"https:\\\/\\\/sella-industrie.com\\\/#organization\",\"name\":\"Boutique &quot;V6&quot;\",\"url\":\"https:\\\/\\\/sella-industrie.com\\\/\",\"logo\":{\"@type\":\"ImageObject\",\"inLanguage\":\"ar\",\"@id\":\"https:\\\/\\\/sella-industrie.com\\\/#\\\/schema\\\/logo\\\/image\\\/\",\"url\":\"\",\"contentUrl\":\"\",\"caption\":\"Boutique &quot;V6&quot;\"},\"image\":{\"@id\":\"https:\\\/\\\/sella-industrie.com\\\/#\\\/schema\\\/logo\\\/image\\\/\"}}]}<\/script>\n<meta property=\"og:availability\" content=\"instock\" \/>\n<meta property=\"product:availability\" content=\"instock\" \/>\n<meta property=\"product:condition\" content=\"new\" \/>\n<!-- \/ Yoast SEO plugin. -->","yoast_head_json":{"title":"HOUSSE SI\u00c8GE SPARCO - Boutique &quot;V6&quot;","description":"Housse si\u00e8ge SPARCO, universelle. Protection efficace, design \u00e9l\u00e9gant, confort optimal, compatible tous v\u00e9hicules, conduite agr\u00e9able, relaxante.","robots":{"index":"index","follow":"follow","max-snippet":"max-snippet:-1","max-image-preview":"max-image-preview:large","max-video-preview":"max-video-preview:-1"},"canonical":"https:\/\/sella-industrie.com\/ar\/product\/housse-siege-sparco-universelle-auto-\u063a\u0637\u0627\u0621-\u0645\u0642\u0639\u062f-\u0627\u0644\u0633\u064a\u0627\u0631\u0629\/","og_locale":"ar_AR","og_type":"article","og_title":"HOUSSE SI\u00c8GE SPARCO - Boutique &quot;V6&quot;","og_description":"Housse si\u00e8ge SPARCO, universelle. Protection efficace, design \u00e9l\u00e9gant, confort optimal, compatible tous v\u00e9hicules, conduite agr\u00e9able, relaxante.","og_url":"https:\/\/sella-industrie.com\/ar\/product\/housse-siege-sparco-universelle-auto-\u063a\u0637\u0627\u0621-\u0645\u0642\u0639\u062f-\u0627\u0644\u0633\u064a\u0627\u0631\u0629\/","og_site_name":"Boutique &quot;V6&quot;","article_modified_time":"2026-02-19T14:19:25+00:00","og_image":[{"width":1000,"height":1000,"url":"https:\/\/sella-industrie.com\/wp-content\/uploads\/2024\/07\/SPARCO-HOUSSE-SIEGE-3502BL.png","type":"image\/png"}],"twitter_card":"summary_large_image","twitter_misc":{"\u0627\u0644\u062a\u0648\u0641\u0631":"\u0645\u062a\u0648\u0641\u0631 \u0641\u064a \u0627\u0644\u0645\u062e\u0632\u0648\u0646"},"schema":{"@context":"https:\/\/schema.org","@graph":[{"@type":"WebPage","@id":"https:\/\/sella-industrie.com\/produit\/housse-siege-sparco-universelle-auto-%d8%ba%d8%b7%d8%a7%d8%a1-%d9%85%d9%82%d8%b9%d8%af-%d8%a7%d9%84%d8%b3%d9%8a%d8%a7%d8%b1%d8%a9\/","url":"https:\/\/sella-industrie.com\/produit\/housse-siege-sparco-universelle-auto-%d8%ba%d8%b7%d8%a7%d8%a1-%d9%85%d9%82%d8%b9%d8%af-%d8%a7%d9%84%d8%b3%d9%8a%d8%a7%d8%b1%d8%a9\/","name":"HOUSSE SI\u00c8GE SPARCO - Boutique &quot;V6&quot;","isPartOf":{"@id":"https:\/\/sella-industrie.com\/#website"},"primaryImageOfPage":{"@id":"https:\/\/sella-industrie.com\/produit\/housse-siege-sparco-universelle-auto-%d8%ba%d8%b7%d8%a7%d8%a1-%d9%85%d9%82%d8%b9%d8%af-%d8%a7%d9%84%d8%b3%d9%8a%d8%a7%d8%b1%d8%a9\/#primaryimage"},"image":{"@id":"https:\/\/sella-industrie.com\/produit\/housse-siege-sparco-universelle-auto-%d8%ba%d8%b7%d8%a7%d8%a1-%d9%85%d9%82%d8%b9%d8%af-%d8%a7%d9%84%d8%b3%d9%8a%d8%a7%d8%b1%d8%a9\/#primaryimage"},"thumbnailUrl":"https:\/\/sella-industrie.com\/wp-content\/uploads\/2024\/07\/SPARCO-HOUSSE-SIEGE-3502BL.png","datePublished":"2024-07-05T19:52:15+00:00","dateModified":"2026-02-19T14:19:25+00:00","description":"Housse si\u00e8ge SPARCO, universelle. Protection efficace, design \u00e9l\u00e9gant, confort optimal, compatible tous v\u00e9hicules, conduite agr\u00e9able, relaxante.","breadcrumb":{"@id":"https:\/\/sella-industrie.com\/produit\/housse-siege-sparco-universelle-auto-%d8%ba%d8%b7%d8%a7%d8%a1-%d9%85%d9%82%d8%b9%d8%af-%d8%a7%d9%84%d8%b3%d9%8a%d8%a7%d8%b1%d8%a9\/#breadcrumb"},"inLanguage":"ar","potentialAction":[{"@type":"ReadAction","target":["https:\/\/sella-industrie.com\/produit\/housse-siege-sparco-universelle-auto-%d8%ba%d8%b7%d8%a7%d8%a1-%d9%85%d9%82%d8%b9%d8%af-%d8%a7%d9%84%d8%b3%d9%8a%d8%a7%d8%b1%d8%a9\/"]}]},{"@type":"ImageObject","inLanguage":"ar","@id":"https:\/\/sella-industrie.com\/produit\/housse-siege-sparco-universelle-auto-%d8%ba%d8%b7%d8%a7%d8%a1-%d9%85%d9%82%d8%b9%d8%af-%d8%a7%d9%84%d8%b3%d9%8a%d8%a7%d8%b1%d8%a9\/#primaryimage","url":"https:\/\/sella-industrie.com\/wp-content\/uploads\/2024\/07\/SPARCO-HOUSSE-SIEGE-3502BL.png","contentUrl":"https:\/\/sella-industrie.com\/wp-content\/uploads\/2024\/07\/SPARCO-HOUSSE-SIEGE-3502BL.png","width":1000,"height":1000,"caption":"HOUSSE SI\u00c8GE SPARCO"},{"@type":"BreadcrumbList","@id":"https:\/\/sella-industrie.com\/produit\/housse-siege-sparco-universelle-auto-%d8%ba%d8%b7%d8%a7%d8%a1-%d9%85%d9%82%d8%b9%d8%af-%d8%a7%d9%84%d8%b3%d9%8a%d8%a7%d8%b1%d8%a9\/#breadcrumb","itemListElement":[{"@type":"ListItem","position":1,"name":"Accueil","item":"https:\/\/sella-industrie.com\/fr_fr\/"},{"@type":"ListItem","position":2,"name":"Shop","item":"https:\/\/sella-industrie.com\/fr_fr\/shop\/"},{"@type":"ListItem","position":3,"name":"Accessoires Auto","item":"https:\/\/sella-industrie.com\/categorie-produit\/accessoires-auto\/"},{"@type":"ListItem","position":4,"name":"HOUSSE SI\u00c8GE SPARCO"}]},{"@type":"WebSite","@id":"https:\/\/sella-industrie.com\/#website","url":"https:\/\/sella-industrie.com\/","name":"Boutique &quot;V6&quot;","description":"We care for your car","publisher":{"@id":"https:\/\/sella-industrie.com\/#organization"},"potentialAction":[{"@type":"SearchAction","target":{"@type":"EntryPoint","urlTemplate":"https:\/\/sella-industrie.com\/?s={search_term_string}"},"query-input":{"@type":"PropertyValueSpecification","valueRequired":true,"valueName":"search_term_string"}}],"inLanguage":"ar"},{"@type":"Organization","@id":"https:\/\/sella-industrie.com\/#organization","name":"Boutique &quot;V6&quot;","url":"https:\/\/sella-industrie.com\/","logo":{"@type":"ImageObject","inLanguage":"ar","@id":"https:\/\/sella-industrie.com\/#\/schema\/logo\/image\/","url":"","contentUrl":"","caption":"Boutique &quot;V6&quot;"},"image":{"@id":"https:\/\/sella-industrie.com\/#\/schema\/logo\/image\/"}}]},"og_availability":"instock","product_availability":"instock","product_condition":"new"},"_links":{"self":[{"href":"https:\/\/sella-industrie.com\/ar\/wp-json\/wp\/v2\/product\/30116","targetHints":{"allow":["GET"]}}],"collection":[{"href":"https:\/\/sella-industrie.com\/ar\/wp-json\/wp\/v2\/product"}],"about":[{"href":"https:\/\/sella-industrie.com\/ar\/wp-json\/wp\/v2\/types\/product"}],"replies":[{"embeddable":true,"href":"https:\/\/sella-industrie.com\/ar\/wp-json\/wp\/v2\/comments?post=30116"}],"wp:featuredmedia":[{"embeddable":true,"href":"https:\/\/sella-industrie.com\/ar\/wp-json\/wp\/v2\/media\/30117"}],"wp:attachment":[{"href":"https:\/\/sella-industrie.com\/ar\/wp-json\/wp\/v2\/media?parent=30116"}],"wp:term":[{"taxonomy":"product_brand","embeddable":true,"href":"https:\/\/sella-industrie.com\/ar\/wp-json\/wp\/v2\/product_brand?post=30116"},{"taxonomy":"product_cat","embeddable":true,"href":"https:\/\/sella-industrie.com\/ar\/wp-json\/wp\/v2\/product_cat?post=30116"},{"taxonomy":"product_tag","embeddable":true,"href":"https:\/\/sella-industrie.com\/ar\/wp-json\/wp\/v2\/product_tag?post=30116"}],"curies":[{"name":"wp","href":"https:\/\/api.w.org\/{rel}","templated":true}]}}