{"id":29659,"date":"2024-07-03T15:45:35","date_gmt":"2024-07-03T15:45:35","guid":{"rendered":"https:\/\/v6.sellaindustrie.com\/?post_type=product&#038;p=29659"},"modified":"2026-04-08T09:28:34","modified_gmt":"2026-04-08T09:28:34","slug":"foam-cleaner-v6-multi-usage-650-ml","status":"publish","type":"product","link":"https:\/\/sella-industrie.com\/ar\/product\/foam-cleaner-v6-multi-usage-650-ml\/","title":{"rendered":"Mousse Multi-Usage"},"content":{"rendered":"<h2 style=\"text-align: center;\">Mousse Multi-Usage, \u0631\u063a\u0648\u0629 \u0645\u062a\u0639\u062f\u062f\u0629 \u0627\u0644\u0627\u0633\u062a\u062e\u062f\u0627\u0645<\/h2>\n<p style=\"text-align: left;\"><span style=\"color: #666699;\"><strong>&#8211; Mousse Multi-Usage V6 650 ml, \u00ab\u00a0FOAM CLEANER\u00a0\u00bb<\/strong><\/span>: Nouvelle Mousse Nettoyante Multi-Usage, Produit d&rsquo;Entretient Automobile, peut rapidement p\u00e9n\u00e9trer dans les taches pour \u00e9liminer la salet\u00e9 et la graisse et redonner un nouveau Look. Nouvelle mousse nettoyante pour l&rsquo;entretien de diverses surfaces, utilis\u00e9e dans les bureaux, les maisons et les voitures pour nettoyer et d\u00e9sinfecter le cuir, les chaussures, les portefeuilles, les r\u00e9frig\u00e9rateurs, les machines \u00e0 laver, les motos et les voitures.<\/p>\n<p style=\"text-align: right;\"><span style=\"color: #666699;\"><strong>\u0631\u063a\u0648\u0629 \u0645\u0646\u0638\u0641\u0629 \u062c\u062f\u064a\u062f\u0629 \u0645\u062a\u0639\u062f\u062f\u0629 \u0627\u0644\u0627\u0633\u062a\u062e\u062f\u0627\u0645<\/strong><\/span> <span style=\"color: #666699;\"><strong>\u00ab\u00a0\u0641\u0648\u0645 \u0643\u0644\u064a\u0646\u0631\u00a0\u00bb<\/strong><\/span> <span style=\"color: #ff0000;\"><strong>650<\/strong> <\/span><span style=\"color: #666699;\"><strong>\u0645\u0644:<\/strong><\/span> \u0644<span style=\"color: #000000;\"><strong>\u0644\u0639\u0646\u0627\u064a\u0629 \u0628\u0639\u062f\u0629 \u0623\u0633\u0637\u062d \u0645\u062e\u062a\u0644\u0641\u0629\u060c \u062a\u0633\u062a\u0639\u0645\u0644 \u0641\u064a \u0627\u0644\u0645\u0643\u0627\u062a\u0628\u060c \u0627\u0644\u0645\u0646\u0627\u0632\u0644\u060c \u0648\u0627\u0644\u0633\u064a\u0627\u0631\u0627\u062a \u0644\u062a\u0646\u0638\u064a\u0641 \u0648\u062a\u0637\u0647\u064a\u0631 \u0627\u0644\u062c\u0644\u0648\u062f\u060c \u0627\u0644\u0623\u062d\u0630\u064a\u0629\u060c \u0627\u0644\u0645\u062d\u0627\u0641\u0638\u060c \u0627\u0644\u062b\u0644\u0627\u062c\u0627\u062a\u060c \u0627\u0644\u063a\u0633\u0627\u0644\u0627\u062a\u060c \u0627\u0644\u062f\u0631\u0627\u062c\u0627\u062a \u0627\u0644\u0646\u0627\u0631\u064a\u0629\u060c \u0627\u0644\u0633\u064a\u0627\u0631\u0627\u062a<\/strong><\/span><br \/>\n<span style=\"color: #000000;\"><strong>.\u0648\u0647\u0630\u0627 \u0627\u0644\u0645\u0646\u062a\u062c \u064a\u0645\u0643\u0646\u0647 \u0627\u062e\u062a\u0631\u0627\u0642 \u0627\u0644\u0628\u0642\u0639 \u0628\u0633\u0631\u0639\u0629 \u0644\u0625\u0632\u0627\u0644\u0629 \u0627\u0644\u0623\u0648\u0633\u0627\u062e \u0648\u0627\u0644\u0634\u062d\u0648\u0645 \u0648\u0627\u0633\u062a\u0639\u0627\u062f\u0629 \u0627\u0644\u0645\u0638\u0647\u0631 \u0627\u0644\u062c\u062f\u064a<\/strong><strong>\u062f<\/strong><\/span><\/p>\n<p><iframe loading=\"lazy\" title=\"FOAM CLEANER\" width=\"500\" height=\"281\" src=\"https:\/\/www.youtube.com\/embed\/TGqUuAL0frs?feature=oembed\" frameborder=\"0\" allow=\"accelerometer; autoplay; clipboard-write; encrypted-media; gyroscope; picture-in-picture; web-share\" referrerpolicy=\"strict-origin-when-cross-origin\" allowfullscreen><\/iframe><\/p>","protected":false},"excerpt":{"rendered":"<h2 style=\"text-align: center;\">\u0631\u063a\u0648\u0629 \u0645\u062a\u0639\u062f\u062f\u0629 \u0627\u0644\u0627\u0633\u062a\u062e\u062f\u0627\u0645<\/h2>\n<p style=\"text-align: left;\"><span style=\"color: #666699;\"><strong>&#8211; Mousse Multi-Usage V6 650 ml, \u00ab\u00a0FOAM CLEANER\u00a0\u00bb<\/strong><\/span>: Nouvelle Mousse Nettoyante Multi-Usage, Produit d&rsquo;Entretient Automobile, peut rapidement p\u00e9n\u00e9trer dans les taches pour \u00e9liminer la salet\u00e9 et la graisse et redonner un nouveau Look. Nouvelle mousse nettoyante pour l&rsquo;entretien de diverses surfaces, utilis\u00e9e dans les bureaux, les maisons et les voitures pour nettoyer et d\u00e9sinfecter le cuir, les chaussures, les portefeuilles, les r\u00e9frig\u00e9rateurs, les machines \u00e0 laver, les motos et les voitures.<\/p>\n<p style=\"text-align: right;\"><span style=\"color: #666699;\"><strong>\u0631\u063a\u0648\u0629 \u0645\u0646\u0638\u0641\u0629 \u062c\u062f\u064a\u062f\u0629 \u0645\u062a\u0639\u062f\u062f\u0629 \u0627\u0644\u0627\u0633\u062a\u062e\u062f\u0627\u0645<\/strong><\/span> <span style=\"color: #666699;\"><strong>\u00ab\u00a0\u0641\u0648\u0645 \u0643\u0644\u064a\u0646\u0631\u00a0\u00bb<\/strong><\/span> <span style=\"color: #ff0000;\"><strong>650<\/strong> <\/span><span style=\"color: #666699;\"><strong>\u0645\u0644:<\/strong><\/span> \u0644<span style=\"color: #000000;\"><strong>\u0644\u0639\u0646\u0627\u064a\u0629 \u0628\u0639\u062f\u0629 \u0623\u0633\u0637\u062d \u0645\u062e\u062a\u0644\u0641\u0629\u060c \u062a\u0633\u062a\u0639\u0645\u0644 \u0641\u064a \u0627\u0644\u0645\u0643\u0627\u062a\u0628\u060c \u0627\u0644\u0645\u0646\u0627\u0632\u0644\u060c \u0648\u0627\u0644\u0633\u064a\u0627\u0631\u0627\u062a \u0644\u062a\u0646\u0638\u064a\u0641 \u0648\u062a\u0637\u0647\u064a\u0631 \u0627\u0644\u062c\u0644\u0648\u062f\u060c \u0627\u0644\u0623\u062d\u0630\u064a\u0629\u060c \u0627\u0644\u0645\u062d\u0627\u0641\u0638\u060c \u0627\u0644\u062b\u0644\u0627\u062c\u0627\u062a\u060c \u0627\u0644\u063a\u0633\u0627\u0644\u0627\u062a\u060c \u0627\u0644\u062f\u0631\u0627\u062c\u0627\u062a \u0627\u0644\u0646\u0627\u0631\u064a\u0629\u060c \u0627\u0644\u0633\u064a\u0627\u0631\u0627\u062a<\/strong><\/span><br \/>\n<span style=\"color: #000000;\"><strong>.\u0648\u0647\u0630\u0627 \u0627\u0644\u0645\u0646\u062a\u062c \u064a\u0645\u0643\u0646\u0647 \u0627\u062e\u062a\u0631\u0627\u0642 \u0627\u0644\u0628\u0642\u0639 \u0628\u0633\u0631\u0639\u0629 \u0644\u0625\u0632\u0627\u0644\u0629 \u0627\u0644\u0623\u0648\u0633\u0627\u062e \u0648\u0627\u0644\u0634\u062d\u0648\u0645 \u0648\u0627\u0633\u062a\u0639\u0627\u062f\u0629 \u0627\u0644\u0645\u0638\u0647\u0631 \u0627\u0644\u062c\u062f\u064a<\/strong><strong>\u062f<\/strong><\/span><\/p>\n<p style=\"text-align: right;\">","protected":false},"featured_media":38163,"comment_status":"open","ping_status":"closed","template":"","meta":[],"product_brand":[292,293],"product_cat":[933],"product_tag":[652,653,309],"class_list":{"0":"post-29659","1":"product","2":"type-product","3":"status-publish","4":"has-post-thumbnail","6":"product_brand-v6","7":"product_brand-sella","8":"product_cat-mousse-nettoyante-v6-650-ml","9":"product_tag-foam-cleaner","10":"product_tag-multi-usage","11":"product_tag-new","13":"first","14":"instock","15":"taxable","16":"shipping-taxable","17":"purchasable","18":"product-type-simple"},"yoast_head":"<!-- This site is optimized with the Yoast SEO Premium plugin v27.1 (Yoast SEO v27.4) - https:\/\/yoast.com\/product\/yoast-seo-premium-wordpress\/ -->\n<title>Mousse Multi-Usage - Boutique &quot;V6&quot;<\/title>\n<meta name=\"robots\" content=\"index, follow, max-snippet:-1, max-image-preview:large, max-video-preview:-1\" \/>\n<link rel=\"canonical\" href=\"https:\/\/sella-industrie.com\/ar\/product\/foam-cleaner-v6-multi-usage-650-ml\/\" \/>\n<meta property=\"og:locale\" content=\"ar_AR\" \/>\n<meta property=\"og:type\" content=\"article\" \/>\n<meta property=\"og:title\" content=\"Mousse Multi-Usage\" \/>\n<meta property=\"og:description\" content=\"\u0631\u063a\u0648\u0629 \u0645\u062a\u0639\u062f\u062f\u0629 \u0627\u0644\u0627\u0633\u062a\u062e\u062f\u0627\u0645 - Mousse Multi-Usage V6 650 ml, &quot;FOAM CLEANER&quot;: Nouvelle Mousse Nettoyante Multi-Usage, Produit d&#039;Entretient Automobile, peut rapidement p\u00e9n\u00e9trer dans les taches pour \u00e9liminer la salet\u00e9 et la graisse et redonner un nouveau Look. Nouvelle mousse nettoyante pour l&#039;entretien de diverses surfaces, utilis\u00e9e dans les bureaux, les maisons et les voitures pour nettoyer et d\u00e9sinfecter le cuir, les chaussures, les portefeuilles, les r\u00e9frig\u00e9rateurs, les machines \u00e0 laver, les motos et les voitures. \u0631\u063a\u0648\u0629 \u0645\u0646\u0638\u0641\u0629 \u062c\u062f\u064a\u062f\u0629 \u0645\u062a\u0639\u062f\u062f\u0629 \u0627\u0644\u0627\u0633\u062a\u062e\u062f\u0627\u0645 &quot;\u0641\u0648\u0645 \u0643\u0644\u064a\u0646\u0631&quot; 650 \u0645\u0644: \u0644\u0644\u0639\u0646\u0627\u064a\u0629 \u0628\u0639\u062f\u0629 \u0623\u0633\u0637\u062d \u0645\u062e\u062a\u0644\u0641\u0629\u060c \u062a\u0633\u062a\u0639\u0645\u0644 \u0641\u064a \u0627\u0644\u0645\u0643\u0627\u062a\u0628\u060c \u0627\u0644\u0645\u0646\u0627\u0632\u0644\u060c \u0648\u0627\u0644\u0633\u064a\u0627\u0631\u0627\u062a \u0644\u062a\u0646\u0638\u064a\u0641 \u0648\u062a\u0637\u0647\u064a\u0631 \u0627\u0644\u062c\u0644\u0648\u062f\u060c \u0627\u0644\u0623\u062d\u0630\u064a\u0629\u060c \u0627\u0644\u0645\u062d\u0627\u0641\u0638\u060c \u0627\u0644\u062b\u0644\u0627\u062c\u0627\u062a\u060c \u0627\u0644\u063a\u0633\u0627\u0644\u0627\u062a\u060c \u0627\u0644\u062f\u0631\u0627\u062c\u0627\u062a \u0627\u0644\u0646\u0627\u0631\u064a\u0629\u060c \u0627\u0644\u0633\u064a\u0627\u0631\u0627\u062a .\u0648\u0647\u0630\u0627 \u0627\u0644\u0645\u0646\u062a\u062c \u064a\u0645\u0643\u0646\u0647 \u0627\u062e\u062a\u0631\u0627\u0642 \u0627\u0644\u0628\u0642\u0639 \u0628\u0633\u0631\u0639\u0629 \u0644\u0625\u0632\u0627\u0644\u0629 \u0627\u0644\u0623\u0648\u0633\u0627\u062e \u0648\u0627\u0644\u0634\u062d\u0648\u0645 \u0648\u0627\u0633\u062a\u0639\u0627\u062f\u0629 \u0627\u0644\u0645\u0638\u0647\u0631 \u0627\u0644\u062c\u062f\u064a\u062f\" \/>\n<meta property=\"og:url\" content=\"https:\/\/sella-industrie.com\/ar\/product\/foam-cleaner-v6-multi-usage-650-ml\/\" \/>\n<meta property=\"og:site_name\" content=\"Boutique &quot;V6&quot;\" \/>\n<meta property=\"article:modified_time\" content=\"2026-04-08T09:28:34+00:00\" \/>\n<meta property=\"og:image\" content=\"https:\/\/sella-industrie.com\/wp-content\/uploads\/2024\/07\/V6-FOAM-CLEANER-WP.webp\" \/>\n\t<meta property=\"og:image:width\" content=\"1000\" \/>\n\t<meta property=\"og:image:height\" content=\"1000\" \/>\n\t<meta property=\"og:image:type\" content=\"image\/webp\" \/>\n<meta name=\"twitter:card\" content=\"summary_large_image\" \/>\n<meta name=\"twitter:label1\" content=\"\u0627\u0644\u0633\u0639\u0631\" \/>\n\t<meta name=\"twitter:data1\" content=\"&#x62f;.&#x62c;&nbsp;850\" \/>\n\t<meta name=\"twitter:label2\" content=\"\u0627\u0644\u062a\u0648\u0641\u0631\" \/>\n\t<meta name=\"twitter:data2\" content=\"\u0645\u062a\u0648\u0641\u0631 \u0641\u064a \u0627\u0644\u0645\u062e\u0632\u0648\u0646\" \/>\n<script type=\"application\/ld+json\" class=\"yoast-schema-graph\">{\"@context\":\"https:\\\/\\\/schema.org\",\"@graph\":[{\"@type\":\"WebPage\",\"@id\":\"https:\\\/\\\/sella-industrie.com\\\/produit\\\/foam-cleaner-v6-multi-usage-650-ml\\\/\",\"url\":\"https:\\\/\\\/sella-industrie.com\\\/produit\\\/foam-cleaner-v6-multi-usage-650-ml\\\/\",\"name\":\"Mousse Multi-Usage - Boutique &quot;V6&quot;\",\"isPartOf\":{\"@id\":\"https:\\\/\\\/sella-industrie.com\\\/#website\"},\"primaryImageOfPage\":{\"@id\":\"https:\\\/\\\/sella-industrie.com\\\/produit\\\/foam-cleaner-v6-multi-usage-650-ml\\\/#primaryimage\"},\"image\":{\"@id\":\"https:\\\/\\\/sella-industrie.com\\\/produit\\\/foam-cleaner-v6-multi-usage-650-ml\\\/#primaryimage\"},\"thumbnailUrl\":\"https:\\\/\\\/sella-industrie.com\\\/wp-content\\\/uploads\\\/2024\\\/07\\\/V6-FOAM-CLEANER-WP.webp\",\"datePublished\":\"2024-07-03T15:45:35+00:00\",\"dateModified\":\"2026-04-08T09:28:34+00:00\",\"breadcrumb\":{\"@id\":\"https:\\\/\\\/sella-industrie.com\\\/produit\\\/foam-cleaner-v6-multi-usage-650-ml\\\/#breadcrumb\"},\"inLanguage\":\"ar\",\"potentialAction\":[{\"@type\":\"ReadAction\",\"target\":[\"https:\\\/\\\/sella-industrie.com\\\/produit\\\/foam-cleaner-v6-multi-usage-650-ml\\\/\"]}]},{\"@type\":\"ImageObject\",\"inLanguage\":\"ar\",\"@id\":\"https:\\\/\\\/sella-industrie.com\\\/produit\\\/foam-cleaner-v6-multi-usage-650-ml\\\/#primaryimage\",\"url\":\"https:\\\/\\\/sella-industrie.com\\\/wp-content\\\/uploads\\\/2024\\\/07\\\/V6-FOAM-CLEANER-WP.webp\",\"contentUrl\":\"https:\\\/\\\/sella-industrie.com\\\/wp-content\\\/uploads\\\/2024\\\/07\\\/V6-FOAM-CLEANER-WP.webp\",\"width\":1000,\"height\":1000,\"caption\":\"FOAM CLEANER\"},{\"@type\":\"BreadcrumbList\",\"@id\":\"https:\\\/\\\/sella-industrie.com\\\/produit\\\/foam-cleaner-v6-multi-usage-650-ml\\\/#breadcrumb\",\"itemListElement\":[{\"@type\":\"ListItem\",\"position\":1,\"name\":\"Accueil\",\"item\":\"https:\\\/\\\/sella-industrie.com\\\/fr_fr\\\/\"},{\"@type\":\"ListItem\",\"position\":2,\"name\":\"Shop\",\"item\":\"https:\\\/\\\/sella-industrie.com\\\/fr_fr\\\/shop\\\/\"},{\"@type\":\"ListItem\",\"position\":3,\"name\":\"Mousse Nettoyante V6 650 ml\",\"item\":\"https:\\\/\\\/sella-industrie.com\\\/categorie-produit\\\/mousse-nettoyante-v6-650-ml\\\/\"},{\"@type\":\"ListItem\",\"position\":4,\"name\":\"Mousse Multi-Usage\"}]},{\"@type\":\"WebSite\",\"@id\":\"https:\\\/\\\/sella-industrie.com\\\/#website\",\"url\":\"https:\\\/\\\/sella-industrie.com\\\/\",\"name\":\"Boutique &quot;V6&quot;\",\"description\":\"We care for your car\",\"publisher\":{\"@id\":\"https:\\\/\\\/sella-industrie.com\\\/#organization\"},\"potentialAction\":[{\"@type\":\"SearchAction\",\"target\":{\"@type\":\"EntryPoint\",\"urlTemplate\":\"https:\\\/\\\/sella-industrie.com\\\/?s={search_term_string}\"},\"query-input\":{\"@type\":\"PropertyValueSpecification\",\"valueRequired\":true,\"valueName\":\"search_term_string\"}}],\"inLanguage\":\"ar\"},{\"@type\":\"Organization\",\"@id\":\"https:\\\/\\\/sella-industrie.com\\\/#organization\",\"name\":\"Boutique &quot;V6&quot;\",\"url\":\"https:\\\/\\\/sella-industrie.com\\\/\",\"logo\":{\"@type\":\"ImageObject\",\"inLanguage\":\"ar\",\"@id\":\"https:\\\/\\\/sella-industrie.com\\\/#\\\/schema\\\/logo\\\/image\\\/\",\"url\":\"\",\"contentUrl\":\"\",\"caption\":\"Boutique &quot;V6&quot;\"},\"image\":{\"@id\":\"https:\\\/\\\/sella-industrie.com\\\/#\\\/schema\\\/logo\\\/image\\\/\"}}]}<\/script>\n<meta property=\"product:price:amount\" content=\"850\" \/>\n<meta property=\"product:price:currency\" content=\"DZD\" \/>\n<meta property=\"og:availability\" content=\"instock\" \/>\n<meta property=\"product:availability\" content=\"instock\" \/>\n<meta property=\"product:condition\" content=\"new\" \/>\n<!-- \/ Yoast SEO Premium plugin. -->","yoast_head_json":{"title":"Mousse Multi-Usage - Boutique &quot;V6&quot;","robots":{"index":"index","follow":"follow","max-snippet":"max-snippet:-1","max-image-preview":"max-image-preview:large","max-video-preview":"max-video-preview:-1"},"canonical":"https:\/\/sella-industrie.com\/ar\/product\/foam-cleaner-v6-multi-usage-650-ml\/","og_locale":"ar_AR","og_type":"article","og_title":"Mousse Multi-Usage","og_description":"\u0631\u063a\u0648\u0629 \u0645\u062a\u0639\u062f\u062f\u0629 \u0627\u0644\u0627\u0633\u062a\u062e\u062f\u0627\u0645 - Mousse Multi-Usage V6 650 ml, \"FOAM CLEANER\": Nouvelle Mousse Nettoyante Multi-Usage, Produit d'Entretient Automobile, peut rapidement p\u00e9n\u00e9trer dans les taches pour \u00e9liminer la salet\u00e9 et la graisse et redonner un nouveau Look. Nouvelle mousse nettoyante pour l'entretien de diverses surfaces, utilis\u00e9e dans les bureaux, les maisons et les voitures pour nettoyer et d\u00e9sinfecter le cuir, les chaussures, les portefeuilles, les r\u00e9frig\u00e9rateurs, les machines \u00e0 laver, les motos et les voitures. \u0631\u063a\u0648\u0629 \u0645\u0646\u0638\u0641\u0629 \u062c\u062f\u064a\u062f\u0629 \u0645\u062a\u0639\u062f\u062f\u0629 \u0627\u0644\u0627\u0633\u062a\u062e\u062f\u0627\u0645 \"\u0641\u0648\u0645 \u0643\u0644\u064a\u0646\u0631\" 650 \u0645\u0644: \u0644\u0644\u0639\u0646\u0627\u064a\u0629 \u0628\u0639\u062f\u0629 \u0623\u0633\u0637\u062d \u0645\u062e\u062a\u0644\u0641\u0629\u060c \u062a\u0633\u062a\u0639\u0645\u0644 \u0641\u064a \u0627\u0644\u0645\u0643\u0627\u062a\u0628\u060c \u0627\u0644\u0645\u0646\u0627\u0632\u0644\u060c \u0648\u0627\u0644\u0633\u064a\u0627\u0631\u0627\u062a \u0644\u062a\u0646\u0638\u064a\u0641 \u0648\u062a\u0637\u0647\u064a\u0631 \u0627\u0644\u062c\u0644\u0648\u062f\u060c \u0627\u0644\u0623\u062d\u0630\u064a\u0629\u060c \u0627\u0644\u0645\u062d\u0627\u0641\u0638\u060c \u0627\u0644\u062b\u0644\u0627\u062c\u0627\u062a\u060c \u0627\u0644\u063a\u0633\u0627\u0644\u0627\u062a\u060c \u0627\u0644\u062f\u0631\u0627\u062c\u0627\u062a \u0627\u0644\u0646\u0627\u0631\u064a\u0629\u060c \u0627\u0644\u0633\u064a\u0627\u0631\u0627\u062a .\u0648\u0647\u0630\u0627 \u0627\u0644\u0645\u0646\u062a\u062c \u064a\u0645\u0643\u0646\u0647 \u0627\u062e\u062a\u0631\u0627\u0642 \u0627\u0644\u0628\u0642\u0639 \u0628\u0633\u0631\u0639\u0629 \u0644\u0625\u0632\u0627\u0644\u0629 \u0627\u0644\u0623\u0648\u0633\u0627\u062e \u0648\u0627\u0644\u0634\u062d\u0648\u0645 \u0648\u0627\u0633\u062a\u0639\u0627\u062f\u0629 \u0627\u0644\u0645\u0638\u0647\u0631 \u0627\u0644\u062c\u062f\u064a\u062f","og_url":"https:\/\/sella-industrie.com\/ar\/product\/foam-cleaner-v6-multi-usage-650-ml\/","og_site_name":"Boutique &quot;V6&quot;","article_modified_time":"2026-04-08T09:28:34+00:00","og_image":[{"width":1000,"height":1000,"url":"https:\/\/sella-industrie.com\/wp-content\/uploads\/2024\/07\/V6-FOAM-CLEANER-WP.webp","type":"image\/webp"}],"twitter_card":"summary_large_image","twitter_misc":{"\u0627\u0644\u0633\u0639\u0631":"&#x62f;.&#x62c;&nbsp;850","\u0627\u0644\u062a\u0648\u0641\u0631":"\u0645\u062a\u0648\u0641\u0631 \u0641\u064a \u0627\u0644\u0645\u062e\u0632\u0648\u0646"},"schema":{"@context":"https:\/\/schema.org","@graph":[{"@type":"WebPage","@id":"https:\/\/sella-industrie.com\/produit\/foam-cleaner-v6-multi-usage-650-ml\/","url":"https:\/\/sella-industrie.com\/produit\/foam-cleaner-v6-multi-usage-650-ml\/","name":"Mousse Multi-Usage - Boutique &quot;V6&quot;","isPartOf":{"@id":"https:\/\/sella-industrie.com\/#website"},"primaryImageOfPage":{"@id":"https:\/\/sella-industrie.com\/produit\/foam-cleaner-v6-multi-usage-650-ml\/#primaryimage"},"image":{"@id":"https:\/\/sella-industrie.com\/produit\/foam-cleaner-v6-multi-usage-650-ml\/#primaryimage"},"thumbnailUrl":"https:\/\/sella-industrie.com\/wp-content\/uploads\/2024\/07\/V6-FOAM-CLEANER-WP.webp","datePublished":"2024-07-03T15:45:35+00:00","dateModified":"2026-04-08T09:28:34+00:00","breadcrumb":{"@id":"https:\/\/sella-industrie.com\/produit\/foam-cleaner-v6-multi-usage-650-ml\/#breadcrumb"},"inLanguage":"ar","potentialAction":[{"@type":"ReadAction","target":["https:\/\/sella-industrie.com\/produit\/foam-cleaner-v6-multi-usage-650-ml\/"]}]},{"@type":"ImageObject","inLanguage":"ar","@id":"https:\/\/sella-industrie.com\/produit\/foam-cleaner-v6-multi-usage-650-ml\/#primaryimage","url":"https:\/\/sella-industrie.com\/wp-content\/uploads\/2024\/07\/V6-FOAM-CLEANER-WP.webp","contentUrl":"https:\/\/sella-industrie.com\/wp-content\/uploads\/2024\/07\/V6-FOAM-CLEANER-WP.webp","width":1000,"height":1000,"caption":"FOAM CLEANER"},{"@type":"BreadcrumbList","@id":"https:\/\/sella-industrie.com\/produit\/foam-cleaner-v6-multi-usage-650-ml\/#breadcrumb","itemListElement":[{"@type":"ListItem","position":1,"name":"Accueil","item":"https:\/\/sella-industrie.com\/fr_fr\/"},{"@type":"ListItem","position":2,"name":"Shop","item":"https:\/\/sella-industrie.com\/fr_fr\/shop\/"},{"@type":"ListItem","position":3,"name":"Mousse Nettoyante V6 650 ml","item":"https:\/\/sella-industrie.com\/categorie-produit\/mousse-nettoyante-v6-650-ml\/"},{"@type":"ListItem","position":4,"name":"Mousse Multi-Usage"}]},{"@type":"WebSite","@id":"https:\/\/sella-industrie.com\/#website","url":"https:\/\/sella-industrie.com\/","name":"Boutique &quot;V6&quot;","description":"We care for your car","publisher":{"@id":"https:\/\/sella-industrie.com\/#organization"},"potentialAction":[{"@type":"SearchAction","target":{"@type":"EntryPoint","urlTemplate":"https:\/\/sella-industrie.com\/?s={search_term_string}"},"query-input":{"@type":"PropertyValueSpecification","valueRequired":true,"valueName":"search_term_string"}}],"inLanguage":"ar"},{"@type":"Organization","@id":"https:\/\/sella-industrie.com\/#organization","name":"Boutique &quot;V6&quot;","url":"https:\/\/sella-industrie.com\/","logo":{"@type":"ImageObject","inLanguage":"ar","@id":"https:\/\/sella-industrie.com\/#\/schema\/logo\/image\/","url":"","contentUrl":"","caption":"Boutique &quot;V6&quot;"},"image":{"@id":"https:\/\/sella-industrie.com\/#\/schema\/logo\/image\/"}}]},"product_price_amount":"850","product_price_currency":"DZD","og_availability":"instock","product_availability":"instock","product_condition":"new"},"_links":{"self":[{"href":"https:\/\/sella-industrie.com\/ar\/wp-json\/wp\/v2\/product\/29659","targetHints":{"allow":["GET"]}}],"collection":[{"href":"https:\/\/sella-industrie.com\/ar\/wp-json\/wp\/v2\/product"}],"about":[{"href":"https:\/\/sella-industrie.com\/ar\/wp-json\/wp\/v2\/types\/product"}],"replies":[{"embeddable":true,"href":"https:\/\/sella-industrie.com\/ar\/wp-json\/wp\/v2\/comments?post=29659"}],"wp:featuredmedia":[{"embeddable":true,"href":"https:\/\/sella-industrie.com\/ar\/wp-json\/wp\/v2\/media\/38163"}],"wp:attachment":[{"href":"https:\/\/sella-industrie.com\/ar\/wp-json\/wp\/v2\/media?parent=29659"}],"wp:term":[{"taxonomy":"product_brand","embeddable":true,"href":"https:\/\/sella-industrie.com\/ar\/wp-json\/wp\/v2\/product_brand?post=29659"},{"taxonomy":"product_cat","embeddable":true,"href":"https:\/\/sella-industrie.com\/ar\/wp-json\/wp\/v2\/product_cat?post=29659"},{"taxonomy":"product_tag","embeddable":true,"href":"https:\/\/sella-industrie.com\/ar\/wp-json\/wp\/v2\/product_tag?post=29659"}],"curies":[{"name":"wp","href":"https:\/\/api.w.org\/{rel}","templated":true}]}}